{"id":13430,"date":"2024-08-11T09:37:49","date_gmt":"2024-08-11T06:37:49","guid":{"rendered":"https:\/\/skaitytaknyga.lt\/?post_type=product&#038;p=13430"},"modified":"2026-03-05T13:30:36","modified_gmt":"2026-03-05T11:30:36","slug":"prisilietimas","status":"publish","type":"product","link":"https:\/\/skaitytaknyga.lt\/en\/produktas\/prisilietimas\/","title":{"rendered":"Prisilietimas"},"content":{"rendered":"<p><span class=\"SummaryValue\"><strong>I\u0161keliauju \u012f kra\u0161t\u0105, vadinam\u0105 Naujuoju Piet\u0173 Velsu, i\u0161tek\u0117ti u\u017e vyro, kurio nesu ma\u010diusi, galvojo ji&#8230;<\/strong><\/span><\/p>\n<p><span class=\"SummaryValue\">Ra\u0161ytoja Colleen McCullough (g. 1937 m. ) \u2013 viena \u017eymiausi\u0173 vis\u0173 laik\u0173 australi\u0173. Ji \u2013 viena i\u0161 100 asmen\u0173, kuriems suteiktas Australijos nacionalin\u0117s vertyb\u0117s titulas.<\/span><\/p>\n<p><span class=\"SummaryValue\">Milijoniniais tira\u017eais visame pasaulyje leid\u017eiam\u0173 \u201cEr\u0161k\u0117\u010di\u0173 pauk\u0161\u010di\u0173\u201d autor\u0117s knyga \u201ePrisilietimas\u201c nenusileid\u017eia garsiajam savo pirmtakui. \u0160is romanas mus v\u0117l sugr\u0105\u017eina \u012f at\u0161iauri\u0105, kar\u0161t\u0105 ir r\u016bs\u010di\u0105 XIX a. Australij\u0105, kur vie\u0161patauja savi \u012fstatymai, kur vyrai bando laim\u0119 ie\u0161kodami aukso, o moterys pakl\u016bsta likimui.<\/p>\n<p>Kaip Elizabet\u0117 Dramond \u2013 mergina i\u0161 ni\u016braus \u0160kotijos miestelio; j\u0105 nori vesti tolimas giminaitis Aleksandras Kinrosas, ta\u010diau \u0161is noras skamba grei\u010diau kaip \u012fsakymas. Australijoje n\u0117ra padorios vedyboms tinkamos merginos, ra\u0161oma Aleksandro lai\u0161ke. Kadangi i\u0161 vis\u0173 seser\u0173 Elizabet\u0117s am\u017eius tinkamiausias, ji ir i\u0161keliauja \u012f \u0161al\u012f, kurios nepa\u017e\u012fsta, tek\u0117ti u\u017e vyro, kurio niekuomet nemat\u0117.<br \/>\n<\/span><\/p>\n<p><span class=\"SummaryValue\">Nepa\u017eindama kra\u0161to papro\u010di\u0173, nenutuokdama, kas yra santuoka ir nepa\u017einodama savo vyro, Elizabet\u0117 neria \u012f nauj\u0105 gyvenim\u0105. Apipilta turtais, i\u0161mokslinta ir aprengta pagal sutuoktinio nor\u0105, ji ima suprasti, kad nuo \u0161iol ji gyvens visai kitaip. Kad jai bus lemta gyventi su vienu, o myl\u0117ti kit\u0105.<\/span><\/p>\n<p><span class=\"SummaryValue\">Kad vyro meilu\u017e\u0117 taps geriausia jos drauge. Kad laim\u0117 ateina per skausm\u0105 ir yra nuo jo neatsiejama. Meistri\u0161kai C. McCullough para\u0161ytas \u201ePrisilietimas\u201c \u2013 aistringas, \u0161velnus ir jaudinantis romanas apie moters likim\u0105. Apie tai, kad mylin\u010dios vyro rankos prisilietimas moter\u012f gali prikelti naujam gyvenimui \u2013 nesvarbu, kiek ilgai reik\u0117t\u0173 jo laukti&#8230;<\/span><\/p>\n<ul class=\"about-product d-none d-xl-block mt-4\">\n<li><strong>Autorius:<\/strong>\u00a0<a href=\"https:\/\/skaitytaknyga.lt\/?s=McCullough&#038;post_type=product&#038;dgwt_wcas=1\">Kolina Makalou<\/a><\/li>\n<li><strong>Leid\u0117jas:<\/strong>\u00a0Tyto alba<\/li>\n<li><strong>Metai:<\/strong>\u00a02010<\/li>\n<li><strong>Puslapiai:<\/strong>\u00a0604<\/li>\n<li><strong>ISBN:<\/strong>\u00a09789986167426<\/li>\n<li><strong>Versijos kodas:<\/strong>\u00a0PT.<\/li>\n<li><strong>Formatas:<\/strong>\u00a015 x 23 cm, kieti vir\u0161eliai<\/li>\n<li><strong>Kalba:<\/strong>\u00a0Lietuvi\u0173<\/li>\n<li><strong>Vert\u0117jas:<\/strong>\u00a0Kristina Mili\u016bnien\u0117<\/li>\n<\/ul>\n","protected":false},"excerpt":{"rendered":"<p>I\u0161keliauju \u012f kra\u0161t\u0105, vadinam\u0105 Naujuoju Piet\u0173 Velsu, i\u0161tek\u0117ti u\u017e vyro, kurio nesu ma\u010diusi, galvojo ji&#8230; Ra\u0161ytoja Colleen McCullough (g. 1937 m. ) \u2013 viena \u017eymiausi\u0173 vis\u0173 laik\u0173 australi\u0173. Ji \u2013 viena i\u0161 100 asmen\u0173, kuriems suteiktas Australijos nacionalin\u0117s vertyb\u0117s titulas. Milijoniniais tira\u017eais visame pasaulyje leid\u017eiam\u0173 \u201cEr\u0161k\u0117\u010di\u0173 pauk\u0161\u010di\u0173\u201d autor\u0117s knyga \u201ePrisilietimas\u201c nenusileid\u017eia garsiajam savo pirmtakui. \u0160is romanas mus v\u0117l sugr\u0105\u017eina \u012f at\u0161iauri\u0105, kar\u0161t\u0105 ir r\u016bs\u010di\u0105 XIX a. Australij\u0105, kur vie\u0161patauja savi \u012fstatymai, kur vyrai bando laim\u0119 ie\u0161kodami aukso, o moterys pakl\u016bsta likimui. Kaip Elizabet\u0117 Dramond \u2013 mergina i\u0161 ni\u016braus \u0160kotijos miestelio; j\u0105 nori vesti tolimas giminaitis Aleksandras Kinrosas, ta\u010diau \u0161is noras skamba grei\u010diau kaip \u012fsakymas. Australijoje n\u0117ra padorios vedyboms tinkamos merginos, ra\u0161oma Aleksandro lai\u0161ke. Kadangi i\u0161 vis\u0173 seser\u0173 Elizabet\u0117s am\u017eius tinkamiausias, ji ir i\u0161keliauja \u012f \u0161al\u012f, kurios nepa\u017e\u012fsta, tek\u0117ti u\u017e vyro, kurio niekuomet nemat\u0117. Nepa\u017eindama kra\u0161to papro\u010di\u0173, nenutuokdama, kas yra santuoka ir nepa\u017einodama savo vyro, Elizabet\u0117 neria \u012f nauj\u0105 gyvenim\u0105. Apipilta turtais, i\u0161mokslinta ir aprengta pagal sutuoktinio nor\u0105, ji ima suprasti, kad nuo \u0161iol ji gyvens visai kitaip. Kad jai bus lemta gyventi su vienu, o myl\u0117ti kit\u0105. Kad vyro meilu\u017e\u0117 taps geriausia jos drauge. Kad laim\u0117 ateina per skausm\u0105 ir yra nuo jo neatsiejama. Meistri\u0161kai C. McCullough para\u0161ytas \u201ePrisilietimas\u201c \u2013 aistringas, \u0161velnus ir jaudinantis romanas apie moters likim\u0105. Apie tai, kad mylin\u010dios vyro rankos prisilietimas moter\u012f gali prikelti naujam gyvenimui \u2013 nesvarbu, kiek ilgai reik\u0117t\u0173 jo laukti&#8230; Autorius:\u00a0Kolina Makalou Leid\u0117jas:\u00a0Tyto alba Metai:\u00a02010 Puslapiai:\u00a0604 ISBN:\u00a09789986167426 Versijos kodas:\u00a0PT. Formatas:\u00a015 x 23 cm, kieti vir\u0161eliai Kalba:\u00a0Lietuvi\u0173 Vert\u0117jas:\u00a0Kristina Mili\u016bnien\u0117<\/p>\n","protected":false},"featured_media":13431,"comment_status":"closed","ping_status":"closed","template":"","meta":{"_acf_changed":false,"site-sidebar-layout":"default","site-content-layout":"","ast-site-content-layout":"default","site-content-style":"default","site-sidebar-style":"default","ast-global-header-display":"","ast-banner-title-visibility":"","ast-main-header-display":"","ast-hfb-above-header-display":"","ast-hfb-below-header-display":"","ast-hfb-mobile-header-display":"","site-post-title":"","ast-breadcrumbs-content":"","ast-featured-img":"","footer-sml-layout":"","ast-disable-related-posts":"","theme-transparent-header-meta":"default","adv-header-id-meta":"","stick-header-meta":"","header-above-stick-meta":"","header-main-stick-meta":"","header-below-stick-meta":"","astra-migrate-meta-layouts":"set","ast-page-background-enabled":"default","ast-page-background-meta":{"desktop":{"background-color":"","background-image":"","background-repeat":"repeat","background-position":"center center","background-size":"auto","background-attachment":"scroll","background-type":"","background-media":"","overlay-type":"","overlay-color":"","overlay-opacity":"","overlay-gradient":""},"tablet":{"background-color":"","background-image":"","background-repeat":"repeat","background-position":"center center","background-size":"auto","background-attachment":"scroll","background-type":"","background-media":"","overlay-type":"","overlay-color":"","overlay-opacity":"","overlay-gradient":""},"mobile":{"background-color":"","background-image":"","background-repeat":"repeat","background-position":"center center","background-size":"auto","background-attachment":"scroll","background-type":"","background-media":"","overlay-type":"","overlay-color":"","overlay-opacity":"","overlay-gradient":""}},"ast-content-background-meta":{"desktop":{"background-color":"var(--ast-global-color-4)","background-image":"","background-repeat":"repeat","background-position":"center center","background-size":"auto","background-attachment":"scroll","background-type":"","background-media":"","overlay-type":"","overlay-color":"","overlay-opacity":"","overlay-gradient":""},"tablet":{"background-color":"var(--ast-global-color-4)","background-image":"","background-repeat":"repeat","background-position":"center center","background-size":"auto","background-attachment":"scroll","background-type":"","background-media":"","overlay-type":"","overlay-color":"","overlay-opacity":"","overlay-gradient":""},"mobile":{"background-color":"var(--ast-global-color-4)","background-image":"","background-repeat":"repeat","background-position":"center center","background-size":"auto","background-attachment":"scroll","background-type":"","background-media":"","overlay-type":"","overlay-color":"","overlay-opacity":"","overlay-gradient":""}}},"product_brand":[],"product_cat":[9618],"product_tag":[],"class_list":{"0":"post-13430","1":"product","2":"type-product","3":"status-publish","4":"has-post-thumbnail","6":"product_cat-istoriniai-romanai","7":"desktop-align-left","8":"tablet-align-left","9":"mobile-align-left","11":"first","12":"instock","13":"shipping-taxable","14":"purchasable","15":"product-type-simple"},"acf":[],"yoast_head":"<!-- This site is optimized with the Yoast SEO plugin v27.0 - https:\/\/yoast.com\/product\/yoast-seo-wordpress\/ -->\n<title>Prisilietimas<\/title>\n<meta name=\"description\" content=\"Tai vienas garsiausi\u0173 ir populiariausi\u0173 vis\u0173 laik\u0173 roman\u0173, tikras epas, kuriame \u2013 beveik visa XX a. Australijos istorija, gyvenimo sankloda ir \u017emoni\u0173 santykiai.\" \/>\n<meta name=\"robots\" content=\"index, follow, max-snippet:-1, max-image-preview:large, max-video-preview:-1\" \/>\n<link rel=\"canonical\" href=\"https:\/\/skaitytaknyga.lt\/en\/produktas\/prisilietimas\/\" \/>\n<meta property=\"og:locale\" content=\"en_GB\" \/>\n<meta property=\"og:locale:alternate\" content=\"lt_LT\" \/>\n<meta property=\"og:type\" content=\"article\" \/>\n<meta property=\"og:title\" content=\"Prisilietimas\" \/>\n<meta property=\"og:description\" content=\"Tai vienas garsiausi\u0173 ir populiariausi\u0173 vis\u0173 laik\u0173 roman\u0173, tikras epas, kuriame \u2013 beveik visa XX a. Australijos istorija, gyvenimo sankloda ir \u017emoni\u0173 santykiai.\" \/>\n<meta property=\"og:url\" content=\"https:\/\/skaitytaknyga.lt\/en\/produktas\/prisilietimas\/\" \/>\n<meta property=\"og:site_name\" content=\"Skaitytaknyga\" \/>\n<meta property=\"article:publisher\" content=\"https:\/\/www.facebook.com\/skaitytaknyga\/\" \/>\n<meta property=\"article:modified_time\" content=\"2026-03-05T11:30:36+00:00\" \/>\n<meta property=\"og:image\" content=\"https:\/\/skaitytaknyga.lt\/wp-content\/uploads\/2024\/08\/1462873122_prisilietimas.webp\" \/>\n\t<meta property=\"og:image:width\" content=\"370\" \/>\n\t<meta property=\"og:image:height\" content=\"550\" \/>\n\t<meta property=\"og:image:type\" content=\"image\/webp\" \/>\n<meta name=\"twitter:card\" content=\"summary_large_image\" \/>\n<meta name=\"twitter:label1\" content=\"Estimated reading time\" \/>\n\t<meta name=\"twitter:data1\" content=\"2 minutes\" \/>\n<script type=\"application\/ld+json\" class=\"yoast-schema-graph\">{\"@context\":\"https:\/\/schema.org\",\"@graph\":[{\"@type\":\"WebPage\",\"@id\":\"https:\/\/skaitytaknyga.lt\/produktas\/prisilietimas\/\",\"url\":\"https:\/\/skaitytaknyga.lt\/produktas\/prisilietimas\/\",\"name\":\"Prisilietimas\",\"isPartOf\":{\"@id\":\"https:\/\/skaitytaknyga.lt\/#website\"},\"primaryImageOfPage\":{\"@id\":\"https:\/\/skaitytaknyga.lt\/produktas\/prisilietimas\/#primaryimage\"},\"image\":{\"@id\":\"https:\/\/skaitytaknyga.lt\/produktas\/prisilietimas\/#primaryimage\"},\"thumbnailUrl\":\"https:\/\/skaitytaknyga.lt\/wp-content\/uploads\/2024\/08\/1462873122_prisilietimas.webp\",\"datePublished\":\"2024-08-11T06:37:49+00:00\",\"dateModified\":\"2026-03-05T11:30:36+00:00\",\"description\":\"Tai vienas garsiausi\u0173 ir populiariausi\u0173 vis\u0173 laik\u0173 roman\u0173, tikras epas, kuriame \u2013 beveik visa XX a. Australijos istorija, gyvenimo sankloda ir \u017emoni\u0173 santykiai.\",\"breadcrumb\":{\"@id\":\"https:\/\/skaitytaknyga.lt\/produktas\/prisilietimas\/#breadcrumb\"},\"inLanguage\":\"en-GB\",\"potentialAction\":[{\"@type\":\"ReadAction\",\"target\":[\"https:\/\/skaitytaknyga.lt\/produktas\/prisilietimas\/\"]}]},{\"@type\":\"ImageObject\",\"inLanguage\":\"en-GB\",\"@id\":\"https:\/\/skaitytaknyga.lt\/produktas\/prisilietimas\/#primaryimage\",\"url\":\"https:\/\/skaitytaknyga.lt\/wp-content\/uploads\/2024\/08\/1462873122_prisilietimas.webp\",\"contentUrl\":\"https:\/\/skaitytaknyga.lt\/wp-content\/uploads\/2024\/08\/1462873122_prisilietimas.webp\",\"width\":370,\"height\":550,\"caption\":\"Prisilietimas\"},{\"@type\":\"BreadcrumbList\",\"@id\":\"https:\/\/skaitytaknyga.lt\/produktas\/prisilietimas\/#breadcrumb\",\"itemListElement\":[{\"@type\":\"ListItem\",\"position\":1,\"name\":\"Home\",\"item\":\"https:\/\/skaitytaknyga.lt\/\"},{\"@type\":\"ListItem\",\"position\":2,\"name\":\"Parduotuv\u0117\",\"item\":\"https:\/\/skaitytaknyga.lt\/knygu-parduotuve\/\"},{\"@type\":\"ListItem\",\"position\":3,\"name\":\"Prisilietimas\"}]},{\"@type\":\"WebSite\",\"@id\":\"https:\/\/skaitytaknyga.lt\/#website\",\"url\":\"https:\/\/skaitytaknyga.lt\/\",\"name\":\"skaitytaknyga.lt\",\"description\":\"Skaitytaknyga.lt \u2013 tai ma\u017eas \u0161eimos verslas, kuris prasid\u0117jo nuo meil\u0117s knygoms ir siekio i\u0161gelb\u0117ti knygas nuo likimo prie konteinerio. Kas vienam nereikalingas daiktas \u2013 kitam lobis, o mes esame tarpininkai, kurie padeda abiems tapti laimingesniems ???? \u017dinome kaip nelengva i\u0161gyventi ma\u017eiems verslams, tad nuo \u0161iol, \u010dia rasite ir kit\u0173, ma\u017e\u0173 \u0161eim\u0173 versl\u0173, rank\u0173 darbo, dovan\u0173 sau ir artimiesiems.\",\"publisher\":{\"@id\":\"https:\/\/skaitytaknyga.lt\/#organization\"},\"potentialAction\":[{\"@type\":\"SearchAction\",\"target\":{\"@type\":\"EntryPoint\",\"urlTemplate\":\"https:\/\/skaitytaknyga.lt\/?s={search_term_string}\"},\"query-input\":{\"@type\":\"PropertyValueSpecification\",\"valueRequired\":true,\"valueName\":\"search_term_string\"}}],\"inLanguage\":\"en-GB\"},{\"@type\":\"Organization\",\"@id\":\"https:\/\/skaitytaknyga.lt\/#organization\",\"name\":\"skaitytaknyga.lt\",\"url\":\"https:\/\/skaitytaknyga.lt\/\",\"logo\":{\"@type\":\"ImageObject\",\"inLanguage\":\"en-GB\",\"@id\":\"https:\/\/skaitytaknyga.lt\/#\/schema\/logo\/image\/\",\"url\":\"https:\/\/skaitytaknyga.lt\/wp-content\/uploads\/2024\/05\/cropped-cropped-cropped-02_00843_jt3bggkj1j3HLc7SyY6rEUpg.jpeg\",\"contentUrl\":\"https:\/\/skaitytaknyga.lt\/wp-content\/uploads\/2024\/05\/cropped-cropped-cropped-02_00843_jt3bggkj1j3HLc7SyY6rEUpg.jpeg\",\"width\":1600,\"height\":1600,\"caption\":\"skaitytaknyga.lt\"},\"image\":{\"@id\":\"https:\/\/skaitytaknyga.lt\/#\/schema\/logo\/image\/\"},\"sameAs\":[\"https:\/\/www.facebook.com\/skaitytaknyga\/\"]}]}<\/script>\n<!-- \/ Yoast SEO plugin. -->","yoast_head_json":{"title":"Prisilietimas","description":"Tai vienas garsiausi\u0173 ir populiariausi\u0173 vis\u0173 laik\u0173 roman\u0173, tikras epas, kuriame \u2013 beveik visa XX a. Australijos istorija, gyvenimo sankloda ir \u017emoni\u0173 santykiai.","robots":{"index":"index","follow":"follow","max-snippet":"max-snippet:-1","max-image-preview":"max-image-preview:large","max-video-preview":"max-video-preview:-1"},"canonical":"https:\/\/skaitytaknyga.lt\/en\/produktas\/prisilietimas\/","og_locale":"en_GB","og_type":"article","og_title":"[:lt]Prisilietimas[:] - Skaitytaknyga","og_description":"Tai vienas garsiausi\u0173 ir populiariausi\u0173 vis\u0173 laik\u0173 roman\u0173, tikras epas, kuriame \u2013 beveik visa XX a. Australijos istorija, gyvenimo sankloda ir \u017emoni\u0173 santykiai.","og_url":"https:\/\/skaitytaknyga.lt\/en\/produktas\/prisilietimas\/","og_site_name":"Skaitytaknyga","article_publisher":"https:\/\/www.facebook.com\/skaitytaknyga\/","article_modified_time":"2026-03-05T11:30:36+00:00","og_image":[{"width":370,"height":550,"url":"https:\/\/skaitytaknyga.lt\/wp-content\/uploads\/2024\/08\/1462873122_prisilietimas.webp","type":"image\/webp"}],"twitter_card":"summary_large_image","twitter_misc":{"Estimated reading time":"2 minutes"},"schema":{"@context":"https:\/\/schema.org","@graph":[{"@type":"WebPage","@id":"https:\/\/skaitytaknyga.lt\/produktas\/prisilietimas\/","url":"https:\/\/skaitytaknyga.lt\/produktas\/prisilietimas\/","name":"Prisilietimas","isPartOf":{"@id":"https:\/\/skaitytaknyga.lt\/#website"},"primaryImageOfPage":{"@id":"https:\/\/skaitytaknyga.lt\/produktas\/prisilietimas\/#primaryimage"},"image":{"@id":"https:\/\/skaitytaknyga.lt\/produktas\/prisilietimas\/#primaryimage"},"thumbnailUrl":"https:\/\/skaitytaknyga.lt\/wp-content\/uploads\/2024\/08\/1462873122_prisilietimas.webp","datePublished":"2024-08-11T06:37:49+00:00","dateModified":"2026-03-05T11:30:36+00:00","description":"Tai vienas garsiausi\u0173 ir populiariausi\u0173 vis\u0173 laik\u0173 roman\u0173, tikras epas, kuriame \u2013 beveik visa XX a. Australijos istorija, gyvenimo sankloda ir \u017emoni\u0173 santykiai.","breadcrumb":{"@id":"https:\/\/skaitytaknyga.lt\/produktas\/prisilietimas\/#breadcrumb"},"inLanguage":"en-GB","potentialAction":[{"@type":"ReadAction","target":["https:\/\/skaitytaknyga.lt\/produktas\/prisilietimas\/"]}]},{"@type":"ImageObject","inLanguage":"en-GB","@id":"https:\/\/skaitytaknyga.lt\/produktas\/prisilietimas\/#primaryimage","url":"https:\/\/skaitytaknyga.lt\/wp-content\/uploads\/2024\/08\/1462873122_prisilietimas.webp","contentUrl":"https:\/\/skaitytaknyga.lt\/wp-content\/uploads\/2024\/08\/1462873122_prisilietimas.webp","width":370,"height":550,"caption":"Prisilietimas"},{"@type":"BreadcrumbList","@id":"https:\/\/skaitytaknyga.lt\/produktas\/prisilietimas\/#breadcrumb","itemListElement":[{"@type":"ListItem","position":1,"name":"Home","item":"https:\/\/skaitytaknyga.lt\/"},{"@type":"ListItem","position":2,"name":"Parduotuv\u0117","item":"https:\/\/skaitytaknyga.lt\/knygu-parduotuve\/"},{"@type":"ListItem","position":3,"name":"Prisilietimas"}]},{"@type":"WebSite","@id":"https:\/\/skaitytaknyga.lt\/#website","url":"https:\/\/skaitytaknyga.lt\/","name":"skaitytaknyga.lt","description":"Skaitytaknyga.lt \u2013 tai ma\u017eas \u0161eimos verslas, kuris prasid\u0117jo nuo meil\u0117s knygoms ir siekio i\u0161gelb\u0117ti knygas nuo likimo prie konteinerio. Kas vienam nereikalingas daiktas \u2013 kitam lobis, o mes esame tarpininkai, kurie padeda abiems tapti laimingesniems ???? \u017dinome kaip nelengva i\u0161gyventi ma\u017eiems verslams, tad nuo \u0161iol, \u010dia rasite ir kit\u0173, ma\u017e\u0173 \u0161eim\u0173 versl\u0173, rank\u0173 darbo, dovan\u0173 sau ir artimiesiems.","publisher":{"@id":"https:\/\/skaitytaknyga.lt\/#organization"},"potentialAction":[{"@type":"SearchAction","target":{"@type":"EntryPoint","urlTemplate":"https:\/\/skaitytaknyga.lt\/?s={search_term_string}"},"query-input":{"@type":"PropertyValueSpecification","valueRequired":true,"valueName":"search_term_string"}}],"inLanguage":"en-GB"},{"@type":"Organization","@id":"https:\/\/skaitytaknyga.lt\/#organization","name":"skaitytaknyga.lt","url":"https:\/\/skaitytaknyga.lt\/","logo":{"@type":"ImageObject","inLanguage":"en-GB","@id":"https:\/\/skaitytaknyga.lt\/#\/schema\/logo\/image\/","url":"https:\/\/skaitytaknyga.lt\/wp-content\/uploads\/2024\/05\/cropped-cropped-cropped-02_00843_jt3bggkj1j3HLc7SyY6rEUpg.jpeg","contentUrl":"https:\/\/skaitytaknyga.lt\/wp-content\/uploads\/2024\/05\/cropped-cropped-cropped-02_00843_jt3bggkj1j3HLc7SyY6rEUpg.jpeg","width":1600,"height":1600,"caption":"skaitytaknyga.lt"},"image":{"@id":"https:\/\/skaitytaknyga.lt\/#\/schema\/logo\/image\/"},"sameAs":["https:\/\/www.facebook.com\/skaitytaknyga\/"]}]}},"_links":{"self":[{"href":"https:\/\/skaitytaknyga.lt\/en\/wp-json\/wp\/v2\/product\/13430","targetHints":{"allow":["GET"]}}],"collection":[{"href":"https:\/\/skaitytaknyga.lt\/en\/wp-json\/wp\/v2\/product"}],"about":[{"href":"https:\/\/skaitytaknyga.lt\/en\/wp-json\/wp\/v2\/types\/product"}],"replies":[{"embeddable":true,"href":"https:\/\/skaitytaknyga.lt\/en\/wp-json\/wp\/v2\/comments?post=13430"}],"wp:featuredmedia":[{"embeddable":true,"href":"https:\/\/skaitytaknyga.lt\/en\/wp-json\/wp\/v2\/media\/13431"}],"wp:attachment":[{"href":"https:\/\/skaitytaknyga.lt\/en\/wp-json\/wp\/v2\/media?parent=13430"}],"wp:term":[{"taxonomy":"product_brand","embeddable":true,"href":"https:\/\/skaitytaknyga.lt\/en\/wp-json\/wp\/v2\/product_brand?post=13430"},{"taxonomy":"product_cat","embeddable":true,"href":"https:\/\/skaitytaknyga.lt\/en\/wp-json\/wp\/v2\/product_cat?post=13430"},{"taxonomy":"product_tag","embeddable":true,"href":"https:\/\/skaitytaknyga.lt\/en\/wp-json\/wp\/v2\/product_tag?post=13430"}],"curies":[{"name":"wp","href":"https:\/\/api.w.org\/{rel}","templated":true}]}}