{"id":13424,"date":"2024-08-11T09:30:37","date_gmt":"2024-08-11T06:30:37","guid":{"rendered":"https:\/\/skaitytaknyga.lt\/?post_type=product&#038;p=13424"},"modified":"2024-08-11T09:32:44","modified_gmt":"2024-08-11T06:32:44","slug":"eroto-glebyje","status":"publish","type":"product","link":"https:\/\/skaitytaknyga.lt\/en\/produktas\/eroto-glebyje\/","title":{"rendered":"Arkadijus Vinokuras \u201eEroto gl\u0117byje\u201c"},"content":{"rendered":"<div>Knyga \u201eEroto gl\u0117byje\u201c yra literat\u016brini\u0173 miniati\u016br\u0173 rinkinys. Atskiri j\u0173 tekstai buvo publikuoti stambiausiuose interneto portaluose ir garsiausiame mad\u0173 \u017eurnale IEVA bei jai priklausan\u010diame interneto portale ieva.lt.<\/div>\n<div><\/div>\n<div>Kiekvienas knygoje gvildenamas \u012fvykis remiasi ir atspindi Lietuvos vyro ir moters santyki\u0173 tikrov\u0119 per erotikos prizm\u0119 \u2013 tikrov\u0119, kamuojam\u0105 konflikt\u0173 tarp seno ir naujo, tradicij\u0173 ir \u012fpro\u010di\u0173, laisv\u0117s ilgesio ir tabu.<\/div>\n<div><\/div>\n<div>Man\u0119s nedomina tiesiog santykiai. Kur kas \u012fdomiau\u00a0\u2013 konkretus dviej\u0173 \u017emoni\u0173, panorusi\u0173 ir prisiekusi\u0173 i\u0161tikimai gyventi dviese, bendravimas ir jo pasekm\u0117s. Nieko n\u0117ra lengviau, nei slysti: kair\u0117n ar de\u0161in\u0117n. Ta\u010diau tam, kad ir po daugelio bendro gyvenimo met\u0173 \u012f\u017ei\u016br\u0117tume vienas kitame t\u0105 kibirk\u0161t\u012f, kuri\u00a0\u2013 m\u016bs\u0173 pa\u010di\u0173 nuostabai\u00a0\u2013 suteikt\u0173 mums j\u0117g\u0173 kitomis akimis pamatyti ir i\u0161 naujo aistringai \u012fsimyl\u0117ti savo antr\u0105 pus\u0119\u00a0\u2013 reikia meil\u0117s ir dr\u0105sos!<\/div>\n<div><\/div>\n<div>\u201eErotika nepaken\u010dia monotonijos. Erotikai svetimi \u012fpro\u010diai. Erotika nepa\u017e\u012fsta savicenz\u016bros. Erotika nepakelia laisv\u0117s baim\u0117s. Erotika nepripa\u017e\u012fsta vienpusio pasitenkinimo ir nuasmeninimo kasdienyb\u0117je. Erotika netoleruoja egoizmo. Erotika nepripa\u017e\u012fsta vakarojimo \u017evaki\u0173 prieblandoje kaip standarto. Ten, kur \u012fsigalioja standartai, erotika mir\u0161ta l\u0117ta mirtimi. Ir ten, kur n\u0117ra abipus\u0117s meil\u0117s ir dr\u0105sos, pilnavertei erotikai nelieka vietos \u2013 j\u0105 pakei\u010dia plikas seksas. O plikam seksui vieno \u017emogaus nepakanka. Logi\u0161kas toki\u0173 santyki\u0173 t\u0119sinys\u00a0\u2013 orgija\u201c.<\/div>\n<div><\/div>\n<div>K\u0105 tik perskait\u0117te i\u0161trauk\u0105 i\u0161 miniati\u016bros \u201eSiun\u010diu SMS\u201c. Dr\u0105saus skaitymo!<\/div>\n<div><\/div>\n<div><em>Ten, kur n\u0117ra meil\u0117s ir dr\u0105sos,<br \/>\nerotikos mirtis beld\u017eiasi \u012f miegamojo duris.<\/em><\/div>\n<div><\/div>\n<div><em>Arkadijus Vinokuras<\/em><\/div>\n<div><\/div>\n<div>\n<ul class=\"about-product d-none d-xl-block mt-4\">\n<li><strong>Autorius:<\/strong>\u00a0Arkadijus Vinokuras<\/li>\n<li><strong>Leid\u0117jas:<\/strong>\u00a0Arkadijus Vinokuras<\/li>\n<li><strong>Metai:<\/strong>\u00a02008<\/li>\n<li><strong>Puslapiai:<\/strong>\u00a0200<\/li>\n<li><strong>ISBN:<\/strong>\u00a09789955800057<\/li>\n<li><strong>Formatas:<\/strong>\u00a015 x 22 cm<\/li>\n<li><strong>Kalba:<\/strong>\u00a0Lietuvi\u0173<\/li>\n<\/ul>\n<\/div>\n","protected":false},"excerpt":{"rendered":"<p>Knyga \u201eEroto gl\u0117byje\u201c yra literat\u016brini\u0173 miniati\u016br\u0173 rinkinys. Atskiri j\u0173 tekstai buvo publikuoti stambiausiuose interneto portaluose ir garsiausiame mad\u0173 \u017eurnale IEVA bei jai priklausan\u010diame interneto portale ieva.lt. Kiekvienas knygoje gvildenamas \u012fvykis remiasi ir atspindi Lietuvos vyro ir moters santyki\u0173 tikrov\u0119 per erotikos prizm\u0119 \u2013 tikrov\u0119, kamuojam\u0105 konflikt\u0173 tarp seno ir naujo, tradicij\u0173 ir \u012fpro\u010di\u0173, laisv\u0117s ilgesio ir tabu. Man\u0119s nedomina tiesiog santykiai. Kur kas \u012fdomiau\u00a0\u2013 konkretus dviej\u0173 \u017emoni\u0173, panorusi\u0173 ir prisiekusi\u0173 i\u0161tikimai gyventi dviese, bendravimas ir jo pasekm\u0117s. Nieko n\u0117ra lengviau, nei slysti: kair\u0117n ar de\u0161in\u0117n. Ta\u010diau tam, kad ir po daugelio bendro gyvenimo met\u0173 \u012f\u017ei\u016br\u0117tume vienas kitame t\u0105 kibirk\u0161t\u012f, kuri\u00a0\u2013 m\u016bs\u0173 pa\u010di\u0173 nuostabai\u00a0\u2013 suteikt\u0173 mums j\u0117g\u0173 kitomis akimis pamatyti ir i\u0161 naujo aistringai \u012fsimyl\u0117ti savo antr\u0105 pus\u0119\u00a0\u2013 reikia meil\u0117s ir dr\u0105sos! \u201eErotika nepaken\u010dia monotonijos. Erotikai svetimi \u012fpro\u010diai. Erotika nepa\u017e\u012fsta savicenz\u016bros. Erotika nepakelia laisv\u0117s baim\u0117s. Erotika nepripa\u017e\u012fsta vienpusio pasitenkinimo ir nuasmeninimo kasdienyb\u0117je. Erotika netoleruoja egoizmo. Erotika nepripa\u017e\u012fsta vakarojimo \u017evaki\u0173 prieblandoje kaip standarto. Ten, kur \u012fsigalioja standartai, erotika mir\u0161ta l\u0117ta mirtimi. Ir ten, kur n\u0117ra abipus\u0117s meil\u0117s ir dr\u0105sos, pilnavertei erotikai nelieka vietos \u2013 j\u0105 pakei\u010dia plikas seksas. O plikam seksui vieno \u017emogaus nepakanka. Logi\u0161kas toki\u0173 santyki\u0173 t\u0119sinys\u00a0\u2013 orgija\u201c. K\u0105 tik perskait\u0117te i\u0161trauk\u0105 i\u0161 miniati\u016bros \u201eSiun\u010diu SMS\u201c. Dr\u0105saus skaitymo! Ten, kur n\u0117ra meil\u0117s ir dr\u0105sos, erotikos mirtis beld\u017eiasi \u012f miegamojo duris. Arkadijus Vinokuras Autorius:\u00a0Arkadijus Vinokuras Leid\u0117jas:\u00a0Arkadijus Vinokuras Metai:\u00a02008 Puslapiai:\u00a0200 ISBN:\u00a09789955800057 Formatas:\u00a015 x 22 cm Kalba:\u00a0Lietuvi\u0173<\/p>\n","protected":false},"featured_media":13425,"comment_status":"closed","ping_status":"closed","template":"","meta":{"_acf_changed":false,"site-sidebar-layout":"default","site-content-layout":"","ast-site-content-layout":"default","site-content-style":"default","site-sidebar-style":"default","ast-global-header-display":"","ast-banner-title-visibility":"","ast-main-header-display":"","ast-hfb-above-header-display":"","ast-hfb-below-header-display":"","ast-hfb-mobile-header-display":"","site-post-title":"","ast-breadcrumbs-content":"","ast-featured-img":"","footer-sml-layout":"","ast-disable-related-posts":"","theme-transparent-header-meta":"default","adv-header-id-meta":"","stick-header-meta":"","header-above-stick-meta":"","header-main-stick-meta":"","header-below-stick-meta":"","astra-migrate-meta-layouts":"set","ast-page-background-enabled":"default","ast-page-background-meta":{"desktop":{"background-color":"","background-image":"","background-repeat":"repeat","background-position":"center center","background-size":"auto","background-attachment":"scroll","background-type":"","background-media":"","overlay-type":"","overlay-color":"","overlay-opacity":"","overlay-gradient":""},"tablet":{"background-color":"","background-image":"","background-repeat":"repeat","background-position":"center center","background-size":"auto","background-attachment":"scroll","background-type":"","background-media":"","overlay-type":"","overlay-color":"","overlay-opacity":"","overlay-gradient":""},"mobile":{"background-color":"","background-image":"","background-repeat":"repeat","background-position":"center center","background-size":"auto","background-attachment":"scroll","background-type":"","background-media":"","overlay-type":"","overlay-color":"","overlay-opacity":"","overlay-gradient":""}},"ast-content-background-meta":{"desktop":{"background-color":"var(--ast-global-color-4)","background-image":"","background-repeat":"repeat","background-position":"center center","background-size":"auto","background-attachment":"scroll","background-type":"","background-media":"","overlay-type":"","overlay-color":"","overlay-opacity":"","overlay-gradient":""},"tablet":{"background-color":"var(--ast-global-color-4)","background-image":"","background-repeat":"repeat","background-position":"center center","background-size":"auto","background-attachment":"scroll","background-type":"","background-media":"","overlay-type":"","overlay-color":"","overlay-opacity":"","overlay-gradient":""},"mobile":{"background-color":"var(--ast-global-color-4)","background-image":"","background-repeat":"repeat","background-position":"center center","background-size":"auto","background-attachment":"scroll","background-type":"","background-media":"","overlay-type":"","overlay-color":"","overlay-opacity":"","overlay-gradient":""}}},"product_brand":[],"product_cat":[31],"product_tag":[],"class_list":{"0":"post-13424","1":"product","2":"type-product","3":"status-publish","4":"has-post-thumbnail","6":"product_cat-grozine-literatura","7":"pa_leidimo-metai-647","8":"desktop-align-left","9":"tablet-align-left","10":"mobile-align-left","12":"first","13":"instock","14":"shipping-taxable","15":"purchasable","16":"product-type-simple"},"acf":[],"yoast_head":"<!-- This site is optimized with the Yoast SEO plugin v27.0 - https:\/\/yoast.com\/product\/yoast-seo-wordpress\/ -->\n<title>Arkadijus Vinokuras \u201eEroto gl\u0117byje\u201c<\/title>\n<meta name=\"description\" content=\"Justino \u017dilinsko romane \u201eKGB vaikai\u201c veiksmas vyksta Lietuvoje 1996-aisiais. Tai pasakojimas apie persekiojamus jaunuolius Ras\u0105 ir Vili\u0173, besiai\u0161kinan\u010dius KGB paslaptis,\" \/>\n<meta name=\"robots\" content=\"index, follow, max-snippet:-1, max-image-preview:large, max-video-preview:-1\" \/>\n<link rel=\"canonical\" href=\"https:\/\/skaitytaknyga.lt\/en\/produktas\/eroto-glebyje\/\" \/>\n<meta property=\"og:locale\" content=\"en_GB\" \/>\n<meta property=\"og:locale:alternate\" content=\"lt_LT\" \/>\n<meta property=\"og:type\" content=\"article\" \/>\n<meta property=\"og:title\" content=\"Arkadijus Vinokuras \u201eEroto gl\u0117byje\u201c\" \/>\n<meta property=\"og:description\" content=\"Justino \u017dilinsko romane \u201eKGB vaikai\u201c veiksmas vyksta Lietuvoje 1996-aisiais. Tai pasakojimas apie persekiojamus jaunuolius Ras\u0105 ir Vili\u0173, besiai\u0161kinan\u010dius KGB paslaptis,\" \/>\n<meta property=\"og:url\" content=\"https:\/\/skaitytaknyga.lt\/en\/produktas\/eroto-glebyje\/\" \/>\n<meta property=\"og:site_name\" content=\"Skaitytaknyga\" \/>\n<meta property=\"article:publisher\" content=\"https:\/\/www.facebook.com\/skaitytaknyga\/\" \/>\n<meta property=\"article:modified_time\" content=\"2024-08-11T06:32:44+00:00\" \/>\n<meta property=\"og:image\" content=\"https:\/\/skaitytaknyga.lt\/wp-content\/uploads\/2024\/08\/scan-20230203-3-.webp\" \/>\n\t<meta property=\"og:image:width\" content=\"527\" \/>\n\t<meta property=\"og:image:height\" content=\"800\" \/>\n\t<meta property=\"og:image:type\" content=\"image\/webp\" \/>\n<meta name=\"twitter:card\" content=\"summary_large_image\" \/>\n<meta name=\"twitter:label1\" content=\"Estimated reading time\" \/>\n\t<meta name=\"twitter:data1\" content=\"2 minutes\" \/>\n<script type=\"application\/ld+json\" class=\"yoast-schema-graph\">{\"@context\":\"https:\/\/schema.org\",\"@graph\":[{\"@type\":\"WebPage\",\"@id\":\"https:\/\/skaitytaknyga.lt\/produktas\/eroto-glebyje\/\",\"url\":\"https:\/\/skaitytaknyga.lt\/produktas\/eroto-glebyje\/\",\"name\":\"Arkadijus Vinokuras \u201eEroto gl\u0117byje\u201c\",\"isPartOf\":{\"@id\":\"https:\/\/skaitytaknyga.lt\/#website\"},\"primaryImageOfPage\":{\"@id\":\"https:\/\/skaitytaknyga.lt\/produktas\/eroto-glebyje\/#primaryimage\"},\"image\":{\"@id\":\"https:\/\/skaitytaknyga.lt\/produktas\/eroto-glebyje\/#primaryimage\"},\"thumbnailUrl\":\"https:\/\/skaitytaknyga.lt\/wp-content\/uploads\/2024\/08\/scan-20230203-3-.webp\",\"datePublished\":\"2024-08-11T06:30:37+00:00\",\"dateModified\":\"2024-08-11T06:32:44+00:00\",\"description\":\"Justino \u017dilinsko romane \u201eKGB vaikai\u201c veiksmas vyksta Lietuvoje 1996-aisiais. Tai pasakojimas apie persekiojamus jaunuolius Ras\u0105 ir Vili\u0173, besiai\u0161kinan\u010dius KGB paslaptis,\",\"breadcrumb\":{\"@id\":\"https:\/\/skaitytaknyga.lt\/produktas\/eroto-glebyje\/#breadcrumb\"},\"inLanguage\":\"en-GB\",\"potentialAction\":[{\"@type\":\"ReadAction\",\"target\":[\"https:\/\/skaitytaknyga.lt\/produktas\/eroto-glebyje\/\"]}]},{\"@type\":\"ImageObject\",\"inLanguage\":\"en-GB\",\"@id\":\"https:\/\/skaitytaknyga.lt\/produktas\/eroto-glebyje\/#primaryimage\",\"url\":\"https:\/\/skaitytaknyga.lt\/wp-content\/uploads\/2024\/08\/scan-20230203-3-.webp\",\"contentUrl\":\"https:\/\/skaitytaknyga.lt\/wp-content\/uploads\/2024\/08\/scan-20230203-3-.webp\",\"width\":527,\"height\":800,\"caption\":\"Eroto gl\u0117byje\"},{\"@type\":\"BreadcrumbList\",\"@id\":\"https:\/\/skaitytaknyga.lt\/produktas\/eroto-glebyje\/#breadcrumb\",\"itemListElement\":[{\"@type\":\"ListItem\",\"position\":1,\"name\":\"Home\",\"item\":\"https:\/\/skaitytaknyga.lt\/\"},{\"@type\":\"ListItem\",\"position\":2,\"name\":\"Parduotuv\u0117\",\"item\":\"https:\/\/skaitytaknyga.lt\/knygu-parduotuve\/\"},{\"@type\":\"ListItem\",\"position\":3,\"name\":\"Arkadijus Vinokuras \u201eEroto gl\u0117byje\u201c\"}]},{\"@type\":\"WebSite\",\"@id\":\"https:\/\/skaitytaknyga.lt\/#website\",\"url\":\"https:\/\/skaitytaknyga.lt\/\",\"name\":\"skaitytaknyga.lt\",\"description\":\"Skaitytaknyga.lt \u2013 tai ma\u017eas \u0161eimos verslas, kuris prasid\u0117jo nuo meil\u0117s knygoms ir siekio i\u0161gelb\u0117ti knygas nuo likimo prie konteinerio. Kas vienam nereikalingas daiktas \u2013 kitam lobis, o mes esame tarpininkai, kurie padeda abiems tapti laimingesniems ???? \u017dinome kaip nelengva i\u0161gyventi ma\u017eiems verslams, tad nuo \u0161iol, \u010dia rasite ir kit\u0173, ma\u017e\u0173 \u0161eim\u0173 versl\u0173, rank\u0173 darbo, dovan\u0173 sau ir artimiesiems.\",\"publisher\":{\"@id\":\"https:\/\/skaitytaknyga.lt\/#organization\"},\"potentialAction\":[{\"@type\":\"SearchAction\",\"target\":{\"@type\":\"EntryPoint\",\"urlTemplate\":\"https:\/\/skaitytaknyga.lt\/?s={search_term_string}\"},\"query-input\":{\"@type\":\"PropertyValueSpecification\",\"valueRequired\":true,\"valueName\":\"search_term_string\"}}],\"inLanguage\":\"en-GB\"},{\"@type\":\"Organization\",\"@id\":\"https:\/\/skaitytaknyga.lt\/#organization\",\"name\":\"skaitytaknyga.lt\",\"url\":\"https:\/\/skaitytaknyga.lt\/\",\"logo\":{\"@type\":\"ImageObject\",\"inLanguage\":\"en-GB\",\"@id\":\"https:\/\/skaitytaknyga.lt\/#\/schema\/logo\/image\/\",\"url\":\"https:\/\/skaitytaknyga.lt\/wp-content\/uploads\/2024\/05\/cropped-cropped-cropped-02_00843_jt3bggkj1j3HLc7SyY6rEUpg.jpeg\",\"contentUrl\":\"https:\/\/skaitytaknyga.lt\/wp-content\/uploads\/2024\/05\/cropped-cropped-cropped-02_00843_jt3bggkj1j3HLc7SyY6rEUpg.jpeg\",\"width\":1600,\"height\":1600,\"caption\":\"skaitytaknyga.lt\"},\"image\":{\"@id\":\"https:\/\/skaitytaknyga.lt\/#\/schema\/logo\/image\/\"},\"sameAs\":[\"https:\/\/www.facebook.com\/skaitytaknyga\/\"]}]}<\/script>\n<!-- \/ Yoast SEO plugin. -->","yoast_head_json":{"title":"Arkadijus Vinokuras \u201eEroto gl\u0117byje\u201c","description":"Justino \u017dilinsko romane \u201eKGB vaikai\u201c veiksmas vyksta Lietuvoje 1996-aisiais. Tai pasakojimas apie persekiojamus jaunuolius Ras\u0105 ir Vili\u0173, besiai\u0161kinan\u010dius KGB paslaptis,","robots":{"index":"index","follow":"follow","max-snippet":"max-snippet:-1","max-image-preview":"max-image-preview:large","max-video-preview":"max-video-preview:-1"},"canonical":"https:\/\/skaitytaknyga.lt\/en\/produktas\/eroto-glebyje\/","og_locale":"en_GB","og_type":"article","og_title":"[:lt]Arkadijus Vinokuras \u201eEroto gl\u0117byje\u201c[:] - Skaitytaknyga","og_description":"[:lt]Justino \u017dilinsko romane \u201eKGB vaikai\u201c veiksmas vyksta Lietuvoje 1996-aisiais. Tai pasakojimas apie persekiojamus jaunuolius Ras\u0105 ir Vili\u0173, besiai\u0161kinan\u010dius KGB paslaptis,[:]","og_url":"https:\/\/skaitytaknyga.lt\/en\/produktas\/eroto-glebyje\/","og_site_name":"Skaitytaknyga","article_publisher":"https:\/\/www.facebook.com\/skaitytaknyga\/","article_modified_time":"2024-08-11T06:32:44+00:00","og_image":[{"width":527,"height":800,"url":"https:\/\/skaitytaknyga.lt\/wp-content\/uploads\/2024\/08\/scan-20230203-3-.webp","type":"image\/webp"}],"twitter_card":"summary_large_image","twitter_misc":{"Estimated reading time":"2 minutes"},"schema":{"@context":"https:\/\/schema.org","@graph":[{"@type":"WebPage","@id":"https:\/\/skaitytaknyga.lt\/produktas\/eroto-glebyje\/","url":"https:\/\/skaitytaknyga.lt\/produktas\/eroto-glebyje\/","name":"Arkadijus Vinokuras \u201eEroto gl\u0117byje\u201c","isPartOf":{"@id":"https:\/\/skaitytaknyga.lt\/#website"},"primaryImageOfPage":{"@id":"https:\/\/skaitytaknyga.lt\/produktas\/eroto-glebyje\/#primaryimage"},"image":{"@id":"https:\/\/skaitytaknyga.lt\/produktas\/eroto-glebyje\/#primaryimage"},"thumbnailUrl":"https:\/\/skaitytaknyga.lt\/wp-content\/uploads\/2024\/08\/scan-20230203-3-.webp","datePublished":"2024-08-11T06:30:37+00:00","dateModified":"2024-08-11T06:32:44+00:00","description":"Justino \u017dilinsko romane \u201eKGB vaikai\u201c veiksmas vyksta Lietuvoje 1996-aisiais. Tai pasakojimas apie persekiojamus jaunuolius Ras\u0105 ir Vili\u0173, besiai\u0161kinan\u010dius KGB paslaptis,","breadcrumb":{"@id":"https:\/\/skaitytaknyga.lt\/produktas\/eroto-glebyje\/#breadcrumb"},"inLanguage":"en-GB","potentialAction":[{"@type":"ReadAction","target":["https:\/\/skaitytaknyga.lt\/produktas\/eroto-glebyje\/"]}]},{"@type":"ImageObject","inLanguage":"en-GB","@id":"https:\/\/skaitytaknyga.lt\/produktas\/eroto-glebyje\/#primaryimage","url":"https:\/\/skaitytaknyga.lt\/wp-content\/uploads\/2024\/08\/scan-20230203-3-.webp","contentUrl":"https:\/\/skaitytaknyga.lt\/wp-content\/uploads\/2024\/08\/scan-20230203-3-.webp","width":527,"height":800,"caption":"Eroto gl\u0117byje"},{"@type":"BreadcrumbList","@id":"https:\/\/skaitytaknyga.lt\/produktas\/eroto-glebyje\/#breadcrumb","itemListElement":[{"@type":"ListItem","position":1,"name":"Home","item":"https:\/\/skaitytaknyga.lt\/"},{"@type":"ListItem","position":2,"name":"Parduotuv\u0117","item":"https:\/\/skaitytaknyga.lt\/knygu-parduotuve\/"},{"@type":"ListItem","position":3,"name":"Arkadijus Vinokuras \u201eEroto gl\u0117byje\u201c"}]},{"@type":"WebSite","@id":"https:\/\/skaitytaknyga.lt\/#website","url":"https:\/\/skaitytaknyga.lt\/","name":"skaitytaknyga.lt","description":"Skaitytaknyga.lt \u2013 tai ma\u017eas \u0161eimos verslas, kuris prasid\u0117jo nuo meil\u0117s knygoms ir siekio i\u0161gelb\u0117ti knygas nuo likimo prie konteinerio. Kas vienam nereikalingas daiktas \u2013 kitam lobis, o mes esame tarpininkai, kurie padeda abiems tapti laimingesniems ???? \u017dinome kaip nelengva i\u0161gyventi ma\u017eiems verslams, tad nuo \u0161iol, \u010dia rasite ir kit\u0173, ma\u017e\u0173 \u0161eim\u0173 versl\u0173, rank\u0173 darbo, dovan\u0173 sau ir artimiesiems.","publisher":{"@id":"https:\/\/skaitytaknyga.lt\/#organization"},"potentialAction":[{"@type":"SearchAction","target":{"@type":"EntryPoint","urlTemplate":"https:\/\/skaitytaknyga.lt\/?s={search_term_string}"},"query-input":{"@type":"PropertyValueSpecification","valueRequired":true,"valueName":"search_term_string"}}],"inLanguage":"en-GB"},{"@type":"Organization","@id":"https:\/\/skaitytaknyga.lt\/#organization","name":"skaitytaknyga.lt","url":"https:\/\/skaitytaknyga.lt\/","logo":{"@type":"ImageObject","inLanguage":"en-GB","@id":"https:\/\/skaitytaknyga.lt\/#\/schema\/logo\/image\/","url":"https:\/\/skaitytaknyga.lt\/wp-content\/uploads\/2024\/05\/cropped-cropped-cropped-02_00843_jt3bggkj1j3HLc7SyY6rEUpg.jpeg","contentUrl":"https:\/\/skaitytaknyga.lt\/wp-content\/uploads\/2024\/05\/cropped-cropped-cropped-02_00843_jt3bggkj1j3HLc7SyY6rEUpg.jpeg","width":1600,"height":1600,"caption":"skaitytaknyga.lt"},"image":{"@id":"https:\/\/skaitytaknyga.lt\/#\/schema\/logo\/image\/"},"sameAs":["https:\/\/www.facebook.com\/skaitytaknyga\/"]}]}},"_links":{"self":[{"href":"https:\/\/skaitytaknyga.lt\/en\/wp-json\/wp\/v2\/product\/13424","targetHints":{"allow":["GET"]}}],"collection":[{"href":"https:\/\/skaitytaknyga.lt\/en\/wp-json\/wp\/v2\/product"}],"about":[{"href":"https:\/\/skaitytaknyga.lt\/en\/wp-json\/wp\/v2\/types\/product"}],"replies":[{"embeddable":true,"href":"https:\/\/skaitytaknyga.lt\/en\/wp-json\/wp\/v2\/comments?post=13424"}],"wp:featuredmedia":[{"embeddable":true,"href":"https:\/\/skaitytaknyga.lt\/en\/wp-json\/wp\/v2\/media\/13425"}],"wp:attachment":[{"href":"https:\/\/skaitytaknyga.lt\/en\/wp-json\/wp\/v2\/media?parent=13424"}],"wp:term":[{"taxonomy":"product_brand","embeddable":true,"href":"https:\/\/skaitytaknyga.lt\/en\/wp-json\/wp\/v2\/product_brand?post=13424"},{"taxonomy":"product_cat","embeddable":true,"href":"https:\/\/skaitytaknyga.lt\/en\/wp-json\/wp\/v2\/product_cat?post=13424"},{"taxonomy":"product_tag","embeddable":true,"href":"https:\/\/skaitytaknyga.lt\/en\/wp-json\/wp\/v2\/product_tag?post=13424"}],"curies":[{"name":"wp","href":"https:\/\/api.w.org\/{rel}","templated":true}]}}