{"id":13420,"date":"2024-08-11T09:23:35","date_gmt":"2024-08-11T06:23:35","guid":{"rendered":"https:\/\/skaitytaknyga.lt\/?post_type=product&#038;p=13420"},"modified":"2025-05-24T21:06:33","modified_gmt":"2025-05-24T18:06:33","slug":"icchokas-meras-lygiosios-trunka-akimirka","status":"publish","type":"product","link":"https:\/\/skaitytaknyga.lt\/en\/produktas\/icchokas-meras-lygiosios-trunka-akimirka\/","title":{"rendered":"Jauno \u017emogaus memuarai"},"content":{"rendered":"<p>Roman\u0105 \u201eJauno \u017emogaus memuarai\u201c\u00a0 sudaro keturiolika lai\u0161k\u0173, mirusio jauno \u017emogaus Leono Cipario ra\u0161om\u0173 i\u0161 anapus savo mokytojui ir draugui Tomui Kelertui. Leonas m\u0117gina i\u0161siai\u0161kinti, kokios j\u0117gos\u00a0 \u012fst\u016bm\u0117 mus ten, kur esame, kaip jos formuoja taut\u0105 ir asmenyb\u0119.<\/p>\n<p>Autoriaus persona\u017eas nebei\u0161sitenka trimat\u0117je erdv\u0117je, tod\u0117l jo regimas blogis atsiskleid\u017eia ne vien kaip etinis ar empirinis dydis, bet kaip metafizin\u0117 galia, nuolatos kei\u010dianti veid\u0105, kurianti vis naujas strukt\u016bras, kurias atpa\u017einti dar nereik\u0161ki &#8211; \u012fveikti.<\/p>\n<ul class=\"about-product d-none d-xl-block mt-4\">\n<li><strong>Autorius:<\/strong>\u00a0<a href=\"https:\/\/skaitytaknyga.lt\/?s=gavelis&#038;post_type=product&#038;dgwt_wcas=1\">Ri\u010dardas Gavelis<\/a><\/li>\n<li><strong>Leid\u0117jas:<\/strong>\u00a0Vaga<\/li>\n<li><strong>Metai:<\/strong>\u00a01991<\/li>\n<li><strong>Puslapiai:<\/strong>\u00a0140<\/li>\n<li><strong>ISBN-10:<\/strong>\u00a05415005153<\/li>\n<li><strong>ISBN-13:<\/strong>\u00a09785415005154<\/li>\n<li><strong>Versijos kodas:<\/strong>\u00a0PS.<\/li>\n<li><strong>Formatas:<\/strong>\u00a013 x 20,5 cm, mink\u0161ti vir\u0161eliai<\/li>\n<li><strong>Kalba:<\/strong>\u00a0Lietuvi\u0173<\/li>\n<\/ul>\n","protected":false},"excerpt":{"rendered":"<p>Roman\u0105 \u201eJauno \u017emogaus memuarai\u201c\u00a0 sudaro keturiolika lai\u0161k\u0173, mirusio jauno \u017emogaus Leono Cipario ra\u0161om\u0173 i\u0161 anapus savo mokytojui ir draugui Tomui Kelertui. Leonas m\u0117gina i\u0161siai\u0161kinti, kokios j\u0117gos\u00a0 \u012fst\u016bm\u0117 mus ten, kur esame, kaip jos formuoja taut\u0105 ir asmenyb\u0119. Autoriaus persona\u017eas nebei\u0161sitenka trimat\u0117je erdv\u0117je, tod\u0117l jo regimas blogis atsiskleid\u017eia ne vien kaip etinis ar empirinis dydis, bet kaip metafizin\u0117 galia, nuolatos kei\u010dianti veid\u0105, kurianti vis naujas strukt\u016bras, kurias atpa\u017einti dar nereik\u0161ki &#8211; \u012fveikti. Autorius:\u00a0Ri\u010dardas Gavelis Leid\u0117jas:\u00a0Vaga Metai:\u00a01991 Puslapiai:\u00a0140 ISBN-10:\u00a05415005153 ISBN-13:\u00a09785415005154 Versijos kodas:\u00a0PS. Formatas:\u00a013 x 20,5 cm, mink\u0161ti vir\u0161eliai Kalba:\u00a0Lietuvi\u0173<\/p>\n","protected":false},"featured_media":13421,"comment_status":"closed","ping_status":"closed","template":"","meta":{"_acf_changed":false,"site-sidebar-layout":"default","site-content-layout":"","ast-site-content-layout":"default","site-content-style":"default","site-sidebar-style":"default","ast-global-header-display":"","ast-banner-title-visibility":"","ast-main-header-display":"","ast-hfb-above-header-display":"","ast-hfb-below-header-display":"","ast-hfb-mobile-header-display":"","site-post-title":"","ast-breadcrumbs-content":"","ast-featured-img":"","footer-sml-layout":"","ast-disable-related-posts":"","theme-transparent-header-meta":"default","adv-header-id-meta":"","stick-header-meta":"","header-above-stick-meta":"","header-main-stick-meta":"","header-below-stick-meta":"","astra-migrate-meta-layouts":"set","ast-page-background-enabled":"default","ast-page-background-meta":{"desktop":{"background-color":"","background-image":"","background-repeat":"repeat","background-position":"center center","background-size":"auto","background-attachment":"scroll","background-type":"","background-media":"","overlay-type":"","overlay-color":"","overlay-opacity":"","overlay-gradient":""},"tablet":{"background-color":"","background-image":"","background-repeat":"repeat","background-position":"center center","background-size":"auto","background-attachment":"scroll","background-type":"","background-media":"","overlay-type":"","overlay-color":"","overlay-opacity":"","overlay-gradient":""},"mobile":{"background-color":"","background-image":"","background-repeat":"repeat","background-position":"center center","background-size":"auto","background-attachment":"scroll","background-type":"","background-media":"","overlay-type":"","overlay-color":"","overlay-opacity":"","overlay-gradient":""}},"ast-content-background-meta":{"desktop":{"background-color":"var(--ast-global-color-4)","background-image":"","background-repeat":"repeat","background-position":"center center","background-size":"auto","background-attachment":"scroll","background-type":"","background-media":"","overlay-type":"","overlay-color":"","overlay-opacity":"","overlay-gradient":""},"tablet":{"background-color":"var(--ast-global-color-4)","background-image":"","background-repeat":"repeat","background-position":"center center","background-size":"auto","background-attachment":"scroll","background-type":"","background-media":"","overlay-type":"","overlay-color":"","overlay-opacity":"","overlay-gradient":""},"mobile":{"background-color":"var(--ast-global-color-4)","background-image":"","background-repeat":"repeat","background-position":"center center","background-size":"auto","background-attachment":"scroll","background-type":"","background-media":"","overlay-type":"","overlay-color":"","overlay-opacity":"","overlay-gradient":""}}},"product_brand":[],"product_cat":[31,331],"product_tag":[2672,1744,2833,4347,1745],"class_list":{"0":"post-13420","1":"product","2":"type-product","3":"status-publish","4":"has-post-thumbnail","6":"product_cat-grozine-literatura","7":"product_cat-programine-literatura","8":"product_tag-laiskai","9":"product_tag-lietuviu-literatura","10":"product_tag-metafizika","11":"product_tag-ricardas-gavelis","12":"product_tag-romanas","13":"desktop-align-left","14":"tablet-align-left","15":"mobile-align-left","17":"first","18":"instock","19":"shipping-taxable","20":"purchasable","21":"product-type-simple"},"acf":[],"yoast_head":"<!-- This site is optimized with the Yoast SEO plugin v27.0 - https:\/\/yoast.com\/product\/yoast-seo-wordpress\/ -->\n<title>Jauno \u017emogaus memuarai<\/title>\n<meta name=\"description\" content=\"Roman\u0105 \u201eJauno \u017emogaus memuarai\u201c\u00a0 sudaro keturiolika lai\u0161k\u0173, mirusio jauno \u017emogaus Leono Cipario ra\u0161om\u0173 i\u0161 anapus savo mokytojui ir draugui Tomui Kelertui.\" \/>\n<meta name=\"robots\" content=\"index, follow, max-snippet:-1, max-image-preview:large, max-video-preview:-1\" \/>\n<link rel=\"canonical\" href=\"https:\/\/skaitytaknyga.lt\/en\/produktas\/icchokas-meras-lygiosios-trunka-akimirka\/\" \/>\n<meta property=\"og:locale\" content=\"en_GB\" \/>\n<meta property=\"og:locale:alternate\" content=\"lt_LT\" \/>\n<meta property=\"og:type\" content=\"article\" \/>\n<meta property=\"og:title\" content=\"Jauno \u017emogaus memuarai\" \/>\n<meta property=\"og:description\" content=\"Roman\u0105 \u201eJauno \u017emogaus memuarai\u201c\u00a0 sudaro keturiolika lai\u0161k\u0173, mirusio jauno \u017emogaus Leono Cipario ra\u0161om\u0173 i\u0161 anapus savo mokytojui ir draugui Tomui Kelertui.\" \/>\n<meta property=\"og:url\" content=\"https:\/\/skaitytaknyga.lt\/en\/produktas\/icchokas-meras-lygiosios-trunka-akimirka\/\" \/>\n<meta property=\"og:site_name\" content=\"Skaitytaknyga\" \/>\n<meta property=\"article:publisher\" content=\"https:\/\/www.facebook.com\/skaitytaknyga\/\" \/>\n<meta property=\"article:modified_time\" content=\"2025-05-24T18:06:33+00:00\" \/>\n<meta property=\"og:image\" content=\"https:\/\/skaitytaknyga.lt\/wp-content\/uploads\/2024\/08\/1462882200_img0012-001.webp\" \/>\n\t<meta property=\"og:image:width\" content=\"478\" \/>\n\t<meta property=\"og:image:height\" content=\"800\" \/>\n\t<meta property=\"og:image:type\" content=\"image\/webp\" \/>\n<meta name=\"twitter:card\" content=\"summary_large_image\" \/>\n<meta name=\"twitter:label1\" content=\"Estimated reading time\" \/>\n\t<meta name=\"twitter:data1\" content=\"1 minute\" \/>\n<script type=\"application\/ld+json\" class=\"yoast-schema-graph\">{\"@context\":\"https:\/\/schema.org\",\"@graph\":[{\"@type\":\"WebPage\",\"@id\":\"https:\/\/skaitytaknyga.lt\/produktas\/icchokas-meras-lygiosios-trunka-akimirka\/\",\"url\":\"https:\/\/skaitytaknyga.lt\/produktas\/icchokas-meras-lygiosios-trunka-akimirka\/\",\"name\":\"Jauno \u017emogaus memuarai\",\"isPartOf\":{\"@id\":\"https:\/\/skaitytaknyga.lt\/#website\"},\"primaryImageOfPage\":{\"@id\":\"https:\/\/skaitytaknyga.lt\/produktas\/icchokas-meras-lygiosios-trunka-akimirka\/#primaryimage\"},\"image\":{\"@id\":\"https:\/\/skaitytaknyga.lt\/produktas\/icchokas-meras-lygiosios-trunka-akimirka\/#primaryimage\"},\"thumbnailUrl\":\"https:\/\/skaitytaknyga.lt\/wp-content\/uploads\/2024\/08\/1462882200_img0012-001.webp\",\"datePublished\":\"2024-08-11T06:23:35+00:00\",\"dateModified\":\"2025-05-24T18:06:33+00:00\",\"description\":\"Roman\u0105 \u201eJauno \u017emogaus memuarai\u201c\u00a0 sudaro keturiolika lai\u0161k\u0173, mirusio jauno \u017emogaus Leono Cipario ra\u0161om\u0173 i\u0161 anapus savo mokytojui ir draugui Tomui Kelertui.\",\"breadcrumb\":{\"@id\":\"https:\/\/skaitytaknyga.lt\/produktas\/icchokas-meras-lygiosios-trunka-akimirka\/#breadcrumb\"},\"inLanguage\":\"en-GB\",\"potentialAction\":[{\"@type\":\"ReadAction\",\"target\":[\"https:\/\/skaitytaknyga.lt\/produktas\/icchokas-meras-lygiosios-trunka-akimirka\/\"]}]},{\"@type\":\"ImageObject\",\"inLanguage\":\"en-GB\",\"@id\":\"https:\/\/skaitytaknyga.lt\/produktas\/icchokas-meras-lygiosios-trunka-akimirka\/#primaryimage\",\"url\":\"https:\/\/skaitytaknyga.lt\/wp-content\/uploads\/2024\/08\/1462882200_img0012-001.webp\",\"contentUrl\":\"https:\/\/skaitytaknyga.lt\/wp-content\/uploads\/2024\/08\/1462882200_img0012-001.webp\",\"width\":478,\"height\":800,\"caption\":\"Jauno \u017emogaus memuarai\"},{\"@type\":\"BreadcrumbList\",\"@id\":\"https:\/\/skaitytaknyga.lt\/produktas\/icchokas-meras-lygiosios-trunka-akimirka\/#breadcrumb\",\"itemListElement\":[{\"@type\":\"ListItem\",\"position\":1,\"name\":\"Home\",\"item\":\"https:\/\/skaitytaknyga.lt\/\"},{\"@type\":\"ListItem\",\"position\":2,\"name\":\"Parduotuv\u0117\",\"item\":\"https:\/\/skaitytaknyga.lt\/knygu-parduotuve\/\"},{\"@type\":\"ListItem\",\"position\":3,\"name\":\"Jauno \u017emogaus memuarai\"}]},{\"@type\":\"WebSite\",\"@id\":\"https:\/\/skaitytaknyga.lt\/#website\",\"url\":\"https:\/\/skaitytaknyga.lt\/\",\"name\":\"skaitytaknyga.lt\",\"description\":\"Skaitytaknyga.lt \u2013 tai ma\u017eas \u0161eimos verslas, kuris prasid\u0117jo nuo meil\u0117s knygoms ir siekio i\u0161gelb\u0117ti knygas nuo likimo prie konteinerio. Kas vienam nereikalingas daiktas \u2013 kitam lobis, o mes esame tarpininkai, kurie padeda abiems tapti laimingesniems ???? \u017dinome kaip nelengva i\u0161gyventi ma\u017eiems verslams, tad nuo \u0161iol, \u010dia rasite ir kit\u0173, ma\u017e\u0173 \u0161eim\u0173 versl\u0173, rank\u0173 darbo, dovan\u0173 sau ir artimiesiems.\",\"publisher\":{\"@id\":\"https:\/\/skaitytaknyga.lt\/#organization\"},\"potentialAction\":[{\"@type\":\"SearchAction\",\"target\":{\"@type\":\"EntryPoint\",\"urlTemplate\":\"https:\/\/skaitytaknyga.lt\/?s={search_term_string}\"},\"query-input\":{\"@type\":\"PropertyValueSpecification\",\"valueRequired\":true,\"valueName\":\"search_term_string\"}}],\"inLanguage\":\"en-GB\"},{\"@type\":\"Organization\",\"@id\":\"https:\/\/skaitytaknyga.lt\/#organization\",\"name\":\"skaitytaknyga.lt\",\"url\":\"https:\/\/skaitytaknyga.lt\/\",\"logo\":{\"@type\":\"ImageObject\",\"inLanguage\":\"en-GB\",\"@id\":\"https:\/\/skaitytaknyga.lt\/#\/schema\/logo\/image\/\",\"url\":\"https:\/\/skaitytaknyga.lt\/wp-content\/uploads\/2024\/05\/cropped-cropped-cropped-02_00843_jt3bggkj1j3HLc7SyY6rEUpg.jpeg\",\"contentUrl\":\"https:\/\/skaitytaknyga.lt\/wp-content\/uploads\/2024\/05\/cropped-cropped-cropped-02_00843_jt3bggkj1j3HLc7SyY6rEUpg.jpeg\",\"width\":1600,\"height\":1600,\"caption\":\"skaitytaknyga.lt\"},\"image\":{\"@id\":\"https:\/\/skaitytaknyga.lt\/#\/schema\/logo\/image\/\"},\"sameAs\":[\"https:\/\/www.facebook.com\/skaitytaknyga\/\"]}]}<\/script>\n<!-- \/ Yoast SEO plugin. -->","yoast_head_json":{"title":"Jauno \u017emogaus memuarai","description":"Roman\u0105 \u201eJauno \u017emogaus memuarai\u201c\u00a0 sudaro keturiolika lai\u0161k\u0173, mirusio jauno \u017emogaus Leono Cipario ra\u0161om\u0173 i\u0161 anapus savo mokytojui ir draugui Tomui Kelertui.","robots":{"index":"index","follow":"follow","max-snippet":"max-snippet:-1","max-image-preview":"max-image-preview:large","max-video-preview":"max-video-preview:-1"},"canonical":"https:\/\/skaitytaknyga.lt\/en\/produktas\/icchokas-meras-lygiosios-trunka-akimirka\/","og_locale":"en_GB","og_type":"article","og_title":"[:lt]Jauno \u017emogaus memuarai[:] - Skaitytaknyga","og_description":"Roman\u0105 \u201eJauno \u017emogaus memuarai\u201c\u00a0 sudaro keturiolika lai\u0161k\u0173, mirusio jauno \u017emogaus Leono Cipario ra\u0161om\u0173 i\u0161 anapus savo mokytojui ir draugui Tomui Kelertui.","og_url":"https:\/\/skaitytaknyga.lt\/en\/produktas\/icchokas-meras-lygiosios-trunka-akimirka\/","og_site_name":"Skaitytaknyga","article_publisher":"https:\/\/www.facebook.com\/skaitytaknyga\/","article_modified_time":"2025-05-24T18:06:33+00:00","og_image":[{"width":478,"height":800,"url":"https:\/\/skaitytaknyga.lt\/wp-content\/uploads\/2024\/08\/1462882200_img0012-001.webp","type":"image\/webp"}],"twitter_card":"summary_large_image","twitter_misc":{"Estimated reading time":"1 minute"},"schema":{"@context":"https:\/\/schema.org","@graph":[{"@type":"WebPage","@id":"https:\/\/skaitytaknyga.lt\/produktas\/icchokas-meras-lygiosios-trunka-akimirka\/","url":"https:\/\/skaitytaknyga.lt\/produktas\/icchokas-meras-lygiosios-trunka-akimirka\/","name":"Jauno \u017emogaus memuarai","isPartOf":{"@id":"https:\/\/skaitytaknyga.lt\/#website"},"primaryImageOfPage":{"@id":"https:\/\/skaitytaknyga.lt\/produktas\/icchokas-meras-lygiosios-trunka-akimirka\/#primaryimage"},"image":{"@id":"https:\/\/skaitytaknyga.lt\/produktas\/icchokas-meras-lygiosios-trunka-akimirka\/#primaryimage"},"thumbnailUrl":"https:\/\/skaitytaknyga.lt\/wp-content\/uploads\/2024\/08\/1462882200_img0012-001.webp","datePublished":"2024-08-11T06:23:35+00:00","dateModified":"2025-05-24T18:06:33+00:00","description":"Roman\u0105 \u201eJauno \u017emogaus memuarai\u201c\u00a0 sudaro keturiolika lai\u0161k\u0173, mirusio jauno \u017emogaus Leono Cipario ra\u0161om\u0173 i\u0161 anapus savo mokytojui ir draugui Tomui Kelertui.","breadcrumb":{"@id":"https:\/\/skaitytaknyga.lt\/produktas\/icchokas-meras-lygiosios-trunka-akimirka\/#breadcrumb"},"inLanguage":"en-GB","potentialAction":[{"@type":"ReadAction","target":["https:\/\/skaitytaknyga.lt\/produktas\/icchokas-meras-lygiosios-trunka-akimirka\/"]}]},{"@type":"ImageObject","inLanguage":"en-GB","@id":"https:\/\/skaitytaknyga.lt\/produktas\/icchokas-meras-lygiosios-trunka-akimirka\/#primaryimage","url":"https:\/\/skaitytaknyga.lt\/wp-content\/uploads\/2024\/08\/1462882200_img0012-001.webp","contentUrl":"https:\/\/skaitytaknyga.lt\/wp-content\/uploads\/2024\/08\/1462882200_img0012-001.webp","width":478,"height":800,"caption":"Jauno \u017emogaus memuarai"},{"@type":"BreadcrumbList","@id":"https:\/\/skaitytaknyga.lt\/produktas\/icchokas-meras-lygiosios-trunka-akimirka\/#breadcrumb","itemListElement":[{"@type":"ListItem","position":1,"name":"Home","item":"https:\/\/skaitytaknyga.lt\/"},{"@type":"ListItem","position":2,"name":"Parduotuv\u0117","item":"https:\/\/skaitytaknyga.lt\/knygu-parduotuve\/"},{"@type":"ListItem","position":3,"name":"Jauno \u017emogaus memuarai"}]},{"@type":"WebSite","@id":"https:\/\/skaitytaknyga.lt\/#website","url":"https:\/\/skaitytaknyga.lt\/","name":"skaitytaknyga.lt","description":"Skaitytaknyga.lt \u2013 tai ma\u017eas \u0161eimos verslas, kuris prasid\u0117jo nuo meil\u0117s knygoms ir siekio i\u0161gelb\u0117ti knygas nuo likimo prie konteinerio. Kas vienam nereikalingas daiktas \u2013 kitam lobis, o mes esame tarpininkai, kurie padeda abiems tapti laimingesniems ???? \u017dinome kaip nelengva i\u0161gyventi ma\u017eiems verslams, tad nuo \u0161iol, \u010dia rasite ir kit\u0173, ma\u017e\u0173 \u0161eim\u0173 versl\u0173, rank\u0173 darbo, dovan\u0173 sau ir artimiesiems.","publisher":{"@id":"https:\/\/skaitytaknyga.lt\/#organization"},"potentialAction":[{"@type":"SearchAction","target":{"@type":"EntryPoint","urlTemplate":"https:\/\/skaitytaknyga.lt\/?s={search_term_string}"},"query-input":{"@type":"PropertyValueSpecification","valueRequired":true,"valueName":"search_term_string"}}],"inLanguage":"en-GB"},{"@type":"Organization","@id":"https:\/\/skaitytaknyga.lt\/#organization","name":"skaitytaknyga.lt","url":"https:\/\/skaitytaknyga.lt\/","logo":{"@type":"ImageObject","inLanguage":"en-GB","@id":"https:\/\/skaitytaknyga.lt\/#\/schema\/logo\/image\/","url":"https:\/\/skaitytaknyga.lt\/wp-content\/uploads\/2024\/05\/cropped-cropped-cropped-02_00843_jt3bggkj1j3HLc7SyY6rEUpg.jpeg","contentUrl":"https:\/\/skaitytaknyga.lt\/wp-content\/uploads\/2024\/05\/cropped-cropped-cropped-02_00843_jt3bggkj1j3HLc7SyY6rEUpg.jpeg","width":1600,"height":1600,"caption":"skaitytaknyga.lt"},"image":{"@id":"https:\/\/skaitytaknyga.lt\/#\/schema\/logo\/image\/"},"sameAs":["https:\/\/www.facebook.com\/skaitytaknyga\/"]}]}},"_links":{"self":[{"href":"https:\/\/skaitytaknyga.lt\/en\/wp-json\/wp\/v2\/product\/13420","targetHints":{"allow":["GET"]}}],"collection":[{"href":"https:\/\/skaitytaknyga.lt\/en\/wp-json\/wp\/v2\/product"}],"about":[{"href":"https:\/\/skaitytaknyga.lt\/en\/wp-json\/wp\/v2\/types\/product"}],"replies":[{"embeddable":true,"href":"https:\/\/skaitytaknyga.lt\/en\/wp-json\/wp\/v2\/comments?post=13420"}],"wp:featuredmedia":[{"embeddable":true,"href":"https:\/\/skaitytaknyga.lt\/en\/wp-json\/wp\/v2\/media\/13421"}],"wp:attachment":[{"href":"https:\/\/skaitytaknyga.lt\/en\/wp-json\/wp\/v2\/media?parent=13420"}],"wp:term":[{"taxonomy":"product_brand","embeddable":true,"href":"https:\/\/skaitytaknyga.lt\/en\/wp-json\/wp\/v2\/product_brand?post=13420"},{"taxonomy":"product_cat","embeddable":true,"href":"https:\/\/skaitytaknyga.lt\/en\/wp-json\/wp\/v2\/product_cat?post=13420"},{"taxonomy":"product_tag","embeddable":true,"href":"https:\/\/skaitytaknyga.lt\/en\/wp-json\/wp\/v2\/product_tag?post=13420"}],"curies":[{"name":"wp","href":"https:\/\/api.w.org\/{rel}","templated":true}]}}