{"id":13414,"date":"2024-08-10T21:07:39","date_gmt":"2024-08-10T18:07:39","guid":{"rendered":"https:\/\/skaitytaknyga.lt\/?post_type=product&#038;p=13414"},"modified":"2025-12-21T15:11:31","modified_gmt":"2025-12-21T13:11:31","slug":"dante-skaistykla","status":"publish","type":"product","link":"https:\/\/skaitytaknyga.lt\/en\/produktas\/dante-skaistykla\/","title":{"rendered":"Tomas Moras \u201eUtopija\u201c (\u012fply\u0161es aplankas)"},"content":{"rendered":"<p><strong>Tomas Moras<\/strong>\u00a0(angl.\u00a0<em>Ser Thomas More<\/em>,\u00a0<em>\u0160ventasis Tomas Moras<\/em>, g.\u00a01478\u00a0m.\u00a0vasario 7\u00a0d. Londone \u2013\u00a01535\u00a0m.\u00a0liepos 6\u00a0d.) \u2013\u00a0angl\u0173\u00a0advokatas, ra\u0161ytojas, humanistas, politikas, knygos \u201eUtopija\u201c autorius,\u00a0Katalik\u0173 ba\u017eny\u010dios\u00a0\u0161ventasis, kankinys.<\/p>\n<ul class=\"about-product d-none d-xl-block mt-4\">\n<li><strong>Autorius: <\/strong>Tomas Moras<\/li>\n<li><span style=\"font-size: 16px\">Leid\u0117jas: <\/span>Vaga<\/li>\n<li>Leidimo metai: 1968<\/li>\n<\/ul>\n<div>\n<div class=\"flex gap-2\">\n<div><\/div>\n<\/div>\n<\/div>\n","protected":false},"excerpt":{"rendered":"<p>Tomas Moras\u00a0(angl.\u00a0Ser Thomas More,\u00a0\u0160ventasis Tomas Moras, g.\u00a01478\u00a0m.\u00a0vasario 7\u00a0d. Londone \u2013\u00a01535\u00a0m.\u00a0liepos 6\u00a0d.) \u2013\u00a0angl\u0173\u00a0advokatas, ra\u0161ytojas, humanistas, politikas, knygos \u201eUtopija\u201c autorius,\u00a0Katalik\u0173 ba\u017eny\u010dios\u00a0\u0161ventasis, kankinys. Autorius: Tomas Moras Leid\u0117jas: Vaga Leidimo metai: 1968<\/p>\n","protected":false},"featured_media":13415,"comment_status":"closed","ping_status":"closed","template":"","meta":{"_acf_changed":false,"site-sidebar-layout":"default","site-content-layout":"","ast-site-content-layout":"default","site-content-style":"default","site-sidebar-style":"default","ast-global-header-display":"","ast-banner-title-visibility":"","ast-main-header-display":"","ast-hfb-above-header-display":"","ast-hfb-below-header-display":"","ast-hfb-mobile-header-display":"","site-post-title":"","ast-breadcrumbs-content":"","ast-featured-img":"","footer-sml-layout":"","ast-disable-related-posts":"","theme-transparent-header-meta":"default","adv-header-id-meta":"","stick-header-meta":"","header-above-stick-meta":"","header-main-stick-meta":"","header-below-stick-meta":"","astra-migrate-meta-layouts":"set","ast-page-background-enabled":"default","ast-page-background-meta":{"desktop":{"background-color":"","background-image":"","background-repeat":"repeat","background-position":"center center","background-size":"auto","background-attachment":"scroll","background-type":"","background-media":"","overlay-type":"","overlay-color":"","overlay-opacity":"","overlay-gradient":""},"tablet":{"background-color":"","background-image":"","background-repeat":"repeat","background-position":"center center","background-size":"auto","background-attachment":"scroll","background-type":"","background-media":"","overlay-type":"","overlay-color":"","overlay-opacity":"","overlay-gradient":""},"mobile":{"background-color":"","background-image":"","background-repeat":"repeat","background-position":"center center","background-size":"auto","background-attachment":"scroll","background-type":"","background-media":"","overlay-type":"","overlay-color":"","overlay-opacity":"","overlay-gradient":""}},"ast-content-background-meta":{"desktop":{"background-color":"var(--ast-global-color-4)","background-image":"","background-repeat":"repeat","background-position":"center center","background-size":"auto","background-attachment":"scroll","background-type":"","background-media":"","overlay-type":"","overlay-color":"","overlay-opacity":"","overlay-gradient":""},"tablet":{"background-color":"var(--ast-global-color-4)","background-image":"","background-repeat":"repeat","background-position":"center center","background-size":"auto","background-attachment":"scroll","background-type":"","background-media":"","overlay-type":"","overlay-color":"","overlay-opacity":"","overlay-gradient":""},"mobile":{"background-color":"var(--ast-global-color-4)","background-image":"","background-repeat":"repeat","background-position":"center center","background-size":"auto","background-attachment":"scroll","background-type":"","background-media":"","overlay-type":"","overlay-color":"","overlay-opacity":"","overlay-gradient":""}}},"product_brand":[],"product_cat":[31,331],"product_tag":[],"class_list":{"0":"post-13414","1":"product","2":"type-product","3":"status-publish","4":"has-post-thumbnail","6":"product_cat-grozine-literatura","7":"product_cat-programine-literatura","8":"desktop-align-left","9":"tablet-align-left","10":"mobile-align-left","12":"first","13":"instock","14":"shipping-taxable","15":"purchasable","16":"product-type-simple"},"acf":[],"yoast_head":"<!-- This site is optimized with the Yoast SEO plugin v27.0 - https:\/\/yoast.com\/product\/yoast-seo-wordpress\/ -->\n<title>Tomas Moras \u201eUtopija\u201c (\u012fply\u0161es aplankas)<\/title>\n<meta name=\"description\" content=\"Tomas Moras\u00a0(angl.\u00a0Ser Thomas More,\u00a0\u0160ventasis Tomas Moras, g.\u00a01478\u00a0m.\u00a0vasario 7\u00a0d. Londone \u2013\u00a01535\u00a0m.\u00a0liepos 6\u00a0d.) \u2013\u00a0angl\u0173\u00a0advokatas, ra\u0161ytojas,\" \/>\n<meta name=\"robots\" content=\"index, follow, max-snippet:-1, max-image-preview:large, max-video-preview:-1\" \/>\n<link rel=\"canonical\" href=\"https:\/\/skaitytaknyga.lt\/en\/produktas\/dante-skaistykla\/\" \/>\n<meta property=\"og:locale\" content=\"en_GB\" \/>\n<meta property=\"og:locale:alternate\" content=\"lt_LT\" \/>\n<meta property=\"og:type\" content=\"article\" \/>\n<meta property=\"og:title\" content=\"Tomas Moras \u201eUtopija\u201c (\u012fply\u0161es aplankas)\" \/>\n<meta property=\"og:description\" content=\"Tomas Moras\u00a0(angl.\u00a0Ser Thomas More,\u00a0\u0160ventasis Tomas Moras, g.\u00a01478\u00a0m.\u00a0vasario 7\u00a0d. Londone \u2013\u00a01535\u00a0m.\u00a0liepos 6\u00a0d.) \u2013\u00a0angl\u0173\u00a0advokatas, ra\u0161ytojas,\" \/>\n<meta property=\"og:url\" content=\"https:\/\/skaitytaknyga.lt\/en\/produktas\/dante-skaistykla\/\" \/>\n<meta property=\"og:site_name\" content=\"Skaitytaknyga\" \/>\n<meta property=\"article:publisher\" content=\"https:\/\/www.facebook.com\/skaitytaknyga\/\" \/>\n<meta property=\"article:modified_time\" content=\"2025-12-21T13:11:31+00:00\" \/>\n<meta property=\"og:image\" content=\"https:\/\/skaitytaknyga.lt\/wp-content\/uploads\/2024\/08\/Utopija_20211212001A-625x794_0-e1723313369974.jpg\" \/>\n\t<meta property=\"og:image:width\" content=\"471\" \/>\n\t<meta property=\"og:image:height\" content=\"776\" \/>\n\t<meta property=\"og:image:type\" content=\"image\/jpeg\" \/>\n<meta name=\"twitter:card\" content=\"summary_large_image\" \/>\n<meta name=\"twitter:label1\" content=\"Estimated reading time\" \/>\n\t<meta name=\"twitter:data1\" content=\"1 minute\" \/>\n<script type=\"application\/ld+json\" class=\"yoast-schema-graph\">{\"@context\":\"https:\/\/schema.org\",\"@graph\":[{\"@type\":\"WebPage\",\"@id\":\"https:\/\/skaitytaknyga.lt\/produktas\/dante-skaistykla\/\",\"url\":\"https:\/\/skaitytaknyga.lt\/produktas\/dante-skaistykla\/\",\"name\":\"Tomas Moras \u201eUtopija\u201c (\u012fply\u0161es aplankas)\",\"isPartOf\":{\"@id\":\"https:\/\/skaitytaknyga.lt\/#website\"},\"primaryImageOfPage\":{\"@id\":\"https:\/\/skaitytaknyga.lt\/produktas\/dante-skaistykla\/#primaryimage\"},\"image\":{\"@id\":\"https:\/\/skaitytaknyga.lt\/produktas\/dante-skaistykla\/#primaryimage\"},\"thumbnailUrl\":\"https:\/\/skaitytaknyga.lt\/wp-content\/uploads\/2024\/08\/Utopija_20211212001A-625x794_0-e1723313369974.jpg\",\"datePublished\":\"2024-08-10T18:07:39+00:00\",\"dateModified\":\"2025-12-21T13:11:31+00:00\",\"description\":\"Tomas Moras\u00a0(angl.\u00a0Ser Thomas More,\u00a0\u0160ventasis Tomas Moras, g.\u00a01478\u00a0m.\u00a0vasario 7\u00a0d. Londone \u2013\u00a01535\u00a0m.\u00a0liepos 6\u00a0d.) \u2013\u00a0angl\u0173\u00a0advokatas, ra\u0161ytojas,\",\"breadcrumb\":{\"@id\":\"https:\/\/skaitytaknyga.lt\/produktas\/dante-skaistykla\/#breadcrumb\"},\"inLanguage\":\"en-GB\",\"potentialAction\":[{\"@type\":\"ReadAction\",\"target\":[\"https:\/\/skaitytaknyga.lt\/produktas\/dante-skaistykla\/\"]}]},{\"@type\":\"ImageObject\",\"inLanguage\":\"en-GB\",\"@id\":\"https:\/\/skaitytaknyga.lt\/produktas\/dante-skaistykla\/#primaryimage\",\"url\":\"https:\/\/skaitytaknyga.lt\/wp-content\/uploads\/2024\/08\/Utopija_20211212001A-625x794_0-e1723313369974.jpg\",\"contentUrl\":\"https:\/\/skaitytaknyga.lt\/wp-content\/uploads\/2024\/08\/Utopija_20211212001A-625x794_0-e1723313369974.jpg\",\"width\":471,\"height\":776,\"caption\":\"Tomas Moras Utopija\"},{\"@type\":\"BreadcrumbList\",\"@id\":\"https:\/\/skaitytaknyga.lt\/produktas\/dante-skaistykla\/#breadcrumb\",\"itemListElement\":[{\"@type\":\"ListItem\",\"position\":1,\"name\":\"Home\",\"item\":\"https:\/\/skaitytaknyga.lt\/\"},{\"@type\":\"ListItem\",\"position\":2,\"name\":\"Parduotuv\u0117\",\"item\":\"https:\/\/skaitytaknyga.lt\/knygu-parduotuve\/\"},{\"@type\":\"ListItem\",\"position\":3,\"name\":\"Tomas Moras \u201eUtopija\u201c (\u012fply\u0161es aplankas)\"}]},{\"@type\":\"WebSite\",\"@id\":\"https:\/\/skaitytaknyga.lt\/#website\",\"url\":\"https:\/\/skaitytaknyga.lt\/\",\"name\":\"skaitytaknyga.lt\",\"description\":\"Skaitytaknyga.lt \u2013 tai ma\u017eas \u0161eimos verslas, kuris prasid\u0117jo nuo meil\u0117s knygoms ir siekio i\u0161gelb\u0117ti knygas nuo likimo prie konteinerio. Kas vienam nereikalingas daiktas \u2013 kitam lobis, o mes esame tarpininkai, kurie padeda abiems tapti laimingesniems ???? \u017dinome kaip nelengva i\u0161gyventi ma\u017eiems verslams, tad nuo \u0161iol, \u010dia rasite ir kit\u0173, ma\u017e\u0173 \u0161eim\u0173 versl\u0173, rank\u0173 darbo, dovan\u0173 sau ir artimiesiems.\",\"publisher\":{\"@id\":\"https:\/\/skaitytaknyga.lt\/#organization\"},\"potentialAction\":[{\"@type\":\"SearchAction\",\"target\":{\"@type\":\"EntryPoint\",\"urlTemplate\":\"https:\/\/skaitytaknyga.lt\/?s={search_term_string}\"},\"query-input\":{\"@type\":\"PropertyValueSpecification\",\"valueRequired\":true,\"valueName\":\"search_term_string\"}}],\"inLanguage\":\"en-GB\"},{\"@type\":\"Organization\",\"@id\":\"https:\/\/skaitytaknyga.lt\/#organization\",\"name\":\"skaitytaknyga.lt\",\"url\":\"https:\/\/skaitytaknyga.lt\/\",\"logo\":{\"@type\":\"ImageObject\",\"inLanguage\":\"en-GB\",\"@id\":\"https:\/\/skaitytaknyga.lt\/#\/schema\/logo\/image\/\",\"url\":\"https:\/\/skaitytaknyga.lt\/wp-content\/uploads\/2024\/05\/cropped-cropped-cropped-02_00843_jt3bggkj1j3HLc7SyY6rEUpg.jpeg\",\"contentUrl\":\"https:\/\/skaitytaknyga.lt\/wp-content\/uploads\/2024\/05\/cropped-cropped-cropped-02_00843_jt3bggkj1j3HLc7SyY6rEUpg.jpeg\",\"width\":1600,\"height\":1600,\"caption\":\"skaitytaknyga.lt\"},\"image\":{\"@id\":\"https:\/\/skaitytaknyga.lt\/#\/schema\/logo\/image\/\"},\"sameAs\":[\"https:\/\/www.facebook.com\/skaitytaknyga\/\"]}]}<\/script>\n<!-- \/ Yoast SEO plugin. -->","yoast_head_json":{"title":"Tomas Moras \u201eUtopija\u201c (\u012fply\u0161es aplankas)","description":"Tomas Moras\u00a0(angl.\u00a0Ser Thomas More,\u00a0\u0160ventasis Tomas Moras, g.\u00a01478\u00a0m.\u00a0vasario 7\u00a0d. Londone \u2013\u00a01535\u00a0m.\u00a0liepos 6\u00a0d.) \u2013\u00a0angl\u0173\u00a0advokatas, ra\u0161ytojas,","robots":{"index":"index","follow":"follow","max-snippet":"max-snippet:-1","max-image-preview":"max-image-preview:large","max-video-preview":"max-video-preview:-1"},"canonical":"https:\/\/skaitytaknyga.lt\/en\/produktas\/dante-skaistykla\/","og_locale":"en_GB","og_type":"article","og_title":"[:lt]Tomas Moras \u201eUtopija\u201c (\u012fply\u0161es aplankas)[:] - Skaitytaknyga","og_description":"Tomas Moras\u00a0(angl.\u00a0Ser Thomas More,\u00a0\u0160ventasis Tomas Moras, g.\u00a01478\u00a0m.\u00a0vasario 7\u00a0d. Londone \u2013\u00a01535\u00a0m.\u00a0liepos 6\u00a0d.) \u2013\u00a0angl\u0173\u00a0advokatas, ra\u0161ytojas,","og_url":"https:\/\/skaitytaknyga.lt\/en\/produktas\/dante-skaistykla\/","og_site_name":"Skaitytaknyga","article_publisher":"https:\/\/www.facebook.com\/skaitytaknyga\/","article_modified_time":"2025-12-21T13:11:31+00:00","og_image":[{"width":471,"height":776,"url":"https:\/\/skaitytaknyga.lt\/wp-content\/uploads\/2024\/08\/Utopija_20211212001A-625x794_0-e1723313369974.jpg","type":"image\/jpeg"}],"twitter_card":"summary_large_image","twitter_misc":{"Estimated reading time":"1 minute"},"schema":{"@context":"https:\/\/schema.org","@graph":[{"@type":"WebPage","@id":"https:\/\/skaitytaknyga.lt\/produktas\/dante-skaistykla\/","url":"https:\/\/skaitytaknyga.lt\/produktas\/dante-skaistykla\/","name":"Tomas Moras \u201eUtopija\u201c (\u012fply\u0161es aplankas)","isPartOf":{"@id":"https:\/\/skaitytaknyga.lt\/#website"},"primaryImageOfPage":{"@id":"https:\/\/skaitytaknyga.lt\/produktas\/dante-skaistykla\/#primaryimage"},"image":{"@id":"https:\/\/skaitytaknyga.lt\/produktas\/dante-skaistykla\/#primaryimage"},"thumbnailUrl":"https:\/\/skaitytaknyga.lt\/wp-content\/uploads\/2024\/08\/Utopija_20211212001A-625x794_0-e1723313369974.jpg","datePublished":"2024-08-10T18:07:39+00:00","dateModified":"2025-12-21T13:11:31+00:00","description":"Tomas Moras\u00a0(angl.\u00a0Ser Thomas More,\u00a0\u0160ventasis Tomas Moras, g.\u00a01478\u00a0m.\u00a0vasario 7\u00a0d. Londone \u2013\u00a01535\u00a0m.\u00a0liepos 6\u00a0d.) \u2013\u00a0angl\u0173\u00a0advokatas, ra\u0161ytojas,","breadcrumb":{"@id":"https:\/\/skaitytaknyga.lt\/produktas\/dante-skaistykla\/#breadcrumb"},"inLanguage":"en-GB","potentialAction":[{"@type":"ReadAction","target":["https:\/\/skaitytaknyga.lt\/produktas\/dante-skaistykla\/"]}]},{"@type":"ImageObject","inLanguage":"en-GB","@id":"https:\/\/skaitytaknyga.lt\/produktas\/dante-skaistykla\/#primaryimage","url":"https:\/\/skaitytaknyga.lt\/wp-content\/uploads\/2024\/08\/Utopija_20211212001A-625x794_0-e1723313369974.jpg","contentUrl":"https:\/\/skaitytaknyga.lt\/wp-content\/uploads\/2024\/08\/Utopija_20211212001A-625x794_0-e1723313369974.jpg","width":471,"height":776,"caption":"Tomas Moras Utopija"},{"@type":"BreadcrumbList","@id":"https:\/\/skaitytaknyga.lt\/produktas\/dante-skaistykla\/#breadcrumb","itemListElement":[{"@type":"ListItem","position":1,"name":"Home","item":"https:\/\/skaitytaknyga.lt\/"},{"@type":"ListItem","position":2,"name":"Parduotuv\u0117","item":"https:\/\/skaitytaknyga.lt\/knygu-parduotuve\/"},{"@type":"ListItem","position":3,"name":"Tomas Moras \u201eUtopija\u201c (\u012fply\u0161es aplankas)"}]},{"@type":"WebSite","@id":"https:\/\/skaitytaknyga.lt\/#website","url":"https:\/\/skaitytaknyga.lt\/","name":"skaitytaknyga.lt","description":"Skaitytaknyga.lt \u2013 tai ma\u017eas \u0161eimos verslas, kuris prasid\u0117jo nuo meil\u0117s knygoms ir siekio i\u0161gelb\u0117ti knygas nuo likimo prie konteinerio. Kas vienam nereikalingas daiktas \u2013 kitam lobis, o mes esame tarpininkai, kurie padeda abiems tapti laimingesniems ???? \u017dinome kaip nelengva i\u0161gyventi ma\u017eiems verslams, tad nuo \u0161iol, \u010dia rasite ir kit\u0173, ma\u017e\u0173 \u0161eim\u0173 versl\u0173, rank\u0173 darbo, dovan\u0173 sau ir artimiesiems.","publisher":{"@id":"https:\/\/skaitytaknyga.lt\/#organization"},"potentialAction":[{"@type":"SearchAction","target":{"@type":"EntryPoint","urlTemplate":"https:\/\/skaitytaknyga.lt\/?s={search_term_string}"},"query-input":{"@type":"PropertyValueSpecification","valueRequired":true,"valueName":"search_term_string"}}],"inLanguage":"en-GB"},{"@type":"Organization","@id":"https:\/\/skaitytaknyga.lt\/#organization","name":"skaitytaknyga.lt","url":"https:\/\/skaitytaknyga.lt\/","logo":{"@type":"ImageObject","inLanguage":"en-GB","@id":"https:\/\/skaitytaknyga.lt\/#\/schema\/logo\/image\/","url":"https:\/\/skaitytaknyga.lt\/wp-content\/uploads\/2024\/05\/cropped-cropped-cropped-02_00843_jt3bggkj1j3HLc7SyY6rEUpg.jpeg","contentUrl":"https:\/\/skaitytaknyga.lt\/wp-content\/uploads\/2024\/05\/cropped-cropped-cropped-02_00843_jt3bggkj1j3HLc7SyY6rEUpg.jpeg","width":1600,"height":1600,"caption":"skaitytaknyga.lt"},"image":{"@id":"https:\/\/skaitytaknyga.lt\/#\/schema\/logo\/image\/"},"sameAs":["https:\/\/www.facebook.com\/skaitytaknyga\/"]}]}},"_links":{"self":[{"href":"https:\/\/skaitytaknyga.lt\/en\/wp-json\/wp\/v2\/product\/13414","targetHints":{"allow":["GET"]}}],"collection":[{"href":"https:\/\/skaitytaknyga.lt\/en\/wp-json\/wp\/v2\/product"}],"about":[{"href":"https:\/\/skaitytaknyga.lt\/en\/wp-json\/wp\/v2\/types\/product"}],"replies":[{"embeddable":true,"href":"https:\/\/skaitytaknyga.lt\/en\/wp-json\/wp\/v2\/comments?post=13414"}],"wp:featuredmedia":[{"embeddable":true,"href":"https:\/\/skaitytaknyga.lt\/en\/wp-json\/wp\/v2\/media\/13415"}],"wp:attachment":[{"href":"https:\/\/skaitytaknyga.lt\/en\/wp-json\/wp\/v2\/media?parent=13414"}],"wp:term":[{"taxonomy":"product_brand","embeddable":true,"href":"https:\/\/skaitytaknyga.lt\/en\/wp-json\/wp\/v2\/product_brand?post=13414"},{"taxonomy":"product_cat","embeddable":true,"href":"https:\/\/skaitytaknyga.lt\/en\/wp-json\/wp\/v2\/product_cat?post=13414"},{"taxonomy":"product_tag","embeddable":true,"href":"https:\/\/skaitytaknyga.lt\/en\/wp-json\/wp\/v2\/product_tag?post=13414"}],"curies":[{"name":"wp","href":"https:\/\/api.w.org\/{rel}","templated":true}]}}