{"id":13406,"date":"2024-08-10T20:40:12","date_gmt":"2024-08-10T17:40:12","guid":{"rendered":"https:\/\/skaitytaknyga.lt\/?post_type=product&#038;p=13406"},"modified":"2026-03-17T11:49:05","modified_gmt":"2026-03-17T09:49:05","slug":"mario-puzo-krikstatevis","status":"publish","type":"product","link":"https:\/\/skaitytaknyga.lt\/en\/produktas\/mario-puzo-krikstatevis\/","title":{"rendered":"Krik\u0161tat\u0117vis"},"content":{"rendered":"<p><strong>Per vis\u0105 pasaul\u012f nuskamb\u0117j\u0119s Mario Puzo romanas\u00a0\u2013 tai i\u0161tisa Korleoni\u0173 \u0161eimos epop\u0117ja.<\/strong><\/p>\n<p>Meil\u0117 ir mirtis, garb\u0117s tro\u0161kimas ir nusi\u017eeminimas persipina ir i\u0161silieja \u012f \u017e\u016btb\u016btin\u0119 kov\u0105 u\u017e savo tvirt\u0105 viet\u0105 tarp mafijos gali\u016bn\u0173. Tai romanas, pulsuojantis dramatizmu, \u017eiauriu pyk\u010diu ir baime. Ra\u0161ytojas \u012fveda mus \u012f smurtu u\u017ekr\u0117st\u0105 mafijos pasaul\u012f ir jos gauj\u0173 karus. Jis parodo teismus, kai teisiama \u0161\u016bviais ir kankinimais.<\/p>\n<p>Krik\u0161tat\u0117vis\u00a0\u2013 mafijos vadas Vitas Korleon\u0117, gera\u0161irdi\u0161kas despotas, kelyje \u012f vald\u017ei\u0105 nesustoj\u0119s prie\u0161 niek\u0105. Jis draugi\u0161kas, teisingas, protingas ir&#8230; \u017eiauriausias gaujos vadas visoje Cosa Nostra.<\/p>\n<p>Krik\u0161tat\u0117vio vadaviet\u0117\u00a0\u2013 tvirtov\u0117 Long Ailende, i\u0161 \u010dia jis valdo mil\u017eini\u0161k\u0105 pagrindin\u0119 imperij\u0105, kuriai priklauso reketas, lo\u0161imai, la\u017eybos. Tironas, \u0161anta\u017euotojas, \u017eudikas &#8211; jis dovanoja savo draugyst\u0119 (niekas nedr\u012fsta jos atstumti), atlygina neteisybes (net nu\u017eudymas n\u0117ra per didel\u0117 &#8220;teisingumo&#8221; kaina). Jo \u012ftaka siekia visus JAV visuomen\u0117s sluoksnius, nuo patruliuojan\u010dio policininko iki auk\u0161\u010diausios vald\u017eios.<\/p>\n<p>M. Puzo pristato mums nepaprast\u0105 vyr\u0173 ir moter\u0173 galerij\u0105, parodo feodaliniais principais valdom\u0105 mafioz\u0173 pasaul\u012f.<\/p>\n<ul class=\"about-product d-none d-xl-block mt-4\">\n<li><strong>Autorius:<\/strong>\u00a0<a href=\"https:\/\/skaitytaknyga.lt\/?s=puzo&#038;post_type=product&#038;dgwt_wcas=1\">Mario Puzo<\/a><\/li>\n<li><strong>Leid\u0117jas:<\/strong>\u00a0Alma littera<\/li>\n<li><strong>Metai:<\/strong>\u00a01991<\/li>\n<li><strong>Puslapiai:<\/strong>\u00a0398<\/li>\n<li><strong>ISBN-10:<\/strong>\u00a0589942284X<\/li>\n<li><strong>ISBN-13:<\/strong>\u00a09785899422843<\/li>\n<li><strong>Formatas:<\/strong>\u00a015 x 24,2 cm, kieti vir\u0161eliai<\/li>\n<li><strong>Kalba:<\/strong>\u00a0Lietuvi\u0173<\/li>\n<li><strong>Vert\u0117jas:<\/strong>\u00a0Vytautas Petrukaitis<\/li>\n<\/ul>\n","protected":false},"excerpt":{"rendered":"<p>&nbsp;<\/p>\n<p>&nbsp;<\/p>\n","protected":false},"featured_media":13407,"comment_status":"closed","ping_status":"closed","template":"","meta":{"_acf_changed":false,"site-sidebar-layout":"default","site-content-layout":"","ast-site-content-layout":"default","site-content-style":"default","site-sidebar-style":"default","ast-global-header-display":"","ast-banner-title-visibility":"","ast-main-header-display":"","ast-hfb-above-header-display":"","ast-hfb-below-header-display":"","ast-hfb-mobile-header-display":"","site-post-title":"","ast-breadcrumbs-content":"","ast-featured-img":"","footer-sml-layout":"","ast-disable-related-posts":"","theme-transparent-header-meta":"default","adv-header-id-meta":"","stick-header-meta":"","header-above-stick-meta":"","header-main-stick-meta":"","header-below-stick-meta":"","astra-migrate-meta-layouts":"set","ast-page-background-enabled":"default","ast-page-background-meta":{"desktop":{"background-color":"","background-image":"","background-repeat":"repeat","background-position":"center center","background-size":"auto","background-attachment":"scroll","background-type":"","background-media":"","overlay-type":"","overlay-color":"","overlay-opacity":"","overlay-gradient":""},"tablet":{"background-color":"","background-image":"","background-repeat":"repeat","background-position":"center center","background-size":"auto","background-attachment":"scroll","background-type":"","background-media":"","overlay-type":"","overlay-color":"","overlay-opacity":"","overlay-gradient":""},"mobile":{"background-color":"","background-image":"","background-repeat":"repeat","background-position":"center center","background-size":"auto","background-attachment":"scroll","background-type":"","background-media":"","overlay-type":"","overlay-color":"","overlay-opacity":"","overlay-gradient":""}},"ast-content-background-meta":{"desktop":{"background-color":"var(--ast-global-color-4)","background-image":"","background-repeat":"repeat","background-position":"center center","background-size":"auto","background-attachment":"scroll","background-type":"","background-media":"","overlay-type":"","overlay-color":"","overlay-opacity":"","overlay-gradient":""},"tablet":{"background-color":"var(--ast-global-color-4)","background-image":"","background-repeat":"repeat","background-position":"center center","background-size":"auto","background-attachment":"scroll","background-type":"","background-media":"","overlay-type":"","overlay-color":"","overlay-opacity":"","overlay-gradient":""},"mobile":{"background-color":"var(--ast-global-color-4)","background-image":"","background-repeat":"repeat","background-position":"center center","background-size":"auto","background-attachment":"scroll","background-type":"","background-media":"","overlay-type":"","overlay-color":"","overlay-opacity":"","overlay-gradient":""}}},"product_brand":[],"product_cat":[9734],"product_tag":[1437,4345,4346,1728,4027,1745],"class_list":{"0":"post-13406","1":"product","2":"type-product","3":"status-publish","4":"has-post-thumbnail","6":"product_cat-romanai","7":"product_tag-klasika","8":"product_tag-korleone","9":"product_tag-kriminalinis","10":"product_tag-mafija","11":"product_tag-mario-puzo","12":"product_tag-romanas","13":"desktop-align-left","14":"tablet-align-left","15":"mobile-align-left","17":"first","18":"instock","19":"shipping-taxable","20":"purchasable","21":"product-type-simple"},"acf":[],"yoast_head":"<!-- This site is optimized with the Yoast SEO plugin v27.0 - https:\/\/yoast.com\/product\/yoast-seo-wordpress\/ -->\n<title>Krik\u0161tat\u0117vis<\/title>\n<meta name=\"description\" content=\"Krik\u0161tat\u0117vis\u00a0\u2013 mafijos vadas Vitas Korleon\u0117, gera\u0161irdi\u0161kas despotas, kelyje \u012f vald\u017ei\u0105 nesustoj\u0119s prie\u0161 niek\u0105. Jis draugi\u0161kas, teisingas, protingas ir... \u017eiauriausias gaujos vadas visoje Cosa Nostra.\" \/>\n<meta name=\"robots\" content=\"index, follow, max-snippet:-1, max-image-preview:large, max-video-preview:-1\" \/>\n<link rel=\"canonical\" href=\"https:\/\/skaitytaknyga.lt\/en\/produktas\/mario-puzo-krikstatevis\/\" \/>\n<meta property=\"og:locale\" content=\"en_GB\" \/>\n<meta property=\"og:locale:alternate\" content=\"lt_LT\" \/>\n<meta property=\"og:type\" content=\"article\" \/>\n<meta property=\"og:title\" content=\"Krik\u0161tat\u0117vis\" \/>\n<meta property=\"og:description\" content=\"Krik\u0161tat\u0117vis\u00a0\u2013 mafijos vadas Vitas Korleon\u0117, gera\u0161irdi\u0161kas despotas, kelyje \u012f vald\u017ei\u0105 nesustoj\u0119s prie\u0161 niek\u0105. Jis draugi\u0161kas, teisingas, protingas ir... \u017eiauriausias gaujos vadas visoje Cosa Nostra.\" \/>\n<meta property=\"og:url\" content=\"https:\/\/skaitytaknyga.lt\/en\/produktas\/mario-puzo-krikstatevis\/\" \/>\n<meta property=\"og:site_name\" content=\"Skaitytaknyga\" \/>\n<meta property=\"article:publisher\" content=\"https:\/\/www.facebook.com\/skaitytaknyga\/\" \/>\n<meta property=\"article:modified_time\" content=\"2026-03-17T09:49:05+00:00\" \/>\n<meta property=\"og:image\" content=\"https:\/\/skaitytaknyga.lt\/wp-content\/uploads\/2024\/08\/1462882189_img0008-001.webp\" \/>\n\t<meta property=\"og:image:width\" content=\"499\" \/>\n\t<meta property=\"og:image:height\" content=\"800\" \/>\n\t<meta property=\"og:image:type\" content=\"image\/webp\" \/>\n<meta name=\"twitter:card\" content=\"summary_large_image\" \/>\n<meta name=\"twitter:label1\" content=\"Estimated reading time\" \/>\n\t<meta name=\"twitter:data1\" content=\"2 minutes\" \/>\n<script type=\"application\/ld+json\" class=\"yoast-schema-graph\">{\"@context\":\"https:\/\/schema.org\",\"@graph\":[{\"@type\":\"WebPage\",\"@id\":\"https:\/\/skaitytaknyga.lt\/produktas\/mario-puzo-krikstatevis\/\",\"url\":\"https:\/\/skaitytaknyga.lt\/produktas\/mario-puzo-krikstatevis\/\",\"name\":\"Krik\u0161tat\u0117vis\",\"isPartOf\":{\"@id\":\"https:\/\/skaitytaknyga.lt\/#website\"},\"primaryImageOfPage\":{\"@id\":\"https:\/\/skaitytaknyga.lt\/produktas\/mario-puzo-krikstatevis\/#primaryimage\"},\"image\":{\"@id\":\"https:\/\/skaitytaknyga.lt\/produktas\/mario-puzo-krikstatevis\/#primaryimage\"},\"thumbnailUrl\":\"https:\/\/skaitytaknyga.lt\/wp-content\/uploads\/2024\/08\/1462882189_img0008-001.webp\",\"datePublished\":\"2024-08-10T17:40:12+00:00\",\"dateModified\":\"2026-03-17T09:49:05+00:00\",\"description\":\"Krik\u0161tat\u0117vis\u00a0\u2013 mafijos vadas Vitas Korleon\u0117, gera\u0161irdi\u0161kas despotas, kelyje \u012f vald\u017ei\u0105 nesustoj\u0119s prie\u0161 niek\u0105. Jis draugi\u0161kas, teisingas, protingas ir... \u017eiauriausias gaujos vadas visoje Cosa Nostra.\",\"breadcrumb\":{\"@id\":\"https:\/\/skaitytaknyga.lt\/produktas\/mario-puzo-krikstatevis\/#breadcrumb\"},\"inLanguage\":\"en-GB\",\"potentialAction\":[{\"@type\":\"ReadAction\",\"target\":[\"https:\/\/skaitytaknyga.lt\/produktas\/mario-puzo-krikstatevis\/\"]}]},{\"@type\":\"ImageObject\",\"inLanguage\":\"en-GB\",\"@id\":\"https:\/\/skaitytaknyga.lt\/produktas\/mario-puzo-krikstatevis\/#primaryimage\",\"url\":\"https:\/\/skaitytaknyga.lt\/wp-content\/uploads\/2024\/08\/1462882189_img0008-001.webp\",\"contentUrl\":\"https:\/\/skaitytaknyga.lt\/wp-content\/uploads\/2024\/08\/1462882189_img0008-001.webp\",\"width\":499,\"height\":800,\"caption\":\"Mario Puzo \u201eKrik\u0161tat\u0117vis\u201c\"},{\"@type\":\"BreadcrumbList\",\"@id\":\"https:\/\/skaitytaknyga.lt\/produktas\/mario-puzo-krikstatevis\/#breadcrumb\",\"itemListElement\":[{\"@type\":\"ListItem\",\"position\":1,\"name\":\"Home\",\"item\":\"https:\/\/skaitytaknyga.lt\/\"},{\"@type\":\"ListItem\",\"position\":2,\"name\":\"Parduotuv\u0117\",\"item\":\"https:\/\/skaitytaknyga.lt\/knygu-parduotuve\/\"},{\"@type\":\"ListItem\",\"position\":3,\"name\":\"Krik\u0161tat\u0117vis\"}]},{\"@type\":\"WebSite\",\"@id\":\"https:\/\/skaitytaknyga.lt\/#website\",\"url\":\"https:\/\/skaitytaknyga.lt\/\",\"name\":\"skaitytaknyga.lt\",\"description\":\"Skaitytaknyga.lt \u2013 tai ma\u017eas \u0161eimos verslas, kuris prasid\u0117jo nuo meil\u0117s knygoms ir siekio i\u0161gelb\u0117ti knygas nuo likimo prie konteinerio. Kas vienam nereikalingas daiktas \u2013 kitam lobis, o mes esame tarpininkai, kurie padeda abiems tapti laimingesniems ???? \u017dinome kaip nelengva i\u0161gyventi ma\u017eiems verslams, tad nuo \u0161iol, \u010dia rasite ir kit\u0173, ma\u017e\u0173 \u0161eim\u0173 versl\u0173, rank\u0173 darbo, dovan\u0173 sau ir artimiesiems.\",\"publisher\":{\"@id\":\"https:\/\/skaitytaknyga.lt\/#organization\"},\"potentialAction\":[{\"@type\":\"SearchAction\",\"target\":{\"@type\":\"EntryPoint\",\"urlTemplate\":\"https:\/\/skaitytaknyga.lt\/?s={search_term_string}\"},\"query-input\":{\"@type\":\"PropertyValueSpecification\",\"valueRequired\":true,\"valueName\":\"search_term_string\"}}],\"inLanguage\":\"en-GB\"},{\"@type\":\"Organization\",\"@id\":\"https:\/\/skaitytaknyga.lt\/#organization\",\"name\":\"skaitytaknyga.lt\",\"url\":\"https:\/\/skaitytaknyga.lt\/\",\"logo\":{\"@type\":\"ImageObject\",\"inLanguage\":\"en-GB\",\"@id\":\"https:\/\/skaitytaknyga.lt\/#\/schema\/logo\/image\/\",\"url\":\"https:\/\/skaitytaknyga.lt\/wp-content\/uploads\/2024\/05\/cropped-cropped-cropped-02_00843_jt3bggkj1j3HLc7SyY6rEUpg.jpeg\",\"contentUrl\":\"https:\/\/skaitytaknyga.lt\/wp-content\/uploads\/2024\/05\/cropped-cropped-cropped-02_00843_jt3bggkj1j3HLc7SyY6rEUpg.jpeg\",\"width\":1600,\"height\":1600,\"caption\":\"skaitytaknyga.lt\"},\"image\":{\"@id\":\"https:\/\/skaitytaknyga.lt\/#\/schema\/logo\/image\/\"},\"sameAs\":[\"https:\/\/www.facebook.com\/skaitytaknyga\/\"]}]}<\/script>\n<!-- \/ Yoast SEO plugin. -->","yoast_head_json":{"title":"Krik\u0161tat\u0117vis","description":"Krik\u0161tat\u0117vis\u00a0\u2013 mafijos vadas Vitas Korleon\u0117, gera\u0161irdi\u0161kas despotas, kelyje \u012f vald\u017ei\u0105 nesustoj\u0119s prie\u0161 niek\u0105. Jis draugi\u0161kas, teisingas, protingas ir... \u017eiauriausias gaujos vadas visoje Cosa Nostra.","robots":{"index":"index","follow":"follow","max-snippet":"max-snippet:-1","max-image-preview":"max-image-preview:large","max-video-preview":"max-video-preview:-1"},"canonical":"https:\/\/skaitytaknyga.lt\/en\/produktas\/mario-puzo-krikstatevis\/","og_locale":"en_GB","og_type":"article","og_title":"[:lt]Krik\u0161tat\u0117vis[:] - Skaitytaknyga","og_description":"Krik\u0161tat\u0117vis\u00a0\u2013 mafijos vadas Vitas Korleon\u0117, gera\u0161irdi\u0161kas despotas, kelyje \u012f vald\u017ei\u0105 nesustoj\u0119s prie\u0161 niek\u0105. Jis draugi\u0161kas, teisingas, protingas ir... \u017eiauriausias gaujos vadas visoje Cosa Nostra.","og_url":"https:\/\/skaitytaknyga.lt\/en\/produktas\/mario-puzo-krikstatevis\/","og_site_name":"Skaitytaknyga","article_publisher":"https:\/\/www.facebook.com\/skaitytaknyga\/","article_modified_time":"2026-03-17T09:49:05+00:00","og_image":[{"width":499,"height":800,"url":"https:\/\/skaitytaknyga.lt\/wp-content\/uploads\/2024\/08\/1462882189_img0008-001.webp","type":"image\/webp"}],"twitter_card":"summary_large_image","twitter_misc":{"Estimated reading time":"2 minutes"},"schema":{"@context":"https:\/\/schema.org","@graph":[{"@type":"WebPage","@id":"https:\/\/skaitytaknyga.lt\/produktas\/mario-puzo-krikstatevis\/","url":"https:\/\/skaitytaknyga.lt\/produktas\/mario-puzo-krikstatevis\/","name":"Krik\u0161tat\u0117vis","isPartOf":{"@id":"https:\/\/skaitytaknyga.lt\/#website"},"primaryImageOfPage":{"@id":"https:\/\/skaitytaknyga.lt\/produktas\/mario-puzo-krikstatevis\/#primaryimage"},"image":{"@id":"https:\/\/skaitytaknyga.lt\/produktas\/mario-puzo-krikstatevis\/#primaryimage"},"thumbnailUrl":"https:\/\/skaitytaknyga.lt\/wp-content\/uploads\/2024\/08\/1462882189_img0008-001.webp","datePublished":"2024-08-10T17:40:12+00:00","dateModified":"2026-03-17T09:49:05+00:00","description":"Krik\u0161tat\u0117vis\u00a0\u2013 mafijos vadas Vitas Korleon\u0117, gera\u0161irdi\u0161kas despotas, kelyje \u012f vald\u017ei\u0105 nesustoj\u0119s prie\u0161 niek\u0105. Jis draugi\u0161kas, teisingas, protingas ir... \u017eiauriausias gaujos vadas visoje Cosa Nostra.","breadcrumb":{"@id":"https:\/\/skaitytaknyga.lt\/produktas\/mario-puzo-krikstatevis\/#breadcrumb"},"inLanguage":"en-GB","potentialAction":[{"@type":"ReadAction","target":["https:\/\/skaitytaknyga.lt\/produktas\/mario-puzo-krikstatevis\/"]}]},{"@type":"ImageObject","inLanguage":"en-GB","@id":"https:\/\/skaitytaknyga.lt\/produktas\/mario-puzo-krikstatevis\/#primaryimage","url":"https:\/\/skaitytaknyga.lt\/wp-content\/uploads\/2024\/08\/1462882189_img0008-001.webp","contentUrl":"https:\/\/skaitytaknyga.lt\/wp-content\/uploads\/2024\/08\/1462882189_img0008-001.webp","width":499,"height":800,"caption":"Mario Puzo \u201eKrik\u0161tat\u0117vis\u201c"},{"@type":"BreadcrumbList","@id":"https:\/\/skaitytaknyga.lt\/produktas\/mario-puzo-krikstatevis\/#breadcrumb","itemListElement":[{"@type":"ListItem","position":1,"name":"Home","item":"https:\/\/skaitytaknyga.lt\/"},{"@type":"ListItem","position":2,"name":"Parduotuv\u0117","item":"https:\/\/skaitytaknyga.lt\/knygu-parduotuve\/"},{"@type":"ListItem","position":3,"name":"Krik\u0161tat\u0117vis"}]},{"@type":"WebSite","@id":"https:\/\/skaitytaknyga.lt\/#website","url":"https:\/\/skaitytaknyga.lt\/","name":"skaitytaknyga.lt","description":"Skaitytaknyga.lt \u2013 tai ma\u017eas \u0161eimos verslas, kuris prasid\u0117jo nuo meil\u0117s knygoms ir siekio i\u0161gelb\u0117ti knygas nuo likimo prie konteinerio. Kas vienam nereikalingas daiktas \u2013 kitam lobis, o mes esame tarpininkai, kurie padeda abiems tapti laimingesniems ???? \u017dinome kaip nelengva i\u0161gyventi ma\u017eiems verslams, tad nuo \u0161iol, \u010dia rasite ir kit\u0173, ma\u017e\u0173 \u0161eim\u0173 versl\u0173, rank\u0173 darbo, dovan\u0173 sau ir artimiesiems.","publisher":{"@id":"https:\/\/skaitytaknyga.lt\/#organization"},"potentialAction":[{"@type":"SearchAction","target":{"@type":"EntryPoint","urlTemplate":"https:\/\/skaitytaknyga.lt\/?s={search_term_string}"},"query-input":{"@type":"PropertyValueSpecification","valueRequired":true,"valueName":"search_term_string"}}],"inLanguage":"en-GB"},{"@type":"Organization","@id":"https:\/\/skaitytaknyga.lt\/#organization","name":"skaitytaknyga.lt","url":"https:\/\/skaitytaknyga.lt\/","logo":{"@type":"ImageObject","inLanguage":"en-GB","@id":"https:\/\/skaitytaknyga.lt\/#\/schema\/logo\/image\/","url":"https:\/\/skaitytaknyga.lt\/wp-content\/uploads\/2024\/05\/cropped-cropped-cropped-02_00843_jt3bggkj1j3HLc7SyY6rEUpg.jpeg","contentUrl":"https:\/\/skaitytaknyga.lt\/wp-content\/uploads\/2024\/05\/cropped-cropped-cropped-02_00843_jt3bggkj1j3HLc7SyY6rEUpg.jpeg","width":1600,"height":1600,"caption":"skaitytaknyga.lt"},"image":{"@id":"https:\/\/skaitytaknyga.lt\/#\/schema\/logo\/image\/"},"sameAs":["https:\/\/www.facebook.com\/skaitytaknyga\/"]}]}},"_links":{"self":[{"href":"https:\/\/skaitytaknyga.lt\/en\/wp-json\/wp\/v2\/product\/13406","targetHints":{"allow":["GET"]}}],"collection":[{"href":"https:\/\/skaitytaknyga.lt\/en\/wp-json\/wp\/v2\/product"}],"about":[{"href":"https:\/\/skaitytaknyga.lt\/en\/wp-json\/wp\/v2\/types\/product"}],"replies":[{"embeddable":true,"href":"https:\/\/skaitytaknyga.lt\/en\/wp-json\/wp\/v2\/comments?post=13406"}],"wp:featuredmedia":[{"embeddable":true,"href":"https:\/\/skaitytaknyga.lt\/en\/wp-json\/wp\/v2\/media\/13407"}],"wp:attachment":[{"href":"https:\/\/skaitytaknyga.lt\/en\/wp-json\/wp\/v2\/media?parent=13406"}],"wp:term":[{"taxonomy":"product_brand","embeddable":true,"href":"https:\/\/skaitytaknyga.lt\/en\/wp-json\/wp\/v2\/product_brand?post=13406"},{"taxonomy":"product_cat","embeddable":true,"href":"https:\/\/skaitytaknyga.lt\/en\/wp-json\/wp\/v2\/product_cat?post=13406"},{"taxonomy":"product_tag","embeddable":true,"href":"https:\/\/skaitytaknyga.lt\/en\/wp-json\/wp\/v2\/product_tag?post=13406"}],"curies":[{"name":"wp","href":"https:\/\/api.w.org\/{rel}","templated":true}]}}