{"id":13401,"date":"2024-08-10T20:28:14","date_gmt":"2024-08-10T17:28:14","guid":{"rendered":"https:\/\/skaitytaknyga.lt\/?post_type=product&#038;p=13401"},"modified":"2026-03-18T14:59:53","modified_gmt":"2026-03-18T12:59:53","slug":"vaiceno-burio-zutis","status":"publish","type":"product","link":"https:\/\/skaitytaknyga.lt\/en\/produktas\/vaiceno-burio-zutis\/","title":{"rendered":"Janina Sema\u0161kait\u0117 \u201eVai\u010d\u0117no b\u016brio \u017e\u016btis\u201c"},"content":{"rendered":"<p>\u0160i apybrai\u017ea apie tragi\u0161k\u0105 \u0161iaur\u0117s ryt\u0173 Lietuvos partizan\u0173 likim\u0105, tre\u010dios &#8220;Vytauto&#8221; apygardos penktos &#8220;Lokio&#8221; rinktin\u0117s &#8220;Vyties&#8221; kuopos vyrus, i\u0161 Obeli\u0173 ir Duset\u0173 apylinki\u0173, i\u0161 gra\u017eaus Vai\u010d\u0117n\u0173 kaimo i\u0161\u0117jusi\u0173 kovoti su &#8220;raudonuoju maru&#8221; d\u0117l T\u0117vyn\u0117s laisv\u0117s. Be to, leidinyje spausdinama archyvin\u0117 med\u017eiaga, lai\u0161kai, \u012fvyki\u0173 liudytoj\u0173 atsiminimai, nuotraukos.<\/p>\n<ul>\n<li><b>Leidimo data:<\/b>\u00a01994<\/li>\n<li>\n<div class=\"cfwc-custom-field-wrapper\"><b>Leidykla:<\/b>\u00a0Am\u017eius<\/div>\n<\/li>\n<li>\n<div class=\"cfwc-custom-field-wrapper\"><b>Knygos vir\u0161elis:\u00a0<\/b>Mink\u0161tas<\/div>\n<\/li>\n<li>\n<div class=\"cfwc-custom-field-wrapper\"><b>Knygos puslapi\u0173 skai\u010dius:\u00a0<\/b>265<\/div>\n<\/li>\n<\/ul>\n","protected":false},"excerpt":{"rendered":"<p>\u0160i apybrai\u017ea apie tragi\u0161k\u0105 \u0161iaur\u0117s ryt\u0173 Lietuvos partizan\u0173 likim\u0105, tre\u010dios &#8220;Vytauto&#8221; apygardos penktos &#8220;Lokio&#8221; rinktin\u0117s &#8220;Vyties&#8221; kuopos vyrus, i\u0161 Obeli\u0173 ir Duset\u0173 apylinki\u0173, i\u0161 gra\u017eaus Vai\u010d\u0117n\u0173 kaimo i\u0161\u0117jusi\u0173 kovoti su &#8220;raudonuoju maru&#8221; d\u0117l T\u0117vyn\u0117s laisv\u0117s. Be to, leidinyje spausdinama archyvin\u0117 med\u017eiaga, lai\u0161kai, \u012fvyki\u0173 liudytoj\u0173 atsiminimai, nuotraukos. Leidimo data:\u00a01994 Leidykla:\u00a0Am\u017eius Knygos vir\u0161elis:\u00a0Mink\u0161tas Knygos puslapi\u0173 skai\u010dius:\u00a0265<\/p>\n","protected":false},"featured_media":13422,"comment_status":"closed","ping_status":"closed","template":"","meta":{"_acf_changed":false,"site-sidebar-layout":"default","site-content-layout":"","ast-site-content-layout":"default","site-content-style":"default","site-sidebar-style":"default","ast-global-header-display":"","ast-banner-title-visibility":"","ast-main-header-display":"","ast-hfb-above-header-display":"","ast-hfb-below-header-display":"","ast-hfb-mobile-header-display":"","site-post-title":"","ast-breadcrumbs-content":"","ast-featured-img":"","footer-sml-layout":"","ast-disable-related-posts":"","theme-transparent-header-meta":"default","adv-header-id-meta":"","stick-header-meta":"","header-above-stick-meta":"","header-main-stick-meta":"","header-below-stick-meta":"","astra-migrate-meta-layouts":"set","ast-page-background-enabled":"default","ast-page-background-meta":{"desktop":{"background-color":"","background-image":"","background-repeat":"repeat","background-position":"center center","background-size":"auto","background-attachment":"scroll","background-type":"","background-media":"","overlay-type":"","overlay-color":"","overlay-opacity":"","overlay-gradient":""},"tablet":{"background-color":"","background-image":"","background-repeat":"repeat","background-position":"center center","background-size":"auto","background-attachment":"scroll","background-type":"","background-media":"","overlay-type":"","overlay-color":"","overlay-opacity":"","overlay-gradient":""},"mobile":{"background-color":"","background-image":"","background-repeat":"repeat","background-position":"center center","background-size":"auto","background-attachment":"scroll","background-type":"","background-media":"","overlay-type":"","overlay-color":"","overlay-opacity":"","overlay-gradient":""}},"ast-content-background-meta":{"desktop":{"background-color":"var(--ast-global-color-4)","background-image":"","background-repeat":"repeat","background-position":"center center","background-size":"auto","background-attachment":"scroll","background-type":"","background-media":"","overlay-type":"","overlay-color":"","overlay-opacity":"","overlay-gradient":""},"tablet":{"background-color":"var(--ast-global-color-4)","background-image":"","background-repeat":"repeat","background-position":"center center","background-size":"auto","background-attachment":"scroll","background-type":"","background-media":"","overlay-type":"","overlay-color":"","overlay-opacity":"","overlay-gradient":""},"mobile":{"background-color":"var(--ast-global-color-4)","background-image":"","background-repeat":"repeat","background-position":"center center","background-size":"auto","background-attachment":"scroll","background-type":"","background-media":"","overlay-type":"","overlay-color":"","overlay-opacity":"","overlay-gradient":""}}},"product_brand":[],"product_cat":[9862,174],"product_tag":[],"class_list":{"0":"post-13401","1":"product","2":"type-product","3":"status-publish","4":"has-post-thumbnail","6":"product_cat-lietuvos-istorija","7":"product_cat-istorija-ir-politologija","8":"desktop-align-left","9":"tablet-align-left","10":"mobile-align-left","12":"first","13":"instock","14":"shipping-taxable","15":"purchasable","16":"product-type-simple"},"acf":[],"yoast_head":"<!-- This site is optimized with the Yoast SEO plugin v27.0 - https:\/\/yoast.com\/product\/yoast-seo-wordpress\/ -->\n<title>Janina Sema\u0161kait\u0117 \u201eVai\u010d\u0117no b\u016brio \u017e\u016btis\u201c<\/title>\n<meta name=\"description\" content=\"\u0160i apybrai\u017ea apie tragi\u0161k\u0105 \u0161iaur\u0117s ryt\u0173 Lietuvos partizan\u0173 likim\u0105, tre\u010dios &quot;Vytauto&quot; apygardos penktos &quot;Lokio&quot; rinktin\u0117s &quot;Vyties&quot; kuopos vyrus, i\u0161 Obeli\u0173\" \/>\n<meta name=\"robots\" content=\"index, follow, max-snippet:-1, max-image-preview:large, max-video-preview:-1\" \/>\n<link rel=\"canonical\" href=\"https:\/\/skaitytaknyga.lt\/en\/produktas\/vaiceno-burio-zutis\/\" \/>\n<meta property=\"og:locale\" content=\"en_GB\" \/>\n<meta property=\"og:locale:alternate\" content=\"lt_LT\" \/>\n<meta property=\"og:type\" content=\"article\" \/>\n<meta property=\"og:title\" content=\"Janina Sema\u0161kait\u0117 \u201eVai\u010d\u0117no b\u016brio \u017e\u016btis\u201c\" \/>\n<meta property=\"og:description\" content=\"\u0160i apybrai\u017ea apie tragi\u0161k\u0105 \u0161iaur\u0117s ryt\u0173 Lietuvos partizan\u0173 likim\u0105, tre\u010dios &quot;Vytauto&quot; apygardos penktos &quot;Lokio&quot; rinktin\u0117s &quot;Vyties&quot; kuopos vyrus, i\u0161 Obeli\u0173\" \/>\n<meta property=\"og:url\" content=\"https:\/\/skaitytaknyga.lt\/en\/produktas\/vaiceno-burio-zutis\/\" \/>\n<meta property=\"og:site_name\" content=\"Skaitytaknyga\" \/>\n<meta property=\"article:publisher\" content=\"https:\/\/www.facebook.com\/skaitytaknyga\/\" \/>\n<meta property=\"article:modified_time\" content=\"2026-03-18T12:59:53+00:00\" \/>\n<meta property=\"og:image\" content=\"https:\/\/skaitytaknyga.lt\/wp-content\/uploads\/2024\/08\/163711-scanimage013-1.jpg\" \/>\n\t<meta property=\"og:image:width\" content=\"366\" \/>\n\t<meta property=\"og:image:height\" content=\"578\" \/>\n\t<meta property=\"og:image:type\" content=\"image\/jpeg\" \/>\n<meta name=\"twitter:card\" content=\"summary_large_image\" \/>\n<meta name=\"twitter:label1\" content=\"Estimated reading time\" \/>\n\t<meta name=\"twitter:data1\" content=\"1 minute\" \/>\n<script type=\"application\/ld+json\" class=\"yoast-schema-graph\">{\"@context\":\"https:\/\/schema.org\",\"@graph\":[{\"@type\":\"WebPage\",\"@id\":\"https:\/\/skaitytaknyga.lt\/produktas\/vaiceno-burio-zutis\/\",\"url\":\"https:\/\/skaitytaknyga.lt\/produktas\/vaiceno-burio-zutis\/\",\"name\":\"Janina Sema\u0161kait\u0117 \u201eVai\u010d\u0117no b\u016brio \u017e\u016btis\u201c\",\"isPartOf\":{\"@id\":\"https:\/\/skaitytaknyga.lt\/#website\"},\"primaryImageOfPage\":{\"@id\":\"https:\/\/skaitytaknyga.lt\/produktas\/vaiceno-burio-zutis\/#primaryimage\"},\"image\":{\"@id\":\"https:\/\/skaitytaknyga.lt\/produktas\/vaiceno-burio-zutis\/#primaryimage\"},\"thumbnailUrl\":\"https:\/\/skaitytaknyga.lt\/wp-content\/uploads\/2024\/08\/163711-scanimage013-1.jpg\",\"datePublished\":\"2024-08-10T17:28:14+00:00\",\"dateModified\":\"2026-03-18T12:59:53+00:00\",\"description\":\"\u0160i apybrai\u017ea apie tragi\u0161k\u0105 \u0161iaur\u0117s ryt\u0173 Lietuvos partizan\u0173 likim\u0105, tre\u010dios \\\"Vytauto\\\" apygardos penktos \\\"Lokio\\\" rinktin\u0117s \\\"Vyties\\\" kuopos vyrus, i\u0161 Obeli\u0173\",\"breadcrumb\":{\"@id\":\"https:\/\/skaitytaknyga.lt\/produktas\/vaiceno-burio-zutis\/#breadcrumb\"},\"inLanguage\":\"en-GB\",\"potentialAction\":[{\"@type\":\"ReadAction\",\"target\":[\"https:\/\/skaitytaknyga.lt\/produktas\/vaiceno-burio-zutis\/\"]}]},{\"@type\":\"ImageObject\",\"inLanguage\":\"en-GB\",\"@id\":\"https:\/\/skaitytaknyga.lt\/produktas\/vaiceno-burio-zutis\/#primaryimage\",\"url\":\"https:\/\/skaitytaknyga.lt\/wp-content\/uploads\/2024\/08\/163711-scanimage013-1.jpg\",\"contentUrl\":\"https:\/\/skaitytaknyga.lt\/wp-content\/uploads\/2024\/08\/163711-scanimage013-1.jpg\",\"width\":366,\"height\":578,\"caption\":\"Vai\u010d\u0117no b\u016brio \u017e\u016btis\"},{\"@type\":\"BreadcrumbList\",\"@id\":\"https:\/\/skaitytaknyga.lt\/produktas\/vaiceno-burio-zutis\/#breadcrumb\",\"itemListElement\":[{\"@type\":\"ListItem\",\"position\":1,\"name\":\"Home\",\"item\":\"https:\/\/skaitytaknyga.lt\/\"},{\"@type\":\"ListItem\",\"position\":2,\"name\":\"Parduotuv\u0117\",\"item\":\"https:\/\/skaitytaknyga.lt\/knygu-parduotuve\/\"},{\"@type\":\"ListItem\",\"position\":3,\"name\":\"Janina Sema\u0161kait\u0117 \u201eVai\u010d\u0117no b\u016brio \u017e\u016btis\u201c\"}]},{\"@type\":\"WebSite\",\"@id\":\"https:\/\/skaitytaknyga.lt\/#website\",\"url\":\"https:\/\/skaitytaknyga.lt\/\",\"name\":\"skaitytaknyga.lt\",\"description\":\"Skaitytaknyga.lt \u2013 tai ma\u017eas \u0161eimos verslas, kuris prasid\u0117jo nuo meil\u0117s knygoms ir siekio i\u0161gelb\u0117ti knygas nuo likimo prie konteinerio. Kas vienam nereikalingas daiktas \u2013 kitam lobis, o mes esame tarpininkai, kurie padeda abiems tapti laimingesniems ???? \u017dinome kaip nelengva i\u0161gyventi ma\u017eiems verslams, tad nuo \u0161iol, \u010dia rasite ir kit\u0173, ma\u017e\u0173 \u0161eim\u0173 versl\u0173, rank\u0173 darbo, dovan\u0173 sau ir artimiesiems.\",\"publisher\":{\"@id\":\"https:\/\/skaitytaknyga.lt\/#organization\"},\"potentialAction\":[{\"@type\":\"SearchAction\",\"target\":{\"@type\":\"EntryPoint\",\"urlTemplate\":\"https:\/\/skaitytaknyga.lt\/?s={search_term_string}\"},\"query-input\":{\"@type\":\"PropertyValueSpecification\",\"valueRequired\":true,\"valueName\":\"search_term_string\"}}],\"inLanguage\":\"en-GB\"},{\"@type\":\"Organization\",\"@id\":\"https:\/\/skaitytaknyga.lt\/#organization\",\"name\":\"skaitytaknyga.lt\",\"url\":\"https:\/\/skaitytaknyga.lt\/\",\"logo\":{\"@type\":\"ImageObject\",\"inLanguage\":\"en-GB\",\"@id\":\"https:\/\/skaitytaknyga.lt\/#\/schema\/logo\/image\/\",\"url\":\"https:\/\/skaitytaknyga.lt\/wp-content\/uploads\/2024\/05\/cropped-cropped-cropped-02_00843_jt3bggkj1j3HLc7SyY6rEUpg.jpeg\",\"contentUrl\":\"https:\/\/skaitytaknyga.lt\/wp-content\/uploads\/2024\/05\/cropped-cropped-cropped-02_00843_jt3bggkj1j3HLc7SyY6rEUpg.jpeg\",\"width\":1600,\"height\":1600,\"caption\":\"skaitytaknyga.lt\"},\"image\":{\"@id\":\"https:\/\/skaitytaknyga.lt\/#\/schema\/logo\/image\/\"},\"sameAs\":[\"https:\/\/www.facebook.com\/skaitytaknyga\/\"]}]}<\/script>\n<!-- \/ Yoast SEO plugin. -->","yoast_head_json":{"title":"Janina Sema\u0161kait\u0117 \u201eVai\u010d\u0117no b\u016brio \u017e\u016btis\u201c","description":"\u0160i apybrai\u017ea apie tragi\u0161k\u0105 \u0161iaur\u0117s ryt\u0173 Lietuvos partizan\u0173 likim\u0105, tre\u010dios \"Vytauto\" apygardos penktos \"Lokio\" rinktin\u0117s \"Vyties\" kuopos vyrus, i\u0161 Obeli\u0173","robots":{"index":"index","follow":"follow","max-snippet":"max-snippet:-1","max-image-preview":"max-image-preview:large","max-video-preview":"max-video-preview:-1"},"canonical":"https:\/\/skaitytaknyga.lt\/en\/produktas\/vaiceno-burio-zutis\/","og_locale":"en_GB","og_type":"article","og_title":"[:lt]Janina Sema\u0161kait\u0117 \u201eVai\u010d\u0117no b\u016brio \u017e\u016btis\u201c[:] - Skaitytaknyga","og_description":"\u0160i apybrai\u017ea apie tragi\u0161k\u0105 \u0161iaur\u0117s ryt\u0173 Lietuvos partizan\u0173 likim\u0105, tre\u010dios \"Vytauto\" apygardos penktos \"Lokio\" rinktin\u0117s \"Vyties\" kuopos vyrus, i\u0161 Obeli\u0173","og_url":"https:\/\/skaitytaknyga.lt\/en\/produktas\/vaiceno-burio-zutis\/","og_site_name":"Skaitytaknyga","article_publisher":"https:\/\/www.facebook.com\/skaitytaknyga\/","article_modified_time":"2026-03-18T12:59:53+00:00","og_image":[{"width":366,"height":578,"url":"https:\/\/skaitytaknyga.lt\/wp-content\/uploads\/2024\/08\/163711-scanimage013-1.jpg","type":"image\/jpeg"}],"twitter_card":"summary_large_image","twitter_misc":{"Estimated reading time":"1 minute"},"schema":{"@context":"https:\/\/schema.org","@graph":[{"@type":"WebPage","@id":"https:\/\/skaitytaknyga.lt\/produktas\/vaiceno-burio-zutis\/","url":"https:\/\/skaitytaknyga.lt\/produktas\/vaiceno-burio-zutis\/","name":"Janina Sema\u0161kait\u0117 \u201eVai\u010d\u0117no b\u016brio \u017e\u016btis\u201c","isPartOf":{"@id":"https:\/\/skaitytaknyga.lt\/#website"},"primaryImageOfPage":{"@id":"https:\/\/skaitytaknyga.lt\/produktas\/vaiceno-burio-zutis\/#primaryimage"},"image":{"@id":"https:\/\/skaitytaknyga.lt\/produktas\/vaiceno-burio-zutis\/#primaryimage"},"thumbnailUrl":"https:\/\/skaitytaknyga.lt\/wp-content\/uploads\/2024\/08\/163711-scanimage013-1.jpg","datePublished":"2024-08-10T17:28:14+00:00","dateModified":"2026-03-18T12:59:53+00:00","description":"\u0160i apybrai\u017ea apie tragi\u0161k\u0105 \u0161iaur\u0117s ryt\u0173 Lietuvos partizan\u0173 likim\u0105, tre\u010dios \"Vytauto\" apygardos penktos \"Lokio\" rinktin\u0117s \"Vyties\" kuopos vyrus, i\u0161 Obeli\u0173","breadcrumb":{"@id":"https:\/\/skaitytaknyga.lt\/produktas\/vaiceno-burio-zutis\/#breadcrumb"},"inLanguage":"en-GB","potentialAction":[{"@type":"ReadAction","target":["https:\/\/skaitytaknyga.lt\/produktas\/vaiceno-burio-zutis\/"]}]},{"@type":"ImageObject","inLanguage":"en-GB","@id":"https:\/\/skaitytaknyga.lt\/produktas\/vaiceno-burio-zutis\/#primaryimage","url":"https:\/\/skaitytaknyga.lt\/wp-content\/uploads\/2024\/08\/163711-scanimage013-1.jpg","contentUrl":"https:\/\/skaitytaknyga.lt\/wp-content\/uploads\/2024\/08\/163711-scanimage013-1.jpg","width":366,"height":578,"caption":"Vai\u010d\u0117no b\u016brio \u017e\u016btis"},{"@type":"BreadcrumbList","@id":"https:\/\/skaitytaknyga.lt\/produktas\/vaiceno-burio-zutis\/#breadcrumb","itemListElement":[{"@type":"ListItem","position":1,"name":"Home","item":"https:\/\/skaitytaknyga.lt\/"},{"@type":"ListItem","position":2,"name":"Parduotuv\u0117","item":"https:\/\/skaitytaknyga.lt\/knygu-parduotuve\/"},{"@type":"ListItem","position":3,"name":"Janina Sema\u0161kait\u0117 \u201eVai\u010d\u0117no b\u016brio \u017e\u016btis\u201c"}]},{"@type":"WebSite","@id":"https:\/\/skaitytaknyga.lt\/#website","url":"https:\/\/skaitytaknyga.lt\/","name":"skaitytaknyga.lt","description":"Skaitytaknyga.lt \u2013 tai ma\u017eas \u0161eimos verslas, kuris prasid\u0117jo nuo meil\u0117s knygoms ir siekio i\u0161gelb\u0117ti knygas nuo likimo prie konteinerio. Kas vienam nereikalingas daiktas \u2013 kitam lobis, o mes esame tarpininkai, kurie padeda abiems tapti laimingesniems ???? \u017dinome kaip nelengva i\u0161gyventi ma\u017eiems verslams, tad nuo \u0161iol, \u010dia rasite ir kit\u0173, ma\u017e\u0173 \u0161eim\u0173 versl\u0173, rank\u0173 darbo, dovan\u0173 sau ir artimiesiems.","publisher":{"@id":"https:\/\/skaitytaknyga.lt\/#organization"},"potentialAction":[{"@type":"SearchAction","target":{"@type":"EntryPoint","urlTemplate":"https:\/\/skaitytaknyga.lt\/?s={search_term_string}"},"query-input":{"@type":"PropertyValueSpecification","valueRequired":true,"valueName":"search_term_string"}}],"inLanguage":"en-GB"},{"@type":"Organization","@id":"https:\/\/skaitytaknyga.lt\/#organization","name":"skaitytaknyga.lt","url":"https:\/\/skaitytaknyga.lt\/","logo":{"@type":"ImageObject","inLanguage":"en-GB","@id":"https:\/\/skaitytaknyga.lt\/#\/schema\/logo\/image\/","url":"https:\/\/skaitytaknyga.lt\/wp-content\/uploads\/2024\/05\/cropped-cropped-cropped-02_00843_jt3bggkj1j3HLc7SyY6rEUpg.jpeg","contentUrl":"https:\/\/skaitytaknyga.lt\/wp-content\/uploads\/2024\/05\/cropped-cropped-cropped-02_00843_jt3bggkj1j3HLc7SyY6rEUpg.jpeg","width":1600,"height":1600,"caption":"skaitytaknyga.lt"},"image":{"@id":"https:\/\/skaitytaknyga.lt\/#\/schema\/logo\/image\/"},"sameAs":["https:\/\/www.facebook.com\/skaitytaknyga\/"]}]}},"_links":{"self":[{"href":"https:\/\/skaitytaknyga.lt\/en\/wp-json\/wp\/v2\/product\/13401","targetHints":{"allow":["GET"]}}],"collection":[{"href":"https:\/\/skaitytaknyga.lt\/en\/wp-json\/wp\/v2\/product"}],"about":[{"href":"https:\/\/skaitytaknyga.lt\/en\/wp-json\/wp\/v2\/types\/product"}],"replies":[{"embeddable":true,"href":"https:\/\/skaitytaknyga.lt\/en\/wp-json\/wp\/v2\/comments?post=13401"}],"wp:featuredmedia":[{"embeddable":true,"href":"https:\/\/skaitytaknyga.lt\/en\/wp-json\/wp\/v2\/media\/13422"}],"wp:attachment":[{"href":"https:\/\/skaitytaknyga.lt\/en\/wp-json\/wp\/v2\/media?parent=13401"}],"wp:term":[{"taxonomy":"product_brand","embeddable":true,"href":"https:\/\/skaitytaknyga.lt\/en\/wp-json\/wp\/v2\/product_brand?post=13401"},{"taxonomy":"product_cat","embeddable":true,"href":"https:\/\/skaitytaknyga.lt\/en\/wp-json\/wp\/v2\/product_cat?post=13401"},{"taxonomy":"product_tag","embeddable":true,"href":"https:\/\/skaitytaknyga.lt\/en\/wp-json\/wp\/v2\/product_tag?post=13401"}],"curies":[{"name":"wp","href":"https:\/\/api.w.org\/{rel}","templated":true}]}}