{"id":13382,"date":"2024-08-09T17:37:55","date_gmt":"2024-08-09T14:37:55","guid":{"rendered":"https:\/\/skaitytaknyga.lt\/?post_type=product&#038;p=13382"},"modified":"2025-05-24T21:56:57","modified_gmt":"2025-05-24T18:56:57","slug":"joseph-murphy-jusu-pasamones-galia-2","status":"publish","type":"product","link":"https:\/\/skaitytaknyga.lt\/en\/produktas\/joseph-murphy-jusu-pasamones-galia-2\/","title":{"rendered":"J\u016bs\u0173 pas\u0105mon\u0117s galia"},"content":{"rendered":"<p>Viena i\u0161 labiausiai pripa\u017eint\u0173 ir skaitomiausi\u0173 vis\u0173 laik\u0173 saviugdos knyg\u0173, pad\u0117jusi milijonams \u017emoni\u0173 pakeisti gyvenim\u0105.<br \/>\nJ\u016bs\u0173 pas\u0105mon\u0117s galia \u2013 garsiausia D\u017eozefo Merfio knyga \u2013 pristato ir ai\u0161kina b\u016bdus, kaip sutelkti savo mintis ir pa\u0161alinti pas\u0105mon\u0117je gl\u016bdin\u010dias kli\u016btis, neleid\u017eian\u010dias mums gyventi sveikai, turtingai ir laimingai.<br \/>\nPrakti\u0161ka, pilna i\u0161bandyt\u0173 pratim\u0173 ir \u012fkvepian\u010di\u0173 gyvenimo istorij\u0173 knyga i\u0161mokys valdyti pas\u0105mon\u0119 ir \u012frodys, kad \u012fprastinis m\u0105stymas ir svajon\u0117s kuria j\u016bs\u0173 likim\u0105.\u00a0<b>Nes \u017emogus yra tai, k\u0105 jis m\u0105sto.<\/b><br \/>\n\u2022 Tobul\u0117kite ir atraskite asmenin\u0119 laim\u0119,<br \/>\n\u2022 i\u0161siugdykite gerus \u012fpro\u010dius ir atsikratykite blog\u0173,<br \/>\n\u2022 i\u0161mokite pasveikti be gydytoj\u0173,<br \/>\n\u2022 sutvirtinkite santykius su \u0161eima, draugais ir kolegomis,<br \/>\n\u2022 gaukite trok\u0161tamas pareigas, atlyginim\u0105 ar pripa\u017einim\u0105,<br \/>\n\u2022 \u201esusidraugaukite\u201c su pinigais,<br \/>\n\u2022 nugal\u0117kite baimes ir fobijas,<br \/>\n\u2022 sieloje i\u0161likite am\u017einai jauni.<br \/>\nPasinaudokite ypatinga savo pas\u0105mon\u0117s galia, tada stebuklai neaplenks ir j\u016bs\u0173!<\/p>\n<ul class=\"about-product d-none d-xl-block mt-4\">\n<li><strong>Autorius:<\/strong>\u00a0<a href=\"https:\/\/skaitytaknyga.lt\/?s=Joseph+Murphy&#038;post_type=product&#038;dgwt_wcas=1\">Joseph Murphy<\/a><\/li>\n<li><strong>Leid\u0117jas:<\/strong>\u00a0Alma littera<\/li>\n<li><strong>Metai:<\/strong> 2008<\/li>\n<li><strong>Puslapiai:<\/strong>\u00a0304<\/li>\n<li><strong>ISBN:<\/strong>\u00a09789955081753<\/li>\n<li><strong>Formatas:<\/strong>\u00a012,5 x 18,5 cm, mink\u0161ti vir\u0161eliai<\/li>\n<li><strong>Kalba:<\/strong>\u00a0Lietuvi\u0173<\/li>\n<li><strong>Vert\u0117jas:<\/strong>\u00a0Jurgita Jablonskait\u0117<\/li>\n<\/ul>\n","protected":false},"excerpt":{"rendered":"<p>Viena i\u0161 labiausiai pripa\u017eint\u0173 ir skaitomiausi\u0173 vis\u0173 laik\u0173 saviugdos knyg\u0173, pad\u0117jusi milijonams \u017emoni\u0173 pakeisti gyvenim\u0105. J\u016bs\u0173 pas\u0105mon\u0117s galia \u2013 garsiausia D\u017eozefo Merfio knyga \u2013 pristato ir ai\u0161kina b\u016bdus, kaip sutelkti savo mintis ir pa\u0161alinti pas\u0105mon\u0117je gl\u016bdin\u010dias kli\u016btis, neleid\u017eian\u010dias mums gyventi sveikai, turtingai ir laimingai. Prakti\u0161ka, pilna i\u0161bandyt\u0173 pratim\u0173 ir \u012fkvepian\u010di\u0173 gyvenimo istorij\u0173 knyga i\u0161mokys valdyti pas\u0105mon\u0119 ir \u012frodys, kad \u012fprastinis m\u0105stymas ir svajon\u0117s kuria j\u016bs\u0173 likim\u0105.\u00a0Nes \u017emogus yra tai, k\u0105 jis m\u0105sto. \u2022 Tobul\u0117kite ir atraskite asmenin\u0119 laim\u0119, \u2022 i\u0161siugdykite gerus \u012fpro\u010dius ir atsikratykite blog\u0173, \u2022 i\u0161mokite pasveikti be gydytoj\u0173, \u2022 sutvirtinkite santykius su \u0161eima, draugais ir kolegomis, \u2022 gaukite trok\u0161tamas pareigas, atlyginim\u0105 ar pripa\u017einim\u0105, \u2022 \u201esusidraugaukite\u201c su pinigais, \u2022 nugal\u0117kite baimes ir fobijas, \u2022 sieloje i\u0161likite am\u017einai jauni. Pasinaudokite ypatinga savo pas\u0105mon\u0117s galia, tada stebuklai neaplenks ir j\u016bs\u0173! Autorius:\u00a0Joseph Murphy Leid\u0117jas:\u00a0Alma littera Metai: 2008 Puslapiai:\u00a0304 ISBN:\u00a09789955081753 Formatas:\u00a012,5 x 18,5 cm, mink\u0161ti vir\u0161eliai Kalba:\u00a0Lietuvi\u0173 Vert\u0117jas:\u00a0Jurgita Jablonskait\u0117<\/p>\n","protected":false},"featured_media":13383,"comment_status":"closed","ping_status":"closed","template":"","meta":{"_acf_changed":false,"site-sidebar-layout":"default","site-content-layout":"","ast-site-content-layout":"default","site-content-style":"default","site-sidebar-style":"default","ast-global-header-display":"","ast-banner-title-visibility":"","ast-main-header-display":"","ast-hfb-above-header-display":"","ast-hfb-below-header-display":"","ast-hfb-mobile-header-display":"","site-post-title":"","ast-breadcrumbs-content":"","ast-featured-img":"","footer-sml-layout":"","ast-disable-related-posts":"","theme-transparent-header-meta":"default","adv-header-id-meta":"","stick-header-meta":"","header-above-stick-meta":"","header-main-stick-meta":"","header-below-stick-meta":"","astra-migrate-meta-layouts":"set","ast-page-background-enabled":"default","ast-page-background-meta":{"desktop":{"background-color":"","background-image":"","background-repeat":"repeat","background-position":"center center","background-size":"auto","background-attachment":"scroll","background-type":"","background-media":"","overlay-type":"","overlay-color":"","overlay-opacity":"","overlay-gradient":""},"tablet":{"background-color":"","background-image":"","background-repeat":"repeat","background-position":"center center","background-size":"auto","background-attachment":"scroll","background-type":"","background-media":"","overlay-type":"","overlay-color":"","overlay-opacity":"","overlay-gradient":""},"mobile":{"background-color":"","background-image":"","background-repeat":"repeat","background-position":"center center","background-size":"auto","background-attachment":"scroll","background-type":"","background-media":"","overlay-type":"","overlay-color":"","overlay-opacity":"","overlay-gradient":""}},"ast-content-background-meta":{"desktop":{"background-color":"var(--ast-global-color-4)","background-image":"","background-repeat":"repeat","background-position":"center center","background-size":"auto","background-attachment":"scroll","background-type":"","background-media":"","overlay-type":"","overlay-color":"","overlay-opacity":"","overlay-gradient":""},"tablet":{"background-color":"var(--ast-global-color-4)","background-image":"","background-repeat":"repeat","background-position":"center center","background-size":"auto","background-attachment":"scroll","background-type":"","background-media":"","overlay-type":"","overlay-color":"","overlay-opacity":"","overlay-gradient":""},"mobile":{"background-color":"var(--ast-global-color-4)","background-image":"","background-repeat":"repeat","background-position":"center center","background-size":"auto","background-attachment":"scroll","background-type":"","background-media":"","overlay-type":"","overlay-color":"","overlay-opacity":"","overlay-gradient":""}}},"product_brand":[],"product_cat":[30],"product_tag":[],"class_list":{"0":"post-13382","1":"product","2":"type-product","3":"status-publish","4":"has-post-thumbnail","6":"product_cat-psichologija-ir-saviugda","7":"desktop-align-left","8":"tablet-align-left","9":"mobile-align-left","11":"first","12":"instock","13":"shipping-taxable","14":"purchasable","15":"product-type-simple"},"acf":[],"yoast_head":"<!-- This site is optimized with the Yoast SEO plugin v27.0 - https:\/\/yoast.com\/product\/yoast-seo-wordpress\/ -->\n<title>J\u016bs\u0173 pas\u0105mon\u0117s galia<\/title>\n<meta name=\"description\" content=\"Viena i\u0161 labiausiai pripa\u017eint\u0173 ir skaitomiausi\u0173 vis\u0173 laik\u0173 saviugdos knyg\u0173, pad\u0117jusi milijonams \u017emoni\u0173 pakeisti gyvenim\u0105.\" \/>\n<meta name=\"robots\" content=\"index, follow, max-snippet:-1, max-image-preview:large, max-video-preview:-1\" \/>\n<link rel=\"canonical\" href=\"https:\/\/skaitytaknyga.lt\/en\/produktas\/joseph-murphy-jusu-pasamones-galia-2\/\" \/>\n<meta property=\"og:locale\" content=\"en_GB\" \/>\n<meta property=\"og:locale:alternate\" content=\"lt_LT\" \/>\n<meta property=\"og:type\" content=\"article\" \/>\n<meta property=\"og:title\" content=\"J\u016bs\u0173 pas\u0105mon\u0117s galia\" \/>\n<meta property=\"og:description\" content=\"Viena i\u0161 labiausiai pripa\u017eint\u0173 ir skaitomiausi\u0173 vis\u0173 laik\u0173 saviugdos knyg\u0173, pad\u0117jusi milijonams \u017emoni\u0173 pakeisti gyvenim\u0105.\" \/>\n<meta property=\"og:url\" content=\"https:\/\/skaitytaknyga.lt\/en\/produktas\/joseph-murphy-jusu-pasamones-galia-2\/\" \/>\n<meta property=\"og:site_name\" content=\"Skaitytaknyga\" \/>\n<meta property=\"article:publisher\" content=\"https:\/\/www.facebook.com\/skaitytaknyga\/\" \/>\n<meta property=\"article:modified_time\" content=\"2025-05-24T18:56:57+00:00\" \/>\n<meta property=\"og:image\" content=\"https:\/\/skaitytaknyga.lt\/wp-content\/uploads\/2024\/08\/1462879124_img0003.webp\" \/>\n\t<meta property=\"og:image:width\" content=\"538\" \/>\n\t<meta property=\"og:image:height\" content=\"800\" \/>\n\t<meta property=\"og:image:type\" content=\"image\/webp\" \/>\n<meta name=\"twitter:card\" content=\"summary_large_image\" \/>\n<meta name=\"twitter:label1\" content=\"Estimated reading time\" \/>\n\t<meta name=\"twitter:data1\" content=\"2 minutes\" \/>\n<script type=\"application\/ld+json\" class=\"yoast-schema-graph\">{\"@context\":\"https:\/\/schema.org\",\"@graph\":[{\"@type\":\"WebPage\",\"@id\":\"https:\/\/skaitytaknyga.lt\/produktas\/joseph-murphy-jusu-pasamones-galia-2\/\",\"url\":\"https:\/\/skaitytaknyga.lt\/produktas\/joseph-murphy-jusu-pasamones-galia-2\/\",\"name\":\"J\u016bs\u0173 pas\u0105mon\u0117s galia\",\"isPartOf\":{\"@id\":\"https:\/\/skaitytaknyga.lt\/#website\"},\"primaryImageOfPage\":{\"@id\":\"https:\/\/skaitytaknyga.lt\/produktas\/joseph-murphy-jusu-pasamones-galia-2\/#primaryimage\"},\"image\":{\"@id\":\"https:\/\/skaitytaknyga.lt\/produktas\/joseph-murphy-jusu-pasamones-galia-2\/#primaryimage\"},\"thumbnailUrl\":\"https:\/\/skaitytaknyga.lt\/wp-content\/uploads\/2024\/08\/1462879124_img0003.webp\",\"datePublished\":\"2024-08-09T14:37:55+00:00\",\"dateModified\":\"2025-05-24T18:56:57+00:00\",\"description\":\"Viena i\u0161 labiausiai pripa\u017eint\u0173 ir skaitomiausi\u0173 vis\u0173 laik\u0173 saviugdos knyg\u0173, pad\u0117jusi milijonams \u017emoni\u0173 pakeisti gyvenim\u0105.\",\"breadcrumb\":{\"@id\":\"https:\/\/skaitytaknyga.lt\/produktas\/joseph-murphy-jusu-pasamones-galia-2\/#breadcrumb\"},\"inLanguage\":\"en-GB\",\"potentialAction\":[{\"@type\":\"ReadAction\",\"target\":[\"https:\/\/skaitytaknyga.lt\/produktas\/joseph-murphy-jusu-pasamones-galia-2\/\"]}]},{\"@type\":\"ImageObject\",\"inLanguage\":\"en-GB\",\"@id\":\"https:\/\/skaitytaknyga.lt\/produktas\/joseph-murphy-jusu-pasamones-galia-2\/#primaryimage\",\"url\":\"https:\/\/skaitytaknyga.lt\/wp-content\/uploads\/2024\/08\/1462879124_img0003.webp\",\"contentUrl\":\"https:\/\/skaitytaknyga.lt\/wp-content\/uploads\/2024\/08\/1462879124_img0003.webp\",\"width\":538,\"height\":800,\"caption\":\"J\u016bs\u0173 pas\u0105mon\u0117s galia\"},{\"@type\":\"BreadcrumbList\",\"@id\":\"https:\/\/skaitytaknyga.lt\/produktas\/joseph-murphy-jusu-pasamones-galia-2\/#breadcrumb\",\"itemListElement\":[{\"@type\":\"ListItem\",\"position\":1,\"name\":\"Home\",\"item\":\"https:\/\/skaitytaknyga.lt\/\"},{\"@type\":\"ListItem\",\"position\":2,\"name\":\"Parduotuv\u0117\",\"item\":\"https:\/\/skaitytaknyga.lt\/knygu-parduotuve\/\"},{\"@type\":\"ListItem\",\"position\":3,\"name\":\"J\u016bs\u0173 pas\u0105mon\u0117s galia\"}]},{\"@type\":\"WebSite\",\"@id\":\"https:\/\/skaitytaknyga.lt\/#website\",\"url\":\"https:\/\/skaitytaknyga.lt\/\",\"name\":\"skaitytaknyga.lt\",\"description\":\"Skaitytaknyga.lt \u2013 tai ma\u017eas \u0161eimos verslas, kuris prasid\u0117jo nuo meil\u0117s knygoms ir siekio i\u0161gelb\u0117ti knygas nuo likimo prie konteinerio. Kas vienam nereikalingas daiktas \u2013 kitam lobis, o mes esame tarpininkai, kurie padeda abiems tapti laimingesniems ???? \u017dinome kaip nelengva i\u0161gyventi ma\u017eiems verslams, tad nuo \u0161iol, \u010dia rasite ir kit\u0173, ma\u017e\u0173 \u0161eim\u0173 versl\u0173, rank\u0173 darbo, dovan\u0173 sau ir artimiesiems.\",\"publisher\":{\"@id\":\"https:\/\/skaitytaknyga.lt\/#organization\"},\"potentialAction\":[{\"@type\":\"SearchAction\",\"target\":{\"@type\":\"EntryPoint\",\"urlTemplate\":\"https:\/\/skaitytaknyga.lt\/?s={search_term_string}\"},\"query-input\":{\"@type\":\"PropertyValueSpecification\",\"valueRequired\":true,\"valueName\":\"search_term_string\"}}],\"inLanguage\":\"en-GB\"},{\"@type\":\"Organization\",\"@id\":\"https:\/\/skaitytaknyga.lt\/#organization\",\"name\":\"skaitytaknyga.lt\",\"url\":\"https:\/\/skaitytaknyga.lt\/\",\"logo\":{\"@type\":\"ImageObject\",\"inLanguage\":\"en-GB\",\"@id\":\"https:\/\/skaitytaknyga.lt\/#\/schema\/logo\/image\/\",\"url\":\"https:\/\/skaitytaknyga.lt\/wp-content\/uploads\/2024\/05\/cropped-cropped-cropped-02_00843_jt3bggkj1j3HLc7SyY6rEUpg.jpeg\",\"contentUrl\":\"https:\/\/skaitytaknyga.lt\/wp-content\/uploads\/2024\/05\/cropped-cropped-cropped-02_00843_jt3bggkj1j3HLc7SyY6rEUpg.jpeg\",\"width\":1600,\"height\":1600,\"caption\":\"skaitytaknyga.lt\"},\"image\":{\"@id\":\"https:\/\/skaitytaknyga.lt\/#\/schema\/logo\/image\/\"},\"sameAs\":[\"https:\/\/www.facebook.com\/skaitytaknyga\/\"]}]}<\/script>\n<!-- \/ Yoast SEO plugin. -->","yoast_head_json":{"title":"J\u016bs\u0173 pas\u0105mon\u0117s galia","description":"Viena i\u0161 labiausiai pripa\u017eint\u0173 ir skaitomiausi\u0173 vis\u0173 laik\u0173 saviugdos knyg\u0173, pad\u0117jusi milijonams \u017emoni\u0173 pakeisti gyvenim\u0105.","robots":{"index":"index","follow":"follow","max-snippet":"max-snippet:-1","max-image-preview":"max-image-preview:large","max-video-preview":"max-video-preview:-1"},"canonical":"https:\/\/skaitytaknyga.lt\/en\/produktas\/joseph-murphy-jusu-pasamones-galia-2\/","og_locale":"en_GB","og_type":"article","og_title":"[:lt]J\u016bs\u0173 pas\u0105mon\u0117s galia[:] - Skaitytaknyga","og_description":"Viena i\u0161 labiausiai pripa\u017eint\u0173 ir skaitomiausi\u0173 vis\u0173 laik\u0173 saviugdos knyg\u0173, pad\u0117jusi milijonams \u017emoni\u0173 pakeisti gyvenim\u0105.","og_url":"https:\/\/skaitytaknyga.lt\/en\/produktas\/joseph-murphy-jusu-pasamones-galia-2\/","og_site_name":"Skaitytaknyga","article_publisher":"https:\/\/www.facebook.com\/skaitytaknyga\/","article_modified_time":"2025-05-24T18:56:57+00:00","og_image":[{"width":538,"height":800,"url":"https:\/\/skaitytaknyga.lt\/wp-content\/uploads\/2024\/08\/1462879124_img0003.webp","type":"image\/webp"}],"twitter_card":"summary_large_image","twitter_misc":{"Estimated reading time":"2 minutes"},"schema":{"@context":"https:\/\/schema.org","@graph":[{"@type":"WebPage","@id":"https:\/\/skaitytaknyga.lt\/produktas\/joseph-murphy-jusu-pasamones-galia-2\/","url":"https:\/\/skaitytaknyga.lt\/produktas\/joseph-murphy-jusu-pasamones-galia-2\/","name":"J\u016bs\u0173 pas\u0105mon\u0117s galia","isPartOf":{"@id":"https:\/\/skaitytaknyga.lt\/#website"},"primaryImageOfPage":{"@id":"https:\/\/skaitytaknyga.lt\/produktas\/joseph-murphy-jusu-pasamones-galia-2\/#primaryimage"},"image":{"@id":"https:\/\/skaitytaknyga.lt\/produktas\/joseph-murphy-jusu-pasamones-galia-2\/#primaryimage"},"thumbnailUrl":"https:\/\/skaitytaknyga.lt\/wp-content\/uploads\/2024\/08\/1462879124_img0003.webp","datePublished":"2024-08-09T14:37:55+00:00","dateModified":"2025-05-24T18:56:57+00:00","description":"Viena i\u0161 labiausiai pripa\u017eint\u0173 ir skaitomiausi\u0173 vis\u0173 laik\u0173 saviugdos knyg\u0173, pad\u0117jusi milijonams \u017emoni\u0173 pakeisti gyvenim\u0105.","breadcrumb":{"@id":"https:\/\/skaitytaknyga.lt\/produktas\/joseph-murphy-jusu-pasamones-galia-2\/#breadcrumb"},"inLanguage":"en-GB","potentialAction":[{"@type":"ReadAction","target":["https:\/\/skaitytaknyga.lt\/produktas\/joseph-murphy-jusu-pasamones-galia-2\/"]}]},{"@type":"ImageObject","inLanguage":"en-GB","@id":"https:\/\/skaitytaknyga.lt\/produktas\/joseph-murphy-jusu-pasamones-galia-2\/#primaryimage","url":"https:\/\/skaitytaknyga.lt\/wp-content\/uploads\/2024\/08\/1462879124_img0003.webp","contentUrl":"https:\/\/skaitytaknyga.lt\/wp-content\/uploads\/2024\/08\/1462879124_img0003.webp","width":538,"height":800,"caption":"J\u016bs\u0173 pas\u0105mon\u0117s galia"},{"@type":"BreadcrumbList","@id":"https:\/\/skaitytaknyga.lt\/produktas\/joseph-murphy-jusu-pasamones-galia-2\/#breadcrumb","itemListElement":[{"@type":"ListItem","position":1,"name":"Home","item":"https:\/\/skaitytaknyga.lt\/"},{"@type":"ListItem","position":2,"name":"Parduotuv\u0117","item":"https:\/\/skaitytaknyga.lt\/knygu-parduotuve\/"},{"@type":"ListItem","position":3,"name":"J\u016bs\u0173 pas\u0105mon\u0117s galia"}]},{"@type":"WebSite","@id":"https:\/\/skaitytaknyga.lt\/#website","url":"https:\/\/skaitytaknyga.lt\/","name":"skaitytaknyga.lt","description":"Skaitytaknyga.lt \u2013 tai ma\u017eas \u0161eimos verslas, kuris prasid\u0117jo nuo meil\u0117s knygoms ir siekio i\u0161gelb\u0117ti knygas nuo likimo prie konteinerio. Kas vienam nereikalingas daiktas \u2013 kitam lobis, o mes esame tarpininkai, kurie padeda abiems tapti laimingesniems ???? \u017dinome kaip nelengva i\u0161gyventi ma\u017eiems verslams, tad nuo \u0161iol, \u010dia rasite ir kit\u0173, ma\u017e\u0173 \u0161eim\u0173 versl\u0173, rank\u0173 darbo, dovan\u0173 sau ir artimiesiems.","publisher":{"@id":"https:\/\/skaitytaknyga.lt\/#organization"},"potentialAction":[{"@type":"SearchAction","target":{"@type":"EntryPoint","urlTemplate":"https:\/\/skaitytaknyga.lt\/?s={search_term_string}"},"query-input":{"@type":"PropertyValueSpecification","valueRequired":true,"valueName":"search_term_string"}}],"inLanguage":"en-GB"},{"@type":"Organization","@id":"https:\/\/skaitytaknyga.lt\/#organization","name":"skaitytaknyga.lt","url":"https:\/\/skaitytaknyga.lt\/","logo":{"@type":"ImageObject","inLanguage":"en-GB","@id":"https:\/\/skaitytaknyga.lt\/#\/schema\/logo\/image\/","url":"https:\/\/skaitytaknyga.lt\/wp-content\/uploads\/2024\/05\/cropped-cropped-cropped-02_00843_jt3bggkj1j3HLc7SyY6rEUpg.jpeg","contentUrl":"https:\/\/skaitytaknyga.lt\/wp-content\/uploads\/2024\/05\/cropped-cropped-cropped-02_00843_jt3bggkj1j3HLc7SyY6rEUpg.jpeg","width":1600,"height":1600,"caption":"skaitytaknyga.lt"},"image":{"@id":"https:\/\/skaitytaknyga.lt\/#\/schema\/logo\/image\/"},"sameAs":["https:\/\/www.facebook.com\/skaitytaknyga\/"]}]}},"_links":{"self":[{"href":"https:\/\/skaitytaknyga.lt\/en\/wp-json\/wp\/v2\/product\/13382","targetHints":{"allow":["GET"]}}],"collection":[{"href":"https:\/\/skaitytaknyga.lt\/en\/wp-json\/wp\/v2\/product"}],"about":[{"href":"https:\/\/skaitytaknyga.lt\/en\/wp-json\/wp\/v2\/types\/product"}],"replies":[{"embeddable":true,"href":"https:\/\/skaitytaknyga.lt\/en\/wp-json\/wp\/v2\/comments?post=13382"}],"wp:featuredmedia":[{"embeddable":true,"href":"https:\/\/skaitytaknyga.lt\/en\/wp-json\/wp\/v2\/media\/13383"}],"wp:attachment":[{"href":"https:\/\/skaitytaknyga.lt\/en\/wp-json\/wp\/v2\/media?parent=13382"}],"wp:term":[{"taxonomy":"product_brand","embeddable":true,"href":"https:\/\/skaitytaknyga.lt\/en\/wp-json\/wp\/v2\/product_brand?post=13382"},{"taxonomy":"product_cat","embeddable":true,"href":"https:\/\/skaitytaknyga.lt\/en\/wp-json\/wp\/v2\/product_cat?post=13382"},{"taxonomy":"product_tag","embeddable":true,"href":"https:\/\/skaitytaknyga.lt\/en\/wp-json\/wp\/v2\/product_tag?post=13382"}],"curies":[{"name":"wp","href":"https:\/\/api.w.org\/{rel}","templated":true}]}}