{"id":13379,"date":"2024-08-09T17:31:07","date_gmt":"2024-08-09T14:31:07","guid":{"rendered":"https:\/\/skaitytaknyga.lt\/?post_type=product&#038;p=13379"},"modified":"2025-11-29T12:51:42","modified_gmt":"2025-11-29T10:51:42","slug":"xiaolan-zhao-menulio-atspindys-vandenyje","status":"publish","type":"product","link":"https:\/\/skaitytaknyga.lt\/en\/produktas\/xiaolan-zhao-menulio-atspindys-vandenyje\/","title":{"rendered":"M\u0117nulio atspindys vandenyje"},"content":{"rendered":"<p>Pagal kin\u0173 Feng Shui men\u0105 savo aplink\u0105 turime susitvarkyti taip, kad netrukdomai pulsuot\u0173 Qi \u2013 gyvybin\u0117 energija. Taip pat reikia pasir\u016bpinti savo brangiausiu turtu \u2013 k\u016bnu, nes jis m\u016bs\u0173 namai, kad at\u0117jus antrajam pavasariui b\u016btume sveikos ir energingos.<\/p>\n<p>Carolyn DeMarco Knygos \u201eR\u016bpinkis savo k\u016bnu: moters sveikatos patarimai&#8221; autor\u0117<\/p>\n<p>Knygoje \u201eM\u0117nulio atspindys vandenyje&#8221; \u0160iaolan Zao (Xiaolan Zhao) vadovaujasi ypatinga gydymo tradicijos filosofija, kuri i\u0161laisvina ir sustiprina moter\u012f. Pasakodama apie asmeninius savo ir pacien\u010di\u0173 patyrimus autor\u0117 moko pa\u017einti savo k\u016bn\u0105 bei emocijas. Kiekviena moteris turi pati r\u016bpintis savimi, saugoti sveikat\u0105, gyvybin\u0119 j\u0117g\u0105 bei u\u017ekirsti keli\u0105 ligoms. Tereikia \u0161iek tiek pakeisti mityb\u0105, gyvensen\u0105, kitaip elgtis kilus \u012ftampai, kitaip vertinti emocijas ir sveikata pager\u0117s.<\/p>\n<p>\u201eM\u0117nulio atspindys vandenyje&#8221; skirta visiems, kurie domisi ryt\u0173 medicina, bet pirmiausia \u2013 moterims.<br \/>\nKiekviena i\u0161 m\u016bs\u0173 spinduliuojame sveikatos \u0161vies\u0105. Visos j\u0105 galime i\u0161vysti. Tikiuosi, kad tradicin\u0117s kin\u0173 medicinos i\u0161manymas ir patirtis, taip pat mano i\u0161minting\u0173, dr\u0105si\u0173 pacien\u010di\u0173 gyvenimo istorijos suteiks jums \u017eini\u0173, duos praktini\u0173 patarim\u0173, pad\u0117s \u012fveikti sunkumus. Nuo\u0161ird\u017eiai linkiu, kad \u0161i knyga pad\u0117t\u0173 jums pasveikti ir pa\u017einti save.<\/p>\n<ul class=\"about-product d-none d-xl-block mt-4\">\n<li><strong>Autorius:<\/strong>\u00a0Xiaolan Zhao<\/li>\n<li><strong>Leid\u0117jas:<\/strong>\u00a0Vaga<\/li>\n<li><strong>Metai:<\/strong>\u00a02007<\/li>\n<li><strong>Puslapiai:<\/strong>\u00a0280<\/li>\n<li><strong>ISBN:<\/strong>\u00a09785415019885<\/li>\n<li><strong>Formatas:<\/strong>\u00a015 x 21 cm, kieti vir\u0161eliai<\/li>\n<li><strong>Kalba:<\/strong>\u00a0Lietuvi\u0173<\/li>\n<li><strong>Vert\u0117jas:<\/strong>\u00a0Antanina Banelyt\u0117<\/li>\n<\/ul>\n","protected":false},"excerpt":{"rendered":"<p>Pagal kin\u0173 Feng Shui men\u0105 savo aplink\u0105 turime susitvarkyti taip, kad netrukdomai pulsuot\u0173 Qi \u2013 gyvybin\u0117 energija. Taip pat reikia pasir\u016bpinti savo brangiausiu turtu \u2013 k\u016bnu, nes jis m\u016bs\u0173 namai, kad at\u0117jus antrajam pavasariui b\u016btume sveikos ir energingos. Carolyn DeMarco Knygos \u201eR\u016bpinkis savo k\u016bnu: moters sveikatos patarimai&#8221; autor\u0117 Knygoje \u201eM\u0117nulio atspindys vandenyje&#8221; \u0160iaolan Zao (Xiaolan Zhao) vadovaujasi ypatinga gydymo tradicijos filosofija, kuri i\u0161laisvina ir sustiprina moter\u012f. Pasakodama apie asmeninius savo ir pacien\u010di\u0173 patyrimus autor\u0117 moko pa\u017einti savo k\u016bn\u0105 bei emocijas. Kiekviena moteris turi pati r\u016bpintis savimi, saugoti sveikat\u0105, gyvybin\u0119 j\u0117g\u0105 bei u\u017ekirsti keli\u0105 ligoms. Tereikia \u0161iek tiek pakeisti mityb\u0105, gyvensen\u0105, kitaip elgtis kilus \u012ftampai, kitaip vertinti emocijas ir sveikata pager\u0117s. \u201eM\u0117nulio atspindys vandenyje&#8221; skirta visiems, kurie domisi ryt\u0173 medicina, bet pirmiausia \u2013 moterims. Kiekviena i\u0161 m\u016bs\u0173 spinduliuojame sveikatos \u0161vies\u0105. Visos j\u0105 galime i\u0161vysti. Tikiuosi, kad tradicin\u0117s kin\u0173 medicinos i\u0161manymas ir patirtis, taip pat mano i\u0161minting\u0173, dr\u0105si\u0173 pacien\u010di\u0173 gyvenimo istorijos suteiks jums \u017eini\u0173, duos praktini\u0173 patarim\u0173, pad\u0117s \u012fveikti sunkumus. Nuo\u0161ird\u017eiai linkiu, kad \u0161i knyga pad\u0117t\u0173 jums pasveikti ir pa\u017einti save. Autorius:\u00a0Xiaolan Zhao Leid\u0117jas:\u00a0Vaga Metai:\u00a02007 Puslapiai:\u00a0280 ISBN:\u00a09785415019885 Formatas:\u00a015 x 21 cm, kieti vir\u0161eliai Kalba:\u00a0Lietuvi\u0173 Vert\u0117jas:\u00a0Antanina Banelyt\u0117<\/p>\n","protected":false},"featured_media":13380,"comment_status":"open","ping_status":"closed","template":"","meta":{"_acf_changed":false,"site-sidebar-layout":"default","site-content-layout":"","ast-site-content-layout":"default","site-content-style":"default","site-sidebar-style":"default","ast-global-header-display":"","ast-banner-title-visibility":"","ast-main-header-display":"","ast-hfb-above-header-display":"","ast-hfb-below-header-display":"","ast-hfb-mobile-header-display":"","site-post-title":"","ast-breadcrumbs-content":"","ast-featured-img":"","footer-sml-layout":"","ast-disable-related-posts":"","theme-transparent-header-meta":"default","adv-header-id-meta":"","stick-header-meta":"","header-above-stick-meta":"","header-main-stick-meta":"","header-below-stick-meta":"","astra-migrate-meta-layouts":"set","ast-page-background-enabled":"default","ast-page-background-meta":{"desktop":{"background-color":"","background-image":"","background-repeat":"repeat","background-position":"center center","background-size":"auto","background-attachment":"scroll","background-type":"","background-media":"","overlay-type":"","overlay-color":"","overlay-opacity":"","overlay-gradient":""},"tablet":{"background-color":"","background-image":"","background-repeat":"repeat","background-position":"center center","background-size":"auto","background-attachment":"scroll","background-type":"","background-media":"","overlay-type":"","overlay-color":"","overlay-opacity":"","overlay-gradient":""},"mobile":{"background-color":"","background-image":"","background-repeat":"repeat","background-position":"center center","background-size":"auto","background-attachment":"scroll","background-type":"","background-media":"","overlay-type":"","overlay-color":"","overlay-opacity":"","overlay-gradient":""}},"ast-content-background-meta":{"desktop":{"background-color":"var(--ast-global-color-4)","background-image":"","background-repeat":"repeat","background-position":"center center","background-size":"auto","background-attachment":"scroll","background-type":"","background-media":"","overlay-type":"","overlay-color":"","overlay-opacity":"","overlay-gradient":""},"tablet":{"background-color":"var(--ast-global-color-4)","background-image":"","background-repeat":"repeat","background-position":"center center","background-size":"auto","background-attachment":"scroll","background-type":"","background-media":"","overlay-type":"","overlay-color":"","overlay-opacity":"","overlay-gradient":""},"mobile":{"background-color":"var(--ast-global-color-4)","background-image":"","background-repeat":"repeat","background-position":"center center","background-size":"auto","background-attachment":"scroll","background-type":"","background-media":"","overlay-type":"","overlay-color":"","overlay-opacity":"","overlay-gradient":""}}},"product_brand":[],"product_cat":[165],"product_tag":[],"class_list":{"0":"post-13379","1":"product","2":"type-product","3":"status-publish","4":"has-post-thumbnail","6":"product_cat-religija-filosofija-ir-ezoterika","7":"desktop-align-left","8":"tablet-align-left","9":"mobile-align-left","11":"first","12":"outofstock","13":"shipping-taxable","14":"purchasable","15":"product-type-simple"},"acf":[],"yoast_head":"<!-- This site is optimized with the Yoast SEO plugin v27.0 - https:\/\/yoast.com\/product\/yoast-seo-wordpress\/ -->\n<title>M\u0117nulio atspindys vandenyje<\/title>\n<meta name=\"description\" content=\"\u201eM\u0117nulio atspindys vandenyje&quot; skirta visiems, kurie domisi ryt\u0173 medicina, bet pirmiausia \u2013 moterims.\" \/>\n<meta name=\"robots\" content=\"index, follow, max-snippet:-1, max-image-preview:large, max-video-preview:-1\" \/>\n<link rel=\"canonical\" href=\"https:\/\/skaitytaknyga.lt\/en\/produktas\/xiaolan-zhao-menulio-atspindys-vandenyje\/\" \/>\n<meta property=\"og:locale\" content=\"en_GB\" \/>\n<meta property=\"og:locale:alternate\" content=\"lt_LT\" \/>\n<meta property=\"og:type\" content=\"article\" \/>\n<meta property=\"og:title\" content=\"M\u0117nulio atspindys vandenyje\" \/>\n<meta property=\"og:description\" content=\"\u201eM\u0117nulio atspindys vandenyje&quot; skirta visiems, kurie domisi ryt\u0173 medicina, bet pirmiausia \u2013 moterims.\" \/>\n<meta property=\"og:url\" content=\"https:\/\/skaitytaknyga.lt\/en\/produktas\/xiaolan-zhao-menulio-atspindys-vandenyje\/\" \/>\n<meta property=\"og:site_name\" content=\"Skaitytaknyga\" \/>\n<meta property=\"article:publisher\" content=\"https:\/\/www.facebook.com\/skaitytaknyga\/\" \/>\n<meta property=\"article:modified_time\" content=\"2025-11-29T10:51:42+00:00\" \/>\n<meta property=\"og:image\" content=\"https:\/\/skaitytaknyga.lt\/wp-content\/uploads\/2024\/08\/untitled-2.webp\" \/>\n\t<meta property=\"og:image:width\" content=\"511\" \/>\n\t<meta property=\"og:image:height\" content=\"791\" \/>\n\t<meta property=\"og:image:type\" content=\"image\/webp\" \/>\n<meta name=\"twitter:card\" content=\"summary_large_image\" \/>\n<meta name=\"twitter:label1\" content=\"Estimated reading time\" \/>\n\t<meta name=\"twitter:data1\" content=\"2 minutes\" \/>\n<script type=\"application\/ld+json\" class=\"yoast-schema-graph\">{\"@context\":\"https:\/\/schema.org\",\"@graph\":[{\"@type\":\"WebPage\",\"@id\":\"https:\/\/skaitytaknyga.lt\/produktas\/xiaolan-zhao-menulio-atspindys-vandenyje\/\",\"url\":\"https:\/\/skaitytaknyga.lt\/produktas\/xiaolan-zhao-menulio-atspindys-vandenyje\/\",\"name\":\"M\u0117nulio atspindys vandenyje\",\"isPartOf\":{\"@id\":\"https:\/\/skaitytaknyga.lt\/#website\"},\"primaryImageOfPage\":{\"@id\":\"https:\/\/skaitytaknyga.lt\/produktas\/xiaolan-zhao-menulio-atspindys-vandenyje\/#primaryimage\"},\"image\":{\"@id\":\"https:\/\/skaitytaknyga.lt\/produktas\/xiaolan-zhao-menulio-atspindys-vandenyje\/#primaryimage\"},\"thumbnailUrl\":\"https:\/\/skaitytaknyga.lt\/wp-content\/uploads\/2024\/08\/untitled-2.webp\",\"datePublished\":\"2024-08-09T14:31:07+00:00\",\"dateModified\":\"2025-11-29T10:51:42+00:00\",\"description\":\"\u201eM\u0117nulio atspindys vandenyje\\\" skirta visiems, kurie domisi ryt\u0173 medicina, bet pirmiausia \u2013 moterims.\",\"breadcrumb\":{\"@id\":\"https:\/\/skaitytaknyga.lt\/produktas\/xiaolan-zhao-menulio-atspindys-vandenyje\/#breadcrumb\"},\"inLanguage\":\"en-GB\",\"potentialAction\":[{\"@type\":\"ReadAction\",\"target\":[\"https:\/\/skaitytaknyga.lt\/produktas\/xiaolan-zhao-menulio-atspindys-vandenyje\/\"]}]},{\"@type\":\"ImageObject\",\"inLanguage\":\"en-GB\",\"@id\":\"https:\/\/skaitytaknyga.lt\/produktas\/xiaolan-zhao-menulio-atspindys-vandenyje\/#primaryimage\",\"url\":\"https:\/\/skaitytaknyga.lt\/wp-content\/uploads\/2024\/08\/untitled-2.webp\",\"contentUrl\":\"https:\/\/skaitytaknyga.lt\/wp-content\/uploads\/2024\/08\/untitled-2.webp\",\"width\":511,\"height\":791,\"caption\":\"M\u0117nulio atspindys vandenyje\"},{\"@type\":\"BreadcrumbList\",\"@id\":\"https:\/\/skaitytaknyga.lt\/produktas\/xiaolan-zhao-menulio-atspindys-vandenyje\/#breadcrumb\",\"itemListElement\":[{\"@type\":\"ListItem\",\"position\":1,\"name\":\"Home\",\"item\":\"https:\/\/skaitytaknyga.lt\/\"},{\"@type\":\"ListItem\",\"position\":2,\"name\":\"Parduotuv\u0117\",\"item\":\"https:\/\/skaitytaknyga.lt\/knygu-parduotuve\/\"},{\"@type\":\"ListItem\",\"position\":3,\"name\":\"M\u0117nulio atspindys vandenyje\"}]},{\"@type\":\"WebSite\",\"@id\":\"https:\/\/skaitytaknyga.lt\/#website\",\"url\":\"https:\/\/skaitytaknyga.lt\/\",\"name\":\"skaitytaknyga.lt\",\"description\":\"Skaitytaknyga.lt \u2013 tai ma\u017eas \u0161eimos verslas, kuris prasid\u0117jo nuo meil\u0117s knygoms ir siekio i\u0161gelb\u0117ti knygas nuo likimo prie konteinerio. Kas vienam nereikalingas daiktas \u2013 kitam lobis, o mes esame tarpininkai, kurie padeda abiems tapti laimingesniems ???? \u017dinome kaip nelengva i\u0161gyventi ma\u017eiems verslams, tad nuo \u0161iol, \u010dia rasite ir kit\u0173, ma\u017e\u0173 \u0161eim\u0173 versl\u0173, rank\u0173 darbo, dovan\u0173 sau ir artimiesiems.\",\"publisher\":{\"@id\":\"https:\/\/skaitytaknyga.lt\/#organization\"},\"potentialAction\":[{\"@type\":\"SearchAction\",\"target\":{\"@type\":\"EntryPoint\",\"urlTemplate\":\"https:\/\/skaitytaknyga.lt\/?s={search_term_string}\"},\"query-input\":{\"@type\":\"PropertyValueSpecification\",\"valueRequired\":true,\"valueName\":\"search_term_string\"}}],\"inLanguage\":\"en-GB\"},{\"@type\":\"Organization\",\"@id\":\"https:\/\/skaitytaknyga.lt\/#organization\",\"name\":\"skaitytaknyga.lt\",\"url\":\"https:\/\/skaitytaknyga.lt\/\",\"logo\":{\"@type\":\"ImageObject\",\"inLanguage\":\"en-GB\",\"@id\":\"https:\/\/skaitytaknyga.lt\/#\/schema\/logo\/image\/\",\"url\":\"https:\/\/skaitytaknyga.lt\/wp-content\/uploads\/2024\/05\/cropped-cropped-cropped-02_00843_jt3bggkj1j3HLc7SyY6rEUpg.jpeg\",\"contentUrl\":\"https:\/\/skaitytaknyga.lt\/wp-content\/uploads\/2024\/05\/cropped-cropped-cropped-02_00843_jt3bggkj1j3HLc7SyY6rEUpg.jpeg\",\"width\":1600,\"height\":1600,\"caption\":\"skaitytaknyga.lt\"},\"image\":{\"@id\":\"https:\/\/skaitytaknyga.lt\/#\/schema\/logo\/image\/\"},\"sameAs\":[\"https:\/\/www.facebook.com\/skaitytaknyga\/\"]}]}<\/script>\n<!-- \/ Yoast SEO plugin. -->","yoast_head_json":{"title":"M\u0117nulio atspindys vandenyje","description":"\u201eM\u0117nulio atspindys vandenyje\" skirta visiems, kurie domisi ryt\u0173 medicina, bet pirmiausia \u2013 moterims.","robots":{"index":"index","follow":"follow","max-snippet":"max-snippet:-1","max-image-preview":"max-image-preview:large","max-video-preview":"max-video-preview:-1"},"canonical":"https:\/\/skaitytaknyga.lt\/en\/produktas\/xiaolan-zhao-menulio-atspindys-vandenyje\/","og_locale":"en_GB","og_type":"article","og_title":"[:lt]M\u0117nulio atspindys vandenyje[:] - Skaitytaknyga","og_description":"\u201eM\u0117nulio atspindys vandenyje\" skirta visiems, kurie domisi ryt\u0173 medicina, bet pirmiausia \u2013 moterims.","og_url":"https:\/\/skaitytaknyga.lt\/en\/produktas\/xiaolan-zhao-menulio-atspindys-vandenyje\/","og_site_name":"Skaitytaknyga","article_publisher":"https:\/\/www.facebook.com\/skaitytaknyga\/","article_modified_time":"2025-11-29T10:51:42+00:00","og_image":[{"width":511,"height":791,"url":"https:\/\/skaitytaknyga.lt\/wp-content\/uploads\/2024\/08\/untitled-2.webp","type":"image\/webp"}],"twitter_card":"summary_large_image","twitter_misc":{"Estimated reading time":"2 minutes"},"schema":{"@context":"https:\/\/schema.org","@graph":[{"@type":"WebPage","@id":"https:\/\/skaitytaknyga.lt\/produktas\/xiaolan-zhao-menulio-atspindys-vandenyje\/","url":"https:\/\/skaitytaknyga.lt\/produktas\/xiaolan-zhao-menulio-atspindys-vandenyje\/","name":"M\u0117nulio atspindys vandenyje","isPartOf":{"@id":"https:\/\/skaitytaknyga.lt\/#website"},"primaryImageOfPage":{"@id":"https:\/\/skaitytaknyga.lt\/produktas\/xiaolan-zhao-menulio-atspindys-vandenyje\/#primaryimage"},"image":{"@id":"https:\/\/skaitytaknyga.lt\/produktas\/xiaolan-zhao-menulio-atspindys-vandenyje\/#primaryimage"},"thumbnailUrl":"https:\/\/skaitytaknyga.lt\/wp-content\/uploads\/2024\/08\/untitled-2.webp","datePublished":"2024-08-09T14:31:07+00:00","dateModified":"2025-11-29T10:51:42+00:00","description":"\u201eM\u0117nulio atspindys vandenyje\" skirta visiems, kurie domisi ryt\u0173 medicina, bet pirmiausia \u2013 moterims.","breadcrumb":{"@id":"https:\/\/skaitytaknyga.lt\/produktas\/xiaolan-zhao-menulio-atspindys-vandenyje\/#breadcrumb"},"inLanguage":"en-GB","potentialAction":[{"@type":"ReadAction","target":["https:\/\/skaitytaknyga.lt\/produktas\/xiaolan-zhao-menulio-atspindys-vandenyje\/"]}]},{"@type":"ImageObject","inLanguage":"en-GB","@id":"https:\/\/skaitytaknyga.lt\/produktas\/xiaolan-zhao-menulio-atspindys-vandenyje\/#primaryimage","url":"https:\/\/skaitytaknyga.lt\/wp-content\/uploads\/2024\/08\/untitled-2.webp","contentUrl":"https:\/\/skaitytaknyga.lt\/wp-content\/uploads\/2024\/08\/untitled-2.webp","width":511,"height":791,"caption":"M\u0117nulio atspindys vandenyje"},{"@type":"BreadcrumbList","@id":"https:\/\/skaitytaknyga.lt\/produktas\/xiaolan-zhao-menulio-atspindys-vandenyje\/#breadcrumb","itemListElement":[{"@type":"ListItem","position":1,"name":"Home","item":"https:\/\/skaitytaknyga.lt\/"},{"@type":"ListItem","position":2,"name":"Parduotuv\u0117","item":"https:\/\/skaitytaknyga.lt\/knygu-parduotuve\/"},{"@type":"ListItem","position":3,"name":"M\u0117nulio atspindys vandenyje"}]},{"@type":"WebSite","@id":"https:\/\/skaitytaknyga.lt\/#website","url":"https:\/\/skaitytaknyga.lt\/","name":"skaitytaknyga.lt","description":"Skaitytaknyga.lt \u2013 tai ma\u017eas \u0161eimos verslas, kuris prasid\u0117jo nuo meil\u0117s knygoms ir siekio i\u0161gelb\u0117ti knygas nuo likimo prie konteinerio. Kas vienam nereikalingas daiktas \u2013 kitam lobis, o mes esame tarpininkai, kurie padeda abiems tapti laimingesniems ???? \u017dinome kaip nelengva i\u0161gyventi ma\u017eiems verslams, tad nuo \u0161iol, \u010dia rasite ir kit\u0173, ma\u017e\u0173 \u0161eim\u0173 versl\u0173, rank\u0173 darbo, dovan\u0173 sau ir artimiesiems.","publisher":{"@id":"https:\/\/skaitytaknyga.lt\/#organization"},"potentialAction":[{"@type":"SearchAction","target":{"@type":"EntryPoint","urlTemplate":"https:\/\/skaitytaknyga.lt\/?s={search_term_string}"},"query-input":{"@type":"PropertyValueSpecification","valueRequired":true,"valueName":"search_term_string"}}],"inLanguage":"en-GB"},{"@type":"Organization","@id":"https:\/\/skaitytaknyga.lt\/#organization","name":"skaitytaknyga.lt","url":"https:\/\/skaitytaknyga.lt\/","logo":{"@type":"ImageObject","inLanguage":"en-GB","@id":"https:\/\/skaitytaknyga.lt\/#\/schema\/logo\/image\/","url":"https:\/\/skaitytaknyga.lt\/wp-content\/uploads\/2024\/05\/cropped-cropped-cropped-02_00843_jt3bggkj1j3HLc7SyY6rEUpg.jpeg","contentUrl":"https:\/\/skaitytaknyga.lt\/wp-content\/uploads\/2024\/05\/cropped-cropped-cropped-02_00843_jt3bggkj1j3HLc7SyY6rEUpg.jpeg","width":1600,"height":1600,"caption":"skaitytaknyga.lt"},"image":{"@id":"https:\/\/skaitytaknyga.lt\/#\/schema\/logo\/image\/"},"sameAs":["https:\/\/www.facebook.com\/skaitytaknyga\/"]}]}},"_links":{"self":[{"href":"https:\/\/skaitytaknyga.lt\/en\/wp-json\/wp\/v2\/product\/13379","targetHints":{"allow":["GET"]}}],"collection":[{"href":"https:\/\/skaitytaknyga.lt\/en\/wp-json\/wp\/v2\/product"}],"about":[{"href":"https:\/\/skaitytaknyga.lt\/en\/wp-json\/wp\/v2\/types\/product"}],"replies":[{"embeddable":true,"href":"https:\/\/skaitytaknyga.lt\/en\/wp-json\/wp\/v2\/comments?post=13379"}],"wp:featuredmedia":[{"embeddable":true,"href":"https:\/\/skaitytaknyga.lt\/en\/wp-json\/wp\/v2\/media\/13380"}],"wp:attachment":[{"href":"https:\/\/skaitytaknyga.lt\/en\/wp-json\/wp\/v2\/media?parent=13379"}],"wp:term":[{"taxonomy":"product_brand","embeddable":true,"href":"https:\/\/skaitytaknyga.lt\/en\/wp-json\/wp\/v2\/product_brand?post=13379"},{"taxonomy":"product_cat","embeddable":true,"href":"https:\/\/skaitytaknyga.lt\/en\/wp-json\/wp\/v2\/product_cat?post=13379"},{"taxonomy":"product_tag","embeddable":true,"href":"https:\/\/skaitytaknyga.lt\/en\/wp-json\/wp\/v2\/product_tag?post=13379"}],"curies":[{"name":"wp","href":"https:\/\/api.w.org\/{rel}","templated":true}]}}