{"id":13368,"date":"2024-07-29T15:49:06","date_gmt":"2024-07-29T12:49:06","guid":{"rendered":"https:\/\/skaitytaknyga.lt\/?post_type=product&#038;p=13368"},"modified":"2025-05-02T19:26:57","modified_gmt":"2025-05-02T16:26:57","slug":"kgb-vaikai","status":"publish","type":"product","link":"https:\/\/skaitytaknyga.lt\/en\/produktas\/kgb-vaikai\/","title":{"rendered":"KGB vaikai"},"content":{"rendered":"<div>Justino \u017dilinsko romane \u201eKGB vaikai\u201c veiksmas vyksta Lietuvoje 1996-aisiais. Tai pasakojimas apie persekiojamus jaunuolius Ras\u0105 ir Vili\u0173, besiai\u0161kinan\u010dius KGB paslaptis, atrandan\u010dius, kad jie ir patys tapo represin\u0117s strukt\u016bros daryt\u0173 eksperiment\u0173 su \u017emon\u0117mis aukomis \u2013 tiesiogin\u0117mis ir ne visai. Taip pat \u2013 tai savoti\u0161kas 1996-\u0173j\u0173 aktualij\u0173 ir \u017emoni\u0173 gyvenimo paveikslas.<\/p>\n<p>Tai \u2013 nuotyki\u0173 romanas: daug \u0161nek\u0173, va\u017eiavimo, b\u0117gimo ir ma\u017eai filosofijos. Tai \u2013 istorinis romanas: \u0161e\u0161t\u0173j\u0173 nepriklausomos Lietuvos met\u0173 tikrov\u0117, politin\u0117 situacija ir kasdienyb\u0117 su sovietinio laikotarpio reliktais. Tai \u2013 detektyvinis romanas: veik\u0117jai sprend\u017eia tradicines u\u017eduotis: Kas? Kod\u0117l? Qui bono? Tai \u2013 \u0161iek tiek mistinis romanas: \u0161ie \u017emon\u0117s ne veltui pavadinti \u201eKGB vaikais\u201c.<\/p>\n<p>\u0160okote \u201emakaren\u0105\u201c, \u017ei\u016br\u0117jote t\u0105 klaik\u0173 serial\u0105 \u201eBeverli Hills\u201c ir dar atsimenate \u201eMotorolos\u201c mobiliojo plyt\u0105 ar misti\u0161k\u0105 prietais\u0105 peid\u017eer\u012f? Tada \u0161is romanas visi\u0161kai panardins jus \u012f jau istorij\u0105 tapusios jaunyst\u0117s atmosfer\u0105. Jaunesniems skaitytojams gal bus sunkoka suvokti, kiek daug l\u0117m\u0117 mobiliojo telefono tur\u0117jimas ir kod\u0117l veik\u0117jai neguglina, ta\u010diau skaitydami jie gal\u0117s \u017eav\u0117tis tikrovi\u0161kais j\u0173 paveikslais ir pa\u0161\u0117lusiais nuotykiais.<\/p>\n<p>O i\u0161 ties\u0173 \u2013 tai romanas apie jus.<\/p><\/div>\n<div><\/div>\n<div>\n<ul class=\"details-list mt5\">\n<li>Autorius:\u00a0Justinas \u017dilinskas<\/li>\n<li>Leid\u0117jas:\u00a0Aukso \u017euvys<\/li>\n<li>I\u0161leidimo metai:\u00a02012<\/li>\n<li>Knygos puslapi\u0173 skai\u010dius:\u00a0432<\/li>\n<li>Formatas:\u00a012&#215;21, mink\u0161ti vir\u0161eliai<\/li>\n<li>ISBN ar kodas:\u00a09786099528786<\/li>\n<\/ul>\n<\/div>\n","protected":false},"excerpt":{"rendered":"<p>Justino \u017dilinsko romane \u201eKGB vaikai\u201c veiksmas vyksta Lietuvoje 1996-aisiais. Tai pasakojimas apie persekiojamus jaunuolius Ras\u0105 ir Vili\u0173, besiai\u0161kinan\u010dius KGB paslaptis, atrandan\u010dius, kad jie ir patys tapo represin\u0117s strukt\u016bros daryt\u0173 eksperiment\u0173 su \u017emon\u0117mis aukomis \u2013 tiesiogin\u0117mis ir ne visai. Taip pat \u2013 tai savoti\u0161kas 1996-\u0173j\u0173 aktualij\u0173 ir \u017emoni\u0173 gyvenimo paveikslas. Tai \u2013 nuotyki\u0173 romanas: daug \u0161nek\u0173, va\u017eiavimo, b\u0117gimo ir ma\u017eai filosofijos. Tai \u2013 istorinis romanas: \u0161e\u0161t\u0173j\u0173 nepriklausomos Lietuvos met\u0173 tikrov\u0117, politin\u0117 situacija ir kasdienyb\u0117 su sovietinio laikotarpio reliktais. Tai \u2013 detektyvinis romanas: veik\u0117jai sprend\u017eia tradicines u\u017eduotis: Kas? Kod\u0117l? Qui bono? Tai \u2013 \u0161iek tiek mistinis romanas: \u0161ie \u017emon\u0117s ne veltui pavadinti \u201eKGB vaikais\u201c. \u0160okote \u201emakaren\u0105\u201c, \u017ei\u016br\u0117jote t\u0105 klaik\u0173 serial\u0105 \u201eBeverli Hills\u201c ir dar atsimenate \u201eMotorolos\u201c mobiliojo plyt\u0105 ar misti\u0161k\u0105 prietais\u0105 peid\u017eer\u012f? Tada \u0161is romanas visi\u0161kai panardins jus \u012f jau istorij\u0105 tapusios jaunyst\u0117s atmosfer\u0105. Jaunesniems skaitytojams gal bus sunkoka suvokti, kiek daug l\u0117m\u0117 mobiliojo telefono tur\u0117jimas ir kod\u0117l veik\u0117jai neguglina, ta\u010diau skaitydami jie gal\u0117s \u017eav\u0117tis tikrovi\u0161kais j\u0173 paveikslais ir pa\u0161\u0117lusiais nuotykiais. O i\u0161 ties\u0173 \u2013 tai romanas apie jus. Autorius:\u00a0Justinas \u017dilinskas Leid\u0117jas:\u00a0Aukso \u017euvys I\u0161leidimo metai:\u00a02012 Knygos puslapi\u0173 skai\u010dius:\u00a0432 Formatas:\u00a012&#215;21, mink\u0161ti vir\u0161eliai ISBN ar kodas:\u00a09786099528786<\/p>\n","protected":false},"featured_media":13369,"comment_status":"closed","ping_status":"closed","template":"","meta":{"_acf_changed":false,"site-sidebar-layout":"default","site-content-layout":"","ast-site-content-layout":"default","site-content-style":"default","site-sidebar-style":"default","ast-global-header-display":"","ast-banner-title-visibility":"","ast-main-header-display":"","ast-hfb-above-header-display":"","ast-hfb-below-header-display":"","ast-hfb-mobile-header-display":"","site-post-title":"","ast-breadcrumbs-content":"","ast-featured-img":"","footer-sml-layout":"","ast-disable-related-posts":"","theme-transparent-header-meta":"default","adv-header-id-meta":"","stick-header-meta":"","header-above-stick-meta":"","header-main-stick-meta":"","header-below-stick-meta":"","astra-migrate-meta-layouts":"set","ast-page-background-enabled":"default","ast-page-background-meta":{"desktop":{"background-color":"","background-image":"","background-repeat":"repeat","background-position":"center center","background-size":"auto","background-attachment":"scroll","background-type":"","background-media":"","overlay-type":"","overlay-color":"","overlay-opacity":"","overlay-gradient":""},"tablet":{"background-color":"","background-image":"","background-repeat":"repeat","background-position":"center center","background-size":"auto","background-attachment":"scroll","background-type":"","background-media":"","overlay-type":"","overlay-color":"","overlay-opacity":"","overlay-gradient":""},"mobile":{"background-color":"","background-image":"","background-repeat":"repeat","background-position":"center center","background-size":"auto","background-attachment":"scroll","background-type":"","background-media":"","overlay-type":"","overlay-color":"","overlay-opacity":"","overlay-gradient":""}},"ast-content-background-meta":{"desktop":{"background-color":"var(--ast-global-color-4)","background-image":"","background-repeat":"repeat","background-position":"center center","background-size":"auto","background-attachment":"scroll","background-type":"","background-media":"","overlay-type":"","overlay-color":"","overlay-opacity":"","overlay-gradient":""},"tablet":{"background-color":"var(--ast-global-color-4)","background-image":"","background-repeat":"repeat","background-position":"center center","background-size":"auto","background-attachment":"scroll","background-type":"","background-media":"","overlay-type":"","overlay-color":"","overlay-opacity":"","overlay-gradient":""},"mobile":{"background-color":"var(--ast-global-color-4)","background-image":"","background-repeat":"repeat","background-position":"center center","background-size":"auto","background-attachment":"scroll","background-type":"","background-media":"","overlay-type":"","overlay-color":"","overlay-opacity":"","overlay-gradient":""}}},"product_brand":[],"product_cat":[31],"product_tag":[1376],"class_list":{"0":"post-13368","1":"product","2":"type-product","3":"status-publish","4":"has-post-thumbnail","6":"product_cat-grozine-literatura","7":"product_tag-justinas-zilinskas","8":"pa_leidimo-metai-647","9":"desktop-align-left","10":"tablet-align-left","11":"mobile-align-left","13":"first","14":"instock","15":"shipping-taxable","16":"purchasable","17":"product-type-simple"},"acf":[],"yoast_head":"<!-- This site is optimized with the Yoast SEO plugin v27.0 - https:\/\/yoast.com\/product\/yoast-seo-wordpress\/ -->\n<title>KGB vaikai<\/title>\n<meta name=\"description\" content=\"Justino \u017dilinsko romane \u201eKGB vaikai\u201c veiksmas vyksta Lietuvoje 1996-aisiais. Tai pasakojimas apie persekiojamus jaunuolius Ras\u0105 ir Vili\u0173, besiai\u0161kinan\u010dius KGB paslaptis,\" \/>\n<meta name=\"robots\" content=\"index, follow, max-snippet:-1, max-image-preview:large, max-video-preview:-1\" \/>\n<link rel=\"canonical\" href=\"https:\/\/skaitytaknyga.lt\/en\/produktas\/kgb-vaikai\/\" \/>\n<meta property=\"og:locale\" content=\"en_GB\" \/>\n<meta property=\"og:locale:alternate\" content=\"lt_LT\" \/>\n<meta property=\"og:type\" content=\"article\" \/>\n<meta property=\"og:title\" content=\"KGB vaikai\" \/>\n<meta property=\"og:description\" content=\"Justino \u017dilinsko romane \u201eKGB vaikai\u201c veiksmas vyksta Lietuvoje 1996-aisiais. Tai pasakojimas apie persekiojamus jaunuolius Ras\u0105 ir Vili\u0173, besiai\u0161kinan\u010dius KGB paslaptis,\" \/>\n<meta property=\"og:url\" content=\"https:\/\/skaitytaknyga.lt\/en\/produktas\/kgb-vaikai\/\" \/>\n<meta property=\"og:site_name\" content=\"Skaitytaknyga\" \/>\n<meta property=\"article:publisher\" content=\"https:\/\/www.facebook.com\/skaitytaknyga\/\" \/>\n<meta property=\"article:modified_time\" content=\"2025-05-02T16:26:57+00:00\" \/>\n<meta property=\"og:image\" content=\"https:\/\/skaitytaknyga.lt\/wp-content\/uploads\/2024\/07\/kgb736.jpg\" \/>\n\t<meta property=\"og:image:width\" content=\"251\" \/>\n\t<meta property=\"og:image:height\" content=\"450\" \/>\n\t<meta property=\"og:image:type\" content=\"image\/jpeg\" \/>\n<meta name=\"twitter:card\" content=\"summary_large_image\" \/>\n<meta name=\"twitter:label1\" content=\"Estimated reading time\" \/>\n\t<meta name=\"twitter:data1\" content=\"2 minutes\" \/>\n<script type=\"application\/ld+json\" class=\"yoast-schema-graph\">{\"@context\":\"https:\/\/schema.org\",\"@graph\":[{\"@type\":\"WebPage\",\"@id\":\"https:\/\/skaitytaknyga.lt\/produktas\/kgb-vaikai\/\",\"url\":\"https:\/\/skaitytaknyga.lt\/produktas\/kgb-vaikai\/\",\"name\":\"KGB vaikai\",\"isPartOf\":{\"@id\":\"https:\/\/skaitytaknyga.lt\/#website\"},\"primaryImageOfPage\":{\"@id\":\"https:\/\/skaitytaknyga.lt\/produktas\/kgb-vaikai\/#primaryimage\"},\"image\":{\"@id\":\"https:\/\/skaitytaknyga.lt\/produktas\/kgb-vaikai\/#primaryimage\"},\"thumbnailUrl\":\"https:\/\/skaitytaknyga.lt\/wp-content\/uploads\/2024\/07\/kgb736.jpg\",\"datePublished\":\"2024-07-29T12:49:06+00:00\",\"dateModified\":\"2025-05-02T16:26:57+00:00\",\"description\":\"Justino \u017dilinsko romane \u201eKGB vaikai\u201c veiksmas vyksta Lietuvoje 1996-aisiais. Tai pasakojimas apie persekiojamus jaunuolius Ras\u0105 ir Vili\u0173, besiai\u0161kinan\u010dius KGB paslaptis,\",\"breadcrumb\":{\"@id\":\"https:\/\/skaitytaknyga.lt\/produktas\/kgb-vaikai\/#breadcrumb\"},\"inLanguage\":\"en-GB\",\"potentialAction\":[{\"@type\":\"ReadAction\",\"target\":[\"https:\/\/skaitytaknyga.lt\/produktas\/kgb-vaikai\/\"]}]},{\"@type\":\"ImageObject\",\"inLanguage\":\"en-GB\",\"@id\":\"https:\/\/skaitytaknyga.lt\/produktas\/kgb-vaikai\/#primaryimage\",\"url\":\"https:\/\/skaitytaknyga.lt\/wp-content\/uploads\/2024\/07\/kgb736.jpg\",\"contentUrl\":\"https:\/\/skaitytaknyga.lt\/wp-content\/uploads\/2024\/07\/kgb736.jpg\",\"width\":251,\"height\":450,\"caption\":\"kgb vaikai\"},{\"@type\":\"BreadcrumbList\",\"@id\":\"https:\/\/skaitytaknyga.lt\/produktas\/kgb-vaikai\/#breadcrumb\",\"itemListElement\":[{\"@type\":\"ListItem\",\"position\":1,\"name\":\"Home\",\"item\":\"https:\/\/skaitytaknyga.lt\/\"},{\"@type\":\"ListItem\",\"position\":2,\"name\":\"Parduotuv\u0117\",\"item\":\"https:\/\/skaitytaknyga.lt\/knygu-parduotuve\/\"},{\"@type\":\"ListItem\",\"position\":3,\"name\":\"KGB vaikai\"}]},{\"@type\":\"WebSite\",\"@id\":\"https:\/\/skaitytaknyga.lt\/#website\",\"url\":\"https:\/\/skaitytaknyga.lt\/\",\"name\":\"skaitytaknyga.lt\",\"description\":\"Skaitytaknyga.lt \u2013 tai ma\u017eas \u0161eimos verslas, kuris prasid\u0117jo nuo meil\u0117s knygoms ir siekio i\u0161gelb\u0117ti knygas nuo likimo prie konteinerio. Kas vienam nereikalingas daiktas \u2013 kitam lobis, o mes esame tarpininkai, kurie padeda abiems tapti laimingesniems ???? \u017dinome kaip nelengva i\u0161gyventi ma\u017eiems verslams, tad nuo \u0161iol, \u010dia rasite ir kit\u0173, ma\u017e\u0173 \u0161eim\u0173 versl\u0173, rank\u0173 darbo, dovan\u0173 sau ir artimiesiems.\",\"publisher\":{\"@id\":\"https:\/\/skaitytaknyga.lt\/#organization\"},\"potentialAction\":[{\"@type\":\"SearchAction\",\"target\":{\"@type\":\"EntryPoint\",\"urlTemplate\":\"https:\/\/skaitytaknyga.lt\/?s={search_term_string}\"},\"query-input\":{\"@type\":\"PropertyValueSpecification\",\"valueRequired\":true,\"valueName\":\"search_term_string\"}}],\"inLanguage\":\"en-GB\"},{\"@type\":\"Organization\",\"@id\":\"https:\/\/skaitytaknyga.lt\/#organization\",\"name\":\"skaitytaknyga.lt\",\"url\":\"https:\/\/skaitytaknyga.lt\/\",\"logo\":{\"@type\":\"ImageObject\",\"inLanguage\":\"en-GB\",\"@id\":\"https:\/\/skaitytaknyga.lt\/#\/schema\/logo\/image\/\",\"url\":\"https:\/\/skaitytaknyga.lt\/wp-content\/uploads\/2024\/05\/cropped-cropped-cropped-02_00843_jt3bggkj1j3HLc7SyY6rEUpg.jpeg\",\"contentUrl\":\"https:\/\/skaitytaknyga.lt\/wp-content\/uploads\/2024\/05\/cropped-cropped-cropped-02_00843_jt3bggkj1j3HLc7SyY6rEUpg.jpeg\",\"width\":1600,\"height\":1600,\"caption\":\"skaitytaknyga.lt\"},\"image\":{\"@id\":\"https:\/\/skaitytaknyga.lt\/#\/schema\/logo\/image\/\"},\"sameAs\":[\"https:\/\/www.facebook.com\/skaitytaknyga\/\"]}]}<\/script>\n<!-- \/ Yoast SEO plugin. -->","yoast_head_json":{"title":"KGB vaikai","description":"Justino \u017dilinsko romane \u201eKGB vaikai\u201c veiksmas vyksta Lietuvoje 1996-aisiais. Tai pasakojimas apie persekiojamus jaunuolius Ras\u0105 ir Vili\u0173, besiai\u0161kinan\u010dius KGB paslaptis,","robots":{"index":"index","follow":"follow","max-snippet":"max-snippet:-1","max-image-preview":"max-image-preview:large","max-video-preview":"max-video-preview:-1"},"canonical":"https:\/\/skaitytaknyga.lt\/en\/produktas\/kgb-vaikai\/","og_locale":"en_GB","og_type":"article","og_title":"[:lt]KGB vaikai[:] - Skaitytaknyga","og_description":"Justino \u017dilinsko romane \u201eKGB vaikai\u201c veiksmas vyksta Lietuvoje 1996-aisiais. Tai pasakojimas apie persekiojamus jaunuolius Ras\u0105 ir Vili\u0173, besiai\u0161kinan\u010dius KGB paslaptis,","og_url":"https:\/\/skaitytaknyga.lt\/en\/produktas\/kgb-vaikai\/","og_site_name":"Skaitytaknyga","article_publisher":"https:\/\/www.facebook.com\/skaitytaknyga\/","article_modified_time":"2025-05-02T16:26:57+00:00","og_image":[{"width":251,"height":450,"url":"https:\/\/skaitytaknyga.lt\/wp-content\/uploads\/2024\/07\/kgb736.jpg","type":"image\/jpeg"}],"twitter_card":"summary_large_image","twitter_misc":{"Estimated reading time":"2 minutes"},"schema":{"@context":"https:\/\/schema.org","@graph":[{"@type":"WebPage","@id":"https:\/\/skaitytaknyga.lt\/produktas\/kgb-vaikai\/","url":"https:\/\/skaitytaknyga.lt\/produktas\/kgb-vaikai\/","name":"KGB vaikai","isPartOf":{"@id":"https:\/\/skaitytaknyga.lt\/#website"},"primaryImageOfPage":{"@id":"https:\/\/skaitytaknyga.lt\/produktas\/kgb-vaikai\/#primaryimage"},"image":{"@id":"https:\/\/skaitytaknyga.lt\/produktas\/kgb-vaikai\/#primaryimage"},"thumbnailUrl":"https:\/\/skaitytaknyga.lt\/wp-content\/uploads\/2024\/07\/kgb736.jpg","datePublished":"2024-07-29T12:49:06+00:00","dateModified":"2025-05-02T16:26:57+00:00","description":"Justino \u017dilinsko romane \u201eKGB vaikai\u201c veiksmas vyksta Lietuvoje 1996-aisiais. Tai pasakojimas apie persekiojamus jaunuolius Ras\u0105 ir Vili\u0173, besiai\u0161kinan\u010dius KGB paslaptis,","breadcrumb":{"@id":"https:\/\/skaitytaknyga.lt\/produktas\/kgb-vaikai\/#breadcrumb"},"inLanguage":"en-GB","potentialAction":[{"@type":"ReadAction","target":["https:\/\/skaitytaknyga.lt\/produktas\/kgb-vaikai\/"]}]},{"@type":"ImageObject","inLanguage":"en-GB","@id":"https:\/\/skaitytaknyga.lt\/produktas\/kgb-vaikai\/#primaryimage","url":"https:\/\/skaitytaknyga.lt\/wp-content\/uploads\/2024\/07\/kgb736.jpg","contentUrl":"https:\/\/skaitytaknyga.lt\/wp-content\/uploads\/2024\/07\/kgb736.jpg","width":251,"height":450,"caption":"kgb vaikai"},{"@type":"BreadcrumbList","@id":"https:\/\/skaitytaknyga.lt\/produktas\/kgb-vaikai\/#breadcrumb","itemListElement":[{"@type":"ListItem","position":1,"name":"Home","item":"https:\/\/skaitytaknyga.lt\/"},{"@type":"ListItem","position":2,"name":"Parduotuv\u0117","item":"https:\/\/skaitytaknyga.lt\/knygu-parduotuve\/"},{"@type":"ListItem","position":3,"name":"KGB vaikai"}]},{"@type":"WebSite","@id":"https:\/\/skaitytaknyga.lt\/#website","url":"https:\/\/skaitytaknyga.lt\/","name":"skaitytaknyga.lt","description":"Skaitytaknyga.lt \u2013 tai ma\u017eas \u0161eimos verslas, kuris prasid\u0117jo nuo meil\u0117s knygoms ir siekio i\u0161gelb\u0117ti knygas nuo likimo prie konteinerio. Kas vienam nereikalingas daiktas \u2013 kitam lobis, o mes esame tarpininkai, kurie padeda abiems tapti laimingesniems ???? \u017dinome kaip nelengva i\u0161gyventi ma\u017eiems verslams, tad nuo \u0161iol, \u010dia rasite ir kit\u0173, ma\u017e\u0173 \u0161eim\u0173 versl\u0173, rank\u0173 darbo, dovan\u0173 sau ir artimiesiems.","publisher":{"@id":"https:\/\/skaitytaknyga.lt\/#organization"},"potentialAction":[{"@type":"SearchAction","target":{"@type":"EntryPoint","urlTemplate":"https:\/\/skaitytaknyga.lt\/?s={search_term_string}"},"query-input":{"@type":"PropertyValueSpecification","valueRequired":true,"valueName":"search_term_string"}}],"inLanguage":"en-GB"},{"@type":"Organization","@id":"https:\/\/skaitytaknyga.lt\/#organization","name":"skaitytaknyga.lt","url":"https:\/\/skaitytaknyga.lt\/","logo":{"@type":"ImageObject","inLanguage":"en-GB","@id":"https:\/\/skaitytaknyga.lt\/#\/schema\/logo\/image\/","url":"https:\/\/skaitytaknyga.lt\/wp-content\/uploads\/2024\/05\/cropped-cropped-cropped-02_00843_jt3bggkj1j3HLc7SyY6rEUpg.jpeg","contentUrl":"https:\/\/skaitytaknyga.lt\/wp-content\/uploads\/2024\/05\/cropped-cropped-cropped-02_00843_jt3bggkj1j3HLc7SyY6rEUpg.jpeg","width":1600,"height":1600,"caption":"skaitytaknyga.lt"},"image":{"@id":"https:\/\/skaitytaknyga.lt\/#\/schema\/logo\/image\/"},"sameAs":["https:\/\/www.facebook.com\/skaitytaknyga\/"]}]}},"_links":{"self":[{"href":"https:\/\/skaitytaknyga.lt\/en\/wp-json\/wp\/v2\/product\/13368","targetHints":{"allow":["GET"]}}],"collection":[{"href":"https:\/\/skaitytaknyga.lt\/en\/wp-json\/wp\/v2\/product"}],"about":[{"href":"https:\/\/skaitytaknyga.lt\/en\/wp-json\/wp\/v2\/types\/product"}],"replies":[{"embeddable":true,"href":"https:\/\/skaitytaknyga.lt\/en\/wp-json\/wp\/v2\/comments?post=13368"}],"wp:featuredmedia":[{"embeddable":true,"href":"https:\/\/skaitytaknyga.lt\/en\/wp-json\/wp\/v2\/media\/13369"}],"wp:attachment":[{"href":"https:\/\/skaitytaknyga.lt\/en\/wp-json\/wp\/v2\/media?parent=13368"}],"wp:term":[{"taxonomy":"product_brand","embeddable":true,"href":"https:\/\/skaitytaknyga.lt\/en\/wp-json\/wp\/v2\/product_brand?post=13368"},{"taxonomy":"product_cat","embeddable":true,"href":"https:\/\/skaitytaknyga.lt\/en\/wp-json\/wp\/v2\/product_cat?post=13368"},{"taxonomy":"product_tag","embeddable":true,"href":"https:\/\/skaitytaknyga.lt\/en\/wp-json\/wp\/v2\/product_tag?post=13368"}],"curies":[{"name":"wp","href":"https:\/\/api.w.org\/{rel}","templated":true}]}}