{"id":13364,"date":"2024-07-29T08:34:33","date_gmt":"2024-07-29T05:34:33","guid":{"rendered":"https:\/\/skaitytaknyga.lt\/?post_type=product&#038;p=13364"},"modified":"2026-02-18T14:35:21","modified_gmt":"2026-02-18T12:35:21","slug":"rasa-katiliute-baciuliene-gimties-stebuklas","status":"publish","type":"product","link":"https:\/\/skaitytaknyga.lt\/en\/produktas\/rasa-katiliute-baciuliene-gimties-stebuklas\/","title":{"rendered":"Gimties stebuklas"},"content":{"rendered":"<p>N\u0117\u0161tumas &#8211; vienas gra\u017eiausi\u0173 moters gyvenimo tarpsni\u0173. J\u012f vainikuoja gimdymas. Daugel\u012f \u0161is \u017eodis g\u0105sdina, bet jeigu gimdymui ruo\u0161iamasi, jis gali tapti vienu i\u0161 nuostabiausi\u0173 ir gra\u017eiausi\u0173 \u012fvyki\u0173 gyvenime.<\/p>\n<p>\u0160ioje knygoje moterys ir vyrai dalijasi savo patirtimi, \u012fgyta per pirmo, antro ar net penkto vaikelio gimdym\u0105. Kiekvienas gimdymas yra kitoks, labai asmeni\u0161kas, subtilus, intymus, nepakartojamas.<\/p>\n<p>Teprimena jums Sigito Kondrato fotografijos, kad \u0161iuo ypatingu moters gyvenimo laikotarpiu esate pa\u010dios gra\u017eiausios, d\u017eiaukit\u0117s kiekviena akimirka ir priimkite savo n\u0117\u0161tum\u0105 kaip dovan\u0105.<\/p>\n<ul class=\"about-product d-none d-xl-block mt-4\">\n<li><strong>Autorius:<\/strong>\u00a0Rasa Katili\u016bt\u0117-Ba\u010diulien\u0117<\/li>\n<li><strong>Leid\u0117jas:<\/strong>\u00a0Kronta<\/li>\n<li><strong>Metai:<\/strong>\u00a02005<\/li>\n<li><strong>Puslapiai:<\/strong>\u00a0160<\/li>\n<li><strong>ISBN-10:<\/strong>\u00a09955595442<\/li>\n<li><strong>ISBN-13:<\/strong>\u00a09789955595441<\/li>\n<li><strong>Prek\u0117s kodas:<\/strong>\u00a02200001002456<\/li>\n<li><strong>Formatas:<\/strong>\u00a017 x 22,5 cm, kieti vir\u0161eliai<\/li>\n<li><strong>Kalba:<\/strong>\u00a0Lietuvi\u0173<\/li>\n<\/ul>\n","protected":false},"excerpt":{"rendered":"<p>N\u0117\u0161tumas &#8211; vienas gra\u017eiausi\u0173 moters gyvenimo tarpsni\u0173. J\u012f vainikuoja gimdymas. Daugel\u012f \u0161is \u017eodis g\u0105sdina, bet jeigu gimdymui ruo\u0161iamasi, jis gali tapti vienu i\u0161 nuostabiausi\u0173 ir gra\u017eiausi\u0173 \u012fvyki\u0173 gyvenime. \u0160ioje knygoje moterys ir vyrai dalijasi savo patirtimi, \u012fgyta per pirmo, antro ar net penkto vaikelio gimdym\u0105. Kiekvienas gimdymas yra kitoks, labai asmeni\u0161kas, subtilus, intymus, nepakartojamas. Teprimena jums Sigito Kondrato fotografijos, kad \u0161iuo ypatingu moters gyvenimo laikotarpiu esate pa\u010dios gra\u017eiausios, d\u017eiaukit\u0117s kiekviena akimirka ir priimkite savo n\u0117\u0161tum\u0105 kaip dovan\u0105. Autorius:\u00a0Rasa Katili\u016bt\u0117-Ba\u010diulien\u0117 Leid\u0117jas:\u00a0Kronta Metai:\u00a02005 Puslapiai:\u00a0160 ISBN-10:\u00a09955595442 ISBN-13:\u00a09789955595441 Prek\u0117s kodas:\u00a02200001002456 Formatas:\u00a017 x 22,5 cm, kieti vir\u0161eliai Kalba:\u00a0Lietuvi\u0173<\/p>\n","protected":false},"featured_media":13365,"comment_status":"closed","ping_status":"closed","template":"","meta":{"_acf_changed":false,"site-sidebar-layout":"default","site-content-layout":"","ast-site-content-layout":"default","site-content-style":"default","site-sidebar-style":"default","ast-global-header-display":"","ast-banner-title-visibility":"","ast-main-header-display":"","ast-hfb-above-header-display":"","ast-hfb-below-header-display":"","ast-hfb-mobile-header-display":"","site-post-title":"","ast-breadcrumbs-content":"","ast-featured-img":"","footer-sml-layout":"","ast-disable-related-posts":"","theme-transparent-header-meta":"default","adv-header-id-meta":"","stick-header-meta":"","header-above-stick-meta":"","header-main-stick-meta":"","header-below-stick-meta":"","astra-migrate-meta-layouts":"set","ast-page-background-enabled":"default","ast-page-background-meta":{"desktop":{"background-color":"","background-image":"","background-repeat":"repeat","background-position":"center center","background-size":"auto","background-attachment":"scroll","background-type":"","background-media":"","overlay-type":"","overlay-color":"","overlay-opacity":"","overlay-gradient":""},"tablet":{"background-color":"","background-image":"","background-repeat":"repeat","background-position":"center center","background-size":"auto","background-attachment":"scroll","background-type":"","background-media":"","overlay-type":"","overlay-color":"","overlay-opacity":"","overlay-gradient":""},"mobile":{"background-color":"","background-image":"","background-repeat":"repeat","background-position":"center center","background-size":"auto","background-attachment":"scroll","background-type":"","background-media":"","overlay-type":"","overlay-color":"","overlay-opacity":"","overlay-gradient":""}},"ast-content-background-meta":{"desktop":{"background-color":"var(--ast-global-color-4)","background-image":"","background-repeat":"repeat","background-position":"center center","background-size":"auto","background-attachment":"scroll","background-type":"","background-media":"","overlay-type":"","overlay-color":"","overlay-opacity":"","overlay-gradient":""},"tablet":{"background-color":"var(--ast-global-color-4)","background-image":"","background-repeat":"repeat","background-position":"center center","background-size":"auto","background-attachment":"scroll","background-type":"","background-media":"","overlay-type":"","overlay-color":"","overlay-opacity":"","overlay-gradient":""},"mobile":{"background-color":"var(--ast-global-color-4)","background-image":"","background-repeat":"repeat","background-position":"center center","background-size":"auto","background-attachment":"scroll","background-type":"","background-media":"","overlay-type":"","overlay-color":"","overlay-opacity":"","overlay-gradient":""}}},"product_brand":[],"product_cat":[37],"product_tag":[9463],"class_list":{"0":"post-13364","1":"product","2":"type-product","3":"status-publish","4":"has-post-thumbnail","6":"product_cat-nestumas-ir-vaiku-prieziura-bei-auklejimas","7":"product_tag-rasa-katiliute-baciuliene","8":"desktop-align-left","9":"tablet-align-left","10":"mobile-align-left","12":"first","13":"instock","14":"shipping-taxable","15":"purchasable","16":"product-type-simple"},"acf":[],"yoast_head":"<!-- This site is optimized with the Yoast SEO plugin v27.0 - https:\/\/yoast.com\/product\/yoast-seo-wordpress\/ -->\n<title>Gimties stebuklas<\/title>\n<meta name=\"description\" content=\"\u0160ioje knygoje moterys ir vyrai dalijasi savo patirtimi, \u012fgyta per pirmo, antro ar net penkto vaikelio gimdym\u0105. Kiekvienas gimdymas yra kitoks\" \/>\n<meta name=\"robots\" content=\"index, follow, max-snippet:-1, max-image-preview:large, max-video-preview:-1\" \/>\n<link rel=\"canonical\" href=\"https:\/\/skaitytaknyga.lt\/en\/produktas\/rasa-katiliute-baciuliene-gimties-stebuklas\/\" \/>\n<meta property=\"og:locale\" content=\"en_GB\" \/>\n<meta property=\"og:locale:alternate\" content=\"lt_LT\" \/>\n<meta property=\"og:type\" content=\"article\" \/>\n<meta property=\"og:title\" content=\"Gimties stebuklas\" \/>\n<meta property=\"og:description\" content=\"\u0160ioje knygoje moterys ir vyrai dalijasi savo patirtimi, \u012fgyta per pirmo, antro ar net penkto vaikelio gimdym\u0105. Kiekvienas gimdymas yra kitoks\" \/>\n<meta property=\"og:url\" content=\"https:\/\/skaitytaknyga.lt\/en\/produktas\/rasa-katiliute-baciuliene-gimties-stebuklas\/\" \/>\n<meta property=\"og:site_name\" content=\"Skaitytaknyga\" \/>\n<meta property=\"article:publisher\" content=\"https:\/\/www.facebook.com\/skaitytaknyga\/\" \/>\n<meta property=\"article:modified_time\" content=\"2026-02-18T12:35:21+00:00\" \/>\n<meta property=\"og:image\" content=\"https:\/\/skaitytaknyga.lt\/wp-content\/uploads\/2024\/07\/Skaitytuvas_20210911-15-1-1.png\" \/>\n\t<meta property=\"og:image:width\" content=\"500\" \/>\n\t<meta property=\"og:image:height\" content=\"669\" \/>\n\t<meta property=\"og:image:type\" content=\"image\/png\" \/>\n<meta name=\"twitter:card\" content=\"summary_large_image\" \/>\n<meta name=\"twitter:label1\" content=\"Estimated reading time\" \/>\n\t<meta name=\"twitter:data1\" content=\"1 minute\" \/>\n<script type=\"application\/ld+json\" class=\"yoast-schema-graph\">{\"@context\":\"https:\/\/schema.org\",\"@graph\":[{\"@type\":\"WebPage\",\"@id\":\"https:\/\/skaitytaknyga.lt\/produktas\/rasa-katiliute-baciuliene-gimties-stebuklas\/\",\"url\":\"https:\/\/skaitytaknyga.lt\/produktas\/rasa-katiliute-baciuliene-gimties-stebuklas\/\",\"name\":\"Gimties stebuklas\",\"isPartOf\":{\"@id\":\"https:\/\/skaitytaknyga.lt\/#website\"},\"primaryImageOfPage\":{\"@id\":\"https:\/\/skaitytaknyga.lt\/produktas\/rasa-katiliute-baciuliene-gimties-stebuklas\/#primaryimage\"},\"image\":{\"@id\":\"https:\/\/skaitytaknyga.lt\/produktas\/rasa-katiliute-baciuliene-gimties-stebuklas\/#primaryimage\"},\"thumbnailUrl\":\"https:\/\/skaitytaknyga.lt\/wp-content\/uploads\/2024\/07\/Skaitytuvas_20210911-15-1-1.png\",\"datePublished\":\"2024-07-29T05:34:33+00:00\",\"dateModified\":\"2026-02-18T12:35:21+00:00\",\"description\":\"\u0160ioje knygoje moterys ir vyrai dalijasi savo patirtimi, \u012fgyta per pirmo, antro ar net penkto vaikelio gimdym\u0105. Kiekvienas gimdymas yra kitoks\",\"breadcrumb\":{\"@id\":\"https:\/\/skaitytaknyga.lt\/produktas\/rasa-katiliute-baciuliene-gimties-stebuklas\/#breadcrumb\"},\"inLanguage\":\"en-GB\",\"potentialAction\":[{\"@type\":\"ReadAction\",\"target\":[\"https:\/\/skaitytaknyga.lt\/produktas\/rasa-katiliute-baciuliene-gimties-stebuklas\/\"]}]},{\"@type\":\"ImageObject\",\"inLanguage\":\"en-GB\",\"@id\":\"https:\/\/skaitytaknyga.lt\/produktas\/rasa-katiliute-baciuliene-gimties-stebuklas\/#primaryimage\",\"url\":\"https:\/\/skaitytaknyga.lt\/wp-content\/uploads\/2024\/07\/Skaitytuvas_20210911-15-1-1.png\",\"contentUrl\":\"https:\/\/skaitytaknyga.lt\/wp-content\/uploads\/2024\/07\/Skaitytuvas_20210911-15-1-1.png\",\"width\":500,\"height\":669,\"caption\":\"Gimties stebuklas\"},{\"@type\":\"BreadcrumbList\",\"@id\":\"https:\/\/skaitytaknyga.lt\/produktas\/rasa-katiliute-baciuliene-gimties-stebuklas\/#breadcrumb\",\"itemListElement\":[{\"@type\":\"ListItem\",\"position\":1,\"name\":\"Home\",\"item\":\"https:\/\/skaitytaknyga.lt\/\"},{\"@type\":\"ListItem\",\"position\":2,\"name\":\"Parduotuv\u0117\",\"item\":\"https:\/\/skaitytaknyga.lt\/knygu-parduotuve\/\"},{\"@type\":\"ListItem\",\"position\":3,\"name\":\"Gimties stebuklas\"}]},{\"@type\":\"WebSite\",\"@id\":\"https:\/\/skaitytaknyga.lt\/#website\",\"url\":\"https:\/\/skaitytaknyga.lt\/\",\"name\":\"skaitytaknyga.lt\",\"description\":\"Skaitytaknyga.lt \u2013 tai ma\u017eas \u0161eimos verslas, kuris prasid\u0117jo nuo meil\u0117s knygoms ir siekio i\u0161gelb\u0117ti knygas nuo likimo prie konteinerio. Kas vienam nereikalingas daiktas \u2013 kitam lobis, o mes esame tarpininkai, kurie padeda abiems tapti laimingesniems ???? \u017dinome kaip nelengva i\u0161gyventi ma\u017eiems verslams, tad nuo \u0161iol, \u010dia rasite ir kit\u0173, ma\u017e\u0173 \u0161eim\u0173 versl\u0173, rank\u0173 darbo, dovan\u0173 sau ir artimiesiems.\",\"publisher\":{\"@id\":\"https:\/\/skaitytaknyga.lt\/#organization\"},\"potentialAction\":[{\"@type\":\"SearchAction\",\"target\":{\"@type\":\"EntryPoint\",\"urlTemplate\":\"https:\/\/skaitytaknyga.lt\/?s={search_term_string}\"},\"query-input\":{\"@type\":\"PropertyValueSpecification\",\"valueRequired\":true,\"valueName\":\"search_term_string\"}}],\"inLanguage\":\"en-GB\"},{\"@type\":\"Organization\",\"@id\":\"https:\/\/skaitytaknyga.lt\/#organization\",\"name\":\"skaitytaknyga.lt\",\"url\":\"https:\/\/skaitytaknyga.lt\/\",\"logo\":{\"@type\":\"ImageObject\",\"inLanguage\":\"en-GB\",\"@id\":\"https:\/\/skaitytaknyga.lt\/#\/schema\/logo\/image\/\",\"url\":\"https:\/\/skaitytaknyga.lt\/wp-content\/uploads\/2024\/05\/cropped-cropped-cropped-02_00843_jt3bggkj1j3HLc7SyY6rEUpg.jpeg\",\"contentUrl\":\"https:\/\/skaitytaknyga.lt\/wp-content\/uploads\/2024\/05\/cropped-cropped-cropped-02_00843_jt3bggkj1j3HLc7SyY6rEUpg.jpeg\",\"width\":1600,\"height\":1600,\"caption\":\"skaitytaknyga.lt\"},\"image\":{\"@id\":\"https:\/\/skaitytaknyga.lt\/#\/schema\/logo\/image\/\"},\"sameAs\":[\"https:\/\/www.facebook.com\/skaitytaknyga\/\"]}]}<\/script>\n<!-- \/ Yoast SEO plugin. -->","yoast_head_json":{"title":"Gimties stebuklas","description":"\u0160ioje knygoje moterys ir vyrai dalijasi savo patirtimi, \u012fgyta per pirmo, antro ar net penkto vaikelio gimdym\u0105. Kiekvienas gimdymas yra kitoks","robots":{"index":"index","follow":"follow","max-snippet":"max-snippet:-1","max-image-preview":"max-image-preview:large","max-video-preview":"max-video-preview:-1"},"canonical":"https:\/\/skaitytaknyga.lt\/en\/produktas\/rasa-katiliute-baciuliene-gimties-stebuklas\/","og_locale":"en_GB","og_type":"article","og_title":"[:lt]Gimties stebuklas[:] - Skaitytaknyga","og_description":"\u0160ioje knygoje moterys ir vyrai dalijasi savo patirtimi, \u012fgyta per pirmo, antro ar net penkto vaikelio gimdym\u0105. Kiekvienas gimdymas yra kitoks","og_url":"https:\/\/skaitytaknyga.lt\/en\/produktas\/rasa-katiliute-baciuliene-gimties-stebuklas\/","og_site_name":"Skaitytaknyga","article_publisher":"https:\/\/www.facebook.com\/skaitytaknyga\/","article_modified_time":"2026-02-18T12:35:21+00:00","og_image":[{"width":500,"height":669,"url":"https:\/\/skaitytaknyga.lt\/wp-content\/uploads\/2024\/07\/Skaitytuvas_20210911-15-1-1.png","type":"image\/png"}],"twitter_card":"summary_large_image","twitter_misc":{"Estimated reading time":"1 minute"},"schema":{"@context":"https:\/\/schema.org","@graph":[{"@type":"WebPage","@id":"https:\/\/skaitytaknyga.lt\/produktas\/rasa-katiliute-baciuliene-gimties-stebuklas\/","url":"https:\/\/skaitytaknyga.lt\/produktas\/rasa-katiliute-baciuliene-gimties-stebuklas\/","name":"Gimties stebuklas","isPartOf":{"@id":"https:\/\/skaitytaknyga.lt\/#website"},"primaryImageOfPage":{"@id":"https:\/\/skaitytaknyga.lt\/produktas\/rasa-katiliute-baciuliene-gimties-stebuklas\/#primaryimage"},"image":{"@id":"https:\/\/skaitytaknyga.lt\/produktas\/rasa-katiliute-baciuliene-gimties-stebuklas\/#primaryimage"},"thumbnailUrl":"https:\/\/skaitytaknyga.lt\/wp-content\/uploads\/2024\/07\/Skaitytuvas_20210911-15-1-1.png","datePublished":"2024-07-29T05:34:33+00:00","dateModified":"2026-02-18T12:35:21+00:00","description":"\u0160ioje knygoje moterys ir vyrai dalijasi savo patirtimi, \u012fgyta per pirmo, antro ar net penkto vaikelio gimdym\u0105. Kiekvienas gimdymas yra kitoks","breadcrumb":{"@id":"https:\/\/skaitytaknyga.lt\/produktas\/rasa-katiliute-baciuliene-gimties-stebuklas\/#breadcrumb"},"inLanguage":"en-GB","potentialAction":[{"@type":"ReadAction","target":["https:\/\/skaitytaknyga.lt\/produktas\/rasa-katiliute-baciuliene-gimties-stebuklas\/"]}]},{"@type":"ImageObject","inLanguage":"en-GB","@id":"https:\/\/skaitytaknyga.lt\/produktas\/rasa-katiliute-baciuliene-gimties-stebuklas\/#primaryimage","url":"https:\/\/skaitytaknyga.lt\/wp-content\/uploads\/2024\/07\/Skaitytuvas_20210911-15-1-1.png","contentUrl":"https:\/\/skaitytaknyga.lt\/wp-content\/uploads\/2024\/07\/Skaitytuvas_20210911-15-1-1.png","width":500,"height":669,"caption":"Gimties stebuklas"},{"@type":"BreadcrumbList","@id":"https:\/\/skaitytaknyga.lt\/produktas\/rasa-katiliute-baciuliene-gimties-stebuklas\/#breadcrumb","itemListElement":[{"@type":"ListItem","position":1,"name":"Home","item":"https:\/\/skaitytaknyga.lt\/"},{"@type":"ListItem","position":2,"name":"Parduotuv\u0117","item":"https:\/\/skaitytaknyga.lt\/knygu-parduotuve\/"},{"@type":"ListItem","position":3,"name":"Gimties stebuklas"}]},{"@type":"WebSite","@id":"https:\/\/skaitytaknyga.lt\/#website","url":"https:\/\/skaitytaknyga.lt\/","name":"skaitytaknyga.lt","description":"Skaitytaknyga.lt \u2013 tai ma\u017eas \u0161eimos verslas, kuris prasid\u0117jo nuo meil\u0117s knygoms ir siekio i\u0161gelb\u0117ti knygas nuo likimo prie konteinerio. Kas vienam nereikalingas daiktas \u2013 kitam lobis, o mes esame tarpininkai, kurie padeda abiems tapti laimingesniems ???? \u017dinome kaip nelengva i\u0161gyventi ma\u017eiems verslams, tad nuo \u0161iol, \u010dia rasite ir kit\u0173, ma\u017e\u0173 \u0161eim\u0173 versl\u0173, rank\u0173 darbo, dovan\u0173 sau ir artimiesiems.","publisher":{"@id":"https:\/\/skaitytaknyga.lt\/#organization"},"potentialAction":[{"@type":"SearchAction","target":{"@type":"EntryPoint","urlTemplate":"https:\/\/skaitytaknyga.lt\/?s={search_term_string}"},"query-input":{"@type":"PropertyValueSpecification","valueRequired":true,"valueName":"search_term_string"}}],"inLanguage":"en-GB"},{"@type":"Organization","@id":"https:\/\/skaitytaknyga.lt\/#organization","name":"skaitytaknyga.lt","url":"https:\/\/skaitytaknyga.lt\/","logo":{"@type":"ImageObject","inLanguage":"en-GB","@id":"https:\/\/skaitytaknyga.lt\/#\/schema\/logo\/image\/","url":"https:\/\/skaitytaknyga.lt\/wp-content\/uploads\/2024\/05\/cropped-cropped-cropped-02_00843_jt3bggkj1j3HLc7SyY6rEUpg.jpeg","contentUrl":"https:\/\/skaitytaknyga.lt\/wp-content\/uploads\/2024\/05\/cropped-cropped-cropped-02_00843_jt3bggkj1j3HLc7SyY6rEUpg.jpeg","width":1600,"height":1600,"caption":"skaitytaknyga.lt"},"image":{"@id":"https:\/\/skaitytaknyga.lt\/#\/schema\/logo\/image\/"},"sameAs":["https:\/\/www.facebook.com\/skaitytaknyga\/"]}]}},"_links":{"self":[{"href":"https:\/\/skaitytaknyga.lt\/en\/wp-json\/wp\/v2\/product\/13364","targetHints":{"allow":["GET"]}}],"collection":[{"href":"https:\/\/skaitytaknyga.lt\/en\/wp-json\/wp\/v2\/product"}],"about":[{"href":"https:\/\/skaitytaknyga.lt\/en\/wp-json\/wp\/v2\/types\/product"}],"replies":[{"embeddable":true,"href":"https:\/\/skaitytaknyga.lt\/en\/wp-json\/wp\/v2\/comments?post=13364"}],"wp:featuredmedia":[{"embeddable":true,"href":"https:\/\/skaitytaknyga.lt\/en\/wp-json\/wp\/v2\/media\/13365"}],"wp:attachment":[{"href":"https:\/\/skaitytaknyga.lt\/en\/wp-json\/wp\/v2\/media?parent=13364"}],"wp:term":[{"taxonomy":"product_brand","embeddable":true,"href":"https:\/\/skaitytaknyga.lt\/en\/wp-json\/wp\/v2\/product_brand?post=13364"},{"taxonomy":"product_cat","embeddable":true,"href":"https:\/\/skaitytaknyga.lt\/en\/wp-json\/wp\/v2\/product_cat?post=13364"},{"taxonomy":"product_tag","embeddable":true,"href":"https:\/\/skaitytaknyga.lt\/en\/wp-json\/wp\/v2\/product_tag?post=13364"}],"curies":[{"name":"wp","href":"https:\/\/api.w.org\/{rel}","templated":true}]}}