{"id":13360,"date":"2024-07-29T08:22:35","date_gmt":"2024-07-29T05:22:35","guid":{"rendered":"https:\/\/skaitytaknyga.lt\/?post_type=product&#038;p=13360"},"modified":"2024-07-29T08:40:53","modified_gmt":"2024-07-29T05:40:53","slug":"sumud-reiskia-tvirtybe-palestinieciu-kelias","status":"publish","type":"product","link":"https:\/\/skaitytaknyga.lt\/en\/produktas\/sumud-reiskia-tvirtybe-palestinieciu-kelias\/","title":{"rendered":"Sumud rei\u0161kia \u201etvirtyb\u0117\u201c: palestinie\u010di\u0173 kelias (keletoje viet\u0173 pabraukta tu\u0161inuku)"},"content":{"rendered":"<p><strong>\u201eSumud rei\u0161kia \u201etvirtyb\u0117&#8221;: palestinie\u010di\u0173 kelias&#8221;<\/strong>\u00a0yra palestinie\u010di\u0173 autori\u0173 tekst\u0173 rinkinys, apimantis 1948\u20132021 m. laikotarp\u012f. J\u0105 sudaro autobiografini\u0173 ir kit\u0173 knyg\u0173 skyriai, \u017eurnalistiniai ir akademiniai straipsniai ar j\u0173 i\u0161traukos, politiniai parei\u0161kimai, dienora\u0161\u010di\u0173 \u012fra\u0161ai, u\u017era\u0161yti \u017emoni\u0173 liudijimai ir kt. \u2013 tai labai skirting\u0173 autori\u0173 ir \u017eanr\u0173 mozaika, lietuvi\u0173 skaitytojams parodanti pastar\u0173j\u0173 septyni\u0173 de\u0161imtme\u010di\u0173 Palestinos istorij\u0105 ir dabart\u012f.<\/p>\n<p>Knygoje tiesiogiai ir netiesiogiai atskleid\u017eiama esmin\u0117 palestinie\u010diams s\u0105voka \u2013 sumud (\u201etvirtyb\u0117&#8221;) kaip tautos ry\u017eto i\u0161likti nepaisant traum\u0173 ir negand\u0173 i\u0161rai\u0161ka, kaip b\u016bdas i\u0161saugoti tapatyb\u0119 ir orum\u0105, kaip nepalau\u017eiamo pasiprie\u0161inimo dalis. Visi 34 tekstai versti i\u0161 angl\u0173 kalbos.<\/p>\n<p>Knygos vert\u0117ja ir sudarytoja Gema Sabonyt\u0117.<\/p>\n<ul class=\"about-product d-none d-xl-block mt-4\">\n<li><strong>Metai:<\/strong>\u00a02021<\/li>\n<li><strong>Puslapiai:<\/strong>\u00a0398<\/li>\n<li><strong>ISBN:<\/strong>\u00a09786094757952<\/li>\n<li><strong>Formatas:<\/strong>\u00a015 x 23,2 x 2,9 cm, mink\u0161ti vir\u0161eliai<\/li>\n<li><strong>Kalba:<\/strong>\u00a0Lietuvi\u0173<\/li>\n<li><strong>Vert\u0117jas:<\/strong>\u00a0Gema Sabonyt\u0117<\/li>\n<\/ul>\n","protected":false},"excerpt":{"rendered":"<p>\u201eSumud rei\u0161kia \u201etvirtyb\u0117&#8221;: palestinie\u010di\u0173 kelias&#8221;\u00a0yra palestinie\u010di\u0173 autori\u0173 tekst\u0173 rinkinys, apimantis 1948\u20132021 m. laikotarp\u012f. J\u0105 sudaro autobiografini\u0173 ir kit\u0173 knyg\u0173 skyriai, \u017eurnalistiniai ir akademiniai straipsniai ar j\u0173 i\u0161traukos, politiniai parei\u0161kimai, dienora\u0161\u010di\u0173 \u012fra\u0161ai, u\u017era\u0161yti \u017emoni\u0173 liudijimai ir kt. \u2013 tai labai skirting\u0173 autori\u0173 ir \u017eanr\u0173 mozaika, lietuvi\u0173 skaitytojams parodanti pastar\u0173j\u0173 septyni\u0173 de\u0161imtme\u010di\u0173 Palestinos istorij\u0105 ir dabart\u012f. Knygoje tiesiogiai ir netiesiogiai atskleid\u017eiama esmin\u0117 palestinie\u010diams s\u0105voka \u2013 sumud (\u201etvirtyb\u0117&#8221;) kaip tautos ry\u017eto i\u0161likti nepaisant traum\u0173 ir negand\u0173 i\u0161rai\u0161ka, kaip b\u016bdas i\u0161saugoti tapatyb\u0119 ir orum\u0105, kaip nepalau\u017eiamo pasiprie\u0161inimo dalis. Visi 34 tekstai versti i\u0161 angl\u0173 kalbos. Knygos vert\u0117ja ir sudarytoja Gema Sabonyt\u0117. Metai:\u00a02021 Puslapiai:\u00a0398 ISBN:\u00a09786094757952 Formatas:\u00a015 x 23,2 x 2,9 cm, mink\u0161ti vir\u0161eliai Kalba:\u00a0Lietuvi\u0173 Vert\u0117jas:\u00a0Gema Sabonyt\u0117<\/p>\n","protected":false},"featured_media":13361,"comment_status":"open","ping_status":"closed","template":"","meta":{"_acf_changed":false,"site-sidebar-layout":"default","site-content-layout":"","ast-site-content-layout":"default","site-content-style":"default","site-sidebar-style":"default","ast-global-header-display":"","ast-banner-title-visibility":"","ast-main-header-display":"","ast-hfb-above-header-display":"","ast-hfb-below-header-display":"","ast-hfb-mobile-header-display":"","site-post-title":"","ast-breadcrumbs-content":"","ast-featured-img":"","footer-sml-layout":"","ast-disable-related-posts":"","theme-transparent-header-meta":"default","adv-header-id-meta":"","stick-header-meta":"","header-above-stick-meta":"","header-main-stick-meta":"","header-below-stick-meta":"","astra-migrate-meta-layouts":"set","ast-page-background-enabled":"default","ast-page-background-meta":{"desktop":{"background-color":"","background-image":"","background-repeat":"repeat","background-position":"center center","background-size":"auto","background-attachment":"scroll","background-type":"","background-media":"","overlay-type":"","overlay-color":"","overlay-opacity":"","overlay-gradient":""},"tablet":{"background-color":"","background-image":"","background-repeat":"repeat","background-position":"center center","background-size":"auto","background-attachment":"scroll","background-type":"","background-media":"","overlay-type":"","overlay-color":"","overlay-opacity":"","overlay-gradient":""},"mobile":{"background-color":"","background-image":"","background-repeat":"repeat","background-position":"center center","background-size":"auto","background-attachment":"scroll","background-type":"","background-media":"","overlay-type":"","overlay-color":"","overlay-opacity":"","overlay-gradient":""}},"ast-content-background-meta":{"desktop":{"background-color":"var(--ast-global-color-4)","background-image":"","background-repeat":"repeat","background-position":"center center","background-size":"auto","background-attachment":"scroll","background-type":"","background-media":"","overlay-type":"","overlay-color":"","overlay-opacity":"","overlay-gradient":""},"tablet":{"background-color":"var(--ast-global-color-4)","background-image":"","background-repeat":"repeat","background-position":"center center","background-size":"auto","background-attachment":"scroll","background-type":"","background-media":"","overlay-type":"","overlay-color":"","overlay-opacity":"","overlay-gradient":""},"mobile":{"background-color":"var(--ast-global-color-4)","background-image":"","background-repeat":"repeat","background-position":"center center","background-size":"auto","background-attachment":"scroll","background-type":"","background-media":"","overlay-type":"","overlay-color":"","overlay-opacity":"","overlay-gradient":""}}},"product_brand":[],"product_cat":[174],"product_tag":[],"class_list":{"0":"post-13360","1":"product","2":"type-product","3":"status-publish","4":"has-post-thumbnail","6":"product_cat-istorija-ir-politologija","7":"desktop-align-left","8":"tablet-align-left","9":"mobile-align-left","11":"first","12":"instock","13":"shipping-taxable","14":"purchasable","15":"product-type-simple"},"acf":[],"yoast_head":"<!-- This site is optimized with the Yoast SEO plugin v27.0 - https:\/\/yoast.com\/product\/yoast-seo-wordpress\/ -->\n<title>Sumud rei\u0161kia \u201etvirtyb\u0117\u201c: palestinie\u010di\u0173 kelias - skaitytaknyga.lt<\/title>\n<meta name=\"description\" content=\"\u201eSumud rei\u0161kia \u201etvirtyb\u0117&quot;: palestinie\u010di\u0173 kelias&quot;\u00a0yra palestinie\u010di\u0173 autori\u0173 tekst\u0173 rinkinys, apimantis 1948\u20132021 m. laikotarp\u012f.\" \/>\n<meta name=\"robots\" content=\"index, follow, max-snippet:-1, max-image-preview:large, max-video-preview:-1\" \/>\n<link rel=\"canonical\" href=\"https:\/\/skaitytaknyga.lt\/en\/produktas\/sumud-reiskia-tvirtybe-palestinieciu-kelias\/\" \/>\n<meta property=\"og:locale\" content=\"en_GB\" \/>\n<meta property=\"og:locale:alternate\" content=\"lt_LT\" \/>\n<meta property=\"og:type\" content=\"article\" \/>\n<meta property=\"og:title\" content=\"Sumud rei\u0161kia \u201etvirtyb\u0117\u201c: palestinie\u010di\u0173 kelias - skaitytaknyga.lt\" \/>\n<meta property=\"og:description\" content=\"\u201eSumud rei\u0161kia \u201etvirtyb\u0117&quot;: palestinie\u010di\u0173 kelias&quot;\u00a0yra palestinie\u010di\u0173 autori\u0173 tekst\u0173 rinkinys, apimantis 1948\u20132021 m. laikotarp\u012f.\" \/>\n<meta property=\"og:url\" content=\"https:\/\/skaitytaknyga.lt\/en\/produktas\/sumud-reiskia-tvirtybe-palestinieciu-kelias\/\" \/>\n<meta property=\"og:site_name\" content=\"Skaitytaknyga\" \/>\n<meta property=\"article:publisher\" content=\"https:\/\/www.facebook.com\/skaitytaknyga\/\" \/>\n<meta property=\"article:modified_time\" content=\"2024-07-29T05:40:53+00:00\" \/>\n<meta property=\"og:image\" content=\"https:\/\/skaitytaknyga.lt\/wp-content\/uploads\/2024\/07\/09475795-1000x1000-1.jpg\" \/>\n\t<meta property=\"og:image:width\" content=\"1000\" \/>\n\t<meta property=\"og:image:height\" content=\"1000\" \/>\n\t<meta property=\"og:image:type\" content=\"image\/jpeg\" \/>\n<meta name=\"twitter:card\" content=\"summary_large_image\" \/>\n<meta name=\"twitter:label1\" content=\"Estimated reading time\" \/>\n\t<meta name=\"twitter:data1\" content=\"1 minute\" \/>\n<script type=\"application\/ld+json\" class=\"yoast-schema-graph\">{\"@context\":\"https:\/\/schema.org\",\"@graph\":[{\"@type\":\"WebPage\",\"@id\":\"https:\/\/skaitytaknyga.lt\/produktas\/sumud-reiskia-tvirtybe-palestinieciu-kelias\/\",\"url\":\"https:\/\/skaitytaknyga.lt\/produktas\/sumud-reiskia-tvirtybe-palestinieciu-kelias\/\",\"name\":\"Sumud rei\u0161kia \u201etvirtyb\u0117\u201c: palestinie\u010di\u0173 kelias - skaitytaknyga.lt\",\"isPartOf\":{\"@id\":\"https:\/\/skaitytaknyga.lt\/#website\"},\"primaryImageOfPage\":{\"@id\":\"https:\/\/skaitytaknyga.lt\/produktas\/sumud-reiskia-tvirtybe-palestinieciu-kelias\/#primaryimage\"},\"image\":{\"@id\":\"https:\/\/skaitytaknyga.lt\/produktas\/sumud-reiskia-tvirtybe-palestinieciu-kelias\/#primaryimage\"},\"thumbnailUrl\":\"https:\/\/skaitytaknyga.lt\/wp-content\/uploads\/2024\/07\/09475795-1000x1000-1.jpg\",\"datePublished\":\"2024-07-29T05:22:35+00:00\",\"dateModified\":\"2024-07-29T05:40:53+00:00\",\"description\":\"\u201eSumud rei\u0161kia \u201etvirtyb\u0117\\\": palestinie\u010di\u0173 kelias\\\"\u00a0yra palestinie\u010di\u0173 autori\u0173 tekst\u0173 rinkinys, apimantis 1948\u20132021 m. laikotarp\u012f.\",\"breadcrumb\":{\"@id\":\"https:\/\/skaitytaknyga.lt\/produktas\/sumud-reiskia-tvirtybe-palestinieciu-kelias\/#breadcrumb\"},\"inLanguage\":\"en-GB\",\"potentialAction\":[{\"@type\":\"ReadAction\",\"target\":[\"https:\/\/skaitytaknyga.lt\/produktas\/sumud-reiskia-tvirtybe-palestinieciu-kelias\/\"]}]},{\"@type\":\"ImageObject\",\"inLanguage\":\"en-GB\",\"@id\":\"https:\/\/skaitytaknyga.lt\/produktas\/sumud-reiskia-tvirtybe-palestinieciu-kelias\/#primaryimage\",\"url\":\"https:\/\/skaitytaknyga.lt\/wp-content\/uploads\/2024\/07\/09475795-1000x1000-1.jpg\",\"contentUrl\":\"https:\/\/skaitytaknyga.lt\/wp-content\/uploads\/2024\/07\/09475795-1000x1000-1.jpg\",\"width\":1000,\"height\":1000,\"caption\":\"Sumud rei\u0161kia \u201etvirtyb\u0117\u201c: palestinie\u010di\u0173 kelias\"},{\"@type\":\"BreadcrumbList\",\"@id\":\"https:\/\/skaitytaknyga.lt\/produktas\/sumud-reiskia-tvirtybe-palestinieciu-kelias\/#breadcrumb\",\"itemListElement\":[{\"@type\":\"ListItem\",\"position\":1,\"name\":\"Home\",\"item\":\"https:\/\/skaitytaknyga.lt\/\"},{\"@type\":\"ListItem\",\"position\":2,\"name\":\"Parduotuv\u0117\",\"item\":\"https:\/\/skaitytaknyga.lt\/knygu-parduotuve\/\"},{\"@type\":\"ListItem\",\"position\":3,\"name\":\"Sumud rei\u0161kia \u201etvirtyb\u0117\u201c: palestinie\u010di\u0173 kelias (keletoje viet\u0173 pabraukta tu\u0161inuku)\"}]},{\"@type\":\"WebSite\",\"@id\":\"https:\/\/skaitytaknyga.lt\/#website\",\"url\":\"https:\/\/skaitytaknyga.lt\/\",\"name\":\"skaitytaknyga.lt\",\"description\":\"Skaitytaknyga.lt \u2013 tai ma\u017eas \u0161eimos verslas, kuris prasid\u0117jo nuo meil\u0117s knygoms ir siekio i\u0161gelb\u0117ti knygas nuo likimo prie konteinerio. Kas vienam nereikalingas daiktas \u2013 kitam lobis, o mes esame tarpininkai, kurie padeda abiems tapti laimingesniems ???? \u017dinome kaip nelengva i\u0161gyventi ma\u017eiems verslams, tad nuo \u0161iol, \u010dia rasite ir kit\u0173, ma\u017e\u0173 \u0161eim\u0173 versl\u0173, rank\u0173 darbo, dovan\u0173 sau ir artimiesiems.\",\"publisher\":{\"@id\":\"https:\/\/skaitytaknyga.lt\/#organization\"},\"potentialAction\":[{\"@type\":\"SearchAction\",\"target\":{\"@type\":\"EntryPoint\",\"urlTemplate\":\"https:\/\/skaitytaknyga.lt\/?s={search_term_string}\"},\"query-input\":{\"@type\":\"PropertyValueSpecification\",\"valueRequired\":true,\"valueName\":\"search_term_string\"}}],\"inLanguage\":\"en-GB\"},{\"@type\":\"Organization\",\"@id\":\"https:\/\/skaitytaknyga.lt\/#organization\",\"name\":\"skaitytaknyga.lt\",\"url\":\"https:\/\/skaitytaknyga.lt\/\",\"logo\":{\"@type\":\"ImageObject\",\"inLanguage\":\"en-GB\",\"@id\":\"https:\/\/skaitytaknyga.lt\/#\/schema\/logo\/image\/\",\"url\":\"https:\/\/skaitytaknyga.lt\/wp-content\/uploads\/2024\/05\/cropped-cropped-cropped-02_00843_jt3bggkj1j3HLc7SyY6rEUpg.jpeg\",\"contentUrl\":\"https:\/\/skaitytaknyga.lt\/wp-content\/uploads\/2024\/05\/cropped-cropped-cropped-02_00843_jt3bggkj1j3HLc7SyY6rEUpg.jpeg\",\"width\":1600,\"height\":1600,\"caption\":\"skaitytaknyga.lt\"},\"image\":{\"@id\":\"https:\/\/skaitytaknyga.lt\/#\/schema\/logo\/image\/\"},\"sameAs\":[\"https:\/\/www.facebook.com\/skaitytaknyga\/\"]}]}<\/script>\n<!-- \/ Yoast SEO plugin. -->","yoast_head_json":{"title":"Sumud rei\u0161kia \u201etvirtyb\u0117\u201c: palestinie\u010di\u0173 kelias - skaitytaknyga.lt","description":"\u201eSumud rei\u0161kia \u201etvirtyb\u0117\": palestinie\u010di\u0173 kelias\"\u00a0yra palestinie\u010di\u0173 autori\u0173 tekst\u0173 rinkinys, apimantis 1948\u20132021 m. laikotarp\u012f.","robots":{"index":"index","follow":"follow","max-snippet":"max-snippet:-1","max-image-preview":"max-image-preview:large","max-video-preview":"max-video-preview:-1"},"canonical":"https:\/\/skaitytaknyga.lt\/en\/produktas\/sumud-reiskia-tvirtybe-palestinieciu-kelias\/","og_locale":"en_GB","og_type":"article","og_title":"Sumud rei\u0161kia \u201etvirtyb\u0117\u201c: palestinie\u010di\u0173 kelias - skaitytaknyga.lt","og_description":"\u201eSumud rei\u0161kia \u201etvirtyb\u0117\": palestinie\u010di\u0173 kelias\"\u00a0yra palestinie\u010di\u0173 autori\u0173 tekst\u0173 rinkinys, apimantis 1948\u20132021 m. laikotarp\u012f.","og_url":"https:\/\/skaitytaknyga.lt\/en\/produktas\/sumud-reiskia-tvirtybe-palestinieciu-kelias\/","og_site_name":"Skaitytaknyga","article_publisher":"https:\/\/www.facebook.com\/skaitytaknyga\/","article_modified_time":"2024-07-29T05:40:53+00:00","og_image":[{"width":1000,"height":1000,"url":"https:\/\/skaitytaknyga.lt\/wp-content\/uploads\/2024\/07\/09475795-1000x1000-1.jpg","type":"image\/jpeg"}],"twitter_card":"summary_large_image","twitter_misc":{"Estimated reading time":"1 minute"},"schema":{"@context":"https:\/\/schema.org","@graph":[{"@type":"WebPage","@id":"https:\/\/skaitytaknyga.lt\/produktas\/sumud-reiskia-tvirtybe-palestinieciu-kelias\/","url":"https:\/\/skaitytaknyga.lt\/produktas\/sumud-reiskia-tvirtybe-palestinieciu-kelias\/","name":"Sumud rei\u0161kia \u201etvirtyb\u0117\u201c: palestinie\u010di\u0173 kelias - skaitytaknyga.lt","isPartOf":{"@id":"https:\/\/skaitytaknyga.lt\/#website"},"primaryImageOfPage":{"@id":"https:\/\/skaitytaknyga.lt\/produktas\/sumud-reiskia-tvirtybe-palestinieciu-kelias\/#primaryimage"},"image":{"@id":"https:\/\/skaitytaknyga.lt\/produktas\/sumud-reiskia-tvirtybe-palestinieciu-kelias\/#primaryimage"},"thumbnailUrl":"https:\/\/skaitytaknyga.lt\/wp-content\/uploads\/2024\/07\/09475795-1000x1000-1.jpg","datePublished":"2024-07-29T05:22:35+00:00","dateModified":"2024-07-29T05:40:53+00:00","description":"\u201eSumud rei\u0161kia \u201etvirtyb\u0117\": palestinie\u010di\u0173 kelias\"\u00a0yra palestinie\u010di\u0173 autori\u0173 tekst\u0173 rinkinys, apimantis 1948\u20132021 m. laikotarp\u012f.","breadcrumb":{"@id":"https:\/\/skaitytaknyga.lt\/produktas\/sumud-reiskia-tvirtybe-palestinieciu-kelias\/#breadcrumb"},"inLanguage":"en-GB","potentialAction":[{"@type":"ReadAction","target":["https:\/\/skaitytaknyga.lt\/produktas\/sumud-reiskia-tvirtybe-palestinieciu-kelias\/"]}]},{"@type":"ImageObject","inLanguage":"en-GB","@id":"https:\/\/skaitytaknyga.lt\/produktas\/sumud-reiskia-tvirtybe-palestinieciu-kelias\/#primaryimage","url":"https:\/\/skaitytaknyga.lt\/wp-content\/uploads\/2024\/07\/09475795-1000x1000-1.jpg","contentUrl":"https:\/\/skaitytaknyga.lt\/wp-content\/uploads\/2024\/07\/09475795-1000x1000-1.jpg","width":1000,"height":1000,"caption":"Sumud rei\u0161kia \u201etvirtyb\u0117\u201c: palestinie\u010di\u0173 kelias"},{"@type":"BreadcrumbList","@id":"https:\/\/skaitytaknyga.lt\/produktas\/sumud-reiskia-tvirtybe-palestinieciu-kelias\/#breadcrumb","itemListElement":[{"@type":"ListItem","position":1,"name":"Home","item":"https:\/\/skaitytaknyga.lt\/"},{"@type":"ListItem","position":2,"name":"Parduotuv\u0117","item":"https:\/\/skaitytaknyga.lt\/knygu-parduotuve\/"},{"@type":"ListItem","position":3,"name":"Sumud rei\u0161kia \u201etvirtyb\u0117\u201c: palestinie\u010di\u0173 kelias (keletoje viet\u0173 pabraukta tu\u0161inuku)"}]},{"@type":"WebSite","@id":"https:\/\/skaitytaknyga.lt\/#website","url":"https:\/\/skaitytaknyga.lt\/","name":"skaitytaknyga.lt","description":"Skaitytaknyga.lt \u2013 tai ma\u017eas \u0161eimos verslas, kuris prasid\u0117jo nuo meil\u0117s knygoms ir siekio i\u0161gelb\u0117ti knygas nuo likimo prie konteinerio. Kas vienam nereikalingas daiktas \u2013 kitam lobis, o mes esame tarpininkai, kurie padeda abiems tapti laimingesniems ???? \u017dinome kaip nelengva i\u0161gyventi ma\u017eiems verslams, tad nuo \u0161iol, \u010dia rasite ir kit\u0173, ma\u017e\u0173 \u0161eim\u0173 versl\u0173, rank\u0173 darbo, dovan\u0173 sau ir artimiesiems.","publisher":{"@id":"https:\/\/skaitytaknyga.lt\/#organization"},"potentialAction":[{"@type":"SearchAction","target":{"@type":"EntryPoint","urlTemplate":"https:\/\/skaitytaknyga.lt\/?s={search_term_string}"},"query-input":{"@type":"PropertyValueSpecification","valueRequired":true,"valueName":"search_term_string"}}],"inLanguage":"en-GB"},{"@type":"Organization","@id":"https:\/\/skaitytaknyga.lt\/#organization","name":"skaitytaknyga.lt","url":"https:\/\/skaitytaknyga.lt\/","logo":{"@type":"ImageObject","inLanguage":"en-GB","@id":"https:\/\/skaitytaknyga.lt\/#\/schema\/logo\/image\/","url":"https:\/\/skaitytaknyga.lt\/wp-content\/uploads\/2024\/05\/cropped-cropped-cropped-02_00843_jt3bggkj1j3HLc7SyY6rEUpg.jpeg","contentUrl":"https:\/\/skaitytaknyga.lt\/wp-content\/uploads\/2024\/05\/cropped-cropped-cropped-02_00843_jt3bggkj1j3HLc7SyY6rEUpg.jpeg","width":1600,"height":1600,"caption":"skaitytaknyga.lt"},"image":{"@id":"https:\/\/skaitytaknyga.lt\/#\/schema\/logo\/image\/"},"sameAs":["https:\/\/www.facebook.com\/skaitytaknyga\/"]}]}},"_links":{"self":[{"href":"https:\/\/skaitytaknyga.lt\/en\/wp-json\/wp\/v2\/product\/13360","targetHints":{"allow":["GET"]}}],"collection":[{"href":"https:\/\/skaitytaknyga.lt\/en\/wp-json\/wp\/v2\/product"}],"about":[{"href":"https:\/\/skaitytaknyga.lt\/en\/wp-json\/wp\/v2\/types\/product"}],"replies":[{"embeddable":true,"href":"https:\/\/skaitytaknyga.lt\/en\/wp-json\/wp\/v2\/comments?post=13360"}],"wp:featuredmedia":[{"embeddable":true,"href":"https:\/\/skaitytaknyga.lt\/en\/wp-json\/wp\/v2\/media\/13361"}],"wp:attachment":[{"href":"https:\/\/skaitytaknyga.lt\/en\/wp-json\/wp\/v2\/media?parent=13360"}],"wp:term":[{"taxonomy":"product_brand","embeddable":true,"href":"https:\/\/skaitytaknyga.lt\/en\/wp-json\/wp\/v2\/product_brand?post=13360"},{"taxonomy":"product_cat","embeddable":true,"href":"https:\/\/skaitytaknyga.lt\/en\/wp-json\/wp\/v2\/product_cat?post=13360"},{"taxonomy":"product_tag","embeddable":true,"href":"https:\/\/skaitytaknyga.lt\/en\/wp-json\/wp\/v2\/product_tag?post=13360"}],"curies":[{"name":"wp","href":"https:\/\/api.w.org\/{rel}","templated":true}]}}