{"id":13358,"date":"2024-07-29T08:15:09","date_gmt":"2024-07-29T05:15:09","guid":{"rendered":"https:\/\/skaitytaknyga.lt\/?post_type=product&#038;p=13358"},"modified":"2024-07-29T08:19:02","modified_gmt":"2024-07-29T05:19:02","slug":"savotiska-sypsena","status":"publish","type":"product","link":"https:\/\/skaitytaknyga.lt\/en\/produktas\/savotiska-sypsena\/","title":{"rendered":"Francoise Sagan \u201eSavoti\u0161ka \u0161ypsena\u201c"},"content":{"rendered":"<p><em>Nenustojau sau \u0161ypsotis, negal\u0117jau. \u017dinojau, kad ir v\u0117l esu viena. Panorau i\u0161tarti \u0161\u012f \u017eod\u012f sau pa\u010diai. Viena. Viena. Na, ir kas? A\u0161 juk moteris, myl\u0117jusi vyr\u0105. Tai papras\u010diausia istorija; n\u0117ra ko vaipytis.<\/em><\/p>\n<p><strong>Fran\u00e7oise Sagan <\/strong>(1935\u20132004) \u2013 viena \u017eymiausi\u0173 XX a. pranc\u016bz\u0173 ra\u0161ytoj\u0173, kurios k\u016briniai daugel\u012f met\u0173 pirmauja geriausiai perkam\u0173 Pranc\u016bzijos knyg\u0173 s\u0105ra\u0161uose. Ra\u0161ytoja, pasirinkusi Sagan slapyvard\u012f i\u0161 meil\u0117s Marselio Prusto k\u016brybai, jau pirmuoju savo romanu pavergusi Pranc\u016bzij\u0105, \u012fk\u016bnijo keist\u0105 ir hipnotizuojamai\u00a0 patraukl\u0173 cinizmo, snobizmo, kilnumo ir subtilumo derin\u012f.<\/p>\n<p>Jos gyvenimas buvo toks pat audringas ir sud\u0117tingas, kaip ir jos knygos. Aistringai myl\u0117jusi vyrus, m\u0117gusi prabangius automobilius, lo\u0161imo azart\u0105, \u012f savo romanus ra\u0161ytoja perk\u0117l\u0117 savo pa\u010dios jausm\u0173 sumai\u0161t\u012f.<\/p>\n<p>Vyro ir moters santykiai, aistra ir abejingumas, daug \u017eadanti u\u017esimezgan\u010dio romano prad\u017eia ir jausm\u0173 \u017elugimas \u2013 am\u017einos temos, kurias Fran\u00e7oise Sagan vis i\u0161 naujo gvildena savo knygose.<\/p>\n<p>\u201eSavoti\u0161ka \u0161ypsena\u201c \u2013 antrasis autor\u0117s romanas, para\u0161ytas 1955-aisiais, vos metams pra\u0117jus po garsiojo \u201eSveikas, li\u016bdesy\u201c debiuto. Nepretenzinga student\u0117s Dominykos ir gerokai vyresnio Luko meil\u0117s istorija pasakojama su tam tikra distancija, savoti\u0161ka ironija ir \u0161velnumu.<\/p>\n<ul class=\"about-product d-none d-xl-block mt-4\">\n<li><strong>Autorius:<\/strong>\u00a0<a href=\"https:\/\/skaitytaknyga.lt\/?s=Francoise+Sagan&#038;post_type=product&#038;dgwt_wcas=1\">Francoise Sagan<\/a><\/li>\n<li><strong>Leid\u0117jas:<\/strong>\u00a0Tyto alba<\/li>\n<li><strong>Metai:<\/strong>\u00a02007<\/li>\n<li><strong>Puslapiai:<\/strong>\u00a0107<\/li>\n<li><strong>ISBN:<\/strong>\u00a09789986165460<\/li>\n<li><strong>Formatas:<\/strong>\u00a015 x 22 cm, kieti vir\u0161eliai<\/li>\n<li><strong>Kalba:<\/strong>\u00a0Lietuvi\u0173<\/li>\n<li><strong>Vert\u0117jas:<\/strong>\u00a0Vitalija Gylikien\u0117<\/li>\n<\/ul>\n","protected":false},"excerpt":{"rendered":"<p>Nenustojau sau \u0161ypsotis, negal\u0117jau. \u017dinojau, kad ir v\u0117l esu viena. Panorau i\u0161tarti \u0161\u012f \u017eod\u012f sau pa\u010diai. Viena. Viena. Na, ir kas? A\u0161 juk moteris, myl\u0117jusi vyr\u0105. Tai papras\u010diausia istorija; n\u0117ra ko vaipytis. Fran\u00e7oise Sagan (1935\u20132004) \u2013 viena \u017eymiausi\u0173 XX a. pranc\u016bz\u0173 ra\u0161ytoj\u0173, kurios k\u016briniai daugel\u012f met\u0173 pirmauja geriausiai perkam\u0173 Pranc\u016bzijos knyg\u0173 s\u0105ra\u0161uose. Ra\u0161ytoja, pasirinkusi Sagan slapyvard\u012f i\u0161 meil\u0117s Marselio Prusto k\u016brybai, jau pirmuoju savo romanu pavergusi Pranc\u016bzij\u0105, \u012fk\u016bnijo keist\u0105 ir hipnotizuojamai\u00a0 patraukl\u0173 cinizmo, snobizmo, kilnumo ir subtilumo derin\u012f. Jos gyvenimas buvo toks pat audringas ir sud\u0117tingas, kaip ir jos knygos. Aistringai myl\u0117jusi vyrus, m\u0117gusi prabangius automobilius, lo\u0161imo azart\u0105, \u012f savo romanus ra\u0161ytoja perk\u0117l\u0117 savo pa\u010dios jausm\u0173 sumai\u0161t\u012f. Vyro ir moters santykiai, aistra ir abejingumas, daug \u017eadanti u\u017esimezgan\u010dio romano prad\u017eia ir jausm\u0173 \u017elugimas \u2013 am\u017einos temos, kurias Fran\u00e7oise Sagan vis i\u0161 naujo gvildena savo knygose. \u201eSavoti\u0161ka \u0161ypsena\u201c \u2013 antrasis autor\u0117s romanas, para\u0161ytas 1955-aisiais, vos metams pra\u0117jus po garsiojo \u201eSveikas, li\u016bdesy\u201c debiuto. Nepretenzinga student\u0117s Dominykos ir gerokai vyresnio Luko meil\u0117s istorija pasakojama su tam tikra distancija, savoti\u0161ka ironija ir \u0161velnumu. Autorius:\u00a0Francoise Sagan Leid\u0117jas:\u00a0Tyto alba Metai:\u00a02007 Puslapiai:\u00a0107 ISBN:\u00a09789986165460 Formatas:\u00a015 x 22 cm, kieti vir\u0161eliai Kalba:\u00a0Lietuvi\u0173 Vert\u0117jas:\u00a0Vitalija Gylikien\u0117<\/p>\n","protected":false},"featured_media":13359,"comment_status":"closed","ping_status":"closed","template":"","meta":{"_acf_changed":false,"site-sidebar-layout":"default","site-content-layout":"","ast-site-content-layout":"default","site-content-style":"default","site-sidebar-style":"default","ast-global-header-display":"","ast-banner-title-visibility":"","ast-main-header-display":"","ast-hfb-above-header-display":"","ast-hfb-below-header-display":"","ast-hfb-mobile-header-display":"","site-post-title":"","ast-breadcrumbs-content":"","ast-featured-img":"","footer-sml-layout":"","ast-disable-related-posts":"","theme-transparent-header-meta":"default","adv-header-id-meta":"","stick-header-meta":"","header-above-stick-meta":"","header-main-stick-meta":"","header-below-stick-meta":"","astra-migrate-meta-layouts":"set","ast-page-background-enabled":"default","ast-page-background-meta":{"desktop":{"background-color":"","background-image":"","background-repeat":"repeat","background-position":"center center","background-size":"auto","background-attachment":"scroll","background-type":"","background-media":"","overlay-type":"","overlay-color":"","overlay-opacity":"","overlay-gradient":""},"tablet":{"background-color":"","background-image":"","background-repeat":"repeat","background-position":"center center","background-size":"auto","background-attachment":"scroll","background-type":"","background-media":"","overlay-type":"","overlay-color":"","overlay-opacity":"","overlay-gradient":""},"mobile":{"background-color":"","background-image":"","background-repeat":"repeat","background-position":"center center","background-size":"auto","background-attachment":"scroll","background-type":"","background-media":"","overlay-type":"","overlay-color":"","overlay-opacity":"","overlay-gradient":""}},"ast-content-background-meta":{"desktop":{"background-color":"var(--ast-global-color-4)","background-image":"","background-repeat":"repeat","background-position":"center center","background-size":"auto","background-attachment":"scroll","background-type":"","background-media":"","overlay-type":"","overlay-color":"","overlay-opacity":"","overlay-gradient":""},"tablet":{"background-color":"var(--ast-global-color-4)","background-image":"","background-repeat":"repeat","background-position":"center center","background-size":"auto","background-attachment":"scroll","background-type":"","background-media":"","overlay-type":"","overlay-color":"","overlay-opacity":"","overlay-gradient":""},"mobile":{"background-color":"var(--ast-global-color-4)","background-image":"","background-repeat":"repeat","background-position":"center center","background-size":"auto","background-attachment":"scroll","background-type":"","background-media":"","overlay-type":"","overlay-color":"","overlay-opacity":"","overlay-gradient":""}}},"product_brand":[],"product_cat":[31],"product_tag":[],"class_list":{"0":"post-13358","1":"product","2":"type-product","3":"status-publish","4":"has-post-thumbnail","6":"product_cat-grozine-literatura","7":"desktop-align-left","8":"tablet-align-left","9":"mobile-align-left","11":"first","12":"instock","13":"shipping-taxable","14":"purchasable","15":"product-type-simple"},"acf":[],"yoast_head":"<!-- This site is optimized with the Yoast SEO plugin v27.0 - https:\/\/yoast.com\/product\/yoast-seo-wordpress\/ -->\n<title>Francoise Sagan \u201eSavoti\u0161ka \u0161ypsena\u201c<\/title>\n<meta name=\"description\" content=\"Nenustojau sau \u0161ypsotis, negal\u0117jau. \u017dinojau, kad ir v\u0117l esu viena. Panorau i\u0161tarti \u0161\u012f \u017eod\u012f sau pa\u010diai. Viena. Viena. Na, ir kas? A\u0161 juk moteris.\" \/>\n<meta name=\"robots\" content=\"index, follow, max-snippet:-1, max-image-preview:large, max-video-preview:-1\" \/>\n<link rel=\"canonical\" href=\"https:\/\/skaitytaknyga.lt\/en\/produktas\/savotiska-sypsena\/\" \/>\n<meta property=\"og:locale\" content=\"en_GB\" \/>\n<meta property=\"og:locale:alternate\" content=\"lt_LT\" \/>\n<meta property=\"og:type\" content=\"article\" \/>\n<meta property=\"og:title\" content=\"Francoise Sagan \u201eSavoti\u0161ka \u0161ypsena\u201c\" \/>\n<meta property=\"og:description\" content=\"Nenustojau sau \u0161ypsotis, negal\u0117jau. \u017dinojau, kad ir v\u0117l esu viena. Panorau i\u0161tarti \u0161\u012f \u017eod\u012f sau pa\u010diai. Viena. Viena. Na, ir kas? A\u0161 juk moteris.\" \/>\n<meta property=\"og:url\" content=\"https:\/\/skaitytaknyga.lt\/en\/produktas\/savotiska-sypsena\/\" \/>\n<meta property=\"og:site_name\" content=\"Skaitytaknyga\" \/>\n<meta property=\"article:publisher\" content=\"https:\/\/www.facebook.com\/skaitytaknyga\/\" \/>\n<meta property=\"article:modified_time\" content=\"2024-07-29T05:19:02+00:00\" \/>\n<meta property=\"og:image\" content=\"https:\/\/skaitytaknyga.lt\/wp-content\/uploads\/2024\/07\/150038-savotiska-sypsena-1.jpg\" \/>\n\t<meta property=\"og:image:width\" content=\"438\" \/>\n\t<meta property=\"og:image:height\" content=\"653\" \/>\n\t<meta property=\"og:image:type\" content=\"image\/jpeg\" \/>\n<meta name=\"twitter:card\" content=\"summary_large_image\" \/>\n<meta name=\"twitter:label1\" content=\"Estimated reading time\" \/>\n\t<meta name=\"twitter:data1\" content=\"2 minutes\" \/>\n<script type=\"application\/ld+json\" class=\"yoast-schema-graph\">{\"@context\":\"https:\/\/schema.org\",\"@graph\":[{\"@type\":\"WebPage\",\"@id\":\"https:\/\/skaitytaknyga.lt\/produktas\/savotiska-sypsena\/\",\"url\":\"https:\/\/skaitytaknyga.lt\/produktas\/savotiska-sypsena\/\",\"name\":\"Francoise Sagan \u201eSavoti\u0161ka \u0161ypsena\u201c\",\"isPartOf\":{\"@id\":\"https:\/\/skaitytaknyga.lt\/#website\"},\"primaryImageOfPage\":{\"@id\":\"https:\/\/skaitytaknyga.lt\/produktas\/savotiska-sypsena\/#primaryimage\"},\"image\":{\"@id\":\"https:\/\/skaitytaknyga.lt\/produktas\/savotiska-sypsena\/#primaryimage\"},\"thumbnailUrl\":\"https:\/\/skaitytaknyga.lt\/wp-content\/uploads\/2024\/07\/150038-savotiska-sypsena-1.jpg\",\"datePublished\":\"2024-07-29T05:15:09+00:00\",\"dateModified\":\"2024-07-29T05:19:02+00:00\",\"description\":\"Nenustojau sau \u0161ypsotis, negal\u0117jau. \u017dinojau, kad ir v\u0117l esu viena. Panorau i\u0161tarti \u0161\u012f \u017eod\u012f sau pa\u010diai. Viena. Viena. Na, ir kas? A\u0161 juk moteris.\",\"breadcrumb\":{\"@id\":\"https:\/\/skaitytaknyga.lt\/produktas\/savotiska-sypsena\/#breadcrumb\"},\"inLanguage\":\"en-GB\",\"potentialAction\":[{\"@type\":\"ReadAction\",\"target\":[\"https:\/\/skaitytaknyga.lt\/produktas\/savotiska-sypsena\/\"]}]},{\"@type\":\"ImageObject\",\"inLanguage\":\"en-GB\",\"@id\":\"https:\/\/skaitytaknyga.lt\/produktas\/savotiska-sypsena\/#primaryimage\",\"url\":\"https:\/\/skaitytaknyga.lt\/wp-content\/uploads\/2024\/07\/150038-savotiska-sypsena-1.jpg\",\"contentUrl\":\"https:\/\/skaitytaknyga.lt\/wp-content\/uploads\/2024\/07\/150038-savotiska-sypsena-1.jpg\",\"width\":438,\"height\":653,\"caption\":\"Savoti\u0161ka \u0161ypsena\"},{\"@type\":\"BreadcrumbList\",\"@id\":\"https:\/\/skaitytaknyga.lt\/produktas\/savotiska-sypsena\/#breadcrumb\",\"itemListElement\":[{\"@type\":\"ListItem\",\"position\":1,\"name\":\"Home\",\"item\":\"https:\/\/skaitytaknyga.lt\/\"},{\"@type\":\"ListItem\",\"position\":2,\"name\":\"Parduotuv\u0117\",\"item\":\"https:\/\/skaitytaknyga.lt\/knygu-parduotuve\/\"},{\"@type\":\"ListItem\",\"position\":3,\"name\":\"Francoise Sagan \u201eSavoti\u0161ka \u0161ypsena\u201c\"}]},{\"@type\":\"WebSite\",\"@id\":\"https:\/\/skaitytaknyga.lt\/#website\",\"url\":\"https:\/\/skaitytaknyga.lt\/\",\"name\":\"skaitytaknyga.lt\",\"description\":\"Skaitytaknyga.lt \u2013 tai ma\u017eas \u0161eimos verslas, kuris prasid\u0117jo nuo meil\u0117s knygoms ir siekio i\u0161gelb\u0117ti knygas nuo likimo prie konteinerio. Kas vienam nereikalingas daiktas \u2013 kitam lobis, o mes esame tarpininkai, kurie padeda abiems tapti laimingesniems ???? \u017dinome kaip nelengva i\u0161gyventi ma\u017eiems verslams, tad nuo \u0161iol, \u010dia rasite ir kit\u0173, ma\u017e\u0173 \u0161eim\u0173 versl\u0173, rank\u0173 darbo, dovan\u0173 sau ir artimiesiems.\",\"publisher\":{\"@id\":\"https:\/\/skaitytaknyga.lt\/#organization\"},\"potentialAction\":[{\"@type\":\"SearchAction\",\"target\":{\"@type\":\"EntryPoint\",\"urlTemplate\":\"https:\/\/skaitytaknyga.lt\/?s={search_term_string}\"},\"query-input\":{\"@type\":\"PropertyValueSpecification\",\"valueRequired\":true,\"valueName\":\"search_term_string\"}}],\"inLanguage\":\"en-GB\"},{\"@type\":\"Organization\",\"@id\":\"https:\/\/skaitytaknyga.lt\/#organization\",\"name\":\"skaitytaknyga.lt\",\"url\":\"https:\/\/skaitytaknyga.lt\/\",\"logo\":{\"@type\":\"ImageObject\",\"inLanguage\":\"en-GB\",\"@id\":\"https:\/\/skaitytaknyga.lt\/#\/schema\/logo\/image\/\",\"url\":\"https:\/\/skaitytaknyga.lt\/wp-content\/uploads\/2024\/05\/cropped-cropped-cropped-02_00843_jt3bggkj1j3HLc7SyY6rEUpg.jpeg\",\"contentUrl\":\"https:\/\/skaitytaknyga.lt\/wp-content\/uploads\/2024\/05\/cropped-cropped-cropped-02_00843_jt3bggkj1j3HLc7SyY6rEUpg.jpeg\",\"width\":1600,\"height\":1600,\"caption\":\"skaitytaknyga.lt\"},\"image\":{\"@id\":\"https:\/\/skaitytaknyga.lt\/#\/schema\/logo\/image\/\"},\"sameAs\":[\"https:\/\/www.facebook.com\/skaitytaknyga\/\"]}]}<\/script>\n<!-- \/ Yoast SEO plugin. -->","yoast_head_json":{"title":"Francoise Sagan \u201eSavoti\u0161ka \u0161ypsena\u201c","description":"Nenustojau sau \u0161ypsotis, negal\u0117jau. \u017dinojau, kad ir v\u0117l esu viena. Panorau i\u0161tarti \u0161\u012f \u017eod\u012f sau pa\u010diai. Viena. Viena. Na, ir kas? A\u0161 juk moteris.","robots":{"index":"index","follow":"follow","max-snippet":"max-snippet:-1","max-image-preview":"max-image-preview:large","max-video-preview":"max-video-preview:-1"},"canonical":"https:\/\/skaitytaknyga.lt\/en\/produktas\/savotiska-sypsena\/","og_locale":"en_GB","og_type":"article","og_title":"[:lt]Francoise Sagan \u201eSavoti\u0161ka \u0161ypsena\u201c[:] - Skaitytaknyga","og_description":"[:lt]Nenustojau sau \u0161ypsotis, negal\u0117jau. \u017dinojau, kad ir v\u0117l esu viena. Panorau i\u0161tarti \u0161\u012f \u017eod\u012f sau pa\u010diai. Viena. Viena. Na, ir kas? A\u0161 juk moteris.[:]","og_url":"https:\/\/skaitytaknyga.lt\/en\/produktas\/savotiska-sypsena\/","og_site_name":"Skaitytaknyga","article_publisher":"https:\/\/www.facebook.com\/skaitytaknyga\/","article_modified_time":"2024-07-29T05:19:02+00:00","og_image":[{"width":438,"height":653,"url":"https:\/\/skaitytaknyga.lt\/wp-content\/uploads\/2024\/07\/150038-savotiska-sypsena-1.jpg","type":"image\/jpeg"}],"twitter_card":"summary_large_image","twitter_misc":{"Estimated reading time":"2 minutes"},"schema":{"@context":"https:\/\/schema.org","@graph":[{"@type":"WebPage","@id":"https:\/\/skaitytaknyga.lt\/produktas\/savotiska-sypsena\/","url":"https:\/\/skaitytaknyga.lt\/produktas\/savotiska-sypsena\/","name":"Francoise Sagan \u201eSavoti\u0161ka \u0161ypsena\u201c","isPartOf":{"@id":"https:\/\/skaitytaknyga.lt\/#website"},"primaryImageOfPage":{"@id":"https:\/\/skaitytaknyga.lt\/produktas\/savotiska-sypsena\/#primaryimage"},"image":{"@id":"https:\/\/skaitytaknyga.lt\/produktas\/savotiska-sypsena\/#primaryimage"},"thumbnailUrl":"https:\/\/skaitytaknyga.lt\/wp-content\/uploads\/2024\/07\/150038-savotiska-sypsena-1.jpg","datePublished":"2024-07-29T05:15:09+00:00","dateModified":"2024-07-29T05:19:02+00:00","description":"Nenustojau sau \u0161ypsotis, negal\u0117jau. \u017dinojau, kad ir v\u0117l esu viena. Panorau i\u0161tarti \u0161\u012f \u017eod\u012f sau pa\u010diai. Viena. Viena. Na, ir kas? A\u0161 juk moteris.","breadcrumb":{"@id":"https:\/\/skaitytaknyga.lt\/produktas\/savotiska-sypsena\/#breadcrumb"},"inLanguage":"en-GB","potentialAction":[{"@type":"ReadAction","target":["https:\/\/skaitytaknyga.lt\/produktas\/savotiska-sypsena\/"]}]},{"@type":"ImageObject","inLanguage":"en-GB","@id":"https:\/\/skaitytaknyga.lt\/produktas\/savotiska-sypsena\/#primaryimage","url":"https:\/\/skaitytaknyga.lt\/wp-content\/uploads\/2024\/07\/150038-savotiska-sypsena-1.jpg","contentUrl":"https:\/\/skaitytaknyga.lt\/wp-content\/uploads\/2024\/07\/150038-savotiska-sypsena-1.jpg","width":438,"height":653,"caption":"Savoti\u0161ka \u0161ypsena"},{"@type":"BreadcrumbList","@id":"https:\/\/skaitytaknyga.lt\/produktas\/savotiska-sypsena\/#breadcrumb","itemListElement":[{"@type":"ListItem","position":1,"name":"Home","item":"https:\/\/skaitytaknyga.lt\/"},{"@type":"ListItem","position":2,"name":"Parduotuv\u0117","item":"https:\/\/skaitytaknyga.lt\/knygu-parduotuve\/"},{"@type":"ListItem","position":3,"name":"Francoise Sagan \u201eSavoti\u0161ka \u0161ypsena\u201c"}]},{"@type":"WebSite","@id":"https:\/\/skaitytaknyga.lt\/#website","url":"https:\/\/skaitytaknyga.lt\/","name":"skaitytaknyga.lt","description":"Skaitytaknyga.lt \u2013 tai ma\u017eas \u0161eimos verslas, kuris prasid\u0117jo nuo meil\u0117s knygoms ir siekio i\u0161gelb\u0117ti knygas nuo likimo prie konteinerio. Kas vienam nereikalingas daiktas \u2013 kitam lobis, o mes esame tarpininkai, kurie padeda abiems tapti laimingesniems ???? \u017dinome kaip nelengva i\u0161gyventi ma\u017eiems verslams, tad nuo \u0161iol, \u010dia rasite ir kit\u0173, ma\u017e\u0173 \u0161eim\u0173 versl\u0173, rank\u0173 darbo, dovan\u0173 sau ir artimiesiems.","publisher":{"@id":"https:\/\/skaitytaknyga.lt\/#organization"},"potentialAction":[{"@type":"SearchAction","target":{"@type":"EntryPoint","urlTemplate":"https:\/\/skaitytaknyga.lt\/?s={search_term_string}"},"query-input":{"@type":"PropertyValueSpecification","valueRequired":true,"valueName":"search_term_string"}}],"inLanguage":"en-GB"},{"@type":"Organization","@id":"https:\/\/skaitytaknyga.lt\/#organization","name":"skaitytaknyga.lt","url":"https:\/\/skaitytaknyga.lt\/","logo":{"@type":"ImageObject","inLanguage":"en-GB","@id":"https:\/\/skaitytaknyga.lt\/#\/schema\/logo\/image\/","url":"https:\/\/skaitytaknyga.lt\/wp-content\/uploads\/2024\/05\/cropped-cropped-cropped-02_00843_jt3bggkj1j3HLc7SyY6rEUpg.jpeg","contentUrl":"https:\/\/skaitytaknyga.lt\/wp-content\/uploads\/2024\/05\/cropped-cropped-cropped-02_00843_jt3bggkj1j3HLc7SyY6rEUpg.jpeg","width":1600,"height":1600,"caption":"skaitytaknyga.lt"},"image":{"@id":"https:\/\/skaitytaknyga.lt\/#\/schema\/logo\/image\/"},"sameAs":["https:\/\/www.facebook.com\/skaitytaknyga\/"]}]}},"_links":{"self":[{"href":"https:\/\/skaitytaknyga.lt\/en\/wp-json\/wp\/v2\/product\/13358","targetHints":{"allow":["GET"]}}],"collection":[{"href":"https:\/\/skaitytaknyga.lt\/en\/wp-json\/wp\/v2\/product"}],"about":[{"href":"https:\/\/skaitytaknyga.lt\/en\/wp-json\/wp\/v2\/types\/product"}],"replies":[{"embeddable":true,"href":"https:\/\/skaitytaknyga.lt\/en\/wp-json\/wp\/v2\/comments?post=13358"}],"wp:featuredmedia":[{"embeddable":true,"href":"https:\/\/skaitytaknyga.lt\/en\/wp-json\/wp\/v2\/media\/13359"}],"wp:attachment":[{"href":"https:\/\/skaitytaknyga.lt\/en\/wp-json\/wp\/v2\/media?parent=13358"}],"wp:term":[{"taxonomy":"product_brand","embeddable":true,"href":"https:\/\/skaitytaknyga.lt\/en\/wp-json\/wp\/v2\/product_brand?post=13358"},{"taxonomy":"product_cat","embeddable":true,"href":"https:\/\/skaitytaknyga.lt\/en\/wp-json\/wp\/v2\/product_cat?post=13358"},{"taxonomy":"product_tag","embeddable":true,"href":"https:\/\/skaitytaknyga.lt\/en\/wp-json\/wp\/v2\/product_tag?post=13358"}],"curies":[{"name":"wp","href":"https:\/\/api.w.org\/{rel}","templated":true}]}}