{"id":13351,"date":"2024-07-28T12:19:25","date_gmt":"2024-07-28T09:19:25","guid":{"rendered":"https:\/\/skaitytaknyga.lt\/?post_type=product&#038;p=13351"},"modified":"2026-01-23T09:57:26","modified_gmt":"2026-01-23T07:57:26","slug":"stikline-pieno","status":"publish","type":"product","link":"https:\/\/skaitytaknyga.lt\/en\/produktas\/stikline-pieno\/","title":{"rendered":"H. Wassmo \u201eStiklin\u0117 pieno\u201c (geltoni lapai)"},"content":{"rendered":"<p>Dortei penkiolika, ji gyvena Lietuvos kaime. \u0160i mergina niekada nesvajojo apie did\u017eius nuotykius, apie princus ir baltus \u017eirgus, tik apie kep\u0117jo s\u016bn\u0173 Nikolaj\u0173, apie \u0161iek tiek ma\u017eesn\u012f skurd\u0105 ir apie t\u0117t\u012f, kuris dar gal\u0117jo gyventi&#8230;<\/p>\n<p>Tod\u0117l Dort\u0117 vis dar negali patik\u0117ti, jog niekam nesakiusi sutiko i\u0161va\u017eiuoti \u012f Stokholm\u0105 dirbti restorane. Ir vis dar negali patik\u0117ti, kad tai j\u0105, Dort\u0119, ve\u017ea per Lietuv\u0105 ant galin\u0117s \u201eAudi\u201c s\u0117dyn\u0117s.<\/p>\n<p>Ma\u0161inoje su langais, kurie neatsidaro. Koks tai darbas, mergina su\u017eino per v\u0117lai&#8230;<\/p>\n<ul class=\"about-product d-none d-xl-block mt-4\">\n<li><strong>Autorius:<\/strong>\u00a0<a href=\"https:\/\/skaitytaknyga.lt\/?s=Wassmo&#038;post_type=product&#038;dgwt_wcas=1\">Herbj\u00f8rg Wassmo<\/a><\/li>\n<li><strong>Leid\u0117jas:<\/strong>\u00a0<a href=\"https:\/\/www.knygos.lt\/lt\/knygos\/leidejas\/alma-littera\/\">Alma littera<\/a><\/li>\n<li><strong>Metai:<\/strong>\u00a02008<\/li>\n<li><strong>Puslapiai:<\/strong>\u00a0400<\/li>\n<li><strong>ISBN:<\/strong>\u00a09789955381709<\/li>\n<li><strong>Versijos kodas:<\/strong>\u00a0PT.<\/li>\n<li><strong>Formatas:<\/strong>\u00a015 x 25 cm, kieti vir\u0161eliai<\/li>\n<li><strong>Kalba:<\/strong>\u00a0Lietuvi\u0173<\/li>\n<li><strong>Vert\u0117jas:<\/strong>\u00a0Agn\u0117 Navickait\u0117<\/li>\n<\/ul>\n","protected":false},"excerpt":{"rendered":"<p>Dortei penkiolika, ji gyvena Lietuvos kaime. \u0160i mergina niekada nesvajojo apie did\u017eius nuotykius, apie princus ir baltus \u017eirgus, tik apie kep\u0117jo s\u016bn\u0173 Nikolaj\u0173, apie \u0161iek tiek ma\u017eesn\u012f skurd\u0105 ir apie t\u0117t\u012f, kuris dar gal\u0117jo gyventi&#8230; Tod\u0117l Dort\u0117 vis dar negali patik\u0117ti, jog niekam nesakiusi sutiko i\u0161va\u017eiuoti \u012f Stokholm\u0105 dirbti restorane. Ir vis dar negali patik\u0117ti, kad tai j\u0105, Dort\u0119, ve\u017ea per Lietuv\u0105 ant galin\u0117s \u201eAudi\u201c s\u0117dyn\u0117s. Ma\u0161inoje su langais, kurie neatsidaro. Koks tai darbas, mergina su\u017eino per v\u0117lai&#8230; Autorius:\u00a0Herbj\u00f8rg Wassmo Leid\u0117jas:\u00a0Alma littera Metai:\u00a02008 Puslapiai:\u00a0400 ISBN:\u00a09789955381709 Versijos kodas:\u00a0PT. Formatas:\u00a015 x 25 cm, kieti vir\u0161eliai Kalba:\u00a0Lietuvi\u0173 Vert\u0117jas:\u00a0Agn\u0117 Navickait\u0117<\/p>\n","protected":false},"featured_media":13354,"comment_status":"closed","ping_status":"closed","template":"","meta":{"_acf_changed":false,"site-sidebar-layout":"default","site-content-layout":"","ast-site-content-layout":"default","site-content-style":"default","site-sidebar-style":"default","ast-global-header-display":"","ast-banner-title-visibility":"","ast-main-header-display":"","ast-hfb-above-header-display":"","ast-hfb-below-header-display":"","ast-hfb-mobile-header-display":"","site-post-title":"","ast-breadcrumbs-content":"","ast-featured-img":"","footer-sml-layout":"","ast-disable-related-posts":"","theme-transparent-header-meta":"default","adv-header-id-meta":"","stick-header-meta":"","header-above-stick-meta":"","header-main-stick-meta":"","header-below-stick-meta":"","astra-migrate-meta-layouts":"set","ast-page-background-enabled":"default","ast-page-background-meta":{"desktop":{"background-color":"","background-image":"","background-repeat":"repeat","background-position":"center center","background-size":"auto","background-attachment":"scroll","background-type":"","background-media":"","overlay-type":"","overlay-color":"","overlay-opacity":"","overlay-gradient":""},"tablet":{"background-color":"","background-image":"","background-repeat":"repeat","background-position":"center center","background-size":"auto","background-attachment":"scroll","background-type":"","background-media":"","overlay-type":"","overlay-color":"","overlay-opacity":"","overlay-gradient":""},"mobile":{"background-color":"","background-image":"","background-repeat":"repeat","background-position":"center center","background-size":"auto","background-attachment":"scroll","background-type":"","background-media":"","overlay-type":"","overlay-color":"","overlay-opacity":"","overlay-gradient":""}},"ast-content-background-meta":{"desktop":{"background-color":"var(--ast-global-color-4)","background-image":"","background-repeat":"repeat","background-position":"center center","background-size":"auto","background-attachment":"scroll","background-type":"","background-media":"","overlay-type":"","overlay-color":"","overlay-opacity":"","overlay-gradient":""},"tablet":{"background-color":"var(--ast-global-color-4)","background-image":"","background-repeat":"repeat","background-position":"center center","background-size":"auto","background-attachment":"scroll","background-type":"","background-media":"","overlay-type":"","overlay-color":"","overlay-opacity":"","overlay-gradient":""},"mobile":{"background-color":"var(--ast-global-color-4)","background-image":"","background-repeat":"repeat","background-position":"center center","background-size":"auto","background-attachment":"scroll","background-type":"","background-media":"","overlay-type":"","overlay-color":"","overlay-opacity":"","overlay-gradient":""}}},"product_brand":[],"product_cat":[31],"product_tag":[],"class_list":{"0":"post-13351","1":"product","2":"type-product","3":"status-publish","4":"has-post-thumbnail","6":"product_cat-grozine-literatura","7":"desktop-align-left","8":"tablet-align-left","9":"mobile-align-left","11":"first","12":"outofstock","13":"shipping-taxable","14":"purchasable","15":"product-type-simple"},"acf":[],"yoast_head":"<!-- This site is optimized with the Yoast SEO plugin v27.0 - https:\/\/yoast.com\/product\/yoast-seo-wordpress\/ -->\n<title>H. Wassmo \u201eStiklin\u0117 pieno\u201c (geltoni lapai)<\/title>\n<meta name=\"description\" content=\"Dortei penkiolika, ji gyvena Lietuvos kaime. \u0160i mergina niekada nesvajojo apie did\u017eius nuotykius, apie princus ir baltus \u017eirgus, tik apie kep\u0117jo s\u016bn\u0173.\" \/>\n<meta name=\"robots\" content=\"index, follow, max-snippet:-1, max-image-preview:large, max-video-preview:-1\" \/>\n<link rel=\"canonical\" href=\"https:\/\/skaitytaknyga.lt\/en\/produktas\/stikline-pieno\/\" \/>\n<meta property=\"og:locale\" content=\"en_GB\" \/>\n<meta property=\"og:locale:alternate\" content=\"lt_LT\" \/>\n<meta property=\"og:type\" content=\"article\" \/>\n<meta property=\"og:title\" content=\"H. Wassmo \u201eStiklin\u0117 pieno\u201c (geltoni lapai)\" \/>\n<meta property=\"og:description\" content=\"Dortei penkiolika, ji gyvena Lietuvos kaime. \u0160i mergina niekada nesvajojo apie did\u017eius nuotykius, apie princus ir baltus \u017eirgus, tik apie kep\u0117jo s\u016bn\u0173.\" \/>\n<meta property=\"og:url\" content=\"https:\/\/skaitytaknyga.lt\/en\/produktas\/stikline-pieno\/\" \/>\n<meta property=\"og:site_name\" content=\"Skaitytaknyga\" \/>\n<meta property=\"article:publisher\" content=\"https:\/\/www.facebook.com\/skaitytaknyga\/\" \/>\n<meta property=\"article:modified_time\" content=\"2026-01-23T07:57:26+00:00\" \/>\n<meta property=\"og:image\" content=\"https:\/\/skaitytaknyga.lt\/wp-content\/uploads\/2024\/07\/Be-pavadinimo-12.png\" \/>\n\t<meta property=\"og:image:width\" content=\"285\" \/>\n\t<meta property=\"og:image:height\" content=\"471\" \/>\n\t<meta property=\"og:image:type\" content=\"image\/png\" \/>\n<meta name=\"twitter:card\" content=\"summary_large_image\" \/>\n<meta name=\"twitter:label1\" content=\"Estimated reading time\" \/>\n\t<meta name=\"twitter:data1\" content=\"1 minute\" \/>\n<script type=\"application\/ld+json\" class=\"yoast-schema-graph\">{\"@context\":\"https:\/\/schema.org\",\"@graph\":[{\"@type\":\"WebPage\",\"@id\":\"https:\/\/skaitytaknyga.lt\/produktas\/stikline-pieno\/\",\"url\":\"https:\/\/skaitytaknyga.lt\/produktas\/stikline-pieno\/\",\"name\":\"H. Wassmo \u201eStiklin\u0117 pieno\u201c (geltoni lapai)\",\"isPartOf\":{\"@id\":\"https:\/\/skaitytaknyga.lt\/#website\"},\"primaryImageOfPage\":{\"@id\":\"https:\/\/skaitytaknyga.lt\/produktas\/stikline-pieno\/#primaryimage\"},\"image\":{\"@id\":\"https:\/\/skaitytaknyga.lt\/produktas\/stikline-pieno\/#primaryimage\"},\"thumbnailUrl\":\"https:\/\/skaitytaknyga.lt\/wp-content\/uploads\/2024\/07\/Be-pavadinimo-12.png\",\"datePublished\":\"2024-07-28T09:19:25+00:00\",\"dateModified\":\"2026-01-23T07:57:26+00:00\",\"description\":\"Dortei penkiolika, ji gyvena Lietuvos kaime. \u0160i mergina niekada nesvajojo apie did\u017eius nuotykius, apie princus ir baltus \u017eirgus, tik apie kep\u0117jo s\u016bn\u0173.\",\"breadcrumb\":{\"@id\":\"https:\/\/skaitytaknyga.lt\/produktas\/stikline-pieno\/#breadcrumb\"},\"inLanguage\":\"en-GB\",\"potentialAction\":[{\"@type\":\"ReadAction\",\"target\":[\"https:\/\/skaitytaknyga.lt\/produktas\/stikline-pieno\/\"]}]},{\"@type\":\"ImageObject\",\"inLanguage\":\"en-GB\",\"@id\":\"https:\/\/skaitytaknyga.lt\/produktas\/stikline-pieno\/#primaryimage\",\"url\":\"https:\/\/skaitytaknyga.lt\/wp-content\/uploads\/2024\/07\/Be-pavadinimo-12.png\",\"contentUrl\":\"https:\/\/skaitytaknyga.lt\/wp-content\/uploads\/2024\/07\/Be-pavadinimo-12.png\",\"width\":285,\"height\":471,\"caption\":\"stiklin\u0117 pieno\"},{\"@type\":\"BreadcrumbList\",\"@id\":\"https:\/\/skaitytaknyga.lt\/produktas\/stikline-pieno\/#breadcrumb\",\"itemListElement\":[{\"@type\":\"ListItem\",\"position\":1,\"name\":\"Home\",\"item\":\"https:\/\/skaitytaknyga.lt\/\"},{\"@type\":\"ListItem\",\"position\":2,\"name\":\"Parduotuv\u0117\",\"item\":\"https:\/\/skaitytaknyga.lt\/knygu-parduotuve\/\"},{\"@type\":\"ListItem\",\"position\":3,\"name\":\"H. Wassmo \u201eStiklin\u0117 pieno\u201c (geltoni lapai)\"}]},{\"@type\":\"WebSite\",\"@id\":\"https:\/\/skaitytaknyga.lt\/#website\",\"url\":\"https:\/\/skaitytaknyga.lt\/\",\"name\":\"skaitytaknyga.lt\",\"description\":\"Skaitytaknyga.lt \u2013 tai ma\u017eas \u0161eimos verslas, kuris prasid\u0117jo nuo meil\u0117s knygoms ir siekio i\u0161gelb\u0117ti knygas nuo likimo prie konteinerio. Kas vienam nereikalingas daiktas \u2013 kitam lobis, o mes esame tarpininkai, kurie padeda abiems tapti laimingesniems ???? \u017dinome kaip nelengva i\u0161gyventi ma\u017eiems verslams, tad nuo \u0161iol, \u010dia rasite ir kit\u0173, ma\u017e\u0173 \u0161eim\u0173 versl\u0173, rank\u0173 darbo, dovan\u0173 sau ir artimiesiems.\",\"publisher\":{\"@id\":\"https:\/\/skaitytaknyga.lt\/#organization\"},\"potentialAction\":[{\"@type\":\"SearchAction\",\"target\":{\"@type\":\"EntryPoint\",\"urlTemplate\":\"https:\/\/skaitytaknyga.lt\/?s={search_term_string}\"},\"query-input\":{\"@type\":\"PropertyValueSpecification\",\"valueRequired\":true,\"valueName\":\"search_term_string\"}}],\"inLanguage\":\"en-GB\"},{\"@type\":\"Organization\",\"@id\":\"https:\/\/skaitytaknyga.lt\/#organization\",\"name\":\"skaitytaknyga.lt\",\"url\":\"https:\/\/skaitytaknyga.lt\/\",\"logo\":{\"@type\":\"ImageObject\",\"inLanguage\":\"en-GB\",\"@id\":\"https:\/\/skaitytaknyga.lt\/#\/schema\/logo\/image\/\",\"url\":\"https:\/\/skaitytaknyga.lt\/wp-content\/uploads\/2024\/05\/cropped-cropped-cropped-02_00843_jt3bggkj1j3HLc7SyY6rEUpg.jpeg\",\"contentUrl\":\"https:\/\/skaitytaknyga.lt\/wp-content\/uploads\/2024\/05\/cropped-cropped-cropped-02_00843_jt3bggkj1j3HLc7SyY6rEUpg.jpeg\",\"width\":1600,\"height\":1600,\"caption\":\"skaitytaknyga.lt\"},\"image\":{\"@id\":\"https:\/\/skaitytaknyga.lt\/#\/schema\/logo\/image\/\"},\"sameAs\":[\"https:\/\/www.facebook.com\/skaitytaknyga\/\"]}]}<\/script>\n<!-- \/ Yoast SEO plugin. -->","yoast_head_json":{"title":"H. Wassmo \u201eStiklin\u0117 pieno\u201c (geltoni lapai)","description":"Dortei penkiolika, ji gyvena Lietuvos kaime. \u0160i mergina niekada nesvajojo apie did\u017eius nuotykius, apie princus ir baltus \u017eirgus, tik apie kep\u0117jo s\u016bn\u0173.","robots":{"index":"index","follow":"follow","max-snippet":"max-snippet:-1","max-image-preview":"max-image-preview:large","max-video-preview":"max-video-preview:-1"},"canonical":"https:\/\/skaitytaknyga.lt\/en\/produktas\/stikline-pieno\/","og_locale":"en_GB","og_type":"article","og_title":"[:lt]H. Wassmo \u201eStiklin\u0117 pieno\u201c (geltoni lapai)[:] - Skaitytaknyga","og_description":"Dortei penkiolika, ji gyvena Lietuvos kaime. \u0160i mergina niekada nesvajojo apie did\u017eius nuotykius, apie princus ir baltus \u017eirgus, tik apie kep\u0117jo s\u016bn\u0173.","og_url":"https:\/\/skaitytaknyga.lt\/en\/produktas\/stikline-pieno\/","og_site_name":"Skaitytaknyga","article_publisher":"https:\/\/www.facebook.com\/skaitytaknyga\/","article_modified_time":"2026-01-23T07:57:26+00:00","og_image":[{"width":285,"height":471,"url":"https:\/\/skaitytaknyga.lt\/wp-content\/uploads\/2024\/07\/Be-pavadinimo-12.png","type":"image\/png"}],"twitter_card":"summary_large_image","twitter_misc":{"Estimated reading time":"1 minute"},"schema":{"@context":"https:\/\/schema.org","@graph":[{"@type":"WebPage","@id":"https:\/\/skaitytaknyga.lt\/produktas\/stikline-pieno\/","url":"https:\/\/skaitytaknyga.lt\/produktas\/stikline-pieno\/","name":"H. Wassmo \u201eStiklin\u0117 pieno\u201c (geltoni lapai)","isPartOf":{"@id":"https:\/\/skaitytaknyga.lt\/#website"},"primaryImageOfPage":{"@id":"https:\/\/skaitytaknyga.lt\/produktas\/stikline-pieno\/#primaryimage"},"image":{"@id":"https:\/\/skaitytaknyga.lt\/produktas\/stikline-pieno\/#primaryimage"},"thumbnailUrl":"https:\/\/skaitytaknyga.lt\/wp-content\/uploads\/2024\/07\/Be-pavadinimo-12.png","datePublished":"2024-07-28T09:19:25+00:00","dateModified":"2026-01-23T07:57:26+00:00","description":"Dortei penkiolika, ji gyvena Lietuvos kaime. \u0160i mergina niekada nesvajojo apie did\u017eius nuotykius, apie princus ir baltus \u017eirgus, tik apie kep\u0117jo s\u016bn\u0173.","breadcrumb":{"@id":"https:\/\/skaitytaknyga.lt\/produktas\/stikline-pieno\/#breadcrumb"},"inLanguage":"en-GB","potentialAction":[{"@type":"ReadAction","target":["https:\/\/skaitytaknyga.lt\/produktas\/stikline-pieno\/"]}]},{"@type":"ImageObject","inLanguage":"en-GB","@id":"https:\/\/skaitytaknyga.lt\/produktas\/stikline-pieno\/#primaryimage","url":"https:\/\/skaitytaknyga.lt\/wp-content\/uploads\/2024\/07\/Be-pavadinimo-12.png","contentUrl":"https:\/\/skaitytaknyga.lt\/wp-content\/uploads\/2024\/07\/Be-pavadinimo-12.png","width":285,"height":471,"caption":"stiklin\u0117 pieno"},{"@type":"BreadcrumbList","@id":"https:\/\/skaitytaknyga.lt\/produktas\/stikline-pieno\/#breadcrumb","itemListElement":[{"@type":"ListItem","position":1,"name":"Home","item":"https:\/\/skaitytaknyga.lt\/"},{"@type":"ListItem","position":2,"name":"Parduotuv\u0117","item":"https:\/\/skaitytaknyga.lt\/knygu-parduotuve\/"},{"@type":"ListItem","position":3,"name":"H. Wassmo \u201eStiklin\u0117 pieno\u201c (geltoni lapai)"}]},{"@type":"WebSite","@id":"https:\/\/skaitytaknyga.lt\/#website","url":"https:\/\/skaitytaknyga.lt\/","name":"skaitytaknyga.lt","description":"Skaitytaknyga.lt \u2013 tai ma\u017eas \u0161eimos verslas, kuris prasid\u0117jo nuo meil\u0117s knygoms ir siekio i\u0161gelb\u0117ti knygas nuo likimo prie konteinerio. Kas vienam nereikalingas daiktas \u2013 kitam lobis, o mes esame tarpininkai, kurie padeda abiems tapti laimingesniems ???? \u017dinome kaip nelengva i\u0161gyventi ma\u017eiems verslams, tad nuo \u0161iol, \u010dia rasite ir kit\u0173, ma\u017e\u0173 \u0161eim\u0173 versl\u0173, rank\u0173 darbo, dovan\u0173 sau ir artimiesiems.","publisher":{"@id":"https:\/\/skaitytaknyga.lt\/#organization"},"potentialAction":[{"@type":"SearchAction","target":{"@type":"EntryPoint","urlTemplate":"https:\/\/skaitytaknyga.lt\/?s={search_term_string}"},"query-input":{"@type":"PropertyValueSpecification","valueRequired":true,"valueName":"search_term_string"}}],"inLanguage":"en-GB"},{"@type":"Organization","@id":"https:\/\/skaitytaknyga.lt\/#organization","name":"skaitytaknyga.lt","url":"https:\/\/skaitytaknyga.lt\/","logo":{"@type":"ImageObject","inLanguage":"en-GB","@id":"https:\/\/skaitytaknyga.lt\/#\/schema\/logo\/image\/","url":"https:\/\/skaitytaknyga.lt\/wp-content\/uploads\/2024\/05\/cropped-cropped-cropped-02_00843_jt3bggkj1j3HLc7SyY6rEUpg.jpeg","contentUrl":"https:\/\/skaitytaknyga.lt\/wp-content\/uploads\/2024\/05\/cropped-cropped-cropped-02_00843_jt3bggkj1j3HLc7SyY6rEUpg.jpeg","width":1600,"height":1600,"caption":"skaitytaknyga.lt"},"image":{"@id":"https:\/\/skaitytaknyga.lt\/#\/schema\/logo\/image\/"},"sameAs":["https:\/\/www.facebook.com\/skaitytaknyga\/"]}]}},"_links":{"self":[{"href":"https:\/\/skaitytaknyga.lt\/en\/wp-json\/wp\/v2\/product\/13351","targetHints":{"allow":["GET"]}}],"collection":[{"href":"https:\/\/skaitytaknyga.lt\/en\/wp-json\/wp\/v2\/product"}],"about":[{"href":"https:\/\/skaitytaknyga.lt\/en\/wp-json\/wp\/v2\/types\/product"}],"replies":[{"embeddable":true,"href":"https:\/\/skaitytaknyga.lt\/en\/wp-json\/wp\/v2\/comments?post=13351"}],"wp:featuredmedia":[{"embeddable":true,"href":"https:\/\/skaitytaknyga.lt\/en\/wp-json\/wp\/v2\/media\/13354"}],"wp:attachment":[{"href":"https:\/\/skaitytaknyga.lt\/en\/wp-json\/wp\/v2\/media?parent=13351"}],"wp:term":[{"taxonomy":"product_brand","embeddable":true,"href":"https:\/\/skaitytaknyga.lt\/en\/wp-json\/wp\/v2\/product_brand?post=13351"},{"taxonomy":"product_cat","embeddable":true,"href":"https:\/\/skaitytaknyga.lt\/en\/wp-json\/wp\/v2\/product_cat?post=13351"},{"taxonomy":"product_tag","embeddable":true,"href":"https:\/\/skaitytaknyga.lt\/en\/wp-json\/wp\/v2\/product_tag?post=13351"}],"curies":[{"name":"wp","href":"https:\/\/api.w.org\/{rel}","templated":true}]}}