{"id":13348,"date":"2024-07-28T12:16:42","date_gmt":"2024-07-28T09:16:42","guid":{"rendered":"https:\/\/skaitytaknyga.lt\/?post_type=product&#038;p=13348"},"modified":"2026-03-05T16:00:47","modified_gmt":"2026-03-05T14:00:47","slug":"metas-zudyti","status":"publish","type":"product","link":"https:\/\/skaitytaknyga.lt\/en\/produktas\/metas-zudyti\/","title":{"rendered":"Metas \u017eudyti"},"content":{"rendered":"<p><i>Mintyse suskai\u010diavau jau mirusius \u017emones \u2013 arba d\u0117l to, kad gal\u0117jo atvesti pas mane, arba vien tod\u0117l, kad pasipainiojo skersai kelio.<\/i><\/p>\n<p><b>Mason Cross\u00a0<\/b>(Meisonas Krosas) \u2013 brit\u0173 autorius, i\u0161gars\u0117j\u0119s trileri\u0173 serija apie Karter\u012f Bleik\u0105 \u2013 \u017emog\u0173, kuris neturi nei vardo, nei tapatyb\u0117s, tik talent\u0105 rasti tuos, kurie daro visk\u0105, kad j\u0173 b\u016bt\u0173 ne\u012fmanoma rasti. Lietuvi\u0161kai jau i\u0161leistos pirmosios dvi Karterio Bleiko serijos knygos: \u201e\u017dudymo sezonas\u201c ir \u201eSamarietis\u201c. Tre\u010diajame trileryje\u00a0<b>\u201eMetas \u017eudyti\u201c<\/b>\u00a0Bleikas i\u0161 persekiotojo tampa med\u017eiojamuoju.<\/p>\n<p>Tai atrod\u0117 kaip \u012fprasta u\u017eduotis: surasti program\u0173 projektuotoj\u0105, pavogus\u012f program\u0105 \u201eMeTime\u201c; ji tur\u0117jo tapti nauja socialini\u0173 tinkl\u0173 sensacija ir atne\u0161ti turtus jos savininkui, ta\u010diau\u2026 dingo be p\u0117dsak\u0173. Karteris Bleikas ima sekti projektuotojo Skoto Brajanto p\u0117domis. Ir tuomet supranta, jog ka\u017ekas seka j\u012f pat\u012f. J\u012f pasivijo kruvina praeitis.<\/p>\n<p>Prie\u0161 penkerius metus Bleikas dalyvavo ypa\u010d slaptoje vyriausyb\u0117s operacijoje kodiniu pavadinimu \u201eIlgoji \u017eiema\u201c. Su \u0161iuo daliniu keliai i\u0161siskyr\u0117 pasiekus susitarim\u0105: jis tyl\u0117s apie tai, k\u0105 jie veik\u0117, o u\u017e tai bus paliktas ramyb\u0117je. O jei ne, Bleikas panaudos savo slapt\u0105 deryb\u0173 svert\u0105. Ta\u010diau tok\u012f pat svert\u0105 tur\u0117jo ir buv\u0119s Bleiko bendra\u017eygis Martinesas, su kuriuo buvo be gailes\u010dio susidorota. Vadinasi, Bleikui galas. Jam pavyko i\u0161likti nematomam kelerius metus \u2013 kol i\u0161sidav\u0117, pad\u0117damas policijai surasti serijin\u012f \u017eudik\u0105, pramint\u0105 Samarie\u010diu. Jam puikiai sek\u0117si rasti \u017emones, kurie nenor\u0117jo b\u016bti rasti, ir beveik visko jis i\u0161moko \u201eIlgojoje \u017eiemoje\u201c. Jei kas nors ir gali rasti Bleik\u0105, tai tik jie.<\/p>\n<p>U\u017euot ie\u0161koj\u0119s kit\u0173, jis turi sutelkti visas j\u0117gas, kad pasprukt\u0173 nuo t\u0173, kurie yra tokie pat gudr\u016bs kaip jis. Tik j\u0173 daug, o jis vienas\u2026 S\u0117kmingai med\u017eioj\u0119s kitus, dabar jis pats tampa \u017ev\u0117rimi, kuris turi b\u016bti sunaikintas.<\/p>\n<p>Nes \u0161ie med\u017eiotojai nepripa\u017e\u012fsta pasigail\u0117jimo.<\/p>\n<ul class=\"details-list mt5\">\n<li>Pavadinimas originalo kalba:\u00a0The Time to Kill<\/li>\n<li>Autorius:\u00a0Mason Cross<\/li>\n<li>Serija:\u00a0Karteris Bleikas<\/li>\n<li>Leid\u0117jas:\u00a0Tyto alba<\/li>\n<li>I\u0161leidimo metai:\u00a02021<\/li>\n<li>Knygos puslapi\u0173 skai\u010dius:\u00a0416<\/li>\n<li>Formatas:\u00a015&#215;22, kieti vir\u0161eliai<\/li>\n<li>ISBN ar kodas:\u00a09786094665615<\/li>\n<li>Vert\u0117jas:\u00a0Daumantas Gadeikis<\/li>\n<li>I\u0161 kokios kalbos versta:\u00a0angl\u0173<\/li>\n<\/ul>\n","protected":false},"excerpt":{"rendered":"<p>Mintyse suskai\u010diavau jau mirusius \u017emones \u2013 arba d\u0117l to, kad gal\u0117jo atvesti pas mane, arba vien tod\u0117l, kad pasipainiojo skersai kelio. Mason Cross\u00a0(Meisonas Krosas) \u2013 brit\u0173 autorius, i\u0161gars\u0117j\u0119s trileri\u0173 serija apie Karter\u012f Bleik\u0105 \u2013 \u017emog\u0173, kuris neturi nei vardo, nei tapatyb\u0117s, tik talent\u0105 rasti tuos, kurie daro visk\u0105, kad j\u0173 b\u016bt\u0173 ne\u012fmanoma rasti. Lietuvi\u0161kai jau i\u0161leistos pirmosios dvi Karterio Bleiko serijos knygos: \u201e\u017dudymo sezonas\u201c ir \u201eSamarietis\u201c. Tre\u010diajame trileryje\u00a0\u201eMetas \u017eudyti\u201c\u00a0Bleikas i\u0161 persekiotojo tampa med\u017eiojamuoju. Tai atrod\u0117 kaip \u012fprasta u\u017eduotis: surasti program\u0173 projektuotoj\u0105, pavogus\u012f program\u0105 \u201eMeTime\u201c; ji tur\u0117jo tapti nauja socialini\u0173 tinkl\u0173 sensacija ir atne\u0161ti turtus jos savininkui, ta\u010diau\u2026 dingo be p\u0117dsak\u0173. Karteris Bleikas ima sekti projektuotojo Skoto Brajanto p\u0117domis. Ir tuomet supranta, jog ka\u017ekas seka j\u012f pat\u012f. J\u012f pasivijo kruvina praeitis. Prie\u0161 penkerius metus Bleikas dalyvavo ypa\u010d slaptoje vyriausyb\u0117s operacijoje kodiniu pavadinimu \u201eIlgoji \u017eiema\u201c. Su \u0161iuo daliniu keliai i\u0161siskyr\u0117 pasiekus susitarim\u0105: jis tyl\u0117s apie tai, k\u0105 jie veik\u0117, o u\u017e tai bus paliktas ramyb\u0117je. O jei ne, Bleikas panaudos savo slapt\u0105 deryb\u0173 svert\u0105. Ta\u010diau tok\u012f pat svert\u0105 tur\u0117jo ir buv\u0119s Bleiko bendra\u017eygis Martinesas, su kuriuo buvo be gailes\u010dio susidorota. Vadinasi, Bleikui galas. Jam pavyko i\u0161likti nematomam kelerius metus \u2013 kol i\u0161sidav\u0117, pad\u0117damas policijai surasti serijin\u012f \u017eudik\u0105, pramint\u0105 Samarie\u010diu. Jam puikiai sek\u0117si rasti \u017emones, kurie nenor\u0117jo b\u016bti rasti, ir beveik visko jis i\u0161moko \u201eIlgojoje \u017eiemoje\u201c. Jei kas nors ir gali rasti Bleik\u0105, tai tik jie. U\u017euot ie\u0161koj\u0119s kit\u0173, jis turi sutelkti visas j\u0117gas, kad pasprukt\u0173 nuo t\u0173, kurie yra tokie pat gudr\u016bs kaip jis. Tik j\u0173 daug, o jis vienas\u2026 S\u0117kmingai med\u017eioj\u0119s kitus, dabar jis pats tampa \u017ev\u0117rimi, kuris turi b\u016bti sunaikintas. Nes \u0161ie med\u017eiotojai nepripa\u017e\u012fsta pasigail\u0117jimo. Pavadinimas originalo kalba:\u00a0The Time to Kill Autorius:\u00a0Mason Cross Serija:\u00a0Karteris Bleikas Leid\u0117jas:\u00a0Tyto alba I\u0161leidimo metai:\u00a02021 Knygos puslapi\u0173 skai\u010dius:\u00a0416 Formatas:\u00a015&#215;22, kieti vir\u0161eliai ISBN ar kodas:\u00a09786094665615 Vert\u0117jas:\u00a0Daumantas Gadeikis I\u0161 kokios kalbos versta:\u00a0angl\u0173<\/p>\n","protected":false},"featured_media":13349,"comment_status":"closed","ping_status":"closed","template":"","meta":{"_acf_changed":false,"site-sidebar-layout":"default","site-content-layout":"","ast-site-content-layout":"default","site-content-style":"default","site-sidebar-style":"default","ast-global-header-display":"","ast-banner-title-visibility":"","ast-main-header-display":"","ast-hfb-above-header-display":"","ast-hfb-below-header-display":"","ast-hfb-mobile-header-display":"","site-post-title":"","ast-breadcrumbs-content":"","ast-featured-img":"","footer-sml-layout":"","ast-disable-related-posts":"","theme-transparent-header-meta":"default","adv-header-id-meta":"","stick-header-meta":"","header-above-stick-meta":"","header-main-stick-meta":"","header-below-stick-meta":"","astra-migrate-meta-layouts":"set","ast-page-background-enabled":"default","ast-page-background-meta":{"desktop":{"background-color":"","background-image":"","background-repeat":"repeat","background-position":"center center","background-size":"auto","background-attachment":"scroll","background-type":"","background-media":"","overlay-type":"","overlay-color":"","overlay-opacity":"","overlay-gradient":""},"tablet":{"background-color":"","background-image":"","background-repeat":"repeat","background-position":"center center","background-size":"auto","background-attachment":"scroll","background-type":"","background-media":"","overlay-type":"","overlay-color":"","overlay-opacity":"","overlay-gradient":""},"mobile":{"background-color":"","background-image":"","background-repeat":"repeat","background-position":"center center","background-size":"auto","background-attachment":"scroll","background-type":"","background-media":"","overlay-type":"","overlay-color":"","overlay-opacity":"","overlay-gradient":""}},"ast-content-background-meta":{"desktop":{"background-color":"var(--ast-global-color-4)","background-image":"","background-repeat":"repeat","background-position":"center center","background-size":"auto","background-attachment":"scroll","background-type":"","background-media":"","overlay-type":"","overlay-color":"","overlay-opacity":"","overlay-gradient":""},"tablet":{"background-color":"var(--ast-global-color-4)","background-image":"","background-repeat":"repeat","background-position":"center center","background-size":"auto","background-attachment":"scroll","background-type":"","background-media":"","overlay-type":"","overlay-color":"","overlay-opacity":"","overlay-gradient":""},"mobile":{"background-color":"var(--ast-global-color-4)","background-image":"","background-repeat":"repeat","background-position":"center center","background-size":"auto","background-attachment":"scroll","background-type":"","background-media":"","overlay-type":"","overlay-color":"","overlay-opacity":"","overlay-gradient":""}}},"product_brand":[],"product_cat":[9581],"product_tag":[],"class_list":{"0":"post-13348","1":"product","2":"type-product","3":"status-publish","4":"has-post-thumbnail","6":"product_cat-kriminaliniai-romanai","7":"desktop-align-left","8":"tablet-align-left","9":"mobile-align-left","11":"first","12":"instock","13":"shipping-taxable","14":"purchasable","15":"product-type-simple"},"acf":[],"yoast_head":"<!-- This site is optimized with the Yoast SEO plugin v27.0 - https:\/\/yoast.com\/product\/yoast-seo-wordpress\/ -->\n<title>Metas \u017eudyti<\/title>\n<meta name=\"description\" content=\"Tai atrod\u0117 kaip \u012fprasta u\u017eduotis: surasti program\u0173 projektuotoj\u0105, pavogus\u012f program\u0105 \u201eMeTime\u201c; ji tur\u0117jo tapti nauja socialini\u0173 tinkl\u0173 sensacija ir atne\u0161ti turtus jos savininkui, ta\u010diau\u2026\" \/>\n<meta name=\"robots\" content=\"index, follow, max-snippet:-1, max-image-preview:large, max-video-preview:-1\" \/>\n<link rel=\"canonical\" href=\"https:\/\/skaitytaknyga.lt\/en\/produktas\/metas-zudyti\/\" \/>\n<meta property=\"og:locale\" content=\"en_GB\" \/>\n<meta property=\"og:locale:alternate\" content=\"lt_LT\" \/>\n<meta property=\"og:type\" content=\"article\" \/>\n<meta property=\"og:title\" content=\"Metas \u017eudyti\" \/>\n<meta property=\"og:description\" content=\"Tai atrod\u0117 kaip \u012fprasta u\u017eduotis: surasti program\u0173 projektuotoj\u0105, pavogus\u012f program\u0105 \u201eMeTime\u201c; ji tur\u0117jo tapti nauja socialini\u0173 tinkl\u0173 sensacija ir atne\u0161ti turtus jos savininkui, ta\u010diau\u2026\" \/>\n<meta property=\"og:url\" content=\"https:\/\/skaitytaknyga.lt\/en\/produktas\/metas-zudyti\/\" \/>\n<meta property=\"og:site_name\" content=\"Skaitytaknyga\" \/>\n<meta property=\"article:publisher\" content=\"https:\/\/www.facebook.com\/skaitytaknyga\/\" \/>\n<meta property=\"article:modified_time\" content=\"2026-03-05T14:00:47+00:00\" \/>\n<meta property=\"og:image\" content=\"https:\/\/skaitytaknyga.lt\/wp-content\/uploads\/2024\/07\/metas-zudyti.jpg\" \/>\n\t<meta property=\"og:image:width\" content=\"585\" \/>\n\t<meta property=\"og:image:height\" content=\"865\" \/>\n\t<meta property=\"og:image:type\" content=\"image\/jpeg\" \/>\n<meta name=\"twitter:card\" content=\"summary_large_image\" \/>\n<meta name=\"twitter:label1\" content=\"Estimated reading time\" \/>\n\t<meta name=\"twitter:data1\" content=\"2 minutes\" \/>\n<script type=\"application\/ld+json\" class=\"yoast-schema-graph\">{\"@context\":\"https:\/\/schema.org\",\"@graph\":[{\"@type\":\"WebPage\",\"@id\":\"https:\/\/skaitytaknyga.lt\/produktas\/metas-zudyti\/\",\"url\":\"https:\/\/skaitytaknyga.lt\/produktas\/metas-zudyti\/\",\"name\":\"Metas \u017eudyti\",\"isPartOf\":{\"@id\":\"https:\/\/skaitytaknyga.lt\/#website\"},\"primaryImageOfPage\":{\"@id\":\"https:\/\/skaitytaknyga.lt\/produktas\/metas-zudyti\/#primaryimage\"},\"image\":{\"@id\":\"https:\/\/skaitytaknyga.lt\/produktas\/metas-zudyti\/#primaryimage\"},\"thumbnailUrl\":\"https:\/\/skaitytaknyga.lt\/wp-content\/uploads\/2024\/07\/metas-zudyti.jpg\",\"datePublished\":\"2024-07-28T09:16:42+00:00\",\"dateModified\":\"2026-03-05T14:00:47+00:00\",\"description\":\"Tai atrod\u0117 kaip \u012fprasta u\u017eduotis: surasti program\u0173 projektuotoj\u0105, pavogus\u012f program\u0105 \u201eMeTime\u201c; ji tur\u0117jo tapti nauja socialini\u0173 tinkl\u0173 sensacija ir atne\u0161ti turtus jos savininkui, ta\u010diau\u2026\",\"breadcrumb\":{\"@id\":\"https:\/\/skaitytaknyga.lt\/produktas\/metas-zudyti\/#breadcrumb\"},\"inLanguage\":\"en-GB\",\"potentialAction\":[{\"@type\":\"ReadAction\",\"target\":[\"https:\/\/skaitytaknyga.lt\/produktas\/metas-zudyti\/\"]}]},{\"@type\":\"ImageObject\",\"inLanguage\":\"en-GB\",\"@id\":\"https:\/\/skaitytaknyga.lt\/produktas\/metas-zudyti\/#primaryimage\",\"url\":\"https:\/\/skaitytaknyga.lt\/wp-content\/uploads\/2024\/07\/metas-zudyti.jpg\",\"contentUrl\":\"https:\/\/skaitytaknyga.lt\/wp-content\/uploads\/2024\/07\/metas-zudyti.jpg\",\"width\":585,\"height\":865,\"caption\":\"Metas \u017eudyti\"},{\"@type\":\"BreadcrumbList\",\"@id\":\"https:\/\/skaitytaknyga.lt\/produktas\/metas-zudyti\/#breadcrumb\",\"itemListElement\":[{\"@type\":\"ListItem\",\"position\":1,\"name\":\"Home\",\"item\":\"https:\/\/skaitytaknyga.lt\/\"},{\"@type\":\"ListItem\",\"position\":2,\"name\":\"Parduotuv\u0117\",\"item\":\"https:\/\/skaitytaknyga.lt\/knygu-parduotuve\/\"},{\"@type\":\"ListItem\",\"position\":3,\"name\":\"Metas \u017eudyti\"}]},{\"@type\":\"WebSite\",\"@id\":\"https:\/\/skaitytaknyga.lt\/#website\",\"url\":\"https:\/\/skaitytaknyga.lt\/\",\"name\":\"skaitytaknyga.lt\",\"description\":\"Skaitytaknyga.lt \u2013 tai ma\u017eas \u0161eimos verslas, kuris prasid\u0117jo nuo meil\u0117s knygoms ir siekio i\u0161gelb\u0117ti knygas nuo likimo prie konteinerio. Kas vienam nereikalingas daiktas \u2013 kitam lobis, o mes esame tarpininkai, kurie padeda abiems tapti laimingesniems ???? \u017dinome kaip nelengva i\u0161gyventi ma\u017eiems verslams, tad nuo \u0161iol, \u010dia rasite ir kit\u0173, ma\u017e\u0173 \u0161eim\u0173 versl\u0173, rank\u0173 darbo, dovan\u0173 sau ir artimiesiems.\",\"publisher\":{\"@id\":\"https:\/\/skaitytaknyga.lt\/#organization\"},\"potentialAction\":[{\"@type\":\"SearchAction\",\"target\":{\"@type\":\"EntryPoint\",\"urlTemplate\":\"https:\/\/skaitytaknyga.lt\/?s={search_term_string}\"},\"query-input\":{\"@type\":\"PropertyValueSpecification\",\"valueRequired\":true,\"valueName\":\"search_term_string\"}}],\"inLanguage\":\"en-GB\"},{\"@type\":\"Organization\",\"@id\":\"https:\/\/skaitytaknyga.lt\/#organization\",\"name\":\"skaitytaknyga.lt\",\"url\":\"https:\/\/skaitytaknyga.lt\/\",\"logo\":{\"@type\":\"ImageObject\",\"inLanguage\":\"en-GB\",\"@id\":\"https:\/\/skaitytaknyga.lt\/#\/schema\/logo\/image\/\",\"url\":\"https:\/\/skaitytaknyga.lt\/wp-content\/uploads\/2024\/05\/cropped-cropped-cropped-02_00843_jt3bggkj1j3HLc7SyY6rEUpg.jpeg\",\"contentUrl\":\"https:\/\/skaitytaknyga.lt\/wp-content\/uploads\/2024\/05\/cropped-cropped-cropped-02_00843_jt3bggkj1j3HLc7SyY6rEUpg.jpeg\",\"width\":1600,\"height\":1600,\"caption\":\"skaitytaknyga.lt\"},\"image\":{\"@id\":\"https:\/\/skaitytaknyga.lt\/#\/schema\/logo\/image\/\"},\"sameAs\":[\"https:\/\/www.facebook.com\/skaitytaknyga\/\"]}]}<\/script>\n<!-- \/ Yoast SEO plugin. -->","yoast_head_json":{"title":"Metas \u017eudyti","description":"Tai atrod\u0117 kaip \u012fprasta u\u017eduotis: surasti program\u0173 projektuotoj\u0105, pavogus\u012f program\u0105 \u201eMeTime\u201c; ji tur\u0117jo tapti nauja socialini\u0173 tinkl\u0173 sensacija ir atne\u0161ti turtus jos savininkui, ta\u010diau\u2026","robots":{"index":"index","follow":"follow","max-snippet":"max-snippet:-1","max-image-preview":"max-image-preview:large","max-video-preview":"max-video-preview:-1"},"canonical":"https:\/\/skaitytaknyga.lt\/en\/produktas\/metas-zudyti\/","og_locale":"en_GB","og_type":"article","og_title":"[:lt]Metas \u017eudyti[:] - Skaitytaknyga","og_description":"Tai atrod\u0117 kaip \u012fprasta u\u017eduotis: surasti program\u0173 projektuotoj\u0105, pavogus\u012f program\u0105 \u201eMeTime\u201c; ji tur\u0117jo tapti nauja socialini\u0173 tinkl\u0173 sensacija ir atne\u0161ti turtus jos savininkui, ta\u010diau\u2026","og_url":"https:\/\/skaitytaknyga.lt\/en\/produktas\/metas-zudyti\/","og_site_name":"Skaitytaknyga","article_publisher":"https:\/\/www.facebook.com\/skaitytaknyga\/","article_modified_time":"2026-03-05T14:00:47+00:00","og_image":[{"width":585,"height":865,"url":"https:\/\/skaitytaknyga.lt\/wp-content\/uploads\/2024\/07\/metas-zudyti.jpg","type":"image\/jpeg"}],"twitter_card":"summary_large_image","twitter_misc":{"Estimated reading time":"2 minutes"},"schema":{"@context":"https:\/\/schema.org","@graph":[{"@type":"WebPage","@id":"https:\/\/skaitytaknyga.lt\/produktas\/metas-zudyti\/","url":"https:\/\/skaitytaknyga.lt\/produktas\/metas-zudyti\/","name":"Metas \u017eudyti","isPartOf":{"@id":"https:\/\/skaitytaknyga.lt\/#website"},"primaryImageOfPage":{"@id":"https:\/\/skaitytaknyga.lt\/produktas\/metas-zudyti\/#primaryimage"},"image":{"@id":"https:\/\/skaitytaknyga.lt\/produktas\/metas-zudyti\/#primaryimage"},"thumbnailUrl":"https:\/\/skaitytaknyga.lt\/wp-content\/uploads\/2024\/07\/metas-zudyti.jpg","datePublished":"2024-07-28T09:16:42+00:00","dateModified":"2026-03-05T14:00:47+00:00","description":"Tai atrod\u0117 kaip \u012fprasta u\u017eduotis: surasti program\u0173 projektuotoj\u0105, pavogus\u012f program\u0105 \u201eMeTime\u201c; ji tur\u0117jo tapti nauja socialini\u0173 tinkl\u0173 sensacija ir atne\u0161ti turtus jos savininkui, ta\u010diau\u2026","breadcrumb":{"@id":"https:\/\/skaitytaknyga.lt\/produktas\/metas-zudyti\/#breadcrumb"},"inLanguage":"en-GB","potentialAction":[{"@type":"ReadAction","target":["https:\/\/skaitytaknyga.lt\/produktas\/metas-zudyti\/"]}]},{"@type":"ImageObject","inLanguage":"en-GB","@id":"https:\/\/skaitytaknyga.lt\/produktas\/metas-zudyti\/#primaryimage","url":"https:\/\/skaitytaknyga.lt\/wp-content\/uploads\/2024\/07\/metas-zudyti.jpg","contentUrl":"https:\/\/skaitytaknyga.lt\/wp-content\/uploads\/2024\/07\/metas-zudyti.jpg","width":585,"height":865,"caption":"Metas \u017eudyti"},{"@type":"BreadcrumbList","@id":"https:\/\/skaitytaknyga.lt\/produktas\/metas-zudyti\/#breadcrumb","itemListElement":[{"@type":"ListItem","position":1,"name":"Home","item":"https:\/\/skaitytaknyga.lt\/"},{"@type":"ListItem","position":2,"name":"Parduotuv\u0117","item":"https:\/\/skaitytaknyga.lt\/knygu-parduotuve\/"},{"@type":"ListItem","position":3,"name":"Metas \u017eudyti"}]},{"@type":"WebSite","@id":"https:\/\/skaitytaknyga.lt\/#website","url":"https:\/\/skaitytaknyga.lt\/","name":"skaitytaknyga.lt","description":"Skaitytaknyga.lt \u2013 tai ma\u017eas \u0161eimos verslas, kuris prasid\u0117jo nuo meil\u0117s knygoms ir siekio i\u0161gelb\u0117ti knygas nuo likimo prie konteinerio. Kas vienam nereikalingas daiktas \u2013 kitam lobis, o mes esame tarpininkai, kurie padeda abiems tapti laimingesniems ???? \u017dinome kaip nelengva i\u0161gyventi ma\u017eiems verslams, tad nuo \u0161iol, \u010dia rasite ir kit\u0173, ma\u017e\u0173 \u0161eim\u0173 versl\u0173, rank\u0173 darbo, dovan\u0173 sau ir artimiesiems.","publisher":{"@id":"https:\/\/skaitytaknyga.lt\/#organization"},"potentialAction":[{"@type":"SearchAction","target":{"@type":"EntryPoint","urlTemplate":"https:\/\/skaitytaknyga.lt\/?s={search_term_string}"},"query-input":{"@type":"PropertyValueSpecification","valueRequired":true,"valueName":"search_term_string"}}],"inLanguage":"en-GB"},{"@type":"Organization","@id":"https:\/\/skaitytaknyga.lt\/#organization","name":"skaitytaknyga.lt","url":"https:\/\/skaitytaknyga.lt\/","logo":{"@type":"ImageObject","inLanguage":"en-GB","@id":"https:\/\/skaitytaknyga.lt\/#\/schema\/logo\/image\/","url":"https:\/\/skaitytaknyga.lt\/wp-content\/uploads\/2024\/05\/cropped-cropped-cropped-02_00843_jt3bggkj1j3HLc7SyY6rEUpg.jpeg","contentUrl":"https:\/\/skaitytaknyga.lt\/wp-content\/uploads\/2024\/05\/cropped-cropped-cropped-02_00843_jt3bggkj1j3HLc7SyY6rEUpg.jpeg","width":1600,"height":1600,"caption":"skaitytaknyga.lt"},"image":{"@id":"https:\/\/skaitytaknyga.lt\/#\/schema\/logo\/image\/"},"sameAs":["https:\/\/www.facebook.com\/skaitytaknyga\/"]}]}},"_links":{"self":[{"href":"https:\/\/skaitytaknyga.lt\/en\/wp-json\/wp\/v2\/product\/13348","targetHints":{"allow":["GET"]}}],"collection":[{"href":"https:\/\/skaitytaknyga.lt\/en\/wp-json\/wp\/v2\/product"}],"about":[{"href":"https:\/\/skaitytaknyga.lt\/en\/wp-json\/wp\/v2\/types\/product"}],"replies":[{"embeddable":true,"href":"https:\/\/skaitytaknyga.lt\/en\/wp-json\/wp\/v2\/comments?post=13348"}],"wp:featuredmedia":[{"embeddable":true,"href":"https:\/\/skaitytaknyga.lt\/en\/wp-json\/wp\/v2\/media\/13349"}],"wp:attachment":[{"href":"https:\/\/skaitytaknyga.lt\/en\/wp-json\/wp\/v2\/media?parent=13348"}],"wp:term":[{"taxonomy":"product_brand","embeddable":true,"href":"https:\/\/skaitytaknyga.lt\/en\/wp-json\/wp\/v2\/product_brand?post=13348"},{"taxonomy":"product_cat","embeddable":true,"href":"https:\/\/skaitytaknyga.lt\/en\/wp-json\/wp\/v2\/product_cat?post=13348"},{"taxonomy":"product_tag","embeddable":true,"href":"https:\/\/skaitytaknyga.lt\/en\/wp-json\/wp\/v2\/product_tag?post=13348"}],"curies":[{"name":"wp","href":"https:\/\/api.w.org\/{rel}","templated":true}]}}