{"id":13346,"date":"2024-07-28T12:13:36","date_gmt":"2024-07-28T09:13:36","guid":{"rendered":"https:\/\/skaitytaknyga.lt\/?post_type=product&#038;p=13346"},"modified":"2025-06-26T15:39:19","modified_gmt":"2025-06-26T12:39:19","slug":"klasikines-anglakalbes-poezijos-perlai-prarastojo-rojaus-ilgesys","status":"publish","type":"product","link":"https:\/\/skaitytaknyga.lt\/en\/produktas\/klasikines-anglakalbes-poezijos-perlai-prarastojo-rojaus-ilgesys\/","title":{"rendered":"Klasikin\u0117s anglakalb\u0117s poezijos perlai. Prarastojo rojaus ilgesys (mini d\u0117mel\u0117 apa\u010dioje)"},"content":{"rendered":"<p>Poezijos rinkin\u012f\u00a0<b>\u201eGems of Classic English Poetry. Longing for Paradise Lost \/ Klasikin\u0117s anglakalb\u0117s poezijos perlai. Prarastojo rojaus ilgesys\u201c<\/b>\u00a0sudar\u0117 ir i\u0161vert\u0117 \u017einomas kalbininkas, vert\u0117jas, 2016 m. Kalbos premijos laureatas, ilgametis Vilniaus universiteto Vertimo studij\u0173 katedros doc. dr. Lionginas Pa\u017e\u016bsis, 1997 m. \u012fvertintas \u201ePoezijos pavasario\u201c prizu u\u017e poezijos vertimus \u012f lietuvi\u0173 kalb\u0105.<\/p>\n<p>\u0160\u012f dvikalb\u012f klasikin\u0117s anglakalb\u0117s poezijos rinkin\u012f sudaro 25 angl\u0173, airi\u0173, \u0161kot\u0173 ir vieno amerikie\u010di\u0173 poeto k\u016briniai, i\u0161rikiuoti chronologine seka pagal autori\u0173 gimimo metus, jie apr\u0117pia \u0161e\u0161i\u0173 am\u017ei\u0173 laikotarp\u012f nuo viduram\u017ei\u0173 iki pra\u0117jusio \u0161imtme\u010dio prad\u017eios. Pasirinkti eil\u0117ra\u0161\u010diai yra pla\u010diai \u017einomi, populiar\u016bs ir nuolatos \u012ftraukiami \u012f anglakalb\u0117s poezijos antologijas.<\/p>\n<p>I\u0161 angl\u0173 kalbos vert\u0117 Lionginas Pa\u017e\u016bsis<\/p>\n<ul>\n<li>Autorius:\u00a0Lionginas Pa\u017e\u016bsis<\/li>\n<li>Leid\u0117jas:\u00a0Alumnus<\/li>\n<li>I\u0161leidimo metai:\u00a02017<\/li>\n<li>Knygos puslapi\u0173 skai\u010dius:\u00a0192<\/li>\n<li>Formatas:\u00a016&#215;25, kieti vir\u0161eliai<\/li>\n<li>ISBN ar kodas:\u00a09789955957232<\/li>\n<\/ul>\n","protected":false},"excerpt":{"rendered":"<p>Poezijos rinkin\u012f\u00a0\u201eGems of Classic English Poetry. Longing for Paradise Lost \/ Klasikin\u0117s anglakalb\u0117s poezijos perlai. Prarastojo rojaus ilgesys\u201c\u00a0sudar\u0117 ir i\u0161vert\u0117 \u017einomas kalbininkas, vert\u0117jas, 2016 m. Kalbos premijos laureatas, ilgametis Vilniaus universiteto Vertimo studij\u0173 katedros doc. dr. Lionginas Pa\u017e\u016bsis, 1997 m. \u012fvertintas \u201ePoezijos pavasario\u201c prizu u\u017e poezijos vertimus \u012f lietuvi\u0173 kalb\u0105. \u0160\u012f dvikalb\u012f klasikin\u0117s anglakalb\u0117s poezijos rinkin\u012f sudaro 25 angl\u0173, airi\u0173, \u0161kot\u0173 ir vieno amerikie\u010di\u0173 poeto k\u016briniai, i\u0161rikiuoti chronologine seka pagal autori\u0173 gimimo metus, jie apr\u0117pia \u0161e\u0161i\u0173 am\u017ei\u0173 laikotarp\u012f nuo viduram\u017ei\u0173 iki pra\u0117jusio \u0161imtme\u010dio prad\u017eios. Pasirinkti eil\u0117ra\u0161\u010diai yra pla\u010diai \u017einomi, populiar\u016bs ir nuolatos \u012ftraukiami \u012f anglakalb\u0117s poezijos antologijas. I\u0161 angl\u0173 kalbos vert\u0117 Lionginas Pa\u017e\u016bsis Autorius:\u00a0Lionginas Pa\u017e\u016bsis Leid\u0117jas:\u00a0Alumnus I\u0161leidimo metai:\u00a02017 Knygos puslapi\u0173 skai\u010dius:\u00a0192 Formatas:\u00a016&#215;25, kieti vir\u0161eliai ISBN ar kodas:\u00a09789955957232<\/p>\n","protected":false},"featured_media":13347,"comment_status":"closed","ping_status":"closed","template":"","meta":{"_acf_changed":false,"site-sidebar-layout":"default","site-content-layout":"","ast-site-content-layout":"default","site-content-style":"default","site-sidebar-style":"default","ast-global-header-display":"","ast-banner-title-visibility":"","ast-main-header-display":"","ast-hfb-above-header-display":"","ast-hfb-below-header-display":"","ast-hfb-mobile-header-display":"","site-post-title":"","ast-breadcrumbs-content":"","ast-featured-img":"","footer-sml-layout":"","ast-disable-related-posts":"","theme-transparent-header-meta":"default","adv-header-id-meta":"","stick-header-meta":"","header-above-stick-meta":"","header-main-stick-meta":"","header-below-stick-meta":"","astra-migrate-meta-layouts":"set","ast-page-background-enabled":"default","ast-page-background-meta":{"desktop":{"background-color":"","background-image":"","background-repeat":"repeat","background-position":"center center","background-size":"auto","background-attachment":"scroll","background-type":"","background-media":"","overlay-type":"","overlay-color":"","overlay-opacity":"","overlay-gradient":""},"tablet":{"background-color":"","background-image":"","background-repeat":"repeat","background-position":"center center","background-size":"auto","background-attachment":"scroll","background-type":"","background-media":"","overlay-type":"","overlay-color":"","overlay-opacity":"","overlay-gradient":""},"mobile":{"background-color":"","background-image":"","background-repeat":"repeat","background-position":"center center","background-size":"auto","background-attachment":"scroll","background-type":"","background-media":"","overlay-type":"","overlay-color":"","overlay-opacity":"","overlay-gradient":""}},"ast-content-background-meta":{"desktop":{"background-color":"var(--ast-global-color-4)","background-image":"","background-repeat":"repeat","background-position":"center center","background-size":"auto","background-attachment":"scroll","background-type":"","background-media":"","overlay-type":"","overlay-color":"","overlay-opacity":"","overlay-gradient":""},"tablet":{"background-color":"var(--ast-global-color-4)","background-image":"","background-repeat":"repeat","background-position":"center center","background-size":"auto","background-attachment":"scroll","background-type":"","background-media":"","overlay-type":"","overlay-color":"","overlay-opacity":"","overlay-gradient":""},"mobile":{"background-color":"var(--ast-global-color-4)","background-image":"","background-repeat":"repeat","background-position":"center center","background-size":"auto","background-attachment":"scroll","background-type":"","background-media":"","overlay-type":"","overlay-color":"","overlay-opacity":"","overlay-gradient":""}}},"product_brand":[],"product_cat":[1085],"product_tag":[5841,5842,5840,4371,1437,5839,1809,5789],"class_list":{"0":"post-13346","1":"product","2":"type-product","3":"status-publish","4":"has-post-thumbnail","6":"product_cat-poezija","7":"product_tag-poezijos-pavasaris","8":"product_tag-5842","9":"product_tag-anglakalbe","10":"product_tag-eilerasciai","11":"product_tag-klasika","12":"product_tag-lionginas-pazusis","13":"product_tag-poezija","14":"product_tag-vertejas","15":"desktop-align-left","16":"tablet-align-left","17":"mobile-align-left","19":"first","20":"instock","21":"shipping-taxable","22":"purchasable","23":"product-type-simple"},"acf":[],"yoast_head":"<!-- This site is optimized with the Yoast SEO plugin v27.0 - https:\/\/yoast.com\/product\/yoast-seo-wordpress\/ -->\n<title>Klasikin\u0117s anglakalb\u0117s poezijos perlai. Prarastojo rojaus ilgesys (mini d\u0117mel\u0117 apa\u010dioje)<\/title>\n<meta name=\"description\" content=\"\u0160\u012f dvikalb\u012f klasikin\u0117s anglakalb\u0117s poezijos rinkin\u012f sudaro 25 angl\u0173, airi\u0173, \u0161kot\u0173 ir vieno amerikie\u010di\u0173 poeto k\u016briniai, i\u0161rikiuoti chronologine seka\" \/>\n<meta name=\"robots\" content=\"index, follow, max-snippet:-1, max-image-preview:large, max-video-preview:-1\" \/>\n<link rel=\"canonical\" href=\"https:\/\/skaitytaknyga.lt\/en\/produktas\/klasikines-anglakalbes-poezijos-perlai-prarastojo-rojaus-ilgesys\/\" \/>\n<meta property=\"og:locale\" content=\"en_GB\" \/>\n<meta property=\"og:locale:alternate\" content=\"lt_LT\" \/>\n<meta property=\"og:type\" content=\"article\" \/>\n<meta property=\"og:title\" content=\"Klasikin\u0117s anglakalb\u0117s poezijos perlai. Prarastojo rojaus ilgesys (mini d\u0117mel\u0117 apa\u010dioje)\" \/>\n<meta property=\"og:description\" content=\"\u0160\u012f dvikalb\u012f klasikin\u0117s anglakalb\u0117s poezijos rinkin\u012f sudaro 25 angl\u0173, airi\u0173, \u0161kot\u0173 ir vieno amerikie\u010di\u0173 poeto k\u016briniai, i\u0161rikiuoti chronologine seka\" \/>\n<meta property=\"og:url\" content=\"https:\/\/skaitytaknyga.lt\/en\/produktas\/klasikines-anglakalbes-poezijos-perlai-prarastojo-rojaus-ilgesys\/\" \/>\n<meta property=\"og:site_name\" content=\"Skaitytaknyga\" \/>\n<meta property=\"article:publisher\" content=\"https:\/\/www.facebook.com\/skaitytaknyga\/\" \/>\n<meta property=\"article:modified_time\" content=\"2025-06-26T12:39:19+00:00\" \/>\n<meta property=\"og:image\" content=\"https:\/\/skaitytaknyga.lt\/wp-content\/uploads\/2024\/07\/klasikines-anglakalbes-poezijos-perlai-prarastojo-rojaus-ilgesys.jpg\" \/>\n\t<meta property=\"og:image:width\" content=\"443\" \/>\n\t<meta property=\"og:image:height\" content=\"686\" \/>\n\t<meta property=\"og:image:type\" content=\"image\/jpeg\" \/>\n<meta name=\"twitter:card\" content=\"summary_large_image\" \/>\n<meta name=\"twitter:label1\" content=\"Estimated reading time\" \/>\n\t<meta name=\"twitter:data1\" content=\"1 minute\" \/>\n<script type=\"application\/ld+json\" class=\"yoast-schema-graph\">{\"@context\":\"https:\/\/schema.org\",\"@graph\":[{\"@type\":\"WebPage\",\"@id\":\"https:\/\/skaitytaknyga.lt\/produktas\/klasikines-anglakalbes-poezijos-perlai-prarastojo-rojaus-ilgesys\/\",\"url\":\"https:\/\/skaitytaknyga.lt\/produktas\/klasikines-anglakalbes-poezijos-perlai-prarastojo-rojaus-ilgesys\/\",\"name\":\"Klasikin\u0117s anglakalb\u0117s poezijos perlai. Prarastojo rojaus ilgesys (mini d\u0117mel\u0117 apa\u010dioje)\",\"isPartOf\":{\"@id\":\"https:\/\/skaitytaknyga.lt\/#website\"},\"primaryImageOfPage\":{\"@id\":\"https:\/\/skaitytaknyga.lt\/produktas\/klasikines-anglakalbes-poezijos-perlai-prarastojo-rojaus-ilgesys\/#primaryimage\"},\"image\":{\"@id\":\"https:\/\/skaitytaknyga.lt\/produktas\/klasikines-anglakalbes-poezijos-perlai-prarastojo-rojaus-ilgesys\/#primaryimage\"},\"thumbnailUrl\":\"https:\/\/skaitytaknyga.lt\/wp-content\/uploads\/2024\/07\/klasikines-anglakalbes-poezijos-perlai-prarastojo-rojaus-ilgesys.jpg\",\"datePublished\":\"2024-07-28T09:13:36+00:00\",\"dateModified\":\"2025-06-26T12:39:19+00:00\",\"description\":\"\u0160\u012f dvikalb\u012f klasikin\u0117s anglakalb\u0117s poezijos rinkin\u012f sudaro 25 angl\u0173, airi\u0173, \u0161kot\u0173 ir vieno amerikie\u010di\u0173 poeto k\u016briniai, i\u0161rikiuoti chronologine seka\",\"breadcrumb\":{\"@id\":\"https:\/\/skaitytaknyga.lt\/produktas\/klasikines-anglakalbes-poezijos-perlai-prarastojo-rojaus-ilgesys\/#breadcrumb\"},\"inLanguage\":\"en-GB\",\"potentialAction\":[{\"@type\":\"ReadAction\",\"target\":[\"https:\/\/skaitytaknyga.lt\/produktas\/klasikines-anglakalbes-poezijos-perlai-prarastojo-rojaus-ilgesys\/\"]}]},{\"@type\":\"ImageObject\",\"inLanguage\":\"en-GB\",\"@id\":\"https:\/\/skaitytaknyga.lt\/produktas\/klasikines-anglakalbes-poezijos-perlai-prarastojo-rojaus-ilgesys\/#primaryimage\",\"url\":\"https:\/\/skaitytaknyga.lt\/wp-content\/uploads\/2024\/07\/klasikines-anglakalbes-poezijos-perlai-prarastojo-rojaus-ilgesys.jpg\",\"contentUrl\":\"https:\/\/skaitytaknyga.lt\/wp-content\/uploads\/2024\/07\/klasikines-anglakalbes-poezijos-perlai-prarastojo-rojaus-ilgesys.jpg\",\"width\":443,\"height\":686,\"caption\":\"Klasikin\u0117s anglakalb\u0117s poezijos perlai. Prarastojo rojaus ilgesys\"},{\"@type\":\"BreadcrumbList\",\"@id\":\"https:\/\/skaitytaknyga.lt\/produktas\/klasikines-anglakalbes-poezijos-perlai-prarastojo-rojaus-ilgesys\/#breadcrumb\",\"itemListElement\":[{\"@type\":\"ListItem\",\"position\":1,\"name\":\"Home\",\"item\":\"https:\/\/skaitytaknyga.lt\/\"},{\"@type\":\"ListItem\",\"position\":2,\"name\":\"Parduotuv\u0117\",\"item\":\"https:\/\/skaitytaknyga.lt\/knygu-parduotuve\/\"},{\"@type\":\"ListItem\",\"position\":3,\"name\":\"Klasikin\u0117s anglakalb\u0117s poezijos perlai. Prarastojo rojaus ilgesys (mini d\u0117mel\u0117 apa\u010dioje)\"}]},{\"@type\":\"WebSite\",\"@id\":\"https:\/\/skaitytaknyga.lt\/#website\",\"url\":\"https:\/\/skaitytaknyga.lt\/\",\"name\":\"skaitytaknyga.lt\",\"description\":\"Skaitytaknyga.lt \u2013 tai ma\u017eas \u0161eimos verslas, kuris prasid\u0117jo nuo meil\u0117s knygoms ir siekio i\u0161gelb\u0117ti knygas nuo likimo prie konteinerio. Kas vienam nereikalingas daiktas \u2013 kitam lobis, o mes esame tarpininkai, kurie padeda abiems tapti laimingesniems ???? \u017dinome kaip nelengva i\u0161gyventi ma\u017eiems verslams, tad nuo \u0161iol, \u010dia rasite ir kit\u0173, ma\u017e\u0173 \u0161eim\u0173 versl\u0173, rank\u0173 darbo, dovan\u0173 sau ir artimiesiems.\",\"publisher\":{\"@id\":\"https:\/\/skaitytaknyga.lt\/#organization\"},\"potentialAction\":[{\"@type\":\"SearchAction\",\"target\":{\"@type\":\"EntryPoint\",\"urlTemplate\":\"https:\/\/skaitytaknyga.lt\/?s={search_term_string}\"},\"query-input\":{\"@type\":\"PropertyValueSpecification\",\"valueRequired\":true,\"valueName\":\"search_term_string\"}}],\"inLanguage\":\"en-GB\"},{\"@type\":\"Organization\",\"@id\":\"https:\/\/skaitytaknyga.lt\/#organization\",\"name\":\"skaitytaknyga.lt\",\"url\":\"https:\/\/skaitytaknyga.lt\/\",\"logo\":{\"@type\":\"ImageObject\",\"inLanguage\":\"en-GB\",\"@id\":\"https:\/\/skaitytaknyga.lt\/#\/schema\/logo\/image\/\",\"url\":\"https:\/\/skaitytaknyga.lt\/wp-content\/uploads\/2024\/05\/cropped-cropped-cropped-02_00843_jt3bggkj1j3HLc7SyY6rEUpg.jpeg\",\"contentUrl\":\"https:\/\/skaitytaknyga.lt\/wp-content\/uploads\/2024\/05\/cropped-cropped-cropped-02_00843_jt3bggkj1j3HLc7SyY6rEUpg.jpeg\",\"width\":1600,\"height\":1600,\"caption\":\"skaitytaknyga.lt\"},\"image\":{\"@id\":\"https:\/\/skaitytaknyga.lt\/#\/schema\/logo\/image\/\"},\"sameAs\":[\"https:\/\/www.facebook.com\/skaitytaknyga\/\"]}]}<\/script>\n<!-- \/ Yoast SEO plugin. -->","yoast_head_json":{"title":"Klasikin\u0117s anglakalb\u0117s poezijos perlai. Prarastojo rojaus ilgesys (mini d\u0117mel\u0117 apa\u010dioje)","description":"\u0160\u012f dvikalb\u012f klasikin\u0117s anglakalb\u0117s poezijos rinkin\u012f sudaro 25 angl\u0173, airi\u0173, \u0161kot\u0173 ir vieno amerikie\u010di\u0173 poeto k\u016briniai, i\u0161rikiuoti chronologine seka","robots":{"index":"index","follow":"follow","max-snippet":"max-snippet:-1","max-image-preview":"max-image-preview:large","max-video-preview":"max-video-preview:-1"},"canonical":"https:\/\/skaitytaknyga.lt\/en\/produktas\/klasikines-anglakalbes-poezijos-perlai-prarastojo-rojaus-ilgesys\/","og_locale":"en_GB","og_type":"article","og_title":"[:lt]Klasikin\u0117s anglakalb\u0117s poezijos perlai. Prarastojo rojaus ilgesys (mini d\u0117mel\u0117 apa\u010dioje)[:] - Skaitytaknyga","og_description":"\u0160\u012f dvikalb\u012f klasikin\u0117s anglakalb\u0117s poezijos rinkin\u012f sudaro 25 angl\u0173, airi\u0173, \u0161kot\u0173 ir vieno amerikie\u010di\u0173 poeto k\u016briniai, i\u0161rikiuoti chronologine seka","og_url":"https:\/\/skaitytaknyga.lt\/en\/produktas\/klasikines-anglakalbes-poezijos-perlai-prarastojo-rojaus-ilgesys\/","og_site_name":"Skaitytaknyga","article_publisher":"https:\/\/www.facebook.com\/skaitytaknyga\/","article_modified_time":"2025-06-26T12:39:19+00:00","og_image":[{"width":443,"height":686,"url":"https:\/\/skaitytaknyga.lt\/wp-content\/uploads\/2024\/07\/klasikines-anglakalbes-poezijos-perlai-prarastojo-rojaus-ilgesys.jpg","type":"image\/jpeg"}],"twitter_card":"summary_large_image","twitter_misc":{"Estimated reading time":"1 minute"},"schema":{"@context":"https:\/\/schema.org","@graph":[{"@type":"WebPage","@id":"https:\/\/skaitytaknyga.lt\/produktas\/klasikines-anglakalbes-poezijos-perlai-prarastojo-rojaus-ilgesys\/","url":"https:\/\/skaitytaknyga.lt\/produktas\/klasikines-anglakalbes-poezijos-perlai-prarastojo-rojaus-ilgesys\/","name":"Klasikin\u0117s anglakalb\u0117s poezijos perlai. Prarastojo rojaus ilgesys (mini d\u0117mel\u0117 apa\u010dioje)","isPartOf":{"@id":"https:\/\/skaitytaknyga.lt\/#website"},"primaryImageOfPage":{"@id":"https:\/\/skaitytaknyga.lt\/produktas\/klasikines-anglakalbes-poezijos-perlai-prarastojo-rojaus-ilgesys\/#primaryimage"},"image":{"@id":"https:\/\/skaitytaknyga.lt\/produktas\/klasikines-anglakalbes-poezijos-perlai-prarastojo-rojaus-ilgesys\/#primaryimage"},"thumbnailUrl":"https:\/\/skaitytaknyga.lt\/wp-content\/uploads\/2024\/07\/klasikines-anglakalbes-poezijos-perlai-prarastojo-rojaus-ilgesys.jpg","datePublished":"2024-07-28T09:13:36+00:00","dateModified":"2025-06-26T12:39:19+00:00","description":"\u0160\u012f dvikalb\u012f klasikin\u0117s anglakalb\u0117s poezijos rinkin\u012f sudaro 25 angl\u0173, airi\u0173, \u0161kot\u0173 ir vieno amerikie\u010di\u0173 poeto k\u016briniai, i\u0161rikiuoti chronologine seka","breadcrumb":{"@id":"https:\/\/skaitytaknyga.lt\/produktas\/klasikines-anglakalbes-poezijos-perlai-prarastojo-rojaus-ilgesys\/#breadcrumb"},"inLanguage":"en-GB","potentialAction":[{"@type":"ReadAction","target":["https:\/\/skaitytaknyga.lt\/produktas\/klasikines-anglakalbes-poezijos-perlai-prarastojo-rojaus-ilgesys\/"]}]},{"@type":"ImageObject","inLanguage":"en-GB","@id":"https:\/\/skaitytaknyga.lt\/produktas\/klasikines-anglakalbes-poezijos-perlai-prarastojo-rojaus-ilgesys\/#primaryimage","url":"https:\/\/skaitytaknyga.lt\/wp-content\/uploads\/2024\/07\/klasikines-anglakalbes-poezijos-perlai-prarastojo-rojaus-ilgesys.jpg","contentUrl":"https:\/\/skaitytaknyga.lt\/wp-content\/uploads\/2024\/07\/klasikines-anglakalbes-poezijos-perlai-prarastojo-rojaus-ilgesys.jpg","width":443,"height":686,"caption":"Klasikin\u0117s anglakalb\u0117s poezijos perlai. Prarastojo rojaus ilgesys"},{"@type":"BreadcrumbList","@id":"https:\/\/skaitytaknyga.lt\/produktas\/klasikines-anglakalbes-poezijos-perlai-prarastojo-rojaus-ilgesys\/#breadcrumb","itemListElement":[{"@type":"ListItem","position":1,"name":"Home","item":"https:\/\/skaitytaknyga.lt\/"},{"@type":"ListItem","position":2,"name":"Parduotuv\u0117","item":"https:\/\/skaitytaknyga.lt\/knygu-parduotuve\/"},{"@type":"ListItem","position":3,"name":"Klasikin\u0117s anglakalb\u0117s poezijos perlai. Prarastojo rojaus ilgesys (mini d\u0117mel\u0117 apa\u010dioje)"}]},{"@type":"WebSite","@id":"https:\/\/skaitytaknyga.lt\/#website","url":"https:\/\/skaitytaknyga.lt\/","name":"skaitytaknyga.lt","description":"Skaitytaknyga.lt \u2013 tai ma\u017eas \u0161eimos verslas, kuris prasid\u0117jo nuo meil\u0117s knygoms ir siekio i\u0161gelb\u0117ti knygas nuo likimo prie konteinerio. Kas vienam nereikalingas daiktas \u2013 kitam lobis, o mes esame tarpininkai, kurie padeda abiems tapti laimingesniems ???? \u017dinome kaip nelengva i\u0161gyventi ma\u017eiems verslams, tad nuo \u0161iol, \u010dia rasite ir kit\u0173, ma\u017e\u0173 \u0161eim\u0173 versl\u0173, rank\u0173 darbo, dovan\u0173 sau ir artimiesiems.","publisher":{"@id":"https:\/\/skaitytaknyga.lt\/#organization"},"potentialAction":[{"@type":"SearchAction","target":{"@type":"EntryPoint","urlTemplate":"https:\/\/skaitytaknyga.lt\/?s={search_term_string}"},"query-input":{"@type":"PropertyValueSpecification","valueRequired":true,"valueName":"search_term_string"}}],"inLanguage":"en-GB"},{"@type":"Organization","@id":"https:\/\/skaitytaknyga.lt\/#organization","name":"skaitytaknyga.lt","url":"https:\/\/skaitytaknyga.lt\/","logo":{"@type":"ImageObject","inLanguage":"en-GB","@id":"https:\/\/skaitytaknyga.lt\/#\/schema\/logo\/image\/","url":"https:\/\/skaitytaknyga.lt\/wp-content\/uploads\/2024\/05\/cropped-cropped-cropped-02_00843_jt3bggkj1j3HLc7SyY6rEUpg.jpeg","contentUrl":"https:\/\/skaitytaknyga.lt\/wp-content\/uploads\/2024\/05\/cropped-cropped-cropped-02_00843_jt3bggkj1j3HLc7SyY6rEUpg.jpeg","width":1600,"height":1600,"caption":"skaitytaknyga.lt"},"image":{"@id":"https:\/\/skaitytaknyga.lt\/#\/schema\/logo\/image\/"},"sameAs":["https:\/\/www.facebook.com\/skaitytaknyga\/"]}]}},"_links":{"self":[{"href":"https:\/\/skaitytaknyga.lt\/en\/wp-json\/wp\/v2\/product\/13346","targetHints":{"allow":["GET"]}}],"collection":[{"href":"https:\/\/skaitytaknyga.lt\/en\/wp-json\/wp\/v2\/product"}],"about":[{"href":"https:\/\/skaitytaknyga.lt\/en\/wp-json\/wp\/v2\/types\/product"}],"replies":[{"embeddable":true,"href":"https:\/\/skaitytaknyga.lt\/en\/wp-json\/wp\/v2\/comments?post=13346"}],"wp:featuredmedia":[{"embeddable":true,"href":"https:\/\/skaitytaknyga.lt\/en\/wp-json\/wp\/v2\/media\/13347"}],"wp:attachment":[{"href":"https:\/\/skaitytaknyga.lt\/en\/wp-json\/wp\/v2\/media?parent=13346"}],"wp:term":[{"taxonomy":"product_brand","embeddable":true,"href":"https:\/\/skaitytaknyga.lt\/en\/wp-json\/wp\/v2\/product_brand?post=13346"},{"taxonomy":"product_cat","embeddable":true,"href":"https:\/\/skaitytaknyga.lt\/en\/wp-json\/wp\/v2\/product_cat?post=13346"},{"taxonomy":"product_tag","embeddable":true,"href":"https:\/\/skaitytaknyga.lt\/en\/wp-json\/wp\/v2\/product_tag?post=13346"}],"curies":[{"name":"wp","href":"https:\/\/api.w.org\/{rel}","templated":true}]}}