{"id":13344,"date":"2024-07-28T12:04:22","date_gmt":"2024-07-28T09:04:22","guid":{"rendered":"https:\/\/skaitytaknyga.lt\/?post_type=product&#038;p=13344"},"modified":"2025-05-14T10:40:09","modified_gmt":"2025-05-14T07:40:09","slug":"kaip-atskleisti-jusu-pasamones-galias","status":"publish","type":"product","link":"https:\/\/skaitytaknyga.lt\/en\/produktas\/kaip-atskleisti-jusu-pasamones-galias\/","title":{"rendered":"Kaip atskleisti j\u016bs\u0173 pas\u0105mon\u0117s galias"},"content":{"rendered":"<p>S\u0117km\u0117s paslaptis n\u0117ra jokia paslaptis. Ji \u017einoma ir taikoma t\u016bkstan\u010dius met\u0173. Did\u017eiausi\u0105 s\u0117km\u0119 istorijoje pasiekia ne tos asmenyb\u0117s, kurios nuolankiai susitaiko su jas supan\u010dia tikrove, o tos, kurios svajoja apie geresn\u0119 tikrov\u0119 ir taip nuo\u0161ird\u017eiai ja tiki, kad i\u0161 tikr\u0173j\u0173 sugeba sukurti nauj\u0105 realyb\u0119 \u2013 pakeisti aplink egzistuojant\u012f pasaul\u012f.<\/p>\n<p>\u0160i knyga \u2013 tai j\u016bs\u0173 asmeninis vadovas \u012f laimingesn\u012f, turtingesn\u012f, daugiau d\u017eiaugsmo teikiant\u012f gyvenim\u0105. Vadovaukit\u0117s \u010dia pateiktais patarimais ir daugiau nesijauskite aplinkybi\u0173 auka. Tapkite savo likimo kalviu. Su\u017einokite, kaip \u012fkinkyti savo proto galias ir nei\u0161semiamus jus supan\u010dius i\u0161teklius, kad gal\u0117tum\u0117te b\u016bti, daryti ir gauti visk\u0105, ko trok\u0161tate, k\u0105 \u012fsivaizduojate ir kuo tikite.<\/p>\n<p>\u2022\u00a0Su\u017einokite, kaip tro\u0161kimai, vaizduot\u0117 ir tik\u0117jimas gali pad\u0117ti jums sukurti savo nauj\u0105j\u0105 tikrov\u0119.<br \/>\n\u2022\u00a0Susipa\u017einkite su meditavimo pagrindais.<br \/>\n\u2022\u00a0I\u0161bandykite 52 savait\u0117ms skirtas afirmacijas, kurios suteiks jums galimyb\u0119 visapusi\u0161kai pagerinti savo gyvenim\u0105.<br \/>\n\u2022\u00a0I\u0161m\u0117ginkite metodus, pad\u0117sian\u010dius perduoti mintis pas\u0105monei ir i\u0161gryninti savo vizij\u0105.<br \/>\n\u2022\u00a0I\u0161laisvinkite jumyse slypin\u010di\u0105 Neribot\u0105 Gali\u0105.<\/p>\n<p>J\u016bs turite ne\u012ftik\u0117tin\u0105 potencial\u0105 b\u016bti, daryti ir gauti visk\u0105, ko norite, k\u0105 \u012fsivaizduojate ir kuo i\u0161 tikro tikite. D\u017eozefas Merfis, bestselerio \u201eJ\u016bs\u0173 pas\u0105mon\u0117s galia\u201c autorius, filosofijos ir teologijos daktaras, yra pripa\u017eintas viena i\u0161 svarbiausi\u0173 asmenybi\u0173, paveikusi\u0173 vadinam\u0105j\u012f \u017emogi\u0161ko potencialo jud\u0117jim\u0105. Beveik tris de\u0161imtme\u010dius jis buvo Dievi\u0161kojo mokslo ba\u017eny\u010dios Los And\u017eele vadovas ir pastorius, be to, para\u0161\u0117 per trisde\u0161imt knyg\u0173, jos i\u0161verstos \u012f daugyb\u0119 pasaulio kalb\u0173 ir parduotos de\u0161imtimis milijon\u0173 egzempliori\u0173.<\/p>\n<ul class=\"details-list mt5\">\n<li>Pavadinimas originalo kalba:\u00a052 Weekly Affirmations: Techniques to Unleash the Power of Your Subconscious Min<\/li>\n<li>Autorius:\u00a0<a href=\"https:\/\/skaitytaknyga.lt\/?s=murphy&#038;post_type=product&#038;dgwt_wcas=1\">Joseph Murphy<\/a><\/li>\n<li>Leid\u0117jas:\u00a0Alma littera<\/li>\n<li>I\u0161leidimo metai:\u00a02024<\/li>\n<li>Knygos puslapi\u0173 skai\u010dius:\u00a0320<\/li>\n<li>Formatas:\u00a013&#215;20, kieti vir\u0161eliai<\/li>\n<li>ISBN ar kodas:\u00a09786090159101<\/li>\n<li>Vert\u0117jas:\u00a0Jurgita Vy\u0161niauskien\u0117<\/li>\n<li>I\u0161 kokios kalbos versta:\u00a0angl\u0173<\/li>\n<\/ul>\n","protected":false},"excerpt":{"rendered":"<p>S\u0117km\u0117s paslaptis n\u0117ra jokia paslaptis. Ji \u017einoma ir taikoma t\u016bkstan\u010dius met\u0173. Did\u017eiausi\u0105 s\u0117km\u0119 istorijoje pasiekia ne tos asmenyb\u0117s, kurios nuolankiai susitaiko su jas supan\u010dia tikrove, o tos, kurios svajoja apie geresn\u0119 tikrov\u0119 ir taip nuo\u0161ird\u017eiai ja tiki, kad i\u0161 tikr\u0173j\u0173 sugeba sukurti nauj\u0105 realyb\u0119 \u2013 pakeisti aplink egzistuojant\u012f pasaul\u012f. \u0160i knyga \u2013 tai j\u016bs\u0173 asmeninis vadovas \u012f laimingesn\u012f, turtingesn\u012f, daugiau d\u017eiaugsmo teikiant\u012f gyvenim\u0105. Vadovaukit\u0117s \u010dia pateiktais patarimais ir daugiau nesijauskite aplinkybi\u0173 auka. Tapkite savo likimo kalviu. Su\u017einokite, kaip \u012fkinkyti savo proto galias ir nei\u0161semiamus jus supan\u010dius i\u0161teklius, kad gal\u0117tum\u0117te b\u016bti, daryti ir gauti visk\u0105, ko trok\u0161tate, k\u0105 \u012fsivaizduojate ir kuo tikite. \u2022\u00a0Su\u017einokite, kaip tro\u0161kimai, vaizduot\u0117 ir tik\u0117jimas gali pad\u0117ti jums sukurti savo nauj\u0105j\u0105 tikrov\u0119. \u2022\u00a0Susipa\u017einkite su meditavimo pagrindais. \u2022\u00a0I\u0161bandykite 52 savait\u0117ms skirtas afirmacijas, kurios suteiks jums galimyb\u0119 visapusi\u0161kai pagerinti savo gyvenim\u0105. \u2022\u00a0I\u0161m\u0117ginkite metodus, pad\u0117sian\u010dius perduoti mintis pas\u0105monei ir i\u0161gryninti savo vizij\u0105. \u2022\u00a0I\u0161laisvinkite jumyse slypin\u010di\u0105 Neribot\u0105 Gali\u0105. J\u016bs turite ne\u012ftik\u0117tin\u0105 potencial\u0105 b\u016bti, daryti ir gauti visk\u0105, ko norite, k\u0105 \u012fsivaizduojate ir kuo i\u0161 tikro tikite. D\u017eozefas Merfis, bestselerio \u201eJ\u016bs\u0173 pas\u0105mon\u0117s galia\u201c autorius, filosofijos ir teologijos daktaras, yra pripa\u017eintas viena i\u0161 svarbiausi\u0173 asmenybi\u0173, paveikusi\u0173 vadinam\u0105j\u012f \u017emogi\u0161ko potencialo jud\u0117jim\u0105. Beveik tris de\u0161imtme\u010dius jis buvo Dievi\u0161kojo mokslo ba\u017eny\u010dios Los And\u017eele vadovas ir pastorius, be to, para\u0161\u0117 per trisde\u0161imt knyg\u0173, jos i\u0161verstos \u012f daugyb\u0119 pasaulio kalb\u0173 ir parduotos de\u0161imtimis milijon\u0173 egzempliori\u0173. Pavadinimas originalo kalba:\u00a052 Weekly Affirmations: Techniques to Unleash the Power of Your Subconscious Min Autorius:\u00a0Joseph Murphy Leid\u0117jas:\u00a0Alma littera I\u0161leidimo metai:\u00a02024 Knygos puslapi\u0173 skai\u010dius:\u00a0320 Formatas:\u00a013&#215;20, kieti vir\u0161eliai ISBN ar kodas:\u00a09786090159101 Vert\u0117jas:\u00a0Jurgita Vy\u0161niauskien\u0117 I\u0161 kokios kalbos versta:\u00a0angl\u0173<\/p>\n","protected":false},"featured_media":13345,"comment_status":"closed","ping_status":"closed","template":"","meta":{"_acf_changed":false,"site-sidebar-layout":"default","site-content-layout":"","ast-site-content-layout":"default","site-content-style":"default","site-sidebar-style":"default","ast-global-header-display":"","ast-banner-title-visibility":"","ast-main-header-display":"","ast-hfb-above-header-display":"","ast-hfb-below-header-display":"","ast-hfb-mobile-header-display":"","site-post-title":"","ast-breadcrumbs-content":"","ast-featured-img":"","footer-sml-layout":"","ast-disable-related-posts":"","theme-transparent-header-meta":"default","adv-header-id-meta":"","stick-header-meta":"","header-above-stick-meta":"","header-main-stick-meta":"","header-below-stick-meta":"","astra-migrate-meta-layouts":"set","ast-page-background-enabled":"default","ast-page-background-meta":{"desktop":{"background-color":"","background-image":"","background-repeat":"repeat","background-position":"center center","background-size":"auto","background-attachment":"scroll","background-type":"","background-media":"","overlay-type":"","overlay-color":"","overlay-opacity":"","overlay-gradient":""},"tablet":{"background-color":"","background-image":"","background-repeat":"repeat","background-position":"center center","background-size":"auto","background-attachment":"scroll","background-type":"","background-media":"","overlay-type":"","overlay-color":"","overlay-opacity":"","overlay-gradient":""},"mobile":{"background-color":"","background-image":"","background-repeat":"repeat","background-position":"center center","background-size":"auto","background-attachment":"scroll","background-type":"","background-media":"","overlay-type":"","overlay-color":"","overlay-opacity":"","overlay-gradient":""}},"ast-content-background-meta":{"desktop":{"background-color":"var(--ast-global-color-4)","background-image":"","background-repeat":"repeat","background-position":"center center","background-size":"auto","background-attachment":"scroll","background-type":"","background-media":"","overlay-type":"","overlay-color":"","overlay-opacity":"","overlay-gradient":""},"tablet":{"background-color":"var(--ast-global-color-4)","background-image":"","background-repeat":"repeat","background-position":"center center","background-size":"auto","background-attachment":"scroll","background-type":"","background-media":"","overlay-type":"","overlay-color":"","overlay-opacity":"","overlay-gradient":""},"mobile":{"background-color":"var(--ast-global-color-4)","background-image":"","background-repeat":"repeat","background-position":"center center","background-size":"auto","background-attachment":"scroll","background-type":"","background-media":"","overlay-type":"","overlay-color":"","overlay-opacity":"","overlay-gradient":""}}},"product_brand":[],"product_cat":[30],"product_tag":[1399,2508,2506,2504,2507,2505,1396],"class_list":{"0":"post-13344","1":"product","2":"type-product","3":"status-publish","4":"has-post-thumbnail","6":"product_cat-psichologija-ir-saviugda","7":"product_tag-asmeninis-tobulejimas","8":"product_tag-dvasine-raida","9":"product_tag-minties-galia","10":"product_tag-pasamone","11":"product_tag-pasamones-panaudojimas","12":"product_tag-protiniai-gebejimai","13":"product_tag-saviugda","14":"desktop-align-left","15":"tablet-align-left","16":"mobile-align-left","18":"first","19":"instock","20":"shipping-taxable","21":"purchasable","22":"product-type-simple"},"acf":[],"yoast_head":"<!-- This site is optimized with the Yoast SEO plugin v27.0 - https:\/\/yoast.com\/product\/yoast-seo-wordpress\/ -->\n<title>Kaip atskleisti j\u016bs\u0173 pas\u0105mon\u0117s galias<\/title>\n<meta name=\"description\" content=\"\u0160i knyga \u2013 tai j\u016bs\u0173 asmeninis vadovas \u012f laimingesn\u012f, turtingesn\u012f, daugiau d\u017eiaugsmo teikiant\u012f gyvenim\u0105. Vadovaukit\u0117s \u010dia pateiktais patarimais ir daugiau nesijauskite aplinkybi\u0173 auka.\" \/>\n<meta name=\"robots\" content=\"index, follow, max-snippet:-1, max-image-preview:large, max-video-preview:-1\" \/>\n<link rel=\"canonical\" href=\"https:\/\/skaitytaknyga.lt\/en\/produktas\/kaip-atskleisti-jusu-pasamones-galias\/\" \/>\n<meta property=\"og:locale\" content=\"en_GB\" \/>\n<meta property=\"og:locale:alternate\" content=\"lt_LT\" \/>\n<meta property=\"og:type\" content=\"article\" \/>\n<meta property=\"og:title\" content=\"Kaip atskleisti j\u016bs\u0173 pas\u0105mon\u0117s galias\" \/>\n<meta property=\"og:description\" content=\"\u0160i knyga \u2013 tai j\u016bs\u0173 asmeninis vadovas \u012f laimingesn\u012f, turtingesn\u012f, daugiau d\u017eiaugsmo teikiant\u012f gyvenim\u0105. Vadovaukit\u0117s \u010dia pateiktais patarimais ir daugiau nesijauskite aplinkybi\u0173 auka.\" \/>\n<meta property=\"og:url\" content=\"https:\/\/skaitytaknyga.lt\/en\/produktas\/kaip-atskleisti-jusu-pasamones-galias\/\" \/>\n<meta property=\"og:site_name\" content=\"Skaitytaknyga\" \/>\n<meta property=\"article:publisher\" content=\"https:\/\/www.facebook.com\/skaitytaknyga\/\" \/>\n<meta property=\"article:modified_time\" content=\"2025-05-14T07:40:09+00:00\" \/>\n<meta property=\"og:image\" content=\"https:\/\/skaitytaknyga.lt\/wp-content\/uploads\/2024\/07\/000000000011002092-3-1-4-e-314e618414ef1ecec5e18200ba73c5bc5fa1018b_kaip_atskleisti_jusu_pasamones_galias.webp\" \/>\n\t<meta property=\"og:image:width\" content=\"415\" \/>\n\t<meta property=\"og:image:height\" content=\"600\" \/>\n\t<meta property=\"og:image:type\" content=\"image\/webp\" \/>\n<meta name=\"twitter:card\" content=\"summary_large_image\" \/>\n<meta name=\"twitter:label1\" content=\"Estimated reading time\" \/>\n\t<meta name=\"twitter:data1\" content=\"2 minutes\" \/>\n<script type=\"application\/ld+json\" class=\"yoast-schema-graph\">{\"@context\":\"https:\/\/schema.org\",\"@graph\":[{\"@type\":\"WebPage\",\"@id\":\"https:\/\/skaitytaknyga.lt\/produktas\/kaip-atskleisti-jusu-pasamones-galias\/\",\"url\":\"https:\/\/skaitytaknyga.lt\/produktas\/kaip-atskleisti-jusu-pasamones-galias\/\",\"name\":\"Kaip atskleisti j\u016bs\u0173 pas\u0105mon\u0117s galias\",\"isPartOf\":{\"@id\":\"https:\/\/skaitytaknyga.lt\/#website\"},\"primaryImageOfPage\":{\"@id\":\"https:\/\/skaitytaknyga.lt\/produktas\/kaip-atskleisti-jusu-pasamones-galias\/#primaryimage\"},\"image\":{\"@id\":\"https:\/\/skaitytaknyga.lt\/produktas\/kaip-atskleisti-jusu-pasamones-galias\/#primaryimage\"},\"thumbnailUrl\":\"https:\/\/skaitytaknyga.lt\/wp-content\/uploads\/2024\/07\/000000000011002092-3-1-4-e-314e618414ef1ecec5e18200ba73c5bc5fa1018b_kaip_atskleisti_jusu_pasamones_galias.webp\",\"datePublished\":\"2024-07-28T09:04:22+00:00\",\"dateModified\":\"2025-05-14T07:40:09+00:00\",\"description\":\"\u0160i knyga \u2013 tai j\u016bs\u0173 asmeninis vadovas \u012f laimingesn\u012f, turtingesn\u012f, daugiau d\u017eiaugsmo teikiant\u012f gyvenim\u0105. Vadovaukit\u0117s \u010dia pateiktais patarimais ir daugiau nesijauskite aplinkybi\u0173 auka.\",\"breadcrumb\":{\"@id\":\"https:\/\/skaitytaknyga.lt\/produktas\/kaip-atskleisti-jusu-pasamones-galias\/#breadcrumb\"},\"inLanguage\":\"en-GB\",\"potentialAction\":[{\"@type\":\"ReadAction\",\"target\":[\"https:\/\/skaitytaknyga.lt\/produktas\/kaip-atskleisti-jusu-pasamones-galias\/\"]}]},{\"@type\":\"ImageObject\",\"inLanguage\":\"en-GB\",\"@id\":\"https:\/\/skaitytaknyga.lt\/produktas\/kaip-atskleisti-jusu-pasamones-galias\/#primaryimage\",\"url\":\"https:\/\/skaitytaknyga.lt\/wp-content\/uploads\/2024\/07\/000000000011002092-3-1-4-e-314e618414ef1ecec5e18200ba73c5bc5fa1018b_kaip_atskleisti_jusu_pasamones_galias.webp\",\"contentUrl\":\"https:\/\/skaitytaknyga.lt\/wp-content\/uploads\/2024\/07\/000000000011002092-3-1-4-e-314e618414ef1ecec5e18200ba73c5bc5fa1018b_kaip_atskleisti_jusu_pasamones_galias.webp\",\"width\":415,\"height\":600,\"caption\":\"Kaip atskleisti j\u016bs\u0173 pas\u0105mon\u0117s galias\"},{\"@type\":\"BreadcrumbList\",\"@id\":\"https:\/\/skaitytaknyga.lt\/produktas\/kaip-atskleisti-jusu-pasamones-galias\/#breadcrumb\",\"itemListElement\":[{\"@type\":\"ListItem\",\"position\":1,\"name\":\"Home\",\"item\":\"https:\/\/skaitytaknyga.lt\/\"},{\"@type\":\"ListItem\",\"position\":2,\"name\":\"Parduotuv\u0117\",\"item\":\"https:\/\/skaitytaknyga.lt\/knygu-parduotuve\/\"},{\"@type\":\"ListItem\",\"position\":3,\"name\":\"Kaip atskleisti j\u016bs\u0173 pas\u0105mon\u0117s galias\"}]},{\"@type\":\"WebSite\",\"@id\":\"https:\/\/skaitytaknyga.lt\/#website\",\"url\":\"https:\/\/skaitytaknyga.lt\/\",\"name\":\"skaitytaknyga.lt\",\"description\":\"Skaitytaknyga.lt \u2013 tai ma\u017eas \u0161eimos verslas, kuris prasid\u0117jo nuo meil\u0117s knygoms ir siekio i\u0161gelb\u0117ti knygas nuo likimo prie konteinerio. Kas vienam nereikalingas daiktas \u2013 kitam lobis, o mes esame tarpininkai, kurie padeda abiems tapti laimingesniems ???? \u017dinome kaip nelengva i\u0161gyventi ma\u017eiems verslams, tad nuo \u0161iol, \u010dia rasite ir kit\u0173, ma\u017e\u0173 \u0161eim\u0173 versl\u0173, rank\u0173 darbo, dovan\u0173 sau ir artimiesiems.\",\"publisher\":{\"@id\":\"https:\/\/skaitytaknyga.lt\/#organization\"},\"potentialAction\":[{\"@type\":\"SearchAction\",\"target\":{\"@type\":\"EntryPoint\",\"urlTemplate\":\"https:\/\/skaitytaknyga.lt\/?s={search_term_string}\"},\"query-input\":{\"@type\":\"PropertyValueSpecification\",\"valueRequired\":true,\"valueName\":\"search_term_string\"}}],\"inLanguage\":\"en-GB\"},{\"@type\":\"Organization\",\"@id\":\"https:\/\/skaitytaknyga.lt\/#organization\",\"name\":\"skaitytaknyga.lt\",\"url\":\"https:\/\/skaitytaknyga.lt\/\",\"logo\":{\"@type\":\"ImageObject\",\"inLanguage\":\"en-GB\",\"@id\":\"https:\/\/skaitytaknyga.lt\/#\/schema\/logo\/image\/\",\"url\":\"https:\/\/skaitytaknyga.lt\/wp-content\/uploads\/2024\/05\/cropped-cropped-cropped-02_00843_jt3bggkj1j3HLc7SyY6rEUpg.jpeg\",\"contentUrl\":\"https:\/\/skaitytaknyga.lt\/wp-content\/uploads\/2024\/05\/cropped-cropped-cropped-02_00843_jt3bggkj1j3HLc7SyY6rEUpg.jpeg\",\"width\":1600,\"height\":1600,\"caption\":\"skaitytaknyga.lt\"},\"image\":{\"@id\":\"https:\/\/skaitytaknyga.lt\/#\/schema\/logo\/image\/\"},\"sameAs\":[\"https:\/\/www.facebook.com\/skaitytaknyga\/\"]}]}<\/script>\n<!-- \/ Yoast SEO plugin. -->","yoast_head_json":{"title":"Kaip atskleisti j\u016bs\u0173 pas\u0105mon\u0117s galias","description":"\u0160i knyga \u2013 tai j\u016bs\u0173 asmeninis vadovas \u012f laimingesn\u012f, turtingesn\u012f, daugiau d\u017eiaugsmo teikiant\u012f gyvenim\u0105. Vadovaukit\u0117s \u010dia pateiktais patarimais ir daugiau nesijauskite aplinkybi\u0173 auka.","robots":{"index":"index","follow":"follow","max-snippet":"max-snippet:-1","max-image-preview":"max-image-preview:large","max-video-preview":"max-video-preview:-1"},"canonical":"https:\/\/skaitytaknyga.lt\/en\/produktas\/kaip-atskleisti-jusu-pasamones-galias\/","og_locale":"en_GB","og_type":"article","og_title":"[:lt]Kaip atskleisti j\u016bs\u0173 pas\u0105mon\u0117s galias[:] - Skaitytaknyga","og_description":"\u0160i knyga \u2013 tai j\u016bs\u0173 asmeninis vadovas \u012f laimingesn\u012f, turtingesn\u012f, daugiau d\u017eiaugsmo teikiant\u012f gyvenim\u0105. Vadovaukit\u0117s \u010dia pateiktais patarimais ir daugiau nesijauskite aplinkybi\u0173 auka.","og_url":"https:\/\/skaitytaknyga.lt\/en\/produktas\/kaip-atskleisti-jusu-pasamones-galias\/","og_site_name":"Skaitytaknyga","article_publisher":"https:\/\/www.facebook.com\/skaitytaknyga\/","article_modified_time":"2025-05-14T07:40:09+00:00","og_image":[{"width":415,"height":600,"url":"https:\/\/skaitytaknyga.lt\/wp-content\/uploads\/2024\/07\/000000000011002092-3-1-4-e-314e618414ef1ecec5e18200ba73c5bc5fa1018b_kaip_atskleisti_jusu_pasamones_galias.webp","type":"image\/webp"}],"twitter_card":"summary_large_image","twitter_misc":{"Estimated reading time":"2 minutes"},"schema":{"@context":"https:\/\/schema.org","@graph":[{"@type":"WebPage","@id":"https:\/\/skaitytaknyga.lt\/produktas\/kaip-atskleisti-jusu-pasamones-galias\/","url":"https:\/\/skaitytaknyga.lt\/produktas\/kaip-atskleisti-jusu-pasamones-galias\/","name":"Kaip atskleisti j\u016bs\u0173 pas\u0105mon\u0117s galias","isPartOf":{"@id":"https:\/\/skaitytaknyga.lt\/#website"},"primaryImageOfPage":{"@id":"https:\/\/skaitytaknyga.lt\/produktas\/kaip-atskleisti-jusu-pasamones-galias\/#primaryimage"},"image":{"@id":"https:\/\/skaitytaknyga.lt\/produktas\/kaip-atskleisti-jusu-pasamones-galias\/#primaryimage"},"thumbnailUrl":"https:\/\/skaitytaknyga.lt\/wp-content\/uploads\/2024\/07\/000000000011002092-3-1-4-e-314e618414ef1ecec5e18200ba73c5bc5fa1018b_kaip_atskleisti_jusu_pasamones_galias.webp","datePublished":"2024-07-28T09:04:22+00:00","dateModified":"2025-05-14T07:40:09+00:00","description":"\u0160i knyga \u2013 tai j\u016bs\u0173 asmeninis vadovas \u012f laimingesn\u012f, turtingesn\u012f, daugiau d\u017eiaugsmo teikiant\u012f gyvenim\u0105. Vadovaukit\u0117s \u010dia pateiktais patarimais ir daugiau nesijauskite aplinkybi\u0173 auka.","breadcrumb":{"@id":"https:\/\/skaitytaknyga.lt\/produktas\/kaip-atskleisti-jusu-pasamones-galias\/#breadcrumb"},"inLanguage":"en-GB","potentialAction":[{"@type":"ReadAction","target":["https:\/\/skaitytaknyga.lt\/produktas\/kaip-atskleisti-jusu-pasamones-galias\/"]}]},{"@type":"ImageObject","inLanguage":"en-GB","@id":"https:\/\/skaitytaknyga.lt\/produktas\/kaip-atskleisti-jusu-pasamones-galias\/#primaryimage","url":"https:\/\/skaitytaknyga.lt\/wp-content\/uploads\/2024\/07\/000000000011002092-3-1-4-e-314e618414ef1ecec5e18200ba73c5bc5fa1018b_kaip_atskleisti_jusu_pasamones_galias.webp","contentUrl":"https:\/\/skaitytaknyga.lt\/wp-content\/uploads\/2024\/07\/000000000011002092-3-1-4-e-314e618414ef1ecec5e18200ba73c5bc5fa1018b_kaip_atskleisti_jusu_pasamones_galias.webp","width":415,"height":600,"caption":"Kaip atskleisti j\u016bs\u0173 pas\u0105mon\u0117s galias"},{"@type":"BreadcrumbList","@id":"https:\/\/skaitytaknyga.lt\/produktas\/kaip-atskleisti-jusu-pasamones-galias\/#breadcrumb","itemListElement":[{"@type":"ListItem","position":1,"name":"Home","item":"https:\/\/skaitytaknyga.lt\/"},{"@type":"ListItem","position":2,"name":"Parduotuv\u0117","item":"https:\/\/skaitytaknyga.lt\/knygu-parduotuve\/"},{"@type":"ListItem","position":3,"name":"Kaip atskleisti j\u016bs\u0173 pas\u0105mon\u0117s galias"}]},{"@type":"WebSite","@id":"https:\/\/skaitytaknyga.lt\/#website","url":"https:\/\/skaitytaknyga.lt\/","name":"skaitytaknyga.lt","description":"Skaitytaknyga.lt \u2013 tai ma\u017eas \u0161eimos verslas, kuris prasid\u0117jo nuo meil\u0117s knygoms ir siekio i\u0161gelb\u0117ti knygas nuo likimo prie konteinerio. Kas vienam nereikalingas daiktas \u2013 kitam lobis, o mes esame tarpininkai, kurie padeda abiems tapti laimingesniems ???? \u017dinome kaip nelengva i\u0161gyventi ma\u017eiems verslams, tad nuo \u0161iol, \u010dia rasite ir kit\u0173, ma\u017e\u0173 \u0161eim\u0173 versl\u0173, rank\u0173 darbo, dovan\u0173 sau ir artimiesiems.","publisher":{"@id":"https:\/\/skaitytaknyga.lt\/#organization"},"potentialAction":[{"@type":"SearchAction","target":{"@type":"EntryPoint","urlTemplate":"https:\/\/skaitytaknyga.lt\/?s={search_term_string}"},"query-input":{"@type":"PropertyValueSpecification","valueRequired":true,"valueName":"search_term_string"}}],"inLanguage":"en-GB"},{"@type":"Organization","@id":"https:\/\/skaitytaknyga.lt\/#organization","name":"skaitytaknyga.lt","url":"https:\/\/skaitytaknyga.lt\/","logo":{"@type":"ImageObject","inLanguage":"en-GB","@id":"https:\/\/skaitytaknyga.lt\/#\/schema\/logo\/image\/","url":"https:\/\/skaitytaknyga.lt\/wp-content\/uploads\/2024\/05\/cropped-cropped-cropped-02_00843_jt3bggkj1j3HLc7SyY6rEUpg.jpeg","contentUrl":"https:\/\/skaitytaknyga.lt\/wp-content\/uploads\/2024\/05\/cropped-cropped-cropped-02_00843_jt3bggkj1j3HLc7SyY6rEUpg.jpeg","width":1600,"height":1600,"caption":"skaitytaknyga.lt"},"image":{"@id":"https:\/\/skaitytaknyga.lt\/#\/schema\/logo\/image\/"},"sameAs":["https:\/\/www.facebook.com\/skaitytaknyga\/"]}]}},"_links":{"self":[{"href":"https:\/\/skaitytaknyga.lt\/en\/wp-json\/wp\/v2\/product\/13344","targetHints":{"allow":["GET"]}}],"collection":[{"href":"https:\/\/skaitytaknyga.lt\/en\/wp-json\/wp\/v2\/product"}],"about":[{"href":"https:\/\/skaitytaknyga.lt\/en\/wp-json\/wp\/v2\/types\/product"}],"replies":[{"embeddable":true,"href":"https:\/\/skaitytaknyga.lt\/en\/wp-json\/wp\/v2\/comments?post=13344"}],"wp:featuredmedia":[{"embeddable":true,"href":"https:\/\/skaitytaknyga.lt\/en\/wp-json\/wp\/v2\/media\/13345"}],"wp:attachment":[{"href":"https:\/\/skaitytaknyga.lt\/en\/wp-json\/wp\/v2\/media?parent=13344"}],"wp:term":[{"taxonomy":"product_brand","embeddable":true,"href":"https:\/\/skaitytaknyga.lt\/en\/wp-json\/wp\/v2\/product_brand?post=13344"},{"taxonomy":"product_cat","embeddable":true,"href":"https:\/\/skaitytaknyga.lt\/en\/wp-json\/wp\/v2\/product_cat?post=13344"},{"taxonomy":"product_tag","embeddable":true,"href":"https:\/\/skaitytaknyga.lt\/en\/wp-json\/wp\/v2\/product_tag?post=13344"}],"curies":[{"name":"wp","href":"https:\/\/api.w.org\/{rel}","templated":true}]}}