{"id":13341,"date":"2024-07-28T11:55:26","date_gmt":"2024-07-28T08:55:26","guid":{"rendered":"https:\/\/skaitytaknyga.lt\/?post_type=product&#038;p=13341"},"modified":"2026-03-10T09:54:54","modified_gmt":"2026-03-10T07:54:54","slug":"h-wassmo-dinos-knyga","status":"publish","type":"product","link":"https:\/\/skaitytaknyga.lt\/en\/produktas\/h-wassmo-dinos-knyga\/","title":{"rendered":"Dinos knyga"},"content":{"rendered":"<p>Romanas apie i\u0161davyst\u0119 ir kalt\u0119, gaivali\u0161k\u0105 ir nepasotinamai jusling\u0105 moters prigimt\u012f. Baisus sukr\u0117timas, patirtas ankstyvoje vaikyst\u0117je, persekioja Din\u0105 vis\u0105 gyvenim\u0105, paveikia jos s\u0105mon\u0119. Rodos, \u0161altakrauji\u0161kai ji \u017eaid\u017eia aplinkini\u0173 \u017emoni\u0173 gyvenimais. Tuo tarpu pa\u010dios likim\u0105 valdo grie\u017eti ir negailestingi Senojo Testamento d\u0117sniai&#8230;<\/p>\n<ul class=\"about-product d-none d-xl-block mt-4\">\n<li><strong>Originalus pavadinimas:<\/strong>\u00a0Dinas bok<\/li>\n<li><strong>Autorius:<\/strong>\u00a0<a href=\"https:\/\/skaitytaknyga.lt\/?s=Wassmo&#038;post_type=product&#038;dgwt_wcas=1\">Herbj\u00f8rg Wassmo<\/a><\/li>\n<li><strong>Leid\u0117jas:<\/strong>\u00a0Alma littera<\/li>\n<li><strong>Metai:<\/strong>\u00a01996<\/li>\n<li><strong>Puslapiai:<\/strong>\u00a0438<\/li>\n<li><strong>ISBN-10:<\/strong>\u00a0998602093X<\/li>\n<li><strong>ISBN-13:<\/strong>\u00a09789986020936<\/li>\n<li><strong>Versijos kodas:<\/strong>\u00a0PS<\/li>\n<li><strong>Formatas:<\/strong>\u00a015 x 24,2 cm, kieti vir\u0161eliai<\/li>\n<li><strong>Kalba:<\/strong>\u00a0Lietuvi\u0173<\/li>\n<li><strong>Vert\u0117jas:<\/strong>\u00a0Egl\u0117 I\u0161ganaityt\u0117<\/li>\n<\/ul>\n","protected":false},"excerpt":{"rendered":"<p>Romanas apie i\u0161davyst\u0119 ir kalt\u0119, gaivali\u0161k\u0105 ir nepasotinamai jusling\u0105 moters prigimt\u012f. Baisus sukr\u0117timas, patirtas ankstyvoje vaikyst\u0117je, persekioja Din\u0105 vis\u0105 gyvenim\u0105, paveikia jos s\u0105mon\u0119. Rodos, \u0161altakrauji\u0161kai ji \u017eaid\u017eia aplinkini\u0173 \u017emoni\u0173 gyvenimais. Tuo tarpu pa\u010dios likim\u0105 valdo grie\u017eti ir negailestingi Senojo Testamento d\u0117sniai&#8230; Originalus pavadinimas:\u00a0Dinas bok Autorius:\u00a0Herbj\u00f8rg Wassmo Leid\u0117jas:\u00a0Alma littera Metai:\u00a01996 Puslapiai:\u00a0438 ISBN-10:\u00a0998602093X ISBN-13:\u00a09789986020936 Versijos kodas:\u00a0PS Formatas:\u00a015 x 24,2 cm, kieti vir\u0161eliai Kalba:\u00a0Lietuvi\u0173 Vert\u0117jas:\u00a0Egl\u0117 I\u0161ganaityt\u0117<\/p>\n","protected":false},"featured_media":13342,"comment_status":"closed","ping_status":"closed","template":"","meta":{"_acf_changed":false,"site-sidebar-layout":"default","site-content-layout":"","ast-site-content-layout":"default","site-content-style":"default","site-sidebar-style":"default","ast-global-header-display":"","ast-banner-title-visibility":"","ast-main-header-display":"","ast-hfb-above-header-display":"","ast-hfb-below-header-display":"","ast-hfb-mobile-header-display":"","site-post-title":"","ast-breadcrumbs-content":"","ast-featured-img":"","footer-sml-layout":"","ast-disable-related-posts":"","theme-transparent-header-meta":"default","adv-header-id-meta":"","stick-header-meta":"","header-above-stick-meta":"","header-main-stick-meta":"","header-below-stick-meta":"","astra-migrate-meta-layouts":"set","ast-page-background-enabled":"default","ast-page-background-meta":{"desktop":{"background-color":"","background-image":"","background-repeat":"repeat","background-position":"center center","background-size":"auto","background-attachment":"scroll","background-type":"","background-media":"","overlay-type":"","overlay-color":"","overlay-opacity":"","overlay-gradient":""},"tablet":{"background-color":"","background-image":"","background-repeat":"repeat","background-position":"center center","background-size":"auto","background-attachment":"scroll","background-type":"","background-media":"","overlay-type":"","overlay-color":"","overlay-opacity":"","overlay-gradient":""},"mobile":{"background-color":"","background-image":"","background-repeat":"repeat","background-position":"center center","background-size":"auto","background-attachment":"scroll","background-type":"","background-media":"","overlay-type":"","overlay-color":"","overlay-opacity":"","overlay-gradient":""}},"ast-content-background-meta":{"desktop":{"background-color":"var(--ast-global-color-4)","background-image":"","background-repeat":"repeat","background-position":"center center","background-size":"auto","background-attachment":"scroll","background-type":"","background-media":"","overlay-type":"","overlay-color":"","overlay-opacity":"","overlay-gradient":""},"tablet":{"background-color":"var(--ast-global-color-4)","background-image":"","background-repeat":"repeat","background-position":"center center","background-size":"auto","background-attachment":"scroll","background-type":"","background-media":"","overlay-type":"","overlay-color":"","overlay-opacity":"","overlay-gradient":""},"mobile":{"background-color":"var(--ast-global-color-4)","background-image":"","background-repeat":"repeat","background-position":"center center","background-size":"auto","background-attachment":"scroll","background-type":"","background-media":"","overlay-type":"","overlay-color":"","overlay-opacity":"","overlay-gradient":""}}},"product_brand":[],"product_cat":[15],"product_tag":[2633],"class_list":{"0":"post-13341","1":"product","2":"type-product","3":"status-publish","4":"has-post-thumbnail","6":"product_cat-uncategorized","7":"product_tag-herbjorg-wassmo","8":"desktop-align-left","9":"tablet-align-left","10":"mobile-align-left","12":"first","13":"instock","14":"shipping-taxable","15":"purchasable","16":"product-type-simple"},"acf":[],"yoast_head":"<!-- This site is optimized with the Yoast SEO plugin v27.0 - https:\/\/yoast.com\/product\/yoast-seo-wordpress\/ -->\n<title>Dinos knyga<\/title>\n<meta name=\"description\" content=\"Sukr\u0117timas, patirtas ankstyvoje vaikyst\u0117je, persekioja Din\u0105 vis\u0105 gyvenim\u0105, paveikia jos s\u0105mon\u0119. Rodos, \u0161altakrauji\u0161kai ji \u017eaid\u017eia aplinkini\u0173 \u017emoni\u0173 gyvenimais\" \/>\n<meta name=\"robots\" content=\"index, follow, max-snippet:-1, max-image-preview:large, max-video-preview:-1\" \/>\n<link rel=\"canonical\" href=\"https:\/\/skaitytaknyga.lt\/en\/produktas\/h-wassmo-dinos-knyga\/\" \/>\n<meta property=\"og:locale\" content=\"en_GB\" \/>\n<meta property=\"og:locale:alternate\" content=\"lt_LT\" \/>\n<meta property=\"og:type\" content=\"article\" \/>\n<meta property=\"og:title\" content=\"Dinos knyga\" \/>\n<meta property=\"og:description\" content=\"Sukr\u0117timas, patirtas ankstyvoje vaikyst\u0117je, persekioja Din\u0105 vis\u0105 gyvenim\u0105, paveikia jos s\u0105mon\u0119. Rodos, \u0161altakrauji\u0161kai ji \u017eaid\u017eia aplinkini\u0173 \u017emoni\u0173 gyvenimais\" \/>\n<meta property=\"og:url\" content=\"https:\/\/skaitytaknyga.lt\/en\/produktas\/h-wassmo-dinos-knyga\/\" \/>\n<meta property=\"og:site_name\" content=\"Skaitytaknyga\" \/>\n<meta property=\"article:publisher\" content=\"https:\/\/www.facebook.com\/skaitytaknyga\/\" \/>\n<meta property=\"article:modified_time\" content=\"2026-03-10T07:54:54+00:00\" \/>\n<meta property=\"og:image\" content=\"https:\/\/skaitytaknyga.lt\/wp-content\/uploads\/2024\/07\/1462879978_2a8ede4b36743c8a4b82b17187063e60.webp\" \/>\n\t<meta property=\"og:image:width\" content=\"256\" \/>\n\t<meta property=\"og:image:height\" content=\"430\" \/>\n\t<meta property=\"og:image:type\" content=\"image\/webp\" \/>\n<meta name=\"twitter:card\" content=\"summary_large_image\" \/>\n<meta name=\"twitter:label1\" content=\"Estimated reading time\" \/>\n\t<meta name=\"twitter:data1\" content=\"1 minute\" \/>\n<script type=\"application\/ld+json\" class=\"yoast-schema-graph\">{\"@context\":\"https:\/\/schema.org\",\"@graph\":[{\"@type\":\"WebPage\",\"@id\":\"https:\/\/skaitytaknyga.lt\/produktas\/h-wassmo-dinos-knyga\/\",\"url\":\"https:\/\/skaitytaknyga.lt\/produktas\/h-wassmo-dinos-knyga\/\",\"name\":\"Dinos knyga\",\"isPartOf\":{\"@id\":\"https:\/\/skaitytaknyga.lt\/#website\"},\"primaryImageOfPage\":{\"@id\":\"https:\/\/skaitytaknyga.lt\/produktas\/h-wassmo-dinos-knyga\/#primaryimage\"},\"image\":{\"@id\":\"https:\/\/skaitytaknyga.lt\/produktas\/h-wassmo-dinos-knyga\/#primaryimage\"},\"thumbnailUrl\":\"https:\/\/skaitytaknyga.lt\/wp-content\/uploads\/2024\/07\/1462879978_2a8ede4b36743c8a4b82b17187063e60.webp\",\"datePublished\":\"2024-07-28T08:55:26+00:00\",\"dateModified\":\"2026-03-10T07:54:54+00:00\",\"description\":\"Sukr\u0117timas, patirtas ankstyvoje vaikyst\u0117je, persekioja Din\u0105 vis\u0105 gyvenim\u0105, paveikia jos s\u0105mon\u0119. Rodos, \u0161altakrauji\u0161kai ji \u017eaid\u017eia aplinkini\u0173 \u017emoni\u0173 gyvenimais\",\"breadcrumb\":{\"@id\":\"https:\/\/skaitytaknyga.lt\/produktas\/h-wassmo-dinos-knyga\/#breadcrumb\"},\"inLanguage\":\"en-GB\",\"potentialAction\":[{\"@type\":\"ReadAction\",\"target\":[\"https:\/\/skaitytaknyga.lt\/produktas\/h-wassmo-dinos-knyga\/\"]}]},{\"@type\":\"ImageObject\",\"inLanguage\":\"en-GB\",\"@id\":\"https:\/\/skaitytaknyga.lt\/produktas\/h-wassmo-dinos-knyga\/#primaryimage\",\"url\":\"https:\/\/skaitytaknyga.lt\/wp-content\/uploads\/2024\/07\/1462879978_2a8ede4b36743c8a4b82b17187063e60.webp\",\"contentUrl\":\"https:\/\/skaitytaknyga.lt\/wp-content\/uploads\/2024\/07\/1462879978_2a8ede4b36743c8a4b82b17187063e60.webp\",\"width\":256,\"height\":430,\"caption\":\"Dinos knyga\"},{\"@type\":\"BreadcrumbList\",\"@id\":\"https:\/\/skaitytaknyga.lt\/produktas\/h-wassmo-dinos-knyga\/#breadcrumb\",\"itemListElement\":[{\"@type\":\"ListItem\",\"position\":1,\"name\":\"Home\",\"item\":\"https:\/\/skaitytaknyga.lt\/\"},{\"@type\":\"ListItem\",\"position\":2,\"name\":\"Parduotuv\u0117\",\"item\":\"https:\/\/skaitytaknyga.lt\/knygu-parduotuve\/\"},{\"@type\":\"ListItem\",\"position\":3,\"name\":\"Dinos knyga\"}]},{\"@type\":\"WebSite\",\"@id\":\"https:\/\/skaitytaknyga.lt\/#website\",\"url\":\"https:\/\/skaitytaknyga.lt\/\",\"name\":\"skaitytaknyga.lt\",\"description\":\"Skaitytaknyga.lt \u2013 tai ma\u017eas \u0161eimos verslas, kuris prasid\u0117jo nuo meil\u0117s knygoms ir siekio i\u0161gelb\u0117ti knygas nuo likimo prie konteinerio. Kas vienam nereikalingas daiktas \u2013 kitam lobis, o mes esame tarpininkai, kurie padeda abiems tapti laimingesniems ???? \u017dinome kaip nelengva i\u0161gyventi ma\u017eiems verslams, tad nuo \u0161iol, \u010dia rasite ir kit\u0173, ma\u017e\u0173 \u0161eim\u0173 versl\u0173, rank\u0173 darbo, dovan\u0173 sau ir artimiesiems.\",\"publisher\":{\"@id\":\"https:\/\/skaitytaknyga.lt\/#organization\"},\"potentialAction\":[{\"@type\":\"SearchAction\",\"target\":{\"@type\":\"EntryPoint\",\"urlTemplate\":\"https:\/\/skaitytaknyga.lt\/?s={search_term_string}\"},\"query-input\":{\"@type\":\"PropertyValueSpecification\",\"valueRequired\":true,\"valueName\":\"search_term_string\"}}],\"inLanguage\":\"en-GB\"},{\"@type\":\"Organization\",\"@id\":\"https:\/\/skaitytaknyga.lt\/#organization\",\"name\":\"skaitytaknyga.lt\",\"url\":\"https:\/\/skaitytaknyga.lt\/\",\"logo\":{\"@type\":\"ImageObject\",\"inLanguage\":\"en-GB\",\"@id\":\"https:\/\/skaitytaknyga.lt\/#\/schema\/logo\/image\/\",\"url\":\"https:\/\/skaitytaknyga.lt\/wp-content\/uploads\/2024\/05\/cropped-cropped-cropped-02_00843_jt3bggkj1j3HLc7SyY6rEUpg.jpeg\",\"contentUrl\":\"https:\/\/skaitytaknyga.lt\/wp-content\/uploads\/2024\/05\/cropped-cropped-cropped-02_00843_jt3bggkj1j3HLc7SyY6rEUpg.jpeg\",\"width\":1600,\"height\":1600,\"caption\":\"skaitytaknyga.lt\"},\"image\":{\"@id\":\"https:\/\/skaitytaknyga.lt\/#\/schema\/logo\/image\/\"},\"sameAs\":[\"https:\/\/www.facebook.com\/skaitytaknyga\/\"]}]}<\/script>\n<!-- \/ Yoast SEO plugin. -->","yoast_head_json":{"title":"Dinos knyga","description":"Sukr\u0117timas, patirtas ankstyvoje vaikyst\u0117je, persekioja Din\u0105 vis\u0105 gyvenim\u0105, paveikia jos s\u0105mon\u0119. Rodos, \u0161altakrauji\u0161kai ji \u017eaid\u017eia aplinkini\u0173 \u017emoni\u0173 gyvenimais","robots":{"index":"index","follow":"follow","max-snippet":"max-snippet:-1","max-image-preview":"max-image-preview:large","max-video-preview":"max-video-preview:-1"},"canonical":"https:\/\/skaitytaknyga.lt\/en\/produktas\/h-wassmo-dinos-knyga\/","og_locale":"en_GB","og_type":"article","og_title":"[:lt]Dinos knyga[:] - Skaitytaknyga","og_description":"Sukr\u0117timas, patirtas ankstyvoje vaikyst\u0117je, persekioja Din\u0105 vis\u0105 gyvenim\u0105, paveikia jos s\u0105mon\u0119. Rodos, \u0161altakrauji\u0161kai ji \u017eaid\u017eia aplinkini\u0173 \u017emoni\u0173 gyvenimais","og_url":"https:\/\/skaitytaknyga.lt\/en\/produktas\/h-wassmo-dinos-knyga\/","og_site_name":"Skaitytaknyga","article_publisher":"https:\/\/www.facebook.com\/skaitytaknyga\/","article_modified_time":"2026-03-10T07:54:54+00:00","og_image":[{"width":256,"height":430,"url":"https:\/\/skaitytaknyga.lt\/wp-content\/uploads\/2024\/07\/1462879978_2a8ede4b36743c8a4b82b17187063e60.webp","type":"image\/webp"}],"twitter_card":"summary_large_image","twitter_misc":{"Estimated reading time":"1 minute"},"schema":{"@context":"https:\/\/schema.org","@graph":[{"@type":"WebPage","@id":"https:\/\/skaitytaknyga.lt\/produktas\/h-wassmo-dinos-knyga\/","url":"https:\/\/skaitytaknyga.lt\/produktas\/h-wassmo-dinos-knyga\/","name":"Dinos knyga","isPartOf":{"@id":"https:\/\/skaitytaknyga.lt\/#website"},"primaryImageOfPage":{"@id":"https:\/\/skaitytaknyga.lt\/produktas\/h-wassmo-dinos-knyga\/#primaryimage"},"image":{"@id":"https:\/\/skaitytaknyga.lt\/produktas\/h-wassmo-dinos-knyga\/#primaryimage"},"thumbnailUrl":"https:\/\/skaitytaknyga.lt\/wp-content\/uploads\/2024\/07\/1462879978_2a8ede4b36743c8a4b82b17187063e60.webp","datePublished":"2024-07-28T08:55:26+00:00","dateModified":"2026-03-10T07:54:54+00:00","description":"Sukr\u0117timas, patirtas ankstyvoje vaikyst\u0117je, persekioja Din\u0105 vis\u0105 gyvenim\u0105, paveikia jos s\u0105mon\u0119. Rodos, \u0161altakrauji\u0161kai ji \u017eaid\u017eia aplinkini\u0173 \u017emoni\u0173 gyvenimais","breadcrumb":{"@id":"https:\/\/skaitytaknyga.lt\/produktas\/h-wassmo-dinos-knyga\/#breadcrumb"},"inLanguage":"en-GB","potentialAction":[{"@type":"ReadAction","target":["https:\/\/skaitytaknyga.lt\/produktas\/h-wassmo-dinos-knyga\/"]}]},{"@type":"ImageObject","inLanguage":"en-GB","@id":"https:\/\/skaitytaknyga.lt\/produktas\/h-wassmo-dinos-knyga\/#primaryimage","url":"https:\/\/skaitytaknyga.lt\/wp-content\/uploads\/2024\/07\/1462879978_2a8ede4b36743c8a4b82b17187063e60.webp","contentUrl":"https:\/\/skaitytaknyga.lt\/wp-content\/uploads\/2024\/07\/1462879978_2a8ede4b36743c8a4b82b17187063e60.webp","width":256,"height":430,"caption":"Dinos knyga"},{"@type":"BreadcrumbList","@id":"https:\/\/skaitytaknyga.lt\/produktas\/h-wassmo-dinos-knyga\/#breadcrumb","itemListElement":[{"@type":"ListItem","position":1,"name":"Home","item":"https:\/\/skaitytaknyga.lt\/"},{"@type":"ListItem","position":2,"name":"Parduotuv\u0117","item":"https:\/\/skaitytaknyga.lt\/knygu-parduotuve\/"},{"@type":"ListItem","position":3,"name":"Dinos knyga"}]},{"@type":"WebSite","@id":"https:\/\/skaitytaknyga.lt\/#website","url":"https:\/\/skaitytaknyga.lt\/","name":"skaitytaknyga.lt","description":"Skaitytaknyga.lt \u2013 tai ma\u017eas \u0161eimos verslas, kuris prasid\u0117jo nuo meil\u0117s knygoms ir siekio i\u0161gelb\u0117ti knygas nuo likimo prie konteinerio. Kas vienam nereikalingas daiktas \u2013 kitam lobis, o mes esame tarpininkai, kurie padeda abiems tapti laimingesniems ???? \u017dinome kaip nelengva i\u0161gyventi ma\u017eiems verslams, tad nuo \u0161iol, \u010dia rasite ir kit\u0173, ma\u017e\u0173 \u0161eim\u0173 versl\u0173, rank\u0173 darbo, dovan\u0173 sau ir artimiesiems.","publisher":{"@id":"https:\/\/skaitytaknyga.lt\/#organization"},"potentialAction":[{"@type":"SearchAction","target":{"@type":"EntryPoint","urlTemplate":"https:\/\/skaitytaknyga.lt\/?s={search_term_string}"},"query-input":{"@type":"PropertyValueSpecification","valueRequired":true,"valueName":"search_term_string"}}],"inLanguage":"en-GB"},{"@type":"Organization","@id":"https:\/\/skaitytaknyga.lt\/#organization","name":"skaitytaknyga.lt","url":"https:\/\/skaitytaknyga.lt\/","logo":{"@type":"ImageObject","inLanguage":"en-GB","@id":"https:\/\/skaitytaknyga.lt\/#\/schema\/logo\/image\/","url":"https:\/\/skaitytaknyga.lt\/wp-content\/uploads\/2024\/05\/cropped-cropped-cropped-02_00843_jt3bggkj1j3HLc7SyY6rEUpg.jpeg","contentUrl":"https:\/\/skaitytaknyga.lt\/wp-content\/uploads\/2024\/05\/cropped-cropped-cropped-02_00843_jt3bggkj1j3HLc7SyY6rEUpg.jpeg","width":1600,"height":1600,"caption":"skaitytaknyga.lt"},"image":{"@id":"https:\/\/skaitytaknyga.lt\/#\/schema\/logo\/image\/"},"sameAs":["https:\/\/www.facebook.com\/skaitytaknyga\/"]}]}},"_links":{"self":[{"href":"https:\/\/skaitytaknyga.lt\/en\/wp-json\/wp\/v2\/product\/13341","targetHints":{"allow":["GET"]}}],"collection":[{"href":"https:\/\/skaitytaknyga.lt\/en\/wp-json\/wp\/v2\/product"}],"about":[{"href":"https:\/\/skaitytaknyga.lt\/en\/wp-json\/wp\/v2\/types\/product"}],"replies":[{"embeddable":true,"href":"https:\/\/skaitytaknyga.lt\/en\/wp-json\/wp\/v2\/comments?post=13341"}],"wp:featuredmedia":[{"embeddable":true,"href":"https:\/\/skaitytaknyga.lt\/en\/wp-json\/wp\/v2\/media\/13342"}],"wp:attachment":[{"href":"https:\/\/skaitytaknyga.lt\/en\/wp-json\/wp\/v2\/media?parent=13341"}],"wp:term":[{"taxonomy":"product_brand","embeddable":true,"href":"https:\/\/skaitytaknyga.lt\/en\/wp-json\/wp\/v2\/product_brand?post=13341"},{"taxonomy":"product_cat","embeddable":true,"href":"https:\/\/skaitytaknyga.lt\/en\/wp-json\/wp\/v2\/product_cat?post=13341"},{"taxonomy":"product_tag","embeddable":true,"href":"https:\/\/skaitytaknyga.lt\/en\/wp-json\/wp\/v2\/product_tag?post=13341"}],"curies":[{"name":"wp","href":"https:\/\/api.w.org\/{rel}","templated":true}]}}