{"id":13324,"date":"2024-07-26T16:00:30","date_gmt":"2024-07-26T13:00:30","guid":{"rendered":"https:\/\/skaitytaknyga.lt\/?post_type=product&#038;p=13324"},"modified":"2026-03-05T16:11:08","modified_gmt":"2026-03-05T14:11:08","slug":"graziausios-lietuviu-pasakos-2-dalis","status":"publish","type":"product","link":"https:\/\/skaitytaknyga.lt\/en\/produktas\/graziausios-lietuviu-pasakos-2-dalis\/","title":{"rendered":"Gra\u017eiausios lietuvi\u0173 pasakos 2 dalis"},"content":{"rendered":"<div class=\"Description-annotationText-3Re\">\n<p>Gra\u017eiausi\u0173 lietuvi\u0173 pasak\u0173 knyga sudaryta i\u0161 Jono Basanavi\u010diaus, Simono Daukanto, Stasio Tij\u016bnai\u010dio ir Antano Giedriaus rinkini\u0173.<\/p>\n<p>\u0160i\u0173 pasak\u0173 pa\u017eintin\u0117 reik\u0161m\u0117 ir meninis gyvybingumas, mit\u0173 atgarsiai jose ir k\u016brinijos likimas sud\u0117tingame pasaulyje kartais nugrimzta \u012f apsiniaukian\u010di\u0105 tautos atmint\u012f, o kartais i\u0161kyla kaip niekados nei\u0161senkanti i\u0161mintis.<\/p>\n<p>Pasakos iliustruotos ir para\u0161ytos didel\u0117mis raid\u0117mis, tod\u0117l jas gal\u0117s skaityti ir pradedantieji skaitytojai.<\/p>\n<ul class=\"about-product d-none d-xl-block mt-4\">\n<li><strong>Autorius:<\/strong>\u00a0Edita \u017dumbakyt\u0117<\/li>\n<li><strong>Leid\u0117jas:<\/strong>\u00a0Vaiga<\/li>\n<li><strong>Metai:<\/strong>\u00a01996<\/li>\n<li><strong>Puslapiai:<\/strong>\u00a0176<\/li>\n<li><strong>ISBN:<\/strong>\u00a09789986432548<\/li>\n<li><strong>Versijos kodas:<\/strong>\u00a0PT.<\/li>\n<li><strong>Formatas:<\/strong>\u00a017 x 25 cm, kieti vir\u0161eliai<\/li>\n<li><strong>Kalba:<\/strong>\u00a0Lietuvi\u0173<\/li>\n<\/ul>\n<\/div>\n","protected":false},"excerpt":{"rendered":"<p>Gra\u017eiausi\u0173 lietuvi\u0173 pasak\u0173 knyga sudaryta i\u0161 Jono Basanavi\u010diaus, Simono Daukanto, Stasio Tij\u016bnai\u010dio ir Antano Giedriaus rinkini\u0173. \u0160i\u0173 pasak\u0173 pa\u017eintin\u0117 reik\u0161m\u0117 ir meninis gyvybingumas, mit\u0173 atgarsiai jose ir k\u016brinijos likimas sud\u0117tingame pasaulyje kartais nugrimzta \u012f apsiniaukian\u010di\u0105 tautos atmint\u012f, o kartais i\u0161kyla kaip niekados nei\u0161senkanti i\u0161mintis. Pasakos iliustruotos ir para\u0161ytos didel\u0117mis raid\u0117mis, tod\u0117l jas gal\u0117s skaityti ir pradedantieji skaitytojai. Autorius:\u00a0Edita \u017dumbakyt\u0117 Leid\u0117jas:\u00a0Vaiga Metai:\u00a01996 Puslapiai:\u00a0176 ISBN:\u00a09789986432548 Versijos kodas:\u00a0PT. Formatas:\u00a017 x 25 cm, kieti vir\u0161eliai Kalba:\u00a0Lietuvi\u0173<\/p>\n","protected":false},"featured_media":13325,"comment_status":"closed","ping_status":"closed","template":"","meta":{"_acf_changed":false,"site-sidebar-layout":"default","site-content-layout":"","ast-site-content-layout":"default","site-content-style":"default","site-sidebar-style":"default","ast-global-header-display":"","ast-banner-title-visibility":"","ast-main-header-display":"","ast-hfb-above-header-display":"","ast-hfb-below-header-display":"","ast-hfb-mobile-header-display":"","site-post-title":"","ast-breadcrumbs-content":"","ast-featured-img":"","footer-sml-layout":"","ast-disable-related-posts":"","theme-transparent-header-meta":"default","adv-header-id-meta":"","stick-header-meta":"","header-above-stick-meta":"","header-main-stick-meta":"","header-below-stick-meta":"","astra-migrate-meta-layouts":"set","ast-page-background-enabled":"default","ast-page-background-meta":{"desktop":{"background-color":"","background-image":"","background-repeat":"repeat","background-position":"center center","background-size":"auto","background-attachment":"scroll","background-type":"","background-media":"","overlay-type":"","overlay-color":"","overlay-opacity":"","overlay-gradient":""},"tablet":{"background-color":"","background-image":"","background-repeat":"repeat","background-position":"center center","background-size":"auto","background-attachment":"scroll","background-type":"","background-media":"","overlay-type":"","overlay-color":"","overlay-opacity":"","overlay-gradient":""},"mobile":{"background-color":"","background-image":"","background-repeat":"repeat","background-position":"center center","background-size":"auto","background-attachment":"scroll","background-type":"","background-media":"","overlay-type":"","overlay-color":"","overlay-opacity":"","overlay-gradient":""}},"ast-content-background-meta":{"desktop":{"background-color":"var(--ast-global-color-4)","background-image":"","background-repeat":"repeat","background-position":"center center","background-size":"auto","background-attachment":"scroll","background-type":"","background-media":"","overlay-type":"","overlay-color":"","overlay-opacity":"","overlay-gradient":""},"tablet":{"background-color":"var(--ast-global-color-4)","background-image":"","background-repeat":"repeat","background-position":"center center","background-size":"auto","background-attachment":"scroll","background-type":"","background-media":"","overlay-type":"","overlay-color":"","overlay-opacity":"","overlay-gradient":""},"mobile":{"background-color":"var(--ast-global-color-4)","background-image":"","background-repeat":"repeat","background-position":"center center","background-size":"auto","background-attachment":"scroll","background-type":"","background-media":"","overlay-type":"","overlay-color":"","overlay-opacity":"","overlay-gradient":""}}},"product_brand":[],"product_cat":[9672],"product_tag":[],"class_list":{"0":"post-13324","1":"product","2":"type-product","3":"status-publish","4":"has-post-thumbnail","6":"product_cat-pasakos","7":"desktop-align-left","8":"tablet-align-left","9":"mobile-align-left","11":"first","12":"instock","13":"shipping-taxable","14":"purchasable","15":"product-type-simple"},"acf":[],"yoast_head":"<!-- This site is optimized with the Yoast SEO plugin v27.0 - https:\/\/yoast.com\/product\/yoast-seo-wordpress\/ -->\n<title>Gra\u017eiausios lietuvi\u0173 pasakos 2 dalis<\/title>\n<meta name=\"description\" content=\"Lietuvi\u0173 pasakos \u2013 tai i\u0161minties lobynas, kuriame atsispindi m\u016bs\u0173 tautai b\u016bdingos savyb\u0117s: dorumas, \u017emogi\u0161kumas, u\u017euojauta skriaud\u017eiamam ir, \u017einoma, gudrumas.\" \/>\n<meta name=\"robots\" content=\"index, follow, max-snippet:-1, max-image-preview:large, max-video-preview:-1\" \/>\n<link rel=\"canonical\" href=\"https:\/\/skaitytaknyga.lt\/en\/produktas\/graziausios-lietuviu-pasakos-2-dalis\/\" \/>\n<meta property=\"og:locale\" content=\"en_GB\" \/>\n<meta property=\"og:locale:alternate\" content=\"lt_LT\" \/>\n<meta property=\"og:type\" content=\"article\" \/>\n<meta property=\"og:title\" content=\"Gra\u017eiausios lietuvi\u0173 pasakos 2 dalis\" \/>\n<meta property=\"og:description\" content=\"Lietuvi\u0173 pasakos \u2013 tai i\u0161minties lobynas, kuriame atsispindi m\u016bs\u0173 tautai b\u016bdingos savyb\u0117s: dorumas, \u017emogi\u0161kumas, u\u017euojauta skriaud\u017eiamam ir, \u017einoma, gudrumas.\" \/>\n<meta property=\"og:url\" content=\"https:\/\/skaitytaknyga.lt\/en\/produktas\/graziausios-lietuviu-pasakos-2-dalis\/\" \/>\n<meta property=\"og:site_name\" content=\"Skaitytaknyga\" \/>\n<meta property=\"article:publisher\" content=\"https:\/\/www.facebook.com\/skaitytaknyga\/\" \/>\n<meta property=\"article:modified_time\" content=\"2026-03-05T14:11:08+00:00\" \/>\n<meta property=\"og:image\" content=\"https:\/\/skaitytaknyga.lt\/wp-content\/uploads\/2024\/07\/1462874679_graziausioslietuviupasakos.webp\" \/>\n\t<meta property=\"og:image:width\" content=\"534\" \/>\n\t<meta property=\"og:image:height\" content=\"800\" \/>\n\t<meta property=\"og:image:type\" content=\"image\/webp\" \/>\n<meta name=\"twitter:card\" content=\"summary_large_image\" \/>\n<meta name=\"twitter:label1\" content=\"Estimated reading time\" \/>\n\t<meta name=\"twitter:data1\" content=\"1 minute\" \/>\n<script type=\"application\/ld+json\" class=\"yoast-schema-graph\">{\"@context\":\"https:\/\/schema.org\",\"@graph\":[{\"@type\":\"WebPage\",\"@id\":\"https:\/\/skaitytaknyga.lt\/produktas\/graziausios-lietuviu-pasakos-2-dalis\/\",\"url\":\"https:\/\/skaitytaknyga.lt\/produktas\/graziausios-lietuviu-pasakos-2-dalis\/\",\"name\":\"Gra\u017eiausios lietuvi\u0173 pasakos 2 dalis\",\"isPartOf\":{\"@id\":\"https:\/\/skaitytaknyga.lt\/#website\"},\"primaryImageOfPage\":{\"@id\":\"https:\/\/skaitytaknyga.lt\/produktas\/graziausios-lietuviu-pasakos-2-dalis\/#primaryimage\"},\"image\":{\"@id\":\"https:\/\/skaitytaknyga.lt\/produktas\/graziausios-lietuviu-pasakos-2-dalis\/#primaryimage\"},\"thumbnailUrl\":\"https:\/\/skaitytaknyga.lt\/wp-content\/uploads\/2024\/07\/1462874679_graziausioslietuviupasakos.webp\",\"datePublished\":\"2024-07-26T13:00:30+00:00\",\"dateModified\":\"2026-03-05T14:11:08+00:00\",\"description\":\"Lietuvi\u0173 pasakos \u2013 tai i\u0161minties lobynas, kuriame atsispindi m\u016bs\u0173 tautai b\u016bdingos savyb\u0117s: dorumas, \u017emogi\u0161kumas, u\u017euojauta skriaud\u017eiamam ir, \u017einoma, gudrumas.\",\"breadcrumb\":{\"@id\":\"https:\/\/skaitytaknyga.lt\/produktas\/graziausios-lietuviu-pasakos-2-dalis\/#breadcrumb\"},\"inLanguage\":\"en-GB\",\"potentialAction\":[{\"@type\":\"ReadAction\",\"target\":[\"https:\/\/skaitytaknyga.lt\/produktas\/graziausios-lietuviu-pasakos-2-dalis\/\"]}]},{\"@type\":\"ImageObject\",\"inLanguage\":\"en-GB\",\"@id\":\"https:\/\/skaitytaknyga.lt\/produktas\/graziausios-lietuviu-pasakos-2-dalis\/#primaryimage\",\"url\":\"https:\/\/skaitytaknyga.lt\/wp-content\/uploads\/2024\/07\/1462874679_graziausioslietuviupasakos.webp\",\"contentUrl\":\"https:\/\/skaitytaknyga.lt\/wp-content\/uploads\/2024\/07\/1462874679_graziausioslietuviupasakos.webp\",\"width\":534,\"height\":800,\"caption\":\"Gra\u017eiausios lietuvi\u0173 pasakos 2 dalis\"},{\"@type\":\"BreadcrumbList\",\"@id\":\"https:\/\/skaitytaknyga.lt\/produktas\/graziausios-lietuviu-pasakos-2-dalis\/#breadcrumb\",\"itemListElement\":[{\"@type\":\"ListItem\",\"position\":1,\"name\":\"Home\",\"item\":\"https:\/\/skaitytaknyga.lt\/\"},{\"@type\":\"ListItem\",\"position\":2,\"name\":\"Parduotuv\u0117\",\"item\":\"https:\/\/skaitytaknyga.lt\/knygu-parduotuve\/\"},{\"@type\":\"ListItem\",\"position\":3,\"name\":\"Gra\u017eiausios lietuvi\u0173 pasakos 2 dalis\"}]},{\"@type\":\"WebSite\",\"@id\":\"https:\/\/skaitytaknyga.lt\/#website\",\"url\":\"https:\/\/skaitytaknyga.lt\/\",\"name\":\"skaitytaknyga.lt\",\"description\":\"Skaitytaknyga.lt \u2013 tai ma\u017eas \u0161eimos verslas, kuris prasid\u0117jo nuo meil\u0117s knygoms ir siekio i\u0161gelb\u0117ti knygas nuo likimo prie konteinerio. Kas vienam nereikalingas daiktas \u2013 kitam lobis, o mes esame tarpininkai, kurie padeda abiems tapti laimingesniems ???? \u017dinome kaip nelengva i\u0161gyventi ma\u017eiems verslams, tad nuo \u0161iol, \u010dia rasite ir kit\u0173, ma\u017e\u0173 \u0161eim\u0173 versl\u0173, rank\u0173 darbo, dovan\u0173 sau ir artimiesiems.\",\"publisher\":{\"@id\":\"https:\/\/skaitytaknyga.lt\/#organization\"},\"potentialAction\":[{\"@type\":\"SearchAction\",\"target\":{\"@type\":\"EntryPoint\",\"urlTemplate\":\"https:\/\/skaitytaknyga.lt\/?s={search_term_string}\"},\"query-input\":{\"@type\":\"PropertyValueSpecification\",\"valueRequired\":true,\"valueName\":\"search_term_string\"}}],\"inLanguage\":\"en-GB\"},{\"@type\":\"Organization\",\"@id\":\"https:\/\/skaitytaknyga.lt\/#organization\",\"name\":\"skaitytaknyga.lt\",\"url\":\"https:\/\/skaitytaknyga.lt\/\",\"logo\":{\"@type\":\"ImageObject\",\"inLanguage\":\"en-GB\",\"@id\":\"https:\/\/skaitytaknyga.lt\/#\/schema\/logo\/image\/\",\"url\":\"https:\/\/skaitytaknyga.lt\/wp-content\/uploads\/2024\/05\/cropped-cropped-cropped-02_00843_jt3bggkj1j3HLc7SyY6rEUpg.jpeg\",\"contentUrl\":\"https:\/\/skaitytaknyga.lt\/wp-content\/uploads\/2024\/05\/cropped-cropped-cropped-02_00843_jt3bggkj1j3HLc7SyY6rEUpg.jpeg\",\"width\":1600,\"height\":1600,\"caption\":\"skaitytaknyga.lt\"},\"image\":{\"@id\":\"https:\/\/skaitytaknyga.lt\/#\/schema\/logo\/image\/\"},\"sameAs\":[\"https:\/\/www.facebook.com\/skaitytaknyga\/\"]}]}<\/script>\n<!-- \/ Yoast SEO plugin. -->","yoast_head_json":{"title":"Gra\u017eiausios lietuvi\u0173 pasakos 2 dalis","description":"Lietuvi\u0173 pasakos \u2013 tai i\u0161minties lobynas, kuriame atsispindi m\u016bs\u0173 tautai b\u016bdingos savyb\u0117s: dorumas, \u017emogi\u0161kumas, u\u017euojauta skriaud\u017eiamam ir, \u017einoma, gudrumas.","robots":{"index":"index","follow":"follow","max-snippet":"max-snippet:-1","max-image-preview":"max-image-preview:large","max-video-preview":"max-video-preview:-1"},"canonical":"https:\/\/skaitytaknyga.lt\/en\/produktas\/graziausios-lietuviu-pasakos-2-dalis\/","og_locale":"en_GB","og_type":"article","og_title":"[:lt]Gra\u017eiausios lietuvi\u0173 pasakos 2 dalis[:] - Skaitytaknyga","og_description":"[:lt]Lietuvi\u0173 pasakos \u2013 tai i\u0161minties lobynas, kuriame atsispindi m\u016bs\u0173 tautai b\u016bdingos savyb\u0117s: dorumas, \u017emogi\u0161kumas, u\u017euojauta skriaud\u017eiamam ir, \u017einoma, gudrumas.[:]","og_url":"https:\/\/skaitytaknyga.lt\/en\/produktas\/graziausios-lietuviu-pasakos-2-dalis\/","og_site_name":"Skaitytaknyga","article_publisher":"https:\/\/www.facebook.com\/skaitytaknyga\/","article_modified_time":"2026-03-05T14:11:08+00:00","og_image":[{"width":534,"height":800,"url":"https:\/\/skaitytaknyga.lt\/wp-content\/uploads\/2024\/07\/1462874679_graziausioslietuviupasakos.webp","type":"image\/webp"}],"twitter_card":"summary_large_image","twitter_misc":{"Estimated reading time":"1 minute"},"schema":{"@context":"https:\/\/schema.org","@graph":[{"@type":"WebPage","@id":"https:\/\/skaitytaknyga.lt\/produktas\/graziausios-lietuviu-pasakos-2-dalis\/","url":"https:\/\/skaitytaknyga.lt\/produktas\/graziausios-lietuviu-pasakos-2-dalis\/","name":"Gra\u017eiausios lietuvi\u0173 pasakos 2 dalis","isPartOf":{"@id":"https:\/\/skaitytaknyga.lt\/#website"},"primaryImageOfPage":{"@id":"https:\/\/skaitytaknyga.lt\/produktas\/graziausios-lietuviu-pasakos-2-dalis\/#primaryimage"},"image":{"@id":"https:\/\/skaitytaknyga.lt\/produktas\/graziausios-lietuviu-pasakos-2-dalis\/#primaryimage"},"thumbnailUrl":"https:\/\/skaitytaknyga.lt\/wp-content\/uploads\/2024\/07\/1462874679_graziausioslietuviupasakos.webp","datePublished":"2024-07-26T13:00:30+00:00","dateModified":"2026-03-05T14:11:08+00:00","description":"Lietuvi\u0173 pasakos \u2013 tai i\u0161minties lobynas, kuriame atsispindi m\u016bs\u0173 tautai b\u016bdingos savyb\u0117s: dorumas, \u017emogi\u0161kumas, u\u017euojauta skriaud\u017eiamam ir, \u017einoma, gudrumas.","breadcrumb":{"@id":"https:\/\/skaitytaknyga.lt\/produktas\/graziausios-lietuviu-pasakos-2-dalis\/#breadcrumb"},"inLanguage":"en-GB","potentialAction":[{"@type":"ReadAction","target":["https:\/\/skaitytaknyga.lt\/produktas\/graziausios-lietuviu-pasakos-2-dalis\/"]}]},{"@type":"ImageObject","inLanguage":"en-GB","@id":"https:\/\/skaitytaknyga.lt\/produktas\/graziausios-lietuviu-pasakos-2-dalis\/#primaryimage","url":"https:\/\/skaitytaknyga.lt\/wp-content\/uploads\/2024\/07\/1462874679_graziausioslietuviupasakos.webp","contentUrl":"https:\/\/skaitytaknyga.lt\/wp-content\/uploads\/2024\/07\/1462874679_graziausioslietuviupasakos.webp","width":534,"height":800,"caption":"Gra\u017eiausios lietuvi\u0173 pasakos 2 dalis"},{"@type":"BreadcrumbList","@id":"https:\/\/skaitytaknyga.lt\/produktas\/graziausios-lietuviu-pasakos-2-dalis\/#breadcrumb","itemListElement":[{"@type":"ListItem","position":1,"name":"Home","item":"https:\/\/skaitytaknyga.lt\/"},{"@type":"ListItem","position":2,"name":"Parduotuv\u0117","item":"https:\/\/skaitytaknyga.lt\/knygu-parduotuve\/"},{"@type":"ListItem","position":3,"name":"Gra\u017eiausios lietuvi\u0173 pasakos 2 dalis"}]},{"@type":"WebSite","@id":"https:\/\/skaitytaknyga.lt\/#website","url":"https:\/\/skaitytaknyga.lt\/","name":"skaitytaknyga.lt","description":"Skaitytaknyga.lt \u2013 tai ma\u017eas \u0161eimos verslas, kuris prasid\u0117jo nuo meil\u0117s knygoms ir siekio i\u0161gelb\u0117ti knygas nuo likimo prie konteinerio. Kas vienam nereikalingas daiktas \u2013 kitam lobis, o mes esame tarpininkai, kurie padeda abiems tapti laimingesniems ???? \u017dinome kaip nelengva i\u0161gyventi ma\u017eiems verslams, tad nuo \u0161iol, \u010dia rasite ir kit\u0173, ma\u017e\u0173 \u0161eim\u0173 versl\u0173, rank\u0173 darbo, dovan\u0173 sau ir artimiesiems.","publisher":{"@id":"https:\/\/skaitytaknyga.lt\/#organization"},"potentialAction":[{"@type":"SearchAction","target":{"@type":"EntryPoint","urlTemplate":"https:\/\/skaitytaknyga.lt\/?s={search_term_string}"},"query-input":{"@type":"PropertyValueSpecification","valueRequired":true,"valueName":"search_term_string"}}],"inLanguage":"en-GB"},{"@type":"Organization","@id":"https:\/\/skaitytaknyga.lt\/#organization","name":"skaitytaknyga.lt","url":"https:\/\/skaitytaknyga.lt\/","logo":{"@type":"ImageObject","inLanguage":"en-GB","@id":"https:\/\/skaitytaknyga.lt\/#\/schema\/logo\/image\/","url":"https:\/\/skaitytaknyga.lt\/wp-content\/uploads\/2024\/05\/cropped-cropped-cropped-02_00843_jt3bggkj1j3HLc7SyY6rEUpg.jpeg","contentUrl":"https:\/\/skaitytaknyga.lt\/wp-content\/uploads\/2024\/05\/cropped-cropped-cropped-02_00843_jt3bggkj1j3HLc7SyY6rEUpg.jpeg","width":1600,"height":1600,"caption":"skaitytaknyga.lt"},"image":{"@id":"https:\/\/skaitytaknyga.lt\/#\/schema\/logo\/image\/"},"sameAs":["https:\/\/www.facebook.com\/skaitytaknyga\/"]}]}},"_links":{"self":[{"href":"https:\/\/skaitytaknyga.lt\/en\/wp-json\/wp\/v2\/product\/13324","targetHints":{"allow":["GET"]}}],"collection":[{"href":"https:\/\/skaitytaknyga.lt\/en\/wp-json\/wp\/v2\/product"}],"about":[{"href":"https:\/\/skaitytaknyga.lt\/en\/wp-json\/wp\/v2\/types\/product"}],"replies":[{"embeddable":true,"href":"https:\/\/skaitytaknyga.lt\/en\/wp-json\/wp\/v2\/comments?post=13324"}],"wp:featuredmedia":[{"embeddable":true,"href":"https:\/\/skaitytaknyga.lt\/en\/wp-json\/wp\/v2\/media\/13325"}],"wp:attachment":[{"href":"https:\/\/skaitytaknyga.lt\/en\/wp-json\/wp\/v2\/media?parent=13324"}],"wp:term":[{"taxonomy":"product_brand","embeddable":true,"href":"https:\/\/skaitytaknyga.lt\/en\/wp-json\/wp\/v2\/product_brand?post=13324"},{"taxonomy":"product_cat","embeddable":true,"href":"https:\/\/skaitytaknyga.lt\/en\/wp-json\/wp\/v2\/product_cat?post=13324"},{"taxonomy":"product_tag","embeddable":true,"href":"https:\/\/skaitytaknyga.lt\/en\/wp-json\/wp\/v2\/product_tag?post=13324"}],"curies":[{"name":"wp","href":"https:\/\/api.w.org\/{rel}","templated":true}]}}