{"id":13315,"date":"2024-07-26T15:41:34","date_gmt":"2024-07-26T12:41:34","guid":{"rendered":"https:\/\/skaitytaknyga.lt\/?post_type=product&#038;p=13315"},"modified":"2026-03-05T16:11:08","modified_gmt":"2026-03-05T14:11:08","slug":"negirdetos-anderseno-pasakos","status":"publish","type":"product","link":"https:\/\/skaitytaknyga.lt\/en\/produktas\/negirdetos-anderseno-pasakos\/","title":{"rendered":"Hans Christian Andersen \u201eNegird\u0117tos Anderseno pasakos\u201c (su nedideliu defektu)"},"content":{"rendered":"<div class=\"Description-annotationText-3Re\">\n<p>\u0160ioje knygoje pateikiamos ma\u017eiau \u017einomos H. K. Anderseno pasakos, kuriose atsiskleid\u017eia visapusi\u0161kas dan\u0173 pasakininko talentas, geb\u0117jimas nune\u0161ti skaitytoj\u0105 kartu su v\u0117ju \u012f tolimas \u0160iaur\u0117s j\u016br\u0173 pakrantes, vir\u017ei\u0173 dykras ar keliauti su m\u0117nuliu po vis\u0105 pasaul\u012f.<\/p>\n<p>I\u0161 jau gird\u0117t\u0173 ir ypa\u010d populiari\u0173 Anderseno sukurt\u0173 istorij\u0173 \u0161ios i\u0161siskiria stebukling\u0173 nutikim\u0173 gausa, \u0161iaur\u0117s ir kit\u0173 paslapting\u0173 kra\u0161t\u0173 istorijos bei papro\u010di\u0173 i\u0161manymu, tauriausi\u0173 \u017emogi\u0161k\u0173 jausm\u0173 i\u0161auk\u0161tinimu.<\/p>\n<p>Dauguma \u0161i\u0173 pasak\u0173 priskirtinos romantin\u0117ms apysakoms. J\u0173 ne\u012fprasti siu\u017eetai kupini i\u0161bandym\u0173, \u0161iurp\u0105 kelian\u010di\u0173 situacij\u0173, o herojai \u0161aun\u016bs ir dr\u0105s\u016bs nuotyki\u0173 ie\u0161kotojai, gera\u0161ird\u017eiai svajotojai.<\/p>\n<ul class=\"about-product d-none d-xl-block mt-4\">\n<li><strong>Autorius:<\/strong>\u00a0Hans Christian Andersen<\/li>\n<li><strong>Leid\u0117jas:<\/strong>\u00a0Vaiga<\/li>\n<li><strong>Metai:<\/strong>\u00a02002<\/li>\n<li><strong>Puslapiai:<\/strong>\u00a0135<\/li>\n<li><strong>ISBN:<\/strong>\u00a09789955407362<\/li>\n<li><strong>Formatas:<\/strong>\u00a017 x 24 x 1 cm, kieti vir\u0161eliai<\/li>\n<li><strong>Kalba:<\/strong>\u00a0Lietuvi\u0173<\/li>\n<li><strong>Vert\u0117jas:<\/strong>\u00a0Ingrida Matusevi\u010di\u016bt\u0117<\/li>\n<\/ul>\n<\/div>\n","protected":false},"excerpt":{"rendered":"<p>\u0160ioje knygoje pateikiamos ma\u017eiau \u017einomos H. K. Anderseno pasakos, kuriose atsiskleid\u017eia visapusi\u0161kas dan\u0173 pasakininko talentas, geb\u0117jimas nune\u0161ti skaitytoj\u0105 kartu su v\u0117ju \u012f tolimas \u0160iaur\u0117s j\u016br\u0173 pakrantes, vir\u017ei\u0173 dykras ar keliauti su m\u0117nuliu po vis\u0105 pasaul\u012f. I\u0161 jau gird\u0117t\u0173 ir ypa\u010d populiari\u0173 Anderseno sukurt\u0173 istorij\u0173 \u0161ios i\u0161siskiria stebukling\u0173 nutikim\u0173 gausa, \u0161iaur\u0117s ir kit\u0173 paslapting\u0173 kra\u0161t\u0173 istorijos bei papro\u010di\u0173 i\u0161manymu, tauriausi\u0173 \u017emogi\u0161k\u0173 jausm\u0173 i\u0161auk\u0161tinimu. Dauguma \u0161i\u0173 pasak\u0173 priskirtinos romantin\u0117ms apysakoms. J\u0173 ne\u012fprasti siu\u017eetai kupini i\u0161bandym\u0173, \u0161iurp\u0105 kelian\u010di\u0173 situacij\u0173, o herojai \u0161aun\u016bs ir dr\u0105s\u016bs nuotyki\u0173 ie\u0161kotojai, gera\u0161ird\u017eiai svajotojai. Autorius:\u00a0Hans Christian Andersen Leid\u0117jas:\u00a0Vaiga Metai:\u00a02002 Puslapiai:\u00a0135 ISBN:\u00a09789955407362 Formatas:\u00a017 x 24 x 1 cm, kieti vir\u0161eliai Kalba:\u00a0Lietuvi\u0173 Vert\u0117jas:\u00a0Ingrida Matusevi\u010di\u016bt\u0117<\/p>\n","protected":false},"featured_media":13316,"comment_status":"closed","ping_status":"closed","template":"","meta":{"_acf_changed":false,"site-sidebar-layout":"default","site-content-layout":"","ast-site-content-layout":"default","site-content-style":"default","site-sidebar-style":"default","ast-global-header-display":"","ast-banner-title-visibility":"","ast-main-header-display":"","ast-hfb-above-header-display":"","ast-hfb-below-header-display":"","ast-hfb-mobile-header-display":"","site-post-title":"","ast-breadcrumbs-content":"","ast-featured-img":"","footer-sml-layout":"","ast-disable-related-posts":"","theme-transparent-header-meta":"default","adv-header-id-meta":"","stick-header-meta":"","header-above-stick-meta":"","header-main-stick-meta":"","header-below-stick-meta":"","astra-migrate-meta-layouts":"set","ast-page-background-enabled":"default","ast-page-background-meta":{"desktop":{"background-color":"","background-image":"","background-repeat":"repeat","background-position":"center center","background-size":"auto","background-attachment":"scroll","background-type":"","background-media":"","overlay-type":"","overlay-color":"","overlay-opacity":"","overlay-gradient":""},"tablet":{"background-color":"","background-image":"","background-repeat":"repeat","background-position":"center center","background-size":"auto","background-attachment":"scroll","background-type":"","background-media":"","overlay-type":"","overlay-color":"","overlay-opacity":"","overlay-gradient":""},"mobile":{"background-color":"","background-image":"","background-repeat":"repeat","background-position":"center center","background-size":"auto","background-attachment":"scroll","background-type":"","background-media":"","overlay-type":"","overlay-color":"","overlay-opacity":"","overlay-gradient":""}},"ast-content-background-meta":{"desktop":{"background-color":"var(--ast-global-color-4)","background-image":"","background-repeat":"repeat","background-position":"center center","background-size":"auto","background-attachment":"scroll","background-type":"","background-media":"","overlay-type":"","overlay-color":"","overlay-opacity":"","overlay-gradient":""},"tablet":{"background-color":"var(--ast-global-color-4)","background-image":"","background-repeat":"repeat","background-position":"center center","background-size":"auto","background-attachment":"scroll","background-type":"","background-media":"","overlay-type":"","overlay-color":"","overlay-opacity":"","overlay-gradient":""},"mobile":{"background-color":"var(--ast-global-color-4)","background-image":"","background-repeat":"repeat","background-position":"center center","background-size":"auto","background-attachment":"scroll","background-type":"","background-media":"","overlay-type":"","overlay-color":"","overlay-opacity":"","overlay-gradient":""}}},"product_brand":[],"product_cat":[9672],"product_tag":[],"class_list":{"0":"post-13315","1":"product","2":"type-product","3":"status-publish","4":"has-post-thumbnail","6":"product_cat-pasakos","7":"desktop-align-left","8":"tablet-align-left","9":"mobile-align-left","11":"first","12":"instock","13":"shipping-taxable","14":"purchasable","15":"product-type-simple"},"acf":[],"yoast_head":"<!-- This site is optimized with the Yoast SEO plugin v27.0 - https:\/\/yoast.com\/product\/yoast-seo-wordpress\/ -->\n<title>Hans Christian Andersen \u201eNegird\u0117tos Anderseno pasakos\u201c (su nedideliu defektu)<\/title>\n<meta name=\"description\" content=\"\u0160i\u0173 pasak\u0173 siu\u017eetai ne\u012fprasti, kupini i\u0161bandym\u0173, \u0161iurp\u0105 kelian\u010di\u0173 situacij\u0173, o herojai \u0161aun\u016bs ir dr\u0105s\u016bs nuotyki\u0173 ie\u0161kotojai, gera\u0161ird\u017eiai svajotojai\" \/>\n<meta name=\"robots\" content=\"index, follow, max-snippet:-1, max-image-preview:large, max-video-preview:-1\" \/>\n<link rel=\"canonical\" href=\"https:\/\/skaitytaknyga.lt\/en\/produktas\/negirdetos-anderseno-pasakos\/\" \/>\n<meta property=\"og:locale\" content=\"en_GB\" \/>\n<meta property=\"og:locale:alternate\" content=\"lt_LT\" \/>\n<meta property=\"og:type\" content=\"article\" \/>\n<meta property=\"og:title\" content=\"Hans Christian Andersen \u201eNegird\u0117tos Anderseno pasakos\u201c (su nedideliu defektu)\" \/>\n<meta property=\"og:description\" content=\"\u0160i\u0173 pasak\u0173 siu\u017eetai ne\u012fprasti, kupini i\u0161bandym\u0173, \u0161iurp\u0105 kelian\u010di\u0173 situacij\u0173, o herojai \u0161aun\u016bs ir dr\u0105s\u016bs nuotyki\u0173 ie\u0161kotojai, gera\u0161ird\u017eiai svajotojai\" \/>\n<meta property=\"og:url\" content=\"https:\/\/skaitytaknyga.lt\/en\/produktas\/negirdetos-anderseno-pasakos\/\" \/>\n<meta property=\"og:site_name\" content=\"Skaitytaknyga\" \/>\n<meta property=\"article:publisher\" content=\"https:\/\/www.facebook.com\/skaitytaknyga\/\" \/>\n<meta property=\"article:modified_time\" content=\"2026-03-05T14:11:08+00:00\" \/>\n<meta property=\"og:image\" content=\"https:\/\/skaitytaknyga.lt\/wp-content\/uploads\/2024\/07\/scan.webp\" \/>\n\t<meta property=\"og:image:width\" content=\"548\" \/>\n\t<meta property=\"og:image:height\" content=\"800\" \/>\n\t<meta property=\"og:image:type\" content=\"image\/webp\" \/>\n<meta name=\"twitter:card\" content=\"summary_large_image\" \/>\n<meta name=\"twitter:label1\" content=\"Estimated reading time\" \/>\n\t<meta name=\"twitter:data1\" content=\"1 minute\" \/>\n<script type=\"application\/ld+json\" class=\"yoast-schema-graph\">{\"@context\":\"https:\/\/schema.org\",\"@graph\":[{\"@type\":\"WebPage\",\"@id\":\"https:\/\/skaitytaknyga.lt\/produktas\/negirdetos-anderseno-pasakos\/\",\"url\":\"https:\/\/skaitytaknyga.lt\/produktas\/negirdetos-anderseno-pasakos\/\",\"name\":\"Hans Christian Andersen \u201eNegird\u0117tos Anderseno pasakos\u201c (su nedideliu defektu)\",\"isPartOf\":{\"@id\":\"https:\/\/skaitytaknyga.lt\/#website\"},\"primaryImageOfPage\":{\"@id\":\"https:\/\/skaitytaknyga.lt\/produktas\/negirdetos-anderseno-pasakos\/#primaryimage\"},\"image\":{\"@id\":\"https:\/\/skaitytaknyga.lt\/produktas\/negirdetos-anderseno-pasakos\/#primaryimage\"},\"thumbnailUrl\":\"https:\/\/skaitytaknyga.lt\/wp-content\/uploads\/2024\/07\/scan.webp\",\"datePublished\":\"2024-07-26T12:41:34+00:00\",\"dateModified\":\"2026-03-05T14:11:08+00:00\",\"description\":\"\u0160i\u0173 pasak\u0173 siu\u017eetai ne\u012fprasti, kupini i\u0161bandym\u0173, \u0161iurp\u0105 kelian\u010di\u0173 situacij\u0173, o herojai \u0161aun\u016bs ir dr\u0105s\u016bs nuotyki\u0173 ie\u0161kotojai, gera\u0161ird\u017eiai svajotojai\",\"breadcrumb\":{\"@id\":\"https:\/\/skaitytaknyga.lt\/produktas\/negirdetos-anderseno-pasakos\/#breadcrumb\"},\"inLanguage\":\"en-GB\",\"potentialAction\":[{\"@type\":\"ReadAction\",\"target\":[\"https:\/\/skaitytaknyga.lt\/produktas\/negirdetos-anderseno-pasakos\/\"]}]},{\"@type\":\"ImageObject\",\"inLanguage\":\"en-GB\",\"@id\":\"https:\/\/skaitytaknyga.lt\/produktas\/negirdetos-anderseno-pasakos\/#primaryimage\",\"url\":\"https:\/\/skaitytaknyga.lt\/wp-content\/uploads\/2024\/07\/scan.webp\",\"contentUrl\":\"https:\/\/skaitytaknyga.lt\/wp-content\/uploads\/2024\/07\/scan.webp\",\"width\":548,\"height\":800,\"caption\":\"Negird\u0117tos Anderseno pasakos\"},{\"@type\":\"BreadcrumbList\",\"@id\":\"https:\/\/skaitytaknyga.lt\/produktas\/negirdetos-anderseno-pasakos\/#breadcrumb\",\"itemListElement\":[{\"@type\":\"ListItem\",\"position\":1,\"name\":\"Home\",\"item\":\"https:\/\/skaitytaknyga.lt\/\"},{\"@type\":\"ListItem\",\"position\":2,\"name\":\"Parduotuv\u0117\",\"item\":\"https:\/\/skaitytaknyga.lt\/knygu-parduotuve\/\"},{\"@type\":\"ListItem\",\"position\":3,\"name\":\"Hans Christian Andersen \u201eNegird\u0117tos Anderseno pasakos\u201c (su nedideliu defektu)\"}]},{\"@type\":\"WebSite\",\"@id\":\"https:\/\/skaitytaknyga.lt\/#website\",\"url\":\"https:\/\/skaitytaknyga.lt\/\",\"name\":\"skaitytaknyga.lt\",\"description\":\"Skaitytaknyga.lt \u2013 tai ma\u017eas \u0161eimos verslas, kuris prasid\u0117jo nuo meil\u0117s knygoms ir siekio i\u0161gelb\u0117ti knygas nuo likimo prie konteinerio. Kas vienam nereikalingas daiktas \u2013 kitam lobis, o mes esame tarpininkai, kurie padeda abiems tapti laimingesniems ???? \u017dinome kaip nelengva i\u0161gyventi ma\u017eiems verslams, tad nuo \u0161iol, \u010dia rasite ir kit\u0173, ma\u017e\u0173 \u0161eim\u0173 versl\u0173, rank\u0173 darbo, dovan\u0173 sau ir artimiesiems.\",\"publisher\":{\"@id\":\"https:\/\/skaitytaknyga.lt\/#organization\"},\"potentialAction\":[{\"@type\":\"SearchAction\",\"target\":{\"@type\":\"EntryPoint\",\"urlTemplate\":\"https:\/\/skaitytaknyga.lt\/?s={search_term_string}\"},\"query-input\":{\"@type\":\"PropertyValueSpecification\",\"valueRequired\":true,\"valueName\":\"search_term_string\"}}],\"inLanguage\":\"en-GB\"},{\"@type\":\"Organization\",\"@id\":\"https:\/\/skaitytaknyga.lt\/#organization\",\"name\":\"skaitytaknyga.lt\",\"url\":\"https:\/\/skaitytaknyga.lt\/\",\"logo\":{\"@type\":\"ImageObject\",\"inLanguage\":\"en-GB\",\"@id\":\"https:\/\/skaitytaknyga.lt\/#\/schema\/logo\/image\/\",\"url\":\"https:\/\/skaitytaknyga.lt\/wp-content\/uploads\/2024\/05\/cropped-cropped-cropped-02_00843_jt3bggkj1j3HLc7SyY6rEUpg.jpeg\",\"contentUrl\":\"https:\/\/skaitytaknyga.lt\/wp-content\/uploads\/2024\/05\/cropped-cropped-cropped-02_00843_jt3bggkj1j3HLc7SyY6rEUpg.jpeg\",\"width\":1600,\"height\":1600,\"caption\":\"skaitytaknyga.lt\"},\"image\":{\"@id\":\"https:\/\/skaitytaknyga.lt\/#\/schema\/logo\/image\/\"},\"sameAs\":[\"https:\/\/www.facebook.com\/skaitytaknyga\/\"]}]}<\/script>\n<!-- \/ Yoast SEO plugin. -->","yoast_head_json":{"title":"Hans Christian Andersen \u201eNegird\u0117tos Anderseno pasakos\u201c (su nedideliu defektu)","description":"\u0160i\u0173 pasak\u0173 siu\u017eetai ne\u012fprasti, kupini i\u0161bandym\u0173, \u0161iurp\u0105 kelian\u010di\u0173 situacij\u0173, o herojai \u0161aun\u016bs ir dr\u0105s\u016bs nuotyki\u0173 ie\u0161kotojai, gera\u0161ird\u017eiai svajotojai","robots":{"index":"index","follow":"follow","max-snippet":"max-snippet:-1","max-image-preview":"max-image-preview:large","max-video-preview":"max-video-preview:-1"},"canonical":"https:\/\/skaitytaknyga.lt\/en\/produktas\/negirdetos-anderseno-pasakos\/","og_locale":"en_GB","og_type":"article","og_title":"[:lt]Hans Christian Andersen \u201eNegird\u0117tos Anderseno pasakos\u201c (su nedideliu defektu)[:] - Skaitytaknyga","og_description":"\u0160i\u0173 pasak\u0173 siu\u017eetai ne\u012fprasti, kupini i\u0161bandym\u0173, \u0161iurp\u0105 kelian\u010di\u0173 situacij\u0173, o herojai \u0161aun\u016bs ir dr\u0105s\u016bs nuotyki\u0173 ie\u0161kotojai, gera\u0161ird\u017eiai svajotojai","og_url":"https:\/\/skaitytaknyga.lt\/en\/produktas\/negirdetos-anderseno-pasakos\/","og_site_name":"Skaitytaknyga","article_publisher":"https:\/\/www.facebook.com\/skaitytaknyga\/","article_modified_time":"2026-03-05T14:11:08+00:00","og_image":[{"width":548,"height":800,"url":"https:\/\/skaitytaknyga.lt\/wp-content\/uploads\/2024\/07\/scan.webp","type":"image\/webp"}],"twitter_card":"summary_large_image","twitter_misc":{"Estimated reading time":"1 minute"},"schema":{"@context":"https:\/\/schema.org","@graph":[{"@type":"WebPage","@id":"https:\/\/skaitytaknyga.lt\/produktas\/negirdetos-anderseno-pasakos\/","url":"https:\/\/skaitytaknyga.lt\/produktas\/negirdetos-anderseno-pasakos\/","name":"Hans Christian Andersen \u201eNegird\u0117tos Anderseno pasakos\u201c (su nedideliu defektu)","isPartOf":{"@id":"https:\/\/skaitytaknyga.lt\/#website"},"primaryImageOfPage":{"@id":"https:\/\/skaitytaknyga.lt\/produktas\/negirdetos-anderseno-pasakos\/#primaryimage"},"image":{"@id":"https:\/\/skaitytaknyga.lt\/produktas\/negirdetos-anderseno-pasakos\/#primaryimage"},"thumbnailUrl":"https:\/\/skaitytaknyga.lt\/wp-content\/uploads\/2024\/07\/scan.webp","datePublished":"2024-07-26T12:41:34+00:00","dateModified":"2026-03-05T14:11:08+00:00","description":"\u0160i\u0173 pasak\u0173 siu\u017eetai ne\u012fprasti, kupini i\u0161bandym\u0173, \u0161iurp\u0105 kelian\u010di\u0173 situacij\u0173, o herojai \u0161aun\u016bs ir dr\u0105s\u016bs nuotyki\u0173 ie\u0161kotojai, gera\u0161ird\u017eiai svajotojai","breadcrumb":{"@id":"https:\/\/skaitytaknyga.lt\/produktas\/negirdetos-anderseno-pasakos\/#breadcrumb"},"inLanguage":"en-GB","potentialAction":[{"@type":"ReadAction","target":["https:\/\/skaitytaknyga.lt\/produktas\/negirdetos-anderseno-pasakos\/"]}]},{"@type":"ImageObject","inLanguage":"en-GB","@id":"https:\/\/skaitytaknyga.lt\/produktas\/negirdetos-anderseno-pasakos\/#primaryimage","url":"https:\/\/skaitytaknyga.lt\/wp-content\/uploads\/2024\/07\/scan.webp","contentUrl":"https:\/\/skaitytaknyga.lt\/wp-content\/uploads\/2024\/07\/scan.webp","width":548,"height":800,"caption":"Negird\u0117tos Anderseno pasakos"},{"@type":"BreadcrumbList","@id":"https:\/\/skaitytaknyga.lt\/produktas\/negirdetos-anderseno-pasakos\/#breadcrumb","itemListElement":[{"@type":"ListItem","position":1,"name":"Home","item":"https:\/\/skaitytaknyga.lt\/"},{"@type":"ListItem","position":2,"name":"Parduotuv\u0117","item":"https:\/\/skaitytaknyga.lt\/knygu-parduotuve\/"},{"@type":"ListItem","position":3,"name":"Hans Christian Andersen \u201eNegird\u0117tos Anderseno pasakos\u201c (su nedideliu defektu)"}]},{"@type":"WebSite","@id":"https:\/\/skaitytaknyga.lt\/#website","url":"https:\/\/skaitytaknyga.lt\/","name":"skaitytaknyga.lt","description":"Skaitytaknyga.lt \u2013 tai ma\u017eas \u0161eimos verslas, kuris prasid\u0117jo nuo meil\u0117s knygoms ir siekio i\u0161gelb\u0117ti knygas nuo likimo prie konteinerio. Kas vienam nereikalingas daiktas \u2013 kitam lobis, o mes esame tarpininkai, kurie padeda abiems tapti laimingesniems ???? \u017dinome kaip nelengva i\u0161gyventi ma\u017eiems verslams, tad nuo \u0161iol, \u010dia rasite ir kit\u0173, ma\u017e\u0173 \u0161eim\u0173 versl\u0173, rank\u0173 darbo, dovan\u0173 sau ir artimiesiems.","publisher":{"@id":"https:\/\/skaitytaknyga.lt\/#organization"},"potentialAction":[{"@type":"SearchAction","target":{"@type":"EntryPoint","urlTemplate":"https:\/\/skaitytaknyga.lt\/?s={search_term_string}"},"query-input":{"@type":"PropertyValueSpecification","valueRequired":true,"valueName":"search_term_string"}}],"inLanguage":"en-GB"},{"@type":"Organization","@id":"https:\/\/skaitytaknyga.lt\/#organization","name":"skaitytaknyga.lt","url":"https:\/\/skaitytaknyga.lt\/","logo":{"@type":"ImageObject","inLanguage":"en-GB","@id":"https:\/\/skaitytaknyga.lt\/#\/schema\/logo\/image\/","url":"https:\/\/skaitytaknyga.lt\/wp-content\/uploads\/2024\/05\/cropped-cropped-cropped-02_00843_jt3bggkj1j3HLc7SyY6rEUpg.jpeg","contentUrl":"https:\/\/skaitytaknyga.lt\/wp-content\/uploads\/2024\/05\/cropped-cropped-cropped-02_00843_jt3bggkj1j3HLc7SyY6rEUpg.jpeg","width":1600,"height":1600,"caption":"skaitytaknyga.lt"},"image":{"@id":"https:\/\/skaitytaknyga.lt\/#\/schema\/logo\/image\/"},"sameAs":["https:\/\/www.facebook.com\/skaitytaknyga\/"]}]}},"_links":{"self":[{"href":"https:\/\/skaitytaknyga.lt\/en\/wp-json\/wp\/v2\/product\/13315","targetHints":{"allow":["GET"]}}],"collection":[{"href":"https:\/\/skaitytaknyga.lt\/en\/wp-json\/wp\/v2\/product"}],"about":[{"href":"https:\/\/skaitytaknyga.lt\/en\/wp-json\/wp\/v2\/types\/product"}],"replies":[{"embeddable":true,"href":"https:\/\/skaitytaknyga.lt\/en\/wp-json\/wp\/v2\/comments?post=13315"}],"wp:featuredmedia":[{"embeddable":true,"href":"https:\/\/skaitytaknyga.lt\/en\/wp-json\/wp\/v2\/media\/13316"}],"wp:attachment":[{"href":"https:\/\/skaitytaknyga.lt\/en\/wp-json\/wp\/v2\/media?parent=13315"}],"wp:term":[{"taxonomy":"product_brand","embeddable":true,"href":"https:\/\/skaitytaknyga.lt\/en\/wp-json\/wp\/v2\/product_brand?post=13315"},{"taxonomy":"product_cat","embeddable":true,"href":"https:\/\/skaitytaknyga.lt\/en\/wp-json\/wp\/v2\/product_cat?post=13315"},{"taxonomy":"product_tag","embeddable":true,"href":"https:\/\/skaitytaknyga.lt\/en\/wp-json\/wp\/v2\/product_tag?post=13315"}],"curies":[{"name":"wp","href":"https:\/\/api.w.org\/{rel}","templated":true}]}}