{"id":13308,"date":"2024-07-26T12:22:43","date_gmt":"2024-07-26T09:22:43","guid":{"rendered":"https:\/\/skaitytaknyga.lt\/?post_type=product&#038;p=13308"},"modified":"2024-07-26T15:47:39","modified_gmt":"2024-07-26T12:47:39","slug":"lobiu-ieskotojai-12-neitiketinu-istoriju-apie-prarastus-lobius-2","status":"publish","type":"product","link":"https:\/\/skaitytaknyga.lt\/en\/produktas\/lobiu-ieskotojai-12-neitiketinu-istoriju-apie-prarastus-lobius-2\/","title":{"rendered":"Lobi\u0173 ie\u0161kotojai. 12 ne\u012ftik\u0117tin\u0173 istorij\u0173 apie prarastus lobius"},"content":{"rendered":"<div class=\"Description-annotationText-3Re\">\n<p>12 ne\u012ftik\u0117tin\u0173 istorij\u0173 apie lobi\u0173 med\u017eiotojus, ie\u0161kojusius mitini\u0173 civilizacij\u0173, aukso skryni\u0173 ir pradingusi\u0173 g\u0117rybi\u0173. Kaip ir kiekvienoje lobio med\u017eiokl\u0117je, viskas prasid\u0117jo nuo u\u017euominos&#8230; O \u012f priek\u012f juos ved\u0117 nuotyki\u0173 ir nauj\u0173 atradim\u0173 tro\u0161kimas.<\/p>\n<p>Leiskis \u012f \u0161ias nepaprastas keliones kartu!<\/p>\n<p>Velyk\u0173 salos mil\u017einai<\/p>\n<p>Tutanchamono kapas<\/p>\n<p>Atlantida<\/p>\n<p>Ma\u010du Pik\u010du griuv\u0117siai<\/p>\n<p>Auksinis maj\u0173 antspaudas<\/p>\n<p>\u2022 Daug \u012fdomi\u0173 istorini\u0173 fakt\u0173 apie tikrus lobi\u0173 ie\u0161kotojus ir j\u0173 \u017eygius;<\/p>\n<p>\u2022 Suteikia \u017eini\u0173 apie \u012fvairias pasaulio kult\u016bras ir kult\u016bros vertybes;<\/p>\n<p>\u2022 Moko, kad norint pasiekti trok\u0161tam\u0105 tiksl\u0105 svarbu \u012fd\u0117ti daug pastang\u0173 ir niekada nenuleisti rank\u0173;<\/p>\n<p>\u2022 Knyga papildyta smagiomis u\u017eduotimis.<\/p>\n<\/div>\n<div class=\"Description-disclaimer-SoN pt-5\">\n<ul class=\"about-product d-none d-xl-block mt-4\">\n<li><strong>Originalus pavadinimas:<\/strong>\u00a0Treasure Hunters<\/li>\n<li><strong>Autorius:<\/strong>\u00a0Gabriella Santini<\/li>\n<li><strong>Leid\u0117jas:<\/strong>\u00a0Alma littera<\/li>\n<li><strong>Metai:<\/strong>\u00a02023<\/li>\n<li><strong>Puslapiai:<\/strong>\u00a080<\/li>\n<li><strong>ISBN:<\/strong>\u00a09786090152485<\/li>\n<li><strong>Versijos kodas:<\/strong>\u00a024<\/li>\n<li><strong>Formatas:<\/strong>\u00a021,5 x 27,5 x 1,4 cm, kieti vir\u0161eliai<\/li>\n<li><strong>Kalba:<\/strong>\u00a0Lietuvi\u0173<\/li>\n<li><strong>Vert\u0117jas:<\/strong>\u00a0Modestas Macijauskas<\/li>\n<\/ul>\n<\/div>\n","protected":false},"excerpt":{"rendered":"<p>12 ne\u012ftik\u0117tin\u0173 istorij\u0173 apie lobi\u0173 med\u017eiotojus, ie\u0161kojusius mitini\u0173 civilizacij\u0173, aukso skryni\u0173 ir pradingusi\u0173 g\u0117rybi\u0173. Kaip ir kiekvienoje lobio med\u017eiokl\u0117je, viskas prasid\u0117jo nuo u\u017euominos&#8230; O \u012f priek\u012f juos ved\u0117 nuotyki\u0173 ir nauj\u0173 atradim\u0173 tro\u0161kimas. Leiskis \u012f \u0161ias nepaprastas keliones kartu! Velyk\u0173 salos mil\u017einai Tutanchamono kapas Atlantida Ma\u010du Pik\u010du griuv\u0117siai Auksinis maj\u0173 antspaudas \u2022 Daug \u012fdomi\u0173 istorini\u0173 fakt\u0173 apie tikrus lobi\u0173 ie\u0161kotojus ir j\u0173 \u017eygius; \u2022 Suteikia \u017eini\u0173 apie \u012fvairias pasaulio kult\u016bras ir kult\u016bros vertybes; \u2022 Moko, kad norint pasiekti trok\u0161tam\u0105 tiksl\u0105 svarbu \u012fd\u0117ti daug pastang\u0173 ir niekada nenuleisti rank\u0173; \u2022 Knyga papildyta smagiomis u\u017eduotimis. Originalus pavadinimas:\u00a0Treasure Hunters Autorius:\u00a0Gabriella Santini Leid\u0117jas:\u00a0Alma littera Metai:\u00a02023 Puslapiai:\u00a080 ISBN:\u00a09786090152485 Versijos kodas:\u00a024 Formatas:\u00a021,5 x 27,5 x 1,4 cm, kieti vir\u0161eliai Kalba:\u00a0Lietuvi\u0173 Vert\u0117jas:\u00a0Modestas Macijauskas<\/p>\n","protected":false},"featured_media":13309,"comment_status":"closed","ping_status":"closed","template":"","meta":{"_acf_changed":false,"site-sidebar-layout":"default","site-content-layout":"","ast-site-content-layout":"default","site-content-style":"default","site-sidebar-style":"default","ast-global-header-display":"","ast-banner-title-visibility":"","ast-main-header-display":"","ast-hfb-above-header-display":"","ast-hfb-below-header-display":"","ast-hfb-mobile-header-display":"","site-post-title":"","ast-breadcrumbs-content":"","ast-featured-img":"","footer-sml-layout":"","ast-disable-related-posts":"","theme-transparent-header-meta":"default","adv-header-id-meta":"","stick-header-meta":"","header-above-stick-meta":"","header-main-stick-meta":"","header-below-stick-meta":"","astra-migrate-meta-layouts":"set","ast-page-background-enabled":"default","ast-page-background-meta":{"desktop":{"background-color":"","background-image":"","background-repeat":"repeat","background-position":"center center","background-size":"auto","background-attachment":"scroll","background-type":"","background-media":"","overlay-type":"","overlay-color":"","overlay-opacity":"","overlay-gradient":""},"tablet":{"background-color":"","background-image":"","background-repeat":"repeat","background-position":"center center","background-size":"auto","background-attachment":"scroll","background-type":"","background-media":"","overlay-type":"","overlay-color":"","overlay-opacity":"","overlay-gradient":""},"mobile":{"background-color":"","background-image":"","background-repeat":"repeat","background-position":"center center","background-size":"auto","background-attachment":"scroll","background-type":"","background-media":"","overlay-type":"","overlay-color":"","overlay-opacity":"","overlay-gradient":""}},"ast-content-background-meta":{"desktop":{"background-color":"var(--ast-global-color-4)","background-image":"","background-repeat":"repeat","background-position":"center center","background-size":"auto","background-attachment":"scroll","background-type":"","background-media":"","overlay-type":"","overlay-color":"","overlay-opacity":"","overlay-gradient":""},"tablet":{"background-color":"var(--ast-global-color-4)","background-image":"","background-repeat":"repeat","background-position":"center center","background-size":"auto","background-attachment":"scroll","background-type":"","background-media":"","overlay-type":"","overlay-color":"","overlay-opacity":"","overlay-gradient":""},"mobile":{"background-color":"var(--ast-global-color-4)","background-image":"","background-repeat":"repeat","background-position":"center center","background-size":"auto","background-attachment":"scroll","background-type":"","background-media":"","overlay-type":"","overlay-color":"","overlay-opacity":"","overlay-gradient":""}}},"product_brand":[],"product_cat":[35],"product_tag":[],"class_list":{"0":"post-13308","1":"product","2":"type-product","3":"status-publish","4":"has-post-thumbnail","6":"product_cat-vaikams-ir-paaugliams","7":"desktop-align-left","8":"tablet-align-left","9":"mobile-align-left","11":"first","12":"instock","13":"shipping-taxable","14":"purchasable","15":"product-type-simple"},"acf":[],"yoast_head":"<!-- This site is optimized with the Yoast SEO plugin v27.0 - https:\/\/yoast.com\/product\/yoast-seo-wordpress\/ -->\n<title>Lobi\u0173 ie\u0161kotojai. 12 ne\u012ftik\u0117tin\u0173 istorij\u0173 apie prarastus lobius<\/title>\n<meta name=\"description\" content=\"12 ne\u012ftik\u0117tin\u0173 istorij\u0173 apie lobi\u0173 med\u017eiotojus, ie\u0161kojusius mitini\u0173 civilizacij\u0173, aukso skryni\u0173 ir pradingusi\u0173 g\u0117rybi\u0173. Kaip ir kiekvienoje lobio med\u017eiokl\u0117je, viskas prasid\u0117jo nuo u\u017euominos.\" \/>\n<meta name=\"robots\" content=\"index, follow, max-snippet:-1, max-image-preview:large, max-video-preview:-1\" \/>\n<link rel=\"canonical\" href=\"https:\/\/skaitytaknyga.lt\/en\/produktas\/lobiu-ieskotojai-12-neitiketinu-istoriju-apie-prarastus-lobius-2\/\" \/>\n<meta property=\"og:locale\" content=\"en_GB\" \/>\n<meta property=\"og:locale:alternate\" content=\"lt_LT\" \/>\n<meta property=\"og:type\" content=\"article\" \/>\n<meta property=\"og:title\" content=\"Lobi\u0173 ie\u0161kotojai. 12 ne\u012ftik\u0117tin\u0173 istorij\u0173 apie prarastus lobius\" \/>\n<meta property=\"og:description\" content=\"12 ne\u012ftik\u0117tin\u0173 istorij\u0173 apie lobi\u0173 med\u017eiotojus, ie\u0161kojusius mitini\u0173 civilizacij\u0173, aukso skryni\u0173 ir pradingusi\u0173 g\u0117rybi\u0173. Kaip ir kiekvienoje lobio med\u017eiokl\u0117je, viskas prasid\u0117jo nuo u\u017euominos.\" \/>\n<meta property=\"og:url\" content=\"https:\/\/skaitytaknyga.lt\/en\/produktas\/lobiu-ieskotojai-12-neitiketinu-istoriju-apie-prarastus-lobius-2\/\" \/>\n<meta property=\"og:site_name\" content=\"Skaitytaknyga\" \/>\n<meta property=\"article:publisher\" content=\"https:\/\/www.facebook.com\/skaitytaknyga\/\" \/>\n<meta property=\"article:modified_time\" content=\"2024-07-26T12:47:39+00:00\" \/>\n<meta property=\"og:image\" content=\"https:\/\/skaitytaknyga.lt\/wp-content\/uploads\/2024\/07\/000000000001113938-4-9-d-9-49d90dda9f5296ee59b6eb7f09059a069411df42_lobiu_ieskotojai.webp\" \/>\n\t<meta property=\"og:image:width\" content=\"474\" \/>\n\t<meta property=\"og:image:height\" content=\"600\" \/>\n\t<meta property=\"og:image:type\" content=\"image\/webp\" \/>\n<meta name=\"twitter:card\" content=\"summary_large_image\" \/>\n<meta name=\"twitter:label1\" content=\"Estimated reading time\" \/>\n\t<meta name=\"twitter:data1\" content=\"1 minute\" \/>\n<script type=\"application\/ld+json\" class=\"yoast-schema-graph\">{\"@context\":\"https:\/\/schema.org\",\"@graph\":[{\"@type\":\"WebPage\",\"@id\":\"https:\/\/skaitytaknyga.lt\/produktas\/lobiu-ieskotojai-12-neitiketinu-istoriju-apie-prarastus-lobius-2\/\",\"url\":\"https:\/\/skaitytaknyga.lt\/produktas\/lobiu-ieskotojai-12-neitiketinu-istoriju-apie-prarastus-lobius-2\/\",\"name\":\"Lobi\u0173 ie\u0161kotojai. 12 ne\u012ftik\u0117tin\u0173 istorij\u0173 apie prarastus lobius\",\"isPartOf\":{\"@id\":\"https:\/\/skaitytaknyga.lt\/#website\"},\"primaryImageOfPage\":{\"@id\":\"https:\/\/skaitytaknyga.lt\/produktas\/lobiu-ieskotojai-12-neitiketinu-istoriju-apie-prarastus-lobius-2\/#primaryimage\"},\"image\":{\"@id\":\"https:\/\/skaitytaknyga.lt\/produktas\/lobiu-ieskotojai-12-neitiketinu-istoriju-apie-prarastus-lobius-2\/#primaryimage\"},\"thumbnailUrl\":\"https:\/\/skaitytaknyga.lt\/wp-content\/uploads\/2024\/07\/000000000001113938-4-9-d-9-49d90dda9f5296ee59b6eb7f09059a069411df42_lobiu_ieskotojai.webp\",\"datePublished\":\"2024-07-26T09:22:43+00:00\",\"dateModified\":\"2024-07-26T12:47:39+00:00\",\"description\":\"12 ne\u012ftik\u0117tin\u0173 istorij\u0173 apie lobi\u0173 med\u017eiotojus, ie\u0161kojusius mitini\u0173 civilizacij\u0173, aukso skryni\u0173 ir pradingusi\u0173 g\u0117rybi\u0173. Kaip ir kiekvienoje lobio med\u017eiokl\u0117je, viskas prasid\u0117jo nuo u\u017euominos.\",\"breadcrumb\":{\"@id\":\"https:\/\/skaitytaknyga.lt\/produktas\/lobiu-ieskotojai-12-neitiketinu-istoriju-apie-prarastus-lobius-2\/#breadcrumb\"},\"inLanguage\":\"en-GB\",\"potentialAction\":[{\"@type\":\"ReadAction\",\"target\":[\"https:\/\/skaitytaknyga.lt\/produktas\/lobiu-ieskotojai-12-neitiketinu-istoriju-apie-prarastus-lobius-2\/\"]}]},{\"@type\":\"ImageObject\",\"inLanguage\":\"en-GB\",\"@id\":\"https:\/\/skaitytaknyga.lt\/produktas\/lobiu-ieskotojai-12-neitiketinu-istoriju-apie-prarastus-lobius-2\/#primaryimage\",\"url\":\"https:\/\/skaitytaknyga.lt\/wp-content\/uploads\/2024\/07\/000000000001113938-4-9-d-9-49d90dda9f5296ee59b6eb7f09059a069411df42_lobiu_ieskotojai.webp\",\"contentUrl\":\"https:\/\/skaitytaknyga.lt\/wp-content\/uploads\/2024\/07\/000000000001113938-4-9-d-9-49d90dda9f5296ee59b6eb7f09059a069411df42_lobiu_ieskotojai.webp\",\"width\":474,\"height\":600,\"caption\":\"Lobi\u0173 ie\u0161kotojai. 12 ne\u012ftik\u0117tin\u0173 istorij\u0173 apie prarastus lobius\"},{\"@type\":\"BreadcrumbList\",\"@id\":\"https:\/\/skaitytaknyga.lt\/produktas\/lobiu-ieskotojai-12-neitiketinu-istoriju-apie-prarastus-lobius-2\/#breadcrumb\",\"itemListElement\":[{\"@type\":\"ListItem\",\"position\":1,\"name\":\"Home\",\"item\":\"https:\/\/skaitytaknyga.lt\/\"},{\"@type\":\"ListItem\",\"position\":2,\"name\":\"Parduotuv\u0117\",\"item\":\"https:\/\/skaitytaknyga.lt\/knygu-parduotuve\/\"},{\"@type\":\"ListItem\",\"position\":3,\"name\":\"Lobi\u0173 ie\u0161kotojai. 12 ne\u012ftik\u0117tin\u0173 istorij\u0173 apie prarastus lobius\"}]},{\"@type\":\"WebSite\",\"@id\":\"https:\/\/skaitytaknyga.lt\/#website\",\"url\":\"https:\/\/skaitytaknyga.lt\/\",\"name\":\"skaitytaknyga.lt\",\"description\":\"Skaitytaknyga.lt \u2013 tai ma\u017eas \u0161eimos verslas, kuris prasid\u0117jo nuo meil\u0117s knygoms ir siekio i\u0161gelb\u0117ti knygas nuo likimo prie konteinerio. Kas vienam nereikalingas daiktas \u2013 kitam lobis, o mes esame tarpininkai, kurie padeda abiems tapti laimingesniems ???? \u017dinome kaip nelengva i\u0161gyventi ma\u017eiems verslams, tad nuo \u0161iol, \u010dia rasite ir kit\u0173, ma\u017e\u0173 \u0161eim\u0173 versl\u0173, rank\u0173 darbo, dovan\u0173 sau ir artimiesiems.\",\"publisher\":{\"@id\":\"https:\/\/skaitytaknyga.lt\/#organization\"},\"potentialAction\":[{\"@type\":\"SearchAction\",\"target\":{\"@type\":\"EntryPoint\",\"urlTemplate\":\"https:\/\/skaitytaknyga.lt\/?s={search_term_string}\"},\"query-input\":{\"@type\":\"PropertyValueSpecification\",\"valueRequired\":true,\"valueName\":\"search_term_string\"}}],\"inLanguage\":\"en-GB\"},{\"@type\":\"Organization\",\"@id\":\"https:\/\/skaitytaknyga.lt\/#organization\",\"name\":\"skaitytaknyga.lt\",\"url\":\"https:\/\/skaitytaknyga.lt\/\",\"logo\":{\"@type\":\"ImageObject\",\"inLanguage\":\"en-GB\",\"@id\":\"https:\/\/skaitytaknyga.lt\/#\/schema\/logo\/image\/\",\"url\":\"https:\/\/skaitytaknyga.lt\/wp-content\/uploads\/2024\/05\/cropped-cropped-cropped-02_00843_jt3bggkj1j3HLc7SyY6rEUpg.jpeg\",\"contentUrl\":\"https:\/\/skaitytaknyga.lt\/wp-content\/uploads\/2024\/05\/cropped-cropped-cropped-02_00843_jt3bggkj1j3HLc7SyY6rEUpg.jpeg\",\"width\":1600,\"height\":1600,\"caption\":\"skaitytaknyga.lt\"},\"image\":{\"@id\":\"https:\/\/skaitytaknyga.lt\/#\/schema\/logo\/image\/\"},\"sameAs\":[\"https:\/\/www.facebook.com\/skaitytaknyga\/\"]}]}<\/script>\n<!-- \/ Yoast SEO plugin. -->","yoast_head_json":{"title":"Lobi\u0173 ie\u0161kotojai. 12 ne\u012ftik\u0117tin\u0173 istorij\u0173 apie prarastus lobius","description":"12 ne\u012ftik\u0117tin\u0173 istorij\u0173 apie lobi\u0173 med\u017eiotojus, ie\u0161kojusius mitini\u0173 civilizacij\u0173, aukso skryni\u0173 ir pradingusi\u0173 g\u0117rybi\u0173. Kaip ir kiekvienoje lobio med\u017eiokl\u0117je, viskas prasid\u0117jo nuo u\u017euominos.","robots":{"index":"index","follow":"follow","max-snippet":"max-snippet:-1","max-image-preview":"max-image-preview:large","max-video-preview":"max-video-preview:-1"},"canonical":"https:\/\/skaitytaknyga.lt\/en\/produktas\/lobiu-ieskotojai-12-neitiketinu-istoriju-apie-prarastus-lobius-2\/","og_locale":"en_GB","og_type":"article","og_title":"[:lt]Lobi\u0173 ie\u0161kotojai. 12 ne\u012ftik\u0117tin\u0173 istorij\u0173 apie prarastus lobius[:] - Skaitytaknyga","og_description":"12 ne\u012ftik\u0117tin\u0173 istorij\u0173 apie lobi\u0173 med\u017eiotojus, ie\u0161kojusius mitini\u0173 civilizacij\u0173, aukso skryni\u0173 ir pradingusi\u0173 g\u0117rybi\u0173. Kaip ir kiekvienoje lobio med\u017eiokl\u0117je, viskas prasid\u0117jo nuo u\u017euominos.","og_url":"https:\/\/skaitytaknyga.lt\/en\/produktas\/lobiu-ieskotojai-12-neitiketinu-istoriju-apie-prarastus-lobius-2\/","og_site_name":"Skaitytaknyga","article_publisher":"https:\/\/www.facebook.com\/skaitytaknyga\/","article_modified_time":"2024-07-26T12:47:39+00:00","og_image":[{"width":474,"height":600,"url":"https:\/\/skaitytaknyga.lt\/wp-content\/uploads\/2024\/07\/000000000001113938-4-9-d-9-49d90dda9f5296ee59b6eb7f09059a069411df42_lobiu_ieskotojai.webp","type":"image\/webp"}],"twitter_card":"summary_large_image","twitter_misc":{"Estimated reading time":"1 minute"},"schema":{"@context":"https:\/\/schema.org","@graph":[{"@type":"WebPage","@id":"https:\/\/skaitytaknyga.lt\/produktas\/lobiu-ieskotojai-12-neitiketinu-istoriju-apie-prarastus-lobius-2\/","url":"https:\/\/skaitytaknyga.lt\/produktas\/lobiu-ieskotojai-12-neitiketinu-istoriju-apie-prarastus-lobius-2\/","name":"Lobi\u0173 ie\u0161kotojai. 12 ne\u012ftik\u0117tin\u0173 istorij\u0173 apie prarastus lobius","isPartOf":{"@id":"https:\/\/skaitytaknyga.lt\/#website"},"primaryImageOfPage":{"@id":"https:\/\/skaitytaknyga.lt\/produktas\/lobiu-ieskotojai-12-neitiketinu-istoriju-apie-prarastus-lobius-2\/#primaryimage"},"image":{"@id":"https:\/\/skaitytaknyga.lt\/produktas\/lobiu-ieskotojai-12-neitiketinu-istoriju-apie-prarastus-lobius-2\/#primaryimage"},"thumbnailUrl":"https:\/\/skaitytaknyga.lt\/wp-content\/uploads\/2024\/07\/000000000001113938-4-9-d-9-49d90dda9f5296ee59b6eb7f09059a069411df42_lobiu_ieskotojai.webp","datePublished":"2024-07-26T09:22:43+00:00","dateModified":"2024-07-26T12:47:39+00:00","description":"12 ne\u012ftik\u0117tin\u0173 istorij\u0173 apie lobi\u0173 med\u017eiotojus, ie\u0161kojusius mitini\u0173 civilizacij\u0173, aukso skryni\u0173 ir pradingusi\u0173 g\u0117rybi\u0173. Kaip ir kiekvienoje lobio med\u017eiokl\u0117je, viskas prasid\u0117jo nuo u\u017euominos.","breadcrumb":{"@id":"https:\/\/skaitytaknyga.lt\/produktas\/lobiu-ieskotojai-12-neitiketinu-istoriju-apie-prarastus-lobius-2\/#breadcrumb"},"inLanguage":"en-GB","potentialAction":[{"@type":"ReadAction","target":["https:\/\/skaitytaknyga.lt\/produktas\/lobiu-ieskotojai-12-neitiketinu-istoriju-apie-prarastus-lobius-2\/"]}]},{"@type":"ImageObject","inLanguage":"en-GB","@id":"https:\/\/skaitytaknyga.lt\/produktas\/lobiu-ieskotojai-12-neitiketinu-istoriju-apie-prarastus-lobius-2\/#primaryimage","url":"https:\/\/skaitytaknyga.lt\/wp-content\/uploads\/2024\/07\/000000000001113938-4-9-d-9-49d90dda9f5296ee59b6eb7f09059a069411df42_lobiu_ieskotojai.webp","contentUrl":"https:\/\/skaitytaknyga.lt\/wp-content\/uploads\/2024\/07\/000000000001113938-4-9-d-9-49d90dda9f5296ee59b6eb7f09059a069411df42_lobiu_ieskotojai.webp","width":474,"height":600,"caption":"Lobi\u0173 ie\u0161kotojai. 12 ne\u012ftik\u0117tin\u0173 istorij\u0173 apie prarastus lobius"},{"@type":"BreadcrumbList","@id":"https:\/\/skaitytaknyga.lt\/produktas\/lobiu-ieskotojai-12-neitiketinu-istoriju-apie-prarastus-lobius-2\/#breadcrumb","itemListElement":[{"@type":"ListItem","position":1,"name":"Home","item":"https:\/\/skaitytaknyga.lt\/"},{"@type":"ListItem","position":2,"name":"Parduotuv\u0117","item":"https:\/\/skaitytaknyga.lt\/knygu-parduotuve\/"},{"@type":"ListItem","position":3,"name":"Lobi\u0173 ie\u0161kotojai. 12 ne\u012ftik\u0117tin\u0173 istorij\u0173 apie prarastus lobius"}]},{"@type":"WebSite","@id":"https:\/\/skaitytaknyga.lt\/#website","url":"https:\/\/skaitytaknyga.lt\/","name":"skaitytaknyga.lt","description":"Skaitytaknyga.lt \u2013 tai ma\u017eas \u0161eimos verslas, kuris prasid\u0117jo nuo meil\u0117s knygoms ir siekio i\u0161gelb\u0117ti knygas nuo likimo prie konteinerio. Kas vienam nereikalingas daiktas \u2013 kitam lobis, o mes esame tarpininkai, kurie padeda abiems tapti laimingesniems ???? \u017dinome kaip nelengva i\u0161gyventi ma\u017eiems verslams, tad nuo \u0161iol, \u010dia rasite ir kit\u0173, ma\u017e\u0173 \u0161eim\u0173 versl\u0173, rank\u0173 darbo, dovan\u0173 sau ir artimiesiems.","publisher":{"@id":"https:\/\/skaitytaknyga.lt\/#organization"},"potentialAction":[{"@type":"SearchAction","target":{"@type":"EntryPoint","urlTemplate":"https:\/\/skaitytaknyga.lt\/?s={search_term_string}"},"query-input":{"@type":"PropertyValueSpecification","valueRequired":true,"valueName":"search_term_string"}}],"inLanguage":"en-GB"},{"@type":"Organization","@id":"https:\/\/skaitytaknyga.lt\/#organization","name":"skaitytaknyga.lt","url":"https:\/\/skaitytaknyga.lt\/","logo":{"@type":"ImageObject","inLanguage":"en-GB","@id":"https:\/\/skaitytaknyga.lt\/#\/schema\/logo\/image\/","url":"https:\/\/skaitytaknyga.lt\/wp-content\/uploads\/2024\/05\/cropped-cropped-cropped-02_00843_jt3bggkj1j3HLc7SyY6rEUpg.jpeg","contentUrl":"https:\/\/skaitytaknyga.lt\/wp-content\/uploads\/2024\/05\/cropped-cropped-cropped-02_00843_jt3bggkj1j3HLc7SyY6rEUpg.jpeg","width":1600,"height":1600,"caption":"skaitytaknyga.lt"},"image":{"@id":"https:\/\/skaitytaknyga.lt\/#\/schema\/logo\/image\/"},"sameAs":["https:\/\/www.facebook.com\/skaitytaknyga\/"]}]}},"_links":{"self":[{"href":"https:\/\/skaitytaknyga.lt\/en\/wp-json\/wp\/v2\/product\/13308","targetHints":{"allow":["GET"]}}],"collection":[{"href":"https:\/\/skaitytaknyga.lt\/en\/wp-json\/wp\/v2\/product"}],"about":[{"href":"https:\/\/skaitytaknyga.lt\/en\/wp-json\/wp\/v2\/types\/product"}],"replies":[{"embeddable":true,"href":"https:\/\/skaitytaknyga.lt\/en\/wp-json\/wp\/v2\/comments?post=13308"}],"wp:featuredmedia":[{"embeddable":true,"href":"https:\/\/skaitytaknyga.lt\/en\/wp-json\/wp\/v2\/media\/13309"}],"wp:attachment":[{"href":"https:\/\/skaitytaknyga.lt\/en\/wp-json\/wp\/v2\/media?parent=13308"}],"wp:term":[{"taxonomy":"product_brand","embeddable":true,"href":"https:\/\/skaitytaknyga.lt\/en\/wp-json\/wp\/v2\/product_brand?post=13308"},{"taxonomy":"product_cat","embeddable":true,"href":"https:\/\/skaitytaknyga.lt\/en\/wp-json\/wp\/v2\/product_cat?post=13308"},{"taxonomy":"product_tag","embeddable":true,"href":"https:\/\/skaitytaknyga.lt\/en\/wp-json\/wp\/v2\/product_tag?post=13308"}],"curies":[{"name":"wp","href":"https:\/\/api.w.org\/{rel}","templated":true}]}}