{"id":13306,"date":"2024-07-26T12:18:23","date_gmt":"2024-07-26T09:18:23","guid":{"rendered":"https:\/\/skaitytaknyga.lt\/?post_type=product&#038;p=13306"},"modified":"2026-04-01T12:05:28","modified_gmt":"2026-04-01T09:05:28","slug":"william-golding-musiu-valdovas","status":"publish","type":"product","link":"https:\/\/skaitytaknyga.lt\/en\/produktas\/william-golding-musiu-valdovas\/","title":{"rendered":"Musi\u0173 valdovas"},"content":{"rendered":"<p>Romanas\u00a0<strong>\u201eMusi\u0173 valdovas\u201c<\/strong>\u00a0\u2013 klasika tap\u0119s filosofinis angl\u0173 ra\u0161ytojo William Golding pasakojimas apie berniukus, likusius vienus negyvenamoje saloje ir kurian\u010dius trapi\u0105 bendruomen\u0119, nes\u0117kmingai bandan\u010dius i\u0161likti civilizuotais \u017emon\u0117mis ir kovojan\u010diu su savo tamsiausiomis baim\u0117mis.<\/p>\n<p>Pasaulinio karo i\u0161vakar\u0117se ne\u017einomoje saloje sud\u016b\u017eta l\u0117ktuvas. Grup\u0117 moksleivi\u0173 berniuk\u0173 saloje atsiduria visi\u0161kai vieni. I\u0161 prad\u017ei\u0173 jie m\u0117gaujasi savo laisve ir visi\u0161ku suaugusi\u0173j\u0173 kontrol\u0117s nebuvimu. Taip toli nuo civilizacijos berniukai pagaliau gali daryti k\u0105 tik nori. Visk\u0105. Jie bando sukurti savo bendruomen\u0119, savo taisykles, ta\u010diau vaikams nepavyksta susidoroti su blogiu ir teroru. J\u0173 bandymai gyventi civilizuotai \u017elunga paai\u0161k\u0117jus, kad draugyst\u0119 ir bendryst\u0119 \u012fveikia baim\u0117 ir neapykanta. Ir civilizacijos \u010dia n\u0117ra, \u010dia kur kas svarbesn\u0117 j\u0117ga. Vadovauja tas, kuris yra stipresnis. Kuris nebijo net pralieti kraujo&#8230;<br \/>\nKai teroras \u012fsisiaut\u0117ja, o tvarka gri\u016bva, viltis, jog visa tai bus nuotykis ima atrodyti nereali, dar labiau ne\u012ftik\u0117tina atrodo galimyb\u0117 b\u016bti i\u0161gelb\u0117tiems.<\/p>\n<p>\u012esp\u016bdingas salos gro\u017eis, simboliniai \u017eenklai ir veiksmai sukuria ypating\u0105 \u201eMusi\u0173 valdovo\u201c atmosfer\u0105, o vaik\u0173 elgesys ir j\u0173 sprendimai i\u0161kelia roman\u0105 auk\u0161\u010diau vaiki\u0161kos literat\u016bros ir prilygina filosofiniams k\u016briniams.<\/p>\n<p>\u201eMusi\u0173 valdovas\u201c \u2013 tai filosofinis alegorinis romanas, atskleid\u0119s \u017eemiausi\u0173 instinkt\u0173 ir nuod\u0117mi\u0173 slaptavietes \u017emogaus sieloje. Moralinis pasakojimas ar net apokalips\u0117s vizija \u2013 \u201eMusi\u0173 valdovas\u201c yra iki \u0161iol vienas \u012fsimintiniausi\u0173 pasakojim\u0173 apie \u017emogaus sielos tams\u0105.<\/p>\n<p>Pasak paties romano autoriaus William Golding, tereikia tam tikr\u0173 s\u0105lyg\u0173, kad \u017eemiausi \u017emogaus polinkiai tarpt\u0173 ir u\u017ego\u017et\u0173 auk\u0161tesnius tikslus. Tad kas skiria \u017emog\u0173 nuo \u017ev\u0117ries?<\/p>\n<ul class=\"details-list mt5\">\n<li>Pavadinimas originalo kalba:\u00a0Lord of the Flies<\/li>\n<li>Autorius:\u00a0Viljamas Goldingas (William Golding)<\/li>\n<li>Leid\u0117jas:\u00a0Alma littera<\/li>\n<li>I\u0161leidimo metai:\u00a02020<\/li>\n<li>Knygos puslapi\u0173 skai\u010dius:\u00a0312<\/li>\n<li>Formatas:\u00a013&#215;20, kieti vir\u0161eliai<\/li>\n<li>ISBN ar kodas:\u00a09786090123133<\/li>\n<li>Vert\u0117jas:\u00a0Aleksandra Dantait\u0117<\/li>\n<li>I\u0161 kokios kalbos versta:\u00a0angl\u0173<\/li>\n<\/ul>\n","protected":false},"excerpt":{"rendered":"<p>Romanas\u00a0\u201eMusi\u0173 valdovas\u201c\u00a0\u2013 klasika tap\u0119s filosofinis angl\u0173 ra\u0161ytojo William Golding pasakojimas apie berniukus, likusius vienus negyvenamoje saloje ir kurian\u010dius trapi\u0105 bendruomen\u0119, nes\u0117kmingai bandan\u010dius i\u0161likti civilizuotais \u017emon\u0117mis ir kovojan\u010diu su savo tamsiausiomis baim\u0117mis. Pasaulinio karo i\u0161vakar\u0117se ne\u017einomoje saloje sud\u016b\u017eta l\u0117ktuvas. Grup\u0117 moksleivi\u0173 berniuk\u0173 saloje atsiduria visi\u0161kai vieni. I\u0161 prad\u017ei\u0173 jie m\u0117gaujasi savo laisve ir visi\u0161ku suaugusi\u0173j\u0173 kontrol\u0117s nebuvimu. Taip toli nuo civilizacijos berniukai pagaliau gali daryti k\u0105 tik nori. Visk\u0105. Jie bando sukurti savo bendruomen\u0119, savo taisykles, ta\u010diau vaikams nepavyksta susidoroti su blogiu ir teroru. J\u0173 bandymai gyventi civilizuotai \u017elunga paai\u0161k\u0117jus, kad draugyst\u0119 ir bendryst\u0119 \u012fveikia baim\u0117 ir neapykanta. Ir civilizacijos \u010dia n\u0117ra, \u010dia kur kas svarbesn\u0117 j\u0117ga. Vadovauja tas, kuris yra stipresnis. Kuris nebijo net pralieti kraujo&#8230; Kai teroras \u012fsisiaut\u0117ja, o tvarka gri\u016bva, viltis, jog visa tai bus nuotykis ima atrodyti nereali, dar labiau ne\u012ftik\u0117tina atrodo galimyb\u0117 b\u016bti i\u0161gelb\u0117tiems. \u012esp\u016bdingas salos gro\u017eis, simboliniai \u017eenklai ir veiksmai sukuria ypating\u0105 \u201eMusi\u0173 valdovo\u201c atmosfer\u0105, o vaik\u0173 elgesys ir j\u0173 sprendimai i\u0161kelia roman\u0105 auk\u0161\u010diau vaiki\u0161kos literat\u016bros ir prilygina filosofiniams k\u016briniams. \u201eMusi\u0173 valdovas\u201c \u2013 tai filosofinis alegorinis romanas, atskleid\u0119s \u017eemiausi\u0173 instinkt\u0173 ir nuod\u0117mi\u0173 slaptavietes \u017emogaus sieloje. Moralinis pasakojimas ar net apokalips\u0117s vizija \u2013 \u201eMusi\u0173 valdovas\u201c yra iki \u0161iol vienas \u012fsimintiniausi\u0173 pasakojim\u0173 apie \u017emogaus sielos tams\u0105. Pasak paties romano autoriaus William Golding, tereikia tam tikr\u0173 s\u0105lyg\u0173, kad \u017eemiausi \u017emogaus polinkiai tarpt\u0173 ir u\u017ego\u017et\u0173 auk\u0161tesnius tikslus. Tad kas skiria \u017emog\u0173 nuo \u017ev\u0117ries? Pavadinimas originalo kalba:\u00a0Lord of the Flies Autorius:\u00a0Viljamas Goldingas (William Golding) Leid\u0117jas:\u00a0Alma littera I\u0161leidimo metai:\u00a02020 Knygos puslapi\u0173 skai\u010dius:\u00a0312 Formatas:\u00a013&#215;20, kieti vir\u0161eliai ISBN ar kodas:\u00a09786090123133 Vert\u0117jas:\u00a0Aleksandra Dantait\u0117 I\u0161 kokios kalbos versta:\u00a0angl\u0173<\/p>\n","protected":false},"featured_media":13307,"comment_status":"closed","ping_status":"closed","template":"","meta":{"_acf_changed":false,"site-sidebar-layout":"default","site-content-layout":"","ast-site-content-layout":"default","site-content-style":"default","site-sidebar-style":"default","ast-global-header-display":"","ast-banner-title-visibility":"","ast-main-header-display":"","ast-hfb-above-header-display":"","ast-hfb-below-header-display":"","ast-hfb-mobile-header-display":"","site-post-title":"","ast-breadcrumbs-content":"","ast-featured-img":"","footer-sml-layout":"","ast-disable-related-posts":"","theme-transparent-header-meta":"default","adv-header-id-meta":"","stick-header-meta":"","header-above-stick-meta":"","header-main-stick-meta":"","header-below-stick-meta":"","astra-migrate-meta-layouts":"set","ast-page-background-enabled":"default","ast-page-background-meta":{"desktop":{"background-color":"","background-image":"","background-repeat":"repeat","background-position":"center center","background-size":"auto","background-attachment":"scroll","background-type":"","background-media":"","overlay-type":"","overlay-color":"","overlay-opacity":"","overlay-gradient":""},"tablet":{"background-color":"","background-image":"","background-repeat":"repeat","background-position":"center center","background-size":"auto","background-attachment":"scroll","background-type":"","background-media":"","overlay-type":"","overlay-color":"","overlay-opacity":"","overlay-gradient":""},"mobile":{"background-color":"","background-image":"","background-repeat":"repeat","background-position":"center center","background-size":"auto","background-attachment":"scroll","background-type":"","background-media":"","overlay-type":"","overlay-color":"","overlay-opacity":"","overlay-gradient":""}},"ast-content-background-meta":{"desktop":{"background-color":"var(--ast-global-color-4)","background-image":"","background-repeat":"repeat","background-position":"center center","background-size":"auto","background-attachment":"scroll","background-type":"","background-media":"","overlay-type":"","overlay-color":"","overlay-opacity":"","overlay-gradient":""},"tablet":{"background-color":"var(--ast-global-color-4)","background-image":"","background-repeat":"repeat","background-position":"center center","background-size":"auto","background-attachment":"scroll","background-type":"","background-media":"","overlay-type":"","overlay-color":"","overlay-opacity":"","overlay-gradient":""},"mobile":{"background-color":"var(--ast-global-color-4)","background-image":"","background-repeat":"repeat","background-position":"center center","background-size":"auto","background-attachment":"scroll","background-type":"","background-media":"","overlay-type":"","overlay-color":"","overlay-opacity":"","overlay-gradient":""}}},"product_brand":[],"product_cat":[331,35],"product_tag":[],"class_list":{"0":"post-13306","1":"product","2":"type-product","3":"status-publish","4":"has-post-thumbnail","6":"product_cat-programine-literatura","7":"product_cat-vaikams-ir-paaugliams","8":"desktop-align-left","9":"tablet-align-left","10":"mobile-align-left","12":"first","13":"instock","14":"shipping-taxable","15":"purchasable","16":"product-type-simple"},"acf":[],"yoast_head":"<!-- This site is optimized with the Yoast SEO plugin v27.0 - https:\/\/yoast.com\/product\/yoast-seo-wordpress\/ -->\n<title>Musi\u0173 valdovas<\/title>\n<meta name=\"description\" content=\"\u201eMusi\u0173 valdovas\u201c\u00a0\u2013 filosofinis angl\u0173 ra\u0161ytojo W. Golding pasakojimas apie berniukus, likusius vienus negyvenamoje saloje ir kurian\u010dius bendruomen\u0119.\" \/>\n<meta name=\"robots\" content=\"index, follow, max-snippet:-1, max-image-preview:large, max-video-preview:-1\" \/>\n<link rel=\"canonical\" href=\"https:\/\/skaitytaknyga.lt\/en\/produktas\/william-golding-musiu-valdovas\/\" \/>\n<meta property=\"og:locale\" content=\"en_GB\" \/>\n<meta property=\"og:locale:alternate\" content=\"lt_LT\" \/>\n<meta property=\"og:type\" content=\"article\" \/>\n<meta property=\"og:title\" content=\"Musi\u0173 valdovas\" \/>\n<meta property=\"og:description\" content=\"\u201eMusi\u0173 valdovas\u201c\u00a0\u2013 filosofinis angl\u0173 ra\u0161ytojo W. Golding pasakojimas apie berniukus, likusius vienus negyvenamoje saloje ir kurian\u010dius bendruomen\u0119.\" \/>\n<meta property=\"og:url\" content=\"https:\/\/skaitytaknyga.lt\/en\/produktas\/william-golding-musiu-valdovas\/\" \/>\n<meta property=\"og:site_name\" content=\"Skaitytaknyga\" \/>\n<meta property=\"article:publisher\" content=\"https:\/\/www.facebook.com\/skaitytaknyga\/\" \/>\n<meta property=\"article:modified_time\" content=\"2026-04-01T09:05:28+00:00\" \/>\n<meta property=\"og:image\" content=\"https:\/\/skaitytaknyga.lt\/wp-content\/uploads\/2024\/07\/musiu-valdovas.jpg\" \/>\n\t<meta property=\"og:image:width\" content=\"286\" \/>\n\t<meta property=\"og:image:height\" content=\"450\" \/>\n\t<meta property=\"og:image:type\" content=\"image\/jpeg\" \/>\n<meta name=\"twitter:card\" content=\"summary_large_image\" \/>\n<meta name=\"twitter:label1\" content=\"Estimated reading time\" \/>\n\t<meta name=\"twitter:data1\" content=\"2 minutes\" \/>\n<script type=\"application\/ld+json\" class=\"yoast-schema-graph\">{\"@context\":\"https:\/\/schema.org\",\"@graph\":[{\"@type\":\"WebPage\",\"@id\":\"https:\/\/skaitytaknyga.lt\/produktas\/william-golding-musiu-valdovas\/\",\"url\":\"https:\/\/skaitytaknyga.lt\/produktas\/william-golding-musiu-valdovas\/\",\"name\":\"Musi\u0173 valdovas\",\"isPartOf\":{\"@id\":\"https:\/\/skaitytaknyga.lt\/#website\"},\"primaryImageOfPage\":{\"@id\":\"https:\/\/skaitytaknyga.lt\/produktas\/william-golding-musiu-valdovas\/#primaryimage\"},\"image\":{\"@id\":\"https:\/\/skaitytaknyga.lt\/produktas\/william-golding-musiu-valdovas\/#primaryimage\"},\"thumbnailUrl\":\"https:\/\/skaitytaknyga.lt\/wp-content\/uploads\/2024\/07\/musiu-valdovas.jpg\",\"datePublished\":\"2024-07-26T09:18:23+00:00\",\"dateModified\":\"2026-04-01T09:05:28+00:00\",\"description\":\"\u201eMusi\u0173 valdovas\u201c\u00a0\u2013 filosofinis angl\u0173 ra\u0161ytojo W. Golding pasakojimas apie berniukus, likusius vienus negyvenamoje saloje ir kurian\u010dius bendruomen\u0119.\",\"breadcrumb\":{\"@id\":\"https:\/\/skaitytaknyga.lt\/produktas\/william-golding-musiu-valdovas\/#breadcrumb\"},\"inLanguage\":\"en-GB\",\"potentialAction\":[{\"@type\":\"ReadAction\",\"target\":[\"https:\/\/skaitytaknyga.lt\/produktas\/william-golding-musiu-valdovas\/\"]}]},{\"@type\":\"ImageObject\",\"inLanguage\":\"en-GB\",\"@id\":\"https:\/\/skaitytaknyga.lt\/produktas\/william-golding-musiu-valdovas\/#primaryimage\",\"url\":\"https:\/\/skaitytaknyga.lt\/wp-content\/uploads\/2024\/07\/musiu-valdovas.jpg\",\"contentUrl\":\"https:\/\/skaitytaknyga.lt\/wp-content\/uploads\/2024\/07\/musiu-valdovas.jpg\",\"width\":286,\"height\":450,\"caption\":\"musi\u0173 valdovas\"},{\"@type\":\"BreadcrumbList\",\"@id\":\"https:\/\/skaitytaknyga.lt\/produktas\/william-golding-musiu-valdovas\/#breadcrumb\",\"itemListElement\":[{\"@type\":\"ListItem\",\"position\":1,\"name\":\"Home\",\"item\":\"https:\/\/skaitytaknyga.lt\/\"},{\"@type\":\"ListItem\",\"position\":2,\"name\":\"Parduotuv\u0117\",\"item\":\"https:\/\/skaitytaknyga.lt\/knygu-parduotuve\/\"},{\"@type\":\"ListItem\",\"position\":3,\"name\":\"Musi\u0173 valdovas\"}]},{\"@type\":\"WebSite\",\"@id\":\"https:\/\/skaitytaknyga.lt\/#website\",\"url\":\"https:\/\/skaitytaknyga.lt\/\",\"name\":\"skaitytaknyga.lt\",\"description\":\"Skaitytaknyga.lt \u2013 tai ma\u017eas \u0161eimos verslas, kuris prasid\u0117jo nuo meil\u0117s knygoms ir siekio i\u0161gelb\u0117ti knygas nuo likimo prie konteinerio. Kas vienam nereikalingas daiktas \u2013 kitam lobis, o mes esame tarpininkai, kurie padeda abiems tapti laimingesniems ???? \u017dinome kaip nelengva i\u0161gyventi ma\u017eiems verslams, tad nuo \u0161iol, \u010dia rasite ir kit\u0173, ma\u017e\u0173 \u0161eim\u0173 versl\u0173, rank\u0173 darbo, dovan\u0173 sau ir artimiesiems.\",\"publisher\":{\"@id\":\"https:\/\/skaitytaknyga.lt\/#organization\"},\"potentialAction\":[{\"@type\":\"SearchAction\",\"target\":{\"@type\":\"EntryPoint\",\"urlTemplate\":\"https:\/\/skaitytaknyga.lt\/?s={search_term_string}\"},\"query-input\":{\"@type\":\"PropertyValueSpecification\",\"valueRequired\":true,\"valueName\":\"search_term_string\"}}],\"inLanguage\":\"en-GB\"},{\"@type\":\"Organization\",\"@id\":\"https:\/\/skaitytaknyga.lt\/#organization\",\"name\":\"skaitytaknyga.lt\",\"url\":\"https:\/\/skaitytaknyga.lt\/\",\"logo\":{\"@type\":\"ImageObject\",\"inLanguage\":\"en-GB\",\"@id\":\"https:\/\/skaitytaknyga.lt\/#\/schema\/logo\/image\/\",\"url\":\"https:\/\/skaitytaknyga.lt\/wp-content\/uploads\/2024\/05\/cropped-cropped-cropped-02_00843_jt3bggkj1j3HLc7SyY6rEUpg.jpeg\",\"contentUrl\":\"https:\/\/skaitytaknyga.lt\/wp-content\/uploads\/2024\/05\/cropped-cropped-cropped-02_00843_jt3bggkj1j3HLc7SyY6rEUpg.jpeg\",\"width\":1600,\"height\":1600,\"caption\":\"skaitytaknyga.lt\"},\"image\":{\"@id\":\"https:\/\/skaitytaknyga.lt\/#\/schema\/logo\/image\/\"},\"sameAs\":[\"https:\/\/www.facebook.com\/skaitytaknyga\/\"]}]}<\/script>\n<!-- \/ Yoast SEO plugin. -->","yoast_head_json":{"title":"Musi\u0173 valdovas","description":"\u201eMusi\u0173 valdovas\u201c\u00a0\u2013 filosofinis angl\u0173 ra\u0161ytojo W. Golding pasakojimas apie berniukus, likusius vienus negyvenamoje saloje ir kurian\u010dius bendruomen\u0119.","robots":{"index":"index","follow":"follow","max-snippet":"max-snippet:-1","max-image-preview":"max-image-preview:large","max-video-preview":"max-video-preview:-1"},"canonical":"https:\/\/skaitytaknyga.lt\/en\/produktas\/william-golding-musiu-valdovas\/","og_locale":"en_GB","og_type":"article","og_title":"[:lt]Musi\u0173 valdovas[:] - Skaitytaknyga","og_description":"\u201eMusi\u0173 valdovas\u201c\u00a0\u2013 filosofinis angl\u0173 ra\u0161ytojo W. Golding pasakojimas apie berniukus, likusius vienus negyvenamoje saloje ir kurian\u010dius bendruomen\u0119.","og_url":"https:\/\/skaitytaknyga.lt\/en\/produktas\/william-golding-musiu-valdovas\/","og_site_name":"Skaitytaknyga","article_publisher":"https:\/\/www.facebook.com\/skaitytaknyga\/","article_modified_time":"2026-04-01T09:05:28+00:00","og_image":[{"width":286,"height":450,"url":"https:\/\/skaitytaknyga.lt\/wp-content\/uploads\/2024\/07\/musiu-valdovas.jpg","type":"image\/jpeg"}],"twitter_card":"summary_large_image","twitter_misc":{"Estimated reading time":"2 minutes"},"schema":{"@context":"https:\/\/schema.org","@graph":[{"@type":"WebPage","@id":"https:\/\/skaitytaknyga.lt\/produktas\/william-golding-musiu-valdovas\/","url":"https:\/\/skaitytaknyga.lt\/produktas\/william-golding-musiu-valdovas\/","name":"Musi\u0173 valdovas","isPartOf":{"@id":"https:\/\/skaitytaknyga.lt\/#website"},"primaryImageOfPage":{"@id":"https:\/\/skaitytaknyga.lt\/produktas\/william-golding-musiu-valdovas\/#primaryimage"},"image":{"@id":"https:\/\/skaitytaknyga.lt\/produktas\/william-golding-musiu-valdovas\/#primaryimage"},"thumbnailUrl":"https:\/\/skaitytaknyga.lt\/wp-content\/uploads\/2024\/07\/musiu-valdovas.jpg","datePublished":"2024-07-26T09:18:23+00:00","dateModified":"2026-04-01T09:05:28+00:00","description":"\u201eMusi\u0173 valdovas\u201c\u00a0\u2013 filosofinis angl\u0173 ra\u0161ytojo W. Golding pasakojimas apie berniukus, likusius vienus negyvenamoje saloje ir kurian\u010dius bendruomen\u0119.","breadcrumb":{"@id":"https:\/\/skaitytaknyga.lt\/produktas\/william-golding-musiu-valdovas\/#breadcrumb"},"inLanguage":"en-GB","potentialAction":[{"@type":"ReadAction","target":["https:\/\/skaitytaknyga.lt\/produktas\/william-golding-musiu-valdovas\/"]}]},{"@type":"ImageObject","inLanguage":"en-GB","@id":"https:\/\/skaitytaknyga.lt\/produktas\/william-golding-musiu-valdovas\/#primaryimage","url":"https:\/\/skaitytaknyga.lt\/wp-content\/uploads\/2024\/07\/musiu-valdovas.jpg","contentUrl":"https:\/\/skaitytaknyga.lt\/wp-content\/uploads\/2024\/07\/musiu-valdovas.jpg","width":286,"height":450,"caption":"musi\u0173 valdovas"},{"@type":"BreadcrumbList","@id":"https:\/\/skaitytaknyga.lt\/produktas\/william-golding-musiu-valdovas\/#breadcrumb","itemListElement":[{"@type":"ListItem","position":1,"name":"Home","item":"https:\/\/skaitytaknyga.lt\/"},{"@type":"ListItem","position":2,"name":"Parduotuv\u0117","item":"https:\/\/skaitytaknyga.lt\/knygu-parduotuve\/"},{"@type":"ListItem","position":3,"name":"Musi\u0173 valdovas"}]},{"@type":"WebSite","@id":"https:\/\/skaitytaknyga.lt\/#website","url":"https:\/\/skaitytaknyga.lt\/","name":"skaitytaknyga.lt","description":"Skaitytaknyga.lt \u2013 tai ma\u017eas \u0161eimos verslas, kuris prasid\u0117jo nuo meil\u0117s knygoms ir siekio i\u0161gelb\u0117ti knygas nuo likimo prie konteinerio. Kas vienam nereikalingas daiktas \u2013 kitam lobis, o mes esame tarpininkai, kurie padeda abiems tapti laimingesniems ???? \u017dinome kaip nelengva i\u0161gyventi ma\u017eiems verslams, tad nuo \u0161iol, \u010dia rasite ir kit\u0173, ma\u017e\u0173 \u0161eim\u0173 versl\u0173, rank\u0173 darbo, dovan\u0173 sau ir artimiesiems.","publisher":{"@id":"https:\/\/skaitytaknyga.lt\/#organization"},"potentialAction":[{"@type":"SearchAction","target":{"@type":"EntryPoint","urlTemplate":"https:\/\/skaitytaknyga.lt\/?s={search_term_string}"},"query-input":{"@type":"PropertyValueSpecification","valueRequired":true,"valueName":"search_term_string"}}],"inLanguage":"en-GB"},{"@type":"Organization","@id":"https:\/\/skaitytaknyga.lt\/#organization","name":"skaitytaknyga.lt","url":"https:\/\/skaitytaknyga.lt\/","logo":{"@type":"ImageObject","inLanguage":"en-GB","@id":"https:\/\/skaitytaknyga.lt\/#\/schema\/logo\/image\/","url":"https:\/\/skaitytaknyga.lt\/wp-content\/uploads\/2024\/05\/cropped-cropped-cropped-02_00843_jt3bggkj1j3HLc7SyY6rEUpg.jpeg","contentUrl":"https:\/\/skaitytaknyga.lt\/wp-content\/uploads\/2024\/05\/cropped-cropped-cropped-02_00843_jt3bggkj1j3HLc7SyY6rEUpg.jpeg","width":1600,"height":1600,"caption":"skaitytaknyga.lt"},"image":{"@id":"https:\/\/skaitytaknyga.lt\/#\/schema\/logo\/image\/"},"sameAs":["https:\/\/www.facebook.com\/skaitytaknyga\/"]}]}},"_links":{"self":[{"href":"https:\/\/skaitytaknyga.lt\/en\/wp-json\/wp\/v2\/product\/13306","targetHints":{"allow":["GET"]}}],"collection":[{"href":"https:\/\/skaitytaknyga.lt\/en\/wp-json\/wp\/v2\/product"}],"about":[{"href":"https:\/\/skaitytaknyga.lt\/en\/wp-json\/wp\/v2\/types\/product"}],"replies":[{"embeddable":true,"href":"https:\/\/skaitytaknyga.lt\/en\/wp-json\/wp\/v2\/comments?post=13306"}],"wp:featuredmedia":[{"embeddable":true,"href":"https:\/\/skaitytaknyga.lt\/en\/wp-json\/wp\/v2\/media\/13307"}],"wp:attachment":[{"href":"https:\/\/skaitytaknyga.lt\/en\/wp-json\/wp\/v2\/media?parent=13306"}],"wp:term":[{"taxonomy":"product_brand","embeddable":true,"href":"https:\/\/skaitytaknyga.lt\/en\/wp-json\/wp\/v2\/product_brand?post=13306"},{"taxonomy":"product_cat","embeddable":true,"href":"https:\/\/skaitytaknyga.lt\/en\/wp-json\/wp\/v2\/product_cat?post=13306"},{"taxonomy":"product_tag","embeddable":true,"href":"https:\/\/skaitytaknyga.lt\/en\/wp-json\/wp\/v2\/product_tag?post=13306"}],"curies":[{"name":"wp","href":"https:\/\/api.w.org\/{rel}","templated":true}]}}