{"id":13304,"date":"2024-07-26T12:14:49","date_gmt":"2024-07-26T09:14:49","guid":{"rendered":"https:\/\/skaitytaknyga.lt\/?post_type=product&#038;p=13304"},"modified":"2024-07-26T12:17:12","modified_gmt":"2024-07-26T09:17:12","slug":"kate-dicamillo-reime","status":"publish","type":"product","link":"https:\/\/skaitytaknyga.lt\/en\/produktas\/kate-dicamillo-reime\/","title":{"rendered":"Kate DiCamillo \u201eReim\u0117\u201c"},"content":{"rendered":"<p><em>Ir tada Reimei toptel\u0117jo: o jeigu kiekviena dulkel\u0117 yra planeta, o jeigu kiekvienoje i\u0161 t\u0173 planet\u0173 pilna \u017emoni\u0173, o jeigu visi t\u0173 vis\u0173 planet\u0173 gyventojai turi sielas ir yra tokie pat kaip Reim\u0117 \u2013 m\u0117gina pakrutinti koj\u0173 pir\u0161tus ir suprasti, kas vyksta, nors nelabai s\u0117kmingai? Toji mintis baugino.<\/em><\/p>\n<p>Reimei Klark de\u0161imt met\u0173 ir pasaulis anaiptol ne toks, kaip jai nor\u0117t\u0173si. Vien\u0105 ryt\u0105 t\u0117tis palieka namus ir Reim\u0117 supranta, kad jau niekas nebebus kaip anks\u010diau. Ji turi \u017e\u016btb\u016bt sugalvoti genial\u0173 plan\u0105, priversiant\u012f t\u0117t\u012f gr\u012f\u017eti, net jei teks atlikti \u0161imt\u0105 ger\u0173 darb\u0173, i\u0161mokti sukti lazdel\u0119 ir tapti \u201eCentrin\u0117s Floridos padang\u0173&#8221; ma\u017e\u0105ja mis. Ta\u010diau da\u017enai net ir genialiausi planai klostosi ne taip, kaip numatyta. Reim\u0117 \u012fsivelia \u012f ilg\u0105 nuotyki\u0173 grandin\u0119 kartu su svajokle Luiziana ir sta\u010dioke Beverle, kurios irgi mano, kad pasaulis \u012f v\u0117\u017ees sugr\u012f\u017eti gali tik j\u0173 pastangomis.<\/p>\n<ul class=\"about-product d-none d-xl-block mt-4\">\n<li><strong>Originalus pavadinimas:<\/strong>\u00a0Raymie Nightingale<\/li>\n<li><strong>Autorius:<\/strong>\u00a0Kate DiCamillo<\/li>\n<li><strong>Leid\u0117jas:<\/strong>\u00a0Nieko rimto<\/li>\n<li><strong>Metai:<\/strong>\u00a02016<\/li>\n<li><strong>Puslapiai:<\/strong>\u00a0200<\/li>\n<li><strong>ISBN:<\/strong>\u00a09786094413926<\/li>\n<li><strong>Versijos kodas:<\/strong>\u00a0PT.<\/li>\n<li><strong>Formatas:<\/strong>\u00a013,7 x 20,6 x 2,3 cm, kieti vir\u0161eliai<\/li>\n<li><strong>Kalba:<\/strong>\u00a0Lietuvi\u0173<\/li>\n<li><strong>Vert\u0117jas:<\/strong>\u00a0Inga Tuli\u0161evskait\u0117<\/li>\n<\/ul>\n","protected":false},"excerpt":{"rendered":"<p>Ir tada Reimei toptel\u0117jo: o jeigu kiekviena dulkel\u0117 yra planeta, o jeigu kiekvienoje i\u0161 t\u0173 planet\u0173 pilna \u017emoni\u0173, o jeigu visi t\u0173 vis\u0173 planet\u0173 gyventojai turi sielas ir yra tokie pat kaip Reim\u0117 \u2013 m\u0117gina pakrutinti koj\u0173 pir\u0161tus ir suprasti, kas vyksta, nors nelabai s\u0117kmingai? Toji mintis baugino. Reimei Klark de\u0161imt met\u0173 ir pasaulis anaiptol ne toks, kaip jai nor\u0117t\u0173si. Vien\u0105 ryt\u0105 t\u0117tis palieka namus ir Reim\u0117 supranta, kad jau niekas nebebus kaip anks\u010diau. Ji turi \u017e\u016btb\u016bt sugalvoti genial\u0173 plan\u0105, priversiant\u012f t\u0117t\u012f gr\u012f\u017eti, net jei teks atlikti \u0161imt\u0105 ger\u0173 darb\u0173, i\u0161mokti sukti lazdel\u0119 ir tapti \u201eCentrin\u0117s Floridos padang\u0173&#8221; ma\u017e\u0105ja mis. Ta\u010diau da\u017enai net ir genialiausi planai klostosi ne taip, kaip numatyta. Reim\u0117 \u012fsivelia \u012f ilg\u0105 nuotyki\u0173 grandin\u0119 kartu su svajokle Luiziana ir sta\u010dioke Beverle, kurios irgi mano, kad pasaulis \u012f v\u0117\u017ees sugr\u012f\u017eti gali tik j\u0173 pastangomis. Originalus pavadinimas:\u00a0Raymie Nightingale Autorius:\u00a0Kate DiCamillo Leid\u0117jas:\u00a0Nieko rimto Metai:\u00a02016 Puslapiai:\u00a0200 ISBN:\u00a09786094413926 Versijos kodas:\u00a0PT. Formatas:\u00a013,7 x 20,6 x 2,3 cm, kieti vir\u0161eliai Kalba:\u00a0Lietuvi\u0173 Vert\u0117jas:\u00a0Inga Tuli\u0161evskait\u0117<\/p>\n","protected":false},"featured_media":13305,"comment_status":"closed","ping_status":"closed","template":"","meta":{"_acf_changed":false,"site-sidebar-layout":"default","site-content-layout":"","ast-site-content-layout":"default","site-content-style":"default","site-sidebar-style":"default","ast-global-header-display":"","ast-banner-title-visibility":"","ast-main-header-display":"","ast-hfb-above-header-display":"","ast-hfb-below-header-display":"","ast-hfb-mobile-header-display":"","site-post-title":"","ast-breadcrumbs-content":"","ast-featured-img":"","footer-sml-layout":"","ast-disable-related-posts":"","theme-transparent-header-meta":"default","adv-header-id-meta":"","stick-header-meta":"","header-above-stick-meta":"","header-main-stick-meta":"","header-below-stick-meta":"","astra-migrate-meta-layouts":"set","ast-page-background-enabled":"default","ast-page-background-meta":{"desktop":{"background-color":"","background-image":"","background-repeat":"repeat","background-position":"center center","background-size":"auto","background-attachment":"scroll","background-type":"","background-media":"","overlay-type":"","overlay-color":"","overlay-opacity":"","overlay-gradient":""},"tablet":{"background-color":"","background-image":"","background-repeat":"repeat","background-position":"center center","background-size":"auto","background-attachment":"scroll","background-type":"","background-media":"","overlay-type":"","overlay-color":"","overlay-opacity":"","overlay-gradient":""},"mobile":{"background-color":"","background-image":"","background-repeat":"repeat","background-position":"center center","background-size":"auto","background-attachment":"scroll","background-type":"","background-media":"","overlay-type":"","overlay-color":"","overlay-opacity":"","overlay-gradient":""}},"ast-content-background-meta":{"desktop":{"background-color":"var(--ast-global-color-4)","background-image":"","background-repeat":"repeat","background-position":"center center","background-size":"auto","background-attachment":"scroll","background-type":"","background-media":"","overlay-type":"","overlay-color":"","overlay-opacity":"","overlay-gradient":""},"tablet":{"background-color":"var(--ast-global-color-4)","background-image":"","background-repeat":"repeat","background-position":"center center","background-size":"auto","background-attachment":"scroll","background-type":"","background-media":"","overlay-type":"","overlay-color":"","overlay-opacity":"","overlay-gradient":""},"mobile":{"background-color":"var(--ast-global-color-4)","background-image":"","background-repeat":"repeat","background-position":"center center","background-size":"auto","background-attachment":"scroll","background-type":"","background-media":"","overlay-type":"","overlay-color":"","overlay-opacity":"","overlay-gradient":""}}},"product_brand":[],"product_cat":[35],"product_tag":[],"class_list":{"0":"post-13304","1":"product","2":"type-product","3":"status-publish","4":"has-post-thumbnail","6":"product_cat-vaikams-ir-paaugliams","7":"desktop-align-left","8":"tablet-align-left","9":"mobile-align-left","11":"first","12":"instock","13":"shipping-taxable","14":"purchasable","15":"product-type-simple"},"acf":[],"yoast_head":"<!-- This site is optimized with the Yoast SEO plugin v27.0 - https:\/\/yoast.com\/product\/yoast-seo-wordpress\/ -->\n<title>Kate DiCamillo \u201eReim\u0117\u201c<\/title>\n<meta name=\"description\" content=\"Reimei Klark 10 m ir pasaulis anaiptol ne toks, kaip jai nor\u0117t\u0173si. Vien\u0105 ryt\u0105 t\u0117tis palieka namus ir Reim\u0117 supranta, kad jau niekas nebebus kaip anks\u010diau.\" \/>\n<meta name=\"robots\" content=\"index, follow, max-snippet:-1, max-image-preview:large, max-video-preview:-1\" \/>\n<link rel=\"canonical\" href=\"https:\/\/skaitytaknyga.lt\/en\/produktas\/kate-dicamillo-reime\/\" \/>\n<meta property=\"og:locale\" content=\"en_GB\" \/>\n<meta property=\"og:locale:alternate\" content=\"lt_LT\" \/>\n<meta property=\"og:type\" content=\"article\" \/>\n<meta property=\"og:title\" content=\"Kate DiCamillo \u201eReim\u0117\u201c\" \/>\n<meta property=\"og:description\" content=\"Reimei Klark 10 m ir pasaulis anaiptol ne toks, kaip jai nor\u0117t\u0173si. Vien\u0105 ryt\u0105 t\u0117tis palieka namus ir Reim\u0117 supranta, kad jau niekas nebebus kaip anks\u010diau.\" \/>\n<meta property=\"og:url\" content=\"https:\/\/skaitytaknyga.lt\/en\/produktas\/kate-dicamillo-reime\/\" \/>\n<meta property=\"og:site_name\" content=\"Skaitytaknyga\" \/>\n<meta property=\"article:publisher\" content=\"https:\/\/www.facebook.com\/skaitytaknyga\/\" \/>\n<meta property=\"article:modified_time\" content=\"2024-07-26T09:17:12+00:00\" \/>\n<meta property=\"og:image\" content=\"https:\/\/skaitytaknyga.lt\/wp-content\/uploads\/2024\/07\/1474454699_reime_d.webp\" \/>\n\t<meta property=\"og:image:width\" content=\"264\" \/>\n\t<meta property=\"og:image:height\" content=\"400\" \/>\n\t<meta property=\"og:image:type\" content=\"image\/webp\" \/>\n<meta name=\"twitter:card\" content=\"summary_large_image\" \/>\n<meta name=\"twitter:label1\" content=\"Estimated reading time\" \/>\n\t<meta name=\"twitter:data1\" content=\"2 minutes\" \/>\n<script type=\"application\/ld+json\" class=\"yoast-schema-graph\">{\"@context\":\"https:\/\/schema.org\",\"@graph\":[{\"@type\":\"WebPage\",\"@id\":\"https:\/\/skaitytaknyga.lt\/produktas\/kate-dicamillo-reime\/\",\"url\":\"https:\/\/skaitytaknyga.lt\/produktas\/kate-dicamillo-reime\/\",\"name\":\"Kate DiCamillo \u201eReim\u0117\u201c\",\"isPartOf\":{\"@id\":\"https:\/\/skaitytaknyga.lt\/#website\"},\"primaryImageOfPage\":{\"@id\":\"https:\/\/skaitytaknyga.lt\/produktas\/kate-dicamillo-reime\/#primaryimage\"},\"image\":{\"@id\":\"https:\/\/skaitytaknyga.lt\/produktas\/kate-dicamillo-reime\/#primaryimage\"},\"thumbnailUrl\":\"https:\/\/skaitytaknyga.lt\/wp-content\/uploads\/2024\/07\/1474454699_reime_d.webp\",\"datePublished\":\"2024-07-26T09:14:49+00:00\",\"dateModified\":\"2024-07-26T09:17:12+00:00\",\"description\":\"Reimei Klark 10 m ir pasaulis anaiptol ne toks, kaip jai nor\u0117t\u0173si. Vien\u0105 ryt\u0105 t\u0117tis palieka namus ir Reim\u0117 supranta, kad jau niekas nebebus kaip anks\u010diau.\",\"breadcrumb\":{\"@id\":\"https:\/\/skaitytaknyga.lt\/produktas\/kate-dicamillo-reime\/#breadcrumb\"},\"inLanguage\":\"en-GB\",\"potentialAction\":[{\"@type\":\"ReadAction\",\"target\":[\"https:\/\/skaitytaknyga.lt\/produktas\/kate-dicamillo-reime\/\"]}]},{\"@type\":\"ImageObject\",\"inLanguage\":\"en-GB\",\"@id\":\"https:\/\/skaitytaknyga.lt\/produktas\/kate-dicamillo-reime\/#primaryimage\",\"url\":\"https:\/\/skaitytaknyga.lt\/wp-content\/uploads\/2024\/07\/1474454699_reime_d.webp\",\"contentUrl\":\"https:\/\/skaitytaknyga.lt\/wp-content\/uploads\/2024\/07\/1474454699_reime_d.webp\",\"width\":264,\"height\":400,\"caption\":\"Kate DiCamillo \u201eReim\u0117\u201c\"},{\"@type\":\"BreadcrumbList\",\"@id\":\"https:\/\/skaitytaknyga.lt\/produktas\/kate-dicamillo-reime\/#breadcrumb\",\"itemListElement\":[{\"@type\":\"ListItem\",\"position\":1,\"name\":\"Home\",\"item\":\"https:\/\/skaitytaknyga.lt\/\"},{\"@type\":\"ListItem\",\"position\":2,\"name\":\"Parduotuv\u0117\",\"item\":\"https:\/\/skaitytaknyga.lt\/knygu-parduotuve\/\"},{\"@type\":\"ListItem\",\"position\":3,\"name\":\"Kate DiCamillo \u201eReim\u0117\u201c\"}]},{\"@type\":\"WebSite\",\"@id\":\"https:\/\/skaitytaknyga.lt\/#website\",\"url\":\"https:\/\/skaitytaknyga.lt\/\",\"name\":\"skaitytaknyga.lt\",\"description\":\"Skaitytaknyga.lt \u2013 tai ma\u017eas \u0161eimos verslas, kuris prasid\u0117jo nuo meil\u0117s knygoms ir siekio i\u0161gelb\u0117ti knygas nuo likimo prie konteinerio. Kas vienam nereikalingas daiktas \u2013 kitam lobis, o mes esame tarpininkai, kurie padeda abiems tapti laimingesniems ???? \u017dinome kaip nelengva i\u0161gyventi ma\u017eiems verslams, tad nuo \u0161iol, \u010dia rasite ir kit\u0173, ma\u017e\u0173 \u0161eim\u0173 versl\u0173, rank\u0173 darbo, dovan\u0173 sau ir artimiesiems.\",\"publisher\":{\"@id\":\"https:\/\/skaitytaknyga.lt\/#organization\"},\"potentialAction\":[{\"@type\":\"SearchAction\",\"target\":{\"@type\":\"EntryPoint\",\"urlTemplate\":\"https:\/\/skaitytaknyga.lt\/?s={search_term_string}\"},\"query-input\":{\"@type\":\"PropertyValueSpecification\",\"valueRequired\":true,\"valueName\":\"search_term_string\"}}],\"inLanguage\":\"en-GB\"},{\"@type\":\"Organization\",\"@id\":\"https:\/\/skaitytaknyga.lt\/#organization\",\"name\":\"skaitytaknyga.lt\",\"url\":\"https:\/\/skaitytaknyga.lt\/\",\"logo\":{\"@type\":\"ImageObject\",\"inLanguage\":\"en-GB\",\"@id\":\"https:\/\/skaitytaknyga.lt\/#\/schema\/logo\/image\/\",\"url\":\"https:\/\/skaitytaknyga.lt\/wp-content\/uploads\/2024\/05\/cropped-cropped-cropped-02_00843_jt3bggkj1j3HLc7SyY6rEUpg.jpeg\",\"contentUrl\":\"https:\/\/skaitytaknyga.lt\/wp-content\/uploads\/2024\/05\/cropped-cropped-cropped-02_00843_jt3bggkj1j3HLc7SyY6rEUpg.jpeg\",\"width\":1600,\"height\":1600,\"caption\":\"skaitytaknyga.lt\"},\"image\":{\"@id\":\"https:\/\/skaitytaknyga.lt\/#\/schema\/logo\/image\/\"},\"sameAs\":[\"https:\/\/www.facebook.com\/skaitytaknyga\/\"]}]}<\/script>\n<!-- \/ Yoast SEO plugin. -->","yoast_head_json":{"title":"Kate DiCamillo \u201eReim\u0117\u201c","description":"Reimei Klark 10 m ir pasaulis anaiptol ne toks, kaip jai nor\u0117t\u0173si. Vien\u0105 ryt\u0105 t\u0117tis palieka namus ir Reim\u0117 supranta, kad jau niekas nebebus kaip anks\u010diau.","robots":{"index":"index","follow":"follow","max-snippet":"max-snippet:-1","max-image-preview":"max-image-preview:large","max-video-preview":"max-video-preview:-1"},"canonical":"https:\/\/skaitytaknyga.lt\/en\/produktas\/kate-dicamillo-reime\/","og_locale":"en_GB","og_type":"article","og_title":"[:lt]Kate DiCamillo \u201eReim\u0117\u201c[:] - Skaitytaknyga","og_description":"[:lt]Reimei Klark 10 m ir pasaulis anaiptol ne toks, kaip jai nor\u0117t\u0173si. Vien\u0105 ryt\u0105 t\u0117tis palieka namus ir Reim\u0117 supranta, kad jau niekas nebebus kaip anks\u010diau.[:]","og_url":"https:\/\/skaitytaknyga.lt\/en\/produktas\/kate-dicamillo-reime\/","og_site_name":"Skaitytaknyga","article_publisher":"https:\/\/www.facebook.com\/skaitytaknyga\/","article_modified_time":"2024-07-26T09:17:12+00:00","og_image":[{"width":264,"height":400,"url":"https:\/\/skaitytaknyga.lt\/wp-content\/uploads\/2024\/07\/1474454699_reime_d.webp","type":"image\/webp"}],"twitter_card":"summary_large_image","twitter_misc":{"Estimated reading time":"2 minutes"},"schema":{"@context":"https:\/\/schema.org","@graph":[{"@type":"WebPage","@id":"https:\/\/skaitytaknyga.lt\/produktas\/kate-dicamillo-reime\/","url":"https:\/\/skaitytaknyga.lt\/produktas\/kate-dicamillo-reime\/","name":"Kate DiCamillo \u201eReim\u0117\u201c","isPartOf":{"@id":"https:\/\/skaitytaknyga.lt\/#website"},"primaryImageOfPage":{"@id":"https:\/\/skaitytaknyga.lt\/produktas\/kate-dicamillo-reime\/#primaryimage"},"image":{"@id":"https:\/\/skaitytaknyga.lt\/produktas\/kate-dicamillo-reime\/#primaryimage"},"thumbnailUrl":"https:\/\/skaitytaknyga.lt\/wp-content\/uploads\/2024\/07\/1474454699_reime_d.webp","datePublished":"2024-07-26T09:14:49+00:00","dateModified":"2024-07-26T09:17:12+00:00","description":"Reimei Klark 10 m ir pasaulis anaiptol ne toks, kaip jai nor\u0117t\u0173si. Vien\u0105 ryt\u0105 t\u0117tis palieka namus ir Reim\u0117 supranta, kad jau niekas nebebus kaip anks\u010diau.","breadcrumb":{"@id":"https:\/\/skaitytaknyga.lt\/produktas\/kate-dicamillo-reime\/#breadcrumb"},"inLanguage":"en-GB","potentialAction":[{"@type":"ReadAction","target":["https:\/\/skaitytaknyga.lt\/produktas\/kate-dicamillo-reime\/"]}]},{"@type":"ImageObject","inLanguage":"en-GB","@id":"https:\/\/skaitytaknyga.lt\/produktas\/kate-dicamillo-reime\/#primaryimage","url":"https:\/\/skaitytaknyga.lt\/wp-content\/uploads\/2024\/07\/1474454699_reime_d.webp","contentUrl":"https:\/\/skaitytaknyga.lt\/wp-content\/uploads\/2024\/07\/1474454699_reime_d.webp","width":264,"height":400,"caption":"Kate DiCamillo \u201eReim\u0117\u201c"},{"@type":"BreadcrumbList","@id":"https:\/\/skaitytaknyga.lt\/produktas\/kate-dicamillo-reime\/#breadcrumb","itemListElement":[{"@type":"ListItem","position":1,"name":"Home","item":"https:\/\/skaitytaknyga.lt\/"},{"@type":"ListItem","position":2,"name":"Parduotuv\u0117","item":"https:\/\/skaitytaknyga.lt\/knygu-parduotuve\/"},{"@type":"ListItem","position":3,"name":"Kate DiCamillo \u201eReim\u0117\u201c"}]},{"@type":"WebSite","@id":"https:\/\/skaitytaknyga.lt\/#website","url":"https:\/\/skaitytaknyga.lt\/","name":"skaitytaknyga.lt","description":"Skaitytaknyga.lt \u2013 tai ma\u017eas \u0161eimos verslas, kuris prasid\u0117jo nuo meil\u0117s knygoms ir siekio i\u0161gelb\u0117ti knygas nuo likimo prie konteinerio. Kas vienam nereikalingas daiktas \u2013 kitam lobis, o mes esame tarpininkai, kurie padeda abiems tapti laimingesniems ???? \u017dinome kaip nelengva i\u0161gyventi ma\u017eiems verslams, tad nuo \u0161iol, \u010dia rasite ir kit\u0173, ma\u017e\u0173 \u0161eim\u0173 versl\u0173, rank\u0173 darbo, dovan\u0173 sau ir artimiesiems.","publisher":{"@id":"https:\/\/skaitytaknyga.lt\/#organization"},"potentialAction":[{"@type":"SearchAction","target":{"@type":"EntryPoint","urlTemplate":"https:\/\/skaitytaknyga.lt\/?s={search_term_string}"},"query-input":{"@type":"PropertyValueSpecification","valueRequired":true,"valueName":"search_term_string"}}],"inLanguage":"en-GB"},{"@type":"Organization","@id":"https:\/\/skaitytaknyga.lt\/#organization","name":"skaitytaknyga.lt","url":"https:\/\/skaitytaknyga.lt\/","logo":{"@type":"ImageObject","inLanguage":"en-GB","@id":"https:\/\/skaitytaknyga.lt\/#\/schema\/logo\/image\/","url":"https:\/\/skaitytaknyga.lt\/wp-content\/uploads\/2024\/05\/cropped-cropped-cropped-02_00843_jt3bggkj1j3HLc7SyY6rEUpg.jpeg","contentUrl":"https:\/\/skaitytaknyga.lt\/wp-content\/uploads\/2024\/05\/cropped-cropped-cropped-02_00843_jt3bggkj1j3HLc7SyY6rEUpg.jpeg","width":1600,"height":1600,"caption":"skaitytaknyga.lt"},"image":{"@id":"https:\/\/skaitytaknyga.lt\/#\/schema\/logo\/image\/"},"sameAs":["https:\/\/www.facebook.com\/skaitytaknyga\/"]}]}},"_links":{"self":[{"href":"https:\/\/skaitytaknyga.lt\/en\/wp-json\/wp\/v2\/product\/13304","targetHints":{"allow":["GET"]}}],"collection":[{"href":"https:\/\/skaitytaknyga.lt\/en\/wp-json\/wp\/v2\/product"}],"about":[{"href":"https:\/\/skaitytaknyga.lt\/en\/wp-json\/wp\/v2\/types\/product"}],"replies":[{"embeddable":true,"href":"https:\/\/skaitytaknyga.lt\/en\/wp-json\/wp\/v2\/comments?post=13304"}],"wp:featuredmedia":[{"embeddable":true,"href":"https:\/\/skaitytaknyga.lt\/en\/wp-json\/wp\/v2\/media\/13305"}],"wp:attachment":[{"href":"https:\/\/skaitytaknyga.lt\/en\/wp-json\/wp\/v2\/media?parent=13304"}],"wp:term":[{"taxonomy":"product_brand","embeddable":true,"href":"https:\/\/skaitytaknyga.lt\/en\/wp-json\/wp\/v2\/product_brand?post=13304"},{"taxonomy":"product_cat","embeddable":true,"href":"https:\/\/skaitytaknyga.lt\/en\/wp-json\/wp\/v2\/product_cat?post=13304"},{"taxonomy":"product_tag","embeddable":true,"href":"https:\/\/skaitytaknyga.lt\/en\/wp-json\/wp\/v2\/product_tag?post=13304"}],"curies":[{"name":"wp","href":"https:\/\/api.w.org\/{rel}","templated":true}]}}