{"id":13300,"date":"2024-07-26T12:05:40","date_gmt":"2024-07-26T09:05:40","guid":{"rendered":"https:\/\/skaitytaknyga.lt\/?post_type=product&#038;p=13300"},"modified":"2026-03-10T09:54:54","modified_gmt":"2026-03-10T07:54:54","slug":"ar-viskas-ka-zinai-apie-dinozaurus-yra-tiesa","status":"publish","type":"product","link":"https:\/\/skaitytaknyga.lt\/en\/produktas\/ar-viskas-ka-zinai-apie-dinozaurus-yra-tiesa\/","title":{"rendered":"Ar viskas, k\u0105 \u017einai apie dinozaurus, yra tiesa?"},"content":{"rendered":"<div>\n<p>Knyga<b>\u00a0\u201eAr viskas, k\u0105 \u017einai apie dinozaurus, yra tiesa?\u201c<\/b>\u00a0skirta vaikams nuo 9 met\u0173.<\/p>\n<p>Dinozaurai i\u0161nyko. NETIESA!<\/p>\n<p>Dinozaurai buvo mil\u017eini\u0161ki. NETIESA!<\/p>\n<p>Dinozaurai riaumojo. NETIESA!<\/p>\n<p>Dinozaur\u0173 pavadinimus sunku i\u0161tarti. NETIESA!<\/p>\n<p>Dinozaurai buvo \u017eiaur\u016bs. NETIESA!<\/p>\n<p>Oi, patik\u0117k, \u0161i knyga privers tave aik\u010dioti i\u0161 nuostabos, nes&#8230; daugyb\u0117 dalyk\u0173, kuriuos \u017einai apie dinozaurus, yra NETIESA!<\/p>\n<p>Na, pagalvok, k\u0105 \u017einai apie dinozaurus. Turb\u016bt sakysi \u2013 jie r\u016bst\u016bs, \u017eali ir nelabai protingi? Perskait\u0119s \u0161i\u0105 knyg\u0105 suprasi, kad KLYDAI! Bet nesijaudink, net ir dideli ekspertai kartais padaro klaid\u0173.<\/p>\n<p>Tad keliaukim \u012fminti paslap\u010di\u0173! Nuo fosilizuot\u0173 plunksn\u0173 iki keistuoli\u0173 ilgakakli\u0173 mil\u017ein\u0173&#8230; \u010cia rasi daugyb\u0119 ne\u012ftik\u0117tin\u0173 dalyk\u0173 ir n\u0117 nepasteb\u0117si, kaip tapsi tikru paleontologu.<\/p>\n<p>\u201eAr viskas, k\u0105 \u017einai apie dinozaurus, yra tiesa?\u201c:<\/p>\n<p>\u2022 vaikams nuo 9 met\u0173;<\/p>\n<p>\u2022 supa\u017eindina su paleontologijos mokslo atradimais ir populiariais mitais;<\/p>\n<p>\u2022 skatina vaik\u0173 smalsum\u0105, dom\u0117jim\u0105si mokslu ir padeda geriau suprasti \u017dem\u0117s ir jos seniausios gyv\u016bnijos istorij\u0105;<\/p>\n<p>\u2022 pateikia naujausi\u0173 \u017eini\u0173 apie paleontologij\u0105 ir atsako \u012f \u012fdomius klausimus, pavyzd\u017eiui, ar gal\u0117tume su \u0161iandienin\u0117mis technologijomis prikelti dinozaurus;<\/p>\n<p>\u2022 gausiai iliustruota ir \u017eaismingai bei nesud\u0117tingai para\u0161yta pa\u017eintin\u0117 knyga puikiai tinka smalsiems pradinukams.<\/p>\n<p><b>Nickas Crumptonas<\/b>\u00a0\u2013 brit\u0173 zoologijos moksl\u0173 daktaras, kurio tyrin\u0117jim\u0173 sritis \u2013 prie\u0161istoriniai gyv\u016bnai. Jis moko studentus keliose Londono auk\u0161tosiose mokyklose, taip pat dirba garsiausiame pasaulyje Gamtos istorijos muziejuje Londone. Jis yra para\u0161\u0119s kelias knygas vaikams apie gyv\u016bnus.<\/p>\n<p>Gavinas Scottas \u2013 brit\u0173 iliustruotojas, kuris nuo vaikyst\u0117s \u017eav\u0117josi gamta ir j\u0105 nuolat pie\u0161davo. O suaug\u0119s nusprend\u0117 studijuoti b\u016btent gamtos istorijos iliustravim\u0105. Dabar jis ne tik iliustruoja knygas apie gamt\u0105 ir gamtos istorij\u0105, bet ir kuria nuostabius pie\u0161inius paveiksl\u0117li\u0173 knygoms.<\/p>\n<\/div>\n<div>\n<ul class=\"details-list mt5\">\n<li>Pavadinimas originalo kalba:\u00a0Everything You Know About Dinosaurs is Wrong!<\/li>\n<li>Autorius:\u00a0Nick Crumpton<\/li>\n<li>Leid\u0117jas:\u00a0Alma littera<\/li>\n<li>I\u0161leidimo metai:\u00a02023<\/li>\n<li>Knygos puslapi\u0173 skai\u010dius:\u00a064<\/li>\n<li>Formatas:\u00a025&#215;29, kieti vir\u0161eliai<\/li>\n<li>ISBN ar kodas:\u00a09786090157619<\/li>\n<li>Vert\u0117jas:\u00a0Aurelija Lieponyt\u0117<\/li>\n<li>I\u0161 kokios kalbos versta:\u00a0angl\u0173<\/li>\n<\/ul>\n<\/div>\n","protected":false},"excerpt":{"rendered":"<p>Knyga\u00a0\u201eAr viskas, k\u0105 \u017einai apie dinozaurus, yra tiesa?\u201c\u00a0skirta vaikams nuo 9 met\u0173. Dinozaurai i\u0161nyko. NETIESA! Dinozaurai buvo mil\u017eini\u0161ki. NETIESA! Dinozaurai riaumojo. NETIESA! Dinozaur\u0173 pavadinimus sunku i\u0161tarti. NETIESA! Dinozaurai buvo \u017eiaur\u016bs. NETIESA! Oi, patik\u0117k, \u0161i knyga privers tave aik\u010dioti i\u0161 nuostabos, nes&#8230; daugyb\u0117 dalyk\u0173, kuriuos \u017einai apie dinozaurus, yra NETIESA! Na, pagalvok, k\u0105 \u017einai apie dinozaurus. Turb\u016bt sakysi \u2013 jie r\u016bst\u016bs, \u017eali ir nelabai protingi? Perskait\u0119s \u0161i\u0105 knyg\u0105 suprasi, kad KLYDAI! Bet nesijaudink, net ir dideli ekspertai kartais padaro klaid\u0173. Tad keliaukim \u012fminti paslap\u010di\u0173! Nuo fosilizuot\u0173 plunksn\u0173 iki keistuoli\u0173 ilgakakli\u0173 mil\u017ein\u0173&#8230; \u010cia rasi daugyb\u0119 ne\u012ftik\u0117tin\u0173 dalyk\u0173 ir n\u0117 nepasteb\u0117si, kaip tapsi tikru paleontologu. \u201eAr viskas, k\u0105 \u017einai apie dinozaurus, yra tiesa?\u201c: \u2022 vaikams nuo 9 met\u0173; \u2022 supa\u017eindina su paleontologijos mokslo atradimais ir populiariais mitais; \u2022 skatina vaik\u0173 smalsum\u0105, dom\u0117jim\u0105si mokslu ir padeda geriau suprasti \u017dem\u0117s ir jos seniausios gyv\u016bnijos istorij\u0105; \u2022 pateikia naujausi\u0173 \u017eini\u0173 apie paleontologij\u0105 ir atsako \u012f \u012fdomius klausimus, pavyzd\u017eiui, ar gal\u0117tume su \u0161iandienin\u0117mis technologijomis prikelti dinozaurus; \u2022 gausiai iliustruota ir \u017eaismingai bei nesud\u0117tingai para\u0161yta pa\u017eintin\u0117 knyga puikiai tinka smalsiems pradinukams. Nickas Crumptonas\u00a0\u2013 brit\u0173 zoologijos moksl\u0173 daktaras, kurio tyrin\u0117jim\u0173 sritis \u2013 prie\u0161istoriniai gyv\u016bnai. Jis moko studentus keliose Londono auk\u0161tosiose mokyklose, taip pat dirba garsiausiame pasaulyje Gamtos istorijos muziejuje Londone. Jis yra para\u0161\u0119s kelias knygas vaikams apie gyv\u016bnus. Gavinas Scottas \u2013 brit\u0173 iliustruotojas, kuris nuo vaikyst\u0117s \u017eav\u0117josi gamta ir j\u0105 nuolat pie\u0161davo. O suaug\u0119s nusprend\u0117 studijuoti b\u016btent gamtos istorijos iliustravim\u0105. Dabar jis ne tik iliustruoja knygas apie gamt\u0105 ir gamtos istorij\u0105, bet ir kuria nuostabius pie\u0161inius paveiksl\u0117li\u0173 knygoms. Pavadinimas originalo kalba:\u00a0Everything You Know About Dinosaurs is Wrong! Autorius:\u00a0Nick Crumpton Leid\u0117jas:\u00a0Alma littera I\u0161leidimo metai:\u00a02023 Knygos puslapi\u0173 skai\u010dius:\u00a064 Formatas:\u00a025&#215;29, kieti vir\u0161eliai ISBN ar kodas:\u00a09786090157619 Vert\u0117jas:\u00a0Aurelija Lieponyt\u0117 I\u0161 kokios kalbos versta:\u00a0angl\u0173<\/p>\n","protected":false},"featured_media":13301,"comment_status":"closed","ping_status":"closed","template":"","meta":{"_acf_changed":false,"site-sidebar-layout":"default","site-content-layout":"","ast-site-content-layout":"default","site-content-style":"default","site-sidebar-style":"default","ast-global-header-display":"","ast-banner-title-visibility":"","ast-main-header-display":"","ast-hfb-above-header-display":"","ast-hfb-below-header-display":"","ast-hfb-mobile-header-display":"","site-post-title":"","ast-breadcrumbs-content":"","ast-featured-img":"","footer-sml-layout":"","ast-disable-related-posts":"","theme-transparent-header-meta":"default","adv-header-id-meta":"","stick-header-meta":"","header-above-stick-meta":"","header-main-stick-meta":"","header-below-stick-meta":"","astra-migrate-meta-layouts":"set","ast-page-background-enabled":"default","ast-page-background-meta":{"desktop":{"background-color":"","background-image":"","background-repeat":"repeat","background-position":"center center","background-size":"auto","background-attachment":"scroll","background-type":"","background-media":"","overlay-type":"","overlay-color":"","overlay-opacity":"","overlay-gradient":""},"tablet":{"background-color":"","background-image":"","background-repeat":"repeat","background-position":"center center","background-size":"auto","background-attachment":"scroll","background-type":"","background-media":"","overlay-type":"","overlay-color":"","overlay-opacity":"","overlay-gradient":""},"mobile":{"background-color":"","background-image":"","background-repeat":"repeat","background-position":"center center","background-size":"auto","background-attachment":"scroll","background-type":"","background-media":"","overlay-type":"","overlay-color":"","overlay-opacity":"","overlay-gradient":""}},"ast-content-background-meta":{"desktop":{"background-color":"var(--ast-global-color-4)","background-image":"","background-repeat":"repeat","background-position":"center center","background-size":"auto","background-attachment":"scroll","background-type":"","background-media":"","overlay-type":"","overlay-color":"","overlay-opacity":"","overlay-gradient":""},"tablet":{"background-color":"var(--ast-global-color-4)","background-image":"","background-repeat":"repeat","background-position":"center center","background-size":"auto","background-attachment":"scroll","background-type":"","background-media":"","overlay-type":"","overlay-color":"","overlay-opacity":"","overlay-gradient":""},"mobile":{"background-color":"var(--ast-global-color-4)","background-image":"","background-repeat":"repeat","background-position":"center center","background-size":"auto","background-attachment":"scroll","background-type":"","background-media":"","overlay-type":"","overlay-color":"","overlay-opacity":"","overlay-gradient":""}}},"product_brand":[],"product_cat":[35],"product_tag":[4341,4344,4340,4342,4343,1785],"class_list":{"0":"post-13300","1":"product","2":"type-product","3":"status-publish","4":"has-post-thumbnail","6":"product_cat-vaikams-ir-paaugliams","7":"product_tag-dinozaurai","8":"product_tag-iliustruota","9":"product_tag-nick-crumpton","10":"product_tag-paleontologija","11":"product_tag-pazintine-literatura","12":"product_tag-vaikams","13":"desktop-align-left","14":"tablet-align-left","15":"mobile-align-left","17":"first","18":"instock","19":"shipping-taxable","20":"purchasable","21":"product-type-simple"},"acf":[],"yoast_head":"<!-- This site is optimized with the Yoast SEO plugin v27.0 - https:\/\/yoast.com\/product\/yoast-seo-wordpress\/ -->\n<title>Ar viskas, k\u0105 \u017einai apie dinozaurus, yra tiesa?<\/title>\n<meta name=\"description\" content=\"Oi, patik\u0117k, \u0161i knyga privers tave aik\u010dioti i\u0161 nuostabos, nes... daugyb\u0117 dalyk\u0173, kuriuos \u017einai apie dinozaurus, yra NETIESA! Skirta vaikams nuo 9 met\u0173.\" \/>\n<meta name=\"robots\" content=\"index, follow, max-snippet:-1, max-image-preview:large, max-video-preview:-1\" \/>\n<link rel=\"canonical\" href=\"https:\/\/skaitytaknyga.lt\/en\/produktas\/ar-viskas-ka-zinai-apie-dinozaurus-yra-tiesa\/\" \/>\n<meta property=\"og:locale\" content=\"en_GB\" \/>\n<meta property=\"og:locale:alternate\" content=\"lt_LT\" \/>\n<meta property=\"og:type\" content=\"article\" \/>\n<meta property=\"og:title\" content=\"Ar viskas, k\u0105 \u017einai apie dinozaurus, yra tiesa?\" \/>\n<meta property=\"og:description\" content=\"Oi, patik\u0117k, \u0161i knyga privers tave aik\u010dioti i\u0161 nuostabos, nes... daugyb\u0117 dalyk\u0173, kuriuos \u017einai apie dinozaurus, yra NETIESA! Skirta vaikams nuo 9 met\u0173.\" \/>\n<meta property=\"og:url\" content=\"https:\/\/skaitytaknyga.lt\/en\/produktas\/ar-viskas-ka-zinai-apie-dinozaurus-yra-tiesa\/\" \/>\n<meta property=\"og:site_name\" content=\"Skaitytaknyga\" \/>\n<meta property=\"article:publisher\" content=\"https:\/\/www.facebook.com\/skaitytaknyga\/\" \/>\n<meta property=\"article:modified_time\" content=\"2026-03-10T07:54:54+00:00\" \/>\n<meta property=\"og:image\" content=\"https:\/\/skaitytaknyga.lt\/wp-content\/uploads\/2024\/07\/ar-viskas-ka-zinai-apie-dinozaurus-yra.jpg\" \/>\n\t<meta property=\"og:image:width\" content=\"519\" \/>\n\t<meta property=\"og:image:height\" content=\"600\" \/>\n\t<meta property=\"og:image:type\" content=\"image\/jpeg\" \/>\n<meta name=\"twitter:card\" content=\"summary_large_image\" \/>\n<meta name=\"twitter:label1\" content=\"Estimated reading time\" \/>\n\t<meta name=\"twitter:data1\" content=\"2 minutes\" \/>\n<script type=\"application\/ld+json\" class=\"yoast-schema-graph\">{\"@context\":\"https:\/\/schema.org\",\"@graph\":[{\"@type\":\"WebPage\",\"@id\":\"https:\/\/skaitytaknyga.lt\/produktas\/ar-viskas-ka-zinai-apie-dinozaurus-yra-tiesa\/\",\"url\":\"https:\/\/skaitytaknyga.lt\/produktas\/ar-viskas-ka-zinai-apie-dinozaurus-yra-tiesa\/\",\"name\":\"Ar viskas, k\u0105 \u017einai apie dinozaurus, yra tiesa?\",\"isPartOf\":{\"@id\":\"https:\/\/skaitytaknyga.lt\/#website\"},\"primaryImageOfPage\":{\"@id\":\"https:\/\/skaitytaknyga.lt\/produktas\/ar-viskas-ka-zinai-apie-dinozaurus-yra-tiesa\/#primaryimage\"},\"image\":{\"@id\":\"https:\/\/skaitytaknyga.lt\/produktas\/ar-viskas-ka-zinai-apie-dinozaurus-yra-tiesa\/#primaryimage\"},\"thumbnailUrl\":\"https:\/\/skaitytaknyga.lt\/wp-content\/uploads\/2024\/07\/ar-viskas-ka-zinai-apie-dinozaurus-yra.jpg\",\"datePublished\":\"2024-07-26T09:05:40+00:00\",\"dateModified\":\"2026-03-10T07:54:54+00:00\",\"description\":\"Oi, patik\u0117k, \u0161i knyga privers tave aik\u010dioti i\u0161 nuostabos, nes... daugyb\u0117 dalyk\u0173, kuriuos \u017einai apie dinozaurus, yra NETIESA! Skirta vaikams nuo 9 met\u0173.\",\"breadcrumb\":{\"@id\":\"https:\/\/skaitytaknyga.lt\/produktas\/ar-viskas-ka-zinai-apie-dinozaurus-yra-tiesa\/#breadcrumb\"},\"inLanguage\":\"en-GB\",\"potentialAction\":[{\"@type\":\"ReadAction\",\"target\":[\"https:\/\/skaitytaknyga.lt\/produktas\/ar-viskas-ka-zinai-apie-dinozaurus-yra-tiesa\/\"]}]},{\"@type\":\"ImageObject\",\"inLanguage\":\"en-GB\",\"@id\":\"https:\/\/skaitytaknyga.lt\/produktas\/ar-viskas-ka-zinai-apie-dinozaurus-yra-tiesa\/#primaryimage\",\"url\":\"https:\/\/skaitytaknyga.lt\/wp-content\/uploads\/2024\/07\/ar-viskas-ka-zinai-apie-dinozaurus-yra.jpg\",\"contentUrl\":\"https:\/\/skaitytaknyga.lt\/wp-content\/uploads\/2024\/07\/ar-viskas-ka-zinai-apie-dinozaurus-yra.jpg\",\"width\":519,\"height\":600,\"caption\":\"Ar viskas, k\u0105 \u017einai apie dinozaurus, yra tiesa?\"},{\"@type\":\"BreadcrumbList\",\"@id\":\"https:\/\/skaitytaknyga.lt\/produktas\/ar-viskas-ka-zinai-apie-dinozaurus-yra-tiesa\/#breadcrumb\",\"itemListElement\":[{\"@type\":\"ListItem\",\"position\":1,\"name\":\"Home\",\"item\":\"https:\/\/skaitytaknyga.lt\/\"},{\"@type\":\"ListItem\",\"position\":2,\"name\":\"Parduotuv\u0117\",\"item\":\"https:\/\/skaitytaknyga.lt\/knygu-parduotuve\/\"},{\"@type\":\"ListItem\",\"position\":3,\"name\":\"Ar viskas, k\u0105 \u017einai apie dinozaurus, yra tiesa?\"}]},{\"@type\":\"WebSite\",\"@id\":\"https:\/\/skaitytaknyga.lt\/#website\",\"url\":\"https:\/\/skaitytaknyga.lt\/\",\"name\":\"skaitytaknyga.lt\",\"description\":\"Skaitytaknyga.lt \u2013 tai ma\u017eas \u0161eimos verslas, kuris prasid\u0117jo nuo meil\u0117s knygoms ir siekio i\u0161gelb\u0117ti knygas nuo likimo prie konteinerio. Kas vienam nereikalingas daiktas \u2013 kitam lobis, o mes esame tarpininkai, kurie padeda abiems tapti laimingesniems ???? \u017dinome kaip nelengva i\u0161gyventi ma\u017eiems verslams, tad nuo \u0161iol, \u010dia rasite ir kit\u0173, ma\u017e\u0173 \u0161eim\u0173 versl\u0173, rank\u0173 darbo, dovan\u0173 sau ir artimiesiems.\",\"publisher\":{\"@id\":\"https:\/\/skaitytaknyga.lt\/#organization\"},\"potentialAction\":[{\"@type\":\"SearchAction\",\"target\":{\"@type\":\"EntryPoint\",\"urlTemplate\":\"https:\/\/skaitytaknyga.lt\/?s={search_term_string}\"},\"query-input\":{\"@type\":\"PropertyValueSpecification\",\"valueRequired\":true,\"valueName\":\"search_term_string\"}}],\"inLanguage\":\"en-GB\"},{\"@type\":\"Organization\",\"@id\":\"https:\/\/skaitytaknyga.lt\/#organization\",\"name\":\"skaitytaknyga.lt\",\"url\":\"https:\/\/skaitytaknyga.lt\/\",\"logo\":{\"@type\":\"ImageObject\",\"inLanguage\":\"en-GB\",\"@id\":\"https:\/\/skaitytaknyga.lt\/#\/schema\/logo\/image\/\",\"url\":\"https:\/\/skaitytaknyga.lt\/wp-content\/uploads\/2024\/05\/cropped-cropped-cropped-02_00843_jt3bggkj1j3HLc7SyY6rEUpg.jpeg\",\"contentUrl\":\"https:\/\/skaitytaknyga.lt\/wp-content\/uploads\/2024\/05\/cropped-cropped-cropped-02_00843_jt3bggkj1j3HLc7SyY6rEUpg.jpeg\",\"width\":1600,\"height\":1600,\"caption\":\"skaitytaknyga.lt\"},\"image\":{\"@id\":\"https:\/\/skaitytaknyga.lt\/#\/schema\/logo\/image\/\"},\"sameAs\":[\"https:\/\/www.facebook.com\/skaitytaknyga\/\"]}]}<\/script>\n<!-- \/ Yoast SEO plugin. -->","yoast_head_json":{"title":"Ar viskas, k\u0105 \u017einai apie dinozaurus, yra tiesa?","description":"Oi, patik\u0117k, \u0161i knyga privers tave aik\u010dioti i\u0161 nuostabos, nes... daugyb\u0117 dalyk\u0173, kuriuos \u017einai apie dinozaurus, yra NETIESA! Skirta vaikams nuo 9 met\u0173.","robots":{"index":"index","follow":"follow","max-snippet":"max-snippet:-1","max-image-preview":"max-image-preview:large","max-video-preview":"max-video-preview:-1"},"canonical":"https:\/\/skaitytaknyga.lt\/en\/produktas\/ar-viskas-ka-zinai-apie-dinozaurus-yra-tiesa\/","og_locale":"en_GB","og_type":"article","og_title":"[:lt]Ar viskas, k\u0105 \u017einai apie dinozaurus, yra tiesa?[:] - Skaitytaknyga","og_description":"Oi, patik\u0117k, \u0161i knyga privers tave aik\u010dioti i\u0161 nuostabos, nes... daugyb\u0117 dalyk\u0173, kuriuos \u017einai apie dinozaurus, yra NETIESA! Skirta vaikams nuo 9 met\u0173.","og_url":"https:\/\/skaitytaknyga.lt\/en\/produktas\/ar-viskas-ka-zinai-apie-dinozaurus-yra-tiesa\/","og_site_name":"Skaitytaknyga","article_publisher":"https:\/\/www.facebook.com\/skaitytaknyga\/","article_modified_time":"2026-03-10T07:54:54+00:00","og_image":[{"width":519,"height":600,"url":"https:\/\/skaitytaknyga.lt\/wp-content\/uploads\/2024\/07\/ar-viskas-ka-zinai-apie-dinozaurus-yra.jpg","type":"image\/jpeg"}],"twitter_card":"summary_large_image","twitter_misc":{"Estimated reading time":"2 minutes"},"schema":{"@context":"https:\/\/schema.org","@graph":[{"@type":"WebPage","@id":"https:\/\/skaitytaknyga.lt\/produktas\/ar-viskas-ka-zinai-apie-dinozaurus-yra-tiesa\/","url":"https:\/\/skaitytaknyga.lt\/produktas\/ar-viskas-ka-zinai-apie-dinozaurus-yra-tiesa\/","name":"Ar viskas, k\u0105 \u017einai apie dinozaurus, yra tiesa?","isPartOf":{"@id":"https:\/\/skaitytaknyga.lt\/#website"},"primaryImageOfPage":{"@id":"https:\/\/skaitytaknyga.lt\/produktas\/ar-viskas-ka-zinai-apie-dinozaurus-yra-tiesa\/#primaryimage"},"image":{"@id":"https:\/\/skaitytaknyga.lt\/produktas\/ar-viskas-ka-zinai-apie-dinozaurus-yra-tiesa\/#primaryimage"},"thumbnailUrl":"https:\/\/skaitytaknyga.lt\/wp-content\/uploads\/2024\/07\/ar-viskas-ka-zinai-apie-dinozaurus-yra.jpg","datePublished":"2024-07-26T09:05:40+00:00","dateModified":"2026-03-10T07:54:54+00:00","description":"Oi, patik\u0117k, \u0161i knyga privers tave aik\u010dioti i\u0161 nuostabos, nes... daugyb\u0117 dalyk\u0173, kuriuos \u017einai apie dinozaurus, yra NETIESA! Skirta vaikams nuo 9 met\u0173.","breadcrumb":{"@id":"https:\/\/skaitytaknyga.lt\/produktas\/ar-viskas-ka-zinai-apie-dinozaurus-yra-tiesa\/#breadcrumb"},"inLanguage":"en-GB","potentialAction":[{"@type":"ReadAction","target":["https:\/\/skaitytaknyga.lt\/produktas\/ar-viskas-ka-zinai-apie-dinozaurus-yra-tiesa\/"]}]},{"@type":"ImageObject","inLanguage":"en-GB","@id":"https:\/\/skaitytaknyga.lt\/produktas\/ar-viskas-ka-zinai-apie-dinozaurus-yra-tiesa\/#primaryimage","url":"https:\/\/skaitytaknyga.lt\/wp-content\/uploads\/2024\/07\/ar-viskas-ka-zinai-apie-dinozaurus-yra.jpg","contentUrl":"https:\/\/skaitytaknyga.lt\/wp-content\/uploads\/2024\/07\/ar-viskas-ka-zinai-apie-dinozaurus-yra.jpg","width":519,"height":600,"caption":"Ar viskas, k\u0105 \u017einai apie dinozaurus, yra tiesa?"},{"@type":"BreadcrumbList","@id":"https:\/\/skaitytaknyga.lt\/produktas\/ar-viskas-ka-zinai-apie-dinozaurus-yra-tiesa\/#breadcrumb","itemListElement":[{"@type":"ListItem","position":1,"name":"Home","item":"https:\/\/skaitytaknyga.lt\/"},{"@type":"ListItem","position":2,"name":"Parduotuv\u0117","item":"https:\/\/skaitytaknyga.lt\/knygu-parduotuve\/"},{"@type":"ListItem","position":3,"name":"Ar viskas, k\u0105 \u017einai apie dinozaurus, yra tiesa?"}]},{"@type":"WebSite","@id":"https:\/\/skaitytaknyga.lt\/#website","url":"https:\/\/skaitytaknyga.lt\/","name":"skaitytaknyga.lt","description":"Skaitytaknyga.lt \u2013 tai ma\u017eas \u0161eimos verslas, kuris prasid\u0117jo nuo meil\u0117s knygoms ir siekio i\u0161gelb\u0117ti knygas nuo likimo prie konteinerio. Kas vienam nereikalingas daiktas \u2013 kitam lobis, o mes esame tarpininkai, kurie padeda abiems tapti laimingesniems ???? \u017dinome kaip nelengva i\u0161gyventi ma\u017eiems verslams, tad nuo \u0161iol, \u010dia rasite ir kit\u0173, ma\u017e\u0173 \u0161eim\u0173 versl\u0173, rank\u0173 darbo, dovan\u0173 sau ir artimiesiems.","publisher":{"@id":"https:\/\/skaitytaknyga.lt\/#organization"},"potentialAction":[{"@type":"SearchAction","target":{"@type":"EntryPoint","urlTemplate":"https:\/\/skaitytaknyga.lt\/?s={search_term_string}"},"query-input":{"@type":"PropertyValueSpecification","valueRequired":true,"valueName":"search_term_string"}}],"inLanguage":"en-GB"},{"@type":"Organization","@id":"https:\/\/skaitytaknyga.lt\/#organization","name":"skaitytaknyga.lt","url":"https:\/\/skaitytaknyga.lt\/","logo":{"@type":"ImageObject","inLanguage":"en-GB","@id":"https:\/\/skaitytaknyga.lt\/#\/schema\/logo\/image\/","url":"https:\/\/skaitytaknyga.lt\/wp-content\/uploads\/2024\/05\/cropped-cropped-cropped-02_00843_jt3bggkj1j3HLc7SyY6rEUpg.jpeg","contentUrl":"https:\/\/skaitytaknyga.lt\/wp-content\/uploads\/2024\/05\/cropped-cropped-cropped-02_00843_jt3bggkj1j3HLc7SyY6rEUpg.jpeg","width":1600,"height":1600,"caption":"skaitytaknyga.lt"},"image":{"@id":"https:\/\/skaitytaknyga.lt\/#\/schema\/logo\/image\/"},"sameAs":["https:\/\/www.facebook.com\/skaitytaknyga\/"]}]}},"_links":{"self":[{"href":"https:\/\/skaitytaknyga.lt\/en\/wp-json\/wp\/v2\/product\/13300","targetHints":{"allow":["GET"]}}],"collection":[{"href":"https:\/\/skaitytaknyga.lt\/en\/wp-json\/wp\/v2\/product"}],"about":[{"href":"https:\/\/skaitytaknyga.lt\/en\/wp-json\/wp\/v2\/types\/product"}],"replies":[{"embeddable":true,"href":"https:\/\/skaitytaknyga.lt\/en\/wp-json\/wp\/v2\/comments?post=13300"}],"wp:featuredmedia":[{"embeddable":true,"href":"https:\/\/skaitytaknyga.lt\/en\/wp-json\/wp\/v2\/media\/13301"}],"wp:attachment":[{"href":"https:\/\/skaitytaknyga.lt\/en\/wp-json\/wp\/v2\/media?parent=13300"}],"wp:term":[{"taxonomy":"product_brand","embeddable":true,"href":"https:\/\/skaitytaknyga.lt\/en\/wp-json\/wp\/v2\/product_brand?post=13300"},{"taxonomy":"product_cat","embeddable":true,"href":"https:\/\/skaitytaknyga.lt\/en\/wp-json\/wp\/v2\/product_cat?post=13300"},{"taxonomy":"product_tag","embeddable":true,"href":"https:\/\/skaitytaknyga.lt\/en\/wp-json\/wp\/v2\/product_tag?post=13300"}],"curies":[{"name":"wp","href":"https:\/\/api.w.org\/{rel}","templated":true}]}}