{"id":13294,"date":"2024-07-26T11:33:15","date_gmt":"2024-07-26T08:33:15","guid":{"rendered":"https:\/\/skaitytaknyga.lt\/?post_type=product&#038;p=13294"},"modified":"2025-05-19T11:02:58","modified_gmt":"2025-05-19T08:02:58","slug":"lengvai-priziurimas-sodas","status":"publish","type":"product","link":"https:\/\/skaitytaknyga.lt\/en\/produktas\/lengvai-priziurimas-sodas\/","title":{"rendered":"Lengvai pri\u017ei\u016brimas sodas"},"content":{"rendered":"<p>Ar svajojate apie sod\u0105, kuriame b\u016bt\u0173 laiko ils\u0117tis ir nereik\u0117t\u0173 alinamai dirbti nuo ryto iki vakaro? \u0160ioje knygoje rasite daug laik\u0105 taupan\u010di\u0173 specialist\u0173 patarim\u0173, kaip planuoti darbus sode, \u012fgyvendinti sumanymus ir i\u0161vengti da\u017en\u0173 klaid\u0173.<\/p>\n<ul>\n<li>I\u0161 220 augal\u0173 pasirinkite tinkamus ir auginkite pasaki\u0161k\u0105 ypatingos prie\u017ei\u016bros nereikalaujant\u012f sod\u0105.<\/li>\n<li>Projektuodami sod\u0105 ar g\u0117lyn\u0105, laikykit\u0117s specialist\u0173 patarim\u0173 ir kasmet sutaupysite begal\u0119 laiko.<\/li>\n<li>Auginkite g\u0117les, med\u017eius, gyvatvores, vaismed\u017eius ir vaiskr\u016bmius, dar\u017eoves bei vej\u0105 savo malonumui.<\/li>\n<li>Pasinaudokite iliustruotomis ap\u017eeldinimo schemomis ir paisykite nurodym\u0173. Tai pad\u0117s lengvai ir tinkamai atlikti sodo darbus.<\/li>\n<\/ul>\n<ul class=\"about-product d-none d-xl-block mt-4\">\n<li><strong>Leid\u0117jas:<\/strong>\u00a0Alma littera<\/li>\n<li><strong>Metai:<\/strong>\u00a02011<\/li>\n<li><strong>Puslapiai:<\/strong>\u00a0320<\/li>\n<li><strong>ISBN:<\/strong>\u00a09789955389576<\/li>\n<li><strong>Formatas:<\/strong>\u00a026 x 26 x 2,5 cm, kieti vir\u0161eliai<\/li>\n<li><strong>Kalba:<\/strong>\u00a0Lietuvi\u0173<\/li>\n<li><strong>Vert\u0117jas:<\/strong>\u00a0Dalyt\u0117 Matulevi\u010di\u016bt\u0117<\/li>\n<\/ul>\n","protected":false},"excerpt":{"rendered":"<p>Ar svajojate apie sod\u0105, kuriame b\u016bt\u0173 laiko ils\u0117tis ir nereik\u0117t\u0173 alinamai dirbti nuo ryto iki vakaro? \u0160ioje knygoje rasite daug laik\u0105 taupan\u010di\u0173 specialist\u0173 patarim\u0173, kaip planuoti darbus sode, \u012fgyvendinti sumanymus ir i\u0161vengti da\u017en\u0173 klaid\u0173. I\u0161 220 augal\u0173 pasirinkite tinkamus ir auginkite pasaki\u0161k\u0105 ypatingos prie\u017ei\u016bros nereikalaujant\u012f sod\u0105. Projektuodami sod\u0105 ar g\u0117lyn\u0105, laikykit\u0117s specialist\u0173 patarim\u0173 ir kasmet sutaupysite begal\u0119 laiko. Auginkite g\u0117les, med\u017eius, gyvatvores, vaismed\u017eius ir vaiskr\u016bmius, dar\u017eoves bei vej\u0105 savo malonumui. Pasinaudokite iliustruotomis ap\u017eeldinimo schemomis ir paisykite nurodym\u0173. Tai pad\u0117s lengvai ir tinkamai atlikti sodo darbus. Leid\u0117jas:\u00a0Alma littera Metai:\u00a02011 Puslapiai:\u00a0320 ISBN:\u00a09789955389576 Formatas:\u00a026 x 26 x 2,5 cm, kieti vir\u0161eliai Kalba:\u00a0Lietuvi\u0173 Vert\u0117jas:\u00a0Dalyt\u0117 Matulevi\u010di\u016bt\u0117<\/p>\n","protected":false},"featured_media":13295,"comment_status":"closed","ping_status":"closed","template":"","meta":{"_acf_changed":false,"site-sidebar-layout":"default","site-content-layout":"","ast-site-content-layout":"default","site-content-style":"default","site-sidebar-style":"default","ast-global-header-display":"","ast-banner-title-visibility":"","ast-main-header-display":"","ast-hfb-above-header-display":"","ast-hfb-below-header-display":"","ast-hfb-mobile-header-display":"","site-post-title":"","ast-breadcrumbs-content":"","ast-featured-img":"","footer-sml-layout":"","ast-disable-related-posts":"","theme-transparent-header-meta":"default","adv-header-id-meta":"","stick-header-meta":"","header-above-stick-meta":"","header-main-stick-meta":"","header-below-stick-meta":"","astra-migrate-meta-layouts":"set","ast-page-background-enabled":"default","ast-page-background-meta":{"desktop":{"background-color":"","background-image":"","background-repeat":"repeat","background-position":"center center","background-size":"auto","background-attachment":"scroll","background-type":"","background-media":"","overlay-type":"","overlay-color":"","overlay-opacity":"","overlay-gradient":""},"tablet":{"background-color":"","background-image":"","background-repeat":"repeat","background-position":"center center","background-size":"auto","background-attachment":"scroll","background-type":"","background-media":"","overlay-type":"","overlay-color":"","overlay-opacity":"","overlay-gradient":""},"mobile":{"background-color":"","background-image":"","background-repeat":"repeat","background-position":"center center","background-size":"auto","background-attachment":"scroll","background-type":"","background-media":"","overlay-type":"","overlay-color":"","overlay-opacity":"","overlay-gradient":""}},"ast-content-background-meta":{"desktop":{"background-color":"var(--ast-global-color-4)","background-image":"","background-repeat":"repeat","background-position":"center center","background-size":"auto","background-attachment":"scroll","background-type":"","background-media":"","overlay-type":"","overlay-color":"","overlay-opacity":"","overlay-gradient":""},"tablet":{"background-color":"var(--ast-global-color-4)","background-image":"","background-repeat":"repeat","background-position":"center center","background-size":"auto","background-attachment":"scroll","background-type":"","background-media":"","overlay-type":"","overlay-color":"","overlay-opacity":"","overlay-gradient":""},"mobile":{"background-color":"var(--ast-global-color-4)","background-image":"","background-repeat":"repeat","background-position":"center center","background-size":"auto","background-attachment":"scroll","background-type":"","background-media":"","overlay-type":"","overlay-color":"","overlay-opacity":"","overlay-gradient":""}}},"product_brand":[],"product_cat":[74],"product_tag":[3882,3881,3880,2662],"class_list":{"0":"post-13294","1":"product","2":"type-product","3":"status-publish","4":"has-post-thumbnail","6":"product_cat-sodas-darzas-ir-gelynai","7":"product_tag-d-g-hessayon","8":"product_tag-gidas","9":"product_tag-praktine-literatura","10":"product_tag-sodininkyste","11":"desktop-align-left","12":"tablet-align-left","13":"mobile-align-left","15":"first","16":"outofstock","17":"shipping-taxable","18":"purchasable","19":"product-type-simple"},"acf":[],"yoast_head":"<!-- This site is optimized with the Yoast SEO plugin v27.0 - https:\/\/yoast.com\/product\/yoast-seo-wordpress\/ -->\n<title>Lengvai pri\u017ei\u016brimas sodas<\/title>\n<meta name=\"description\" content=\"Ar svajojate apie sod\u0105, kuriame b\u016bt\u0173 laiko ils\u0117tis ir nereik\u0117t\u0173 alinamai dirbti nuo ryto iki vakaro? \u0160ioje knygoje rasite daug laik\u0105 taupan\u010di\u0173 specialist\u0173 patarim\u0173, kaip planuoti darbus sode,\" \/>\n<meta name=\"robots\" content=\"index, follow, max-snippet:-1, max-image-preview:large, max-video-preview:-1\" \/>\n<link rel=\"canonical\" href=\"https:\/\/skaitytaknyga.lt\/en\/produktas\/lengvai-priziurimas-sodas\/\" \/>\n<meta property=\"og:locale\" content=\"en_GB\" \/>\n<meta property=\"og:locale:alternate\" content=\"lt_LT\" \/>\n<meta property=\"og:type\" content=\"article\" \/>\n<meta property=\"og:title\" content=\"Lengvai pri\u017ei\u016brimas sodas\" \/>\n<meta property=\"og:description\" content=\"Ar svajojate apie sod\u0105, kuriame b\u016bt\u0173 laiko ils\u0117tis ir nereik\u0117t\u0173 alinamai dirbti nuo ryto iki vakaro? \u0160ioje knygoje rasite daug laik\u0105 taupan\u010di\u0173 specialist\u0173 patarim\u0173, kaip planuoti darbus sode,\" \/>\n<meta property=\"og:url\" content=\"https:\/\/skaitytaknyga.lt\/en\/produktas\/lengvai-priziurimas-sodas\/\" \/>\n<meta property=\"og:site_name\" content=\"Skaitytaknyga\" \/>\n<meta property=\"article:publisher\" content=\"https:\/\/www.facebook.com\/skaitytaknyga\/\" \/>\n<meta property=\"article:modified_time\" content=\"2025-05-19T08:02:58+00:00\" \/>\n<meta property=\"og:image\" content=\"https:\/\/skaitytaknyga.lt\/wp-content\/uploads\/2024\/07\/555.webp\" \/>\n\t<meta property=\"og:image:width\" content=\"770\" \/>\n\t<meta property=\"og:image:height\" content=\"800\" \/>\n\t<meta property=\"og:image:type\" content=\"image\/webp\" \/>\n<meta name=\"twitter:card\" content=\"summary_large_image\" \/>\n<meta name=\"twitter:label1\" content=\"Estimated reading time\" \/>\n\t<meta name=\"twitter:data1\" content=\"1 minute\" \/>\n<script type=\"application\/ld+json\" class=\"yoast-schema-graph\">{\"@context\":\"https:\/\/schema.org\",\"@graph\":[{\"@type\":\"WebPage\",\"@id\":\"https:\/\/skaitytaknyga.lt\/produktas\/lengvai-priziurimas-sodas\/\",\"url\":\"https:\/\/skaitytaknyga.lt\/produktas\/lengvai-priziurimas-sodas\/\",\"name\":\"Lengvai pri\u017ei\u016brimas sodas\",\"isPartOf\":{\"@id\":\"https:\/\/skaitytaknyga.lt\/#website\"},\"primaryImageOfPage\":{\"@id\":\"https:\/\/skaitytaknyga.lt\/produktas\/lengvai-priziurimas-sodas\/#primaryimage\"},\"image\":{\"@id\":\"https:\/\/skaitytaknyga.lt\/produktas\/lengvai-priziurimas-sodas\/#primaryimage\"},\"thumbnailUrl\":\"https:\/\/skaitytaknyga.lt\/wp-content\/uploads\/2024\/07\/555.webp\",\"datePublished\":\"2024-07-26T08:33:15+00:00\",\"dateModified\":\"2025-05-19T08:02:58+00:00\",\"description\":\"Ar svajojate apie sod\u0105, kuriame b\u016bt\u0173 laiko ils\u0117tis ir nereik\u0117t\u0173 alinamai dirbti nuo ryto iki vakaro? \u0160ioje knygoje rasite daug laik\u0105 taupan\u010di\u0173 specialist\u0173 patarim\u0173, kaip planuoti darbus sode,\",\"breadcrumb\":{\"@id\":\"https:\/\/skaitytaknyga.lt\/produktas\/lengvai-priziurimas-sodas\/#breadcrumb\"},\"inLanguage\":\"en-GB\",\"potentialAction\":[{\"@type\":\"ReadAction\",\"target\":[\"https:\/\/skaitytaknyga.lt\/produktas\/lengvai-priziurimas-sodas\/\"]}]},{\"@type\":\"ImageObject\",\"inLanguage\":\"en-GB\",\"@id\":\"https:\/\/skaitytaknyga.lt\/produktas\/lengvai-priziurimas-sodas\/#primaryimage\",\"url\":\"https:\/\/skaitytaknyga.lt\/wp-content\/uploads\/2024\/07\/555.webp\",\"contentUrl\":\"https:\/\/skaitytaknyga.lt\/wp-content\/uploads\/2024\/07\/555.webp\",\"width\":770,\"height\":800,\"caption\":\"Lengvai pri\u017ei\u016brimas sodas\"},{\"@type\":\"BreadcrumbList\",\"@id\":\"https:\/\/skaitytaknyga.lt\/produktas\/lengvai-priziurimas-sodas\/#breadcrumb\",\"itemListElement\":[{\"@type\":\"ListItem\",\"position\":1,\"name\":\"Home\",\"item\":\"https:\/\/skaitytaknyga.lt\/\"},{\"@type\":\"ListItem\",\"position\":2,\"name\":\"Parduotuv\u0117\",\"item\":\"https:\/\/skaitytaknyga.lt\/knygu-parduotuve\/\"},{\"@type\":\"ListItem\",\"position\":3,\"name\":\"Lengvai pri\u017ei\u016brimas sodas\"}]},{\"@type\":\"WebSite\",\"@id\":\"https:\/\/skaitytaknyga.lt\/#website\",\"url\":\"https:\/\/skaitytaknyga.lt\/\",\"name\":\"skaitytaknyga.lt\",\"description\":\"Skaitytaknyga.lt \u2013 tai ma\u017eas \u0161eimos verslas, kuris prasid\u0117jo nuo meil\u0117s knygoms ir siekio i\u0161gelb\u0117ti knygas nuo likimo prie konteinerio. Kas vienam nereikalingas daiktas \u2013 kitam lobis, o mes esame tarpininkai, kurie padeda abiems tapti laimingesniems ???? \u017dinome kaip nelengva i\u0161gyventi ma\u017eiems verslams, tad nuo \u0161iol, \u010dia rasite ir kit\u0173, ma\u017e\u0173 \u0161eim\u0173 versl\u0173, rank\u0173 darbo, dovan\u0173 sau ir artimiesiems.\",\"publisher\":{\"@id\":\"https:\/\/skaitytaknyga.lt\/#organization\"},\"potentialAction\":[{\"@type\":\"SearchAction\",\"target\":{\"@type\":\"EntryPoint\",\"urlTemplate\":\"https:\/\/skaitytaknyga.lt\/?s={search_term_string}\"},\"query-input\":{\"@type\":\"PropertyValueSpecification\",\"valueRequired\":true,\"valueName\":\"search_term_string\"}}],\"inLanguage\":\"en-GB\"},{\"@type\":\"Organization\",\"@id\":\"https:\/\/skaitytaknyga.lt\/#organization\",\"name\":\"skaitytaknyga.lt\",\"url\":\"https:\/\/skaitytaknyga.lt\/\",\"logo\":{\"@type\":\"ImageObject\",\"inLanguage\":\"en-GB\",\"@id\":\"https:\/\/skaitytaknyga.lt\/#\/schema\/logo\/image\/\",\"url\":\"https:\/\/skaitytaknyga.lt\/wp-content\/uploads\/2024\/05\/cropped-cropped-cropped-02_00843_jt3bggkj1j3HLc7SyY6rEUpg.jpeg\",\"contentUrl\":\"https:\/\/skaitytaknyga.lt\/wp-content\/uploads\/2024\/05\/cropped-cropped-cropped-02_00843_jt3bggkj1j3HLc7SyY6rEUpg.jpeg\",\"width\":1600,\"height\":1600,\"caption\":\"skaitytaknyga.lt\"},\"image\":{\"@id\":\"https:\/\/skaitytaknyga.lt\/#\/schema\/logo\/image\/\"},\"sameAs\":[\"https:\/\/www.facebook.com\/skaitytaknyga\/\"]}]}<\/script>\n<!-- \/ Yoast SEO plugin. -->","yoast_head_json":{"title":"Lengvai pri\u017ei\u016brimas sodas","description":"Ar svajojate apie sod\u0105, kuriame b\u016bt\u0173 laiko ils\u0117tis ir nereik\u0117t\u0173 alinamai dirbti nuo ryto iki vakaro? \u0160ioje knygoje rasite daug laik\u0105 taupan\u010di\u0173 specialist\u0173 patarim\u0173, kaip planuoti darbus sode,","robots":{"index":"index","follow":"follow","max-snippet":"max-snippet:-1","max-image-preview":"max-image-preview:large","max-video-preview":"max-video-preview:-1"},"canonical":"https:\/\/skaitytaknyga.lt\/en\/produktas\/lengvai-priziurimas-sodas\/","og_locale":"en_GB","og_type":"article","og_title":"[:lt]Lengvai pri\u017ei\u016brimas sodas[:] - Skaitytaknyga","og_description":"Ar svajojate apie sod\u0105, kuriame b\u016bt\u0173 laiko ils\u0117tis ir nereik\u0117t\u0173 alinamai dirbti nuo ryto iki vakaro? \u0160ioje knygoje rasite daug laik\u0105 taupan\u010di\u0173 specialist\u0173 patarim\u0173, kaip planuoti darbus sode,","og_url":"https:\/\/skaitytaknyga.lt\/en\/produktas\/lengvai-priziurimas-sodas\/","og_site_name":"Skaitytaknyga","article_publisher":"https:\/\/www.facebook.com\/skaitytaknyga\/","article_modified_time":"2025-05-19T08:02:58+00:00","og_image":[{"width":770,"height":800,"url":"https:\/\/skaitytaknyga.lt\/wp-content\/uploads\/2024\/07\/555.webp","type":"image\/webp"}],"twitter_card":"summary_large_image","twitter_misc":{"Estimated reading time":"1 minute"},"schema":{"@context":"https:\/\/schema.org","@graph":[{"@type":"WebPage","@id":"https:\/\/skaitytaknyga.lt\/produktas\/lengvai-priziurimas-sodas\/","url":"https:\/\/skaitytaknyga.lt\/produktas\/lengvai-priziurimas-sodas\/","name":"Lengvai pri\u017ei\u016brimas sodas","isPartOf":{"@id":"https:\/\/skaitytaknyga.lt\/#website"},"primaryImageOfPage":{"@id":"https:\/\/skaitytaknyga.lt\/produktas\/lengvai-priziurimas-sodas\/#primaryimage"},"image":{"@id":"https:\/\/skaitytaknyga.lt\/produktas\/lengvai-priziurimas-sodas\/#primaryimage"},"thumbnailUrl":"https:\/\/skaitytaknyga.lt\/wp-content\/uploads\/2024\/07\/555.webp","datePublished":"2024-07-26T08:33:15+00:00","dateModified":"2025-05-19T08:02:58+00:00","description":"Ar svajojate apie sod\u0105, kuriame b\u016bt\u0173 laiko ils\u0117tis ir nereik\u0117t\u0173 alinamai dirbti nuo ryto iki vakaro? \u0160ioje knygoje rasite daug laik\u0105 taupan\u010di\u0173 specialist\u0173 patarim\u0173, kaip planuoti darbus sode,","breadcrumb":{"@id":"https:\/\/skaitytaknyga.lt\/produktas\/lengvai-priziurimas-sodas\/#breadcrumb"},"inLanguage":"en-GB","potentialAction":[{"@type":"ReadAction","target":["https:\/\/skaitytaknyga.lt\/produktas\/lengvai-priziurimas-sodas\/"]}]},{"@type":"ImageObject","inLanguage":"en-GB","@id":"https:\/\/skaitytaknyga.lt\/produktas\/lengvai-priziurimas-sodas\/#primaryimage","url":"https:\/\/skaitytaknyga.lt\/wp-content\/uploads\/2024\/07\/555.webp","contentUrl":"https:\/\/skaitytaknyga.lt\/wp-content\/uploads\/2024\/07\/555.webp","width":770,"height":800,"caption":"Lengvai pri\u017ei\u016brimas sodas"},{"@type":"BreadcrumbList","@id":"https:\/\/skaitytaknyga.lt\/produktas\/lengvai-priziurimas-sodas\/#breadcrumb","itemListElement":[{"@type":"ListItem","position":1,"name":"Home","item":"https:\/\/skaitytaknyga.lt\/"},{"@type":"ListItem","position":2,"name":"Parduotuv\u0117","item":"https:\/\/skaitytaknyga.lt\/knygu-parduotuve\/"},{"@type":"ListItem","position":3,"name":"Lengvai pri\u017ei\u016brimas sodas"}]},{"@type":"WebSite","@id":"https:\/\/skaitytaknyga.lt\/#website","url":"https:\/\/skaitytaknyga.lt\/","name":"skaitytaknyga.lt","description":"Skaitytaknyga.lt \u2013 tai ma\u017eas \u0161eimos verslas, kuris prasid\u0117jo nuo meil\u0117s knygoms ir siekio i\u0161gelb\u0117ti knygas nuo likimo prie konteinerio. Kas vienam nereikalingas daiktas \u2013 kitam lobis, o mes esame tarpininkai, kurie padeda abiems tapti laimingesniems ???? \u017dinome kaip nelengva i\u0161gyventi ma\u017eiems verslams, tad nuo \u0161iol, \u010dia rasite ir kit\u0173, ma\u017e\u0173 \u0161eim\u0173 versl\u0173, rank\u0173 darbo, dovan\u0173 sau ir artimiesiems.","publisher":{"@id":"https:\/\/skaitytaknyga.lt\/#organization"},"potentialAction":[{"@type":"SearchAction","target":{"@type":"EntryPoint","urlTemplate":"https:\/\/skaitytaknyga.lt\/?s={search_term_string}"},"query-input":{"@type":"PropertyValueSpecification","valueRequired":true,"valueName":"search_term_string"}}],"inLanguage":"en-GB"},{"@type":"Organization","@id":"https:\/\/skaitytaknyga.lt\/#organization","name":"skaitytaknyga.lt","url":"https:\/\/skaitytaknyga.lt\/","logo":{"@type":"ImageObject","inLanguage":"en-GB","@id":"https:\/\/skaitytaknyga.lt\/#\/schema\/logo\/image\/","url":"https:\/\/skaitytaknyga.lt\/wp-content\/uploads\/2024\/05\/cropped-cropped-cropped-02_00843_jt3bggkj1j3HLc7SyY6rEUpg.jpeg","contentUrl":"https:\/\/skaitytaknyga.lt\/wp-content\/uploads\/2024\/05\/cropped-cropped-cropped-02_00843_jt3bggkj1j3HLc7SyY6rEUpg.jpeg","width":1600,"height":1600,"caption":"skaitytaknyga.lt"},"image":{"@id":"https:\/\/skaitytaknyga.lt\/#\/schema\/logo\/image\/"},"sameAs":["https:\/\/www.facebook.com\/skaitytaknyga\/"]}]}},"_links":{"self":[{"href":"https:\/\/skaitytaknyga.lt\/en\/wp-json\/wp\/v2\/product\/13294","targetHints":{"allow":["GET"]}}],"collection":[{"href":"https:\/\/skaitytaknyga.lt\/en\/wp-json\/wp\/v2\/product"}],"about":[{"href":"https:\/\/skaitytaknyga.lt\/en\/wp-json\/wp\/v2\/types\/product"}],"replies":[{"embeddable":true,"href":"https:\/\/skaitytaknyga.lt\/en\/wp-json\/wp\/v2\/comments?post=13294"}],"wp:featuredmedia":[{"embeddable":true,"href":"https:\/\/skaitytaknyga.lt\/en\/wp-json\/wp\/v2\/media\/13295"}],"wp:attachment":[{"href":"https:\/\/skaitytaknyga.lt\/en\/wp-json\/wp\/v2\/media?parent=13294"}],"wp:term":[{"taxonomy":"product_brand","embeddable":true,"href":"https:\/\/skaitytaknyga.lt\/en\/wp-json\/wp\/v2\/product_brand?post=13294"},{"taxonomy":"product_cat","embeddable":true,"href":"https:\/\/skaitytaknyga.lt\/en\/wp-json\/wp\/v2\/product_cat?post=13294"},{"taxonomy":"product_tag","embeddable":true,"href":"https:\/\/skaitytaknyga.lt\/en\/wp-json\/wp\/v2\/product_tag?post=13294"}],"curies":[{"name":"wp","href":"https:\/\/api.w.org\/{rel}","templated":true}]}}