{"id":13291,"date":"2024-07-26T11:27:54","date_gmt":"2024-07-26T08:27:54","guid":{"rendered":"https:\/\/skaitytaknyga.lt\/?post_type=product&#038;p=13291"},"modified":"2024-07-26T11:32:13","modified_gmt":"2024-07-26T08:32:13","slug":"sventyklos-ir-vienuolynai","status":"publish","type":"product","link":"https:\/\/skaitytaknyga.lt\/en\/produktas\/sventyklos-ir-vienuolynai\/","title":{"rendered":"\u0160ventyklos ir vienuolynai"},"content":{"rendered":"<p>\u0160ventykl\u0173 pasaulis itin savitas, su niekuo nepalyginamas. Jame kiekvienas gali numaldyti savo am\u017ein\u0105j\u012f tro\u0161kim\u0105 susijungti su dievi\u0161kumu. I\u0161tisus \u0161imtme\u010dius \u0161ventyklos ir vienuolynai buvo statomi kaip dievi\u0161kosios \u0161lov\u0117s ir gro\u017eio vaizdiniai, pasaul\u0117vaizd\u017eio modeliai. Jie i\u0161kyla nuostabiausiuose \u017dem\u0117s kampeliuose, juos projektuoja ir dekoruoja \u017eymiausi architektai, skulptoriai bei dailininkai.<\/p>\n<p>\u0160ventyklos ir vienuolynai \u2013 tai ne tik meno k\u016brini\u0173 talpyklos, bet ir \u0161ventumo dvasios, ramyb\u0117s bei taikos saugotojai. B\u016btent \u010dia Dievas sutinka \u017emog\u0173, o \u017emogus sugr\u012f\u017eta \u012f save pat\u012f.<\/p>\n<p>\u0160ioje knygoje susipa\u017einsite su gra\u017eiausiomis, \u017einomiausiomis pasaulio \u0161ventyklomis bei vienuolynais.<\/p>\n<ul class=\"about-product d-none d-xl-block mt-4\">\n<li><strong>Leid\u0117jas:<\/strong>\u00a0Alma littera<\/li>\n<li><strong>Metai:<\/strong>\u00a02006<\/li>\n<li><strong>Puslapiai:<\/strong>\u00a0183<\/li>\n<li><strong>ISBN:<\/strong>\u00a09789955241102<\/li>\n<li><strong>Formatas:<\/strong>\u00a024 x 30 cm, kieti vir\u0161eliai<\/li>\n<li><strong>Kalba:<\/strong>\u00a0Lietuvi\u0173<\/li>\n<li><strong>Vert\u0117jas:<\/strong>\u00a0Egidija Lekavi\u010dien\u0117<\/li>\n<\/ul>\n","protected":false},"excerpt":{"rendered":"<p>\u0160ventykl\u0173 pasaulis itin savitas, su niekuo nepalyginamas. Jame kiekvienas gali numaldyti savo am\u017ein\u0105j\u012f tro\u0161kim\u0105 susijungti su dievi\u0161kumu. I\u0161tisus \u0161imtme\u010dius \u0161ventyklos ir vienuolynai buvo statomi kaip dievi\u0161kosios \u0161lov\u0117s ir gro\u017eio vaizdiniai, pasaul\u0117vaizd\u017eio modeliai. Jie i\u0161kyla nuostabiausiuose \u017dem\u0117s kampeliuose, juos projektuoja ir dekoruoja \u017eymiausi architektai, skulptoriai bei dailininkai. \u0160ventyklos ir vienuolynai \u2013 tai ne tik meno k\u016brini\u0173 talpyklos, bet ir \u0161ventumo dvasios, ramyb\u0117s bei taikos saugotojai. B\u016btent \u010dia Dievas sutinka \u017emog\u0173, o \u017emogus sugr\u012f\u017eta \u012f save pat\u012f. \u0160ioje knygoje susipa\u017einsite su gra\u017eiausiomis, \u017einomiausiomis pasaulio \u0161ventyklomis bei vienuolynais. Leid\u0117jas:\u00a0Alma littera Metai:\u00a02006 Puslapiai:\u00a0183 ISBN:\u00a09789955241102 Formatas:\u00a024 x 30 cm, kieti vir\u0161eliai Kalba:\u00a0Lietuvi\u0173 Vert\u0117jas:\u00a0Egidija Lekavi\u010dien\u0117<\/p>\n","protected":false},"featured_media":13293,"comment_status":"closed","ping_status":"closed","template":"","meta":{"_acf_changed":false,"site-sidebar-layout":"default","site-content-layout":"","ast-site-content-layout":"default","site-content-style":"default","site-sidebar-style":"default","ast-global-header-display":"","ast-banner-title-visibility":"","ast-main-header-display":"","ast-hfb-above-header-display":"","ast-hfb-below-header-display":"","ast-hfb-mobile-header-display":"","site-post-title":"","ast-breadcrumbs-content":"","ast-featured-img":"","footer-sml-layout":"","ast-disable-related-posts":"","theme-transparent-header-meta":"default","adv-header-id-meta":"","stick-header-meta":"","header-above-stick-meta":"","header-main-stick-meta":"","header-below-stick-meta":"","astra-migrate-meta-layouts":"set","ast-page-background-enabled":"default","ast-page-background-meta":{"desktop":{"background-color":"","background-image":"","background-repeat":"repeat","background-position":"center center","background-size":"auto","background-attachment":"scroll","background-type":"","background-media":"","overlay-type":"","overlay-color":"","overlay-opacity":"","overlay-gradient":""},"tablet":{"background-color":"","background-image":"","background-repeat":"repeat","background-position":"center center","background-size":"auto","background-attachment":"scroll","background-type":"","background-media":"","overlay-type":"","overlay-color":"","overlay-opacity":"","overlay-gradient":""},"mobile":{"background-color":"","background-image":"","background-repeat":"repeat","background-position":"center center","background-size":"auto","background-attachment":"scroll","background-type":"","background-media":"","overlay-type":"","overlay-color":"","overlay-opacity":"","overlay-gradient":""}},"ast-content-background-meta":{"desktop":{"background-color":"var(--ast-global-color-4)","background-image":"","background-repeat":"repeat","background-position":"center center","background-size":"auto","background-attachment":"scroll","background-type":"","background-media":"","overlay-type":"","overlay-color":"","overlay-opacity":"","overlay-gradient":""},"tablet":{"background-color":"var(--ast-global-color-4)","background-image":"","background-repeat":"repeat","background-position":"center center","background-size":"auto","background-attachment":"scroll","background-type":"","background-media":"","overlay-type":"","overlay-color":"","overlay-opacity":"","overlay-gradient":""},"mobile":{"background-color":"var(--ast-global-color-4)","background-image":"","background-repeat":"repeat","background-position":"center center","background-size":"auto","background-attachment":"scroll","background-type":"","background-media":"","overlay-type":"","overlay-color":"","overlay-opacity":"","overlay-gradient":""}}},"product_brand":[],"product_cat":[57,165],"product_tag":[],"class_list":{"0":"post-13291","1":"product","2":"type-product","3":"status-publish","4":"has-post-thumbnail","6":"product_cat-menas-ir-albumai","7":"product_cat-religija-filosofija-ir-ezoterika","8":"desktop-align-left","9":"tablet-align-left","10":"mobile-align-left","12":"first","13":"instock","14":"sold-individually","15":"shipping-taxable","16":"purchasable","17":"product-type-simple"},"acf":[],"yoast_head":"<!-- This site is optimized with the Yoast SEO plugin v27.0 - https:\/\/yoast.com\/product\/yoast-seo-wordpress\/ -->\n<title>\u0160ventyklos ir vienuolynai<\/title>\n<meta name=\"description\" content=\"\u0160ventyklos ir vienuolynai \u2013 tai ne tik meno k\u016brini\u0173 talpyklos. Knygoje susipa\u017einsite su gra\u017eiausiomis pasaulio \u0161ventyklomis bei vienuolynais.\" \/>\n<meta name=\"robots\" content=\"index, follow, max-snippet:-1, max-image-preview:large, max-video-preview:-1\" \/>\n<link rel=\"canonical\" href=\"https:\/\/skaitytaknyga.lt\/en\/produktas\/sventyklos-ir-vienuolynai\/\" \/>\n<meta property=\"og:locale\" content=\"en_GB\" \/>\n<meta property=\"og:locale:alternate\" content=\"lt_LT\" \/>\n<meta property=\"og:type\" content=\"article\" \/>\n<meta property=\"og:title\" content=\"\u0160ventyklos ir vienuolynai\" \/>\n<meta property=\"og:description\" content=\"\u0160ventyklos ir vienuolynai \u2013 tai ne tik meno k\u016brini\u0173 talpyklos. Knygoje susipa\u017einsite su gra\u017eiausiomis pasaulio \u0161ventyklomis bei vienuolynais.\" \/>\n<meta property=\"og:url\" content=\"https:\/\/skaitytaknyga.lt\/en\/produktas\/sventyklos-ir-vienuolynai\/\" \/>\n<meta property=\"og:site_name\" content=\"Skaitytaknyga\" \/>\n<meta property=\"article:publisher\" content=\"https:\/\/www.facebook.com\/skaitytaknyga\/\" \/>\n<meta property=\"article:modified_time\" content=\"2024-07-26T08:32:13+00:00\" \/>\n<meta property=\"og:image\" content=\"https:\/\/skaitytaknyga.lt\/wp-content\/uploads\/2024\/07\/8e4d84aa6c61f6f8f1e82beed4e2a5df.webp\" \/>\n\t<meta property=\"og:image:width\" content=\"661\" \/>\n\t<meta property=\"og:image:height\" content=\"800\" \/>\n\t<meta property=\"og:image:type\" content=\"image\/webp\" \/>\n<meta name=\"twitter:card\" content=\"summary_large_image\" \/>\n<meta name=\"twitter:label1\" content=\"Estimated reading time\" \/>\n\t<meta name=\"twitter:data1\" content=\"1 minute\" \/>\n<script type=\"application\/ld+json\" class=\"yoast-schema-graph\">{\"@context\":\"https:\/\/schema.org\",\"@graph\":[{\"@type\":\"WebPage\",\"@id\":\"https:\/\/skaitytaknyga.lt\/produktas\/sventyklos-ir-vienuolynai\/\",\"url\":\"https:\/\/skaitytaknyga.lt\/produktas\/sventyklos-ir-vienuolynai\/\",\"name\":\"\u0160ventyklos ir vienuolynai\",\"isPartOf\":{\"@id\":\"https:\/\/skaitytaknyga.lt\/#website\"},\"primaryImageOfPage\":{\"@id\":\"https:\/\/skaitytaknyga.lt\/produktas\/sventyklos-ir-vienuolynai\/#primaryimage\"},\"image\":{\"@id\":\"https:\/\/skaitytaknyga.lt\/produktas\/sventyklos-ir-vienuolynai\/#primaryimage\"},\"thumbnailUrl\":\"https:\/\/skaitytaknyga.lt\/wp-content\/uploads\/2024\/07\/8e4d84aa6c61f6f8f1e82beed4e2a5df.webp\",\"datePublished\":\"2024-07-26T08:27:54+00:00\",\"dateModified\":\"2024-07-26T08:32:13+00:00\",\"description\":\"\u0160ventyklos ir vienuolynai \u2013 tai ne tik meno k\u016brini\u0173 talpyklos. Knygoje susipa\u017einsite su gra\u017eiausiomis pasaulio \u0161ventyklomis bei vienuolynais.\",\"breadcrumb\":{\"@id\":\"https:\/\/skaitytaknyga.lt\/produktas\/sventyklos-ir-vienuolynai\/#breadcrumb\"},\"inLanguage\":\"en-GB\",\"potentialAction\":[{\"@type\":\"ReadAction\",\"target\":[\"https:\/\/skaitytaknyga.lt\/produktas\/sventyklos-ir-vienuolynai\/\"]}]},{\"@type\":\"ImageObject\",\"inLanguage\":\"en-GB\",\"@id\":\"https:\/\/skaitytaknyga.lt\/produktas\/sventyklos-ir-vienuolynai\/#primaryimage\",\"url\":\"https:\/\/skaitytaknyga.lt\/wp-content\/uploads\/2024\/07\/8e4d84aa6c61f6f8f1e82beed4e2a5df.webp\",\"contentUrl\":\"https:\/\/skaitytaknyga.lt\/wp-content\/uploads\/2024\/07\/8e4d84aa6c61f6f8f1e82beed4e2a5df.webp\",\"width\":661,\"height\":800,\"caption\":\"\u0160ventyklos ir vienuolynai\"},{\"@type\":\"BreadcrumbList\",\"@id\":\"https:\/\/skaitytaknyga.lt\/produktas\/sventyklos-ir-vienuolynai\/#breadcrumb\",\"itemListElement\":[{\"@type\":\"ListItem\",\"position\":1,\"name\":\"Home\",\"item\":\"https:\/\/skaitytaknyga.lt\/\"},{\"@type\":\"ListItem\",\"position\":2,\"name\":\"Parduotuv\u0117\",\"item\":\"https:\/\/skaitytaknyga.lt\/knygu-parduotuve\/\"},{\"@type\":\"ListItem\",\"position\":3,\"name\":\"\u0160ventyklos ir vienuolynai\"}]},{\"@type\":\"WebSite\",\"@id\":\"https:\/\/skaitytaknyga.lt\/#website\",\"url\":\"https:\/\/skaitytaknyga.lt\/\",\"name\":\"skaitytaknyga.lt\",\"description\":\"Skaitytaknyga.lt \u2013 tai ma\u017eas \u0161eimos verslas, kuris prasid\u0117jo nuo meil\u0117s knygoms ir siekio i\u0161gelb\u0117ti knygas nuo likimo prie konteinerio. Kas vienam nereikalingas daiktas \u2013 kitam lobis, o mes esame tarpininkai, kurie padeda abiems tapti laimingesniems ???? \u017dinome kaip nelengva i\u0161gyventi ma\u017eiems verslams, tad nuo \u0161iol, \u010dia rasite ir kit\u0173, ma\u017e\u0173 \u0161eim\u0173 versl\u0173, rank\u0173 darbo, dovan\u0173 sau ir artimiesiems.\",\"publisher\":{\"@id\":\"https:\/\/skaitytaknyga.lt\/#organization\"},\"potentialAction\":[{\"@type\":\"SearchAction\",\"target\":{\"@type\":\"EntryPoint\",\"urlTemplate\":\"https:\/\/skaitytaknyga.lt\/?s={search_term_string}\"},\"query-input\":{\"@type\":\"PropertyValueSpecification\",\"valueRequired\":true,\"valueName\":\"search_term_string\"}}],\"inLanguage\":\"en-GB\"},{\"@type\":\"Organization\",\"@id\":\"https:\/\/skaitytaknyga.lt\/#organization\",\"name\":\"skaitytaknyga.lt\",\"url\":\"https:\/\/skaitytaknyga.lt\/\",\"logo\":{\"@type\":\"ImageObject\",\"inLanguage\":\"en-GB\",\"@id\":\"https:\/\/skaitytaknyga.lt\/#\/schema\/logo\/image\/\",\"url\":\"https:\/\/skaitytaknyga.lt\/wp-content\/uploads\/2024\/05\/cropped-cropped-cropped-02_00843_jt3bggkj1j3HLc7SyY6rEUpg.jpeg\",\"contentUrl\":\"https:\/\/skaitytaknyga.lt\/wp-content\/uploads\/2024\/05\/cropped-cropped-cropped-02_00843_jt3bggkj1j3HLc7SyY6rEUpg.jpeg\",\"width\":1600,\"height\":1600,\"caption\":\"skaitytaknyga.lt\"},\"image\":{\"@id\":\"https:\/\/skaitytaknyga.lt\/#\/schema\/logo\/image\/\"},\"sameAs\":[\"https:\/\/www.facebook.com\/skaitytaknyga\/\"]}]}<\/script>\n<!-- \/ Yoast SEO plugin. -->","yoast_head_json":{"title":"\u0160ventyklos ir vienuolynai","description":"\u0160ventyklos ir vienuolynai \u2013 tai ne tik meno k\u016brini\u0173 talpyklos. Knygoje susipa\u017einsite su gra\u017eiausiomis pasaulio \u0161ventyklomis bei vienuolynais.","robots":{"index":"index","follow":"follow","max-snippet":"max-snippet:-1","max-image-preview":"max-image-preview:large","max-video-preview":"max-video-preview:-1"},"canonical":"https:\/\/skaitytaknyga.lt\/en\/produktas\/sventyklos-ir-vienuolynai\/","og_locale":"en_GB","og_type":"article","og_title":"[:lt]\u0160ventyklos ir vienuolynai[:] - Skaitytaknyga","og_description":"[:lt]\u0160ventyklos ir vienuolynai \u2013 tai ne tik meno k\u016brini\u0173 talpyklos. Knygoje susipa\u017einsite su gra\u017eiausiomis pasaulio \u0161ventyklomis bei vienuolynais.[:]","og_url":"https:\/\/skaitytaknyga.lt\/en\/produktas\/sventyklos-ir-vienuolynai\/","og_site_name":"Skaitytaknyga","article_publisher":"https:\/\/www.facebook.com\/skaitytaknyga\/","article_modified_time":"2024-07-26T08:32:13+00:00","og_image":[{"width":661,"height":800,"url":"https:\/\/skaitytaknyga.lt\/wp-content\/uploads\/2024\/07\/8e4d84aa6c61f6f8f1e82beed4e2a5df.webp","type":"image\/webp"}],"twitter_card":"summary_large_image","twitter_misc":{"Estimated reading time":"1 minute"},"schema":{"@context":"https:\/\/schema.org","@graph":[{"@type":"WebPage","@id":"https:\/\/skaitytaknyga.lt\/produktas\/sventyklos-ir-vienuolynai\/","url":"https:\/\/skaitytaknyga.lt\/produktas\/sventyklos-ir-vienuolynai\/","name":"\u0160ventyklos ir vienuolynai","isPartOf":{"@id":"https:\/\/skaitytaknyga.lt\/#website"},"primaryImageOfPage":{"@id":"https:\/\/skaitytaknyga.lt\/produktas\/sventyklos-ir-vienuolynai\/#primaryimage"},"image":{"@id":"https:\/\/skaitytaknyga.lt\/produktas\/sventyklos-ir-vienuolynai\/#primaryimage"},"thumbnailUrl":"https:\/\/skaitytaknyga.lt\/wp-content\/uploads\/2024\/07\/8e4d84aa6c61f6f8f1e82beed4e2a5df.webp","datePublished":"2024-07-26T08:27:54+00:00","dateModified":"2024-07-26T08:32:13+00:00","description":"\u0160ventyklos ir vienuolynai \u2013 tai ne tik meno k\u016brini\u0173 talpyklos. Knygoje susipa\u017einsite su gra\u017eiausiomis pasaulio \u0161ventyklomis bei vienuolynais.","breadcrumb":{"@id":"https:\/\/skaitytaknyga.lt\/produktas\/sventyklos-ir-vienuolynai\/#breadcrumb"},"inLanguage":"en-GB","potentialAction":[{"@type":"ReadAction","target":["https:\/\/skaitytaknyga.lt\/produktas\/sventyklos-ir-vienuolynai\/"]}]},{"@type":"ImageObject","inLanguage":"en-GB","@id":"https:\/\/skaitytaknyga.lt\/produktas\/sventyklos-ir-vienuolynai\/#primaryimage","url":"https:\/\/skaitytaknyga.lt\/wp-content\/uploads\/2024\/07\/8e4d84aa6c61f6f8f1e82beed4e2a5df.webp","contentUrl":"https:\/\/skaitytaknyga.lt\/wp-content\/uploads\/2024\/07\/8e4d84aa6c61f6f8f1e82beed4e2a5df.webp","width":661,"height":800,"caption":"\u0160ventyklos ir vienuolynai"},{"@type":"BreadcrumbList","@id":"https:\/\/skaitytaknyga.lt\/produktas\/sventyklos-ir-vienuolynai\/#breadcrumb","itemListElement":[{"@type":"ListItem","position":1,"name":"Home","item":"https:\/\/skaitytaknyga.lt\/"},{"@type":"ListItem","position":2,"name":"Parduotuv\u0117","item":"https:\/\/skaitytaknyga.lt\/knygu-parduotuve\/"},{"@type":"ListItem","position":3,"name":"\u0160ventyklos ir vienuolynai"}]},{"@type":"WebSite","@id":"https:\/\/skaitytaknyga.lt\/#website","url":"https:\/\/skaitytaknyga.lt\/","name":"skaitytaknyga.lt","description":"Skaitytaknyga.lt \u2013 tai ma\u017eas \u0161eimos verslas, kuris prasid\u0117jo nuo meil\u0117s knygoms ir siekio i\u0161gelb\u0117ti knygas nuo likimo prie konteinerio. Kas vienam nereikalingas daiktas \u2013 kitam lobis, o mes esame tarpininkai, kurie padeda abiems tapti laimingesniems ???? \u017dinome kaip nelengva i\u0161gyventi ma\u017eiems verslams, tad nuo \u0161iol, \u010dia rasite ir kit\u0173, ma\u017e\u0173 \u0161eim\u0173 versl\u0173, rank\u0173 darbo, dovan\u0173 sau ir artimiesiems.","publisher":{"@id":"https:\/\/skaitytaknyga.lt\/#organization"},"potentialAction":[{"@type":"SearchAction","target":{"@type":"EntryPoint","urlTemplate":"https:\/\/skaitytaknyga.lt\/?s={search_term_string}"},"query-input":{"@type":"PropertyValueSpecification","valueRequired":true,"valueName":"search_term_string"}}],"inLanguage":"en-GB"},{"@type":"Organization","@id":"https:\/\/skaitytaknyga.lt\/#organization","name":"skaitytaknyga.lt","url":"https:\/\/skaitytaknyga.lt\/","logo":{"@type":"ImageObject","inLanguage":"en-GB","@id":"https:\/\/skaitytaknyga.lt\/#\/schema\/logo\/image\/","url":"https:\/\/skaitytaknyga.lt\/wp-content\/uploads\/2024\/05\/cropped-cropped-cropped-02_00843_jt3bggkj1j3HLc7SyY6rEUpg.jpeg","contentUrl":"https:\/\/skaitytaknyga.lt\/wp-content\/uploads\/2024\/05\/cropped-cropped-cropped-02_00843_jt3bggkj1j3HLc7SyY6rEUpg.jpeg","width":1600,"height":1600,"caption":"skaitytaknyga.lt"},"image":{"@id":"https:\/\/skaitytaknyga.lt\/#\/schema\/logo\/image\/"},"sameAs":["https:\/\/www.facebook.com\/skaitytaknyga\/"]}]}},"_links":{"self":[{"href":"https:\/\/skaitytaknyga.lt\/en\/wp-json\/wp\/v2\/product\/13291","targetHints":{"allow":["GET"]}}],"collection":[{"href":"https:\/\/skaitytaknyga.lt\/en\/wp-json\/wp\/v2\/product"}],"about":[{"href":"https:\/\/skaitytaknyga.lt\/en\/wp-json\/wp\/v2\/types\/product"}],"replies":[{"embeddable":true,"href":"https:\/\/skaitytaknyga.lt\/en\/wp-json\/wp\/v2\/comments?post=13291"}],"wp:featuredmedia":[{"embeddable":true,"href":"https:\/\/skaitytaknyga.lt\/en\/wp-json\/wp\/v2\/media\/13293"}],"wp:attachment":[{"href":"https:\/\/skaitytaknyga.lt\/en\/wp-json\/wp\/v2\/media?parent=13291"}],"wp:term":[{"taxonomy":"product_brand","embeddable":true,"href":"https:\/\/skaitytaknyga.lt\/en\/wp-json\/wp\/v2\/product_brand?post=13291"},{"taxonomy":"product_cat","embeddable":true,"href":"https:\/\/skaitytaknyga.lt\/en\/wp-json\/wp\/v2\/product_cat?post=13291"},{"taxonomy":"product_tag","embeddable":true,"href":"https:\/\/skaitytaknyga.lt\/en\/wp-json\/wp\/v2\/product_tag?post=13291"}],"curies":[{"name":"wp","href":"https:\/\/api.w.org\/{rel}","templated":true}]}}