{"id":13289,"date":"2024-07-26T11:19:01","date_gmt":"2024-07-26T08:19:01","guid":{"rendered":"https:\/\/skaitytaknyga.lt\/?post_type=product&#038;p=13289"},"modified":"2025-04-04T14:03:51","modified_gmt":"2025-04-04T11:03:51","slug":"kaip-kalbeti-ir-elgtis-kad-visada-pasiektum-ko-troksti","status":"publish","type":"product","link":"https:\/\/skaitytaknyga.lt\/en\/produktas\/kaip-kalbeti-ir-elgtis-kad-visada-pasiektum-ko-troksti\/","title":{"rendered":"Dale Carnegie \u201eKaip kalb\u0117ti ir elgtis, kad visada pasiektum, ko trok\u0161ti\u201c"},"content":{"rendered":"<p>Bendravimas \u2013 dviej\u0173 kryp\u010di\u0173 gatv\u0117. Kad jis vykt\u0173 efektyviai, informacijos siunt\u0117jas turi ie\u0161koti gr\u012f\u017etamojo ry\u0161io ir gauti j\u012f i\u0161 informacijos gav\u0117jo, turi b\u016bti tikras, kad j\u012f supranta.<\/p>\n<p>\u0160ioje knygoje Deilas Karnegis ir jo sek\u0117jai, sukaup\u0119 devyni\u0173 de\u0161imtme\u010di\u0173 patirt\u012f, dalijasi mintimis, kaip pagerinti bendravim\u0105 \u017eod\u017eiu ir ra\u0161tu, kad darbas ir kitos gyvenimo sritys b\u016bt\u0173 s\u0117kmingos, kaip klausytis ir tinkamai i\u0161girsti, kaip kalb\u0117ti, kad b\u016btum suprastas vis\u0173 ir visose situacijose.<\/p>\n<ul class=\"about-product d-none d-xl-block mt-4\">\n<li><strong>Autorius:<\/strong>\u00a0<a href=\"https:\/\/skaitytaknyga.lt\/?s=CARNEGIE&#038;post_type=product&#038;dgwt_wcas=1\">Dale Carnegie<\/a><\/li>\n<li><strong>Leid\u0117jas:<\/strong>\u00a0Obuolys<\/li>\n<li><strong>Metai:<\/strong>\u00a02011<\/li>\n<li><strong>Puslapiai:<\/strong>\u00a0320<\/li>\n<li><strong>ISBN:<\/strong>\u00a09786094032042<\/li>\n<li><strong>Formatas:<\/strong>\u00a010,6 x 17,2 cm, mink\u0161ti vir\u0161eliai<\/li>\n<li><strong>Kalba:<\/strong>\u00a0Lietuvi\u0173<\/li>\n<li><strong>Vert\u0117jas:<\/strong>\u00a0Agn\u0117 Mackevi\u010di\u016bt\u0117<\/li>\n<li><strong>Knyg\u0173 serija:<\/strong>\u00a0Guru<\/li>\n<\/ul>\n","protected":false},"excerpt":{"rendered":"<p>\u0160ioje knygoje naujo kelio \u012f s\u0117km\u0119 ie\u0161kantis su\u017einos:<\/p>\n<p><em>Kaip kalb\u0117ti vie\u0161ai \u012ftikinamai ir u\u017etikrintai<\/em><\/p>\n<p><em>Kaip surengti patrauklias vie\u0161as prezentacijas<\/em><\/p>\n<p><em>Kaip kalb\u0117ti argumentuotai<\/em><\/p>\n<p><em>Kaip nepriekai\u0161tingai d\u0117styti savo mintis ra\u0161tu<\/em><\/p>\n<p><em>Kaip palikti malon\u0173 \u012fsp\u016bd\u012f savo pa\u0161nekovui<\/em><\/p>\n<p><em>Kaip interpretuoti k\u016bno kalb\u0105<\/em><\/p>\n<p><em>Kaip efektyviai kalb\u0117ti telefonu<\/em><\/p>\n<p><em>Kaip bendrauti elektroniniais lai\u0161kais<\/em><\/p>\n","protected":false},"featured_media":13290,"comment_status":"closed","ping_status":"closed","template":"","meta":{"_acf_changed":false,"site-sidebar-layout":"default","site-content-layout":"","ast-site-content-layout":"default","site-content-style":"default","site-sidebar-style":"default","ast-global-header-display":"","ast-banner-title-visibility":"","ast-main-header-display":"","ast-hfb-above-header-display":"","ast-hfb-below-header-display":"","ast-hfb-mobile-header-display":"","site-post-title":"","ast-breadcrumbs-content":"","ast-featured-img":"","footer-sml-layout":"","ast-disable-related-posts":"","theme-transparent-header-meta":"default","adv-header-id-meta":"","stick-header-meta":"","header-above-stick-meta":"","header-main-stick-meta":"","header-below-stick-meta":"","astra-migrate-meta-layouts":"set","ast-page-background-enabled":"default","ast-page-background-meta":{"desktop":{"background-color":"","background-image":"","background-repeat":"repeat","background-position":"center center","background-size":"auto","background-attachment":"scroll","background-type":"","background-media":"","overlay-type":"","overlay-color":"","overlay-opacity":"","overlay-gradient":""},"tablet":{"background-color":"","background-image":"","background-repeat":"repeat","background-position":"center center","background-size":"auto","background-attachment":"scroll","background-type":"","background-media":"","overlay-type":"","overlay-color":"","overlay-opacity":"","overlay-gradient":""},"mobile":{"background-color":"","background-image":"","background-repeat":"repeat","background-position":"center center","background-size":"auto","background-attachment":"scroll","background-type":"","background-media":"","overlay-type":"","overlay-color":"","overlay-opacity":"","overlay-gradient":""}},"ast-content-background-meta":{"desktop":{"background-color":"var(--ast-global-color-4)","background-image":"","background-repeat":"repeat","background-position":"center center","background-size":"auto","background-attachment":"scroll","background-type":"","background-media":"","overlay-type":"","overlay-color":"","overlay-opacity":"","overlay-gradient":""},"tablet":{"background-color":"var(--ast-global-color-4)","background-image":"","background-repeat":"repeat","background-position":"center center","background-size":"auto","background-attachment":"scroll","background-type":"","background-media":"","overlay-type":"","overlay-color":"","overlay-opacity":"","overlay-gradient":""},"mobile":{"background-color":"var(--ast-global-color-4)","background-image":"","background-repeat":"repeat","background-position":"center center","background-size":"auto","background-attachment":"scroll","background-type":"","background-media":"","overlay-type":"","overlay-color":"","overlay-opacity":"","overlay-gradient":""}}},"product_brand":[],"product_cat":[30],"product_tag":[1391,1413,1414,1412,1396,1415,1411],"class_list":{"0":"post-13289","1":"product","2":"type-product","3":"status-publish","4":"has-post-thumbnail","6":"product_cat-psichologija-ir-saviugda","7":"product_tag-dale-carnegie","8":"product_tag-elgesio-psichologija","9":"product_tag-itikinejimas","10":"product_tag-saviraiska","11":"product_tag-saviugda","12":"product_tag-sekmes-igudziai","13":"product_tag-viesasis-kalbejimas","14":"desktop-align-left","15":"tablet-align-left","16":"mobile-align-left","18":"first","19":"instock","20":"shipping-taxable","21":"purchasable","22":"product-type-simple"},"acf":[],"yoast_head":"<!-- This site is optimized with the Yoast SEO plugin v27.4 - https:\/\/yoast.com\/product\/yoast-seo-wordpress\/ -->\n<title>Dale Carnegie \u201eKaip kalb\u0117ti ir elgtis, kad visada pasiektum, ko trok\u0161ti\u201c<\/title>\n<meta name=\"description\" content=\"Kaip pagerinti bendravim\u0105 \u017eod\u017eiu ir ra\u0161tu, kad darbas ir kitos gyvenimo sritys b\u016bt\u0173 s\u0117kmingos, kaip kalb\u0117ti, kad b\u016btum suprastas vis\u0173 ir visose situacijose.\" \/>\n<meta name=\"robots\" content=\"index, follow, max-snippet:-1, max-image-preview:large, max-video-preview:-1\" \/>\n<link rel=\"canonical\" href=\"https:\/\/skaitytaknyga.lt\/en\/produktas\/kaip-kalbeti-ir-elgtis-kad-visada-pasiektum-ko-troksti\/\" \/>\n<meta property=\"og:locale\" content=\"en_GB\" \/>\n<meta property=\"og:locale:alternate\" content=\"lt_LT\" \/>\n<meta property=\"og:type\" content=\"article\" \/>\n<meta property=\"og:title\" content=\"Dale Carnegie \u201eKaip kalb\u0117ti ir elgtis, kad visada pasiektum, ko trok\u0161ti\u201c\" \/>\n<meta property=\"og:description\" content=\"Kaip pagerinti bendravim\u0105 \u017eod\u017eiu ir ra\u0161tu, kad darbas ir kitos gyvenimo sritys b\u016bt\u0173 s\u0117kmingos, kaip kalb\u0117ti, kad b\u016btum suprastas vis\u0173 ir visose situacijose.\" \/>\n<meta property=\"og:url\" content=\"https:\/\/skaitytaknyga.lt\/en\/produktas\/kaip-kalbeti-ir-elgtis-kad-visada-pasiektum-ko-troksti\/\" \/>\n<meta property=\"og:site_name\" content=\"Skaitytaknyga\" \/>\n<meta property=\"article:publisher\" content=\"https:\/\/www.facebook.com\/skaitytaknyga\/\" \/>\n<meta property=\"article:modified_time\" content=\"2025-04-04T11:03:51+00:00\" \/>\n<meta property=\"og:image\" content=\"https:\/\/skaitytaknyga.lt\/wp-content\/uploads\/2024\/07\/unnamed-1-1-1-e1721982365233.jpg\" \/>\n\t<meta property=\"og:image:width\" content=\"537\" \/>\n\t<meta property=\"og:image:height\" content=\"856\" \/>\n\t<meta property=\"og:image:type\" content=\"image\/jpeg\" \/>\n<meta name=\"twitter:card\" content=\"summary_large_image\" \/>\n<meta name=\"twitter:label1\" content=\"Estimated reading time\" \/>\n\t<meta name=\"twitter:data1\" content=\"1 minute\" \/>\n<script type=\"application\/ld+json\" class=\"yoast-schema-graph\">{\"@context\":\"https:\\\/\\\/schema.org\",\"@graph\":[{\"@type\":\"WebPage\",\"@id\":\"https:\\\/\\\/skaitytaknyga.lt\\\/produktas\\\/kaip-kalbeti-ir-elgtis-kad-visada-pasiektum-ko-troksti\\\/\",\"url\":\"https:\\\/\\\/skaitytaknyga.lt\\\/produktas\\\/kaip-kalbeti-ir-elgtis-kad-visada-pasiektum-ko-troksti\\\/\",\"name\":\"Dale Carnegie \u201eKaip kalb\u0117ti ir elgtis, kad visada pasiektum, ko trok\u0161ti\u201c\",\"isPartOf\":{\"@id\":\"https:\\\/\\\/skaitytaknyga.lt\\\/#website\"},\"primaryImageOfPage\":{\"@id\":\"https:\\\/\\\/skaitytaknyga.lt\\\/produktas\\\/kaip-kalbeti-ir-elgtis-kad-visada-pasiektum-ko-troksti\\\/#primaryimage\"},\"image\":{\"@id\":\"https:\\\/\\\/skaitytaknyga.lt\\\/produktas\\\/kaip-kalbeti-ir-elgtis-kad-visada-pasiektum-ko-troksti\\\/#primaryimage\"},\"thumbnailUrl\":\"https:\\\/\\\/skaitytaknyga.lt\\\/wp-content\\\/uploads\\\/2024\\\/07\\\/unnamed-1-1-1-e1721982365233.jpg\",\"datePublished\":\"2024-07-26T08:19:01+00:00\",\"dateModified\":\"2025-04-04T11:03:51+00:00\",\"description\":\"Kaip pagerinti bendravim\u0105 \u017eod\u017eiu ir ra\u0161tu, kad darbas ir kitos gyvenimo sritys b\u016bt\u0173 s\u0117kmingos, kaip kalb\u0117ti, kad b\u016btum suprastas vis\u0173 ir visose situacijose.\",\"breadcrumb\":{\"@id\":\"https:\\\/\\\/skaitytaknyga.lt\\\/produktas\\\/kaip-kalbeti-ir-elgtis-kad-visada-pasiektum-ko-troksti\\\/#breadcrumb\"},\"inLanguage\":\"en-GB\",\"potentialAction\":[{\"@type\":\"ReadAction\",\"target\":[\"https:\\\/\\\/skaitytaknyga.lt\\\/produktas\\\/kaip-kalbeti-ir-elgtis-kad-visada-pasiektum-ko-troksti\\\/\"]}]},{\"@type\":\"ImageObject\",\"inLanguage\":\"en-GB\",\"@id\":\"https:\\\/\\\/skaitytaknyga.lt\\\/produktas\\\/kaip-kalbeti-ir-elgtis-kad-visada-pasiektum-ko-troksti\\\/#primaryimage\",\"url\":\"https:\\\/\\\/skaitytaknyga.lt\\\/wp-content\\\/uploads\\\/2024\\\/07\\\/unnamed-1-1-1-e1721982365233.jpg\",\"contentUrl\":\"https:\\\/\\\/skaitytaknyga.lt\\\/wp-content\\\/uploads\\\/2024\\\/07\\\/unnamed-1-1-1-e1721982365233.jpg\",\"width\":537,\"height\":856,\"caption\":\"Kaip kalb\u0117ti ir elgtis, kad visada pasiektum, ko trok\u0161ti\"},{\"@type\":\"BreadcrumbList\",\"@id\":\"https:\\\/\\\/skaitytaknyga.lt\\\/produktas\\\/kaip-kalbeti-ir-elgtis-kad-visada-pasiektum-ko-troksti\\\/#breadcrumb\",\"itemListElement\":[{\"@type\":\"ListItem\",\"position\":1,\"name\":\"Home\",\"item\":\"https:\\\/\\\/skaitytaknyga.lt\\\/\"},{\"@type\":\"ListItem\",\"position\":2,\"name\":\"Parduotuv\u0117\",\"item\":\"https:\\\/\\\/skaitytaknyga.lt\\\/knygu-parduotuve\\\/\"},{\"@type\":\"ListItem\",\"position\":3,\"name\":\"Dale Carnegie \u201eKaip kalb\u0117ti ir elgtis, kad visada pasiektum, ko trok\u0161ti\u201c\"}]},{\"@type\":\"WebSite\",\"@id\":\"https:\\\/\\\/skaitytaknyga.lt\\\/#website\",\"url\":\"https:\\\/\\\/skaitytaknyga.lt\\\/\",\"name\":\"skaitytaknyga.lt\",\"description\":\"Skaitytaknyga.lt \u2013 tai ma\u017eas \u0161eimos verslas, kuris prasid\u0117jo nuo meil\u0117s knygoms ir siekio i\u0161gelb\u0117ti knygas nuo likimo prie konteinerio. Kas vienam nereikalingas daiktas \u2013 kitam lobis, o mes esame tarpininkai, kurie padeda abiems tapti laimingesniems ???? \u017dinome kaip nelengva i\u0161gyventi ma\u017eiems verslams, tad nuo \u0161iol, \u010dia rasite ir kit\u0173, ma\u017e\u0173 \u0161eim\u0173 versl\u0173, rank\u0173 darbo, dovan\u0173 sau ir artimiesiems.\",\"publisher\":{\"@id\":\"https:\\\/\\\/skaitytaknyga.lt\\\/#organization\"},\"potentialAction\":[{\"@type\":\"SearchAction\",\"target\":{\"@type\":\"EntryPoint\",\"urlTemplate\":\"https:\\\/\\\/skaitytaknyga.lt\\\/?s={search_term_string}\"},\"query-input\":{\"@type\":\"PropertyValueSpecification\",\"valueRequired\":true,\"valueName\":\"search_term_string\"}}],\"inLanguage\":\"en-GB\"},{\"@type\":\"Organization\",\"@id\":\"https:\\\/\\\/skaitytaknyga.lt\\\/#organization\",\"name\":\"skaitytaknyga.lt\",\"url\":\"https:\\\/\\\/skaitytaknyga.lt\\\/\",\"logo\":{\"@type\":\"ImageObject\",\"inLanguage\":\"en-GB\",\"@id\":\"https:\\\/\\\/skaitytaknyga.lt\\\/#\\\/schema\\\/logo\\\/image\\\/\",\"url\":\"https:\\\/\\\/skaitytaknyga.lt\\\/wp-content\\\/uploads\\\/2024\\\/05\\\/cropped-cropped-cropped-02_00843_jt3bggkj1j3HLc7SyY6rEUpg.jpeg\",\"contentUrl\":\"https:\\\/\\\/skaitytaknyga.lt\\\/wp-content\\\/uploads\\\/2024\\\/05\\\/cropped-cropped-cropped-02_00843_jt3bggkj1j3HLc7SyY6rEUpg.jpeg\",\"width\":1600,\"height\":1600,\"caption\":\"skaitytaknyga.lt\"},\"image\":{\"@id\":\"https:\\\/\\\/skaitytaknyga.lt\\\/#\\\/schema\\\/logo\\\/image\\\/\"},\"sameAs\":[\"https:\\\/\\\/www.facebook.com\\\/skaitytaknyga\\\/\"]}]}<\/script>\n<!-- \/ Yoast SEO plugin. -->","yoast_head_json":{"title":"Dale Carnegie \u201eKaip kalb\u0117ti ir elgtis, kad visada pasiektum, ko trok\u0161ti\u201c","description":"Kaip pagerinti bendravim\u0105 \u017eod\u017eiu ir ra\u0161tu, kad darbas ir kitos gyvenimo sritys b\u016bt\u0173 s\u0117kmingos, kaip kalb\u0117ti, kad b\u016btum suprastas vis\u0173 ir visose situacijose.","robots":{"index":"index","follow":"follow","max-snippet":"max-snippet:-1","max-image-preview":"max-image-preview:large","max-video-preview":"max-video-preview:-1"},"canonical":"https:\/\/skaitytaknyga.lt\/en\/produktas\/kaip-kalbeti-ir-elgtis-kad-visada-pasiektum-ko-troksti\/","og_locale":"en_GB","og_type":"article","og_title":"[:lt]Dale Carnegie \u201eKaip kalb\u0117ti ir elgtis, kad visada pasiektum, ko trok\u0161ti\u201c[:] - Skaitytaknyga","og_description":"Kaip pagerinti bendravim\u0105 \u017eod\u017eiu ir ra\u0161tu, kad darbas ir kitos gyvenimo sritys b\u016bt\u0173 s\u0117kmingos, kaip kalb\u0117ti, kad b\u016btum suprastas vis\u0173 ir visose situacijose.","og_url":"https:\/\/skaitytaknyga.lt\/en\/produktas\/kaip-kalbeti-ir-elgtis-kad-visada-pasiektum-ko-troksti\/","og_site_name":"Skaitytaknyga","article_publisher":"https:\/\/www.facebook.com\/skaitytaknyga\/","article_modified_time":"2025-04-04T11:03:51+00:00","og_image":[{"width":537,"height":856,"url":"https:\/\/skaitytaknyga.lt\/wp-content\/uploads\/2024\/07\/unnamed-1-1-1-e1721982365233.jpg","type":"image\/jpeg"}],"twitter_card":"summary_large_image","twitter_misc":{"Estimated reading time":"1 minute"},"schema":{"@context":"https:\/\/schema.org","@graph":[{"@type":"WebPage","@id":"https:\/\/skaitytaknyga.lt\/produktas\/kaip-kalbeti-ir-elgtis-kad-visada-pasiektum-ko-troksti\/","url":"https:\/\/skaitytaknyga.lt\/produktas\/kaip-kalbeti-ir-elgtis-kad-visada-pasiektum-ko-troksti\/","name":"Dale Carnegie \u201eKaip kalb\u0117ti ir elgtis, kad visada pasiektum, ko trok\u0161ti\u201c","isPartOf":{"@id":"https:\/\/skaitytaknyga.lt\/#website"},"primaryImageOfPage":{"@id":"https:\/\/skaitytaknyga.lt\/produktas\/kaip-kalbeti-ir-elgtis-kad-visada-pasiektum-ko-troksti\/#primaryimage"},"image":{"@id":"https:\/\/skaitytaknyga.lt\/produktas\/kaip-kalbeti-ir-elgtis-kad-visada-pasiektum-ko-troksti\/#primaryimage"},"thumbnailUrl":"https:\/\/skaitytaknyga.lt\/wp-content\/uploads\/2024\/07\/unnamed-1-1-1-e1721982365233.jpg","datePublished":"2024-07-26T08:19:01+00:00","dateModified":"2025-04-04T11:03:51+00:00","description":"Kaip pagerinti bendravim\u0105 \u017eod\u017eiu ir ra\u0161tu, kad darbas ir kitos gyvenimo sritys b\u016bt\u0173 s\u0117kmingos, kaip kalb\u0117ti, kad b\u016btum suprastas vis\u0173 ir visose situacijose.","breadcrumb":{"@id":"https:\/\/skaitytaknyga.lt\/produktas\/kaip-kalbeti-ir-elgtis-kad-visada-pasiektum-ko-troksti\/#breadcrumb"},"inLanguage":"en-GB","potentialAction":[{"@type":"ReadAction","target":["https:\/\/skaitytaknyga.lt\/produktas\/kaip-kalbeti-ir-elgtis-kad-visada-pasiektum-ko-troksti\/"]}]},{"@type":"ImageObject","inLanguage":"en-GB","@id":"https:\/\/skaitytaknyga.lt\/produktas\/kaip-kalbeti-ir-elgtis-kad-visada-pasiektum-ko-troksti\/#primaryimage","url":"https:\/\/skaitytaknyga.lt\/wp-content\/uploads\/2024\/07\/unnamed-1-1-1-e1721982365233.jpg","contentUrl":"https:\/\/skaitytaknyga.lt\/wp-content\/uploads\/2024\/07\/unnamed-1-1-1-e1721982365233.jpg","width":537,"height":856,"caption":"Kaip kalb\u0117ti ir elgtis, kad visada pasiektum, ko trok\u0161ti"},{"@type":"BreadcrumbList","@id":"https:\/\/skaitytaknyga.lt\/produktas\/kaip-kalbeti-ir-elgtis-kad-visada-pasiektum-ko-troksti\/#breadcrumb","itemListElement":[{"@type":"ListItem","position":1,"name":"Home","item":"https:\/\/skaitytaknyga.lt\/"},{"@type":"ListItem","position":2,"name":"Parduotuv\u0117","item":"https:\/\/skaitytaknyga.lt\/knygu-parduotuve\/"},{"@type":"ListItem","position":3,"name":"Dale Carnegie \u201eKaip kalb\u0117ti ir elgtis, kad visada pasiektum, ko trok\u0161ti\u201c"}]},{"@type":"WebSite","@id":"https:\/\/skaitytaknyga.lt\/#website","url":"https:\/\/skaitytaknyga.lt\/","name":"skaitytaknyga.lt","description":"Skaitytaknyga.lt \u2013 tai ma\u017eas \u0161eimos verslas, kuris prasid\u0117jo nuo meil\u0117s knygoms ir siekio i\u0161gelb\u0117ti knygas nuo likimo prie konteinerio. Kas vienam nereikalingas daiktas \u2013 kitam lobis, o mes esame tarpininkai, kurie padeda abiems tapti laimingesniems ???? \u017dinome kaip nelengva i\u0161gyventi ma\u017eiems verslams, tad nuo \u0161iol, \u010dia rasite ir kit\u0173, ma\u017e\u0173 \u0161eim\u0173 versl\u0173, rank\u0173 darbo, dovan\u0173 sau ir artimiesiems.","publisher":{"@id":"https:\/\/skaitytaknyga.lt\/#organization"},"potentialAction":[{"@type":"SearchAction","target":{"@type":"EntryPoint","urlTemplate":"https:\/\/skaitytaknyga.lt\/?s={search_term_string}"},"query-input":{"@type":"PropertyValueSpecification","valueRequired":true,"valueName":"search_term_string"}}],"inLanguage":"en-GB"},{"@type":"Organization","@id":"https:\/\/skaitytaknyga.lt\/#organization","name":"skaitytaknyga.lt","url":"https:\/\/skaitytaknyga.lt\/","logo":{"@type":"ImageObject","inLanguage":"en-GB","@id":"https:\/\/skaitytaknyga.lt\/#\/schema\/logo\/image\/","url":"https:\/\/skaitytaknyga.lt\/wp-content\/uploads\/2024\/05\/cropped-cropped-cropped-02_00843_jt3bggkj1j3HLc7SyY6rEUpg.jpeg","contentUrl":"https:\/\/skaitytaknyga.lt\/wp-content\/uploads\/2024\/05\/cropped-cropped-cropped-02_00843_jt3bggkj1j3HLc7SyY6rEUpg.jpeg","width":1600,"height":1600,"caption":"skaitytaknyga.lt"},"image":{"@id":"https:\/\/skaitytaknyga.lt\/#\/schema\/logo\/image\/"},"sameAs":["https:\/\/www.facebook.com\/skaitytaknyga\/"]}]}},"_links":{"self":[{"href":"https:\/\/skaitytaknyga.lt\/en\/wp-json\/wp\/v2\/product\/13289","targetHints":{"allow":["GET"]}}],"collection":[{"href":"https:\/\/skaitytaknyga.lt\/en\/wp-json\/wp\/v2\/product"}],"about":[{"href":"https:\/\/skaitytaknyga.lt\/en\/wp-json\/wp\/v2\/types\/product"}],"replies":[{"embeddable":true,"href":"https:\/\/skaitytaknyga.lt\/en\/wp-json\/wp\/v2\/comments?post=13289"}],"wp:featuredmedia":[{"embeddable":true,"href":"https:\/\/skaitytaknyga.lt\/en\/wp-json\/wp\/v2\/media\/13290"}],"wp:attachment":[{"href":"https:\/\/skaitytaknyga.lt\/en\/wp-json\/wp\/v2\/media?parent=13289"}],"wp:term":[{"taxonomy":"product_brand","embeddable":true,"href":"https:\/\/skaitytaknyga.lt\/en\/wp-json\/wp\/v2\/product_brand?post=13289"},{"taxonomy":"product_cat","embeddable":true,"href":"https:\/\/skaitytaknyga.lt\/en\/wp-json\/wp\/v2\/product_cat?post=13289"},{"taxonomy":"product_tag","embeddable":true,"href":"https:\/\/skaitytaknyga.lt\/en\/wp-json\/wp\/v2\/product_tag?post=13289"}],"curies":[{"name":"wp","href":"https:\/\/api.w.org\/{rel}","templated":true}]}}