{"id":13276,"date":"2024-07-25T16:13:35","date_gmt":"2024-07-25T13:13:35","guid":{"rendered":"https:\/\/skaitytaknyga.lt\/?post_type=product&#038;p=13276"},"modified":"2025-04-30T14:47:37","modified_gmt":"2025-04-30T11:47:37","slug":"andreja-isimyleti-pavojinga","status":"publish","type":"product","link":"https:\/\/skaitytaknyga.lt\/en\/produktas\/andreja-isimyleti-pavojinga\/","title":{"rendered":"\u012esimyl\u0117ti pavojinga"},"content":{"rendered":"<p><span lang=\"LT\">Ne vieno bestseleriu tapusio romano autor\u0117 Andr\u0117ja romantini\u0173 detektyv\u0173 gerb\u0117joms pristato nauj\u0105 intriguojant\u012f roman\u0105\u00a0<strong>\u012eSIMYL\u0116TI PAVOJINGA<\/strong>. Ar pasirengusios tikrai pikanti\u0161kai, netik\u0117t\u0173 siu\u017eeto pos\u016bki\u0173 kupinai, atsikv\u0117pti neleid\u017eian\u010diai istorijai?<\/span><\/p>\n<p>Kai i\u0161duoda patys artimiausi, kai draugai tampa prie\u0161ais, o prie\u0161ai virsta draugais, nelieka nieko kito \u2013 tik b\u0117gti. Nuo pavoj\u0173 ir&#8230; nuo sav\u0119s.<\/p>\n<p>Ma\u017eame Kaliningrado srities miestelyje gyvenan\u010di\u0105 Margarit\u0105 t\u0117vai primygtinai ragina tek\u0117ti u\u017e vietinio turtuolio Danilos, bet mergina jo nemyli, netgi bijo&#8230; Negana to, vien\u0105 vakar\u0105 j\u0105 u\u017epuola girtas Danilos brolis. Besigindama Margarita nety\u010dia j\u012f nu\u017eudo ir panikos apimta pab\u0117ga i\u0161 \u0161alies. Likimas nuveda j\u0105 \u012f Lietuv\u0105, ta\u010diau v\u0117l nes\u0117km\u0117 \u2013 vagys stotyje pavagia daiktus. Be pinig\u0173 ir dokument\u0173 mergina \u0161laistosi po Vilniaus gatves, kol prie konteineri\u0173 j\u0105 pastebi naktinio klubo savininkas pravarde Favoritas. Jis priglaud\u017eia Margarit\u0105, kuri greitai pelno vyro pasitik\u0117jim\u0105 ir tampa jo de\u0161ini\u0105ja ranka.<\/p>\n<p>Ta\u010diau ar Favoritas tikrai tas, kuo dedasi?<\/p>\n<p>Netrukus randami keli\u0173 mergin\u0173 lavonai&#8230; Paai\u0161k\u0117ja, kad nu\u017eudytosios buvo \u201emulai&#8221;, gaben\u0119 narkotikus. Prasideda tyrimas, kuriam vadovauja du policininkai \u2013 Tomas ir Bernardas. Tarp Bernardo ir Margaritos u\u017esimezga romanti\u0161ki jausmai. Ta\u010diau tai \u2013 tik prad\u017eia: \u012fvykiai \u012fsisuka \u012f pavojing\u0105 karusel\u0119, vis sunkiau nusp\u0117ti j\u0173 baigt\u012f.<\/p>\n<p>Ar Margaritai pavyks sutraukyti vis labiau j\u0105 smaugiant\u012f pavojing\u0105 voratinkl\u012f?<\/p>\n<p>Ar Bernardas sugeb\u0117s apsaugoti savo meil\u0119?<\/p>\n<p>\u012etampos, netik\u0117t\u0173 pos\u016bki\u0173 ir veiksmo istorija, kurioje persipina u\u017eburianti meil\u0117s drama, nepaliks abejing\u0173 ir neleis atsipl\u0117\u0161ti nuo knygos, kol neu\u017eversite paskutinio puslapio.<\/p>\n<ul class=\"about-product d-none d-xl-block mt-4\">\n<li><strong>Autorius:<\/strong>\u00a0Andr\u0117ja<\/li>\n<li><strong>Leid\u0117jas:<\/strong>\u00a0Obuolys<\/li>\n<li><strong>Metai:<\/strong>\u00a02022<\/li>\n<li><strong>Puslapiai:<\/strong>\u00a0256<\/li>\n<li><strong>ISBN:<\/strong>\u00a09786094844348<\/li>\n<li><strong>Versijos kodas:<\/strong>\u00a020<\/li>\n<li><strong>Formatas:<\/strong>\u00a012,5 x 18,5 x 2 cm, mink\u0161ti vir\u0161eliai<\/li>\n<li><strong>Kalba:<\/strong>\u00a0Lietuvi\u0173<\/li>\n<\/ul>\n","protected":false},"excerpt":{"rendered":"<p>Ne vieno bestseleriu tapusio romano autor\u0117 Andr\u0117ja romantini\u0173 detektyv\u0173 gerb\u0117joms pristato nauj\u0105 intriguojant\u012f roman\u0105\u00a0\u012eSIMYL\u0116TI PAVOJINGA. Ar pasirengusios tikrai pikanti\u0161kai, netik\u0117t\u0173 siu\u017eeto pos\u016bki\u0173 kupinai, atsikv\u0117pti neleid\u017eian\u010diai istorijai? Kai i\u0161duoda patys artimiausi, kai draugai tampa prie\u0161ais, o prie\u0161ai virsta draugais, nelieka nieko kito \u2013 tik b\u0117gti. Nuo pavoj\u0173 ir&#8230; nuo sav\u0119s. Ma\u017eame Kaliningrado srities miestelyje gyvenan\u010di\u0105 Margarit\u0105 t\u0117vai primygtinai ragina tek\u0117ti u\u017e vietinio turtuolio Danilos, bet mergina jo nemyli, netgi bijo&#8230; Negana to, vien\u0105 vakar\u0105 j\u0105 u\u017epuola girtas Danilos brolis. Besigindama Margarita nety\u010dia j\u012f nu\u017eudo ir panikos apimta pab\u0117ga i\u0161 \u0161alies. Likimas nuveda j\u0105 \u012f Lietuv\u0105, ta\u010diau v\u0117l nes\u0117km\u0117 \u2013 vagys stotyje pavagia daiktus. Be pinig\u0173 ir dokument\u0173 mergina \u0161laistosi po Vilniaus gatves, kol prie konteineri\u0173 j\u0105 pastebi naktinio klubo savininkas pravarde Favoritas. Jis priglaud\u017eia Margarit\u0105, kuri greitai pelno vyro pasitik\u0117jim\u0105 ir tampa jo de\u0161ini\u0105ja ranka. Ta\u010diau ar Favoritas tikrai tas, kuo dedasi? Netrukus randami keli\u0173 mergin\u0173 lavonai&#8230; Paai\u0161k\u0117ja, kad nu\u017eudytosios buvo \u201emulai&#8221;, gaben\u0119 narkotikus. Prasideda tyrimas, kuriam vadovauja du policininkai \u2013 Tomas ir Bernardas. Tarp Bernardo ir Margaritos u\u017esimezga romanti\u0161ki jausmai. Ta\u010diau tai \u2013 tik prad\u017eia: \u012fvykiai \u012fsisuka \u012f pavojing\u0105 karusel\u0119, vis sunkiau nusp\u0117ti j\u0173 baigt\u012f. Ar Margaritai pavyks sutraukyti vis labiau j\u0105 smaugiant\u012f pavojing\u0105 voratinkl\u012f? Ar Bernardas sugeb\u0117s apsaugoti savo meil\u0119? \u012etampos, netik\u0117t\u0173 pos\u016bki\u0173 ir veiksmo istorija, kurioje persipina u\u017eburianti meil\u0117s drama, nepaliks abejing\u0173 ir neleis atsipl\u0117\u0161ti nuo knygos, kol neu\u017eversite paskutinio puslapio. Autorius:\u00a0Andr\u0117ja Leid\u0117jas:\u00a0Obuolys Metai:\u00a02022 Puslapiai:\u00a0256 ISBN:\u00a09786094844348 Versijos kodas:\u00a020 Formatas:\u00a012,5 x 18,5 x 2 cm, mink\u0161ti vir\u0161eliai Kalba:\u00a0Lietuvi\u0173<\/p>\n","protected":false},"featured_media":13277,"comment_status":"closed","ping_status":"closed","template":"","meta":{"_acf_changed":false,"site-sidebar-layout":"default","site-content-layout":"","ast-site-content-layout":"default","site-content-style":"default","site-sidebar-style":"default","ast-global-header-display":"","ast-banner-title-visibility":"","ast-main-header-display":"","ast-hfb-above-header-display":"","ast-hfb-below-header-display":"","ast-hfb-mobile-header-display":"","site-post-title":"","ast-breadcrumbs-content":"","ast-featured-img":"","footer-sml-layout":"","ast-disable-related-posts":"","theme-transparent-header-meta":"default","adv-header-id-meta":"","stick-header-meta":"","header-above-stick-meta":"","header-main-stick-meta":"","header-below-stick-meta":"","astra-migrate-meta-layouts":"set","ast-page-background-enabled":"default","ast-page-background-meta":{"desktop":{"background-color":"","background-image":"","background-repeat":"repeat","background-position":"center center","background-size":"auto","background-attachment":"scroll","background-type":"","background-media":"","overlay-type":"","overlay-color":"","overlay-opacity":"","overlay-gradient":""},"tablet":{"background-color":"","background-image":"","background-repeat":"repeat","background-position":"center center","background-size":"auto","background-attachment":"scroll","background-type":"","background-media":"","overlay-type":"","overlay-color":"","overlay-opacity":"","overlay-gradient":""},"mobile":{"background-color":"","background-image":"","background-repeat":"repeat","background-position":"center center","background-size":"auto","background-attachment":"scroll","background-type":"","background-media":"","overlay-type":"","overlay-color":"","overlay-opacity":"","overlay-gradient":""}},"ast-content-background-meta":{"desktop":{"background-color":"var(--ast-global-color-4)","background-image":"","background-repeat":"repeat","background-position":"center center","background-size":"auto","background-attachment":"scroll","background-type":"","background-media":"","overlay-type":"","overlay-color":"","overlay-opacity":"","overlay-gradient":""},"tablet":{"background-color":"var(--ast-global-color-4)","background-image":"","background-repeat":"repeat","background-position":"center center","background-size":"auto","background-attachment":"scroll","background-type":"","background-media":"","overlay-type":"","overlay-color":"","overlay-opacity":"","overlay-gradient":""},"mobile":{"background-color":"var(--ast-global-color-4)","background-image":"","background-repeat":"repeat","background-position":"center center","background-size":"auto","background-attachment":"scroll","background-type":"","background-media":"","overlay-type":"","overlay-color":"","overlay-opacity":"","overlay-gradient":""}}},"product_brand":[],"product_cat":[31],"product_tag":[1247],"class_list":{"0":"post-13276","1":"product","2":"type-product","3":"status-publish","4":"has-post-thumbnail","6":"product_cat-grozine-literatura","7":"product_tag-andreja","8":"desktop-align-left","9":"tablet-align-left","10":"mobile-align-left","12":"first","13":"instock","14":"shipping-taxable","15":"purchasable","16":"product-type-simple"},"acf":[],"yoast_head":"<!-- This site is optimized with the Yoast SEO plugin v27.0 - https:\/\/yoast.com\/product\/yoast-seo-wordpress\/ -->\n<title>\u012esimyl\u0117ti pavojinga<\/title>\n<meta name=\"description\" content=\"Andr\u0117ja romantini\u0173 detektyv\u0173 gerb\u0117joms pristato nauj\u0105 intriguojant\u012f roman\u0105 \u012eSIMYL\u0116TI PAVOJINGA. Ar pasirengusios tikrai pikanti\u0161kai istorijai?\" \/>\n<meta name=\"robots\" content=\"index, follow, max-snippet:-1, max-image-preview:large, max-video-preview:-1\" \/>\n<link rel=\"canonical\" href=\"https:\/\/skaitytaknyga.lt\/en\/produktas\/andreja-isimyleti-pavojinga\/\" \/>\n<meta property=\"og:locale\" content=\"en_GB\" \/>\n<meta property=\"og:locale:alternate\" content=\"lt_LT\" \/>\n<meta property=\"og:type\" content=\"article\" \/>\n<meta property=\"og:title\" content=\"\u012esimyl\u0117ti pavojinga\" \/>\n<meta property=\"og:description\" content=\"Andr\u0117ja romantini\u0173 detektyv\u0173 gerb\u0117joms pristato nauj\u0105 intriguojant\u012f roman\u0105 \u012eSIMYL\u0116TI PAVOJINGA. Ar pasirengusios tikrai pikanti\u0161kai istorijai?\" \/>\n<meta property=\"og:url\" content=\"https:\/\/skaitytaknyga.lt\/en\/produktas\/andreja-isimyleti-pavojinga\/\" \/>\n<meta property=\"og:site_name\" content=\"Skaitytaknyga\" \/>\n<meta property=\"article:publisher\" content=\"https:\/\/www.facebook.com\/skaitytaknyga\/\" \/>\n<meta property=\"article:modified_time\" content=\"2025-04-30T11:47:37+00:00\" \/>\n<meta property=\"og:image\" content=\"https:\/\/skaitytaknyga.lt\/wp-content\/uploads\/2024\/07\/1643986670_Isimyleti_pavojinga_virselis_obuolys_LT_01.webp\" \/>\n\t<meta property=\"og:image:width\" content=\"451\" \/>\n\t<meta property=\"og:image:height\" content=\"678\" \/>\n\t<meta property=\"og:image:type\" content=\"image\/webp\" \/>\n<meta name=\"twitter:card\" content=\"summary_large_image\" \/>\n<meta name=\"twitter:label1\" content=\"Estimated reading time\" \/>\n\t<meta name=\"twitter:data1\" content=\"2 minutes\" \/>\n<script type=\"application\/ld+json\" class=\"yoast-schema-graph\">{\"@context\":\"https:\/\/schema.org\",\"@graph\":[{\"@type\":\"WebPage\",\"@id\":\"https:\/\/skaitytaknyga.lt\/produktas\/andreja-isimyleti-pavojinga\/\",\"url\":\"https:\/\/skaitytaknyga.lt\/produktas\/andreja-isimyleti-pavojinga\/\",\"name\":\"\u012esimyl\u0117ti pavojinga\",\"isPartOf\":{\"@id\":\"https:\/\/skaitytaknyga.lt\/#website\"},\"primaryImageOfPage\":{\"@id\":\"https:\/\/skaitytaknyga.lt\/produktas\/andreja-isimyleti-pavojinga\/#primaryimage\"},\"image\":{\"@id\":\"https:\/\/skaitytaknyga.lt\/produktas\/andreja-isimyleti-pavojinga\/#primaryimage\"},\"thumbnailUrl\":\"https:\/\/skaitytaknyga.lt\/wp-content\/uploads\/2024\/07\/1643986670_Isimyleti_pavojinga_virselis_obuolys_LT_01.webp\",\"datePublished\":\"2024-07-25T13:13:35+00:00\",\"dateModified\":\"2025-04-30T11:47:37+00:00\",\"description\":\"Andr\u0117ja romantini\u0173 detektyv\u0173 gerb\u0117joms pristato nauj\u0105 intriguojant\u012f roman\u0105 \u012eSIMYL\u0116TI PAVOJINGA. Ar pasirengusios tikrai pikanti\u0161kai istorijai?\",\"breadcrumb\":{\"@id\":\"https:\/\/skaitytaknyga.lt\/produktas\/andreja-isimyleti-pavojinga\/#breadcrumb\"},\"inLanguage\":\"en-GB\",\"potentialAction\":[{\"@type\":\"ReadAction\",\"target\":[\"https:\/\/skaitytaknyga.lt\/produktas\/andreja-isimyleti-pavojinga\/\"]}]},{\"@type\":\"ImageObject\",\"inLanguage\":\"en-GB\",\"@id\":\"https:\/\/skaitytaknyga.lt\/produktas\/andreja-isimyleti-pavojinga\/#primaryimage\",\"url\":\"https:\/\/skaitytaknyga.lt\/wp-content\/uploads\/2024\/07\/1643986670_Isimyleti_pavojinga_virselis_obuolys_LT_01.webp\",\"contentUrl\":\"https:\/\/skaitytaknyga.lt\/wp-content\/uploads\/2024\/07\/1643986670_Isimyleti_pavojinga_virselis_obuolys_LT_01.webp\",\"width\":451,\"height\":678,\"caption\":\"Andr\u0117ja \u201e\u012esimyl\u0117ti pavojinga\u201c\"},{\"@type\":\"BreadcrumbList\",\"@id\":\"https:\/\/skaitytaknyga.lt\/produktas\/andreja-isimyleti-pavojinga\/#breadcrumb\",\"itemListElement\":[{\"@type\":\"ListItem\",\"position\":1,\"name\":\"Home\",\"item\":\"https:\/\/skaitytaknyga.lt\/\"},{\"@type\":\"ListItem\",\"position\":2,\"name\":\"Parduotuv\u0117\",\"item\":\"https:\/\/skaitytaknyga.lt\/knygu-parduotuve\/\"},{\"@type\":\"ListItem\",\"position\":3,\"name\":\"\u012esimyl\u0117ti pavojinga\"}]},{\"@type\":\"WebSite\",\"@id\":\"https:\/\/skaitytaknyga.lt\/#website\",\"url\":\"https:\/\/skaitytaknyga.lt\/\",\"name\":\"skaitytaknyga.lt\",\"description\":\"Skaitytaknyga.lt \u2013 tai ma\u017eas \u0161eimos verslas, kuris prasid\u0117jo nuo meil\u0117s knygoms ir siekio i\u0161gelb\u0117ti knygas nuo likimo prie konteinerio. Kas vienam nereikalingas daiktas \u2013 kitam lobis, o mes esame tarpininkai, kurie padeda abiems tapti laimingesniems ???? \u017dinome kaip nelengva i\u0161gyventi ma\u017eiems verslams, tad nuo \u0161iol, \u010dia rasite ir kit\u0173, ma\u017e\u0173 \u0161eim\u0173 versl\u0173, rank\u0173 darbo, dovan\u0173 sau ir artimiesiems.\",\"publisher\":{\"@id\":\"https:\/\/skaitytaknyga.lt\/#organization\"},\"potentialAction\":[{\"@type\":\"SearchAction\",\"target\":{\"@type\":\"EntryPoint\",\"urlTemplate\":\"https:\/\/skaitytaknyga.lt\/?s={search_term_string}\"},\"query-input\":{\"@type\":\"PropertyValueSpecification\",\"valueRequired\":true,\"valueName\":\"search_term_string\"}}],\"inLanguage\":\"en-GB\"},{\"@type\":\"Organization\",\"@id\":\"https:\/\/skaitytaknyga.lt\/#organization\",\"name\":\"skaitytaknyga.lt\",\"url\":\"https:\/\/skaitytaknyga.lt\/\",\"logo\":{\"@type\":\"ImageObject\",\"inLanguage\":\"en-GB\",\"@id\":\"https:\/\/skaitytaknyga.lt\/#\/schema\/logo\/image\/\",\"url\":\"https:\/\/skaitytaknyga.lt\/wp-content\/uploads\/2024\/05\/cropped-cropped-cropped-02_00843_jt3bggkj1j3HLc7SyY6rEUpg.jpeg\",\"contentUrl\":\"https:\/\/skaitytaknyga.lt\/wp-content\/uploads\/2024\/05\/cropped-cropped-cropped-02_00843_jt3bggkj1j3HLc7SyY6rEUpg.jpeg\",\"width\":1600,\"height\":1600,\"caption\":\"skaitytaknyga.lt\"},\"image\":{\"@id\":\"https:\/\/skaitytaknyga.lt\/#\/schema\/logo\/image\/\"},\"sameAs\":[\"https:\/\/www.facebook.com\/skaitytaknyga\/\"]}]}<\/script>\n<!-- \/ Yoast SEO plugin. -->","yoast_head_json":{"title":"\u012esimyl\u0117ti pavojinga","description":"Andr\u0117ja romantini\u0173 detektyv\u0173 gerb\u0117joms pristato nauj\u0105 intriguojant\u012f roman\u0105 \u012eSIMYL\u0116TI PAVOJINGA. Ar pasirengusios tikrai pikanti\u0161kai istorijai?","robots":{"index":"index","follow":"follow","max-snippet":"max-snippet:-1","max-image-preview":"max-image-preview:large","max-video-preview":"max-video-preview:-1"},"canonical":"https:\/\/skaitytaknyga.lt\/en\/produktas\/andreja-isimyleti-pavojinga\/","og_locale":"en_GB","og_type":"article","og_title":"[:lt]\u012esimyl\u0117ti pavojinga[:] - Skaitytaknyga","og_description":"Andr\u0117ja romantini\u0173 detektyv\u0173 gerb\u0117joms pristato nauj\u0105 intriguojant\u012f roman\u0105 \u012eSIMYL\u0116TI PAVOJINGA. Ar pasirengusios tikrai pikanti\u0161kai istorijai?","og_url":"https:\/\/skaitytaknyga.lt\/en\/produktas\/andreja-isimyleti-pavojinga\/","og_site_name":"Skaitytaknyga","article_publisher":"https:\/\/www.facebook.com\/skaitytaknyga\/","article_modified_time":"2025-04-30T11:47:37+00:00","og_image":[{"width":451,"height":678,"url":"https:\/\/skaitytaknyga.lt\/wp-content\/uploads\/2024\/07\/1643986670_Isimyleti_pavojinga_virselis_obuolys_LT_01.webp","type":"image\/webp"}],"twitter_card":"summary_large_image","twitter_misc":{"Estimated reading time":"2 minutes"},"schema":{"@context":"https:\/\/schema.org","@graph":[{"@type":"WebPage","@id":"https:\/\/skaitytaknyga.lt\/produktas\/andreja-isimyleti-pavojinga\/","url":"https:\/\/skaitytaknyga.lt\/produktas\/andreja-isimyleti-pavojinga\/","name":"\u012esimyl\u0117ti pavojinga","isPartOf":{"@id":"https:\/\/skaitytaknyga.lt\/#website"},"primaryImageOfPage":{"@id":"https:\/\/skaitytaknyga.lt\/produktas\/andreja-isimyleti-pavojinga\/#primaryimage"},"image":{"@id":"https:\/\/skaitytaknyga.lt\/produktas\/andreja-isimyleti-pavojinga\/#primaryimage"},"thumbnailUrl":"https:\/\/skaitytaknyga.lt\/wp-content\/uploads\/2024\/07\/1643986670_Isimyleti_pavojinga_virselis_obuolys_LT_01.webp","datePublished":"2024-07-25T13:13:35+00:00","dateModified":"2025-04-30T11:47:37+00:00","description":"Andr\u0117ja romantini\u0173 detektyv\u0173 gerb\u0117joms pristato nauj\u0105 intriguojant\u012f roman\u0105 \u012eSIMYL\u0116TI PAVOJINGA. Ar pasirengusios tikrai pikanti\u0161kai istorijai?","breadcrumb":{"@id":"https:\/\/skaitytaknyga.lt\/produktas\/andreja-isimyleti-pavojinga\/#breadcrumb"},"inLanguage":"en-GB","potentialAction":[{"@type":"ReadAction","target":["https:\/\/skaitytaknyga.lt\/produktas\/andreja-isimyleti-pavojinga\/"]}]},{"@type":"ImageObject","inLanguage":"en-GB","@id":"https:\/\/skaitytaknyga.lt\/produktas\/andreja-isimyleti-pavojinga\/#primaryimage","url":"https:\/\/skaitytaknyga.lt\/wp-content\/uploads\/2024\/07\/1643986670_Isimyleti_pavojinga_virselis_obuolys_LT_01.webp","contentUrl":"https:\/\/skaitytaknyga.lt\/wp-content\/uploads\/2024\/07\/1643986670_Isimyleti_pavojinga_virselis_obuolys_LT_01.webp","width":451,"height":678,"caption":"Andr\u0117ja \u201e\u012esimyl\u0117ti pavojinga\u201c"},{"@type":"BreadcrumbList","@id":"https:\/\/skaitytaknyga.lt\/produktas\/andreja-isimyleti-pavojinga\/#breadcrumb","itemListElement":[{"@type":"ListItem","position":1,"name":"Home","item":"https:\/\/skaitytaknyga.lt\/"},{"@type":"ListItem","position":2,"name":"Parduotuv\u0117","item":"https:\/\/skaitytaknyga.lt\/knygu-parduotuve\/"},{"@type":"ListItem","position":3,"name":"\u012esimyl\u0117ti pavojinga"}]},{"@type":"WebSite","@id":"https:\/\/skaitytaknyga.lt\/#website","url":"https:\/\/skaitytaknyga.lt\/","name":"skaitytaknyga.lt","description":"Skaitytaknyga.lt \u2013 tai ma\u017eas \u0161eimos verslas, kuris prasid\u0117jo nuo meil\u0117s knygoms ir siekio i\u0161gelb\u0117ti knygas nuo likimo prie konteinerio. Kas vienam nereikalingas daiktas \u2013 kitam lobis, o mes esame tarpininkai, kurie padeda abiems tapti laimingesniems ???? \u017dinome kaip nelengva i\u0161gyventi ma\u017eiems verslams, tad nuo \u0161iol, \u010dia rasite ir kit\u0173, ma\u017e\u0173 \u0161eim\u0173 versl\u0173, rank\u0173 darbo, dovan\u0173 sau ir artimiesiems.","publisher":{"@id":"https:\/\/skaitytaknyga.lt\/#organization"},"potentialAction":[{"@type":"SearchAction","target":{"@type":"EntryPoint","urlTemplate":"https:\/\/skaitytaknyga.lt\/?s={search_term_string}"},"query-input":{"@type":"PropertyValueSpecification","valueRequired":true,"valueName":"search_term_string"}}],"inLanguage":"en-GB"},{"@type":"Organization","@id":"https:\/\/skaitytaknyga.lt\/#organization","name":"skaitytaknyga.lt","url":"https:\/\/skaitytaknyga.lt\/","logo":{"@type":"ImageObject","inLanguage":"en-GB","@id":"https:\/\/skaitytaknyga.lt\/#\/schema\/logo\/image\/","url":"https:\/\/skaitytaknyga.lt\/wp-content\/uploads\/2024\/05\/cropped-cropped-cropped-02_00843_jt3bggkj1j3HLc7SyY6rEUpg.jpeg","contentUrl":"https:\/\/skaitytaknyga.lt\/wp-content\/uploads\/2024\/05\/cropped-cropped-cropped-02_00843_jt3bggkj1j3HLc7SyY6rEUpg.jpeg","width":1600,"height":1600,"caption":"skaitytaknyga.lt"},"image":{"@id":"https:\/\/skaitytaknyga.lt\/#\/schema\/logo\/image\/"},"sameAs":["https:\/\/www.facebook.com\/skaitytaknyga\/"]}]}},"_links":{"self":[{"href":"https:\/\/skaitytaknyga.lt\/en\/wp-json\/wp\/v2\/product\/13276","targetHints":{"allow":["GET"]}}],"collection":[{"href":"https:\/\/skaitytaknyga.lt\/en\/wp-json\/wp\/v2\/product"}],"about":[{"href":"https:\/\/skaitytaknyga.lt\/en\/wp-json\/wp\/v2\/types\/product"}],"replies":[{"embeddable":true,"href":"https:\/\/skaitytaknyga.lt\/en\/wp-json\/wp\/v2\/comments?post=13276"}],"wp:featuredmedia":[{"embeddable":true,"href":"https:\/\/skaitytaknyga.lt\/en\/wp-json\/wp\/v2\/media\/13277"}],"wp:attachment":[{"href":"https:\/\/skaitytaknyga.lt\/en\/wp-json\/wp\/v2\/media?parent=13276"}],"wp:term":[{"taxonomy":"product_brand","embeddable":true,"href":"https:\/\/skaitytaknyga.lt\/en\/wp-json\/wp\/v2\/product_brand?post=13276"},{"taxonomy":"product_cat","embeddable":true,"href":"https:\/\/skaitytaknyga.lt\/en\/wp-json\/wp\/v2\/product_cat?post=13276"},{"taxonomy":"product_tag","embeddable":true,"href":"https:\/\/skaitytaknyga.lt\/en\/wp-json\/wp\/v2\/product_tag?post=13276"}],"curies":[{"name":"wp","href":"https:\/\/api.w.org\/{rel}","templated":true}]}}