{"id":13274,"date":"2024-07-25T16:08:26","date_gmt":"2024-07-25T13:08:26","guid":{"rendered":"https:\/\/skaitytaknyga.lt\/?post_type=product&#038;p=13274"},"modified":"2025-05-19T15:07:48","modified_gmt":"2025-05-19T12:07:48","slug":"gigi-griffis-imperatoriene","status":"publish","type":"product","link":"https:\/\/skaitytaknyga.lt\/en\/produktas\/gigi-griffis-imperatoriene\/","title":{"rendered":"Imperatorien\u0117"},"content":{"rendered":"<p><strong>\u201eImperatorien\u0117\u201c \u2013 naujas ir netik\u0117tas \u017evilgsnis \u012f vienos \u017eymiausi\u0173 ir mylimiausi\u0173 karali\u0161k\u0173j\u0173 por\u0173 \u2013 Sisi ir Pranci\u0161kaus \u2013 meil\u0117s istorij\u0105. Tai labai \u0161iuolaiki\u0161kai para\u0161ytas romanas apie meil\u0119 ir sav\u0119s atradim\u0105. Serial\u0173 \u201eBrid\u017eerton\u0173 kronikos\u201c (<em>Bridgerton<\/em>) ir \u201eKar\u016bna\u201c (<em>The Crown<\/em>) bei Sarah&#8217;os MacClean ir Lisos Kleypas roman\u0173 gerb\u0117jai, \u0161i knyga \u2013 kaip tik jums!<\/strong><\/p>\n<p>1853-ieji. \u0160e\u0161iolikmet\u0117 Bavarijos princes\u0117 El\u017ebieta, vis\u0173 meiliai vadinama Sisi, yra grie\u017etai nutarusi laukti tikros, galv\u0105 pamesti ver\u010dian\u010dios meil\u0117s. B\u0117da ta, kad jos motina apie tai n\u0117 gird\u0117ti nenori. U\u017esispyr\u0117l\u0117 Sisi nusileisti, \u017einoma, irgi neketina. Gal\u0173 gale, juk ne jos problema, kad vyresn\u0117 sesuo Elena pagaliau \u201esuaugo\u201c ir sutiko tek\u0117ti u\u017e Austrijos imperatoriaus Pranci\u0161kaus Habsburgie\u010dio.<\/p>\n<p>Tuo metu Vienoje imperatorius Pranci\u0161kus taisosi po pasik\u0117sinimo \u012f jo gyvyb\u0119. I\u0161veng\u0119s mirties jaunuolis rimtai susim\u0105sto apie savo bei karalyst\u0117s ateit\u012f ir nusprend\u017eia, kad at\u0117jo laikas \u201esusitup\u0117ti\u201c. Motina jam jau numa\u010diusi puiki\u0105 kandidat\u016br\u0105: Bavarijos princes\u0119 Elen\u0105. Po neilg\u0173 deryb\u0173 sutariama, kad per artimiausi\u0105 Pranci\u0161kaus gimtadien\u012f bus i\u0161keltos vestuv\u0117s, u\u017etikrinsian\u010dios politin\u0119 s\u0105jung\u0105 su Bavarija.<\/p>\n<p>Ta\u010diau atvyk\u0119s \u012f Bavarij\u0105 Pranci\u0161kus \u2013 netik\u0117tai sau pa\u010diam \u2013 susi\u017eavi Elenos seserimi Sisi. Ir \u0161i pagaliau i\u0161gyvena tai, apie k\u0105 anks\u010diau \u017einojo tik i\u0161 poet\u0173 eili\u0173 ir gird\u0117jo bard\u0173 giesm\u0117se.<\/p>\n<ul class=\"about-product d-none d-xl-block mt-4\">\n<li><strong>Originalus pavadinimas:<\/strong>\u00a0The Empress<\/li>\n<li><strong>Autorius:<\/strong>\u00a0Gigi Griffis<\/li>\n<li><strong>Leid\u0117jas:<\/strong>\u00a0Alma littera<\/li>\n<li><strong>Metai:<\/strong>\u00a02024<\/li>\n<li><strong>Puslapiai:<\/strong>\u00a0296<\/li>\n<li><strong>ISBN:<\/strong>\u00a09786090158852<\/li>\n<li><strong>Versijos kodas:<\/strong>\u00a08<\/li>\n<li><strong>Formatas:<\/strong>\u00a014,5 x 21,6 x 2,5 cm, kieti vir\u0161eliai<\/li>\n<li><strong>Kalba:<\/strong>\u00a0Lietuvi\u0173<\/li>\n<li><strong>Vert\u0117jas:<\/strong>\u00a0Irena Kup\u010dinskien\u0117<\/li>\n<\/ul>\n","protected":false},"excerpt":{"rendered":"<p>\u201eImperatorien\u0117\u201c \u2013 naujas ir netik\u0117tas \u017evilgsnis \u012f vienos \u017eymiausi\u0173 ir mylimiausi\u0173 karali\u0161k\u0173j\u0173 por\u0173 \u2013 Sisi ir Pranci\u0161kaus \u2013 meil\u0117s istorij\u0105. Tai labai \u0161iuolaiki\u0161kai para\u0161ytas romanas apie meil\u0119 ir sav\u0119s atradim\u0105. Serial\u0173 \u201eBrid\u017eerton\u0173 kronikos\u201c (Bridgerton) ir \u201eKar\u016bna\u201c (The Crown) bei Sarah&#8217;os MacClean ir Lisos Kleypas roman\u0173 gerb\u0117jai, \u0161i knyga \u2013 kaip tik jums! 1853-ieji. \u0160e\u0161iolikmet\u0117 Bavarijos princes\u0117 El\u017ebieta, vis\u0173 meiliai vadinama Sisi, yra grie\u017etai nutarusi laukti tikros, galv\u0105 pamesti ver\u010dian\u010dios meil\u0117s. B\u0117da ta, kad jos motina apie tai n\u0117 gird\u0117ti nenori. U\u017esispyr\u0117l\u0117 Sisi nusileisti, \u017einoma, irgi neketina. Gal\u0173 gale, juk ne jos problema, kad vyresn\u0117 sesuo Elena pagaliau \u201esuaugo\u201c ir sutiko tek\u0117ti u\u017e Austrijos imperatoriaus Pranci\u0161kaus Habsburgie\u010dio. Tuo metu Vienoje imperatorius Pranci\u0161kus taisosi po pasik\u0117sinimo \u012f jo gyvyb\u0119. I\u0161veng\u0119s mirties jaunuolis rimtai susim\u0105sto apie savo bei karalyst\u0117s ateit\u012f ir nusprend\u017eia, kad at\u0117jo laikas \u201esusitup\u0117ti\u201c. Motina jam jau numa\u010diusi puiki\u0105 kandidat\u016br\u0105: Bavarijos princes\u0119 Elen\u0105. Po neilg\u0173 deryb\u0173 sutariama, kad per artimiausi\u0105 Pranci\u0161kaus gimtadien\u012f bus i\u0161keltos vestuv\u0117s, u\u017etikrinsian\u010dios politin\u0119 s\u0105jung\u0105 su Bavarija. Ta\u010diau atvyk\u0119s \u012f Bavarij\u0105 Pranci\u0161kus \u2013 netik\u0117tai sau pa\u010diam \u2013 susi\u017eavi Elenos seserimi Sisi. Ir \u0161i pagaliau i\u0161gyvena tai, apie k\u0105 anks\u010diau \u017einojo tik i\u0161 poet\u0173 eili\u0173 ir gird\u0117jo bard\u0173 giesm\u0117se. Originalus pavadinimas:\u00a0The Empress Autorius:\u00a0Gigi Griffis Leid\u0117jas:\u00a0Alma littera Metai:\u00a02024 Puslapiai:\u00a0296 ISBN:\u00a09786090158852 Versijos kodas:\u00a08 Formatas:\u00a014,5 x 21,6 x 2,5 cm, kieti vir\u0161eliai Kalba:\u00a0Lietuvi\u0173 Vert\u0117jas:\u00a0Irena Kup\u010dinskien\u0117<\/p>\n","protected":false},"featured_media":13275,"comment_status":"closed","ping_status":"closed","template":"","meta":{"_acf_changed":false,"site-sidebar-layout":"default","site-content-layout":"","ast-site-content-layout":"default","site-content-style":"default","site-sidebar-style":"default","ast-global-header-display":"","ast-banner-title-visibility":"","ast-main-header-display":"","ast-hfb-above-header-display":"","ast-hfb-below-header-display":"","ast-hfb-mobile-header-display":"","site-post-title":"","ast-breadcrumbs-content":"","ast-featured-img":"","footer-sml-layout":"","ast-disable-related-posts":"","theme-transparent-header-meta":"default","adv-header-id-meta":"","stick-header-meta":"","header-above-stick-meta":"","header-main-stick-meta":"","header-below-stick-meta":"","astra-migrate-meta-layouts":"set","ast-page-background-enabled":"default","ast-page-background-meta":{"desktop":{"background-color":"","background-image":"","background-repeat":"repeat","background-position":"center center","background-size":"auto","background-attachment":"scroll","background-type":"","background-media":"","overlay-type":"","overlay-color":"","overlay-opacity":"","overlay-gradient":""},"tablet":{"background-color":"","background-image":"","background-repeat":"repeat","background-position":"center center","background-size":"auto","background-attachment":"scroll","background-type":"","background-media":"","overlay-type":"","overlay-color":"","overlay-opacity":"","overlay-gradient":""},"mobile":{"background-color":"","background-image":"","background-repeat":"repeat","background-position":"center center","background-size":"auto","background-attachment":"scroll","background-type":"","background-media":"","overlay-type":"","overlay-color":"","overlay-opacity":"","overlay-gradient":""}},"ast-content-background-meta":{"desktop":{"background-color":"var(--ast-global-color-4)","background-image":"","background-repeat":"repeat","background-position":"center center","background-size":"auto","background-attachment":"scroll","background-type":"","background-media":"","overlay-type":"","overlay-color":"","overlay-opacity":"","overlay-gradient":""},"tablet":{"background-color":"var(--ast-global-color-4)","background-image":"","background-repeat":"repeat","background-position":"center center","background-size":"auto","background-attachment":"scroll","background-type":"","background-media":"","overlay-type":"","overlay-color":"","overlay-opacity":"","overlay-gradient":""},"mobile":{"background-color":"var(--ast-global-color-4)","background-image":"","background-repeat":"repeat","background-position":"center center","background-size":"auto","background-attachment":"scroll","background-type":"","background-media":"","overlay-type":"","overlay-color":"","overlay-opacity":"","overlay-gradient":""}}},"product_brand":[],"product_cat":[31],"product_tag":[],"class_list":{"0":"post-13274","1":"product","2":"type-product","3":"status-publish","4":"has-post-thumbnail","6":"product_cat-grozine-literatura","7":"desktop-align-left","8":"tablet-align-left","9":"mobile-align-left","11":"first","12":"outofstock","13":"shipping-taxable","14":"purchasable","15":"product-type-simple"},"acf":[],"yoast_head":"<!-- This site is optimized with the Yoast SEO plugin v27.0 - https:\/\/yoast.com\/product\/yoast-seo-wordpress\/ -->\n<title>Imperatorien\u0117<\/title>\n<meta name=\"description\" content=\"\u201eImperatorien\u0117\u201c \u2013 naujas ir netik\u0117tas \u017evilgsnis \u012f vienos \u017eymiausi\u0173 ir mylimiausi\u0173 karali\u0161k\u0173j\u0173 por\u0173 \u2013 Sisi ir Pranci\u0161kaus \u2013 meil\u0117s istorij\u0105.\" \/>\n<meta name=\"robots\" content=\"index, follow, max-snippet:-1, max-image-preview:large, max-video-preview:-1\" \/>\n<link rel=\"canonical\" href=\"https:\/\/skaitytaknyga.lt\/en\/produktas\/gigi-griffis-imperatoriene\/\" \/>\n<meta property=\"og:locale\" content=\"en_GB\" \/>\n<meta property=\"og:locale:alternate\" content=\"lt_LT\" \/>\n<meta property=\"og:type\" content=\"article\" \/>\n<meta property=\"og:title\" content=\"Imperatorien\u0117\" \/>\n<meta property=\"og:description\" content=\"\u201eImperatorien\u0117\u201c \u2013 naujas ir netik\u0117tas \u017evilgsnis \u012f vienos \u017eymiausi\u0173 ir mylimiausi\u0173 karali\u0161k\u0173j\u0173 por\u0173 \u2013 Sisi ir Pranci\u0161kaus \u2013 meil\u0117s istorij\u0105.\" \/>\n<meta property=\"og:url\" content=\"https:\/\/skaitytaknyga.lt\/en\/produktas\/gigi-griffis-imperatoriene\/\" \/>\n<meta property=\"og:site_name\" content=\"Skaitytaknyga\" \/>\n<meta property=\"article:publisher\" content=\"https:\/\/www.facebook.com\/skaitytaknyga\/\" \/>\n<meta property=\"article:modified_time\" content=\"2025-05-19T12:07:48+00:00\" \/>\n<meta property=\"og:image\" content=\"https:\/\/skaitytaknyga.lt\/wp-content\/uploads\/2024\/07\/1705648893_e8f565300f85b97c8d05594f715dc79d_1800x1800.webp\" \/>\n\t<meta property=\"og:image:width\" content=\"400\" \/>\n\t<meta property=\"og:image:height\" content=\"600\" \/>\n\t<meta property=\"og:image:type\" content=\"image\/webp\" \/>\n<meta name=\"twitter:card\" content=\"summary_large_image\" \/>\n<meta name=\"twitter:label1\" content=\"Estimated reading time\" \/>\n\t<meta name=\"twitter:data1\" content=\"2 minutes\" \/>\n<script type=\"application\/ld+json\" class=\"yoast-schema-graph\">{\"@context\":\"https:\/\/schema.org\",\"@graph\":[{\"@type\":\"WebPage\",\"@id\":\"https:\/\/skaitytaknyga.lt\/produktas\/gigi-griffis-imperatoriene\/\",\"url\":\"https:\/\/skaitytaknyga.lt\/produktas\/gigi-griffis-imperatoriene\/\",\"name\":\"Imperatorien\u0117\",\"isPartOf\":{\"@id\":\"https:\/\/skaitytaknyga.lt\/#website\"},\"primaryImageOfPage\":{\"@id\":\"https:\/\/skaitytaknyga.lt\/produktas\/gigi-griffis-imperatoriene\/#primaryimage\"},\"image\":{\"@id\":\"https:\/\/skaitytaknyga.lt\/produktas\/gigi-griffis-imperatoriene\/#primaryimage\"},\"thumbnailUrl\":\"https:\/\/skaitytaknyga.lt\/wp-content\/uploads\/2024\/07\/1705648893_e8f565300f85b97c8d05594f715dc79d_1800x1800.webp\",\"datePublished\":\"2024-07-25T13:08:26+00:00\",\"dateModified\":\"2025-05-19T12:07:48+00:00\",\"description\":\"\u201eImperatorien\u0117\u201c \u2013 naujas ir netik\u0117tas \u017evilgsnis \u012f vienos \u017eymiausi\u0173 ir mylimiausi\u0173 karali\u0161k\u0173j\u0173 por\u0173 \u2013 Sisi ir Pranci\u0161kaus \u2013 meil\u0117s istorij\u0105.\",\"breadcrumb\":{\"@id\":\"https:\/\/skaitytaknyga.lt\/produktas\/gigi-griffis-imperatoriene\/#breadcrumb\"},\"inLanguage\":\"en-GB\",\"potentialAction\":[{\"@type\":\"ReadAction\",\"target\":[\"https:\/\/skaitytaknyga.lt\/produktas\/gigi-griffis-imperatoriene\/\"]}]},{\"@type\":\"ImageObject\",\"inLanguage\":\"en-GB\",\"@id\":\"https:\/\/skaitytaknyga.lt\/produktas\/gigi-griffis-imperatoriene\/#primaryimage\",\"url\":\"https:\/\/skaitytaknyga.lt\/wp-content\/uploads\/2024\/07\/1705648893_e8f565300f85b97c8d05594f715dc79d_1800x1800.webp\",\"contentUrl\":\"https:\/\/skaitytaknyga.lt\/wp-content\/uploads\/2024\/07\/1705648893_e8f565300f85b97c8d05594f715dc79d_1800x1800.webp\",\"width\":400,\"height\":600,\"caption\":\"Gigi Griffis Imperatorien\u0117\"},{\"@type\":\"BreadcrumbList\",\"@id\":\"https:\/\/skaitytaknyga.lt\/produktas\/gigi-griffis-imperatoriene\/#breadcrumb\",\"itemListElement\":[{\"@type\":\"ListItem\",\"position\":1,\"name\":\"Home\",\"item\":\"https:\/\/skaitytaknyga.lt\/\"},{\"@type\":\"ListItem\",\"position\":2,\"name\":\"Parduotuv\u0117\",\"item\":\"https:\/\/skaitytaknyga.lt\/knygu-parduotuve\/\"},{\"@type\":\"ListItem\",\"position\":3,\"name\":\"Imperatorien\u0117\"}]},{\"@type\":\"WebSite\",\"@id\":\"https:\/\/skaitytaknyga.lt\/#website\",\"url\":\"https:\/\/skaitytaknyga.lt\/\",\"name\":\"skaitytaknyga.lt\",\"description\":\"Skaitytaknyga.lt \u2013 tai ma\u017eas \u0161eimos verslas, kuris prasid\u0117jo nuo meil\u0117s knygoms ir siekio i\u0161gelb\u0117ti knygas nuo likimo prie konteinerio. Kas vienam nereikalingas daiktas \u2013 kitam lobis, o mes esame tarpininkai, kurie padeda abiems tapti laimingesniems ???? \u017dinome kaip nelengva i\u0161gyventi ma\u017eiems verslams, tad nuo \u0161iol, \u010dia rasite ir kit\u0173, ma\u017e\u0173 \u0161eim\u0173 versl\u0173, rank\u0173 darbo, dovan\u0173 sau ir artimiesiems.\",\"publisher\":{\"@id\":\"https:\/\/skaitytaknyga.lt\/#organization\"},\"potentialAction\":[{\"@type\":\"SearchAction\",\"target\":{\"@type\":\"EntryPoint\",\"urlTemplate\":\"https:\/\/skaitytaknyga.lt\/?s={search_term_string}\"},\"query-input\":{\"@type\":\"PropertyValueSpecification\",\"valueRequired\":true,\"valueName\":\"search_term_string\"}}],\"inLanguage\":\"en-GB\"},{\"@type\":\"Organization\",\"@id\":\"https:\/\/skaitytaknyga.lt\/#organization\",\"name\":\"skaitytaknyga.lt\",\"url\":\"https:\/\/skaitytaknyga.lt\/\",\"logo\":{\"@type\":\"ImageObject\",\"inLanguage\":\"en-GB\",\"@id\":\"https:\/\/skaitytaknyga.lt\/#\/schema\/logo\/image\/\",\"url\":\"https:\/\/skaitytaknyga.lt\/wp-content\/uploads\/2024\/05\/cropped-cropped-cropped-02_00843_jt3bggkj1j3HLc7SyY6rEUpg.jpeg\",\"contentUrl\":\"https:\/\/skaitytaknyga.lt\/wp-content\/uploads\/2024\/05\/cropped-cropped-cropped-02_00843_jt3bggkj1j3HLc7SyY6rEUpg.jpeg\",\"width\":1600,\"height\":1600,\"caption\":\"skaitytaknyga.lt\"},\"image\":{\"@id\":\"https:\/\/skaitytaknyga.lt\/#\/schema\/logo\/image\/\"},\"sameAs\":[\"https:\/\/www.facebook.com\/skaitytaknyga\/\"]}]}<\/script>\n<!-- \/ Yoast SEO plugin. -->","yoast_head_json":{"title":"Imperatorien\u0117","description":"\u201eImperatorien\u0117\u201c \u2013 naujas ir netik\u0117tas \u017evilgsnis \u012f vienos \u017eymiausi\u0173 ir mylimiausi\u0173 karali\u0161k\u0173j\u0173 por\u0173 \u2013 Sisi ir Pranci\u0161kaus \u2013 meil\u0117s istorij\u0105.","robots":{"index":"index","follow":"follow","max-snippet":"max-snippet:-1","max-image-preview":"max-image-preview:large","max-video-preview":"max-video-preview:-1"},"canonical":"https:\/\/skaitytaknyga.lt\/en\/produktas\/gigi-griffis-imperatoriene\/","og_locale":"en_GB","og_type":"article","og_title":"[:lt]Imperatorien\u0117[:] - Skaitytaknyga","og_description":"\u201eImperatorien\u0117\u201c \u2013 naujas ir netik\u0117tas \u017evilgsnis \u012f vienos \u017eymiausi\u0173 ir mylimiausi\u0173 karali\u0161k\u0173j\u0173 por\u0173 \u2013 Sisi ir Pranci\u0161kaus \u2013 meil\u0117s istorij\u0105.","og_url":"https:\/\/skaitytaknyga.lt\/en\/produktas\/gigi-griffis-imperatoriene\/","og_site_name":"Skaitytaknyga","article_publisher":"https:\/\/www.facebook.com\/skaitytaknyga\/","article_modified_time":"2025-05-19T12:07:48+00:00","og_image":[{"width":400,"height":600,"url":"https:\/\/skaitytaknyga.lt\/wp-content\/uploads\/2024\/07\/1705648893_e8f565300f85b97c8d05594f715dc79d_1800x1800.webp","type":"image\/webp"}],"twitter_card":"summary_large_image","twitter_misc":{"Estimated reading time":"2 minutes"},"schema":{"@context":"https:\/\/schema.org","@graph":[{"@type":"WebPage","@id":"https:\/\/skaitytaknyga.lt\/produktas\/gigi-griffis-imperatoriene\/","url":"https:\/\/skaitytaknyga.lt\/produktas\/gigi-griffis-imperatoriene\/","name":"Imperatorien\u0117","isPartOf":{"@id":"https:\/\/skaitytaknyga.lt\/#website"},"primaryImageOfPage":{"@id":"https:\/\/skaitytaknyga.lt\/produktas\/gigi-griffis-imperatoriene\/#primaryimage"},"image":{"@id":"https:\/\/skaitytaknyga.lt\/produktas\/gigi-griffis-imperatoriene\/#primaryimage"},"thumbnailUrl":"https:\/\/skaitytaknyga.lt\/wp-content\/uploads\/2024\/07\/1705648893_e8f565300f85b97c8d05594f715dc79d_1800x1800.webp","datePublished":"2024-07-25T13:08:26+00:00","dateModified":"2025-05-19T12:07:48+00:00","description":"\u201eImperatorien\u0117\u201c \u2013 naujas ir netik\u0117tas \u017evilgsnis \u012f vienos \u017eymiausi\u0173 ir mylimiausi\u0173 karali\u0161k\u0173j\u0173 por\u0173 \u2013 Sisi ir Pranci\u0161kaus \u2013 meil\u0117s istorij\u0105.","breadcrumb":{"@id":"https:\/\/skaitytaknyga.lt\/produktas\/gigi-griffis-imperatoriene\/#breadcrumb"},"inLanguage":"en-GB","potentialAction":[{"@type":"ReadAction","target":["https:\/\/skaitytaknyga.lt\/produktas\/gigi-griffis-imperatoriene\/"]}]},{"@type":"ImageObject","inLanguage":"en-GB","@id":"https:\/\/skaitytaknyga.lt\/produktas\/gigi-griffis-imperatoriene\/#primaryimage","url":"https:\/\/skaitytaknyga.lt\/wp-content\/uploads\/2024\/07\/1705648893_e8f565300f85b97c8d05594f715dc79d_1800x1800.webp","contentUrl":"https:\/\/skaitytaknyga.lt\/wp-content\/uploads\/2024\/07\/1705648893_e8f565300f85b97c8d05594f715dc79d_1800x1800.webp","width":400,"height":600,"caption":"Gigi Griffis Imperatorien\u0117"},{"@type":"BreadcrumbList","@id":"https:\/\/skaitytaknyga.lt\/produktas\/gigi-griffis-imperatoriene\/#breadcrumb","itemListElement":[{"@type":"ListItem","position":1,"name":"Home","item":"https:\/\/skaitytaknyga.lt\/"},{"@type":"ListItem","position":2,"name":"Parduotuv\u0117","item":"https:\/\/skaitytaknyga.lt\/knygu-parduotuve\/"},{"@type":"ListItem","position":3,"name":"Imperatorien\u0117"}]},{"@type":"WebSite","@id":"https:\/\/skaitytaknyga.lt\/#website","url":"https:\/\/skaitytaknyga.lt\/","name":"skaitytaknyga.lt","description":"Skaitytaknyga.lt \u2013 tai ma\u017eas \u0161eimos verslas, kuris prasid\u0117jo nuo meil\u0117s knygoms ir siekio i\u0161gelb\u0117ti knygas nuo likimo prie konteinerio. Kas vienam nereikalingas daiktas \u2013 kitam lobis, o mes esame tarpininkai, kurie padeda abiems tapti laimingesniems ???? \u017dinome kaip nelengva i\u0161gyventi ma\u017eiems verslams, tad nuo \u0161iol, \u010dia rasite ir kit\u0173, ma\u017e\u0173 \u0161eim\u0173 versl\u0173, rank\u0173 darbo, dovan\u0173 sau ir artimiesiems.","publisher":{"@id":"https:\/\/skaitytaknyga.lt\/#organization"},"potentialAction":[{"@type":"SearchAction","target":{"@type":"EntryPoint","urlTemplate":"https:\/\/skaitytaknyga.lt\/?s={search_term_string}"},"query-input":{"@type":"PropertyValueSpecification","valueRequired":true,"valueName":"search_term_string"}}],"inLanguage":"en-GB"},{"@type":"Organization","@id":"https:\/\/skaitytaknyga.lt\/#organization","name":"skaitytaknyga.lt","url":"https:\/\/skaitytaknyga.lt\/","logo":{"@type":"ImageObject","inLanguage":"en-GB","@id":"https:\/\/skaitytaknyga.lt\/#\/schema\/logo\/image\/","url":"https:\/\/skaitytaknyga.lt\/wp-content\/uploads\/2024\/05\/cropped-cropped-cropped-02_00843_jt3bggkj1j3HLc7SyY6rEUpg.jpeg","contentUrl":"https:\/\/skaitytaknyga.lt\/wp-content\/uploads\/2024\/05\/cropped-cropped-cropped-02_00843_jt3bggkj1j3HLc7SyY6rEUpg.jpeg","width":1600,"height":1600,"caption":"skaitytaknyga.lt"},"image":{"@id":"https:\/\/skaitytaknyga.lt\/#\/schema\/logo\/image\/"},"sameAs":["https:\/\/www.facebook.com\/skaitytaknyga\/"]}]}},"_links":{"self":[{"href":"https:\/\/skaitytaknyga.lt\/en\/wp-json\/wp\/v2\/product\/13274","targetHints":{"allow":["GET"]}}],"collection":[{"href":"https:\/\/skaitytaknyga.lt\/en\/wp-json\/wp\/v2\/product"}],"about":[{"href":"https:\/\/skaitytaknyga.lt\/en\/wp-json\/wp\/v2\/types\/product"}],"replies":[{"embeddable":true,"href":"https:\/\/skaitytaknyga.lt\/en\/wp-json\/wp\/v2\/comments?post=13274"}],"wp:featuredmedia":[{"embeddable":true,"href":"https:\/\/skaitytaknyga.lt\/en\/wp-json\/wp\/v2\/media\/13275"}],"wp:attachment":[{"href":"https:\/\/skaitytaknyga.lt\/en\/wp-json\/wp\/v2\/media?parent=13274"}],"wp:term":[{"taxonomy":"product_brand","embeddable":true,"href":"https:\/\/skaitytaknyga.lt\/en\/wp-json\/wp\/v2\/product_brand?post=13274"},{"taxonomy":"product_cat","embeddable":true,"href":"https:\/\/skaitytaknyga.lt\/en\/wp-json\/wp\/v2\/product_cat?post=13274"},{"taxonomy":"product_tag","embeddable":true,"href":"https:\/\/skaitytaknyga.lt\/en\/wp-json\/wp\/v2\/product_tag?post=13274"}],"curies":[{"name":"wp","href":"https:\/\/api.w.org\/{rel}","templated":true}]}}