{"id":13249,"date":"2024-07-19T22:18:06","date_gmt":"2024-07-19T19:18:06","guid":{"rendered":"https:\/\/skaitytaknyga.lt\/?post_type=product&#038;p=13249"},"modified":"2026-03-05T12:34:29","modified_gmt":"2026-03-05T10:34:29","slug":"lars-kepler-lozorius","status":"publish","type":"product","link":"https:\/\/skaitytaknyga.lt\/en\/produktas\/lars-kepler-lozorius\/","title":{"rendered":"\u201eLozorius\u201c"},"content":{"rendered":"<p>Visi galvojo, kad jis \u017euv\u0119s&#8230; Bet \u017emog\u017eudyst\u0117s v\u0117l prasid\u0117jo. 15 milijon\u0173 egzempliori\u0173 knyg\u0173 \u0161ioje serijoje pardav\u0119s \u0161ved\u0173 detektyvo super\u017evaig\u017ed\u0117\u00a0<strong>Lars Kepler<\/strong>\u00a0pristato septint\u0105j\u012f detektyvo Jono Linos serijos roman\u0105\u00a0<strong>LOZORIUS<\/strong>.<\/p>\n<p>Pats \u017eiauriausias \u0160vedijos serijinis \u017eudikas Jurekas Walteris prie\u0161 kelet\u0105 met\u0173 mir\u0117 nuo \u0161autini\u0173 \u017eaizd\u0173. Nors policija jo k\u016bno taip ir nesurado, \u0117m\u0117si kit\u0173 darb\u0173 ir sp\u0117jo pamir\u0161ti, kok\u012f pragar\u0105 jiems teko i\u0161gyventi.<\/p>\n<p>Ta\u010diau ramyb\u0117 truko neilgai&#8230;<\/p>\n<p>Europoje v\u0117l ima siaut\u0117ti nevaldomas ir nepaprastai \u017eiaurus \u017eudikas, o p\u0117dsakai u\u017etikrintai veda prie detektyvo Jono Linos. Ka\u017ekas nori jam pasi\u0173sti svarbi\u0105 \u017einut\u0119&#8230; Ar tik ne tas, kuris prisik\u0117l\u0117 i\u0161 numirusi\u0173j\u0173?<\/p>\n<p>Detektyvas Jonas Lina \u012fsitikin\u0119s \u2013 baisiausias ko\u0161maras virsta tikrove. Vyras, kuris i\u0161drask\u0117 Jono \u0161eim\u0105 sugr\u012f\u017eo, kad pabaigt\u0173 savo kruvin\u0105 darb\u0105&#8230;<\/p>\n<p>Kai Jono partner\u0117 randama u\u017erakinta po \u017eeme u\u017ekastame karste, detektyvas Jonas Lina turi priimti krauj\u0105 stingdant\u012f sprendim\u0105 \u2013 palikti j\u0105 mirti ar \u017eengti tiesiai \u012f sp\u0105stus \u017emogaus, kurio vienintelio jis kada nors bijojo.<\/p>\n<p>Prasideda nuo\u017emios lenktyn\u0117s su greitai senkan\u010diu laiku&#8230;<\/p>\n<ul class=\"about-product d-none d-xl-block mt-4\">\n<li><strong>Autorius:<\/strong>\u00a0<a href=\"https:\/\/skaitytaknyga.lt\/?s=kepler&#038;post_type=product&#038;dgwt_wcas=1\">Lars Kepler<\/a><\/li>\n<li><strong>Leid\u0117jas:<\/strong>\u00a0Obuolys<\/li>\n<li><strong>Metai:<\/strong>\u00a02020<\/li>\n<li><strong>Puslapiai:<\/strong>\u00a0512<\/li>\n<li><strong>ISBN:<\/strong>\u00a09786094841637<\/li>\n<li><strong>Versijos kodas:<\/strong>\u00a0P.<\/li>\n<li><strong>Formatas:<\/strong>\u00a014,5 x 21,5 x 4 cm, kieti vir\u0161eliai<\/li>\n<li><strong>Kalba:<\/strong>\u00a0Lietuvi\u0173<\/li>\n<\/ul>\n","protected":false},"excerpt":{"rendered":"<p>Visi galvojo, kad jis \u017euv\u0119s&#8230; Bet \u017emog\u017eudyst\u0117s v\u0117l prasid\u0117jo. 15 milijon\u0173 egzempliori\u0173 knyg\u0173 \u0161ioje serijoje pardav\u0119s \u0161ved\u0173 detektyvo super\u017evaig\u017ed\u0117\u00a0Lars Kepler\u00a0pristato septint\u0105j\u012f detektyvo Jono Linos serijos roman\u0105\u00a0LOZORIUS. Pats \u017eiauriausias \u0160vedijos serijinis \u017eudikas Jurekas Walteris prie\u0161 kelet\u0105 met\u0173 mir\u0117 nuo \u0161autini\u0173 \u017eaizd\u0173. Nors policija jo k\u016bno taip ir nesurado, \u0117m\u0117si kit\u0173 darb\u0173 ir sp\u0117jo pamir\u0161ti, kok\u012f pragar\u0105 jiems teko i\u0161gyventi. Ta\u010diau ramyb\u0117 truko neilgai&#8230; Europoje v\u0117l ima siaut\u0117ti nevaldomas ir nepaprastai \u017eiaurus \u017eudikas, o p\u0117dsakai u\u017etikrintai veda prie detektyvo Jono Linos. Ka\u017ekas nori jam pasi\u0173sti svarbi\u0105 \u017einut\u0119&#8230; Ar tik ne tas, kuris prisik\u0117l\u0117 i\u0161 numirusi\u0173j\u0173? Detektyvas Jonas Lina \u012fsitikin\u0119s \u2013 baisiausias ko\u0161maras virsta tikrove. Vyras, kuris i\u0161drask\u0117 Jono \u0161eim\u0105 sugr\u012f\u017eo, kad pabaigt\u0173 savo kruvin\u0105 darb\u0105&#8230; Kai Jono partner\u0117 randama u\u017erakinta po \u017eeme u\u017ekastame karste, detektyvas Jonas Lina turi priimti krauj\u0105 stingdant\u012f sprendim\u0105 \u2013 palikti j\u0105 mirti ar \u017eengti tiesiai \u012f sp\u0105stus \u017emogaus, kurio vienintelio jis kada nors bijojo. Prasideda nuo\u017emios lenktyn\u0117s su greitai senkan\u010diu laiku&#8230; Autorius:\u00a0Lars Kepler Leid\u0117jas:\u00a0Obuolys Metai:\u00a02020 Puslapiai:\u00a0512 ISBN:\u00a09786094841637 Versijos kodas:\u00a0P. Formatas:\u00a014,5 x 21,5 x 4 cm, kieti vir\u0161eliai Kalba:\u00a0Lietuvi\u0173<\/p>\n","protected":false},"featured_media":13250,"comment_status":"closed","ping_status":"closed","template":"","meta":{"_acf_changed":false,"site-sidebar-layout":"default","site-content-layout":"","ast-site-content-layout":"default","site-content-style":"default","site-sidebar-style":"default","ast-global-header-display":"","ast-banner-title-visibility":"","ast-main-header-display":"","ast-hfb-above-header-display":"","ast-hfb-below-header-display":"","ast-hfb-mobile-header-display":"","site-post-title":"","ast-breadcrumbs-content":"","ast-featured-img":"","footer-sml-layout":"","ast-disable-related-posts":"","theme-transparent-header-meta":"default","adv-header-id-meta":"","stick-header-meta":"","header-above-stick-meta":"","header-main-stick-meta":"","header-below-stick-meta":"","astra-migrate-meta-layouts":"set","ast-page-background-enabled":"default","ast-page-background-meta":{"desktop":{"background-color":"","background-image":"","background-repeat":"repeat","background-position":"center center","background-size":"auto","background-attachment":"scroll","background-type":"","background-media":"","overlay-type":"","overlay-color":"","overlay-opacity":"","overlay-gradient":""},"tablet":{"background-color":"","background-image":"","background-repeat":"repeat","background-position":"center center","background-size":"auto","background-attachment":"scroll","background-type":"","background-media":"","overlay-type":"","overlay-color":"","overlay-opacity":"","overlay-gradient":""},"mobile":{"background-color":"","background-image":"","background-repeat":"repeat","background-position":"center center","background-size":"auto","background-attachment":"scroll","background-type":"","background-media":"","overlay-type":"","overlay-color":"","overlay-opacity":"","overlay-gradient":""}},"ast-content-background-meta":{"desktop":{"background-color":"var(--ast-global-color-4)","background-image":"","background-repeat":"repeat","background-position":"center center","background-size":"auto","background-attachment":"scroll","background-type":"","background-media":"","overlay-type":"","overlay-color":"","overlay-opacity":"","overlay-gradient":""},"tablet":{"background-color":"var(--ast-global-color-4)","background-image":"","background-repeat":"repeat","background-position":"center center","background-size":"auto","background-attachment":"scroll","background-type":"","background-media":"","overlay-type":"","overlay-color":"","overlay-opacity":"","overlay-gradient":""},"mobile":{"background-color":"var(--ast-global-color-4)","background-image":"","background-repeat":"repeat","background-position":"center center","background-size":"auto","background-attachment":"scroll","background-type":"","background-media":"","overlay-type":"","overlay-color":"","overlay-opacity":"","overlay-gradient":""}}},"product_brand":[],"product_cat":[9581],"product_tag":[6700],"class_list":{"0":"post-13249","1":"product","2":"type-product","3":"status-publish","4":"has-post-thumbnail","6":"product_cat-kriminaliniai-romanai","7":"product_tag-lars-kepler","8":"pa_leidimo-metai-672","9":"desktop-align-left","10":"tablet-align-left","11":"mobile-align-left","13":"first","14":"instock","15":"shipping-taxable","16":"purchasable","17":"product-type-simple"},"acf":[],"yoast_head":"<!-- This site is optimized with the Yoast SEO plugin v27.0 - https:\/\/yoast.com\/product\/yoast-seo-wordpress\/ -->\n<title>\u201eYpating\u0173 vaik\u0173 namai\u201c<\/title>\n<meta name=\"description\" content=\"Pats \u017eiauriausias \u0160vedijos serijinis \u017eudikas Jurekas Walteris prie\u0161 kelet\u0105 met\u0173 mir\u0117 nuo \u0161autini\u0173 \u017eaizd\u0173. Nors policija jo k\u016bno taip ir nesurado, \u0117m\u0117si kit\u0173 darb\u0173 ir sp\u0117jo pamir\u0161ti, kok\u012f pragar\u0105 jiems teko i\u0161gyventi.\" \/>\n<meta name=\"robots\" content=\"index, follow, max-snippet:-1, max-image-preview:large, max-video-preview:-1\" \/>\n<link rel=\"canonical\" href=\"https:\/\/skaitytaknyga.lt\/en\/produktas\/lars-kepler-lozorius\/\" \/>\n<meta property=\"og:locale\" content=\"en_GB\" \/>\n<meta property=\"og:locale:alternate\" content=\"lt_LT\" \/>\n<meta property=\"og:type\" content=\"article\" \/>\n<meta property=\"og:title\" content=\"\u201eYpating\u0173 vaik\u0173 namai\u201c\" \/>\n<meta property=\"og:description\" content=\"Pats \u017eiauriausias \u0160vedijos serijinis \u017eudikas Jurekas Walteris prie\u0161 kelet\u0105 met\u0173 mir\u0117 nuo \u0161autini\u0173 \u017eaizd\u0173. Nors policija jo k\u016bno taip ir nesurado, \u0117m\u0117si kit\u0173 darb\u0173 ir sp\u0117jo pamir\u0161ti, kok\u012f pragar\u0105 jiems teko i\u0161gyventi.\" \/>\n<meta property=\"og:url\" content=\"https:\/\/skaitytaknyga.lt\/en\/produktas\/lars-kepler-lozorius\/\" \/>\n<meta property=\"og:site_name\" content=\"Skaitytaknyga\" \/>\n<meta property=\"article:publisher\" content=\"https:\/\/www.facebook.com\/skaitytaknyga\/\" \/>\n<meta property=\"article:modified_time\" content=\"2026-03-05T10:34:29+00:00\" \/>\n<meta property=\"og:image\" content=\"https:\/\/skaitytaknyga.lt\/wp-content\/uploads\/2024\/07\/123.webp\" \/>\n\t<meta property=\"og:image:width\" content=\"464\" \/>\n\t<meta property=\"og:image:height\" content=\"673\" \/>\n\t<meta property=\"og:image:type\" content=\"image\/webp\" \/>\n<meta name=\"twitter:card\" content=\"summary_large_image\" \/>\n<meta name=\"twitter:label1\" content=\"Estimated reading time\" \/>\n\t<meta name=\"twitter:data1\" content=\"2 minutes\" \/>\n<script type=\"application\/ld+json\" class=\"yoast-schema-graph\">{\"@context\":\"https:\/\/schema.org\",\"@graph\":[{\"@type\":\"WebPage\",\"@id\":\"https:\/\/skaitytaknyga.lt\/produktas\/lars-kepler-lozorius\/\",\"url\":\"https:\/\/skaitytaknyga.lt\/produktas\/lars-kepler-lozorius\/\",\"name\":\"\u201eYpating\u0173 vaik\u0173 namai\u201c\",\"isPartOf\":{\"@id\":\"https:\/\/skaitytaknyga.lt\/#website\"},\"primaryImageOfPage\":{\"@id\":\"https:\/\/skaitytaknyga.lt\/produktas\/lars-kepler-lozorius\/#primaryimage\"},\"image\":{\"@id\":\"https:\/\/skaitytaknyga.lt\/produktas\/lars-kepler-lozorius\/#primaryimage\"},\"thumbnailUrl\":\"https:\/\/skaitytaknyga.lt\/wp-content\/uploads\/2024\/07\/123.webp\",\"datePublished\":\"2024-07-19T19:18:06+00:00\",\"dateModified\":\"2026-03-05T10:34:29+00:00\",\"description\":\"Pats \u017eiauriausias \u0160vedijos serijinis \u017eudikas Jurekas Walteris prie\u0161 kelet\u0105 met\u0173 mir\u0117 nuo \u0161autini\u0173 \u017eaizd\u0173. Nors policija jo k\u016bno taip ir nesurado, \u0117m\u0117si kit\u0173 darb\u0173 ir sp\u0117jo pamir\u0161ti, kok\u012f pragar\u0105 jiems teko i\u0161gyventi.\",\"breadcrumb\":{\"@id\":\"https:\/\/skaitytaknyga.lt\/produktas\/lars-kepler-lozorius\/#breadcrumb\"},\"inLanguage\":\"en-GB\",\"potentialAction\":[{\"@type\":\"ReadAction\",\"target\":[\"https:\/\/skaitytaknyga.lt\/produktas\/lars-kepler-lozorius\/\"]}]},{\"@type\":\"ImageObject\",\"inLanguage\":\"en-GB\",\"@id\":\"https:\/\/skaitytaknyga.lt\/produktas\/lars-kepler-lozorius\/#primaryimage\",\"url\":\"https:\/\/skaitytaknyga.lt\/wp-content\/uploads\/2024\/07\/123.webp\",\"contentUrl\":\"https:\/\/skaitytaknyga.lt\/wp-content\/uploads\/2024\/07\/123.webp\",\"width\":464,\"height\":673,\"caption\":\"Lars Kepler \u201eLozorius\u201c\"},{\"@type\":\"BreadcrumbList\",\"@id\":\"https:\/\/skaitytaknyga.lt\/produktas\/lars-kepler-lozorius\/#breadcrumb\",\"itemListElement\":[{\"@type\":\"ListItem\",\"position\":1,\"name\":\"Home\",\"item\":\"https:\/\/skaitytaknyga.lt\/\"},{\"@type\":\"ListItem\",\"position\":2,\"name\":\"Parduotuv\u0117\",\"item\":\"https:\/\/skaitytaknyga.lt\/knygu-parduotuve\/\"},{\"@type\":\"ListItem\",\"position\":3,\"name\":\"\u201eLozorius\u201c\"}]},{\"@type\":\"WebSite\",\"@id\":\"https:\/\/skaitytaknyga.lt\/#website\",\"url\":\"https:\/\/skaitytaknyga.lt\/\",\"name\":\"skaitytaknyga.lt\",\"description\":\"Skaitytaknyga.lt \u2013 tai ma\u017eas \u0161eimos verslas, kuris prasid\u0117jo nuo meil\u0117s knygoms ir siekio i\u0161gelb\u0117ti knygas nuo likimo prie konteinerio. Kas vienam nereikalingas daiktas \u2013 kitam lobis, o mes esame tarpininkai, kurie padeda abiems tapti laimingesniems ???? \u017dinome kaip nelengva i\u0161gyventi ma\u017eiems verslams, tad nuo \u0161iol, \u010dia rasite ir kit\u0173, ma\u017e\u0173 \u0161eim\u0173 versl\u0173, rank\u0173 darbo, dovan\u0173 sau ir artimiesiems.\",\"publisher\":{\"@id\":\"https:\/\/skaitytaknyga.lt\/#organization\"},\"potentialAction\":[{\"@type\":\"SearchAction\",\"target\":{\"@type\":\"EntryPoint\",\"urlTemplate\":\"https:\/\/skaitytaknyga.lt\/?s={search_term_string}\"},\"query-input\":{\"@type\":\"PropertyValueSpecification\",\"valueRequired\":true,\"valueName\":\"search_term_string\"}}],\"inLanguage\":\"en-GB\"},{\"@type\":\"Organization\",\"@id\":\"https:\/\/skaitytaknyga.lt\/#organization\",\"name\":\"skaitytaknyga.lt\",\"url\":\"https:\/\/skaitytaknyga.lt\/\",\"logo\":{\"@type\":\"ImageObject\",\"inLanguage\":\"en-GB\",\"@id\":\"https:\/\/skaitytaknyga.lt\/#\/schema\/logo\/image\/\",\"url\":\"https:\/\/skaitytaknyga.lt\/wp-content\/uploads\/2024\/05\/cropped-cropped-cropped-02_00843_jt3bggkj1j3HLc7SyY6rEUpg.jpeg\",\"contentUrl\":\"https:\/\/skaitytaknyga.lt\/wp-content\/uploads\/2024\/05\/cropped-cropped-cropped-02_00843_jt3bggkj1j3HLc7SyY6rEUpg.jpeg\",\"width\":1600,\"height\":1600,\"caption\":\"skaitytaknyga.lt\"},\"image\":{\"@id\":\"https:\/\/skaitytaknyga.lt\/#\/schema\/logo\/image\/\"},\"sameAs\":[\"https:\/\/www.facebook.com\/skaitytaknyga\/\"]}]}<\/script>\n<!-- \/ Yoast SEO plugin. -->","yoast_head_json":{"title":"\u201eYpating\u0173 vaik\u0173 namai\u201c","description":"Pats \u017eiauriausias \u0160vedijos serijinis \u017eudikas Jurekas Walteris prie\u0161 kelet\u0105 met\u0173 mir\u0117 nuo \u0161autini\u0173 \u017eaizd\u0173. Nors policija jo k\u016bno taip ir nesurado, \u0117m\u0117si kit\u0173 darb\u0173 ir sp\u0117jo pamir\u0161ti, kok\u012f pragar\u0105 jiems teko i\u0161gyventi.","robots":{"index":"index","follow":"follow","max-snippet":"max-snippet:-1","max-image-preview":"max-image-preview:large","max-video-preview":"max-video-preview:-1"},"canonical":"https:\/\/skaitytaknyga.lt\/en\/produktas\/lars-kepler-lozorius\/","og_locale":"en_GB","og_type":"article","og_title":"\u201eYpating\u0173 vaik\u0173 namai\u201c","og_description":"Pats \u017eiauriausias \u0160vedijos serijinis \u017eudikas Jurekas Walteris prie\u0161 kelet\u0105 met\u0173 mir\u0117 nuo \u0161autini\u0173 \u017eaizd\u0173. Nors policija jo k\u016bno taip ir nesurado, \u0117m\u0117si kit\u0173 darb\u0173 ir sp\u0117jo pamir\u0161ti, kok\u012f pragar\u0105 jiems teko i\u0161gyventi.","og_url":"https:\/\/skaitytaknyga.lt\/en\/produktas\/lars-kepler-lozorius\/","og_site_name":"Skaitytaknyga","article_publisher":"https:\/\/www.facebook.com\/skaitytaknyga\/","article_modified_time":"2026-03-05T10:34:29+00:00","og_image":[{"width":464,"height":673,"url":"https:\/\/skaitytaknyga.lt\/wp-content\/uploads\/2024\/07\/123.webp","type":"image\/webp"}],"twitter_card":"summary_large_image","twitter_misc":{"Estimated reading time":"2 minutes"},"schema":{"@context":"https:\/\/schema.org","@graph":[{"@type":"WebPage","@id":"https:\/\/skaitytaknyga.lt\/produktas\/lars-kepler-lozorius\/","url":"https:\/\/skaitytaknyga.lt\/produktas\/lars-kepler-lozorius\/","name":"\u201eYpating\u0173 vaik\u0173 namai\u201c","isPartOf":{"@id":"https:\/\/skaitytaknyga.lt\/#website"},"primaryImageOfPage":{"@id":"https:\/\/skaitytaknyga.lt\/produktas\/lars-kepler-lozorius\/#primaryimage"},"image":{"@id":"https:\/\/skaitytaknyga.lt\/produktas\/lars-kepler-lozorius\/#primaryimage"},"thumbnailUrl":"https:\/\/skaitytaknyga.lt\/wp-content\/uploads\/2024\/07\/123.webp","datePublished":"2024-07-19T19:18:06+00:00","dateModified":"2026-03-05T10:34:29+00:00","description":"Pats \u017eiauriausias \u0160vedijos serijinis \u017eudikas Jurekas Walteris prie\u0161 kelet\u0105 met\u0173 mir\u0117 nuo \u0161autini\u0173 \u017eaizd\u0173. Nors policija jo k\u016bno taip ir nesurado, \u0117m\u0117si kit\u0173 darb\u0173 ir sp\u0117jo pamir\u0161ti, kok\u012f pragar\u0105 jiems teko i\u0161gyventi.","breadcrumb":{"@id":"https:\/\/skaitytaknyga.lt\/produktas\/lars-kepler-lozorius\/#breadcrumb"},"inLanguage":"en-GB","potentialAction":[{"@type":"ReadAction","target":["https:\/\/skaitytaknyga.lt\/produktas\/lars-kepler-lozorius\/"]}]},{"@type":"ImageObject","inLanguage":"en-GB","@id":"https:\/\/skaitytaknyga.lt\/produktas\/lars-kepler-lozorius\/#primaryimage","url":"https:\/\/skaitytaknyga.lt\/wp-content\/uploads\/2024\/07\/123.webp","contentUrl":"https:\/\/skaitytaknyga.lt\/wp-content\/uploads\/2024\/07\/123.webp","width":464,"height":673,"caption":"Lars Kepler \u201eLozorius\u201c"},{"@type":"BreadcrumbList","@id":"https:\/\/skaitytaknyga.lt\/produktas\/lars-kepler-lozorius\/#breadcrumb","itemListElement":[{"@type":"ListItem","position":1,"name":"Home","item":"https:\/\/skaitytaknyga.lt\/"},{"@type":"ListItem","position":2,"name":"Parduotuv\u0117","item":"https:\/\/skaitytaknyga.lt\/knygu-parduotuve\/"},{"@type":"ListItem","position":3,"name":"\u201eLozorius\u201c"}]},{"@type":"WebSite","@id":"https:\/\/skaitytaknyga.lt\/#website","url":"https:\/\/skaitytaknyga.lt\/","name":"skaitytaknyga.lt","description":"Skaitytaknyga.lt \u2013 tai ma\u017eas \u0161eimos verslas, kuris prasid\u0117jo nuo meil\u0117s knygoms ir siekio i\u0161gelb\u0117ti knygas nuo likimo prie konteinerio. Kas vienam nereikalingas daiktas \u2013 kitam lobis, o mes esame tarpininkai, kurie padeda abiems tapti laimingesniems ???? \u017dinome kaip nelengva i\u0161gyventi ma\u017eiems verslams, tad nuo \u0161iol, \u010dia rasite ir kit\u0173, ma\u017e\u0173 \u0161eim\u0173 versl\u0173, rank\u0173 darbo, dovan\u0173 sau ir artimiesiems.","publisher":{"@id":"https:\/\/skaitytaknyga.lt\/#organization"},"potentialAction":[{"@type":"SearchAction","target":{"@type":"EntryPoint","urlTemplate":"https:\/\/skaitytaknyga.lt\/?s={search_term_string}"},"query-input":{"@type":"PropertyValueSpecification","valueRequired":true,"valueName":"search_term_string"}}],"inLanguage":"en-GB"},{"@type":"Organization","@id":"https:\/\/skaitytaknyga.lt\/#organization","name":"skaitytaknyga.lt","url":"https:\/\/skaitytaknyga.lt\/","logo":{"@type":"ImageObject","inLanguage":"en-GB","@id":"https:\/\/skaitytaknyga.lt\/#\/schema\/logo\/image\/","url":"https:\/\/skaitytaknyga.lt\/wp-content\/uploads\/2024\/05\/cropped-cropped-cropped-02_00843_jt3bggkj1j3HLc7SyY6rEUpg.jpeg","contentUrl":"https:\/\/skaitytaknyga.lt\/wp-content\/uploads\/2024\/05\/cropped-cropped-cropped-02_00843_jt3bggkj1j3HLc7SyY6rEUpg.jpeg","width":1600,"height":1600,"caption":"skaitytaknyga.lt"},"image":{"@id":"https:\/\/skaitytaknyga.lt\/#\/schema\/logo\/image\/"},"sameAs":["https:\/\/www.facebook.com\/skaitytaknyga\/"]}]}},"_links":{"self":[{"href":"https:\/\/skaitytaknyga.lt\/en\/wp-json\/wp\/v2\/product\/13249","targetHints":{"allow":["GET"]}}],"collection":[{"href":"https:\/\/skaitytaknyga.lt\/en\/wp-json\/wp\/v2\/product"}],"about":[{"href":"https:\/\/skaitytaknyga.lt\/en\/wp-json\/wp\/v2\/types\/product"}],"replies":[{"embeddable":true,"href":"https:\/\/skaitytaknyga.lt\/en\/wp-json\/wp\/v2\/comments?post=13249"}],"wp:featuredmedia":[{"embeddable":true,"href":"https:\/\/skaitytaknyga.lt\/en\/wp-json\/wp\/v2\/media\/13250"}],"wp:attachment":[{"href":"https:\/\/skaitytaknyga.lt\/en\/wp-json\/wp\/v2\/media?parent=13249"}],"wp:term":[{"taxonomy":"product_brand","embeddable":true,"href":"https:\/\/skaitytaknyga.lt\/en\/wp-json\/wp\/v2\/product_brand?post=13249"},{"taxonomy":"product_cat","embeddable":true,"href":"https:\/\/skaitytaknyga.lt\/en\/wp-json\/wp\/v2\/product_cat?post=13249"},{"taxonomy":"product_tag","embeddable":true,"href":"https:\/\/skaitytaknyga.lt\/en\/wp-json\/wp\/v2\/product_tag?post=13249"}],"curies":[{"name":"wp","href":"https:\/\/api.w.org\/{rel}","templated":true}]}}