{"id":13248,"date":"2024-07-19T22:18:06","date_gmt":"2024-07-19T19:18:06","guid":{"rendered":"https:\/\/skaitytaknyga.lt\/?post_type=product&#038;p=13248"},"modified":"2026-03-05T15:58:07","modified_gmt":"2026-03-05T13:58:07","slug":"jasper-dewitt-pacientas","status":"publish","type":"product","link":"https:\/\/skaitytaknyga.lt\/en\/produktas\/jasper-dewitt-pacientas\/","title":{"rendered":"Pacientas"},"content":{"rendered":"<p>Jaunas, ambicingas gydytojas Parkeris H., neseniai prad\u0117j\u0119s dirbti psichiatrijos ligonin\u0117je ir \u0117m\u0119sis gydyti paslapting\u0105, itin pavojing\u0105 pacient\u0105, siaubingai apsiriko&#8230;<\/p>\n<p>Atvykus \u012f nauj\u0105j\u0105 darboviet\u0119, Parkerio lauk\u0117 sunkus, daug pasi\u0161ventimo reikalaujantis darbas. Per menkai finansuojamoje ir per ma\u017eai personalo turin\u010dioje \u012fstaigoje, primenan\u010dioje t\u0105, kurioje vaikyst\u0117je mat\u0117 savo motin\u0105, pasitinka keistas netik\u0117tumas&#8230; Daugel\u012f met\u0173 ligonin\u0117je praleid\u0119s ir vis dar diagnoz\u0117s neturintis pacientas \u2013 keturiasde\u0161imtmetis D\u017eo, pavojingiausias \u012fstaigos ligonis. Su juo daug laiko praleid\u0119 gydytojai ir slaugytojai arba nusi\u017eud\u0117, arba patys pami\u0161o.<\/p>\n<p>I\u0161sigandusi ir vilt\u012f praradusi ligonin\u0117s direktor\u0117 laiko pacient\u0105 izoliuot\u0105, o darbuotojams, d\u0117l j\u0173 pa\u010di\u0173 gerov\u0117s, tik retsykiais leid\u017eia j\u012f lankyti. Ji \u012fsitikinusi, kad i\u0161leidus D\u017eo i\u0161 ligonin\u0117s padariniai visuomenei b\u016bt\u0173 neprognozuojami. Parkeris pasiry\u017eta imtis gydyti \u0161\u012f ligon\u012f, ta\u010diau nuo pat pirmojo j\u0173dviej\u0173 susitikimo situacijos kontrol\u0117 jam slysta i\u0161 rank\u0173. Per daug savimi pasitikin\u010diam gydytojui kyla vis daugiau klausim\u0173, o atsakymai pasirodys visi\u0161kai netik\u0117ti ir ne\u012ftik\u0117tini, per\u017eengiantys visas pa\u017e\u012fstamos realyb\u0117s ribas, ver\u010diantys abejoti, kas yra tikra, o kas \u2013 tik iliuzija.<\/p>\n<p><em>Persmelks iki kaul\u0173 smegen\u0173.<\/em>\u00a0\u2013 Library Journal<\/p>\n<p><em>Su kiekvienu puslapiu auganti \u012ftampa privers jus dreb\u0117ti.<\/em>\u00a0\u2013 New York Journal of Books<\/p>\n","protected":false},"excerpt":{"rendered":"<p>Jaunas, ambicingas gydytojas Parkeris H., neseniai prad\u0117j\u0119s dirbti psichiatrijos ligonin\u0117je ir \u0117m\u0119sis gydyti paslapting\u0105, itin pavojing\u0105 pacient\u0105, siaubingai apsiriko&#8230; Atvykus \u012f nauj\u0105j\u0105 darboviet\u0119, Parkerio lauk\u0117 sunkus, daug pasi\u0161ventimo reikalaujantis darbas. Per menkai finansuojamoje ir per ma\u017eai personalo turin\u010dioje \u012fstaigoje, primenan\u010dioje t\u0105, kurioje vaikyst\u0117je mat\u0117 savo motin\u0105, pasitinka keistas netik\u0117tumas&#8230; Daugel\u012f met\u0173 ligonin\u0117je praleid\u0119s ir vis dar diagnoz\u0117s neturintis pacientas \u2013 keturiasde\u0161imtmetis D\u017eo, pavojingiausias \u012fstaigos ligonis. Su juo daug laiko praleid\u0119 gydytojai ir slaugytojai arba nusi\u017eud\u0117, arba patys pami\u0161o. I\u0161sigandusi ir vilt\u012f praradusi ligonin\u0117s direktor\u0117 laiko pacient\u0105 izoliuot\u0105, o darbuotojams, d\u0117l j\u0173 pa\u010di\u0173 gerov\u0117s, tik retsykiais leid\u017eia j\u012f lankyti. Ji \u012fsitikinusi, kad i\u0161leidus D\u017eo i\u0161 ligonin\u0117s padariniai visuomenei b\u016bt\u0173 neprognozuojami. Parkeris pasiry\u017eta imtis gydyti \u0161\u012f ligon\u012f, ta\u010diau nuo pat pirmojo j\u0173dviej\u0173 susitikimo situacijos kontrol\u0117 jam slysta i\u0161 rank\u0173. Per daug savimi pasitikin\u010diam gydytojui kyla vis daugiau klausim\u0173, o atsakymai pasirodys visi\u0161kai netik\u0117ti ir ne\u012ftik\u0117tini, per\u017eengiantys visas pa\u017e\u012fstamos realyb\u0117s ribas, ver\u010diantys abejoti, kas yra tikra, o kas \u2013 tik iliuzija. Persmelks iki kaul\u0173 smegen\u0173.\u00a0\u2013 Library Journal Su kiekvienu puslapiu auganti \u012ftampa privers jus dreb\u0117ti.\u00a0\u2013 New York Journal of Books<\/p>\n","protected":false},"featured_media":13153,"comment_status":"closed","ping_status":"closed","template":"","meta":{"_acf_changed":false,"site-sidebar-layout":"default","site-content-layout":"","ast-site-content-layout":"default","site-content-style":"default","site-sidebar-style":"default","ast-global-header-display":"","ast-banner-title-visibility":"","ast-main-header-display":"","ast-hfb-above-header-display":"","ast-hfb-below-header-display":"","ast-hfb-mobile-header-display":"","site-post-title":"","ast-breadcrumbs-content":"","ast-featured-img":"","footer-sml-layout":"","ast-disable-related-posts":"","theme-transparent-header-meta":"default","adv-header-id-meta":"","stick-header-meta":"","header-above-stick-meta":"","header-main-stick-meta":"","header-below-stick-meta":"","astra-migrate-meta-layouts":"set","ast-page-background-enabled":"default","ast-page-background-meta":{"desktop":{"background-color":"","background-image":"","background-repeat":"repeat","background-position":"center center","background-size":"auto","background-attachment":"scroll","background-type":"","background-media":"","overlay-type":"","overlay-color":"","overlay-opacity":"","overlay-gradient":""},"tablet":{"background-color":"","background-image":"","background-repeat":"repeat","background-position":"center center","background-size":"auto","background-attachment":"scroll","background-type":"","background-media":"","overlay-type":"","overlay-color":"","overlay-opacity":"","overlay-gradient":""},"mobile":{"background-color":"","background-image":"","background-repeat":"repeat","background-position":"center center","background-size":"auto","background-attachment":"scroll","background-type":"","background-media":"","overlay-type":"","overlay-color":"","overlay-opacity":"","overlay-gradient":""}},"ast-content-background-meta":{"desktop":{"background-color":"var(--ast-global-color-4)","background-image":"","background-repeat":"repeat","background-position":"center center","background-size":"auto","background-attachment":"scroll","background-type":"","background-media":"","overlay-type":"","overlay-color":"","overlay-opacity":"","overlay-gradient":""},"tablet":{"background-color":"var(--ast-global-color-4)","background-image":"","background-repeat":"repeat","background-position":"center center","background-size":"auto","background-attachment":"scroll","background-type":"","background-media":"","overlay-type":"","overlay-color":"","overlay-opacity":"","overlay-gradient":""},"mobile":{"background-color":"var(--ast-global-color-4)","background-image":"","background-repeat":"repeat","background-position":"center center","background-size":"auto","background-attachment":"scroll","background-type":"","background-media":"","overlay-type":"","overlay-color":"","overlay-opacity":"","overlay-gradient":""}}},"product_brand":[],"product_cat":[9580],"product_tag":[],"class_list":{"0":"post-13248","1":"product","2":"type-product","3":"status-publish","4":"has-post-thumbnail","6":"product_cat-psichologiniai-detektyvai","7":"pa_leidimo-metai-672","8":"desktop-align-left","9":"tablet-align-left","10":"mobile-align-left","12":"first","13":"instock","14":"shipping-taxable","15":"purchasable","16":"product-type-simple"},"acf":[],"yoast_head":"<!-- This site is optimized with the Yoast SEO plugin v27.0 - https:\/\/yoast.com\/product\/yoast-seo-wordpress\/ -->\n<title>\u201eYpating\u0173 vaik\u0173 namai\u201c<\/title>\n<meta name=\"description\" content=\"Jaunas, ambicingas gydytojas Parkeris H., neseniai prad\u0117j\u0119s dirbti psichiatrijos ligonin\u0117je ir \u0117m\u0119sis gydyti paslapting\u0105, pavojing\u0105 pacient\u0105, siaubingai apsiriko\" \/>\n<meta name=\"robots\" content=\"index, follow, max-snippet:-1, max-image-preview:large, max-video-preview:-1\" \/>\n<link rel=\"canonical\" href=\"https:\/\/skaitytaknyga.lt\/en\/produktas\/jasper-dewitt-pacientas\/\" \/>\n<meta property=\"og:locale\" content=\"en_GB\" \/>\n<meta property=\"og:locale:alternate\" content=\"lt_LT\" \/>\n<meta property=\"og:type\" content=\"article\" \/>\n<meta property=\"og:title\" content=\"\u201eYpating\u0173 vaik\u0173 namai\u201c\" \/>\n<meta property=\"og:description\" content=\"Jaunas, ambicingas gydytojas Parkeris H., neseniai prad\u0117j\u0119s dirbti psichiatrijos ligonin\u0117je ir \u0117m\u0119sis gydyti paslapting\u0105, pavojing\u0105 pacient\u0105, siaubingai apsiriko\" \/>\n<meta property=\"og:url\" content=\"https:\/\/skaitytaknyga.lt\/en\/produktas\/jasper-dewitt-pacientas\/\" \/>\n<meta property=\"og:site_name\" content=\"Skaitytaknyga\" \/>\n<meta property=\"article:publisher\" content=\"https:\/\/www.facebook.com\/skaitytaknyga\/\" \/>\n<meta property=\"article:modified_time\" content=\"2026-03-05T13:58:07+00:00\" \/>\n<meta property=\"og:image\" content=\"https:\/\/skaitytaknyga.lt\/wp-content\/uploads\/2024\/07\/1621411757_pacientas-1.webp\" \/>\n\t<meta property=\"og:image:width\" content=\"533\" \/>\n\t<meta property=\"og:image:height\" content=\"800\" \/>\n\t<meta property=\"og:image:type\" content=\"image\/webp\" \/>\n<meta name=\"twitter:card\" content=\"summary_large_image\" \/>\n<meta name=\"twitter:label1\" content=\"Estimated reading time\" \/>\n\t<meta name=\"twitter:data1\" content=\"2 minutes\" \/>\n<script type=\"application\/ld+json\" class=\"yoast-schema-graph\">{\"@context\":\"https:\/\/schema.org\",\"@graph\":[{\"@type\":\"WebPage\",\"@id\":\"https:\/\/skaitytaknyga.lt\/produktas\/jasper-dewitt-pacientas\/\",\"url\":\"https:\/\/skaitytaknyga.lt\/produktas\/jasper-dewitt-pacientas\/\",\"name\":\"\u201eYpating\u0173 vaik\u0173 namai\u201c\",\"isPartOf\":{\"@id\":\"https:\/\/skaitytaknyga.lt\/#website\"},\"primaryImageOfPage\":{\"@id\":\"https:\/\/skaitytaknyga.lt\/produktas\/jasper-dewitt-pacientas\/#primaryimage\"},\"image\":{\"@id\":\"https:\/\/skaitytaknyga.lt\/produktas\/jasper-dewitt-pacientas\/#primaryimage\"},\"thumbnailUrl\":\"https:\/\/skaitytaknyga.lt\/wp-content\/uploads\/2024\/07\/1621411757_pacientas-1.webp\",\"datePublished\":\"2024-07-19T19:18:06+00:00\",\"dateModified\":\"2026-03-05T13:58:07+00:00\",\"description\":\"Jaunas, ambicingas gydytojas Parkeris H., neseniai prad\u0117j\u0119s dirbti psichiatrijos ligonin\u0117je ir \u0117m\u0119sis gydyti paslapting\u0105, pavojing\u0105 pacient\u0105, siaubingai apsiriko\",\"breadcrumb\":{\"@id\":\"https:\/\/skaitytaknyga.lt\/produktas\/jasper-dewitt-pacientas\/#breadcrumb\"},\"inLanguage\":\"en-GB\",\"potentialAction\":[{\"@type\":\"ReadAction\",\"target\":[\"https:\/\/skaitytaknyga.lt\/produktas\/jasper-dewitt-pacientas\/\"]}]},{\"@type\":\"ImageObject\",\"inLanguage\":\"en-GB\",\"@id\":\"https:\/\/skaitytaknyga.lt\/produktas\/jasper-dewitt-pacientas\/#primaryimage\",\"url\":\"https:\/\/skaitytaknyga.lt\/wp-content\/uploads\/2024\/07\/1621411757_pacientas-1.webp\",\"contentUrl\":\"https:\/\/skaitytaknyga.lt\/wp-content\/uploads\/2024\/07\/1621411757_pacientas-1.webp\",\"width\":533,\"height\":800,\"caption\":\"knyga pacientas\"},{\"@type\":\"BreadcrumbList\",\"@id\":\"https:\/\/skaitytaknyga.lt\/produktas\/jasper-dewitt-pacientas\/#breadcrumb\",\"itemListElement\":[{\"@type\":\"ListItem\",\"position\":1,\"name\":\"Home\",\"item\":\"https:\/\/skaitytaknyga.lt\/\"},{\"@type\":\"ListItem\",\"position\":2,\"name\":\"Parduotuv\u0117\",\"item\":\"https:\/\/skaitytaknyga.lt\/knygu-parduotuve\/\"},{\"@type\":\"ListItem\",\"position\":3,\"name\":\"Pacientas\"}]},{\"@type\":\"WebSite\",\"@id\":\"https:\/\/skaitytaknyga.lt\/#website\",\"url\":\"https:\/\/skaitytaknyga.lt\/\",\"name\":\"skaitytaknyga.lt\",\"description\":\"Skaitytaknyga.lt \u2013 tai ma\u017eas \u0161eimos verslas, kuris prasid\u0117jo nuo meil\u0117s knygoms ir siekio i\u0161gelb\u0117ti knygas nuo likimo prie konteinerio. Kas vienam nereikalingas daiktas \u2013 kitam lobis, o mes esame tarpininkai, kurie padeda abiems tapti laimingesniems ???? \u017dinome kaip nelengva i\u0161gyventi ma\u017eiems verslams, tad nuo \u0161iol, \u010dia rasite ir kit\u0173, ma\u017e\u0173 \u0161eim\u0173 versl\u0173, rank\u0173 darbo, dovan\u0173 sau ir artimiesiems.\",\"publisher\":{\"@id\":\"https:\/\/skaitytaknyga.lt\/#organization\"},\"potentialAction\":[{\"@type\":\"SearchAction\",\"target\":{\"@type\":\"EntryPoint\",\"urlTemplate\":\"https:\/\/skaitytaknyga.lt\/?s={search_term_string}\"},\"query-input\":{\"@type\":\"PropertyValueSpecification\",\"valueRequired\":true,\"valueName\":\"search_term_string\"}}],\"inLanguage\":\"en-GB\"},{\"@type\":\"Organization\",\"@id\":\"https:\/\/skaitytaknyga.lt\/#organization\",\"name\":\"skaitytaknyga.lt\",\"url\":\"https:\/\/skaitytaknyga.lt\/\",\"logo\":{\"@type\":\"ImageObject\",\"inLanguage\":\"en-GB\",\"@id\":\"https:\/\/skaitytaknyga.lt\/#\/schema\/logo\/image\/\",\"url\":\"https:\/\/skaitytaknyga.lt\/wp-content\/uploads\/2024\/05\/cropped-cropped-cropped-02_00843_jt3bggkj1j3HLc7SyY6rEUpg.jpeg\",\"contentUrl\":\"https:\/\/skaitytaknyga.lt\/wp-content\/uploads\/2024\/05\/cropped-cropped-cropped-02_00843_jt3bggkj1j3HLc7SyY6rEUpg.jpeg\",\"width\":1600,\"height\":1600,\"caption\":\"skaitytaknyga.lt\"},\"image\":{\"@id\":\"https:\/\/skaitytaknyga.lt\/#\/schema\/logo\/image\/\"},\"sameAs\":[\"https:\/\/www.facebook.com\/skaitytaknyga\/\"]}]}<\/script>\n<!-- \/ Yoast SEO plugin. -->","yoast_head_json":{"title":"\u201eYpating\u0173 vaik\u0173 namai\u201c","description":"Jaunas, ambicingas gydytojas Parkeris H., neseniai prad\u0117j\u0119s dirbti psichiatrijos ligonin\u0117je ir \u0117m\u0119sis gydyti paslapting\u0105, pavojing\u0105 pacient\u0105, siaubingai apsiriko","robots":{"index":"index","follow":"follow","max-snippet":"max-snippet:-1","max-image-preview":"max-image-preview:large","max-video-preview":"max-video-preview:-1"},"canonical":"https:\/\/skaitytaknyga.lt\/en\/produktas\/jasper-dewitt-pacientas\/","og_locale":"en_GB","og_type":"article","og_title":"\u201eYpating\u0173 vaik\u0173 namai\u201c","og_description":"Jaunas, ambicingas gydytojas Parkeris H., neseniai prad\u0117j\u0119s dirbti psichiatrijos ligonin\u0117je ir \u0117m\u0119sis gydyti paslapting\u0105, pavojing\u0105 pacient\u0105, siaubingai apsiriko","og_url":"https:\/\/skaitytaknyga.lt\/en\/produktas\/jasper-dewitt-pacientas\/","og_site_name":"Skaitytaknyga","article_publisher":"https:\/\/www.facebook.com\/skaitytaknyga\/","article_modified_time":"2026-03-05T13:58:07+00:00","og_image":[{"width":533,"height":800,"url":"https:\/\/skaitytaknyga.lt\/wp-content\/uploads\/2024\/07\/1621411757_pacientas-1.webp","type":"image\/webp"}],"twitter_card":"summary_large_image","twitter_misc":{"Estimated reading time":"2 minutes"},"schema":{"@context":"https:\/\/schema.org","@graph":[{"@type":"WebPage","@id":"https:\/\/skaitytaknyga.lt\/produktas\/jasper-dewitt-pacientas\/","url":"https:\/\/skaitytaknyga.lt\/produktas\/jasper-dewitt-pacientas\/","name":"\u201eYpating\u0173 vaik\u0173 namai\u201c","isPartOf":{"@id":"https:\/\/skaitytaknyga.lt\/#website"},"primaryImageOfPage":{"@id":"https:\/\/skaitytaknyga.lt\/produktas\/jasper-dewitt-pacientas\/#primaryimage"},"image":{"@id":"https:\/\/skaitytaknyga.lt\/produktas\/jasper-dewitt-pacientas\/#primaryimage"},"thumbnailUrl":"https:\/\/skaitytaknyga.lt\/wp-content\/uploads\/2024\/07\/1621411757_pacientas-1.webp","datePublished":"2024-07-19T19:18:06+00:00","dateModified":"2026-03-05T13:58:07+00:00","description":"Jaunas, ambicingas gydytojas Parkeris H., neseniai prad\u0117j\u0119s dirbti psichiatrijos ligonin\u0117je ir \u0117m\u0119sis gydyti paslapting\u0105, pavojing\u0105 pacient\u0105, siaubingai apsiriko","breadcrumb":{"@id":"https:\/\/skaitytaknyga.lt\/produktas\/jasper-dewitt-pacientas\/#breadcrumb"},"inLanguage":"en-GB","potentialAction":[{"@type":"ReadAction","target":["https:\/\/skaitytaknyga.lt\/produktas\/jasper-dewitt-pacientas\/"]}]},{"@type":"ImageObject","inLanguage":"en-GB","@id":"https:\/\/skaitytaknyga.lt\/produktas\/jasper-dewitt-pacientas\/#primaryimage","url":"https:\/\/skaitytaknyga.lt\/wp-content\/uploads\/2024\/07\/1621411757_pacientas-1.webp","contentUrl":"https:\/\/skaitytaknyga.lt\/wp-content\/uploads\/2024\/07\/1621411757_pacientas-1.webp","width":533,"height":800,"caption":"knyga pacientas"},{"@type":"BreadcrumbList","@id":"https:\/\/skaitytaknyga.lt\/produktas\/jasper-dewitt-pacientas\/#breadcrumb","itemListElement":[{"@type":"ListItem","position":1,"name":"Home","item":"https:\/\/skaitytaknyga.lt\/"},{"@type":"ListItem","position":2,"name":"Parduotuv\u0117","item":"https:\/\/skaitytaknyga.lt\/knygu-parduotuve\/"},{"@type":"ListItem","position":3,"name":"Pacientas"}]},{"@type":"WebSite","@id":"https:\/\/skaitytaknyga.lt\/#website","url":"https:\/\/skaitytaknyga.lt\/","name":"skaitytaknyga.lt","description":"Skaitytaknyga.lt \u2013 tai ma\u017eas \u0161eimos verslas, kuris prasid\u0117jo nuo meil\u0117s knygoms ir siekio i\u0161gelb\u0117ti knygas nuo likimo prie konteinerio. Kas vienam nereikalingas daiktas \u2013 kitam lobis, o mes esame tarpininkai, kurie padeda abiems tapti laimingesniems ???? \u017dinome kaip nelengva i\u0161gyventi ma\u017eiems verslams, tad nuo \u0161iol, \u010dia rasite ir kit\u0173, ma\u017e\u0173 \u0161eim\u0173 versl\u0173, rank\u0173 darbo, dovan\u0173 sau ir artimiesiems.","publisher":{"@id":"https:\/\/skaitytaknyga.lt\/#organization"},"potentialAction":[{"@type":"SearchAction","target":{"@type":"EntryPoint","urlTemplate":"https:\/\/skaitytaknyga.lt\/?s={search_term_string}"},"query-input":{"@type":"PropertyValueSpecification","valueRequired":true,"valueName":"search_term_string"}}],"inLanguage":"en-GB"},{"@type":"Organization","@id":"https:\/\/skaitytaknyga.lt\/#organization","name":"skaitytaknyga.lt","url":"https:\/\/skaitytaknyga.lt\/","logo":{"@type":"ImageObject","inLanguage":"en-GB","@id":"https:\/\/skaitytaknyga.lt\/#\/schema\/logo\/image\/","url":"https:\/\/skaitytaknyga.lt\/wp-content\/uploads\/2024\/05\/cropped-cropped-cropped-02_00843_jt3bggkj1j3HLc7SyY6rEUpg.jpeg","contentUrl":"https:\/\/skaitytaknyga.lt\/wp-content\/uploads\/2024\/05\/cropped-cropped-cropped-02_00843_jt3bggkj1j3HLc7SyY6rEUpg.jpeg","width":1600,"height":1600,"caption":"skaitytaknyga.lt"},"image":{"@id":"https:\/\/skaitytaknyga.lt\/#\/schema\/logo\/image\/"},"sameAs":["https:\/\/www.facebook.com\/skaitytaknyga\/"]}]}},"_links":{"self":[{"href":"https:\/\/skaitytaknyga.lt\/en\/wp-json\/wp\/v2\/product\/13248","targetHints":{"allow":["GET"]}}],"collection":[{"href":"https:\/\/skaitytaknyga.lt\/en\/wp-json\/wp\/v2\/product"}],"about":[{"href":"https:\/\/skaitytaknyga.lt\/en\/wp-json\/wp\/v2\/types\/product"}],"replies":[{"embeddable":true,"href":"https:\/\/skaitytaknyga.lt\/en\/wp-json\/wp\/v2\/comments?post=13248"}],"wp:featuredmedia":[{"embeddable":true,"href":"https:\/\/skaitytaknyga.lt\/en\/wp-json\/wp\/v2\/media\/13153"}],"wp:attachment":[{"href":"https:\/\/skaitytaknyga.lt\/en\/wp-json\/wp\/v2\/media?parent=13248"}],"wp:term":[{"taxonomy":"product_brand","embeddable":true,"href":"https:\/\/skaitytaknyga.lt\/en\/wp-json\/wp\/v2\/product_brand?post=13248"},{"taxonomy":"product_cat","embeddable":true,"href":"https:\/\/skaitytaknyga.lt\/en\/wp-json\/wp\/v2\/product_cat?post=13248"},{"taxonomy":"product_tag","embeddable":true,"href":"https:\/\/skaitytaknyga.lt\/en\/wp-json\/wp\/v2\/product_tag?post=13248"}],"curies":[{"name":"wp","href":"https:\/\/api.w.org\/{rel}","templated":true}]}}