{"id":13246,"date":"2024-07-19T20:33:08","date_gmt":"2024-07-19T17:33:08","guid":{"rendered":"https:\/\/skaitytaknyga.lt\/?post_type=product&#038;p=13246"},"modified":"2024-07-19T20:36:12","modified_gmt":"2024-07-19T17:36:12","slug":"aldous-huxley-puikus-naujas-pasaulis","status":"publish","type":"product","link":"https:\/\/skaitytaknyga.lt\/en\/produktas\/aldous-huxley-puikus-naujas-pasaulis\/","title":{"rendered":"Aldous Huxley \u201ePuikus naujas pasaulis\u201c (kiek pagelt\u0119s vir\u0161us)"},"content":{"rendered":"<p>Puikaus naujo pasaulio visuomen\u0117 \u2013 tobula. Joje visi laimingi, niekas neserga ir i\u0161ori\u0161kai nesensta. \u010cia n\u0117ra jausm\u0173, n\u0117ra sen\u0173 dalyk\u0173, ypa\u010d toki\u0173 atgyven\u0173 kaip kult\u016bra. K\u016bdikiai i\u0161pilstomi buteliukuose, \u017eod\u017eiai t\u0117vas ir motina tap\u0119 kone keiksma\u017eod\u017eiais, ilgalaikiai santykiai su vienu \u017emogumi laikomi nepadoriais. \u017dmogaus \u201easmenyb\u0117\u201c bei s\u0105mon\u0117 formuojamos nuo ankstyviausi\u0173 dien\u0173 ir klesti kast\u0173 sistema. Bet koks bandymas m\u0105styti laikomas nukrypimu, valstyb\u0117 diktuoja ra\u0161ytojams, k\u0105 ra\u0161yti, ir auk\u0161tinamas po\u017ei\u016bris, kad istorija \u2013 tai paistalai.<\/p>\n<p>\u0160is romanas \u2013 \u0161iurpus bet kokio universalios laim\u0117s re\u017eimo simbolis.\u00a0<strong>Aldous Huxley<\/strong>, vienas \u012ftakingiausi\u0173 XX a. angl\u0173 ra\u0161ytoj\u0173, suk\u016br\u0117 sukre\u010dian\u010di\u0105 ir prana\u0161i\u0161k\u0105 antiutopij\u0105. Joje totalitarin\u0117 santvarka naikina \u017emogi\u0161kum\u0105, gyvenimo form\u0173 laisv\u0119 ir \u012fvairov\u0119. Glumin\u0119s ir \u0161okirav\u0119s daugel\u012f ankstesni\u0173 laik\u0173 skaitytoj\u0173,<strong>\u00a0\u201ePuikus naujas pasaulis\u201c<\/strong>\u00a0ligi \u0161iol teb\u0117ra garsiausias ra\u0161ytojo k\u016brinys.<\/p>\n<p><em>Mes ir r\u016b\u0161iuojam, ir formuojam. M\u016bs\u0173 k\u016bdikiai i\u0161pilstomi i\u0161 buteliuk\u0173 kaip suniveliuotos b\u016btyb\u0117s, kaip alfos arba epsilonai, kaip b\u016bsimieji kanalizacijos tinkl\u0173 darbuotojai arba b\u016bsimieji [&#8230;] inkubatorij\u0173 direktoriai.<\/em><\/p>\n<p><em>\u0160tai \u010dia ir yra laim\u0117s bei doros paslaptis: pam\u0117k tai, k\u0105 privalai daryti. Visoks formavimas ir siekia \u012fskiepyti \u017emon\u0117ms meil\u0119 j\u0173 nei\u0161vengiamam socialiniam likimui.<\/em><\/p>\n<ul class=\"about-product d-none d-xl-block mt-4\">\n<li><strong>Originalus pavadinimas:<\/strong>\u00a0Brave New World<\/li>\n<li><strong>Autorius:<\/strong>\u00a0Aldous Huxley<\/li>\n<li><strong>Leid\u0117jas:<\/strong>\u00a0Lietuvos ra\u0161ytoj\u0173 s\u0105jungos leidykla<\/li>\n<li><strong>Metai:<\/strong>\u00a02024<\/li>\n<li><strong>Puslapiai:<\/strong>\u00a0264<\/li>\n<li><strong>ISBN:<\/strong>\u00a09789986398356<\/li>\n<li><strong>Versijos kodas:<\/strong>\u00a010<\/li>\n<li><strong>Formatas:<\/strong>\u00a015 x 21,6 x 2,8 cm, kieti vir\u0161eliai<\/li>\n<li><strong>Kalba:<\/strong>\u00a0Lietuvi\u0173<\/li>\n<li><strong>Vert\u0117jas:<\/strong>\u00a0Gra\u017evydas Kirvaitis<\/li>\n<\/ul>\n","protected":false},"excerpt":{"rendered":"<p>Puikaus naujo pasaulio visuomen\u0117 \u2013 tobula. Joje visi laimingi, niekas neserga ir i\u0161ori\u0161kai nesensta. \u010cia n\u0117ra jausm\u0173, n\u0117ra sen\u0173 dalyk\u0173, ypa\u010d toki\u0173 atgyven\u0173 kaip kult\u016bra. K\u016bdikiai i\u0161pilstomi buteliukuose, \u017eod\u017eiai t\u0117vas ir motina tap\u0119 kone keiksma\u017eod\u017eiais, ilgalaikiai santykiai su vienu \u017emogumi laikomi nepadoriais. \u017dmogaus \u201easmenyb\u0117\u201c bei s\u0105mon\u0117 formuojamos nuo ankstyviausi\u0173 dien\u0173 ir klesti kast\u0173 sistema. Bet koks bandymas m\u0105styti laikomas nukrypimu, valstyb\u0117 diktuoja ra\u0161ytojams, k\u0105 ra\u0161yti, ir auk\u0161tinamas po\u017ei\u016bris, kad istorija \u2013 tai paistalai. \u0160is romanas \u2013 \u0161iurpus bet kokio universalios laim\u0117s re\u017eimo simbolis.\u00a0Aldous Huxley, vienas \u012ftakingiausi\u0173 XX a. angl\u0173 ra\u0161ytoj\u0173, suk\u016br\u0117 sukre\u010dian\u010di\u0105 ir prana\u0161i\u0161k\u0105 antiutopij\u0105. Joje totalitarin\u0117 santvarka naikina \u017emogi\u0161kum\u0105, gyvenimo form\u0173 laisv\u0119 ir \u012fvairov\u0119. Glumin\u0119s ir \u0161okirav\u0119s daugel\u012f ankstesni\u0173 laik\u0173 skaitytoj\u0173,\u00a0\u201ePuikus naujas pasaulis\u201c\u00a0ligi \u0161iol teb\u0117ra garsiausias ra\u0161ytojo k\u016brinys. Mes ir r\u016b\u0161iuojam, ir formuojam. M\u016bs\u0173 k\u016bdikiai i\u0161pilstomi i\u0161 buteliuk\u0173 kaip suniveliuotos b\u016btyb\u0117s, kaip alfos arba epsilonai, kaip b\u016bsimieji kanalizacijos tinkl\u0173 darbuotojai arba b\u016bsimieji [&#8230;] inkubatorij\u0173 direktoriai. \u0160tai \u010dia ir yra laim\u0117s bei doros paslaptis: pam\u0117k tai, k\u0105 privalai daryti. Visoks formavimas ir siekia \u012fskiepyti \u017emon\u0117ms meil\u0119 j\u0173 nei\u0161vengiamam socialiniam likimui. Originalus pavadinimas:\u00a0Brave New World Autorius:\u00a0Aldous Huxley Leid\u0117jas:\u00a0Lietuvos ra\u0161ytoj\u0173 s\u0105jungos leidykla Metai:\u00a02024 Puslapiai:\u00a0264 ISBN:\u00a09789986398356 Versijos kodas:\u00a010 Formatas:\u00a015 x 21,6 x 2,8 cm, kieti vir\u0161eliai Kalba:\u00a0Lietuvi\u0173 Vert\u0117jas:\u00a0Gra\u017evydas Kirvaitis<\/p>\n","protected":false},"featured_media":13247,"comment_status":"closed","ping_status":"closed","template":"","meta":{"_acf_changed":false,"site-sidebar-layout":"default","site-content-layout":"","ast-site-content-layout":"default","site-content-style":"default","site-sidebar-style":"default","ast-global-header-display":"","ast-banner-title-visibility":"","ast-main-header-display":"","ast-hfb-above-header-display":"","ast-hfb-below-header-display":"","ast-hfb-mobile-header-display":"","site-post-title":"","ast-breadcrumbs-content":"","ast-featured-img":"","footer-sml-layout":"","ast-disable-related-posts":"","theme-transparent-header-meta":"default","adv-header-id-meta":"","stick-header-meta":"","header-above-stick-meta":"","header-main-stick-meta":"","header-below-stick-meta":"","astra-migrate-meta-layouts":"set","ast-page-background-enabled":"default","ast-page-background-meta":{"desktop":{"background-color":"","background-image":"","background-repeat":"repeat","background-position":"center center","background-size":"auto","background-attachment":"scroll","background-type":"","background-media":"","overlay-type":"","overlay-color":"","overlay-opacity":"","overlay-gradient":""},"tablet":{"background-color":"","background-image":"","background-repeat":"repeat","background-position":"center center","background-size":"auto","background-attachment":"scroll","background-type":"","background-media":"","overlay-type":"","overlay-color":"","overlay-opacity":"","overlay-gradient":""},"mobile":{"background-color":"","background-image":"","background-repeat":"repeat","background-position":"center center","background-size":"auto","background-attachment":"scroll","background-type":"","background-media":"","overlay-type":"","overlay-color":"","overlay-opacity":"","overlay-gradient":""}},"ast-content-background-meta":{"desktop":{"background-color":"var(--ast-global-color-4)","background-image":"","background-repeat":"repeat","background-position":"center center","background-size":"auto","background-attachment":"scroll","background-type":"","background-media":"","overlay-type":"","overlay-color":"","overlay-opacity":"","overlay-gradient":""},"tablet":{"background-color":"var(--ast-global-color-4)","background-image":"","background-repeat":"repeat","background-position":"center center","background-size":"auto","background-attachment":"scroll","background-type":"","background-media":"","overlay-type":"","overlay-color":"","overlay-opacity":"","overlay-gradient":""},"mobile":{"background-color":"var(--ast-global-color-4)","background-image":"","background-repeat":"repeat","background-position":"center center","background-size":"auto","background-attachment":"scroll","background-type":"","background-media":"","overlay-type":"","overlay-color":"","overlay-opacity":"","overlay-gradient":""}}},"product_brand":[],"product_cat":[31],"product_tag":[],"class_list":{"0":"post-13246","1":"product","2":"type-product","3":"status-publish","4":"has-post-thumbnail","6":"product_cat-grozine-literatura","7":"desktop-align-left","8":"tablet-align-left","9":"mobile-align-left","11":"first","12":"instock","13":"shipping-taxable","14":"purchasable","15":"product-type-simple"},"acf":[],"yoast_head":"<!-- This site is optimized with the Yoast SEO plugin v27.0 - https:\/\/yoast.com\/product\/yoast-seo-wordpress\/ -->\n<title>Aldous Huxley \u201ePuikus naujas pasaulis\u201c (kiek pagelt\u0119s vir\u0161us)<\/title>\n<meta name=\"description\" content=\"Puikaus naujo pasaulio visuomen\u0117 \u2013 tobula. Joje visi laimingi, niekas neserga ir i\u0161ori\u0161kai nesensta. \u010cia n\u0117ra jausm\u0173, sen\u0173 dalyk\u0173, net toki\u0173 atgyven\u0173 kaip kult\u016bra.\" \/>\n<meta name=\"robots\" content=\"index, follow, max-snippet:-1, max-image-preview:large, max-video-preview:-1\" \/>\n<link rel=\"canonical\" href=\"https:\/\/skaitytaknyga.lt\/en\/produktas\/aldous-huxley-puikus-naujas-pasaulis\/\" \/>\n<meta property=\"og:locale\" content=\"en_GB\" \/>\n<meta property=\"og:locale:alternate\" content=\"lt_LT\" \/>\n<meta property=\"og:type\" content=\"article\" \/>\n<meta property=\"og:title\" content=\"Aldous Huxley \u201ePuikus naujas pasaulis\u201c (kiek pagelt\u0119s vir\u0161us)\" \/>\n<meta property=\"og:description\" content=\"Puikaus naujo pasaulio visuomen\u0117 \u2013 tobula. Joje visi laimingi, niekas neserga ir i\u0161ori\u0161kai nesensta. \u010cia n\u0117ra jausm\u0173, sen\u0173 dalyk\u0173, net toki\u0173 atgyven\u0173 kaip kult\u016bra.\" \/>\n<meta property=\"og:url\" content=\"https:\/\/skaitytaknyga.lt\/en\/produktas\/aldous-huxley-puikus-naujas-pasaulis\/\" \/>\n<meta property=\"og:site_name\" content=\"Skaitytaknyga\" \/>\n<meta property=\"article:publisher\" content=\"https:\/\/www.facebook.com\/skaitytaknyga\/\" \/>\n<meta property=\"article:modified_time\" content=\"2024-07-19T17:36:12+00:00\" \/>\n<meta property=\"og:image\" content=\"https:\/\/skaitytaknyga.lt\/wp-content\/uploads\/2024\/07\/huxley-puikus-naujas-pasaulis-2018_1540298656-00793f90160c713b828a60a214091e94.jpg\" \/>\n\t<meta property=\"og:image:width\" content=\"270\" \/>\n\t<meta property=\"og:image:height\" content=\"400\" \/>\n\t<meta property=\"og:image:type\" content=\"image\/jpeg\" \/>\n<meta name=\"twitter:card\" content=\"summary_large_image\" \/>\n<meta name=\"twitter:label1\" content=\"Estimated reading time\" \/>\n\t<meta name=\"twitter:data1\" content=\"2 minutes\" \/>\n<script type=\"application\/ld+json\" class=\"yoast-schema-graph\">{\"@context\":\"https:\/\/schema.org\",\"@graph\":[{\"@type\":\"WebPage\",\"@id\":\"https:\/\/skaitytaknyga.lt\/produktas\/aldous-huxley-puikus-naujas-pasaulis\/\",\"url\":\"https:\/\/skaitytaknyga.lt\/produktas\/aldous-huxley-puikus-naujas-pasaulis\/\",\"name\":\"Aldous Huxley \u201ePuikus naujas pasaulis\u201c (kiek pagelt\u0119s vir\u0161us)\",\"isPartOf\":{\"@id\":\"https:\/\/skaitytaknyga.lt\/#website\"},\"primaryImageOfPage\":{\"@id\":\"https:\/\/skaitytaknyga.lt\/produktas\/aldous-huxley-puikus-naujas-pasaulis\/#primaryimage\"},\"image\":{\"@id\":\"https:\/\/skaitytaknyga.lt\/produktas\/aldous-huxley-puikus-naujas-pasaulis\/#primaryimage\"},\"thumbnailUrl\":\"https:\/\/skaitytaknyga.lt\/wp-content\/uploads\/2024\/07\/huxley-puikus-naujas-pasaulis-2018_1540298656-00793f90160c713b828a60a214091e94.jpg\",\"datePublished\":\"2024-07-19T17:33:08+00:00\",\"dateModified\":\"2024-07-19T17:36:12+00:00\",\"description\":\"Puikaus naujo pasaulio visuomen\u0117 \u2013 tobula. Joje visi laimingi, niekas neserga ir i\u0161ori\u0161kai nesensta. \u010cia n\u0117ra jausm\u0173, sen\u0173 dalyk\u0173, net toki\u0173 atgyven\u0173 kaip kult\u016bra.\",\"breadcrumb\":{\"@id\":\"https:\/\/skaitytaknyga.lt\/produktas\/aldous-huxley-puikus-naujas-pasaulis\/#breadcrumb\"},\"inLanguage\":\"en-GB\",\"potentialAction\":[{\"@type\":\"ReadAction\",\"target\":[\"https:\/\/skaitytaknyga.lt\/produktas\/aldous-huxley-puikus-naujas-pasaulis\/\"]}]},{\"@type\":\"ImageObject\",\"inLanguage\":\"en-GB\",\"@id\":\"https:\/\/skaitytaknyga.lt\/produktas\/aldous-huxley-puikus-naujas-pasaulis\/#primaryimage\",\"url\":\"https:\/\/skaitytaknyga.lt\/wp-content\/uploads\/2024\/07\/huxley-puikus-naujas-pasaulis-2018_1540298656-00793f90160c713b828a60a214091e94.jpg\",\"contentUrl\":\"https:\/\/skaitytaknyga.lt\/wp-content\/uploads\/2024\/07\/huxley-puikus-naujas-pasaulis-2018_1540298656-00793f90160c713b828a60a214091e94.jpg\",\"width\":270,\"height\":400,\"caption\":\"Aldous Huxley \u201ePuikus naujas pasaulis\u201c\"},{\"@type\":\"BreadcrumbList\",\"@id\":\"https:\/\/skaitytaknyga.lt\/produktas\/aldous-huxley-puikus-naujas-pasaulis\/#breadcrumb\",\"itemListElement\":[{\"@type\":\"ListItem\",\"position\":1,\"name\":\"Home\",\"item\":\"https:\/\/skaitytaknyga.lt\/\"},{\"@type\":\"ListItem\",\"position\":2,\"name\":\"Parduotuv\u0117\",\"item\":\"https:\/\/skaitytaknyga.lt\/knygu-parduotuve\/\"},{\"@type\":\"ListItem\",\"position\":3,\"name\":\"Aldous Huxley \u201ePuikus naujas pasaulis\u201c (kiek pagelt\u0119s vir\u0161us)\"}]},{\"@type\":\"WebSite\",\"@id\":\"https:\/\/skaitytaknyga.lt\/#website\",\"url\":\"https:\/\/skaitytaknyga.lt\/\",\"name\":\"skaitytaknyga.lt\",\"description\":\"Skaitytaknyga.lt \u2013 tai ma\u017eas \u0161eimos verslas, kuris prasid\u0117jo nuo meil\u0117s knygoms ir siekio i\u0161gelb\u0117ti knygas nuo likimo prie konteinerio. Kas vienam nereikalingas daiktas \u2013 kitam lobis, o mes esame tarpininkai, kurie padeda abiems tapti laimingesniems ???? \u017dinome kaip nelengva i\u0161gyventi ma\u017eiems verslams, tad nuo \u0161iol, \u010dia rasite ir kit\u0173, ma\u017e\u0173 \u0161eim\u0173 versl\u0173, rank\u0173 darbo, dovan\u0173 sau ir artimiesiems.\",\"publisher\":{\"@id\":\"https:\/\/skaitytaknyga.lt\/#organization\"},\"potentialAction\":[{\"@type\":\"SearchAction\",\"target\":{\"@type\":\"EntryPoint\",\"urlTemplate\":\"https:\/\/skaitytaknyga.lt\/?s={search_term_string}\"},\"query-input\":{\"@type\":\"PropertyValueSpecification\",\"valueRequired\":true,\"valueName\":\"search_term_string\"}}],\"inLanguage\":\"en-GB\"},{\"@type\":\"Organization\",\"@id\":\"https:\/\/skaitytaknyga.lt\/#organization\",\"name\":\"skaitytaknyga.lt\",\"url\":\"https:\/\/skaitytaknyga.lt\/\",\"logo\":{\"@type\":\"ImageObject\",\"inLanguage\":\"en-GB\",\"@id\":\"https:\/\/skaitytaknyga.lt\/#\/schema\/logo\/image\/\",\"url\":\"https:\/\/skaitytaknyga.lt\/wp-content\/uploads\/2024\/05\/cropped-cropped-cropped-02_00843_jt3bggkj1j3HLc7SyY6rEUpg.jpeg\",\"contentUrl\":\"https:\/\/skaitytaknyga.lt\/wp-content\/uploads\/2024\/05\/cropped-cropped-cropped-02_00843_jt3bggkj1j3HLc7SyY6rEUpg.jpeg\",\"width\":1600,\"height\":1600,\"caption\":\"skaitytaknyga.lt\"},\"image\":{\"@id\":\"https:\/\/skaitytaknyga.lt\/#\/schema\/logo\/image\/\"},\"sameAs\":[\"https:\/\/www.facebook.com\/skaitytaknyga\/\"]}]}<\/script>\n<!-- \/ Yoast SEO plugin. -->","yoast_head_json":{"title":"Aldous Huxley \u201ePuikus naujas pasaulis\u201c (kiek pagelt\u0119s vir\u0161us)","description":"Puikaus naujo pasaulio visuomen\u0117 \u2013 tobula. Joje visi laimingi, niekas neserga ir i\u0161ori\u0161kai nesensta. \u010cia n\u0117ra jausm\u0173, sen\u0173 dalyk\u0173, net toki\u0173 atgyven\u0173 kaip kult\u016bra.","robots":{"index":"index","follow":"follow","max-snippet":"max-snippet:-1","max-image-preview":"max-image-preview:large","max-video-preview":"max-video-preview:-1"},"canonical":"https:\/\/skaitytaknyga.lt\/en\/produktas\/aldous-huxley-puikus-naujas-pasaulis\/","og_locale":"en_GB","og_type":"article","og_title":"[:lt]Aldous Huxley \u201ePuikus naujas pasaulis\u201c (kiek pagelt\u0119s vir\u0161us)[:] - Skaitytaknyga","og_description":"[:lt]Puikaus naujo pasaulio visuomen\u0117 \u2013 tobula. Joje visi laimingi, niekas neserga ir i\u0161ori\u0161kai nesensta. \u010cia n\u0117ra jausm\u0173, sen\u0173 dalyk\u0173, net toki\u0173 atgyven\u0173 kaip kult\u016bra.[:]","og_url":"https:\/\/skaitytaknyga.lt\/en\/produktas\/aldous-huxley-puikus-naujas-pasaulis\/","og_site_name":"Skaitytaknyga","article_publisher":"https:\/\/www.facebook.com\/skaitytaknyga\/","article_modified_time":"2024-07-19T17:36:12+00:00","og_image":[{"width":270,"height":400,"url":"https:\/\/skaitytaknyga.lt\/wp-content\/uploads\/2024\/07\/huxley-puikus-naujas-pasaulis-2018_1540298656-00793f90160c713b828a60a214091e94.jpg","type":"image\/jpeg"}],"twitter_card":"summary_large_image","twitter_misc":{"Estimated reading time":"2 minutes"},"schema":{"@context":"https:\/\/schema.org","@graph":[{"@type":"WebPage","@id":"https:\/\/skaitytaknyga.lt\/produktas\/aldous-huxley-puikus-naujas-pasaulis\/","url":"https:\/\/skaitytaknyga.lt\/produktas\/aldous-huxley-puikus-naujas-pasaulis\/","name":"Aldous Huxley \u201ePuikus naujas pasaulis\u201c (kiek pagelt\u0119s vir\u0161us)","isPartOf":{"@id":"https:\/\/skaitytaknyga.lt\/#website"},"primaryImageOfPage":{"@id":"https:\/\/skaitytaknyga.lt\/produktas\/aldous-huxley-puikus-naujas-pasaulis\/#primaryimage"},"image":{"@id":"https:\/\/skaitytaknyga.lt\/produktas\/aldous-huxley-puikus-naujas-pasaulis\/#primaryimage"},"thumbnailUrl":"https:\/\/skaitytaknyga.lt\/wp-content\/uploads\/2024\/07\/huxley-puikus-naujas-pasaulis-2018_1540298656-00793f90160c713b828a60a214091e94.jpg","datePublished":"2024-07-19T17:33:08+00:00","dateModified":"2024-07-19T17:36:12+00:00","description":"Puikaus naujo pasaulio visuomen\u0117 \u2013 tobula. Joje visi laimingi, niekas neserga ir i\u0161ori\u0161kai nesensta. \u010cia n\u0117ra jausm\u0173, sen\u0173 dalyk\u0173, net toki\u0173 atgyven\u0173 kaip kult\u016bra.","breadcrumb":{"@id":"https:\/\/skaitytaknyga.lt\/produktas\/aldous-huxley-puikus-naujas-pasaulis\/#breadcrumb"},"inLanguage":"en-GB","potentialAction":[{"@type":"ReadAction","target":["https:\/\/skaitytaknyga.lt\/produktas\/aldous-huxley-puikus-naujas-pasaulis\/"]}]},{"@type":"ImageObject","inLanguage":"en-GB","@id":"https:\/\/skaitytaknyga.lt\/produktas\/aldous-huxley-puikus-naujas-pasaulis\/#primaryimage","url":"https:\/\/skaitytaknyga.lt\/wp-content\/uploads\/2024\/07\/huxley-puikus-naujas-pasaulis-2018_1540298656-00793f90160c713b828a60a214091e94.jpg","contentUrl":"https:\/\/skaitytaknyga.lt\/wp-content\/uploads\/2024\/07\/huxley-puikus-naujas-pasaulis-2018_1540298656-00793f90160c713b828a60a214091e94.jpg","width":270,"height":400,"caption":"Aldous Huxley \u201ePuikus naujas pasaulis\u201c"},{"@type":"BreadcrumbList","@id":"https:\/\/skaitytaknyga.lt\/produktas\/aldous-huxley-puikus-naujas-pasaulis\/#breadcrumb","itemListElement":[{"@type":"ListItem","position":1,"name":"Home","item":"https:\/\/skaitytaknyga.lt\/"},{"@type":"ListItem","position":2,"name":"Parduotuv\u0117","item":"https:\/\/skaitytaknyga.lt\/knygu-parduotuve\/"},{"@type":"ListItem","position":3,"name":"Aldous Huxley \u201ePuikus naujas pasaulis\u201c (kiek pagelt\u0119s vir\u0161us)"}]},{"@type":"WebSite","@id":"https:\/\/skaitytaknyga.lt\/#website","url":"https:\/\/skaitytaknyga.lt\/","name":"skaitytaknyga.lt","description":"Skaitytaknyga.lt \u2013 tai ma\u017eas \u0161eimos verslas, kuris prasid\u0117jo nuo meil\u0117s knygoms ir siekio i\u0161gelb\u0117ti knygas nuo likimo prie konteinerio. Kas vienam nereikalingas daiktas \u2013 kitam lobis, o mes esame tarpininkai, kurie padeda abiems tapti laimingesniems ???? \u017dinome kaip nelengva i\u0161gyventi ma\u017eiems verslams, tad nuo \u0161iol, \u010dia rasite ir kit\u0173, ma\u017e\u0173 \u0161eim\u0173 versl\u0173, rank\u0173 darbo, dovan\u0173 sau ir artimiesiems.","publisher":{"@id":"https:\/\/skaitytaknyga.lt\/#organization"},"potentialAction":[{"@type":"SearchAction","target":{"@type":"EntryPoint","urlTemplate":"https:\/\/skaitytaknyga.lt\/?s={search_term_string}"},"query-input":{"@type":"PropertyValueSpecification","valueRequired":true,"valueName":"search_term_string"}}],"inLanguage":"en-GB"},{"@type":"Organization","@id":"https:\/\/skaitytaknyga.lt\/#organization","name":"skaitytaknyga.lt","url":"https:\/\/skaitytaknyga.lt\/","logo":{"@type":"ImageObject","inLanguage":"en-GB","@id":"https:\/\/skaitytaknyga.lt\/#\/schema\/logo\/image\/","url":"https:\/\/skaitytaknyga.lt\/wp-content\/uploads\/2024\/05\/cropped-cropped-cropped-02_00843_jt3bggkj1j3HLc7SyY6rEUpg.jpeg","contentUrl":"https:\/\/skaitytaknyga.lt\/wp-content\/uploads\/2024\/05\/cropped-cropped-cropped-02_00843_jt3bggkj1j3HLc7SyY6rEUpg.jpeg","width":1600,"height":1600,"caption":"skaitytaknyga.lt"},"image":{"@id":"https:\/\/skaitytaknyga.lt\/#\/schema\/logo\/image\/"},"sameAs":["https:\/\/www.facebook.com\/skaitytaknyga\/"]}]}},"_links":{"self":[{"href":"https:\/\/skaitytaknyga.lt\/en\/wp-json\/wp\/v2\/product\/13246","targetHints":{"allow":["GET"]}}],"collection":[{"href":"https:\/\/skaitytaknyga.lt\/en\/wp-json\/wp\/v2\/product"}],"about":[{"href":"https:\/\/skaitytaknyga.lt\/en\/wp-json\/wp\/v2\/types\/product"}],"replies":[{"embeddable":true,"href":"https:\/\/skaitytaknyga.lt\/en\/wp-json\/wp\/v2\/comments?post=13246"}],"wp:featuredmedia":[{"embeddable":true,"href":"https:\/\/skaitytaknyga.lt\/en\/wp-json\/wp\/v2\/media\/13247"}],"wp:attachment":[{"href":"https:\/\/skaitytaknyga.lt\/en\/wp-json\/wp\/v2\/media?parent=13246"}],"wp:term":[{"taxonomy":"product_brand","embeddable":true,"href":"https:\/\/skaitytaknyga.lt\/en\/wp-json\/wp\/v2\/product_brand?post=13246"},{"taxonomy":"product_cat","embeddable":true,"href":"https:\/\/skaitytaknyga.lt\/en\/wp-json\/wp\/v2\/product_cat?post=13246"},{"taxonomy":"product_tag","embeddable":true,"href":"https:\/\/skaitytaknyga.lt\/en\/wp-json\/wp\/v2\/product_tag?post=13246"}],"curies":[{"name":"wp","href":"https:\/\/api.w.org\/{rel}","templated":true}]}}