{"id":13241,"date":"2024-07-19T19:24:29","date_gmt":"2024-07-19T16:24:29","guid":{"rendered":"https:\/\/skaitytaknyga.lt\/?post_type=product&#038;p=13241"},"modified":"2025-11-07T20:39:41","modified_gmt":"2025-11-07T18:39:41","slug":"kamila-golod-daiva-zukauskiene-skolinta-iliuzija","status":"publish","type":"product","link":"https:\/\/skaitytaknyga.lt\/en\/produktas\/kamila-golod-daiva-zukauskiene-skolinta-iliuzija\/","title":{"rendered":"Skolinta iliuzija"},"content":{"rendered":"<p><strong>\u201eSkolinta iliuzija&#8221;<\/strong>&nbsp;\u2013 tai knyga, paremta tikra patirtimi, su kuria autor\u0117s susiduria tiek asmeniniame gyvenime, tiek konsultacij\u0173 bei psichoterapij\u0173 metu. Real\u016bs \u017emoni\u0173 pasakojimai pateikiami apibendrintai, tod\u0117l tai neb\u0117ra tik ka\u017ekieno istorijos \u2013 jose atrasite ir dalel\u0119 sav\u0119s.<\/p>\n<p><strong>\u201eSkolinta iliuzija&#8221;<\/strong>&nbsp;\u2013&nbsp; psichologinis romanas, lyg psichologini\u0173 straipsni\u0173 rinkinys, kur\u012f jungia pagrindini\u0173 veik\u0117j\u0173 \u2013 Amelijos ir Alano \u2013 siu\u017eeto linija. Per j\u0173 gyvenimus, ie\u0161kojimus, jiems i\u0161kylan\u010dias problemas ir atsirandan\u010dius sprendimus straipsniuose nagrin\u0117jamos kiekvienam aktualios temos: meil\u0117 sau ir kitiems, santykiai su aplinkiniais, depresijos ir patiriamo streso prie\u017eastys bei pasekm\u0117s, sav\u0119s pa\u017einimas, pri\u0117mimas ir dar daugelis kit\u0173.<\/p>\n<p>Knygos pavadinimas atspindi \u017emoni\u0173 gyvenim\u0105 iliuzijose \u2013 ne tiek savo susikurtose, kiek \u201eskolintose&#8221;, kurios kyla i\u0161 da\u017enai klaidingo \u012fsivaizdavimo apie kit\u0173 gyvenimus. Norima parodyti, kaip svarbu atrasti savo keli\u0105, asmenin\u0119 gyvenimo prasm\u0119 ir laim\u0117s \u0161altinius.<\/p>\n<p>Jei tik b\u016bsite tam pasiry\u017e\u0119, autor\u0117s kvie\u010dia \u012f savo gyvenim\u0105 pa\u017evelgti i\u0161 \u0161alies, tapti jo vertintoju ir, pagaliau, ry\u017etis seniai laukusiems poky\u010diams.<\/p>\n<p><strong>Kamila Golod<\/strong>&nbsp;\u2013 ICF kou\u010dingo specialist\u0117, emocin\u0117s sveikatos konsultant\u0117, \u201eGer\u0173 emocij\u0173 nam\u0173&#8221; \u012fk\u016br\u0117ja ir knygos&nbsp;\u201eDr\u0105sa b\u016bti savimi&#8221;&nbsp;autor\u0117. Konsultuodama Kamila padeda \u017emon\u0117ms geriau pa\u017einti save, pamatyti \u012fvairias gyvenimo alternatyvas, atrasti savyje stiprybi\u0173 bei suteikia galimyb\u0119 b\u016bti i\u0161girstiems saugioje ir jaukioje aplinkoje.<\/p>\n<p><strong>Daiva \u017dukauskien\u0117<\/strong>&nbsp;\u2013 sertifikuota ge\u0161talto terapeut\u0117, psichikos sveikatos specialist\u0117, pedagog\u0117. Veda grupin\u0117s ge\u0161talto terapijos grupes, u\u017esiima individualia ge\u0161talto praktika, domisi biblioterapijos galimyb\u0117mis. Dirba su jaunesnio mokyklinio am\u017eiaus vaikais, ugdo j\u0173 emocin\u012f intelekt\u0105, taip pat skaito paskaitas visuomen\u0117s sveikatinimo temomis.<\/p>\n<ul class=\"about-product d-none d-xl-block mt-4\">\n<li><strong>Autorius:<\/strong>&nbsp;Kamila Golod,&nbsp;Daiva \u017dukauskien\u0117<\/li>\n<li><strong>Leid\u0117jas:<\/strong>&nbsp;Didakta<\/li>\n<li><strong>Metai:<\/strong>&nbsp;2019<\/li>\n<li><strong>Puslapiai:<\/strong>&nbsp;176<\/li>\n<li><strong>ISBN:<\/strong>&nbsp;9786094421372<\/li>\n<li><strong>Versijos kodas:<\/strong>&nbsp;12<\/li>\n<li><strong>Formatas:<\/strong>&nbsp;12,5 x 21 x 2 cm, kieti vir\u0161eliai<\/li>\n<li><strong>Kalba:<\/strong>&nbsp;Lietuvi\u0173<\/li>\n<\/ul>\n","protected":false},"excerpt":{"rendered":"<p>\u201eSkolinta iliuzija&#8221;&nbsp;\u2013 tai knyga, paremta tikra patirtimi, su kuria autor\u0117s susiduria tiek asmeniniame gyvenime, tiek konsultacij\u0173 bei psichoterapij\u0173 metu. Real\u016bs \u017emoni\u0173 pasakojimai pateikiami apibendrintai, tod\u0117l tai neb\u0117ra tik ka\u017ekieno istorijos \u2013 jose atrasite ir dalel\u0119 sav\u0119s. \u201eSkolinta iliuzija&#8221;&nbsp;\u2013&nbsp; psichologinis romanas, lyg psichologini\u0173 straipsni\u0173 rinkinys, kur\u012f jungia pagrindini\u0173 veik\u0117j\u0173 \u2013 Amelijos ir Alano \u2013 siu\u017eeto linija. Per j\u0173 gyvenimus, ie\u0161kojimus, jiems i\u0161kylan\u010dias problemas ir atsirandan\u010dius sprendimus straipsniuose nagrin\u0117jamos kiekvienam aktualios temos: meil\u0117 sau ir kitiems, santykiai su aplinkiniais, depresijos ir patiriamo streso prie\u017eastys bei pasekm\u0117s, sav\u0119s pa\u017einimas, pri\u0117mimas ir dar daugelis kit\u0173. Knygos pavadinimas atspindi \u017emoni\u0173 gyvenim\u0105 iliuzijose \u2013 ne tiek savo susikurtose, kiek \u201eskolintose&#8221;, kurios kyla i\u0161 da\u017enai klaidingo \u012fsivaizdavimo apie kit\u0173 gyvenimus. Norima parodyti, kaip svarbu atrasti savo keli\u0105, asmenin\u0119 gyvenimo prasm\u0119 ir laim\u0117s \u0161altinius. Jei tik b\u016bsite tam pasiry\u017e\u0119, autor\u0117s kvie\u010dia \u012f savo gyvenim\u0105 pa\u017evelgti i\u0161 \u0161alies, tapti jo vertintoju ir, pagaliau, ry\u017etis seniai laukusiems poky\u010diams. Kamila Golod&nbsp;\u2013 ICF kou\u010dingo specialist\u0117, emocin\u0117s sveikatos konsultant\u0117, \u201eGer\u0173 emocij\u0173 nam\u0173&#8221; \u012fk\u016br\u0117ja ir knygos&nbsp;\u201eDr\u0105sa b\u016bti savimi&#8221;&nbsp;autor\u0117. Konsultuodama Kamila padeda \u017emon\u0117ms geriau pa\u017einti save, pamatyti \u012fvairias gyvenimo alternatyvas, atrasti savyje stiprybi\u0173 bei suteikia galimyb\u0119 b\u016bti i\u0161girstiems saugioje ir jaukioje aplinkoje. Daiva \u017dukauskien\u0117&nbsp;\u2013 sertifikuota ge\u0161talto terapeut\u0117, psichikos sveikatos specialist\u0117, pedagog\u0117. Veda grupin\u0117s ge\u0161talto terapijos grupes, u\u017esiima individualia ge\u0161talto praktika, domisi biblioterapijos galimyb\u0117mis. Dirba su jaunesnio mokyklinio am\u017eiaus vaikais, ugdo j\u0173 emocin\u012f intelekt\u0105, taip pat skaito paskaitas visuomen\u0117s sveikatinimo temomis. Autorius:&nbsp;Kamila Golod,&nbsp;Daiva \u017dukauskien\u0117 Leid\u0117jas:&nbsp;Didakta Metai:&nbsp;2019 Puslapiai:&nbsp;176 ISBN:&nbsp;9786094421372 Versijos kodas:&nbsp;12 Formatas:&nbsp;12,5 x 21 x 2 cm, kieti vir\u0161eliai Kalba:&nbsp;Lietuvi\u0173<\/p>\n","protected":false},"featured_media":13242,"comment_status":"closed","ping_status":"closed","template":"","meta":{"_acf_changed":false,"site-sidebar-layout":"default","site-content-layout":"","ast-site-content-layout":"default","site-content-style":"default","site-sidebar-style":"default","ast-global-header-display":"","ast-banner-title-visibility":"","ast-main-header-display":"","ast-hfb-above-header-display":"","ast-hfb-below-header-display":"","ast-hfb-mobile-header-display":"","site-post-title":"","ast-breadcrumbs-content":"","ast-featured-img":"","footer-sml-layout":"","ast-disable-related-posts":"","theme-transparent-header-meta":"default","adv-header-id-meta":"","stick-header-meta":"","header-above-stick-meta":"","header-main-stick-meta":"","header-below-stick-meta":"","astra-migrate-meta-layouts":"set","ast-page-background-enabled":"default","ast-page-background-meta":{"desktop":{"background-color":"","background-image":"","background-repeat":"repeat","background-position":"center center","background-size":"auto","background-attachment":"scroll","background-type":"","background-media":"","overlay-type":"","overlay-color":"","overlay-opacity":"","overlay-gradient":""},"tablet":{"background-color":"","background-image":"","background-repeat":"repeat","background-position":"center center","background-size":"auto","background-attachment":"scroll","background-type":"","background-media":"","overlay-type":"","overlay-color":"","overlay-opacity":"","overlay-gradient":""},"mobile":{"background-color":"","background-image":"","background-repeat":"repeat","background-position":"center center","background-size":"auto","background-attachment":"scroll","background-type":"","background-media":"","overlay-type":"","overlay-color":"","overlay-opacity":"","overlay-gradient":""}},"ast-content-background-meta":{"desktop":{"background-color":"var(--ast-global-color-4)","background-image":"","background-repeat":"repeat","background-position":"center center","background-size":"auto","background-attachment":"scroll","background-type":"","background-media":"","overlay-type":"","overlay-color":"","overlay-opacity":"","overlay-gradient":""},"tablet":{"background-color":"var(--ast-global-color-4)","background-image":"","background-repeat":"repeat","background-position":"center center","background-size":"auto","background-attachment":"scroll","background-type":"","background-media":"","overlay-type":"","overlay-color":"","overlay-opacity":"","overlay-gradient":""},"mobile":{"background-color":"var(--ast-global-color-4)","background-image":"","background-repeat":"repeat","background-position":"center center","background-size":"auto","background-attachment":"scroll","background-type":"","background-media":"","overlay-type":"","overlay-color":"","overlay-opacity":"","overlay-gradient":""}}},"product_brand":[],"product_cat":[30],"product_tag":[],"class_list":{"0":"post-13241","1":"product","2":"type-product","3":"status-publish","4":"has-post-thumbnail","6":"product_cat-psichologija-ir-saviugda","7":"desktop-align-left","8":"tablet-align-left","9":"mobile-align-left","11":"first","12":"instock","13":"shipping-taxable","14":"purchasable","15":"product-type-simple"},"acf":[],"yoast_head":"<!-- This site is optimized with the Yoast SEO plugin v27.0 - https:\/\/yoast.com\/product\/yoast-seo-wordpress\/ -->\n<title>Skolinta iliuzija<\/title>\n<meta name=\"description\" content=\"\u201eSkolinta iliuzija&quot;\u00a0\u2013 tai knyga, paremta tikra patirtimi, su kuria autor\u0117s susiduria tiek asmeniniame gyvenime, tiek konsultacij\u0173 bei psichoterapij\u0173 metu.\" \/>\n<meta name=\"robots\" content=\"index, follow, max-snippet:-1, max-image-preview:large, max-video-preview:-1\" \/>\n<link rel=\"canonical\" href=\"https:\/\/skaitytaknyga.lt\/en\/produktas\/kamila-golod-daiva-zukauskiene-skolinta-iliuzija\/\" \/>\n<meta property=\"og:locale\" content=\"en_GB\" \/>\n<meta property=\"og:locale:alternate\" content=\"lt_LT\" \/>\n<meta property=\"og:type\" content=\"article\" \/>\n<meta property=\"og:title\" content=\"Skolinta iliuzija\" \/>\n<meta property=\"og:description\" content=\"\u201eSkolinta iliuzija&quot;\u00a0\u2013 tai knyga, paremta tikra patirtimi, su kuria autor\u0117s susiduria tiek asmeniniame gyvenime, tiek konsultacij\u0173 bei psichoterapij\u0173 metu.\" \/>\n<meta property=\"og:url\" content=\"https:\/\/skaitytaknyga.lt\/en\/produktas\/kamila-golod-daiva-zukauskiene-skolinta-iliuzija\/\" \/>\n<meta property=\"og:site_name\" content=\"Skaitytaknyga\" \/>\n<meta property=\"article:publisher\" content=\"https:\/\/www.facebook.com\/skaitytaknyga\/\" \/>\n<meta property=\"article:modified_time\" content=\"2025-11-07T18:39:41+00:00\" \/>\n<meta property=\"og:image\" content=\"https:\/\/skaitytaknyga.lt\/wp-content\/uploads\/2024\/07\/1548927444_skolinta_iliuzija.webp\" \/>\n\t<meta property=\"og:image:width\" content=\"360\" \/>\n\t<meta property=\"og:image:height\" content=\"600\" \/>\n\t<meta property=\"og:image:type\" content=\"image\/webp\" \/>\n<meta name=\"twitter:card\" content=\"summary_large_image\" \/>\n<meta name=\"twitter:label1\" content=\"Estimated reading time\" \/>\n\t<meta name=\"twitter:data1\" content=\"2 minutes\" \/>\n<script type=\"application\/ld+json\" class=\"yoast-schema-graph\">{\"@context\":\"https:\/\/schema.org\",\"@graph\":[{\"@type\":\"WebPage\",\"@id\":\"https:\/\/skaitytaknyga.lt\/produktas\/kamila-golod-daiva-zukauskiene-skolinta-iliuzija\/\",\"url\":\"https:\/\/skaitytaknyga.lt\/produktas\/kamila-golod-daiva-zukauskiene-skolinta-iliuzija\/\",\"name\":\"Skolinta iliuzija\",\"isPartOf\":{\"@id\":\"https:\/\/skaitytaknyga.lt\/#website\"},\"primaryImageOfPage\":{\"@id\":\"https:\/\/skaitytaknyga.lt\/produktas\/kamila-golod-daiva-zukauskiene-skolinta-iliuzija\/#primaryimage\"},\"image\":{\"@id\":\"https:\/\/skaitytaknyga.lt\/produktas\/kamila-golod-daiva-zukauskiene-skolinta-iliuzija\/#primaryimage\"},\"thumbnailUrl\":\"https:\/\/skaitytaknyga.lt\/wp-content\/uploads\/2024\/07\/1548927444_skolinta_iliuzija.webp\",\"datePublished\":\"2024-07-19T16:24:29+00:00\",\"dateModified\":\"2025-11-07T18:39:41+00:00\",\"description\":\"\u201eSkolinta iliuzija\\\"\u00a0\u2013 tai knyga, paremta tikra patirtimi, su kuria autor\u0117s susiduria tiek asmeniniame gyvenime, tiek konsultacij\u0173 bei psichoterapij\u0173 metu.\",\"breadcrumb\":{\"@id\":\"https:\/\/skaitytaknyga.lt\/produktas\/kamila-golod-daiva-zukauskiene-skolinta-iliuzija\/#breadcrumb\"},\"inLanguage\":\"en-GB\",\"potentialAction\":[{\"@type\":\"ReadAction\",\"target\":[\"https:\/\/skaitytaknyga.lt\/produktas\/kamila-golod-daiva-zukauskiene-skolinta-iliuzija\/\"]}]},{\"@type\":\"ImageObject\",\"inLanguage\":\"en-GB\",\"@id\":\"https:\/\/skaitytaknyga.lt\/produktas\/kamila-golod-daiva-zukauskiene-skolinta-iliuzija\/#primaryimage\",\"url\":\"https:\/\/skaitytaknyga.lt\/wp-content\/uploads\/2024\/07\/1548927444_skolinta_iliuzija.webp\",\"contentUrl\":\"https:\/\/skaitytaknyga.lt\/wp-content\/uploads\/2024\/07\/1548927444_skolinta_iliuzija.webp\",\"width\":360,\"height\":600,\"caption\":\"Skolinta iliuzija\"},{\"@type\":\"BreadcrumbList\",\"@id\":\"https:\/\/skaitytaknyga.lt\/produktas\/kamila-golod-daiva-zukauskiene-skolinta-iliuzija\/#breadcrumb\",\"itemListElement\":[{\"@type\":\"ListItem\",\"position\":1,\"name\":\"Home\",\"item\":\"https:\/\/skaitytaknyga.lt\/\"},{\"@type\":\"ListItem\",\"position\":2,\"name\":\"Parduotuv\u0117\",\"item\":\"https:\/\/skaitytaknyga.lt\/knygu-parduotuve\/\"},{\"@type\":\"ListItem\",\"position\":3,\"name\":\"Skolinta iliuzija\"}]},{\"@type\":\"WebSite\",\"@id\":\"https:\/\/skaitytaknyga.lt\/#website\",\"url\":\"https:\/\/skaitytaknyga.lt\/\",\"name\":\"skaitytaknyga.lt\",\"description\":\"Skaitytaknyga.lt \u2013 tai ma\u017eas \u0161eimos verslas, kuris prasid\u0117jo nuo meil\u0117s knygoms ir siekio i\u0161gelb\u0117ti knygas nuo likimo prie konteinerio. Kas vienam nereikalingas daiktas \u2013 kitam lobis, o mes esame tarpininkai, kurie padeda abiems tapti laimingesniems ???? \u017dinome kaip nelengva i\u0161gyventi ma\u017eiems verslams, tad nuo \u0161iol, \u010dia rasite ir kit\u0173, ma\u017e\u0173 \u0161eim\u0173 versl\u0173, rank\u0173 darbo, dovan\u0173 sau ir artimiesiems.\",\"publisher\":{\"@id\":\"https:\/\/skaitytaknyga.lt\/#organization\"},\"potentialAction\":[{\"@type\":\"SearchAction\",\"target\":{\"@type\":\"EntryPoint\",\"urlTemplate\":\"https:\/\/skaitytaknyga.lt\/?s={search_term_string}\"},\"query-input\":{\"@type\":\"PropertyValueSpecification\",\"valueRequired\":true,\"valueName\":\"search_term_string\"}}],\"inLanguage\":\"en-GB\"},{\"@type\":\"Organization\",\"@id\":\"https:\/\/skaitytaknyga.lt\/#organization\",\"name\":\"skaitytaknyga.lt\",\"url\":\"https:\/\/skaitytaknyga.lt\/\",\"logo\":{\"@type\":\"ImageObject\",\"inLanguage\":\"en-GB\",\"@id\":\"https:\/\/skaitytaknyga.lt\/#\/schema\/logo\/image\/\",\"url\":\"https:\/\/skaitytaknyga.lt\/wp-content\/uploads\/2024\/05\/cropped-cropped-cropped-02_00843_jt3bggkj1j3HLc7SyY6rEUpg.jpeg\",\"contentUrl\":\"https:\/\/skaitytaknyga.lt\/wp-content\/uploads\/2024\/05\/cropped-cropped-cropped-02_00843_jt3bggkj1j3HLc7SyY6rEUpg.jpeg\",\"width\":1600,\"height\":1600,\"caption\":\"skaitytaknyga.lt\"},\"image\":{\"@id\":\"https:\/\/skaitytaknyga.lt\/#\/schema\/logo\/image\/\"},\"sameAs\":[\"https:\/\/www.facebook.com\/skaitytaknyga\/\"]}]}<\/script>\n<!-- \/ Yoast SEO plugin. -->","yoast_head_json":{"title":"Skolinta iliuzija","description":"\u201eSkolinta iliuzija\"\u00a0\u2013 tai knyga, paremta tikra patirtimi, su kuria autor\u0117s susiduria tiek asmeniniame gyvenime, tiek konsultacij\u0173 bei psichoterapij\u0173 metu.","robots":{"index":"index","follow":"follow","max-snippet":"max-snippet:-1","max-image-preview":"max-image-preview:large","max-video-preview":"max-video-preview:-1"},"canonical":"https:\/\/skaitytaknyga.lt\/en\/produktas\/kamila-golod-daiva-zukauskiene-skolinta-iliuzija\/","og_locale":"en_GB","og_type":"article","og_title":"[:lt]Skolinta iliuzija[:] -","og_description":"\u201eSkolinta iliuzija\"\u00a0\u2013 tai knyga, paremta tikra patirtimi, su kuria autor\u0117s susiduria tiek asmeniniame gyvenime, tiek konsultacij\u0173 bei psichoterapij\u0173 metu.","og_url":"https:\/\/skaitytaknyga.lt\/en\/produktas\/kamila-golod-daiva-zukauskiene-skolinta-iliuzija\/","og_site_name":"Skaitytaknyga","article_publisher":"https:\/\/www.facebook.com\/skaitytaknyga\/","article_modified_time":"2025-11-07T18:39:41+00:00","og_image":[{"width":360,"height":600,"url":"https:\/\/skaitytaknyga.lt\/wp-content\/uploads\/2024\/07\/1548927444_skolinta_iliuzija.webp","type":"image\/webp"}],"twitter_card":"summary_large_image","twitter_misc":{"Estimated reading time":"2 minutes"},"schema":{"@context":"https:\/\/schema.org","@graph":[{"@type":"WebPage","@id":"https:\/\/skaitytaknyga.lt\/produktas\/kamila-golod-daiva-zukauskiene-skolinta-iliuzija\/","url":"https:\/\/skaitytaknyga.lt\/produktas\/kamila-golod-daiva-zukauskiene-skolinta-iliuzija\/","name":"Skolinta iliuzija","isPartOf":{"@id":"https:\/\/skaitytaknyga.lt\/#website"},"primaryImageOfPage":{"@id":"https:\/\/skaitytaknyga.lt\/produktas\/kamila-golod-daiva-zukauskiene-skolinta-iliuzija\/#primaryimage"},"image":{"@id":"https:\/\/skaitytaknyga.lt\/produktas\/kamila-golod-daiva-zukauskiene-skolinta-iliuzija\/#primaryimage"},"thumbnailUrl":"https:\/\/skaitytaknyga.lt\/wp-content\/uploads\/2024\/07\/1548927444_skolinta_iliuzija.webp","datePublished":"2024-07-19T16:24:29+00:00","dateModified":"2025-11-07T18:39:41+00:00","description":"\u201eSkolinta iliuzija\"\u00a0\u2013 tai knyga, paremta tikra patirtimi, su kuria autor\u0117s susiduria tiek asmeniniame gyvenime, tiek konsultacij\u0173 bei psichoterapij\u0173 metu.","breadcrumb":{"@id":"https:\/\/skaitytaknyga.lt\/produktas\/kamila-golod-daiva-zukauskiene-skolinta-iliuzija\/#breadcrumb"},"inLanguage":"en-GB","potentialAction":[{"@type":"ReadAction","target":["https:\/\/skaitytaknyga.lt\/produktas\/kamila-golod-daiva-zukauskiene-skolinta-iliuzija\/"]}]},{"@type":"ImageObject","inLanguage":"en-GB","@id":"https:\/\/skaitytaknyga.lt\/produktas\/kamila-golod-daiva-zukauskiene-skolinta-iliuzija\/#primaryimage","url":"https:\/\/skaitytaknyga.lt\/wp-content\/uploads\/2024\/07\/1548927444_skolinta_iliuzija.webp","contentUrl":"https:\/\/skaitytaknyga.lt\/wp-content\/uploads\/2024\/07\/1548927444_skolinta_iliuzija.webp","width":360,"height":600,"caption":"Skolinta iliuzija"},{"@type":"BreadcrumbList","@id":"https:\/\/skaitytaknyga.lt\/produktas\/kamila-golod-daiva-zukauskiene-skolinta-iliuzija\/#breadcrumb","itemListElement":[{"@type":"ListItem","position":1,"name":"Home","item":"https:\/\/skaitytaknyga.lt\/"},{"@type":"ListItem","position":2,"name":"Parduotuv\u0117","item":"https:\/\/skaitytaknyga.lt\/knygu-parduotuve\/"},{"@type":"ListItem","position":3,"name":"Skolinta iliuzija"}]},{"@type":"WebSite","@id":"https:\/\/skaitytaknyga.lt\/#website","url":"https:\/\/skaitytaknyga.lt\/","name":"skaitytaknyga.lt","description":"Skaitytaknyga.lt \u2013 tai ma\u017eas \u0161eimos verslas, kuris prasid\u0117jo nuo meil\u0117s knygoms ir siekio i\u0161gelb\u0117ti knygas nuo likimo prie konteinerio. Kas vienam nereikalingas daiktas \u2013 kitam lobis, o mes esame tarpininkai, kurie padeda abiems tapti laimingesniems ???? \u017dinome kaip nelengva i\u0161gyventi ma\u017eiems verslams, tad nuo \u0161iol, \u010dia rasite ir kit\u0173, ma\u017e\u0173 \u0161eim\u0173 versl\u0173, rank\u0173 darbo, dovan\u0173 sau ir artimiesiems.","publisher":{"@id":"https:\/\/skaitytaknyga.lt\/#organization"},"potentialAction":[{"@type":"SearchAction","target":{"@type":"EntryPoint","urlTemplate":"https:\/\/skaitytaknyga.lt\/?s={search_term_string}"},"query-input":{"@type":"PropertyValueSpecification","valueRequired":true,"valueName":"search_term_string"}}],"inLanguage":"en-GB"},{"@type":"Organization","@id":"https:\/\/skaitytaknyga.lt\/#organization","name":"skaitytaknyga.lt","url":"https:\/\/skaitytaknyga.lt\/","logo":{"@type":"ImageObject","inLanguage":"en-GB","@id":"https:\/\/skaitytaknyga.lt\/#\/schema\/logo\/image\/","url":"https:\/\/skaitytaknyga.lt\/wp-content\/uploads\/2024\/05\/cropped-cropped-cropped-02_00843_jt3bggkj1j3HLc7SyY6rEUpg.jpeg","contentUrl":"https:\/\/skaitytaknyga.lt\/wp-content\/uploads\/2024\/05\/cropped-cropped-cropped-02_00843_jt3bggkj1j3HLc7SyY6rEUpg.jpeg","width":1600,"height":1600,"caption":"skaitytaknyga.lt"},"image":{"@id":"https:\/\/skaitytaknyga.lt\/#\/schema\/logo\/image\/"},"sameAs":["https:\/\/www.facebook.com\/skaitytaknyga\/"]}]}},"_links":{"self":[{"href":"https:\/\/skaitytaknyga.lt\/en\/wp-json\/wp\/v2\/product\/13241","targetHints":{"allow":["GET"]}}],"collection":[{"href":"https:\/\/skaitytaknyga.lt\/en\/wp-json\/wp\/v2\/product"}],"about":[{"href":"https:\/\/skaitytaknyga.lt\/en\/wp-json\/wp\/v2\/types\/product"}],"replies":[{"embeddable":true,"href":"https:\/\/skaitytaknyga.lt\/en\/wp-json\/wp\/v2\/comments?post=13241"}],"wp:featuredmedia":[{"embeddable":true,"href":"https:\/\/skaitytaknyga.lt\/en\/wp-json\/wp\/v2\/media\/13242"}],"wp:attachment":[{"href":"https:\/\/skaitytaknyga.lt\/en\/wp-json\/wp\/v2\/media?parent=13241"}],"wp:term":[{"taxonomy":"product_brand","embeddable":true,"href":"https:\/\/skaitytaknyga.lt\/en\/wp-json\/wp\/v2\/product_brand?post=13241"},{"taxonomy":"product_cat","embeddable":true,"href":"https:\/\/skaitytaknyga.lt\/en\/wp-json\/wp\/v2\/product_cat?post=13241"},{"taxonomy":"product_tag","embeddable":true,"href":"https:\/\/skaitytaknyga.lt\/en\/wp-json\/wp\/v2\/product_tag?post=13241"}],"curies":[{"name":"wp","href":"https:\/\/api.w.org\/{rel}","templated":true}]}}