{"id":13237,"date":"2024-07-19T19:15:10","date_gmt":"2024-07-19T16:15:10","guid":{"rendered":"https:\/\/skaitytaknyga.lt\/?post_type=product&#038;p=13237"},"modified":"2024-07-19T19:19:12","modified_gmt":"2024-07-19T16:19:12","slug":"romualdas-petraitis-religijotyros-zodynas","status":"publish","type":"product","link":"https:\/\/skaitytaknyga.lt\/en\/produktas\/romualdas-petraitis-religijotyros-zodynas\/","title":{"rendered":"Romualdas Petraitis \u201eReligijotyros \u017eodynas\u201c (yra d\u0117meli\u0173 knygos apa\u010dioje)"},"content":{"rendered":"<p>\u017dodyne apra\u0161yta arti 3000 religijotyros termin\u0173, s\u0105vok\u0173, personalij\u0173.<\/p>\n<p>Pagrindin\u0119 jo dal\u012f sudaro istorin\u0117s \u012fvairi\u0173 religij\u0173 kryp\u010di\u0173, sekt\u0173 ap\u017evalgos, apra\u0161oma kanonin\u0117 religij\u0173 literat\u016bra, ai\u0161kinami religinio gyvenimo praktikos terminai, supa\u017eindinama su religin\u0117s filosofijos srov\u0117mis ir j\u0173 atstov\u0173 koncepcijomis.<\/p>\n<p>Daugiausia d\u0117mesio skiriama krik\u0161\u010dioni\u0161kojo tik\u0117jimo terminams ir realijoms.<\/p>\n<p>\u017dodyne trumpai, bet informatyviai apra\u0161yti pagrindiniai senojo pasaulio taut\u0173 mitologijos persona\u017eai, ypa\u010d i\u0161samiai aptarta senov\u0117s lietuvi\u0173 ir apskritai balt\u0173 mitologija.<\/p>\n<p>\u012e \u017eodyn\u0105 \u012ftraukta ir toki\u0173 termin\u0173, kuriuos galima b\u016bt\u0173 pavadinti parareligijotyriniais.<\/p>\n<ul class=\"about-product d-none d-xl-block mt-4\">\n<li><strong>Autorius:<\/strong>\u00a0Romualdas Petraitis<\/li>\n<li><strong>Leid\u0117jas:<\/strong>\u00a0Mintis<\/li>\n<li><strong>Metai:<\/strong>\u00a01991<\/li>\n<li><strong>Puslapiai:<\/strong>\u00a0410<\/li>\n<li><strong>ISBN:<\/strong>\u00a05417001635<\/li>\n<li><strong>Formatas:<\/strong>\u00a014 x 22 cm, kieti vir\u0161eliai<\/li>\n<li><strong>Kalba:<\/strong>\u00a0Lietuvi\u0173<\/li>\n<\/ul>\n","protected":false},"excerpt":{"rendered":"<p>\u017dodyne apra\u0161yta arti 3000 religijotyros termin\u0173, s\u0105vok\u0173, personalij\u0173. Pagrindin\u0119 jo dal\u012f sudaro istorin\u0117s \u012fvairi\u0173 religij\u0173 kryp\u010di\u0173, sekt\u0173 ap\u017evalgos, apra\u0161oma kanonin\u0117 religij\u0173 literat\u016bra, ai\u0161kinami religinio gyvenimo praktikos terminai, supa\u017eindinama su religin\u0117s filosofijos srov\u0117mis ir j\u0173 atstov\u0173 koncepcijomis. Daugiausia d\u0117mesio skiriama krik\u0161\u010dioni\u0161kojo tik\u0117jimo terminams ir realijoms. \u017dodyne trumpai, bet informatyviai apra\u0161yti pagrindiniai senojo pasaulio taut\u0173 mitologijos persona\u017eai, ypa\u010d i\u0161samiai aptarta senov\u0117s lietuvi\u0173 ir apskritai balt\u0173 mitologija. \u012e \u017eodyn\u0105 \u012ftraukta ir toki\u0173 termin\u0173, kuriuos galima b\u016bt\u0173 pavadinti parareligijotyriniais. Autorius:\u00a0Romualdas Petraitis Leid\u0117jas:\u00a0Mintis Metai:\u00a01991 Puslapiai:\u00a0410 ISBN:\u00a05417001635 Formatas:\u00a014 x 22 cm, kieti vir\u0161eliai Kalba:\u00a0Lietuvi\u0173<\/p>\n","protected":false},"featured_media":13238,"comment_status":"closed","ping_status":"closed","template":"","meta":{"_acf_changed":false,"site-sidebar-layout":"default","site-content-layout":"","ast-site-content-layout":"default","site-content-style":"default","site-sidebar-style":"default","ast-global-header-display":"","ast-banner-title-visibility":"","ast-main-header-display":"","ast-hfb-above-header-display":"","ast-hfb-below-header-display":"","ast-hfb-mobile-header-display":"","site-post-title":"","ast-breadcrumbs-content":"","ast-featured-img":"","footer-sml-layout":"","ast-disable-related-posts":"","theme-transparent-header-meta":"default","adv-header-id-meta":"","stick-header-meta":"","header-above-stick-meta":"","header-main-stick-meta":"","header-below-stick-meta":"","astra-migrate-meta-layouts":"set","ast-page-background-enabled":"default","ast-page-background-meta":{"desktop":{"background-color":"","background-image":"","background-repeat":"repeat","background-position":"center center","background-size":"auto","background-attachment":"scroll","background-type":"","background-media":"","overlay-type":"","overlay-color":"","overlay-opacity":"","overlay-gradient":""},"tablet":{"background-color":"","background-image":"","background-repeat":"repeat","background-position":"center center","background-size":"auto","background-attachment":"scroll","background-type":"","background-media":"","overlay-type":"","overlay-color":"","overlay-opacity":"","overlay-gradient":""},"mobile":{"background-color":"","background-image":"","background-repeat":"repeat","background-position":"center center","background-size":"auto","background-attachment":"scroll","background-type":"","background-media":"","overlay-type":"","overlay-color":"","overlay-opacity":"","overlay-gradient":""}},"ast-content-background-meta":{"desktop":{"background-color":"var(--ast-global-color-4)","background-image":"","background-repeat":"repeat","background-position":"center center","background-size":"auto","background-attachment":"scroll","background-type":"","background-media":"","overlay-type":"","overlay-color":"","overlay-opacity":"","overlay-gradient":""},"tablet":{"background-color":"var(--ast-global-color-4)","background-image":"","background-repeat":"repeat","background-position":"center center","background-size":"auto","background-attachment":"scroll","background-type":"","background-media":"","overlay-type":"","overlay-color":"","overlay-opacity":"","overlay-gradient":""},"mobile":{"background-color":"var(--ast-global-color-4)","background-image":"","background-repeat":"repeat","background-position":"center center","background-size":"auto","background-attachment":"scroll","background-type":"","background-media":"","overlay-type":"","overlay-color":"","overlay-opacity":"","overlay-gradient":""}}},"product_brand":[],"product_cat":[165],"product_tag":[],"class_list":{"0":"post-13237","1":"product","2":"type-product","3":"status-publish","4":"has-post-thumbnail","6":"product_cat-religija-filosofija-ir-ezoterika","7":"desktop-align-left","8":"tablet-align-left","9":"mobile-align-left","11":"first","12":"instock","13":"sold-individually","14":"shipping-taxable","15":"purchasable","16":"product-type-simple"},"acf":[],"yoast_head":"<!-- This site is optimized with the Yoast SEO plugin v27.0 - https:\/\/yoast.com\/product\/yoast-seo-wordpress\/ -->\n<title>Romualdas Petraitis \u201eReligijotyros \u017eodynas\u201c (yra d\u0117meli\u0173 knygos apa\u010dioje)<\/title>\n<meta name=\"description\" content=\"Pagrindin\u0119 jo dal\u012f sudaro istorin\u0117s \u012fvairi\u0173 religij\u0173 kryp\u010di\u0173, sekt\u0173 ap\u017evalgos, apra\u0161oma kanonin\u0117 religij\u0173 literat\u016bra, ai\u0161kinami religinio gyvenimo terminai\" \/>\n<meta name=\"robots\" content=\"index, follow, max-snippet:-1, max-image-preview:large, max-video-preview:-1\" \/>\n<link rel=\"canonical\" href=\"https:\/\/skaitytaknyga.lt\/en\/produktas\/romualdas-petraitis-religijotyros-zodynas\/\" \/>\n<meta property=\"og:locale\" content=\"en_GB\" \/>\n<meta property=\"og:locale:alternate\" content=\"lt_LT\" \/>\n<meta property=\"og:type\" content=\"article\" \/>\n<meta property=\"og:title\" content=\"Romualdas Petraitis \u201eReligijotyros \u017eodynas\u201c (yra d\u0117meli\u0173 knygos apa\u010dioje)\" \/>\n<meta property=\"og:description\" content=\"Pagrindin\u0119 jo dal\u012f sudaro istorin\u0117s \u012fvairi\u0173 religij\u0173 kryp\u010di\u0173, sekt\u0173 ap\u017evalgos, apra\u0161oma kanonin\u0117 religij\u0173 literat\u016bra, ai\u0161kinami religinio gyvenimo terminai\" \/>\n<meta property=\"og:url\" content=\"https:\/\/skaitytaknyga.lt\/en\/produktas\/romualdas-petraitis-religijotyros-zodynas\/\" \/>\n<meta property=\"og:site_name\" content=\"Skaitytaknyga\" \/>\n<meta property=\"article:publisher\" content=\"https:\/\/www.facebook.com\/skaitytaknyga\/\" \/>\n<meta property=\"article:modified_time\" content=\"2024-07-19T16:19:12+00:00\" \/>\n<meta property=\"og:image\" content=\"https:\/\/skaitytaknyga.lt\/wp-content\/uploads\/2024\/07\/scan-20240520.webp\" \/>\n\t<meta property=\"og:image:width\" content=\"526\" \/>\n\t<meta property=\"og:image:height\" content=\"800\" \/>\n\t<meta property=\"og:image:type\" content=\"image\/webp\" \/>\n<meta name=\"twitter:card\" content=\"summary_large_image\" \/>\n<meta name=\"twitter:label1\" content=\"Estimated reading time\" \/>\n\t<meta name=\"twitter:data1\" content=\"1 minute\" \/>\n<script type=\"application\/ld+json\" class=\"yoast-schema-graph\">{\"@context\":\"https:\/\/schema.org\",\"@graph\":[{\"@type\":\"WebPage\",\"@id\":\"https:\/\/skaitytaknyga.lt\/produktas\/romualdas-petraitis-religijotyros-zodynas\/\",\"url\":\"https:\/\/skaitytaknyga.lt\/produktas\/romualdas-petraitis-religijotyros-zodynas\/\",\"name\":\"Romualdas Petraitis \u201eReligijotyros \u017eodynas\u201c (yra d\u0117meli\u0173 knygos apa\u010dioje)\",\"isPartOf\":{\"@id\":\"https:\/\/skaitytaknyga.lt\/#website\"},\"primaryImageOfPage\":{\"@id\":\"https:\/\/skaitytaknyga.lt\/produktas\/romualdas-petraitis-religijotyros-zodynas\/#primaryimage\"},\"image\":{\"@id\":\"https:\/\/skaitytaknyga.lt\/produktas\/romualdas-petraitis-religijotyros-zodynas\/#primaryimage\"},\"thumbnailUrl\":\"https:\/\/skaitytaknyga.lt\/wp-content\/uploads\/2024\/07\/scan-20240520.webp\",\"datePublished\":\"2024-07-19T16:15:10+00:00\",\"dateModified\":\"2024-07-19T16:19:12+00:00\",\"description\":\"Pagrindin\u0119 jo dal\u012f sudaro istorin\u0117s \u012fvairi\u0173 religij\u0173 kryp\u010di\u0173, sekt\u0173 ap\u017evalgos, apra\u0161oma kanonin\u0117 religij\u0173 literat\u016bra, ai\u0161kinami religinio gyvenimo terminai\",\"breadcrumb\":{\"@id\":\"https:\/\/skaitytaknyga.lt\/produktas\/romualdas-petraitis-religijotyros-zodynas\/#breadcrumb\"},\"inLanguage\":\"en-GB\",\"potentialAction\":[{\"@type\":\"ReadAction\",\"target\":[\"https:\/\/skaitytaknyga.lt\/produktas\/romualdas-petraitis-religijotyros-zodynas\/\"]}]},{\"@type\":\"ImageObject\",\"inLanguage\":\"en-GB\",\"@id\":\"https:\/\/skaitytaknyga.lt\/produktas\/romualdas-petraitis-religijotyros-zodynas\/#primaryimage\",\"url\":\"https:\/\/skaitytaknyga.lt\/wp-content\/uploads\/2024\/07\/scan-20240520.webp\",\"contentUrl\":\"https:\/\/skaitytaknyga.lt\/wp-content\/uploads\/2024\/07\/scan-20240520.webp\",\"width\":526,\"height\":800,\"caption\":\"Religijotyros \u017eodynas\"},{\"@type\":\"BreadcrumbList\",\"@id\":\"https:\/\/skaitytaknyga.lt\/produktas\/romualdas-petraitis-religijotyros-zodynas\/#breadcrumb\",\"itemListElement\":[{\"@type\":\"ListItem\",\"position\":1,\"name\":\"Home\",\"item\":\"https:\/\/skaitytaknyga.lt\/\"},{\"@type\":\"ListItem\",\"position\":2,\"name\":\"Parduotuv\u0117\",\"item\":\"https:\/\/skaitytaknyga.lt\/knygu-parduotuve\/\"},{\"@type\":\"ListItem\",\"position\":3,\"name\":\"Romualdas Petraitis \u201eReligijotyros \u017eodynas\u201c (yra d\u0117meli\u0173 knygos apa\u010dioje)\"}]},{\"@type\":\"WebSite\",\"@id\":\"https:\/\/skaitytaknyga.lt\/#website\",\"url\":\"https:\/\/skaitytaknyga.lt\/\",\"name\":\"skaitytaknyga.lt\",\"description\":\"Skaitytaknyga.lt \u2013 tai ma\u017eas \u0161eimos verslas, kuris prasid\u0117jo nuo meil\u0117s knygoms ir siekio i\u0161gelb\u0117ti knygas nuo likimo prie konteinerio. Kas vienam nereikalingas daiktas \u2013 kitam lobis, o mes esame tarpininkai, kurie padeda abiems tapti laimingesniems ???? \u017dinome kaip nelengva i\u0161gyventi ma\u017eiems verslams, tad nuo \u0161iol, \u010dia rasite ir kit\u0173, ma\u017e\u0173 \u0161eim\u0173 versl\u0173, rank\u0173 darbo, dovan\u0173 sau ir artimiesiems.\",\"publisher\":{\"@id\":\"https:\/\/skaitytaknyga.lt\/#organization\"},\"potentialAction\":[{\"@type\":\"SearchAction\",\"target\":{\"@type\":\"EntryPoint\",\"urlTemplate\":\"https:\/\/skaitytaknyga.lt\/?s={search_term_string}\"},\"query-input\":{\"@type\":\"PropertyValueSpecification\",\"valueRequired\":true,\"valueName\":\"search_term_string\"}}],\"inLanguage\":\"en-GB\"},{\"@type\":\"Organization\",\"@id\":\"https:\/\/skaitytaknyga.lt\/#organization\",\"name\":\"skaitytaknyga.lt\",\"url\":\"https:\/\/skaitytaknyga.lt\/\",\"logo\":{\"@type\":\"ImageObject\",\"inLanguage\":\"en-GB\",\"@id\":\"https:\/\/skaitytaknyga.lt\/#\/schema\/logo\/image\/\",\"url\":\"https:\/\/skaitytaknyga.lt\/wp-content\/uploads\/2024\/05\/cropped-cropped-cropped-02_00843_jt3bggkj1j3HLc7SyY6rEUpg.jpeg\",\"contentUrl\":\"https:\/\/skaitytaknyga.lt\/wp-content\/uploads\/2024\/05\/cropped-cropped-cropped-02_00843_jt3bggkj1j3HLc7SyY6rEUpg.jpeg\",\"width\":1600,\"height\":1600,\"caption\":\"skaitytaknyga.lt\"},\"image\":{\"@id\":\"https:\/\/skaitytaknyga.lt\/#\/schema\/logo\/image\/\"},\"sameAs\":[\"https:\/\/www.facebook.com\/skaitytaknyga\/\"]}]}<\/script>\n<!-- \/ Yoast SEO plugin. -->","yoast_head_json":{"title":"Romualdas Petraitis \u201eReligijotyros \u017eodynas\u201c (yra d\u0117meli\u0173 knygos apa\u010dioje)","description":"Pagrindin\u0119 jo dal\u012f sudaro istorin\u0117s \u012fvairi\u0173 religij\u0173 kryp\u010di\u0173, sekt\u0173 ap\u017evalgos, apra\u0161oma kanonin\u0117 religij\u0173 literat\u016bra, ai\u0161kinami religinio gyvenimo terminai","robots":{"index":"index","follow":"follow","max-snippet":"max-snippet:-1","max-image-preview":"max-image-preview:large","max-video-preview":"max-video-preview:-1"},"canonical":"https:\/\/skaitytaknyga.lt\/en\/produktas\/romualdas-petraitis-religijotyros-zodynas\/","og_locale":"en_GB","og_type":"article","og_title":"[:lt]Romualdas Petraitis \u201eReligijotyros \u017eodynas\u201c (yra d\u0117meli\u0173 knygos apa\u010dioje)[:] - Skaitytaknyga","og_description":"Pagrindin\u0119 jo dal\u012f sudaro istorin\u0117s \u012fvairi\u0173 religij\u0173 kryp\u010di\u0173, sekt\u0173 ap\u017evalgos, apra\u0161oma kanonin\u0117 religij\u0173 literat\u016bra, ai\u0161kinami religinio gyvenimo terminai","og_url":"https:\/\/skaitytaknyga.lt\/en\/produktas\/romualdas-petraitis-religijotyros-zodynas\/","og_site_name":"Skaitytaknyga","article_publisher":"https:\/\/www.facebook.com\/skaitytaknyga\/","article_modified_time":"2024-07-19T16:19:12+00:00","og_image":[{"width":526,"height":800,"url":"https:\/\/skaitytaknyga.lt\/wp-content\/uploads\/2024\/07\/scan-20240520.webp","type":"image\/webp"}],"twitter_card":"summary_large_image","twitter_misc":{"Estimated reading time":"1 minute"},"schema":{"@context":"https:\/\/schema.org","@graph":[{"@type":"WebPage","@id":"https:\/\/skaitytaknyga.lt\/produktas\/romualdas-petraitis-religijotyros-zodynas\/","url":"https:\/\/skaitytaknyga.lt\/produktas\/romualdas-petraitis-religijotyros-zodynas\/","name":"Romualdas Petraitis \u201eReligijotyros \u017eodynas\u201c (yra d\u0117meli\u0173 knygos apa\u010dioje)","isPartOf":{"@id":"https:\/\/skaitytaknyga.lt\/#website"},"primaryImageOfPage":{"@id":"https:\/\/skaitytaknyga.lt\/produktas\/romualdas-petraitis-religijotyros-zodynas\/#primaryimage"},"image":{"@id":"https:\/\/skaitytaknyga.lt\/produktas\/romualdas-petraitis-religijotyros-zodynas\/#primaryimage"},"thumbnailUrl":"https:\/\/skaitytaknyga.lt\/wp-content\/uploads\/2024\/07\/scan-20240520.webp","datePublished":"2024-07-19T16:15:10+00:00","dateModified":"2024-07-19T16:19:12+00:00","description":"Pagrindin\u0119 jo dal\u012f sudaro istorin\u0117s \u012fvairi\u0173 religij\u0173 kryp\u010di\u0173, sekt\u0173 ap\u017evalgos, apra\u0161oma kanonin\u0117 religij\u0173 literat\u016bra, ai\u0161kinami religinio gyvenimo terminai","breadcrumb":{"@id":"https:\/\/skaitytaknyga.lt\/produktas\/romualdas-petraitis-religijotyros-zodynas\/#breadcrumb"},"inLanguage":"en-GB","potentialAction":[{"@type":"ReadAction","target":["https:\/\/skaitytaknyga.lt\/produktas\/romualdas-petraitis-religijotyros-zodynas\/"]}]},{"@type":"ImageObject","inLanguage":"en-GB","@id":"https:\/\/skaitytaknyga.lt\/produktas\/romualdas-petraitis-religijotyros-zodynas\/#primaryimage","url":"https:\/\/skaitytaknyga.lt\/wp-content\/uploads\/2024\/07\/scan-20240520.webp","contentUrl":"https:\/\/skaitytaknyga.lt\/wp-content\/uploads\/2024\/07\/scan-20240520.webp","width":526,"height":800,"caption":"Religijotyros \u017eodynas"},{"@type":"BreadcrumbList","@id":"https:\/\/skaitytaknyga.lt\/produktas\/romualdas-petraitis-religijotyros-zodynas\/#breadcrumb","itemListElement":[{"@type":"ListItem","position":1,"name":"Home","item":"https:\/\/skaitytaknyga.lt\/"},{"@type":"ListItem","position":2,"name":"Parduotuv\u0117","item":"https:\/\/skaitytaknyga.lt\/knygu-parduotuve\/"},{"@type":"ListItem","position":3,"name":"Romualdas Petraitis \u201eReligijotyros \u017eodynas\u201c (yra d\u0117meli\u0173 knygos apa\u010dioje)"}]},{"@type":"WebSite","@id":"https:\/\/skaitytaknyga.lt\/#website","url":"https:\/\/skaitytaknyga.lt\/","name":"skaitytaknyga.lt","description":"Skaitytaknyga.lt \u2013 tai ma\u017eas \u0161eimos verslas, kuris prasid\u0117jo nuo meil\u0117s knygoms ir siekio i\u0161gelb\u0117ti knygas nuo likimo prie konteinerio. Kas vienam nereikalingas daiktas \u2013 kitam lobis, o mes esame tarpininkai, kurie padeda abiems tapti laimingesniems ???? \u017dinome kaip nelengva i\u0161gyventi ma\u017eiems verslams, tad nuo \u0161iol, \u010dia rasite ir kit\u0173, ma\u017e\u0173 \u0161eim\u0173 versl\u0173, rank\u0173 darbo, dovan\u0173 sau ir artimiesiems.","publisher":{"@id":"https:\/\/skaitytaknyga.lt\/#organization"},"potentialAction":[{"@type":"SearchAction","target":{"@type":"EntryPoint","urlTemplate":"https:\/\/skaitytaknyga.lt\/?s={search_term_string}"},"query-input":{"@type":"PropertyValueSpecification","valueRequired":true,"valueName":"search_term_string"}}],"inLanguage":"en-GB"},{"@type":"Organization","@id":"https:\/\/skaitytaknyga.lt\/#organization","name":"skaitytaknyga.lt","url":"https:\/\/skaitytaknyga.lt\/","logo":{"@type":"ImageObject","inLanguage":"en-GB","@id":"https:\/\/skaitytaknyga.lt\/#\/schema\/logo\/image\/","url":"https:\/\/skaitytaknyga.lt\/wp-content\/uploads\/2024\/05\/cropped-cropped-cropped-02_00843_jt3bggkj1j3HLc7SyY6rEUpg.jpeg","contentUrl":"https:\/\/skaitytaknyga.lt\/wp-content\/uploads\/2024\/05\/cropped-cropped-cropped-02_00843_jt3bggkj1j3HLc7SyY6rEUpg.jpeg","width":1600,"height":1600,"caption":"skaitytaknyga.lt"},"image":{"@id":"https:\/\/skaitytaknyga.lt\/#\/schema\/logo\/image\/"},"sameAs":["https:\/\/www.facebook.com\/skaitytaknyga\/"]}]}},"_links":{"self":[{"href":"https:\/\/skaitytaknyga.lt\/en\/wp-json\/wp\/v2\/product\/13237","targetHints":{"allow":["GET"]}}],"collection":[{"href":"https:\/\/skaitytaknyga.lt\/en\/wp-json\/wp\/v2\/product"}],"about":[{"href":"https:\/\/skaitytaknyga.lt\/en\/wp-json\/wp\/v2\/types\/product"}],"replies":[{"embeddable":true,"href":"https:\/\/skaitytaknyga.lt\/en\/wp-json\/wp\/v2\/comments?post=13237"}],"wp:featuredmedia":[{"embeddable":true,"href":"https:\/\/skaitytaknyga.lt\/en\/wp-json\/wp\/v2\/media\/13238"}],"wp:attachment":[{"href":"https:\/\/skaitytaknyga.lt\/en\/wp-json\/wp\/v2\/media?parent=13237"}],"wp:term":[{"taxonomy":"product_brand","embeddable":true,"href":"https:\/\/skaitytaknyga.lt\/en\/wp-json\/wp\/v2\/product_brand?post=13237"},{"taxonomy":"product_cat","embeddable":true,"href":"https:\/\/skaitytaknyga.lt\/en\/wp-json\/wp\/v2\/product_cat?post=13237"},{"taxonomy":"product_tag","embeddable":true,"href":"https:\/\/skaitytaknyga.lt\/en\/wp-json\/wp\/v2\/product_tag?post=13237"}],"curies":[{"name":"wp","href":"https:\/\/api.w.org\/{rel}","templated":true}]}}