{"id":13232,"date":"2024-07-19T19:02:35","date_gmt":"2024-07-19T16:02:35","guid":{"rendered":"https:\/\/skaitytaknyga.lt\/?post_type=product&#038;p=13232"},"modified":"2024-07-19T19:07:07","modified_gmt":"2024-07-19T16:07:07","slug":"ian-mcewan-amsterdamas","status":"publish","type":"product","link":"https:\/\/skaitytaknyga.lt\/en\/produktas\/ian-mcewan-amsterdamas\/","title":{"rendered":"Ian McEwan \u201eAmsterdamas\u201c"},"content":{"rendered":"<p>\u017dvarbi\u0105 \u017eiemos dien\u0105 du seni bi\u010duliai Klaivas ir Vernonas susitinka prie krematoriumo pagerbti Mol\u0117s Lein. Anks\u010diau, kol dar nebuvo \u012fkop\u0119 \u012f \u0161lov\u0117s vir\u0161\u016bn\u0119, jiedu buvo Mol\u0117s meilu\u017eiai. Dabar Klaivas &#8211; garsiausias \u0161iuolaikinis angl\u0173 kompozitorius, o Vernonas &#8211; elitinio dienra\u0161\u010dio redaktorius.<\/p>\n<p>Ugningoji ir \u017eavioji Mol\u0117 tur\u0117jo ir daugiau meilu\u017ei\u0173, tarp j\u0173 &#8211; Garmon\u012f, u\u017esienio reikal\u0173 ministr\u0105, skandalingai pagars\u0117jus\u012f de\u0161inij\u012f, besiver\u017eiant\u012f \u012f ministro pirmininko k\u0117d\u0119.<\/p>\n<p>Po Mol\u0117s laidotuvi\u0173 Klaivas ir Vernonas sudaro pakt\u0105, kurio pasekmi\u0173 n\u0117 vienas negal\u0117jo numatyti. Kiekvienas i\u0161 j\u0173 priims pra\u017e\u016bting\u0105 moralin\u012f sprendim\u0105, j\u0173 draugyst\u0117 pakibs ant plauko, o Garmoniui teks kovoti d\u0117l savo politin\u0117s karjeros.<\/p>\n<ul class=\"about-product d-none d-xl-block mt-4\">\n<li><strong>Autorius:<\/strong>\u00a0<a href=\"https:\/\/skaitytaknyga.lt\/?s=Ian+McEwan&#038;post_type=product&#038;dgwt_wcas=1\">Ian McEwan<\/a><\/li>\n<li><strong>Leid\u0117jas:<\/strong>\u00a0Tyto alba<\/li>\n<li><strong>Metai:<\/strong>\u00a02000<\/li>\n<li><strong>Puslapiai:<\/strong>\u00a0168<\/li>\n<li><strong>ISBN:<\/strong>\u00a09789986161677<\/li>\n<li><strong>Formatas:<\/strong>\u00a014,5 x 21,5 cm, mink\u0161ti vir\u0161eliai<\/li>\n<li><strong>Kalba:<\/strong>\u00a0Lietuvi\u0173<\/li>\n<\/ul>\n","protected":false},"excerpt":{"rendered":"<p>\u017dvarbi\u0105 \u017eiemos dien\u0105 du seni bi\u010duliai Klaivas ir Vernonas susitinka prie krematoriumo pagerbti Mol\u0117s Lein. Anks\u010diau, kol dar nebuvo \u012fkop\u0119 \u012f \u0161lov\u0117s vir\u0161\u016bn\u0119, jiedu buvo Mol\u0117s meilu\u017eiai. Dabar Klaivas &#8211; garsiausias \u0161iuolaikinis angl\u0173 kompozitorius, o Vernonas &#8211; elitinio dienra\u0161\u010dio redaktorius. Ugningoji ir \u017eavioji Mol\u0117 tur\u0117jo ir daugiau meilu\u017ei\u0173, tarp j\u0173 &#8211; Garmon\u012f, u\u017esienio reikal\u0173 ministr\u0105, skandalingai pagars\u0117jus\u012f de\u0161inij\u012f, besiver\u017eiant\u012f \u012f ministro pirmininko k\u0117d\u0119. Po Mol\u0117s laidotuvi\u0173 Klaivas ir Vernonas sudaro pakt\u0105, kurio pasekmi\u0173 n\u0117 vienas negal\u0117jo numatyti. Kiekvienas i\u0161 j\u0173 priims pra\u017e\u016bting\u0105 moralin\u012f sprendim\u0105, j\u0173 draugyst\u0117 pakibs ant plauko, o Garmoniui teks kovoti d\u0117l savo politin\u0117s karjeros. Autorius:\u00a0Ian McEwan Leid\u0117jas:\u00a0Tyto alba Metai:\u00a02000 Puslapiai:\u00a0168 ISBN:\u00a09789986161677 Formatas:\u00a014,5 x 21,5 cm, mink\u0161ti vir\u0161eliai Kalba:\u00a0Lietuvi\u0173<\/p>\n","protected":false},"featured_media":13233,"comment_status":"closed","ping_status":"closed","template":"","meta":{"_acf_changed":false,"site-sidebar-layout":"default","site-content-layout":"","ast-site-content-layout":"default","site-content-style":"default","site-sidebar-style":"default","ast-global-header-display":"","ast-banner-title-visibility":"","ast-main-header-display":"","ast-hfb-above-header-display":"","ast-hfb-below-header-display":"","ast-hfb-mobile-header-display":"","site-post-title":"","ast-breadcrumbs-content":"","ast-featured-img":"","footer-sml-layout":"","ast-disable-related-posts":"","theme-transparent-header-meta":"default","adv-header-id-meta":"","stick-header-meta":"","header-above-stick-meta":"","header-main-stick-meta":"","header-below-stick-meta":"","astra-migrate-meta-layouts":"set","ast-page-background-enabled":"default","ast-page-background-meta":{"desktop":{"background-color":"","background-image":"","background-repeat":"repeat","background-position":"center center","background-size":"auto","background-attachment":"scroll","background-type":"","background-media":"","overlay-type":"","overlay-color":"","overlay-opacity":"","overlay-gradient":""},"tablet":{"background-color":"","background-image":"","background-repeat":"repeat","background-position":"center center","background-size":"auto","background-attachment":"scroll","background-type":"","background-media":"","overlay-type":"","overlay-color":"","overlay-opacity":"","overlay-gradient":""},"mobile":{"background-color":"","background-image":"","background-repeat":"repeat","background-position":"center center","background-size":"auto","background-attachment":"scroll","background-type":"","background-media":"","overlay-type":"","overlay-color":"","overlay-opacity":"","overlay-gradient":""}},"ast-content-background-meta":{"desktop":{"background-color":"var(--ast-global-color-4)","background-image":"","background-repeat":"repeat","background-position":"center center","background-size":"auto","background-attachment":"scroll","background-type":"","background-media":"","overlay-type":"","overlay-color":"","overlay-opacity":"","overlay-gradient":""},"tablet":{"background-color":"var(--ast-global-color-4)","background-image":"","background-repeat":"repeat","background-position":"center center","background-size":"auto","background-attachment":"scroll","background-type":"","background-media":"","overlay-type":"","overlay-color":"","overlay-opacity":"","overlay-gradient":""},"mobile":{"background-color":"var(--ast-global-color-4)","background-image":"","background-repeat":"repeat","background-position":"center center","background-size":"auto","background-attachment":"scroll","background-type":"","background-media":"","overlay-type":"","overlay-color":"","overlay-opacity":"","overlay-gradient":""}}},"product_brand":[],"product_cat":[31],"product_tag":[],"class_list":{"0":"post-13232","1":"product","2":"type-product","3":"status-publish","4":"has-post-thumbnail","6":"product_cat-grozine-literatura","7":"desktop-align-left","8":"tablet-align-left","9":"mobile-align-left","11":"first","12":"instock","13":"shipping-taxable","14":"purchasable","15":"product-type-simple"},"acf":[],"yoast_head":"<!-- This site is optimized with the Yoast SEO plugin v27.0 - https:\/\/yoast.com\/product\/yoast-seo-wordpress\/ -->\n<title>Ian McEwan \u201eAmsterdamas\u201c<\/title>\n<meta name=\"description\" content=\"\u017dvarbi\u0105 \u017eiemos dien\u0105 du seni bi\u010duliai Klaivas ir Vernonas susitinka prie krematoriumo pagerbti Mol\u0117s Lein. Anks\u010diau, jiedu buvo Mol\u0117s meilu\u017eiai\" \/>\n<meta name=\"robots\" content=\"index, follow, max-snippet:-1, max-image-preview:large, max-video-preview:-1\" \/>\n<link rel=\"canonical\" href=\"https:\/\/skaitytaknyga.lt\/en\/produktas\/ian-mcewan-amsterdamas\/\" \/>\n<meta property=\"og:locale\" content=\"en_GB\" \/>\n<meta property=\"og:locale:alternate\" content=\"lt_LT\" \/>\n<meta property=\"og:type\" content=\"article\" \/>\n<meta property=\"og:title\" content=\"Ian McEwan \u201eAmsterdamas\u201c\" \/>\n<meta property=\"og:description\" content=\"\u017dvarbi\u0105 \u017eiemos dien\u0105 du seni bi\u010duliai Klaivas ir Vernonas susitinka prie krematoriumo pagerbti Mol\u0117s Lein. Anks\u010diau, jiedu buvo Mol\u0117s meilu\u017eiai\" \/>\n<meta property=\"og:url\" content=\"https:\/\/skaitytaknyga.lt\/en\/produktas\/ian-mcewan-amsterdamas\/\" \/>\n<meta property=\"og:site_name\" content=\"Skaitytaknyga\" \/>\n<meta property=\"article:publisher\" content=\"https:\/\/www.facebook.com\/skaitytaknyga\/\" \/>\n<meta property=\"article:modified_time\" content=\"2024-07-19T16:07:07+00:00\" \/>\n<meta property=\"og:image\" content=\"https:\/\/skaitytaknyga.lt\/wp-content\/uploads\/2024\/07\/1462878187_amst.webp\" \/>\n\t<meta property=\"og:image:width\" content=\"525\" \/>\n\t<meta property=\"og:image:height\" content=\"800\" \/>\n\t<meta property=\"og:image:type\" content=\"image\/webp\" \/>\n<meta name=\"twitter:card\" content=\"summary_large_image\" \/>\n<meta name=\"twitter:label1\" content=\"Estimated reading time\" \/>\n\t<meta name=\"twitter:data1\" content=\"1 minute\" \/>\n<script type=\"application\/ld+json\" class=\"yoast-schema-graph\">{\"@context\":\"https:\/\/schema.org\",\"@graph\":[{\"@type\":\"WebPage\",\"@id\":\"https:\/\/skaitytaknyga.lt\/produktas\/ian-mcewan-amsterdamas\/\",\"url\":\"https:\/\/skaitytaknyga.lt\/produktas\/ian-mcewan-amsterdamas\/\",\"name\":\"Ian McEwan \u201eAmsterdamas\u201c\",\"isPartOf\":{\"@id\":\"https:\/\/skaitytaknyga.lt\/#website\"},\"primaryImageOfPage\":{\"@id\":\"https:\/\/skaitytaknyga.lt\/produktas\/ian-mcewan-amsterdamas\/#primaryimage\"},\"image\":{\"@id\":\"https:\/\/skaitytaknyga.lt\/produktas\/ian-mcewan-amsterdamas\/#primaryimage\"},\"thumbnailUrl\":\"https:\/\/skaitytaknyga.lt\/wp-content\/uploads\/2024\/07\/1462878187_amst.webp\",\"datePublished\":\"2024-07-19T16:02:35+00:00\",\"dateModified\":\"2024-07-19T16:07:07+00:00\",\"description\":\"\u017dvarbi\u0105 \u017eiemos dien\u0105 du seni bi\u010duliai Klaivas ir Vernonas susitinka prie krematoriumo pagerbti Mol\u0117s Lein. Anks\u010diau, jiedu buvo Mol\u0117s meilu\u017eiai\",\"breadcrumb\":{\"@id\":\"https:\/\/skaitytaknyga.lt\/produktas\/ian-mcewan-amsterdamas\/#breadcrumb\"},\"inLanguage\":\"en-GB\",\"potentialAction\":[{\"@type\":\"ReadAction\",\"target\":[\"https:\/\/skaitytaknyga.lt\/produktas\/ian-mcewan-amsterdamas\/\"]}]},{\"@type\":\"ImageObject\",\"inLanguage\":\"en-GB\",\"@id\":\"https:\/\/skaitytaknyga.lt\/produktas\/ian-mcewan-amsterdamas\/#primaryimage\",\"url\":\"https:\/\/skaitytaknyga.lt\/wp-content\/uploads\/2024\/07\/1462878187_amst.webp\",\"contentUrl\":\"https:\/\/skaitytaknyga.lt\/wp-content\/uploads\/2024\/07\/1462878187_amst.webp\",\"width\":525,\"height\":800,\"caption\":\"knyga Amsterdamas\"},{\"@type\":\"BreadcrumbList\",\"@id\":\"https:\/\/skaitytaknyga.lt\/produktas\/ian-mcewan-amsterdamas\/#breadcrumb\",\"itemListElement\":[{\"@type\":\"ListItem\",\"position\":1,\"name\":\"Home\",\"item\":\"https:\/\/skaitytaknyga.lt\/\"},{\"@type\":\"ListItem\",\"position\":2,\"name\":\"Parduotuv\u0117\",\"item\":\"https:\/\/skaitytaknyga.lt\/knygu-parduotuve\/\"},{\"@type\":\"ListItem\",\"position\":3,\"name\":\"Ian McEwan \u201eAmsterdamas\u201c\"}]},{\"@type\":\"WebSite\",\"@id\":\"https:\/\/skaitytaknyga.lt\/#website\",\"url\":\"https:\/\/skaitytaknyga.lt\/\",\"name\":\"skaitytaknyga.lt\",\"description\":\"Skaitytaknyga.lt \u2013 tai ma\u017eas \u0161eimos verslas, kuris prasid\u0117jo nuo meil\u0117s knygoms ir siekio i\u0161gelb\u0117ti knygas nuo likimo prie konteinerio. Kas vienam nereikalingas daiktas \u2013 kitam lobis, o mes esame tarpininkai, kurie padeda abiems tapti laimingesniems ???? \u017dinome kaip nelengva i\u0161gyventi ma\u017eiems verslams, tad nuo \u0161iol, \u010dia rasite ir kit\u0173, ma\u017e\u0173 \u0161eim\u0173 versl\u0173, rank\u0173 darbo, dovan\u0173 sau ir artimiesiems.\",\"publisher\":{\"@id\":\"https:\/\/skaitytaknyga.lt\/#organization\"},\"potentialAction\":[{\"@type\":\"SearchAction\",\"target\":{\"@type\":\"EntryPoint\",\"urlTemplate\":\"https:\/\/skaitytaknyga.lt\/?s={search_term_string}\"},\"query-input\":{\"@type\":\"PropertyValueSpecification\",\"valueRequired\":true,\"valueName\":\"search_term_string\"}}],\"inLanguage\":\"en-GB\"},{\"@type\":\"Organization\",\"@id\":\"https:\/\/skaitytaknyga.lt\/#organization\",\"name\":\"skaitytaknyga.lt\",\"url\":\"https:\/\/skaitytaknyga.lt\/\",\"logo\":{\"@type\":\"ImageObject\",\"inLanguage\":\"en-GB\",\"@id\":\"https:\/\/skaitytaknyga.lt\/#\/schema\/logo\/image\/\",\"url\":\"https:\/\/skaitytaknyga.lt\/wp-content\/uploads\/2024\/05\/cropped-cropped-cropped-02_00843_jt3bggkj1j3HLc7SyY6rEUpg.jpeg\",\"contentUrl\":\"https:\/\/skaitytaknyga.lt\/wp-content\/uploads\/2024\/05\/cropped-cropped-cropped-02_00843_jt3bggkj1j3HLc7SyY6rEUpg.jpeg\",\"width\":1600,\"height\":1600,\"caption\":\"skaitytaknyga.lt\"},\"image\":{\"@id\":\"https:\/\/skaitytaknyga.lt\/#\/schema\/logo\/image\/\"},\"sameAs\":[\"https:\/\/www.facebook.com\/skaitytaknyga\/\"]}]}<\/script>\n<!-- \/ Yoast SEO plugin. -->","yoast_head_json":{"title":"Ian McEwan \u201eAmsterdamas\u201c","description":"\u017dvarbi\u0105 \u017eiemos dien\u0105 du seni bi\u010duliai Klaivas ir Vernonas susitinka prie krematoriumo pagerbti Mol\u0117s Lein. Anks\u010diau, jiedu buvo Mol\u0117s meilu\u017eiai","robots":{"index":"index","follow":"follow","max-snippet":"max-snippet:-1","max-image-preview":"max-image-preview:large","max-video-preview":"max-video-preview:-1"},"canonical":"https:\/\/skaitytaknyga.lt\/en\/produktas\/ian-mcewan-amsterdamas\/","og_locale":"en_GB","og_type":"article","og_title":"[:lt][:lt]Ian McEwan \u201eAmsterdamas\u201c[:] - skaitytaknyga.lt[:]","og_description":"[:lt]\u017dvarbi\u0105 \u017eiemos dien\u0105 du seni bi\u010duliai Klaivas ir Vernonas susitinka prie krematoriumo pagerbti Mol\u0117s Lein. Anks\u010diau, jiedu buvo Mol\u0117s meilu\u017eiai[:]","og_url":"https:\/\/skaitytaknyga.lt\/en\/produktas\/ian-mcewan-amsterdamas\/","og_site_name":"Skaitytaknyga","article_publisher":"https:\/\/www.facebook.com\/skaitytaknyga\/","article_modified_time":"2024-07-19T16:07:07+00:00","og_image":[{"width":525,"height":800,"url":"https:\/\/skaitytaknyga.lt\/wp-content\/uploads\/2024\/07\/1462878187_amst.webp","type":"image\/webp"}],"twitter_card":"summary_large_image","twitter_misc":{"Estimated reading time":"1 minute"},"schema":{"@context":"https:\/\/schema.org","@graph":[{"@type":"WebPage","@id":"https:\/\/skaitytaknyga.lt\/produktas\/ian-mcewan-amsterdamas\/","url":"https:\/\/skaitytaknyga.lt\/produktas\/ian-mcewan-amsterdamas\/","name":"Ian McEwan \u201eAmsterdamas\u201c","isPartOf":{"@id":"https:\/\/skaitytaknyga.lt\/#website"},"primaryImageOfPage":{"@id":"https:\/\/skaitytaknyga.lt\/produktas\/ian-mcewan-amsterdamas\/#primaryimage"},"image":{"@id":"https:\/\/skaitytaknyga.lt\/produktas\/ian-mcewan-amsterdamas\/#primaryimage"},"thumbnailUrl":"https:\/\/skaitytaknyga.lt\/wp-content\/uploads\/2024\/07\/1462878187_amst.webp","datePublished":"2024-07-19T16:02:35+00:00","dateModified":"2024-07-19T16:07:07+00:00","description":"\u017dvarbi\u0105 \u017eiemos dien\u0105 du seni bi\u010duliai Klaivas ir Vernonas susitinka prie krematoriumo pagerbti Mol\u0117s Lein. Anks\u010diau, jiedu buvo Mol\u0117s meilu\u017eiai","breadcrumb":{"@id":"https:\/\/skaitytaknyga.lt\/produktas\/ian-mcewan-amsterdamas\/#breadcrumb"},"inLanguage":"en-GB","potentialAction":[{"@type":"ReadAction","target":["https:\/\/skaitytaknyga.lt\/produktas\/ian-mcewan-amsterdamas\/"]}]},{"@type":"ImageObject","inLanguage":"en-GB","@id":"https:\/\/skaitytaknyga.lt\/produktas\/ian-mcewan-amsterdamas\/#primaryimage","url":"https:\/\/skaitytaknyga.lt\/wp-content\/uploads\/2024\/07\/1462878187_amst.webp","contentUrl":"https:\/\/skaitytaknyga.lt\/wp-content\/uploads\/2024\/07\/1462878187_amst.webp","width":525,"height":800,"caption":"knyga Amsterdamas"},{"@type":"BreadcrumbList","@id":"https:\/\/skaitytaknyga.lt\/produktas\/ian-mcewan-amsterdamas\/#breadcrumb","itemListElement":[{"@type":"ListItem","position":1,"name":"Home","item":"https:\/\/skaitytaknyga.lt\/"},{"@type":"ListItem","position":2,"name":"Parduotuv\u0117","item":"https:\/\/skaitytaknyga.lt\/knygu-parduotuve\/"},{"@type":"ListItem","position":3,"name":"Ian McEwan \u201eAmsterdamas\u201c"}]},{"@type":"WebSite","@id":"https:\/\/skaitytaknyga.lt\/#website","url":"https:\/\/skaitytaknyga.lt\/","name":"skaitytaknyga.lt","description":"Skaitytaknyga.lt \u2013 tai ma\u017eas \u0161eimos verslas, kuris prasid\u0117jo nuo meil\u0117s knygoms ir siekio i\u0161gelb\u0117ti knygas nuo likimo prie konteinerio. Kas vienam nereikalingas daiktas \u2013 kitam lobis, o mes esame tarpininkai, kurie padeda abiems tapti laimingesniems ???? \u017dinome kaip nelengva i\u0161gyventi ma\u017eiems verslams, tad nuo \u0161iol, \u010dia rasite ir kit\u0173, ma\u017e\u0173 \u0161eim\u0173 versl\u0173, rank\u0173 darbo, dovan\u0173 sau ir artimiesiems.","publisher":{"@id":"https:\/\/skaitytaknyga.lt\/#organization"},"potentialAction":[{"@type":"SearchAction","target":{"@type":"EntryPoint","urlTemplate":"https:\/\/skaitytaknyga.lt\/?s={search_term_string}"},"query-input":{"@type":"PropertyValueSpecification","valueRequired":true,"valueName":"search_term_string"}}],"inLanguage":"en-GB"},{"@type":"Organization","@id":"https:\/\/skaitytaknyga.lt\/#organization","name":"skaitytaknyga.lt","url":"https:\/\/skaitytaknyga.lt\/","logo":{"@type":"ImageObject","inLanguage":"en-GB","@id":"https:\/\/skaitytaknyga.lt\/#\/schema\/logo\/image\/","url":"https:\/\/skaitytaknyga.lt\/wp-content\/uploads\/2024\/05\/cropped-cropped-cropped-02_00843_jt3bggkj1j3HLc7SyY6rEUpg.jpeg","contentUrl":"https:\/\/skaitytaknyga.lt\/wp-content\/uploads\/2024\/05\/cropped-cropped-cropped-02_00843_jt3bggkj1j3HLc7SyY6rEUpg.jpeg","width":1600,"height":1600,"caption":"skaitytaknyga.lt"},"image":{"@id":"https:\/\/skaitytaknyga.lt\/#\/schema\/logo\/image\/"},"sameAs":["https:\/\/www.facebook.com\/skaitytaknyga\/"]}]}},"_links":{"self":[{"href":"https:\/\/skaitytaknyga.lt\/en\/wp-json\/wp\/v2\/product\/13232","targetHints":{"allow":["GET"]}}],"collection":[{"href":"https:\/\/skaitytaknyga.lt\/en\/wp-json\/wp\/v2\/product"}],"about":[{"href":"https:\/\/skaitytaknyga.lt\/en\/wp-json\/wp\/v2\/types\/product"}],"replies":[{"embeddable":true,"href":"https:\/\/skaitytaknyga.lt\/en\/wp-json\/wp\/v2\/comments?post=13232"}],"wp:featuredmedia":[{"embeddable":true,"href":"https:\/\/skaitytaknyga.lt\/en\/wp-json\/wp\/v2\/media\/13233"}],"wp:attachment":[{"href":"https:\/\/skaitytaknyga.lt\/en\/wp-json\/wp\/v2\/media?parent=13232"}],"wp:term":[{"taxonomy":"product_brand","embeddable":true,"href":"https:\/\/skaitytaknyga.lt\/en\/wp-json\/wp\/v2\/product_brand?post=13232"},{"taxonomy":"product_cat","embeddable":true,"href":"https:\/\/skaitytaknyga.lt\/en\/wp-json\/wp\/v2\/product_cat?post=13232"},{"taxonomy":"product_tag","embeddable":true,"href":"https:\/\/skaitytaknyga.lt\/en\/wp-json\/wp\/v2\/product_tag?post=13232"}],"curies":[{"name":"wp","href":"https:\/\/api.w.org\/{rel}","templated":true}]}}