{"id":13226,"date":"2024-07-19T16:02:51","date_gmt":"2024-07-19T13:02:51","guid":{"rendered":"https:\/\/skaitytaknyga.lt\/?post_type=product&#038;p=13226"},"modified":"2025-06-03T22:39:36","modified_gmt":"2025-06-03T19:39:36","slug":"viktorija-daujotyte-sofija","status":"publish","type":"product","link":"https:\/\/skaitytaknyga.lt\/en\/produktas\/viktorija-daujotyte-sofija\/","title":{"rendered":"Elenos pagrobimas. Vilnius, 1636. Pirmoji ital\u0173 barokin\u0117 opera Lietuvoje"},"content":{"rendered":"<div class=\"book-descript-wrapper\">\n<section class=\"product-descript more-content-wrapper\">\n<div class=\"\">\n<p>Leidinys sudarytas pagal to paties pavadinima parod\u0105. Knyg\u0105 sudaro vizualus parodos katalogas ir lietuvi\u0173 kult\u016bros istorik\u0173 straipsniai apie barokin\u0117s operos LDK rei\u0161kinio genez\u0119. Sudarytojas &#8211; Eimantas Ludavi\u010dius.tekst\u0173 autoriai: Junija Galejeva, Vytautas Povilas Jurk\u0161tas, Eimantas Ludavi\u010dius, Daiva Steponavi\u010dien\u0117, J\u016brat\u0117 \u0160irvyt\u0117 Ruk\u0161tel\u0117, J\u016brat\u0117 Trilupaitien\u0117. Fotofrafas &#8211; Vidas Il\u010diukas. 79 spalvotos il., j\u0173 s\u0105ra\u0161as, Asmenvard\u017ei\u0173 rodykl\u0117<\/p>\n<\/div>\n<\/section>\n<\/div>\n","protected":false},"excerpt":{"rendered":"<p>Leidinys sudarytas pagal to paties pavadinima parod\u0105. Knyg\u0105 sudaro vizualus parodos katalogas ir lietuvi\u0173 kult\u016bros istorik\u0173 straipsniai apie barokin\u0117s operos LDK rei\u0161kinio genez\u0119. Sudarytojas &#8211; Eimantas Ludavi\u010dius.tekst\u0173 autoriai: Junija Galejeva, Vytautas Povilas Jurk\u0161tas, Eimantas Ludavi\u010dius, Daiva Steponavi\u010dien\u0117, J\u016brat\u0117 \u0160irvyt\u0117 Ruk\u0161tel\u0117, J\u016brat\u0117 Trilupaitien\u0117. Fotofrafas &#8211; Vidas Il\u010diukas. 79 spalvotos il., j\u0173 s\u0105ra\u0161as, Asmenvard\u017ei\u0173 rodykl\u0117<\/p>\n","protected":false},"featured_media":13227,"comment_status":"closed","ping_status":"closed","template":"","meta":{"_acf_changed":false,"site-sidebar-layout":"default","site-content-layout":"","ast-site-content-layout":"default","site-content-style":"default","site-sidebar-style":"default","ast-global-header-display":"","ast-banner-title-visibility":"","ast-main-header-display":"","ast-hfb-above-header-display":"","ast-hfb-below-header-display":"","ast-hfb-mobile-header-display":"","site-post-title":"","ast-breadcrumbs-content":"","ast-featured-img":"","footer-sml-layout":"","ast-disable-related-posts":"","theme-transparent-header-meta":"default","adv-header-id-meta":"","stick-header-meta":"","header-above-stick-meta":"","header-main-stick-meta":"","header-below-stick-meta":"","astra-migrate-meta-layouts":"set","ast-page-background-enabled":"default","ast-page-background-meta":{"desktop":{"background-color":"","background-image":"","background-repeat":"repeat","background-position":"center center","background-size":"auto","background-attachment":"scroll","background-type":"","background-media":"","overlay-type":"","overlay-color":"","overlay-opacity":"","overlay-gradient":""},"tablet":{"background-color":"","background-image":"","background-repeat":"repeat","background-position":"center center","background-size":"auto","background-attachment":"scroll","background-type":"","background-media":"","overlay-type":"","overlay-color":"","overlay-opacity":"","overlay-gradient":""},"mobile":{"background-color":"","background-image":"","background-repeat":"repeat","background-position":"center center","background-size":"auto","background-attachment":"scroll","background-type":"","background-media":"","overlay-type":"","overlay-color":"","overlay-opacity":"","overlay-gradient":""}},"ast-content-background-meta":{"desktop":{"background-color":"var(--ast-global-color-4)","background-image":"","background-repeat":"repeat","background-position":"center center","background-size":"auto","background-attachment":"scroll","background-type":"","background-media":"","overlay-type":"","overlay-color":"","overlay-opacity":"","overlay-gradient":""},"tablet":{"background-color":"var(--ast-global-color-4)","background-image":"","background-repeat":"repeat","background-position":"center center","background-size":"auto","background-attachment":"scroll","background-type":"","background-media":"","overlay-type":"","overlay-color":"","overlay-opacity":"","overlay-gradient":""},"mobile":{"background-color":"var(--ast-global-color-4)","background-image":"","background-repeat":"repeat","background-position":"center center","background-size":"auto","background-attachment":"scroll","background-type":"","background-media":"","overlay-type":"","overlay-color":"","overlay-opacity":"","overlay-gradient":""}}},"product_brand":[],"product_cat":[33,57],"product_tag":[2045,1492,2974,2969],"class_list":{"0":"post-13226","1":"product","2":"type-product","3":"status-publish","4":"has-post-thumbnail","6":"product_cat-biografijos","7":"product_cat-menas-ir-albumai","8":"product_tag-biografija","9":"product_tag-literatura","10":"product_tag-sofija","11":"product_tag-viktorija-daujotyte","12":"pa_leidimo-metai-976","13":"desktop-align-left","14":"tablet-align-left","15":"mobile-align-left","17":"first","18":"outofstock","19":"shipping-taxable","20":"purchasable","21":"product-type-simple"},"acf":[],"yoast_head":"<!-- This site is optimized with the Yoast SEO plugin v27.0 - https:\/\/yoast.com\/product\/yoast-seo-wordpress\/ -->\n<title>Viktorija Daujotyt\u0117 \u201eSofija\u201c - skaitytaknyga.lt<\/title>\n<meta name=\"description\" content=\"Knygoje\u00a0&quot;Sofija&quot;\u00a0autor\u0117, kaip jai \u012fprasta, jautriai ir giliai analizuoja Sofijos \u010ciurlionien\u0117s-Kymantait\u0117s gyvenim\u0105 ir k\u016bryb\u0105.\" \/>\n<meta name=\"robots\" content=\"index, follow, max-snippet:-1, max-image-preview:large, max-video-preview:-1\" \/>\n<link rel=\"canonical\" href=\"https:\/\/skaitytaknyga.lt\/en\/produktas\/viktorija-daujotyte-sofija\/\" \/>\n<meta property=\"og:locale\" content=\"en_GB\" \/>\n<meta property=\"og:locale:alternate\" content=\"lt_LT\" \/>\n<meta property=\"og:type\" content=\"article\" \/>\n<meta property=\"og:title\" content=\"Viktorija Daujotyt\u0117 \u201eSofija\u201c - skaitytaknyga.lt\" \/>\n<meta property=\"og:description\" content=\"Knygoje\u00a0&quot;Sofija&quot;\u00a0autor\u0117, kaip jai \u012fprasta, jautriai ir giliai analizuoja Sofijos \u010ciurlionien\u0117s-Kymantait\u0117s gyvenim\u0105 ir k\u016bryb\u0105.\" \/>\n<meta property=\"og:url\" content=\"https:\/\/skaitytaknyga.lt\/en\/produktas\/viktorija-daujotyte-sofija\/\" \/>\n<meta property=\"og:site_name\" content=\"Skaitytaknyga\" \/>\n<meta property=\"article:publisher\" content=\"https:\/\/www.facebook.com\/skaitytaknyga\/\" \/>\n<meta property=\"article:modified_time\" content=\"2025-06-03T19:39:36+00:00\" \/>\n<meta property=\"og:image\" content=\"https:\/\/skaitytaknyga.lt\/wp-content\/uploads\/2024\/07\/369-1.jpg\" \/>\n\t<meta property=\"og:image:width\" content=\"310\" \/>\n\t<meta property=\"og:image:height\" content=\"450\" \/>\n\t<meta property=\"og:image:type\" content=\"image\/jpeg\" \/>\n<meta name=\"twitter:card\" content=\"summary_large_image\" \/>\n<meta name=\"twitter:label1\" content=\"Estimated reading time\" \/>\n\t<meta name=\"twitter:data1\" content=\"1 minute\" \/>\n<script type=\"application\/ld+json\" class=\"yoast-schema-graph\">{\"@context\":\"https:\/\/schema.org\",\"@graph\":[{\"@type\":\"WebPage\",\"@id\":\"https:\/\/skaitytaknyga.lt\/produktas\/viktorija-daujotyte-sofija\/\",\"url\":\"https:\/\/skaitytaknyga.lt\/produktas\/viktorija-daujotyte-sofija\/\",\"name\":\"Viktorija Daujotyt\u0117 \u201eSofija\u201c - skaitytaknyga.lt\",\"isPartOf\":{\"@id\":\"https:\/\/skaitytaknyga.lt\/#website\"},\"primaryImageOfPage\":{\"@id\":\"https:\/\/skaitytaknyga.lt\/produktas\/viktorija-daujotyte-sofija\/#primaryimage\"},\"image\":{\"@id\":\"https:\/\/skaitytaknyga.lt\/produktas\/viktorija-daujotyte-sofija\/#primaryimage\"},\"thumbnailUrl\":\"https:\/\/skaitytaknyga.lt\/wp-content\/uploads\/2024\/07\/369-1.jpg\",\"datePublished\":\"2024-07-19T13:02:51+00:00\",\"dateModified\":\"2025-06-03T19:39:36+00:00\",\"description\":\"Knygoje\u00a0\\\"Sofija\\\"\u00a0autor\u0117, kaip jai \u012fprasta, jautriai ir giliai analizuoja Sofijos \u010ciurlionien\u0117s-Kymantait\u0117s gyvenim\u0105 ir k\u016bryb\u0105.\",\"breadcrumb\":{\"@id\":\"https:\/\/skaitytaknyga.lt\/produktas\/viktorija-daujotyte-sofija\/#breadcrumb\"},\"inLanguage\":\"en-GB\",\"potentialAction\":[{\"@type\":\"ReadAction\",\"target\":[\"https:\/\/skaitytaknyga.lt\/produktas\/viktorija-daujotyte-sofija\/\"]}]},{\"@type\":\"ImageObject\",\"inLanguage\":\"en-GB\",\"@id\":\"https:\/\/skaitytaknyga.lt\/produktas\/viktorija-daujotyte-sofija\/#primaryimage\",\"url\":\"https:\/\/skaitytaknyga.lt\/wp-content\/uploads\/2024\/07\/369-1.jpg\",\"contentUrl\":\"https:\/\/skaitytaknyga.lt\/wp-content\/uploads\/2024\/07\/369-1.jpg\",\"width\":310,\"height\":450,\"caption\":\"Viktorija Daujotyt\u0117 \u201eSofija\u201c\"},{\"@type\":\"BreadcrumbList\",\"@id\":\"https:\/\/skaitytaknyga.lt\/produktas\/viktorija-daujotyte-sofija\/#breadcrumb\",\"itemListElement\":[{\"@type\":\"ListItem\",\"position\":1,\"name\":\"Home\",\"item\":\"https:\/\/skaitytaknyga.lt\/\"},{\"@type\":\"ListItem\",\"position\":2,\"name\":\"Parduotuv\u0117\",\"item\":\"https:\/\/skaitytaknyga.lt\/knygu-parduotuve\/\"},{\"@type\":\"ListItem\",\"position\":3,\"name\":\"Sofija\"}]},{\"@type\":\"WebSite\",\"@id\":\"https:\/\/skaitytaknyga.lt\/#website\",\"url\":\"https:\/\/skaitytaknyga.lt\/\",\"name\":\"skaitytaknyga.lt\",\"description\":\"Skaitytaknyga.lt \u2013 tai ma\u017eas \u0161eimos verslas, kuris prasid\u0117jo nuo meil\u0117s knygoms ir siekio i\u0161gelb\u0117ti knygas nuo likimo prie konteinerio. Kas vienam nereikalingas daiktas \u2013 kitam lobis, o mes esame tarpininkai, kurie padeda abiems tapti laimingesniems ???? \u017dinome kaip nelengva i\u0161gyventi ma\u017eiems verslams, tad nuo \u0161iol, \u010dia rasite ir kit\u0173, ma\u017e\u0173 \u0161eim\u0173 versl\u0173, rank\u0173 darbo, dovan\u0173 sau ir artimiesiems.\",\"publisher\":{\"@id\":\"https:\/\/skaitytaknyga.lt\/#organization\"},\"potentialAction\":[{\"@type\":\"SearchAction\",\"target\":{\"@type\":\"EntryPoint\",\"urlTemplate\":\"https:\/\/skaitytaknyga.lt\/?s={search_term_string}\"},\"query-input\":{\"@type\":\"PropertyValueSpecification\",\"valueRequired\":true,\"valueName\":\"search_term_string\"}}],\"inLanguage\":\"en-GB\"},{\"@type\":\"Organization\",\"@id\":\"https:\/\/skaitytaknyga.lt\/#organization\",\"name\":\"skaitytaknyga.lt\",\"url\":\"https:\/\/skaitytaknyga.lt\/\",\"logo\":{\"@type\":\"ImageObject\",\"inLanguage\":\"en-GB\",\"@id\":\"https:\/\/skaitytaknyga.lt\/#\/schema\/logo\/image\/\",\"url\":\"https:\/\/skaitytaknyga.lt\/wp-content\/uploads\/2024\/05\/cropped-cropped-cropped-02_00843_jt3bggkj1j3HLc7SyY6rEUpg.jpeg\",\"contentUrl\":\"https:\/\/skaitytaknyga.lt\/wp-content\/uploads\/2024\/05\/cropped-cropped-cropped-02_00843_jt3bggkj1j3HLc7SyY6rEUpg.jpeg\",\"width\":1600,\"height\":1600,\"caption\":\"skaitytaknyga.lt\"},\"image\":{\"@id\":\"https:\/\/skaitytaknyga.lt\/#\/schema\/logo\/image\/\"},\"sameAs\":[\"https:\/\/www.facebook.com\/skaitytaknyga\/\"]}]}<\/script>\n<!-- \/ Yoast SEO plugin. -->","yoast_head_json":{"title":"Viktorija Daujotyt\u0117 \u201eSofija\u201c - skaitytaknyga.lt","description":"Knygoje\u00a0\"Sofija\"\u00a0autor\u0117, kaip jai \u012fprasta, jautriai ir giliai analizuoja Sofijos \u010ciurlionien\u0117s-Kymantait\u0117s gyvenim\u0105 ir k\u016bryb\u0105.","robots":{"index":"index","follow":"follow","max-snippet":"max-snippet:-1","max-image-preview":"max-image-preview:large","max-video-preview":"max-video-preview:-1"},"canonical":"https:\/\/skaitytaknyga.lt\/en\/produktas\/viktorija-daujotyte-sofija\/","og_locale":"en_GB","og_type":"article","og_title":"Viktorija Daujotyt\u0117 \u201eSofija\u201c - skaitytaknyga.lt","og_description":"Knygoje\u00a0\"Sofija\"\u00a0autor\u0117, kaip jai \u012fprasta, jautriai ir giliai analizuoja Sofijos \u010ciurlionien\u0117s-Kymantait\u0117s gyvenim\u0105 ir k\u016bryb\u0105.","og_url":"https:\/\/skaitytaknyga.lt\/en\/produktas\/viktorija-daujotyte-sofija\/","og_site_name":"Skaitytaknyga","article_publisher":"https:\/\/www.facebook.com\/skaitytaknyga\/","article_modified_time":"2025-06-03T19:39:36+00:00","og_image":[{"width":310,"height":450,"url":"https:\/\/skaitytaknyga.lt\/wp-content\/uploads\/2024\/07\/369-1.jpg","type":"image\/jpeg"}],"twitter_card":"summary_large_image","twitter_misc":{"Estimated reading time":"1 minute"},"schema":{"@context":"https:\/\/schema.org","@graph":[{"@type":"WebPage","@id":"https:\/\/skaitytaknyga.lt\/produktas\/viktorija-daujotyte-sofija\/","url":"https:\/\/skaitytaknyga.lt\/produktas\/viktorija-daujotyte-sofija\/","name":"Viktorija Daujotyt\u0117 \u201eSofija\u201c - skaitytaknyga.lt","isPartOf":{"@id":"https:\/\/skaitytaknyga.lt\/#website"},"primaryImageOfPage":{"@id":"https:\/\/skaitytaknyga.lt\/produktas\/viktorija-daujotyte-sofija\/#primaryimage"},"image":{"@id":"https:\/\/skaitytaknyga.lt\/produktas\/viktorija-daujotyte-sofija\/#primaryimage"},"thumbnailUrl":"https:\/\/skaitytaknyga.lt\/wp-content\/uploads\/2024\/07\/369-1.jpg","datePublished":"2024-07-19T13:02:51+00:00","dateModified":"2025-06-03T19:39:36+00:00","description":"Knygoje\u00a0\"Sofija\"\u00a0autor\u0117, kaip jai \u012fprasta, jautriai ir giliai analizuoja Sofijos \u010ciurlionien\u0117s-Kymantait\u0117s gyvenim\u0105 ir k\u016bryb\u0105.","breadcrumb":{"@id":"https:\/\/skaitytaknyga.lt\/produktas\/viktorija-daujotyte-sofija\/#breadcrumb"},"inLanguage":"en-GB","potentialAction":[{"@type":"ReadAction","target":["https:\/\/skaitytaknyga.lt\/produktas\/viktorija-daujotyte-sofija\/"]}]},{"@type":"ImageObject","inLanguage":"en-GB","@id":"https:\/\/skaitytaknyga.lt\/produktas\/viktorija-daujotyte-sofija\/#primaryimage","url":"https:\/\/skaitytaknyga.lt\/wp-content\/uploads\/2024\/07\/369-1.jpg","contentUrl":"https:\/\/skaitytaknyga.lt\/wp-content\/uploads\/2024\/07\/369-1.jpg","width":310,"height":450,"caption":"Viktorija Daujotyt\u0117 \u201eSofija\u201c"},{"@type":"BreadcrumbList","@id":"https:\/\/skaitytaknyga.lt\/produktas\/viktorija-daujotyte-sofija\/#breadcrumb","itemListElement":[{"@type":"ListItem","position":1,"name":"Home","item":"https:\/\/skaitytaknyga.lt\/"},{"@type":"ListItem","position":2,"name":"Parduotuv\u0117","item":"https:\/\/skaitytaknyga.lt\/knygu-parduotuve\/"},{"@type":"ListItem","position":3,"name":"Sofija"}]},{"@type":"WebSite","@id":"https:\/\/skaitytaknyga.lt\/#website","url":"https:\/\/skaitytaknyga.lt\/","name":"skaitytaknyga.lt","description":"Skaitytaknyga.lt \u2013 tai ma\u017eas \u0161eimos verslas, kuris prasid\u0117jo nuo meil\u0117s knygoms ir siekio i\u0161gelb\u0117ti knygas nuo likimo prie konteinerio. Kas vienam nereikalingas daiktas \u2013 kitam lobis, o mes esame tarpininkai, kurie padeda abiems tapti laimingesniems ???? \u017dinome kaip nelengva i\u0161gyventi ma\u017eiems verslams, tad nuo \u0161iol, \u010dia rasite ir kit\u0173, ma\u017e\u0173 \u0161eim\u0173 versl\u0173, rank\u0173 darbo, dovan\u0173 sau ir artimiesiems.","publisher":{"@id":"https:\/\/skaitytaknyga.lt\/#organization"},"potentialAction":[{"@type":"SearchAction","target":{"@type":"EntryPoint","urlTemplate":"https:\/\/skaitytaknyga.lt\/?s={search_term_string}"},"query-input":{"@type":"PropertyValueSpecification","valueRequired":true,"valueName":"search_term_string"}}],"inLanguage":"en-GB"},{"@type":"Organization","@id":"https:\/\/skaitytaknyga.lt\/#organization","name":"skaitytaknyga.lt","url":"https:\/\/skaitytaknyga.lt\/","logo":{"@type":"ImageObject","inLanguage":"en-GB","@id":"https:\/\/skaitytaknyga.lt\/#\/schema\/logo\/image\/","url":"https:\/\/skaitytaknyga.lt\/wp-content\/uploads\/2024\/05\/cropped-cropped-cropped-02_00843_jt3bggkj1j3HLc7SyY6rEUpg.jpeg","contentUrl":"https:\/\/skaitytaknyga.lt\/wp-content\/uploads\/2024\/05\/cropped-cropped-cropped-02_00843_jt3bggkj1j3HLc7SyY6rEUpg.jpeg","width":1600,"height":1600,"caption":"skaitytaknyga.lt"},"image":{"@id":"https:\/\/skaitytaknyga.lt\/#\/schema\/logo\/image\/"},"sameAs":["https:\/\/www.facebook.com\/skaitytaknyga\/"]}]}},"_links":{"self":[{"href":"https:\/\/skaitytaknyga.lt\/en\/wp-json\/wp\/v2\/product\/13226","targetHints":{"allow":["GET"]}}],"collection":[{"href":"https:\/\/skaitytaknyga.lt\/en\/wp-json\/wp\/v2\/product"}],"about":[{"href":"https:\/\/skaitytaknyga.lt\/en\/wp-json\/wp\/v2\/types\/product"}],"replies":[{"embeddable":true,"href":"https:\/\/skaitytaknyga.lt\/en\/wp-json\/wp\/v2\/comments?post=13226"}],"wp:featuredmedia":[{"embeddable":true,"href":"https:\/\/skaitytaknyga.lt\/en\/wp-json\/wp\/v2\/media\/13227"}],"wp:attachment":[{"href":"https:\/\/skaitytaknyga.lt\/en\/wp-json\/wp\/v2\/media?parent=13226"}],"wp:term":[{"taxonomy":"product_brand","embeddable":true,"href":"https:\/\/skaitytaknyga.lt\/en\/wp-json\/wp\/v2\/product_brand?post=13226"},{"taxonomy":"product_cat","embeddable":true,"href":"https:\/\/skaitytaknyga.lt\/en\/wp-json\/wp\/v2\/product_cat?post=13226"},{"taxonomy":"product_tag","embeddable":true,"href":"https:\/\/skaitytaknyga.lt\/en\/wp-json\/wp\/v2\/product_tag?post=13226"}],"curies":[{"name":"wp","href":"https:\/\/api.w.org\/{rel}","templated":true}]}}