{"id":13224,"date":"2024-07-19T15:58:48","date_gmt":"2024-07-19T12:58:48","guid":{"rendered":"https:\/\/skaitytaknyga.lt\/?post_type=product&#038;p=13224"},"modified":"2025-05-24T20:53:24","modified_gmt":"2025-05-24T17:53:24","slug":"jostein-gaarder-cirko-direktoriaus-dukte","status":"publish","type":"product","link":"https:\/\/skaitytaknyga.lt\/en\/produktas\/jostein-gaarder-cirko-direktoriaus-dukte\/","title":{"rendered":"Cirko direktoriaus dukt\u0117"},"content":{"rendered":"<p>Josteinas Gaarderis (g. 1952) \u2013 turb\u016bt populiariausias ir daugiausiai ver\u010diamas \u012f kitas kalbas \u0161iuolaikinis norveg\u0173 ra\u0161ytojas. Jo romanas \u201eSofijos pasaulis\u201c (liet. k. 1995, \u201eTyto alba\u201c) tapo tarptautiniu bestseleriu ir i\u0161verstas \u012f 44 kalbas. Ra\u0161ytojas yra suk\u016br\u0119s filosofini\u0173 knyg\u0173 vaikams, jaunimui ir suaugusiesiems.<br \/>\n\u201eCirko direktoriaus dukt\u0117\u201c \u2013 naujausias Josteino Gaarderio romanas, kurio pagrindinis herojus yra vaizduot\u0117s nestokojantis pasakotojas, vengiantis vie\u0161umos.<\/p>\n<p>\u0160is romanas apie savaval\u012f \u0161achmatinink\u0105, lemting\u0105 erotin\u012f ry\u0161\u012f, vor\u0105, kuris \u012fkliuvo \u012f savo paties pinkles, visus, nor\u0117jusius ra\u0161yti, bet netur\u0117jusius k\u0105 papasakoti, rakt\u0105 \u012f urbanistin\u0119 \u0161lov\u0119 ir postmoderni\u0105j\u0105 tapatyb\u0119, cirko direktoriaus dukter\u012f.<\/p>\n<ul class=\"details-list mt5\">\n<li>Autorius:\u00a0<a href=\"https:\/\/skaitytaknyga.lt\/?s=Gaarder&#038;post_type=product&#038;dgwt_wcas=1\">Jostein Gaarder<\/a><\/li>\n<li>Leid\u0117jas:\u00a0Alma littera<\/li>\n<li>I\u0161leidimo metai:\u00a02007<\/li>\n<li>Knygos puslapi\u0173 skai\u010dius:\u00a0200<\/li>\n<li>Formatas:\u00a015&#215;25<\/li>\n<li>ISBN ar kodas:\u00a09789955245629<\/li>\n<\/ul>\n","protected":false},"excerpt":{"rendered":"<p>Josteinas Gaarderis (g. 1952) \u2013 turb\u016bt populiariausias ir daugiausiai ver\u010diamas \u012f kitas kalbas \u0161iuolaikinis norveg\u0173 ra\u0161ytojas. Jo romanas \u201eSofijos pasaulis\u201c (liet. k. 1995, \u201eTyto alba\u201c) tapo tarptautiniu bestseleriu ir i\u0161verstas \u012f 44 kalbas. Ra\u0161ytojas yra suk\u016br\u0119s filosofini\u0173 knyg\u0173 vaikams, jaunimui ir suaugusiesiems. \u201eCirko direktoriaus dukt\u0117\u201c \u2013 naujausias Josteino Gaarderio romanas, kurio pagrindinis herojus yra vaizduot\u0117s nestokojantis pasakotojas, vengiantis vie\u0161umos. \u0160is romanas apie savaval\u012f \u0161achmatinink\u0105, lemting\u0105 erotin\u012f ry\u0161\u012f, vor\u0105, kuris \u012fkliuvo \u012f savo paties pinkles, visus, nor\u0117jusius ra\u0161yti, bet netur\u0117jusius k\u0105 papasakoti, rakt\u0105 \u012f urbanistin\u0119 \u0161lov\u0119 ir postmoderni\u0105j\u0105 tapatyb\u0119, cirko direktoriaus dukter\u012f. Autorius:\u00a0Jostein Gaarder Leid\u0117jas:\u00a0Alma littera I\u0161leidimo metai:\u00a02007 Knygos puslapi\u0173 skai\u010dius:\u00a0200 Formatas:\u00a015&#215;25 ISBN ar kodas:\u00a09789955245629<\/p>\n","protected":false},"featured_media":13225,"comment_status":"closed","ping_status":"closed","template":"","meta":{"_acf_changed":false,"site-sidebar-layout":"default","site-content-layout":"","ast-site-content-layout":"default","site-content-style":"default","site-sidebar-style":"default","ast-global-header-display":"","ast-banner-title-visibility":"","ast-main-header-display":"","ast-hfb-above-header-display":"","ast-hfb-below-header-display":"","ast-hfb-mobile-header-display":"","site-post-title":"","ast-breadcrumbs-content":"","ast-featured-img":"","footer-sml-layout":"","ast-disable-related-posts":"","theme-transparent-header-meta":"default","adv-header-id-meta":"","stick-header-meta":"","header-above-stick-meta":"","header-main-stick-meta":"","header-below-stick-meta":"","astra-migrate-meta-layouts":"set","ast-page-background-enabled":"default","ast-page-background-meta":{"desktop":{"background-color":"","background-image":"","background-repeat":"repeat","background-position":"center center","background-size":"auto","background-attachment":"scroll","background-type":"","background-media":"","overlay-type":"","overlay-color":"","overlay-opacity":"","overlay-gradient":""},"tablet":{"background-color":"","background-image":"","background-repeat":"repeat","background-position":"center center","background-size":"auto","background-attachment":"scroll","background-type":"","background-media":"","overlay-type":"","overlay-color":"","overlay-opacity":"","overlay-gradient":""},"mobile":{"background-color":"","background-image":"","background-repeat":"repeat","background-position":"center center","background-size":"auto","background-attachment":"scroll","background-type":"","background-media":"","overlay-type":"","overlay-color":"","overlay-opacity":"","overlay-gradient":""}},"ast-content-background-meta":{"desktop":{"background-color":"var(--ast-global-color-4)","background-image":"","background-repeat":"repeat","background-position":"center center","background-size":"auto","background-attachment":"scroll","background-type":"","background-media":"","overlay-type":"","overlay-color":"","overlay-opacity":"","overlay-gradient":""},"tablet":{"background-color":"var(--ast-global-color-4)","background-image":"","background-repeat":"repeat","background-position":"center center","background-size":"auto","background-attachment":"scroll","background-type":"","background-media":"","overlay-type":"","overlay-color":"","overlay-opacity":"","overlay-gradient":""},"mobile":{"background-color":"var(--ast-global-color-4)","background-image":"","background-repeat":"repeat","background-position":"center center","background-size":"auto","background-attachment":"scroll","background-type":"","background-media":"","overlay-type":"","overlay-color":"","overlay-opacity":"","overlay-gradient":""}}},"product_brand":[],"product_cat":[31],"product_tag":[],"class_list":{"0":"post-13224","1":"product","2":"type-product","3":"status-publish","4":"has-post-thumbnail","6":"product_cat-grozine-literatura","7":"desktop-align-left","8":"tablet-align-left","9":"mobile-align-left","11":"first","12":"instock","13":"shipping-taxable","14":"purchasable","15":"product-type-simple"},"acf":[],"yoast_head":"<!-- This site is optimized with the Yoast SEO plugin v27.0 - https:\/\/yoast.com\/product\/yoast-seo-wordpress\/ -->\n<title>Cirko direktoriaus dukt\u0117<\/title>\n<meta name=\"description\" content=\"\u0160is romanas apie savaval\u012f \u0161achmatinink\u0105, lemting\u0105 erotin\u012f ry\u0161\u012f, vor\u0105, kuris \u012fkliuvo \u012f savo paties pinkles, visus, nor\u0117jusius ra\u0161yti.\" \/>\n<meta name=\"robots\" content=\"index, follow, max-snippet:-1, max-image-preview:large, max-video-preview:-1\" \/>\n<link rel=\"canonical\" href=\"https:\/\/skaitytaknyga.lt\/en\/produktas\/jostein-gaarder-cirko-direktoriaus-dukte\/\" \/>\n<meta property=\"og:locale\" content=\"en_GB\" \/>\n<meta property=\"og:locale:alternate\" content=\"lt_LT\" \/>\n<meta property=\"og:type\" content=\"article\" \/>\n<meta property=\"og:title\" content=\"Cirko direktoriaus dukt\u0117\" \/>\n<meta property=\"og:description\" content=\"\u0160is romanas apie savaval\u012f \u0161achmatinink\u0105, lemting\u0105 erotin\u012f ry\u0161\u012f, vor\u0105, kuris \u012fkliuvo \u012f savo paties pinkles, visus, nor\u0117jusius ra\u0161yti.\" \/>\n<meta property=\"og:url\" content=\"https:\/\/skaitytaknyga.lt\/en\/produktas\/jostein-gaarder-cirko-direktoriaus-dukte\/\" \/>\n<meta property=\"og:site_name\" content=\"Skaitytaknyga\" \/>\n<meta property=\"article:publisher\" content=\"https:\/\/www.facebook.com\/skaitytaknyga\/\" \/>\n<meta property=\"article:modified_time\" content=\"2025-05-24T17:53:24+00:00\" \/>\n<meta property=\"og:image\" content=\"https:\/\/skaitytaknyga.lt\/wp-content\/uploads\/2024\/07\/1462873752_cirko-direktoriaus-dukte.webp\" \/>\n\t<meta property=\"og:image:width\" content=\"428\" \/>\n\t<meta property=\"og:image:height\" content=\"707\" \/>\n\t<meta property=\"og:image:type\" content=\"image\/webp\" \/>\n<meta name=\"twitter:card\" content=\"summary_large_image\" \/>\n<meta name=\"twitter:label1\" content=\"Estimated reading time\" \/>\n\t<meta name=\"twitter:data1\" content=\"1 minute\" \/>\n<script type=\"application\/ld+json\" class=\"yoast-schema-graph\">{\"@context\":\"https:\/\/schema.org\",\"@graph\":[{\"@type\":\"WebPage\",\"@id\":\"https:\/\/skaitytaknyga.lt\/produktas\/jostein-gaarder-cirko-direktoriaus-dukte\/\",\"url\":\"https:\/\/skaitytaknyga.lt\/produktas\/jostein-gaarder-cirko-direktoriaus-dukte\/\",\"name\":\"Cirko direktoriaus dukt\u0117\",\"isPartOf\":{\"@id\":\"https:\/\/skaitytaknyga.lt\/#website\"},\"primaryImageOfPage\":{\"@id\":\"https:\/\/skaitytaknyga.lt\/produktas\/jostein-gaarder-cirko-direktoriaus-dukte\/#primaryimage\"},\"image\":{\"@id\":\"https:\/\/skaitytaknyga.lt\/produktas\/jostein-gaarder-cirko-direktoriaus-dukte\/#primaryimage\"},\"thumbnailUrl\":\"https:\/\/skaitytaknyga.lt\/wp-content\/uploads\/2024\/07\/1462873752_cirko-direktoriaus-dukte.webp\",\"datePublished\":\"2024-07-19T12:58:48+00:00\",\"dateModified\":\"2025-05-24T17:53:24+00:00\",\"description\":\"\u0160is romanas apie savaval\u012f \u0161achmatinink\u0105, lemting\u0105 erotin\u012f ry\u0161\u012f, vor\u0105, kuris \u012fkliuvo \u012f savo paties pinkles, visus, nor\u0117jusius ra\u0161yti.\",\"breadcrumb\":{\"@id\":\"https:\/\/skaitytaknyga.lt\/produktas\/jostein-gaarder-cirko-direktoriaus-dukte\/#breadcrumb\"},\"inLanguage\":\"en-GB\",\"potentialAction\":[{\"@type\":\"ReadAction\",\"target\":[\"https:\/\/skaitytaknyga.lt\/produktas\/jostein-gaarder-cirko-direktoriaus-dukte\/\"]}]},{\"@type\":\"ImageObject\",\"inLanguage\":\"en-GB\",\"@id\":\"https:\/\/skaitytaknyga.lt\/produktas\/jostein-gaarder-cirko-direktoriaus-dukte\/#primaryimage\",\"url\":\"https:\/\/skaitytaknyga.lt\/wp-content\/uploads\/2024\/07\/1462873752_cirko-direktoriaus-dukte.webp\",\"contentUrl\":\"https:\/\/skaitytaknyga.lt\/wp-content\/uploads\/2024\/07\/1462873752_cirko-direktoriaus-dukte.webp\",\"width\":428,\"height\":707,\"caption\":\"Cirko direktoriaus dukt\u0117\"},{\"@type\":\"BreadcrumbList\",\"@id\":\"https:\/\/skaitytaknyga.lt\/produktas\/jostein-gaarder-cirko-direktoriaus-dukte\/#breadcrumb\",\"itemListElement\":[{\"@type\":\"ListItem\",\"position\":1,\"name\":\"Home\",\"item\":\"https:\/\/skaitytaknyga.lt\/\"},{\"@type\":\"ListItem\",\"position\":2,\"name\":\"Parduotuv\u0117\",\"item\":\"https:\/\/skaitytaknyga.lt\/knygu-parduotuve\/\"},{\"@type\":\"ListItem\",\"position\":3,\"name\":\"Cirko direktoriaus dukt\u0117\"}]},{\"@type\":\"WebSite\",\"@id\":\"https:\/\/skaitytaknyga.lt\/#website\",\"url\":\"https:\/\/skaitytaknyga.lt\/\",\"name\":\"skaitytaknyga.lt\",\"description\":\"Skaitytaknyga.lt \u2013 tai ma\u017eas \u0161eimos verslas, kuris prasid\u0117jo nuo meil\u0117s knygoms ir siekio i\u0161gelb\u0117ti knygas nuo likimo prie konteinerio. Kas vienam nereikalingas daiktas \u2013 kitam lobis, o mes esame tarpininkai, kurie padeda abiems tapti laimingesniems ???? \u017dinome kaip nelengva i\u0161gyventi ma\u017eiems verslams, tad nuo \u0161iol, \u010dia rasite ir kit\u0173, ma\u017e\u0173 \u0161eim\u0173 versl\u0173, rank\u0173 darbo, dovan\u0173 sau ir artimiesiems.\",\"publisher\":{\"@id\":\"https:\/\/skaitytaknyga.lt\/#organization\"},\"potentialAction\":[{\"@type\":\"SearchAction\",\"target\":{\"@type\":\"EntryPoint\",\"urlTemplate\":\"https:\/\/skaitytaknyga.lt\/?s={search_term_string}\"},\"query-input\":{\"@type\":\"PropertyValueSpecification\",\"valueRequired\":true,\"valueName\":\"search_term_string\"}}],\"inLanguage\":\"en-GB\"},{\"@type\":\"Organization\",\"@id\":\"https:\/\/skaitytaknyga.lt\/#organization\",\"name\":\"skaitytaknyga.lt\",\"url\":\"https:\/\/skaitytaknyga.lt\/\",\"logo\":{\"@type\":\"ImageObject\",\"inLanguage\":\"en-GB\",\"@id\":\"https:\/\/skaitytaknyga.lt\/#\/schema\/logo\/image\/\",\"url\":\"https:\/\/skaitytaknyga.lt\/wp-content\/uploads\/2024\/05\/cropped-cropped-cropped-02_00843_jt3bggkj1j3HLc7SyY6rEUpg.jpeg\",\"contentUrl\":\"https:\/\/skaitytaknyga.lt\/wp-content\/uploads\/2024\/05\/cropped-cropped-cropped-02_00843_jt3bggkj1j3HLc7SyY6rEUpg.jpeg\",\"width\":1600,\"height\":1600,\"caption\":\"skaitytaknyga.lt\"},\"image\":{\"@id\":\"https:\/\/skaitytaknyga.lt\/#\/schema\/logo\/image\/\"},\"sameAs\":[\"https:\/\/www.facebook.com\/skaitytaknyga\/\"]}]}<\/script>\n<!-- \/ Yoast SEO plugin. -->","yoast_head_json":{"title":"Cirko direktoriaus dukt\u0117","description":"\u0160is romanas apie savaval\u012f \u0161achmatinink\u0105, lemting\u0105 erotin\u012f ry\u0161\u012f, vor\u0105, kuris \u012fkliuvo \u012f savo paties pinkles, visus, nor\u0117jusius ra\u0161yti.","robots":{"index":"index","follow":"follow","max-snippet":"max-snippet:-1","max-image-preview":"max-image-preview:large","max-video-preview":"max-video-preview:-1"},"canonical":"https:\/\/skaitytaknyga.lt\/en\/produktas\/jostein-gaarder-cirko-direktoriaus-dukte\/","og_locale":"en_GB","og_type":"article","og_title":"[:lt]Cirko direktoriaus dukt\u0117[:] - Skaitytaknyga skaitytaknyga.lt","og_description":"\u0160is romanas apie savaval\u012f \u0161achmatinink\u0105, lemting\u0105 erotin\u012f ry\u0161\u012f, vor\u0105, kuris \u012fkliuvo \u012f savo paties pinkles, visus, nor\u0117jusius ra\u0161yti.","og_url":"https:\/\/skaitytaknyga.lt\/en\/produktas\/jostein-gaarder-cirko-direktoriaus-dukte\/","og_site_name":"Skaitytaknyga","article_publisher":"https:\/\/www.facebook.com\/skaitytaknyga\/","article_modified_time":"2025-05-24T17:53:24+00:00","og_image":[{"width":428,"height":707,"url":"https:\/\/skaitytaknyga.lt\/wp-content\/uploads\/2024\/07\/1462873752_cirko-direktoriaus-dukte.webp","type":"image\/webp"}],"twitter_card":"summary_large_image","twitter_misc":{"Estimated reading time":"1 minute"},"schema":{"@context":"https:\/\/schema.org","@graph":[{"@type":"WebPage","@id":"https:\/\/skaitytaknyga.lt\/produktas\/jostein-gaarder-cirko-direktoriaus-dukte\/","url":"https:\/\/skaitytaknyga.lt\/produktas\/jostein-gaarder-cirko-direktoriaus-dukte\/","name":"Cirko direktoriaus dukt\u0117","isPartOf":{"@id":"https:\/\/skaitytaknyga.lt\/#website"},"primaryImageOfPage":{"@id":"https:\/\/skaitytaknyga.lt\/produktas\/jostein-gaarder-cirko-direktoriaus-dukte\/#primaryimage"},"image":{"@id":"https:\/\/skaitytaknyga.lt\/produktas\/jostein-gaarder-cirko-direktoriaus-dukte\/#primaryimage"},"thumbnailUrl":"https:\/\/skaitytaknyga.lt\/wp-content\/uploads\/2024\/07\/1462873752_cirko-direktoriaus-dukte.webp","datePublished":"2024-07-19T12:58:48+00:00","dateModified":"2025-05-24T17:53:24+00:00","description":"\u0160is romanas apie savaval\u012f \u0161achmatinink\u0105, lemting\u0105 erotin\u012f ry\u0161\u012f, vor\u0105, kuris \u012fkliuvo \u012f savo paties pinkles, visus, nor\u0117jusius ra\u0161yti.","breadcrumb":{"@id":"https:\/\/skaitytaknyga.lt\/produktas\/jostein-gaarder-cirko-direktoriaus-dukte\/#breadcrumb"},"inLanguage":"en-GB","potentialAction":[{"@type":"ReadAction","target":["https:\/\/skaitytaknyga.lt\/produktas\/jostein-gaarder-cirko-direktoriaus-dukte\/"]}]},{"@type":"ImageObject","inLanguage":"en-GB","@id":"https:\/\/skaitytaknyga.lt\/produktas\/jostein-gaarder-cirko-direktoriaus-dukte\/#primaryimage","url":"https:\/\/skaitytaknyga.lt\/wp-content\/uploads\/2024\/07\/1462873752_cirko-direktoriaus-dukte.webp","contentUrl":"https:\/\/skaitytaknyga.lt\/wp-content\/uploads\/2024\/07\/1462873752_cirko-direktoriaus-dukte.webp","width":428,"height":707,"caption":"Cirko direktoriaus dukt\u0117"},{"@type":"BreadcrumbList","@id":"https:\/\/skaitytaknyga.lt\/produktas\/jostein-gaarder-cirko-direktoriaus-dukte\/#breadcrumb","itemListElement":[{"@type":"ListItem","position":1,"name":"Home","item":"https:\/\/skaitytaknyga.lt\/"},{"@type":"ListItem","position":2,"name":"Parduotuv\u0117","item":"https:\/\/skaitytaknyga.lt\/knygu-parduotuve\/"},{"@type":"ListItem","position":3,"name":"Cirko direktoriaus dukt\u0117"}]},{"@type":"WebSite","@id":"https:\/\/skaitytaknyga.lt\/#website","url":"https:\/\/skaitytaknyga.lt\/","name":"skaitytaknyga.lt","description":"Skaitytaknyga.lt \u2013 tai ma\u017eas \u0161eimos verslas, kuris prasid\u0117jo nuo meil\u0117s knygoms ir siekio i\u0161gelb\u0117ti knygas nuo likimo prie konteinerio. Kas vienam nereikalingas daiktas \u2013 kitam lobis, o mes esame tarpininkai, kurie padeda abiems tapti laimingesniems ???? \u017dinome kaip nelengva i\u0161gyventi ma\u017eiems verslams, tad nuo \u0161iol, \u010dia rasite ir kit\u0173, ma\u017e\u0173 \u0161eim\u0173 versl\u0173, rank\u0173 darbo, dovan\u0173 sau ir artimiesiems.","publisher":{"@id":"https:\/\/skaitytaknyga.lt\/#organization"},"potentialAction":[{"@type":"SearchAction","target":{"@type":"EntryPoint","urlTemplate":"https:\/\/skaitytaknyga.lt\/?s={search_term_string}"},"query-input":{"@type":"PropertyValueSpecification","valueRequired":true,"valueName":"search_term_string"}}],"inLanguage":"en-GB"},{"@type":"Organization","@id":"https:\/\/skaitytaknyga.lt\/#organization","name":"skaitytaknyga.lt","url":"https:\/\/skaitytaknyga.lt\/","logo":{"@type":"ImageObject","inLanguage":"en-GB","@id":"https:\/\/skaitytaknyga.lt\/#\/schema\/logo\/image\/","url":"https:\/\/skaitytaknyga.lt\/wp-content\/uploads\/2024\/05\/cropped-cropped-cropped-02_00843_jt3bggkj1j3HLc7SyY6rEUpg.jpeg","contentUrl":"https:\/\/skaitytaknyga.lt\/wp-content\/uploads\/2024\/05\/cropped-cropped-cropped-02_00843_jt3bggkj1j3HLc7SyY6rEUpg.jpeg","width":1600,"height":1600,"caption":"skaitytaknyga.lt"},"image":{"@id":"https:\/\/skaitytaknyga.lt\/#\/schema\/logo\/image\/"},"sameAs":["https:\/\/www.facebook.com\/skaitytaknyga\/"]}]}},"_links":{"self":[{"href":"https:\/\/skaitytaknyga.lt\/en\/wp-json\/wp\/v2\/product\/13224","targetHints":{"allow":["GET"]}}],"collection":[{"href":"https:\/\/skaitytaknyga.lt\/en\/wp-json\/wp\/v2\/product"}],"about":[{"href":"https:\/\/skaitytaknyga.lt\/en\/wp-json\/wp\/v2\/types\/product"}],"replies":[{"embeddable":true,"href":"https:\/\/skaitytaknyga.lt\/en\/wp-json\/wp\/v2\/comments?post=13224"}],"wp:featuredmedia":[{"embeddable":true,"href":"https:\/\/skaitytaknyga.lt\/en\/wp-json\/wp\/v2\/media\/13225"}],"wp:attachment":[{"href":"https:\/\/skaitytaknyga.lt\/en\/wp-json\/wp\/v2\/media?parent=13224"}],"wp:term":[{"taxonomy":"product_brand","embeddable":true,"href":"https:\/\/skaitytaknyga.lt\/en\/wp-json\/wp\/v2\/product_brand?post=13224"},{"taxonomy":"product_cat","embeddable":true,"href":"https:\/\/skaitytaknyga.lt\/en\/wp-json\/wp\/v2\/product_cat?post=13224"},{"taxonomy":"product_tag","embeddable":true,"href":"https:\/\/skaitytaknyga.lt\/en\/wp-json\/wp\/v2\/product_tag?post=13224"}],"curies":[{"name":"wp","href":"https:\/\/api.w.org\/{rel}","templated":true}]}}