{"id":13221,"date":"2024-07-19T15:53:20","date_gmt":"2024-07-19T12:53:20","guid":{"rendered":"https:\/\/skaitytaknyga.lt\/?post_type=product&#038;p=13221"},"modified":"2024-07-19T16:01:28","modified_gmt":"2024-07-19T13:01:28","slug":"anna-newton-darnus-gyvenimas-paprasti-zingsniai-kurie-pades-sustyguoti-gyvenima-darbe-ir-namuose","status":"publish","type":"product","link":"https:\/\/skaitytaknyga.lt\/en\/produktas\/anna-newton-darnus-gyvenimas-paprasti-zingsniai-kurie-pades-sustyguoti-gyvenima-darbe-ir-namuose\/","title":{"rendered":"Anna Newton \u201eDarnus gyvenimas: paprasti \u017eingsniai, kurie pad\u0117s sustyguoti gyvenim\u0105 darbe ir namuose\u201c"},"content":{"rendered":"<p>Knygos\u00a0<strong>\u201eDarnus gyvenimas\u201c<\/strong>\u00a0autor\u0117 Anna yra tipi\u0161ka Mergel\u0117 \u2013 dievina tvark\u0105 ir organizuotum\u0105. Perskai\u010diusi daugyb\u0119 knyg\u0173 \u0161ia tema, ji suprato kai k\u0105 i\u0161ties svarbaus: n\u0117ra vieno recepto, kuris nubr\u0117\u017et\u0173 tikslias gaires, kaip susikurti tvarking\u0105, streso nekelian\u010di\u0105 kasdienyb\u0119; n\u0117ra ir vieno visiems vienodai tinkamo atsakymo. Juk harmoningas ir tvarkingas gyvenimas \u2013 tai ne tik tvarka stal\u010diuose ar dabar madingas minimalizmas&#8230;<\/p>\n<p>Darnos gyvenime paie\u0161kas autor\u0117 supranta kaip nenutr\u016bkstam\u0105 proces\u0105: \u012fvald\u017eius pagrindinius \u017eingsnius i\u0161mokstama sustyguoti skirtingas gyvenimo sritis, savo energij\u0105 naudoti taupiai bei tikslingai, daugiau laiko skirti tam, kas i\u0161ties d\u017eiugina.<\/p>\n<p>Darnus gyvenimas \u2013 tai praktin\u0117, ai\u0161kios strukt\u016bros knyga, kurioje Anna Newton pristato vis\u0105 eil\u0119 b\u016bd\u0173 naujiems \u012fpro\u010diams kurti, o skaitytojai gali atsirinkti sau aktualiausias temas.<\/p>\n<p>Nuo Marie Kondo \u012fkv\u0117pt\u0173 patarim\u0173, kaip \u012fvesti tvark\u0105 namuose ir atsikratyti sukaupto daikt\u0173 balasto, iki biud\u017eeto ir dienotvark\u0117s planavimo, sumani\u0173 pirkini\u0173 ir kokybi\u0161ko garderobo. Nuo d\u0117mesio sau ir r\u016bpinimosi fizine bei psichine sveikata ritual\u0173 iki subalansuoto socialinio gyvenimo, efektyviai ir prasmingai i\u0161naudojamo laiko darbui bei poilsiui.<\/p>\n<p>&nbsp;<\/p>\n","protected":false},"excerpt":{"rendered":"<p>Knygos\u00a0\u201eDarnus gyvenimas\u201c\u00a0autor\u0117 Anna yra tipi\u0161ka Mergel\u0117 \u2013 dievina tvark\u0105 ir organizuotum\u0105. Perskai\u010diusi daugyb\u0119 knyg\u0173 \u0161ia tema, ji suprato kai k\u0105 i\u0161ties svarbaus: n\u0117ra vieno recepto, kuris nubr\u0117\u017et\u0173 tikslias gaires, kaip susikurti tvarking\u0105, streso nekelian\u010di\u0105 kasdienyb\u0119; n\u0117ra ir vieno visiems vienodai tinkamo atsakymo. Juk harmoningas ir tvarkingas gyvenimas \u2013 tai ne tik tvarka stal\u010diuose ar dabar madingas minimalizmas&#8230; Darnos gyvenime paie\u0161kas autor\u0117 supranta kaip nenutr\u016bkstam\u0105 proces\u0105: \u012fvald\u017eius pagrindinius \u017eingsnius i\u0161mokstama sustyguoti skirtingas gyvenimo sritis, savo energij\u0105 naudoti taupiai bei tikslingai, daugiau laiko skirti tam, kas i\u0161ties d\u017eiugina. Darnus gyvenimas \u2013 tai praktin\u0117, ai\u0161kios strukt\u016bros knyga, kurioje Anna Newton pristato vis\u0105 eil\u0119 b\u016bd\u0173 naujiems \u012fpro\u010diams kurti, o skaitytojai gali atsirinkti sau aktualiausias temas. Nuo Marie Kondo \u012fkv\u0117pt\u0173 patarim\u0173, kaip \u012fvesti tvark\u0105 namuose ir atsikratyti sukaupto daikt\u0173 balasto, iki biud\u017eeto ir dienotvark\u0117s planavimo, sumani\u0173 pirkini\u0173 ir kokybi\u0161ko garderobo. Nuo d\u0117mesio sau ir r\u016bpinimosi fizine bei psichine sveikata ritual\u0173 iki subalansuoto socialinio gyvenimo, efektyviai ir prasmingai i\u0161naudojamo laiko darbui bei poilsiui. &nbsp;<\/p>\n","protected":false},"featured_media":13223,"comment_status":"closed","ping_status":"closed","template":"","meta":{"_acf_changed":false,"site-sidebar-layout":"default","site-content-layout":"","ast-site-content-layout":"default","site-content-style":"default","site-sidebar-style":"default","ast-global-header-display":"","ast-banner-title-visibility":"","ast-main-header-display":"","ast-hfb-above-header-display":"","ast-hfb-below-header-display":"","ast-hfb-mobile-header-display":"","site-post-title":"","ast-breadcrumbs-content":"","ast-featured-img":"","footer-sml-layout":"","ast-disable-related-posts":"","theme-transparent-header-meta":"default","adv-header-id-meta":"","stick-header-meta":"","header-above-stick-meta":"","header-main-stick-meta":"","header-below-stick-meta":"","astra-migrate-meta-layouts":"set","ast-page-background-enabled":"default","ast-page-background-meta":{"desktop":{"background-color":"","background-image":"","background-repeat":"repeat","background-position":"center center","background-size":"auto","background-attachment":"scroll","background-type":"","background-media":"","overlay-type":"","overlay-color":"","overlay-opacity":"","overlay-gradient":""},"tablet":{"background-color":"","background-image":"","background-repeat":"repeat","background-position":"center center","background-size":"auto","background-attachment":"scroll","background-type":"","background-media":"","overlay-type":"","overlay-color":"","overlay-opacity":"","overlay-gradient":""},"mobile":{"background-color":"","background-image":"","background-repeat":"repeat","background-position":"center center","background-size":"auto","background-attachment":"scroll","background-type":"","background-media":"","overlay-type":"","overlay-color":"","overlay-opacity":"","overlay-gradient":""}},"ast-content-background-meta":{"desktop":{"background-color":"var(--ast-global-color-4)","background-image":"","background-repeat":"repeat","background-position":"center center","background-size":"auto","background-attachment":"scroll","background-type":"","background-media":"","overlay-type":"","overlay-color":"","overlay-opacity":"","overlay-gradient":""},"tablet":{"background-color":"var(--ast-global-color-4)","background-image":"","background-repeat":"repeat","background-position":"center center","background-size":"auto","background-attachment":"scroll","background-type":"","background-media":"","overlay-type":"","overlay-color":"","overlay-opacity":"","overlay-gradient":""},"mobile":{"background-color":"var(--ast-global-color-4)","background-image":"","background-repeat":"repeat","background-position":"center center","background-size":"auto","background-attachment":"scroll","background-type":"","background-media":"","overlay-type":"","overlay-color":"","overlay-opacity":"","overlay-gradient":""}}},"product_brand":[],"product_cat":[30],"product_tag":[],"class_list":{"0":"post-13221","1":"product","2":"type-product","3":"status-publish","4":"has-post-thumbnail","6":"product_cat-psichologija-ir-saviugda","7":"desktop-align-left","8":"tablet-align-left","9":"mobile-align-left","11":"first","12":"instock","13":"shipping-taxable","14":"purchasable","15":"product-type-simple"},"acf":[],"yoast_head":"<!-- This site is optimized with the Yoast SEO plugin v27.0 - https:\/\/yoast.com\/product\/yoast-seo-wordpress\/ -->\n<title>Anna Newton \u201eDarnus gyvenimas: paprasti \u017eingsniai, kurie pad\u0117s sustyguoti gyvenim\u0105 darbe ir namuose\u201c<\/title>\n<meta name=\"description\" content=\"Darnus gyvenimas \u2013 tai praktin\u0117, ai\u0161kios strukt\u016bros knyga, kurioje daug b\u016bd\u0173 naujiems \u012fpro\u010diams kurti, skaitytojai gali atsirinkti sau aktualiausias temas.\" \/>\n<meta name=\"robots\" content=\"index, follow, max-snippet:-1, max-image-preview:large, max-video-preview:-1\" \/>\n<link rel=\"canonical\" href=\"https:\/\/skaitytaknyga.lt\/en\/produktas\/anna-newton-darnus-gyvenimas-paprasti-zingsniai-kurie-pades-sustyguoti-gyvenima-darbe-ir-namuose\/\" \/>\n<meta property=\"og:locale\" content=\"en_GB\" \/>\n<meta property=\"og:locale:alternate\" content=\"lt_LT\" \/>\n<meta property=\"og:type\" content=\"article\" \/>\n<meta property=\"og:title\" content=\"Anna Newton \u201eDarnus gyvenimas: paprasti \u017eingsniai, kurie pad\u0117s sustyguoti gyvenim\u0105 darbe ir namuose\u201c\" \/>\n<meta property=\"og:description\" content=\"Darnus gyvenimas \u2013 tai praktin\u0117, ai\u0161kios strukt\u016bros knyga, kurioje daug b\u016bd\u0173 naujiems \u012fpro\u010diams kurti, skaitytojai gali atsirinkti sau aktualiausias temas.\" \/>\n<meta property=\"og:url\" content=\"https:\/\/skaitytaknyga.lt\/en\/produktas\/anna-newton-darnus-gyvenimas-paprasti-zingsniai-kurie-pades-sustyguoti-gyvenima-darbe-ir-namuose\/\" \/>\n<meta property=\"og:site_name\" content=\"Skaitytaknyga\" \/>\n<meta property=\"article:publisher\" content=\"https:\/\/www.facebook.com\/skaitytaknyga\/\" \/>\n<meta property=\"article:modified_time\" content=\"2024-07-19T13:01:28+00:00\" \/>\n<meta property=\"og:image\" content=\"https:\/\/skaitytaknyga.lt\/wp-content\/uploads\/2024\/07\/1595840906_darnus-gyvenimas_virselis.webp\" \/>\n\t<meta property=\"og:image:width\" content=\"535\" \/>\n\t<meta property=\"og:image:height\" content=\"800\" \/>\n\t<meta property=\"og:image:type\" content=\"image\/webp\" \/>\n<meta name=\"twitter:card\" content=\"summary_large_image\" \/>\n<meta name=\"twitter:label1\" content=\"Estimated reading time\" \/>\n\t<meta name=\"twitter:data1\" content=\"2 minutes\" \/>\n<script type=\"application\/ld+json\" class=\"yoast-schema-graph\">{\"@context\":\"https:\/\/schema.org\",\"@graph\":[{\"@type\":\"WebPage\",\"@id\":\"https:\/\/skaitytaknyga.lt\/produktas\/anna-newton-darnus-gyvenimas-paprasti-zingsniai-kurie-pades-sustyguoti-gyvenima-darbe-ir-namuose\/\",\"url\":\"https:\/\/skaitytaknyga.lt\/produktas\/anna-newton-darnus-gyvenimas-paprasti-zingsniai-kurie-pades-sustyguoti-gyvenima-darbe-ir-namuose\/\",\"name\":\"Anna Newton \u201eDarnus gyvenimas: paprasti \u017eingsniai, kurie pad\u0117s sustyguoti gyvenim\u0105 darbe ir namuose\u201c\",\"isPartOf\":{\"@id\":\"https:\/\/skaitytaknyga.lt\/#website\"},\"primaryImageOfPage\":{\"@id\":\"https:\/\/skaitytaknyga.lt\/produktas\/anna-newton-darnus-gyvenimas-paprasti-zingsniai-kurie-pades-sustyguoti-gyvenima-darbe-ir-namuose\/#primaryimage\"},\"image\":{\"@id\":\"https:\/\/skaitytaknyga.lt\/produktas\/anna-newton-darnus-gyvenimas-paprasti-zingsniai-kurie-pades-sustyguoti-gyvenima-darbe-ir-namuose\/#primaryimage\"},\"thumbnailUrl\":\"https:\/\/skaitytaknyga.lt\/wp-content\/uploads\/2024\/07\/1595840906_darnus-gyvenimas_virselis.webp\",\"datePublished\":\"2024-07-19T12:53:20+00:00\",\"dateModified\":\"2024-07-19T13:01:28+00:00\",\"description\":\"Darnus gyvenimas \u2013 tai praktin\u0117, ai\u0161kios strukt\u016bros knyga, kurioje daug b\u016bd\u0173 naujiems \u012fpro\u010diams kurti, skaitytojai gali atsirinkti sau aktualiausias temas.\",\"breadcrumb\":{\"@id\":\"https:\/\/skaitytaknyga.lt\/produktas\/anna-newton-darnus-gyvenimas-paprasti-zingsniai-kurie-pades-sustyguoti-gyvenima-darbe-ir-namuose\/#breadcrumb\"},\"inLanguage\":\"en-GB\",\"potentialAction\":[{\"@type\":\"ReadAction\",\"target\":[\"https:\/\/skaitytaknyga.lt\/produktas\/anna-newton-darnus-gyvenimas-paprasti-zingsniai-kurie-pades-sustyguoti-gyvenima-darbe-ir-namuose\/\"]}]},{\"@type\":\"ImageObject\",\"inLanguage\":\"en-GB\",\"@id\":\"https:\/\/skaitytaknyga.lt\/produktas\/anna-newton-darnus-gyvenimas-paprasti-zingsniai-kurie-pades-sustyguoti-gyvenima-darbe-ir-namuose\/#primaryimage\",\"url\":\"https:\/\/skaitytaknyga.lt\/wp-content\/uploads\/2024\/07\/1595840906_darnus-gyvenimas_virselis.webp\",\"contentUrl\":\"https:\/\/skaitytaknyga.lt\/wp-content\/uploads\/2024\/07\/1595840906_darnus-gyvenimas_virselis.webp\",\"width\":535,\"height\":800,\"caption\":\"Darnus gyvenimas:\"},{\"@type\":\"BreadcrumbList\",\"@id\":\"https:\/\/skaitytaknyga.lt\/produktas\/anna-newton-darnus-gyvenimas-paprasti-zingsniai-kurie-pades-sustyguoti-gyvenima-darbe-ir-namuose\/#breadcrumb\",\"itemListElement\":[{\"@type\":\"ListItem\",\"position\":1,\"name\":\"Home\",\"item\":\"https:\/\/skaitytaknyga.lt\/\"},{\"@type\":\"ListItem\",\"position\":2,\"name\":\"Parduotuv\u0117\",\"item\":\"https:\/\/skaitytaknyga.lt\/knygu-parduotuve\/\"},{\"@type\":\"ListItem\",\"position\":3,\"name\":\"Anna Newton \u201eDarnus gyvenimas: paprasti \u017eingsniai, kurie pad\u0117s sustyguoti gyvenim\u0105 darbe ir namuose\u201c\"}]},{\"@type\":\"WebSite\",\"@id\":\"https:\/\/skaitytaknyga.lt\/#website\",\"url\":\"https:\/\/skaitytaknyga.lt\/\",\"name\":\"skaitytaknyga.lt\",\"description\":\"Skaitytaknyga.lt \u2013 tai ma\u017eas \u0161eimos verslas, kuris prasid\u0117jo nuo meil\u0117s knygoms ir siekio i\u0161gelb\u0117ti knygas nuo likimo prie konteinerio. Kas vienam nereikalingas daiktas \u2013 kitam lobis, o mes esame tarpininkai, kurie padeda abiems tapti laimingesniems ???? \u017dinome kaip nelengva i\u0161gyventi ma\u017eiems verslams, tad nuo \u0161iol, \u010dia rasite ir kit\u0173, ma\u017e\u0173 \u0161eim\u0173 versl\u0173, rank\u0173 darbo, dovan\u0173 sau ir artimiesiems.\",\"publisher\":{\"@id\":\"https:\/\/skaitytaknyga.lt\/#organization\"},\"potentialAction\":[{\"@type\":\"SearchAction\",\"target\":{\"@type\":\"EntryPoint\",\"urlTemplate\":\"https:\/\/skaitytaknyga.lt\/?s={search_term_string}\"},\"query-input\":{\"@type\":\"PropertyValueSpecification\",\"valueRequired\":true,\"valueName\":\"search_term_string\"}}],\"inLanguage\":\"en-GB\"},{\"@type\":\"Organization\",\"@id\":\"https:\/\/skaitytaknyga.lt\/#organization\",\"name\":\"skaitytaknyga.lt\",\"url\":\"https:\/\/skaitytaknyga.lt\/\",\"logo\":{\"@type\":\"ImageObject\",\"inLanguage\":\"en-GB\",\"@id\":\"https:\/\/skaitytaknyga.lt\/#\/schema\/logo\/image\/\",\"url\":\"https:\/\/skaitytaknyga.lt\/wp-content\/uploads\/2024\/05\/cropped-cropped-cropped-02_00843_jt3bggkj1j3HLc7SyY6rEUpg.jpeg\",\"contentUrl\":\"https:\/\/skaitytaknyga.lt\/wp-content\/uploads\/2024\/05\/cropped-cropped-cropped-02_00843_jt3bggkj1j3HLc7SyY6rEUpg.jpeg\",\"width\":1600,\"height\":1600,\"caption\":\"skaitytaknyga.lt\"},\"image\":{\"@id\":\"https:\/\/skaitytaknyga.lt\/#\/schema\/logo\/image\/\"},\"sameAs\":[\"https:\/\/www.facebook.com\/skaitytaknyga\/\"]}]}<\/script>\n<!-- \/ Yoast SEO plugin. -->","yoast_head_json":{"title":"Anna Newton \u201eDarnus gyvenimas: paprasti \u017eingsniai, kurie pad\u0117s sustyguoti gyvenim\u0105 darbe ir namuose\u201c","description":"Darnus gyvenimas \u2013 tai praktin\u0117, ai\u0161kios strukt\u016bros knyga, kurioje daug b\u016bd\u0173 naujiems \u012fpro\u010diams kurti, skaitytojai gali atsirinkti sau aktualiausias temas.","robots":{"index":"index","follow":"follow","max-snippet":"max-snippet:-1","max-image-preview":"max-image-preview:large","max-video-preview":"max-video-preview:-1"},"canonical":"https:\/\/skaitytaknyga.lt\/en\/produktas\/anna-newton-darnus-gyvenimas-paprasti-zingsniai-kurie-pades-sustyguoti-gyvenima-darbe-ir-namuose\/","og_locale":"en_GB","og_type":"article","og_title":"[:lt]Anna Newton \u201eDarnus gyvenimas: paprasti \u017eingsniai, kurie pad\u0117s sustyguoti gyvenim\u0105 darbe ir namuose\u201c[:] -","og_description":"Darnus gyvenimas \u2013 tai praktin\u0117, ai\u0161kios strukt\u016bros knyga, kurioje daug b\u016bd\u0173 naujiems \u012fpro\u010diams kurti, skaitytojai gali atsirinkti sau aktualiausias temas.","og_url":"https:\/\/skaitytaknyga.lt\/en\/produktas\/anna-newton-darnus-gyvenimas-paprasti-zingsniai-kurie-pades-sustyguoti-gyvenima-darbe-ir-namuose\/","og_site_name":"Skaitytaknyga","article_publisher":"https:\/\/www.facebook.com\/skaitytaknyga\/","article_modified_time":"2024-07-19T13:01:28+00:00","og_image":[{"width":535,"height":800,"url":"https:\/\/skaitytaknyga.lt\/wp-content\/uploads\/2024\/07\/1595840906_darnus-gyvenimas_virselis.webp","type":"image\/webp"}],"twitter_card":"summary_large_image","twitter_misc":{"Estimated reading time":"2 minutes"},"schema":{"@context":"https:\/\/schema.org","@graph":[{"@type":"WebPage","@id":"https:\/\/skaitytaknyga.lt\/produktas\/anna-newton-darnus-gyvenimas-paprasti-zingsniai-kurie-pades-sustyguoti-gyvenima-darbe-ir-namuose\/","url":"https:\/\/skaitytaknyga.lt\/produktas\/anna-newton-darnus-gyvenimas-paprasti-zingsniai-kurie-pades-sustyguoti-gyvenima-darbe-ir-namuose\/","name":"Anna Newton \u201eDarnus gyvenimas: paprasti \u017eingsniai, kurie pad\u0117s sustyguoti gyvenim\u0105 darbe ir namuose\u201c","isPartOf":{"@id":"https:\/\/skaitytaknyga.lt\/#website"},"primaryImageOfPage":{"@id":"https:\/\/skaitytaknyga.lt\/produktas\/anna-newton-darnus-gyvenimas-paprasti-zingsniai-kurie-pades-sustyguoti-gyvenima-darbe-ir-namuose\/#primaryimage"},"image":{"@id":"https:\/\/skaitytaknyga.lt\/produktas\/anna-newton-darnus-gyvenimas-paprasti-zingsniai-kurie-pades-sustyguoti-gyvenima-darbe-ir-namuose\/#primaryimage"},"thumbnailUrl":"https:\/\/skaitytaknyga.lt\/wp-content\/uploads\/2024\/07\/1595840906_darnus-gyvenimas_virselis.webp","datePublished":"2024-07-19T12:53:20+00:00","dateModified":"2024-07-19T13:01:28+00:00","description":"Darnus gyvenimas \u2013 tai praktin\u0117, ai\u0161kios strukt\u016bros knyga, kurioje daug b\u016bd\u0173 naujiems \u012fpro\u010diams kurti, skaitytojai gali atsirinkti sau aktualiausias temas.","breadcrumb":{"@id":"https:\/\/skaitytaknyga.lt\/produktas\/anna-newton-darnus-gyvenimas-paprasti-zingsniai-kurie-pades-sustyguoti-gyvenima-darbe-ir-namuose\/#breadcrumb"},"inLanguage":"en-GB","potentialAction":[{"@type":"ReadAction","target":["https:\/\/skaitytaknyga.lt\/produktas\/anna-newton-darnus-gyvenimas-paprasti-zingsniai-kurie-pades-sustyguoti-gyvenima-darbe-ir-namuose\/"]}]},{"@type":"ImageObject","inLanguage":"en-GB","@id":"https:\/\/skaitytaknyga.lt\/produktas\/anna-newton-darnus-gyvenimas-paprasti-zingsniai-kurie-pades-sustyguoti-gyvenima-darbe-ir-namuose\/#primaryimage","url":"https:\/\/skaitytaknyga.lt\/wp-content\/uploads\/2024\/07\/1595840906_darnus-gyvenimas_virselis.webp","contentUrl":"https:\/\/skaitytaknyga.lt\/wp-content\/uploads\/2024\/07\/1595840906_darnus-gyvenimas_virselis.webp","width":535,"height":800,"caption":"Darnus gyvenimas:"},{"@type":"BreadcrumbList","@id":"https:\/\/skaitytaknyga.lt\/produktas\/anna-newton-darnus-gyvenimas-paprasti-zingsniai-kurie-pades-sustyguoti-gyvenima-darbe-ir-namuose\/#breadcrumb","itemListElement":[{"@type":"ListItem","position":1,"name":"Home","item":"https:\/\/skaitytaknyga.lt\/"},{"@type":"ListItem","position":2,"name":"Parduotuv\u0117","item":"https:\/\/skaitytaknyga.lt\/knygu-parduotuve\/"},{"@type":"ListItem","position":3,"name":"Anna Newton \u201eDarnus gyvenimas: paprasti \u017eingsniai, kurie pad\u0117s sustyguoti gyvenim\u0105 darbe ir namuose\u201c"}]},{"@type":"WebSite","@id":"https:\/\/skaitytaknyga.lt\/#website","url":"https:\/\/skaitytaknyga.lt\/","name":"skaitytaknyga.lt","description":"Skaitytaknyga.lt \u2013 tai ma\u017eas \u0161eimos verslas, kuris prasid\u0117jo nuo meil\u0117s knygoms ir siekio i\u0161gelb\u0117ti knygas nuo likimo prie konteinerio. Kas vienam nereikalingas daiktas \u2013 kitam lobis, o mes esame tarpininkai, kurie padeda abiems tapti laimingesniems ???? \u017dinome kaip nelengva i\u0161gyventi ma\u017eiems verslams, tad nuo \u0161iol, \u010dia rasite ir kit\u0173, ma\u017e\u0173 \u0161eim\u0173 versl\u0173, rank\u0173 darbo, dovan\u0173 sau ir artimiesiems.","publisher":{"@id":"https:\/\/skaitytaknyga.lt\/#organization"},"potentialAction":[{"@type":"SearchAction","target":{"@type":"EntryPoint","urlTemplate":"https:\/\/skaitytaknyga.lt\/?s={search_term_string}"},"query-input":{"@type":"PropertyValueSpecification","valueRequired":true,"valueName":"search_term_string"}}],"inLanguage":"en-GB"},{"@type":"Organization","@id":"https:\/\/skaitytaknyga.lt\/#organization","name":"skaitytaknyga.lt","url":"https:\/\/skaitytaknyga.lt\/","logo":{"@type":"ImageObject","inLanguage":"en-GB","@id":"https:\/\/skaitytaknyga.lt\/#\/schema\/logo\/image\/","url":"https:\/\/skaitytaknyga.lt\/wp-content\/uploads\/2024\/05\/cropped-cropped-cropped-02_00843_jt3bggkj1j3HLc7SyY6rEUpg.jpeg","contentUrl":"https:\/\/skaitytaknyga.lt\/wp-content\/uploads\/2024\/05\/cropped-cropped-cropped-02_00843_jt3bggkj1j3HLc7SyY6rEUpg.jpeg","width":1600,"height":1600,"caption":"skaitytaknyga.lt"},"image":{"@id":"https:\/\/skaitytaknyga.lt\/#\/schema\/logo\/image\/"},"sameAs":["https:\/\/www.facebook.com\/skaitytaknyga\/"]}]}},"_links":{"self":[{"href":"https:\/\/skaitytaknyga.lt\/en\/wp-json\/wp\/v2\/product\/13221","targetHints":{"allow":["GET"]}}],"collection":[{"href":"https:\/\/skaitytaknyga.lt\/en\/wp-json\/wp\/v2\/product"}],"about":[{"href":"https:\/\/skaitytaknyga.lt\/en\/wp-json\/wp\/v2\/types\/product"}],"replies":[{"embeddable":true,"href":"https:\/\/skaitytaknyga.lt\/en\/wp-json\/wp\/v2\/comments?post=13221"}],"wp:featuredmedia":[{"embeddable":true,"href":"https:\/\/skaitytaknyga.lt\/en\/wp-json\/wp\/v2\/media\/13223"}],"wp:attachment":[{"href":"https:\/\/skaitytaknyga.lt\/en\/wp-json\/wp\/v2\/media?parent=13221"}],"wp:term":[{"taxonomy":"product_brand","embeddable":true,"href":"https:\/\/skaitytaknyga.lt\/en\/wp-json\/wp\/v2\/product_brand?post=13221"},{"taxonomy":"product_cat","embeddable":true,"href":"https:\/\/skaitytaknyga.lt\/en\/wp-json\/wp\/v2\/product_cat?post=13221"},{"taxonomy":"product_tag","embeddable":true,"href":"https:\/\/skaitytaknyga.lt\/en\/wp-json\/wp\/v2\/product_tag?post=13221"}],"curies":[{"name":"wp","href":"https:\/\/api.w.org\/{rel}","templated":true}]}}