{"id":13219,"date":"2024-07-19T15:47:35","date_gmt":"2024-07-19T12:47:35","guid":{"rendered":"https:\/\/skaitytaknyga.lt\/?post_type=product&#038;p=13219"},"modified":"2024-07-19T16:01:36","modified_gmt":"2024-07-19T13:01:36","slug":"atviri-keliauninko-pasakojimai-savo-dvasios-tevui","status":"publish","type":"product","link":"https:\/\/skaitytaknyga.lt\/en\/produktas\/atviri-keliauninko-pasakojimai-savo-dvasios-tevui\/","title":{"rendered":"Atviri keliauninko pasakojimai savo dvasios t\u0117vui"},"content":{"rendered":"<p style=\"text-align: left;\" align=\"right\">\u201eAtviri keliauninko pasakojimai savo dvasios t\u0117vui\u201c, para\u0161yti XIX am\u017eiuje, atveria turting\u0105 Ryt\u0173 krik\u0161\u010dioni\u0173 tradicij\u0105. Kelias \u012f dangaus ir \u017eem\u0117s jungt\u012f eina per \u0161irdies mald\u0105, kuri\u0105 puosel\u0117jo jau patys pirmieji Ba\u017eny\u010dios T\u0117vai ir kuri sudaro Ryt\u0173 krik\u0161\u010dioni\u0173 dvasinio gyvenimo pamat\u0105. Maldininko kelion\u0117s, pasakojimai, pokalbiai su i\u0161mintingais senoliais, vienuoliais praskleid\u017eia gyvenimo prasm\u0117s paslapt\u012f, kuri\u0105 atranda elgeta ir turtuolis, bet kuri\u0105 kiekvienas gali ir lengvai prarasti\u2026 neie\u0161kodamas.<\/p>\n","protected":false},"excerpt":{"rendered":"<p>\u201eAtviri keliauninko pasakojimai savo dvasios t\u0117vui\u201c, para\u0161yti XIX am\u017eiuje, atveria turting\u0105 Ryt\u0173 krik\u0161\u010dioni\u0173 tradicij\u0105. Kelias \u012f dangaus ir \u017eem\u0117s jungt\u012f eina per \u0161irdies mald\u0105, kuri\u0105 puosel\u0117jo jau patys pirmieji Ba\u017eny\u010dios T\u0117vai ir kuri sudaro Ryt\u0173 krik\u0161\u010dioni\u0173 dvasinio gyvenimo pamat\u0105. Maldininko kelion\u0117s, pasakojimai, pokalbiai su i\u0161mintingais senoliais, vienuoliais praskleid\u017eia gyvenimo prasm\u0117s paslapt\u012f, kuri\u0105 atranda elgeta ir turtuolis, bet kuri\u0105 kiekvienas gali ir lengvai prarasti\u2026 neie\u0161kodamas.<\/p>\n","protected":false},"featured_media":13220,"comment_status":"open","ping_status":"closed","template":"","meta":{"_acf_changed":false,"site-sidebar-layout":"default","site-content-layout":"","ast-site-content-layout":"default","site-content-style":"default","site-sidebar-style":"default","ast-global-header-display":"","ast-banner-title-visibility":"","ast-main-header-display":"","ast-hfb-above-header-display":"","ast-hfb-below-header-display":"","ast-hfb-mobile-header-display":"","site-post-title":"","ast-breadcrumbs-content":"","ast-featured-img":"","footer-sml-layout":"","ast-disable-related-posts":"","theme-transparent-header-meta":"default","adv-header-id-meta":"","stick-header-meta":"","header-above-stick-meta":"","header-main-stick-meta":"","header-below-stick-meta":"","astra-migrate-meta-layouts":"set","ast-page-background-enabled":"default","ast-page-background-meta":{"desktop":{"background-color":"","background-image":"","background-repeat":"repeat","background-position":"center center","background-size":"auto","background-attachment":"scroll","background-type":"","background-media":"","overlay-type":"","overlay-color":"","overlay-opacity":"","overlay-gradient":""},"tablet":{"background-color":"","background-image":"","background-repeat":"repeat","background-position":"center center","background-size":"auto","background-attachment":"scroll","background-type":"","background-media":"","overlay-type":"","overlay-color":"","overlay-opacity":"","overlay-gradient":""},"mobile":{"background-color":"","background-image":"","background-repeat":"repeat","background-position":"center center","background-size":"auto","background-attachment":"scroll","background-type":"","background-media":"","overlay-type":"","overlay-color":"","overlay-opacity":"","overlay-gradient":""}},"ast-content-background-meta":{"desktop":{"background-color":"var(--ast-global-color-4)","background-image":"","background-repeat":"repeat","background-position":"center center","background-size":"auto","background-attachment":"scroll","background-type":"","background-media":"","overlay-type":"","overlay-color":"","overlay-opacity":"","overlay-gradient":""},"tablet":{"background-color":"var(--ast-global-color-4)","background-image":"","background-repeat":"repeat","background-position":"center center","background-size":"auto","background-attachment":"scroll","background-type":"","background-media":"","overlay-type":"","overlay-color":"","overlay-opacity":"","overlay-gradient":""},"mobile":{"background-color":"var(--ast-global-color-4)","background-image":"","background-repeat":"repeat","background-position":"center center","background-size":"auto","background-attachment":"scroll","background-type":"","background-media":"","overlay-type":"","overlay-color":"","overlay-opacity":"","overlay-gradient":""}}},"product_brand":[],"product_cat":[165],"product_tag":[],"class_list":{"0":"post-13219","1":"product","2":"type-product","3":"status-publish","4":"has-post-thumbnail","6":"product_cat-religija-filosofija-ir-ezoterika","7":"desktop-align-left","8":"tablet-align-left","9":"mobile-align-left","11":"first","12":"instock","13":"shipping-taxable","14":"purchasable","15":"product-type-simple"},"acf":[],"yoast_head":"<!-- This site is optimized with the Yoast SEO plugin v27.0 - https:\/\/yoast.com\/product\/yoast-seo-wordpress\/ -->\n<title>Atviri keliauninko pasakojimai savo dvasios t\u0117vui - skaitytaknyga.lt<\/title>\n<meta name=\"description\" content=\"\u201eAtviri keliauninko pasakojimai savo dvasios t\u0117vui\u201c, para\u0161yti XIX a, apie Ryt\u0173 krik\u0161\u010dioni\u0173 tradicij\u0105. Kelias \u012f dangaus ir \u017eem\u0117s jungt\u012f - per \u0161irdies mald\u0105.\" \/>\n<meta name=\"robots\" content=\"index, follow, max-snippet:-1, max-image-preview:large, max-video-preview:-1\" \/>\n<link rel=\"canonical\" href=\"https:\/\/skaitytaknyga.lt\/en\/produktas\/atviri-keliauninko-pasakojimai-savo-dvasios-tevui\/\" \/>\n<meta property=\"og:locale\" content=\"en_GB\" \/>\n<meta property=\"og:locale:alternate\" content=\"lt_LT\" \/>\n<meta property=\"og:type\" content=\"article\" \/>\n<meta property=\"og:title\" content=\"Atviri keliauninko pasakojimai savo dvasios t\u0117vui - skaitytaknyga.lt\" \/>\n<meta property=\"og:description\" content=\"\u201eAtviri keliauninko pasakojimai savo dvasios t\u0117vui\u201c, para\u0161yti XIX a, apie Ryt\u0173 krik\u0161\u010dioni\u0173 tradicij\u0105. Kelias \u012f dangaus ir \u017eem\u0117s jungt\u012f - per \u0161irdies mald\u0105.\" \/>\n<meta property=\"og:url\" content=\"https:\/\/skaitytaknyga.lt\/en\/produktas\/atviri-keliauninko-pasakojimai-savo-dvasios-tevui\/\" \/>\n<meta property=\"og:site_name\" content=\"Skaitytaknyga\" \/>\n<meta property=\"article:publisher\" content=\"https:\/\/www.facebook.com\/skaitytaknyga\/\" \/>\n<meta property=\"article:modified_time\" content=\"2024-07-19T13:01:36+00:00\" \/>\n<meta property=\"og:image\" content=\"https:\/\/skaitytaknyga.lt\/wp-content\/uploads\/2024\/07\/1462882970_img0010-001.webp\" \/>\n\t<meta property=\"og:image:width\" content=\"497\" \/>\n\t<meta property=\"og:image:height\" content=\"800\" \/>\n\t<meta property=\"og:image:type\" content=\"image\/webp\" \/>\n<meta name=\"twitter:card\" content=\"summary_large_image\" \/>\n<meta name=\"twitter:label1\" content=\"Estimated reading time\" \/>\n\t<meta name=\"twitter:data1\" content=\"1 minute\" \/>\n<script type=\"application\/ld+json\" class=\"yoast-schema-graph\">{\"@context\":\"https:\/\/schema.org\",\"@graph\":[{\"@type\":\"WebPage\",\"@id\":\"https:\/\/skaitytaknyga.lt\/produktas\/atviri-keliauninko-pasakojimai-savo-dvasios-tevui\/\",\"url\":\"https:\/\/skaitytaknyga.lt\/produktas\/atviri-keliauninko-pasakojimai-savo-dvasios-tevui\/\",\"name\":\"Atviri keliauninko pasakojimai savo dvasios t\u0117vui - skaitytaknyga.lt\",\"isPartOf\":{\"@id\":\"https:\/\/skaitytaknyga.lt\/#website\"},\"primaryImageOfPage\":{\"@id\":\"https:\/\/skaitytaknyga.lt\/produktas\/atviri-keliauninko-pasakojimai-savo-dvasios-tevui\/#primaryimage\"},\"image\":{\"@id\":\"https:\/\/skaitytaknyga.lt\/produktas\/atviri-keliauninko-pasakojimai-savo-dvasios-tevui\/#primaryimage\"},\"thumbnailUrl\":\"https:\/\/skaitytaknyga.lt\/wp-content\/uploads\/2024\/07\/1462882970_img0010-001.webp\",\"datePublished\":\"2024-07-19T12:47:35+00:00\",\"dateModified\":\"2024-07-19T13:01:36+00:00\",\"description\":\"\u201eAtviri keliauninko pasakojimai savo dvasios t\u0117vui\u201c, para\u0161yti XIX a, apie Ryt\u0173 krik\u0161\u010dioni\u0173 tradicij\u0105. Kelias \u012f dangaus ir \u017eem\u0117s jungt\u012f - per \u0161irdies mald\u0105.\",\"breadcrumb\":{\"@id\":\"https:\/\/skaitytaknyga.lt\/produktas\/atviri-keliauninko-pasakojimai-savo-dvasios-tevui\/#breadcrumb\"},\"inLanguage\":\"en-GB\",\"potentialAction\":[{\"@type\":\"ReadAction\",\"target\":[\"https:\/\/skaitytaknyga.lt\/produktas\/atviri-keliauninko-pasakojimai-savo-dvasios-tevui\/\"]}]},{\"@type\":\"ImageObject\",\"inLanguage\":\"en-GB\",\"@id\":\"https:\/\/skaitytaknyga.lt\/produktas\/atviri-keliauninko-pasakojimai-savo-dvasios-tevui\/#primaryimage\",\"url\":\"https:\/\/skaitytaknyga.lt\/wp-content\/uploads\/2024\/07\/1462882970_img0010-001.webp\",\"contentUrl\":\"https:\/\/skaitytaknyga.lt\/wp-content\/uploads\/2024\/07\/1462882970_img0010-001.webp\",\"width\":497,\"height\":800,\"caption\":\"Atviri keliauninko pasakojimai savo dvasios t\u0117vui\"},{\"@type\":\"BreadcrumbList\",\"@id\":\"https:\/\/skaitytaknyga.lt\/produktas\/atviri-keliauninko-pasakojimai-savo-dvasios-tevui\/#breadcrumb\",\"itemListElement\":[{\"@type\":\"ListItem\",\"position\":1,\"name\":\"Home\",\"item\":\"https:\/\/skaitytaknyga.lt\/\"},{\"@type\":\"ListItem\",\"position\":2,\"name\":\"Parduotuv\u0117\",\"item\":\"https:\/\/skaitytaknyga.lt\/knygu-parduotuve\/\"},{\"@type\":\"ListItem\",\"position\":3,\"name\":\"Atviri keliauninko pasakojimai savo dvasios t\u0117vui\"}]},{\"@type\":\"WebSite\",\"@id\":\"https:\/\/skaitytaknyga.lt\/#website\",\"url\":\"https:\/\/skaitytaknyga.lt\/\",\"name\":\"skaitytaknyga.lt\",\"description\":\"Skaitytaknyga.lt \u2013 tai ma\u017eas \u0161eimos verslas, kuris prasid\u0117jo nuo meil\u0117s knygoms ir siekio i\u0161gelb\u0117ti knygas nuo likimo prie konteinerio. Kas vienam nereikalingas daiktas \u2013 kitam lobis, o mes esame tarpininkai, kurie padeda abiems tapti laimingesniems ???? \u017dinome kaip nelengva i\u0161gyventi ma\u017eiems verslams, tad nuo \u0161iol, \u010dia rasite ir kit\u0173, ma\u017e\u0173 \u0161eim\u0173 versl\u0173, rank\u0173 darbo, dovan\u0173 sau ir artimiesiems.\",\"publisher\":{\"@id\":\"https:\/\/skaitytaknyga.lt\/#organization\"},\"potentialAction\":[{\"@type\":\"SearchAction\",\"target\":{\"@type\":\"EntryPoint\",\"urlTemplate\":\"https:\/\/skaitytaknyga.lt\/?s={search_term_string}\"},\"query-input\":{\"@type\":\"PropertyValueSpecification\",\"valueRequired\":true,\"valueName\":\"search_term_string\"}}],\"inLanguage\":\"en-GB\"},{\"@type\":\"Organization\",\"@id\":\"https:\/\/skaitytaknyga.lt\/#organization\",\"name\":\"skaitytaknyga.lt\",\"url\":\"https:\/\/skaitytaknyga.lt\/\",\"logo\":{\"@type\":\"ImageObject\",\"inLanguage\":\"en-GB\",\"@id\":\"https:\/\/skaitytaknyga.lt\/#\/schema\/logo\/image\/\",\"url\":\"https:\/\/skaitytaknyga.lt\/wp-content\/uploads\/2024\/05\/cropped-cropped-cropped-02_00843_jt3bggkj1j3HLc7SyY6rEUpg.jpeg\",\"contentUrl\":\"https:\/\/skaitytaknyga.lt\/wp-content\/uploads\/2024\/05\/cropped-cropped-cropped-02_00843_jt3bggkj1j3HLc7SyY6rEUpg.jpeg\",\"width\":1600,\"height\":1600,\"caption\":\"skaitytaknyga.lt\"},\"image\":{\"@id\":\"https:\/\/skaitytaknyga.lt\/#\/schema\/logo\/image\/\"},\"sameAs\":[\"https:\/\/www.facebook.com\/skaitytaknyga\/\"]}]}<\/script>\n<!-- \/ Yoast SEO plugin. -->","yoast_head_json":{"title":"Atviri keliauninko pasakojimai savo dvasios t\u0117vui - skaitytaknyga.lt","description":"\u201eAtviri keliauninko pasakojimai savo dvasios t\u0117vui\u201c, para\u0161yti XIX a, apie Ryt\u0173 krik\u0161\u010dioni\u0173 tradicij\u0105. Kelias \u012f dangaus ir \u017eem\u0117s jungt\u012f - per \u0161irdies mald\u0105.","robots":{"index":"index","follow":"follow","max-snippet":"max-snippet:-1","max-image-preview":"max-image-preview:large","max-video-preview":"max-video-preview:-1"},"canonical":"https:\/\/skaitytaknyga.lt\/en\/produktas\/atviri-keliauninko-pasakojimai-savo-dvasios-tevui\/","og_locale":"en_GB","og_type":"article","og_title":"Atviri keliauninko pasakojimai savo dvasios t\u0117vui - skaitytaknyga.lt","og_description":"\u201eAtviri keliauninko pasakojimai savo dvasios t\u0117vui\u201c, para\u0161yti XIX a, apie Ryt\u0173 krik\u0161\u010dioni\u0173 tradicij\u0105. Kelias \u012f dangaus ir \u017eem\u0117s jungt\u012f - per \u0161irdies mald\u0105.","og_url":"https:\/\/skaitytaknyga.lt\/en\/produktas\/atviri-keliauninko-pasakojimai-savo-dvasios-tevui\/","og_site_name":"Skaitytaknyga","article_publisher":"https:\/\/www.facebook.com\/skaitytaknyga\/","article_modified_time":"2024-07-19T13:01:36+00:00","og_image":[{"width":497,"height":800,"url":"https:\/\/skaitytaknyga.lt\/wp-content\/uploads\/2024\/07\/1462882970_img0010-001.webp","type":"image\/webp"}],"twitter_card":"summary_large_image","twitter_misc":{"Estimated reading time":"1 minute"},"schema":{"@context":"https:\/\/schema.org","@graph":[{"@type":"WebPage","@id":"https:\/\/skaitytaknyga.lt\/produktas\/atviri-keliauninko-pasakojimai-savo-dvasios-tevui\/","url":"https:\/\/skaitytaknyga.lt\/produktas\/atviri-keliauninko-pasakojimai-savo-dvasios-tevui\/","name":"Atviri keliauninko pasakojimai savo dvasios t\u0117vui - skaitytaknyga.lt","isPartOf":{"@id":"https:\/\/skaitytaknyga.lt\/#website"},"primaryImageOfPage":{"@id":"https:\/\/skaitytaknyga.lt\/produktas\/atviri-keliauninko-pasakojimai-savo-dvasios-tevui\/#primaryimage"},"image":{"@id":"https:\/\/skaitytaknyga.lt\/produktas\/atviri-keliauninko-pasakojimai-savo-dvasios-tevui\/#primaryimage"},"thumbnailUrl":"https:\/\/skaitytaknyga.lt\/wp-content\/uploads\/2024\/07\/1462882970_img0010-001.webp","datePublished":"2024-07-19T12:47:35+00:00","dateModified":"2024-07-19T13:01:36+00:00","description":"\u201eAtviri keliauninko pasakojimai savo dvasios t\u0117vui\u201c, para\u0161yti XIX a, apie Ryt\u0173 krik\u0161\u010dioni\u0173 tradicij\u0105. Kelias \u012f dangaus ir \u017eem\u0117s jungt\u012f - per \u0161irdies mald\u0105.","breadcrumb":{"@id":"https:\/\/skaitytaknyga.lt\/produktas\/atviri-keliauninko-pasakojimai-savo-dvasios-tevui\/#breadcrumb"},"inLanguage":"en-GB","potentialAction":[{"@type":"ReadAction","target":["https:\/\/skaitytaknyga.lt\/produktas\/atviri-keliauninko-pasakojimai-savo-dvasios-tevui\/"]}]},{"@type":"ImageObject","inLanguage":"en-GB","@id":"https:\/\/skaitytaknyga.lt\/produktas\/atviri-keliauninko-pasakojimai-savo-dvasios-tevui\/#primaryimage","url":"https:\/\/skaitytaknyga.lt\/wp-content\/uploads\/2024\/07\/1462882970_img0010-001.webp","contentUrl":"https:\/\/skaitytaknyga.lt\/wp-content\/uploads\/2024\/07\/1462882970_img0010-001.webp","width":497,"height":800,"caption":"Atviri keliauninko pasakojimai savo dvasios t\u0117vui"},{"@type":"BreadcrumbList","@id":"https:\/\/skaitytaknyga.lt\/produktas\/atviri-keliauninko-pasakojimai-savo-dvasios-tevui\/#breadcrumb","itemListElement":[{"@type":"ListItem","position":1,"name":"Home","item":"https:\/\/skaitytaknyga.lt\/"},{"@type":"ListItem","position":2,"name":"Parduotuv\u0117","item":"https:\/\/skaitytaknyga.lt\/knygu-parduotuve\/"},{"@type":"ListItem","position":3,"name":"Atviri keliauninko pasakojimai savo dvasios t\u0117vui"}]},{"@type":"WebSite","@id":"https:\/\/skaitytaknyga.lt\/#website","url":"https:\/\/skaitytaknyga.lt\/","name":"skaitytaknyga.lt","description":"Skaitytaknyga.lt \u2013 tai ma\u017eas \u0161eimos verslas, kuris prasid\u0117jo nuo meil\u0117s knygoms ir siekio i\u0161gelb\u0117ti knygas nuo likimo prie konteinerio. Kas vienam nereikalingas daiktas \u2013 kitam lobis, o mes esame tarpininkai, kurie padeda abiems tapti laimingesniems ???? \u017dinome kaip nelengva i\u0161gyventi ma\u017eiems verslams, tad nuo \u0161iol, \u010dia rasite ir kit\u0173, ma\u017e\u0173 \u0161eim\u0173 versl\u0173, rank\u0173 darbo, dovan\u0173 sau ir artimiesiems.","publisher":{"@id":"https:\/\/skaitytaknyga.lt\/#organization"},"potentialAction":[{"@type":"SearchAction","target":{"@type":"EntryPoint","urlTemplate":"https:\/\/skaitytaknyga.lt\/?s={search_term_string}"},"query-input":{"@type":"PropertyValueSpecification","valueRequired":true,"valueName":"search_term_string"}}],"inLanguage":"en-GB"},{"@type":"Organization","@id":"https:\/\/skaitytaknyga.lt\/#organization","name":"skaitytaknyga.lt","url":"https:\/\/skaitytaknyga.lt\/","logo":{"@type":"ImageObject","inLanguage":"en-GB","@id":"https:\/\/skaitytaknyga.lt\/#\/schema\/logo\/image\/","url":"https:\/\/skaitytaknyga.lt\/wp-content\/uploads\/2024\/05\/cropped-cropped-cropped-02_00843_jt3bggkj1j3HLc7SyY6rEUpg.jpeg","contentUrl":"https:\/\/skaitytaknyga.lt\/wp-content\/uploads\/2024\/05\/cropped-cropped-cropped-02_00843_jt3bggkj1j3HLc7SyY6rEUpg.jpeg","width":1600,"height":1600,"caption":"skaitytaknyga.lt"},"image":{"@id":"https:\/\/skaitytaknyga.lt\/#\/schema\/logo\/image\/"},"sameAs":["https:\/\/www.facebook.com\/skaitytaknyga\/"]}]}},"_links":{"self":[{"href":"https:\/\/skaitytaknyga.lt\/en\/wp-json\/wp\/v2\/product\/13219","targetHints":{"allow":["GET"]}}],"collection":[{"href":"https:\/\/skaitytaknyga.lt\/en\/wp-json\/wp\/v2\/product"}],"about":[{"href":"https:\/\/skaitytaknyga.lt\/en\/wp-json\/wp\/v2\/types\/product"}],"replies":[{"embeddable":true,"href":"https:\/\/skaitytaknyga.lt\/en\/wp-json\/wp\/v2\/comments?post=13219"}],"wp:featuredmedia":[{"embeddable":true,"href":"https:\/\/skaitytaknyga.lt\/en\/wp-json\/wp\/v2\/media\/13220"}],"wp:attachment":[{"href":"https:\/\/skaitytaknyga.lt\/en\/wp-json\/wp\/v2\/media?parent=13219"}],"wp:term":[{"taxonomy":"product_brand","embeddable":true,"href":"https:\/\/skaitytaknyga.lt\/en\/wp-json\/wp\/v2\/product_brand?post=13219"},{"taxonomy":"product_cat","embeddable":true,"href":"https:\/\/skaitytaknyga.lt\/en\/wp-json\/wp\/v2\/product_cat?post=13219"},{"taxonomy":"product_tag","embeddable":true,"href":"https:\/\/skaitytaknyga.lt\/en\/wp-json\/wp\/v2\/product_tag?post=13219"}],"curies":[{"name":"wp","href":"https:\/\/api.w.org\/{rel}","templated":true}]}}