{"id":13217,"date":"2024-07-19T15:42:40","date_gmt":"2024-07-19T12:42:40","guid":{"rendered":"https:\/\/skaitytaknyga.lt\/?post_type=product&#038;p=13217"},"modified":"2024-07-19T15:52:34","modified_gmt":"2024-07-19T12:52:34","slug":"clive-staples-lewis-tiesiog-krikscionybe","status":"publish","type":"product","link":"https:\/\/skaitytaknyga.lt\/en\/produktas\/clive-staples-lewis-tiesiog-krikscionybe\/","title":{"rendered":"Clive Staples Lewis \u201eTiesiog krik\u0161\u010dionyb\u0117\u201c"},"content":{"rendered":"<p align=\"right\"><em>Pats geriausias, galb\u016bt vienintelis b\u016bdas, kuriuo a\u0161 galiu tarnauti savo netikin\u010diam artimui, \u2013 ai\u0161kinti ir ginti tik\u0117jim\u0105, kuris yra bendras visiems krik\u0161\u010dionims, visais laikais.\u00a0<\/em>C. S. Lewis<\/p>\n<p>Clive\u2019as Staplesas Lewisas septintajame de\u0161imtmetyje Did\u017eiojoje Britanijoje buvo \u012fvardytas vienu i\u0161 penki\u0173 i\u0161kiliausi\u0173 planetos prot\u0173. Jo knyga \u201eTiesiog krik\u0161\u010dionyb\u0117\u201c \u2013 laikoma XX am\u017eiaus \u0161edevru \u2013 pateikia neprilygstam\u0105 galimyb\u0119 ir m\u016bs\u0173 dien\u0173 tikintiems bei netikintiems \u017emon\u0117ms i\u0161girsti galing\u0105, racional\u0173 krik\u0161\u010dioni\u0173 religijos pristatym\u0105.<\/p>\n<p>Tai ypa\u010d aktualu dabar, nauj\u0173 i\u0161\u0161\u016bki\u0173 akivaizdoje, vis spar\u010diau \u017eengiant link kult\u016briniu bei religiniu pliuralizmu pagr\u012fstos visuomen\u0117s. Knyga sudaryta i\u0161 radijo laid\u0173, per kurias II-ojo pasaulinio karo metu autorius kalb\u0117jo apie krik\u0161\u010dionyb\u0119.<\/p>\n<p>C. S. Lewiso krik\u0161\u010dionyb\u0117 \u2013 tai ne filosofija ir net ne teologija, kuri\u0105 galima apsvarstyti, aptarti ir pad\u0117ti \u012f \u0161al\u012f ant lentynos. Tai gyvenimo b\u016bdas, kuris reikalauja i\u0161 m\u016bs\u0173 visada prisiminti, kad \u201en\u0117ra paprast\u0173 \u017emoni\u0173\u201c, kad \u201etai nemirtingieji, su kuriais mes juokaujame, dirbame, tuokiam\u0117s, kuriuos niekiname ir i\u0161naudojame\u201c. \u012esijaut\u0119 \u012f \u0161i\u0105 tikrov\u0119, turime k\u016brybi\u0161kai perkeisti savo gyvenim\u0105 taip, kad blogis ma\u017e\u0117t\u0173, o g\u0117ris vyraut\u0173.<\/p>\n<p>Krik\u0161\u010dionyb\u0117, kuri\u0105 palaiko C. S. Lewisas, yra \u017emogi\u0161ka, bet nelengva: ji reikalauja i\u0161 m\u016bs\u0173 pripa\u017einti, kad did\u017eioji religin\u0117 kova kovojama ne \u012fsp\u016bdingame m\u016b\u0161io lauke, bet\u00a0kiekvieno \u017emogaus \u0161irdyje, kai kas ryt\u0105 pabundame ir jau\u010diame, kaip mus apninka dienos r\u016bpes\u010diai, ir turime nuspr\u0119sti, kokie nemirtingi norime b\u016bti.<\/p>\n<p>Did\u017ei\u0105sias krik\u0161\u010dionyb\u0117s temas autorius knygoje nagrin\u0117ja su jam b\u016bdingu minties skvarbumu, naudodamas aktual\u0173 visiems laikams polemikos metod\u0105: apeliuoja \u012f patirt\u012f, gyvenimo logik\u0105 ir proto geb\u0117jim\u0105 rasti ties\u0105. \u0160i knyga istoriniame kontekste tur\u0117t\u0173 b\u016bti matoma kaip dr\u0105sus pasakojimo ir gydymo aktas \u0161iame i\u0161prot\u0117jusiame pasaulyje.<\/p>\n","protected":false},"excerpt":{"rendered":"<p>Pats geriausias, galb\u016bt vienintelis b\u016bdas, kuriuo a\u0161 galiu tarnauti savo netikin\u010diam artimui, \u2013 ai\u0161kinti ir ginti tik\u0117jim\u0105, kuris yra bendras visiems krik\u0161\u010dionims, visais laikais.\u00a0C. S. Lewis Clive\u2019as Staplesas Lewisas septintajame de\u0161imtmetyje Did\u017eiojoje Britanijoje buvo \u012fvardytas vienu i\u0161 penki\u0173 i\u0161kiliausi\u0173 planetos prot\u0173. Jo knyga \u201eTiesiog krik\u0161\u010dionyb\u0117\u201c \u2013 laikoma XX am\u017eiaus \u0161edevru \u2013 pateikia neprilygstam\u0105 galimyb\u0119 ir m\u016bs\u0173 dien\u0173 tikintiems bei netikintiems \u017emon\u0117ms i\u0161girsti galing\u0105, racional\u0173 krik\u0161\u010dioni\u0173 religijos pristatym\u0105. Tai ypa\u010d aktualu dabar, nauj\u0173 i\u0161\u0161\u016bki\u0173 akivaizdoje, vis spar\u010diau \u017eengiant link kult\u016briniu bei religiniu pliuralizmu pagr\u012fstos visuomen\u0117s. Knyga sudaryta i\u0161 radijo laid\u0173, per kurias II-ojo pasaulinio karo metu autorius kalb\u0117jo apie krik\u0161\u010dionyb\u0119. C. S. Lewiso krik\u0161\u010dionyb\u0117 \u2013 tai ne filosofija ir net ne teologija, kuri\u0105 galima apsvarstyti, aptarti ir pad\u0117ti \u012f \u0161al\u012f ant lentynos. Tai gyvenimo b\u016bdas, kuris reikalauja i\u0161 m\u016bs\u0173 visada prisiminti, kad \u201en\u0117ra paprast\u0173 \u017emoni\u0173\u201c, kad \u201etai nemirtingieji, su kuriais mes juokaujame, dirbame, tuokiam\u0117s, kuriuos niekiname ir i\u0161naudojame\u201c. \u012esijaut\u0119 \u012f \u0161i\u0105 tikrov\u0119, turime k\u016brybi\u0161kai perkeisti savo gyvenim\u0105 taip, kad blogis ma\u017e\u0117t\u0173, o g\u0117ris vyraut\u0173. Krik\u0161\u010dionyb\u0117, kuri\u0105 palaiko C. S. Lewisas, yra \u017emogi\u0161ka, bet nelengva: ji reikalauja i\u0161 m\u016bs\u0173 pripa\u017einti, kad did\u017eioji religin\u0117 kova kovojama ne \u012fsp\u016bdingame m\u016b\u0161io lauke, bet\u00a0kiekvieno \u017emogaus \u0161irdyje, kai kas ryt\u0105 pabundame ir jau\u010diame, kaip mus apninka dienos r\u016bpes\u010diai, ir turime nuspr\u0119sti, kokie nemirtingi norime b\u016bti. Did\u017ei\u0105sias krik\u0161\u010dionyb\u0117s temas autorius knygoje nagrin\u0117ja su jam b\u016bdingu minties skvarbumu, naudodamas aktual\u0173 visiems laikams polemikos metod\u0105: apeliuoja \u012f patirt\u012f, gyvenimo logik\u0105 ir proto geb\u0117jim\u0105 rasti ties\u0105. \u0160i knyga istoriniame kontekste tur\u0117t\u0173 b\u016bti matoma kaip dr\u0105sus pasakojimo ir gydymo aktas \u0161iame i\u0161prot\u0117jusiame pasaulyje.<\/p>\n","protected":false},"featured_media":13218,"comment_status":"open","ping_status":"closed","template":"","meta":{"_acf_changed":false,"site-sidebar-layout":"default","site-content-layout":"","ast-site-content-layout":"default","site-content-style":"default","site-sidebar-style":"default","ast-global-header-display":"","ast-banner-title-visibility":"","ast-main-header-display":"","ast-hfb-above-header-display":"","ast-hfb-below-header-display":"","ast-hfb-mobile-header-display":"","site-post-title":"","ast-breadcrumbs-content":"","ast-featured-img":"","footer-sml-layout":"","ast-disable-related-posts":"","theme-transparent-header-meta":"default","adv-header-id-meta":"","stick-header-meta":"","header-above-stick-meta":"","header-main-stick-meta":"","header-below-stick-meta":"","astra-migrate-meta-layouts":"set","ast-page-background-enabled":"default","ast-page-background-meta":{"desktop":{"background-color":"","background-image":"","background-repeat":"repeat","background-position":"center center","background-size":"auto","background-attachment":"scroll","background-type":"","background-media":"","overlay-type":"","overlay-color":"","overlay-opacity":"","overlay-gradient":""},"tablet":{"background-color":"","background-image":"","background-repeat":"repeat","background-position":"center center","background-size":"auto","background-attachment":"scroll","background-type":"","background-media":"","overlay-type":"","overlay-color":"","overlay-opacity":"","overlay-gradient":""},"mobile":{"background-color":"","background-image":"","background-repeat":"repeat","background-position":"center center","background-size":"auto","background-attachment":"scroll","background-type":"","background-media":"","overlay-type":"","overlay-color":"","overlay-opacity":"","overlay-gradient":""}},"ast-content-background-meta":{"desktop":{"background-color":"var(--ast-global-color-4)","background-image":"","background-repeat":"repeat","background-position":"center center","background-size":"auto","background-attachment":"scroll","background-type":"","background-media":"","overlay-type":"","overlay-color":"","overlay-opacity":"","overlay-gradient":""},"tablet":{"background-color":"var(--ast-global-color-4)","background-image":"","background-repeat":"repeat","background-position":"center center","background-size":"auto","background-attachment":"scroll","background-type":"","background-media":"","overlay-type":"","overlay-color":"","overlay-opacity":"","overlay-gradient":""},"mobile":{"background-color":"var(--ast-global-color-4)","background-image":"","background-repeat":"repeat","background-position":"center center","background-size":"auto","background-attachment":"scroll","background-type":"","background-media":"","overlay-type":"","overlay-color":"","overlay-opacity":"","overlay-gradient":""}}},"product_brand":[],"product_cat":[165],"product_tag":[],"class_list":{"0":"post-13217","1":"product","2":"type-product","3":"status-publish","4":"has-post-thumbnail","6":"product_cat-religija-filosofija-ir-ezoterika","7":"desktop-align-left","8":"tablet-align-left","9":"mobile-align-left","11":"first","12":"instock","13":"shipping-taxable","14":"purchasable","15":"product-type-simple"},"acf":[],"yoast_head":"<!-- This site is optimized with the Yoast SEO plugin v27.0 - https:\/\/yoast.com\/product\/yoast-seo-wordpress\/ -->\n<title>Clive Staples Lewis \u201eTiesiog krik\u0161\u010dionyb\u0117\u201c<\/title>\n<meta name=\"description\" content=\"C. S. Lewiso krik\u0161\u010dionyb\u0117 \u2013 tai ne filosofija ir net ne teologija, kuri\u0105 galima apsvarstyti, aptarti ir pad\u0117ti \u012f \u0161al\u012f ant lentynos.\" \/>\n<meta name=\"robots\" content=\"index, follow, max-snippet:-1, max-image-preview:large, max-video-preview:-1\" \/>\n<link rel=\"canonical\" href=\"https:\/\/skaitytaknyga.lt\/en\/produktas\/clive-staples-lewis-tiesiog-krikscionybe\/\" \/>\n<meta property=\"og:locale\" content=\"en_GB\" \/>\n<meta property=\"og:locale:alternate\" content=\"lt_LT\" \/>\n<meta property=\"og:type\" content=\"article\" \/>\n<meta property=\"og:title\" content=\"Clive Staples Lewis \u201eTiesiog krik\u0161\u010dionyb\u0117\u201c\" \/>\n<meta property=\"og:description\" content=\"C. S. Lewiso krik\u0161\u010dionyb\u0117 \u2013 tai ne filosofija ir net ne teologija, kuri\u0105 galima apsvarstyti, aptarti ir pad\u0117ti \u012f \u0161al\u012f ant lentynos.\" \/>\n<meta property=\"og:url\" content=\"https:\/\/skaitytaknyga.lt\/en\/produktas\/clive-staples-lewis-tiesiog-krikscionybe\/\" \/>\n<meta property=\"og:site_name\" content=\"Skaitytaknyga\" \/>\n<meta property=\"article:publisher\" content=\"https:\/\/www.facebook.com\/skaitytaknyga\/\" \/>\n<meta property=\"article:modified_time\" content=\"2024-07-19T12:52:34+00:00\" \/>\n<meta property=\"og:image\" content=\"https:\/\/skaitytaknyga.lt\/wp-content\/uploads\/2024\/07\/1462876061_img2.webp\" \/>\n\t<meta property=\"og:image:width\" content=\"507\" \/>\n\t<meta property=\"og:image:height\" content=\"800\" \/>\n\t<meta property=\"og:image:type\" content=\"image\/webp\" \/>\n<meta name=\"twitter:card\" content=\"summary_large_image\" \/>\n<meta name=\"twitter:label1\" content=\"Estimated reading time\" \/>\n\t<meta name=\"twitter:data1\" content=\"2 minutes\" \/>\n<script type=\"application\/ld+json\" class=\"yoast-schema-graph\">{\"@context\":\"https:\/\/schema.org\",\"@graph\":[{\"@type\":\"WebPage\",\"@id\":\"https:\/\/skaitytaknyga.lt\/produktas\/clive-staples-lewis-tiesiog-krikscionybe\/\",\"url\":\"https:\/\/skaitytaknyga.lt\/produktas\/clive-staples-lewis-tiesiog-krikscionybe\/\",\"name\":\"Clive Staples Lewis \u201eTiesiog krik\u0161\u010dionyb\u0117\u201c\",\"isPartOf\":{\"@id\":\"https:\/\/skaitytaknyga.lt\/#website\"},\"primaryImageOfPage\":{\"@id\":\"https:\/\/skaitytaknyga.lt\/produktas\/clive-staples-lewis-tiesiog-krikscionybe\/#primaryimage\"},\"image\":{\"@id\":\"https:\/\/skaitytaknyga.lt\/produktas\/clive-staples-lewis-tiesiog-krikscionybe\/#primaryimage\"},\"thumbnailUrl\":\"https:\/\/skaitytaknyga.lt\/wp-content\/uploads\/2024\/07\/1462876061_img2.webp\",\"datePublished\":\"2024-07-19T12:42:40+00:00\",\"dateModified\":\"2024-07-19T12:52:34+00:00\",\"description\":\"C. S. Lewiso krik\u0161\u010dionyb\u0117 \u2013 tai ne filosofija ir net ne teologija, kuri\u0105 galima apsvarstyti, aptarti ir pad\u0117ti \u012f \u0161al\u012f ant lentynos.\",\"breadcrumb\":{\"@id\":\"https:\/\/skaitytaknyga.lt\/produktas\/clive-staples-lewis-tiesiog-krikscionybe\/#breadcrumb\"},\"inLanguage\":\"en-GB\",\"potentialAction\":[{\"@type\":\"ReadAction\",\"target\":[\"https:\/\/skaitytaknyga.lt\/produktas\/clive-staples-lewis-tiesiog-krikscionybe\/\"]}]},{\"@type\":\"ImageObject\",\"inLanguage\":\"en-GB\",\"@id\":\"https:\/\/skaitytaknyga.lt\/produktas\/clive-staples-lewis-tiesiog-krikscionybe\/#primaryimage\",\"url\":\"https:\/\/skaitytaknyga.lt\/wp-content\/uploads\/2024\/07\/1462876061_img2.webp\",\"contentUrl\":\"https:\/\/skaitytaknyga.lt\/wp-content\/uploads\/2024\/07\/1462876061_img2.webp\",\"width\":507,\"height\":800,\"caption\":\"Tiesiog krik\u0161\u010dionyb\u0117\"},{\"@type\":\"BreadcrumbList\",\"@id\":\"https:\/\/skaitytaknyga.lt\/produktas\/clive-staples-lewis-tiesiog-krikscionybe\/#breadcrumb\",\"itemListElement\":[{\"@type\":\"ListItem\",\"position\":1,\"name\":\"Home\",\"item\":\"https:\/\/skaitytaknyga.lt\/\"},{\"@type\":\"ListItem\",\"position\":2,\"name\":\"Parduotuv\u0117\",\"item\":\"https:\/\/skaitytaknyga.lt\/knygu-parduotuve\/\"},{\"@type\":\"ListItem\",\"position\":3,\"name\":\"Clive Staples Lewis \u201eTiesiog krik\u0161\u010dionyb\u0117\u201c\"}]},{\"@type\":\"WebSite\",\"@id\":\"https:\/\/skaitytaknyga.lt\/#website\",\"url\":\"https:\/\/skaitytaknyga.lt\/\",\"name\":\"skaitytaknyga.lt\",\"description\":\"Skaitytaknyga.lt \u2013 tai ma\u017eas \u0161eimos verslas, kuris prasid\u0117jo nuo meil\u0117s knygoms ir siekio i\u0161gelb\u0117ti knygas nuo likimo prie konteinerio. Kas vienam nereikalingas daiktas \u2013 kitam lobis, o mes esame tarpininkai, kurie padeda abiems tapti laimingesniems ???? \u017dinome kaip nelengva i\u0161gyventi ma\u017eiems verslams, tad nuo \u0161iol, \u010dia rasite ir kit\u0173, ma\u017e\u0173 \u0161eim\u0173 versl\u0173, rank\u0173 darbo, dovan\u0173 sau ir artimiesiems.\",\"publisher\":{\"@id\":\"https:\/\/skaitytaknyga.lt\/#organization\"},\"potentialAction\":[{\"@type\":\"SearchAction\",\"target\":{\"@type\":\"EntryPoint\",\"urlTemplate\":\"https:\/\/skaitytaknyga.lt\/?s={search_term_string}\"},\"query-input\":{\"@type\":\"PropertyValueSpecification\",\"valueRequired\":true,\"valueName\":\"search_term_string\"}}],\"inLanguage\":\"en-GB\"},{\"@type\":\"Organization\",\"@id\":\"https:\/\/skaitytaknyga.lt\/#organization\",\"name\":\"skaitytaknyga.lt\",\"url\":\"https:\/\/skaitytaknyga.lt\/\",\"logo\":{\"@type\":\"ImageObject\",\"inLanguage\":\"en-GB\",\"@id\":\"https:\/\/skaitytaknyga.lt\/#\/schema\/logo\/image\/\",\"url\":\"https:\/\/skaitytaknyga.lt\/wp-content\/uploads\/2024\/05\/cropped-cropped-cropped-02_00843_jt3bggkj1j3HLc7SyY6rEUpg.jpeg\",\"contentUrl\":\"https:\/\/skaitytaknyga.lt\/wp-content\/uploads\/2024\/05\/cropped-cropped-cropped-02_00843_jt3bggkj1j3HLc7SyY6rEUpg.jpeg\",\"width\":1600,\"height\":1600,\"caption\":\"skaitytaknyga.lt\"},\"image\":{\"@id\":\"https:\/\/skaitytaknyga.lt\/#\/schema\/logo\/image\/\"},\"sameAs\":[\"https:\/\/www.facebook.com\/skaitytaknyga\/\"]}]}<\/script>\n<!-- \/ Yoast SEO plugin. -->","yoast_head_json":{"title":"Clive Staples Lewis \u201eTiesiog krik\u0161\u010dionyb\u0117\u201c","description":"C. S. Lewiso krik\u0161\u010dionyb\u0117 \u2013 tai ne filosofija ir net ne teologija, kuri\u0105 galima apsvarstyti, aptarti ir pad\u0117ti \u012f \u0161al\u012f ant lentynos.","robots":{"index":"index","follow":"follow","max-snippet":"max-snippet:-1","max-image-preview":"max-image-preview:large","max-video-preview":"max-video-preview:-1"},"canonical":"https:\/\/skaitytaknyga.lt\/en\/produktas\/clive-staples-lewis-tiesiog-krikscionybe\/","og_locale":"en_GB","og_type":"article","og_title":"[:lt][:lt]Clive Staples Lewis \u201eTiesiog krik\u0161\u010dionyb\u0117\u201c[:] - skaitytaknyga.lt[:]","og_description":"[:lt]C. S. Lewiso krik\u0161\u010dionyb\u0117 \u2013 tai ne filosofija ir net ne teologija, kuri\u0105 galima apsvarstyti, aptarti ir pad\u0117ti \u012f \u0161al\u012f ant lentynos.[:]","og_url":"https:\/\/skaitytaknyga.lt\/en\/produktas\/clive-staples-lewis-tiesiog-krikscionybe\/","og_site_name":"Skaitytaknyga","article_publisher":"https:\/\/www.facebook.com\/skaitytaknyga\/","article_modified_time":"2024-07-19T12:52:34+00:00","og_image":[{"width":507,"height":800,"url":"https:\/\/skaitytaknyga.lt\/wp-content\/uploads\/2024\/07\/1462876061_img2.webp","type":"image\/webp"}],"twitter_card":"summary_large_image","twitter_misc":{"Estimated reading time":"2 minutes"},"schema":{"@context":"https:\/\/schema.org","@graph":[{"@type":"WebPage","@id":"https:\/\/skaitytaknyga.lt\/produktas\/clive-staples-lewis-tiesiog-krikscionybe\/","url":"https:\/\/skaitytaknyga.lt\/produktas\/clive-staples-lewis-tiesiog-krikscionybe\/","name":"Clive Staples Lewis \u201eTiesiog krik\u0161\u010dionyb\u0117\u201c","isPartOf":{"@id":"https:\/\/skaitytaknyga.lt\/#website"},"primaryImageOfPage":{"@id":"https:\/\/skaitytaknyga.lt\/produktas\/clive-staples-lewis-tiesiog-krikscionybe\/#primaryimage"},"image":{"@id":"https:\/\/skaitytaknyga.lt\/produktas\/clive-staples-lewis-tiesiog-krikscionybe\/#primaryimage"},"thumbnailUrl":"https:\/\/skaitytaknyga.lt\/wp-content\/uploads\/2024\/07\/1462876061_img2.webp","datePublished":"2024-07-19T12:42:40+00:00","dateModified":"2024-07-19T12:52:34+00:00","description":"C. S. Lewiso krik\u0161\u010dionyb\u0117 \u2013 tai ne filosofija ir net ne teologija, kuri\u0105 galima apsvarstyti, aptarti ir pad\u0117ti \u012f \u0161al\u012f ant lentynos.","breadcrumb":{"@id":"https:\/\/skaitytaknyga.lt\/produktas\/clive-staples-lewis-tiesiog-krikscionybe\/#breadcrumb"},"inLanguage":"en-GB","potentialAction":[{"@type":"ReadAction","target":["https:\/\/skaitytaknyga.lt\/produktas\/clive-staples-lewis-tiesiog-krikscionybe\/"]}]},{"@type":"ImageObject","inLanguage":"en-GB","@id":"https:\/\/skaitytaknyga.lt\/produktas\/clive-staples-lewis-tiesiog-krikscionybe\/#primaryimage","url":"https:\/\/skaitytaknyga.lt\/wp-content\/uploads\/2024\/07\/1462876061_img2.webp","contentUrl":"https:\/\/skaitytaknyga.lt\/wp-content\/uploads\/2024\/07\/1462876061_img2.webp","width":507,"height":800,"caption":"Tiesiog krik\u0161\u010dionyb\u0117"},{"@type":"BreadcrumbList","@id":"https:\/\/skaitytaknyga.lt\/produktas\/clive-staples-lewis-tiesiog-krikscionybe\/#breadcrumb","itemListElement":[{"@type":"ListItem","position":1,"name":"Home","item":"https:\/\/skaitytaknyga.lt\/"},{"@type":"ListItem","position":2,"name":"Parduotuv\u0117","item":"https:\/\/skaitytaknyga.lt\/knygu-parduotuve\/"},{"@type":"ListItem","position":3,"name":"Clive Staples Lewis \u201eTiesiog krik\u0161\u010dionyb\u0117\u201c"}]},{"@type":"WebSite","@id":"https:\/\/skaitytaknyga.lt\/#website","url":"https:\/\/skaitytaknyga.lt\/","name":"skaitytaknyga.lt","description":"Skaitytaknyga.lt \u2013 tai ma\u017eas \u0161eimos verslas, kuris prasid\u0117jo nuo meil\u0117s knygoms ir siekio i\u0161gelb\u0117ti knygas nuo likimo prie konteinerio. Kas vienam nereikalingas daiktas \u2013 kitam lobis, o mes esame tarpininkai, kurie padeda abiems tapti laimingesniems ???? \u017dinome kaip nelengva i\u0161gyventi ma\u017eiems verslams, tad nuo \u0161iol, \u010dia rasite ir kit\u0173, ma\u017e\u0173 \u0161eim\u0173 versl\u0173, rank\u0173 darbo, dovan\u0173 sau ir artimiesiems.","publisher":{"@id":"https:\/\/skaitytaknyga.lt\/#organization"},"potentialAction":[{"@type":"SearchAction","target":{"@type":"EntryPoint","urlTemplate":"https:\/\/skaitytaknyga.lt\/?s={search_term_string}"},"query-input":{"@type":"PropertyValueSpecification","valueRequired":true,"valueName":"search_term_string"}}],"inLanguage":"en-GB"},{"@type":"Organization","@id":"https:\/\/skaitytaknyga.lt\/#organization","name":"skaitytaknyga.lt","url":"https:\/\/skaitytaknyga.lt\/","logo":{"@type":"ImageObject","inLanguage":"en-GB","@id":"https:\/\/skaitytaknyga.lt\/#\/schema\/logo\/image\/","url":"https:\/\/skaitytaknyga.lt\/wp-content\/uploads\/2024\/05\/cropped-cropped-cropped-02_00843_jt3bggkj1j3HLc7SyY6rEUpg.jpeg","contentUrl":"https:\/\/skaitytaknyga.lt\/wp-content\/uploads\/2024\/05\/cropped-cropped-cropped-02_00843_jt3bggkj1j3HLc7SyY6rEUpg.jpeg","width":1600,"height":1600,"caption":"skaitytaknyga.lt"},"image":{"@id":"https:\/\/skaitytaknyga.lt\/#\/schema\/logo\/image\/"},"sameAs":["https:\/\/www.facebook.com\/skaitytaknyga\/"]}]}},"_links":{"self":[{"href":"https:\/\/skaitytaknyga.lt\/en\/wp-json\/wp\/v2\/product\/13217","targetHints":{"allow":["GET"]}}],"collection":[{"href":"https:\/\/skaitytaknyga.lt\/en\/wp-json\/wp\/v2\/product"}],"about":[{"href":"https:\/\/skaitytaknyga.lt\/en\/wp-json\/wp\/v2\/types\/product"}],"replies":[{"embeddable":true,"href":"https:\/\/skaitytaknyga.lt\/en\/wp-json\/wp\/v2\/comments?post=13217"}],"wp:featuredmedia":[{"embeddable":true,"href":"https:\/\/skaitytaknyga.lt\/en\/wp-json\/wp\/v2\/media\/13218"}],"wp:attachment":[{"href":"https:\/\/skaitytaknyga.lt\/en\/wp-json\/wp\/v2\/media?parent=13217"}],"wp:term":[{"taxonomy":"product_brand","embeddable":true,"href":"https:\/\/skaitytaknyga.lt\/en\/wp-json\/wp\/v2\/product_brand?post=13217"},{"taxonomy":"product_cat","embeddable":true,"href":"https:\/\/skaitytaknyga.lt\/en\/wp-json\/wp\/v2\/product_cat?post=13217"},{"taxonomy":"product_tag","embeddable":true,"href":"https:\/\/skaitytaknyga.lt\/en\/wp-json\/wp\/v2\/product_tag?post=13217"}],"curies":[{"name":"wp","href":"https:\/\/api.w.org\/{rel}","templated":true}]}}