{"id":13179,"date":"2024-07-18T22:23:42","date_gmt":"2024-07-18T19:23:42","guid":{"rendered":"https:\/\/skaitytaknyga.lt\/?post_type=product&#038;p=13179"},"modified":"2026-03-18T11:12:13","modified_gmt":"2026-03-18T09:12:13","slug":"bram-stoker-drakula-kopija","status":"publish","type":"product","link":"https:\/\/skaitytaknyga.lt\/en\/produktas\/bram-stoker-drakula-kopija\/","title":{"rendered":"Bram Stoker \u201eDrakula&#8221;"},"content":{"rendered":"<p>Jaunas advokatas D\u017eonatanas Harkeris atvyksta \u012f Transilvanij\u0105 pagelb\u0117ti grafui Drakulai \u012fsigyti naujus namus Londone. I\u0161 prad\u017ei\u0173 menkai pais\u0119s kaimie\u010di\u0173 persp\u0117jim\u0173, jaunuolis kiekvien\u0105 vie\u0161nag\u0117s dien\u0105 pilyje vis labiau nerimauja ir savo \u012ftarimus u\u017era\u0161in\u0117ja dienora\u0161tyje. Paslaptingosios pilies \u0161eimininkas neturi tarn\u0173, neatsispindi veidrodyje, niekada nevalgo kartu ir gali ropoti siena kaip drie\u017eas.<\/p>\n<p>Jo akys keistai su\u017ev\u0117r\u0117ja i\u0161vydus krauj\u0105, kry\u017eiaus jis bijo kaip ugnies, o visos pilies durys u\u017erakintos. D\u017eonatanas ima nerimauti, ar kada bei\u0161vys savo mylim\u0105j\u0105\u2026<\/p>\n<p>1897 m. pirm\u0105 kart\u0105 i\u0161leistas Bramo Stokerio k\u016brinys i\u0161kart i\u0161siskyr\u0117 i\u0161 to meto pasakojim\u0173 apie vampyrus. Arthuras Conanas Doyle\u2019is ra\u0161\u0117 \u201ejau daug met\u0173 neskait\u0119s nieko \u201edemoni\u0161kesnio\u201c, ra\u0161ytoj\u0105 gyr\u0117 net mama, sakydama, kad po \u201eFranken\u0161teino\u201c n\u0117 viena kita knyga neprilygsta originalumu ir baisumu&#8230;\u201c Nemirtingojo, mintan\u010dio \u017emoni\u0173 krauju ir siekian\u010dio paversti vampyrus \u017dem\u0117s vie\u0161pa\u010diais, tipa\u017eas \u012fsi\u0161aknijo kult\u016brin\u0117je s\u0105mon\u0117je.<\/p>\n<p>Drakula jau bema\u017e 120 met\u0173 taip pat traukia, kaip ir atstumia skaitytojus, B. Stokerio k\u016brinys tebe\u012fkvepia knygas, filmus, televizijos \u0161ou, dailininkus ir vaizdo \u017eaidim\u0173 k\u016br\u0117jus. Nemirtingo grafo id\u0117ja pati tapo nemari galb\u016bt tod\u0117l, kad tiek devynioliktajame, tiek dvide\u0161imt pirmajame am\u017eiuje \u012fk\u016bnija visuomen\u0117s baimes. \u0160iandien jos kitokios nei karalien\u0117s Viktorijos laikais, tod\u0117l ir vampyr\u0173 tema interpretuojama kitaip, dengiasi naujais prasminiais sluoksniais, bet vis vien \u012fk\u016bnija gaivali\u0161k\u0105 j\u0117g\u0105, pavojing\u0105 seksualum\u0105, gamtos d\u0117sni\u0173 prie\u0161prie\u0161\u0105, kuri \u017emog\u0173 traukia ir kartu stumia bet kokia kaina nugal\u0117ti.<\/p>\n","protected":false},"excerpt":{"rendered":"<p>Jaunas advokatas D\u017eonatanas Harkeris atvyksta \u012f Transilvanij\u0105 pagelb\u0117ti grafui Drakulai \u012fsigyti naujus namus Londone. I\u0161 prad\u017ei\u0173 menkai pais\u0119s kaimie\u010di\u0173 persp\u0117jim\u0173, jaunuolis kiekvien\u0105 vie\u0161nag\u0117s dien\u0105 pilyje vis labiau nerimauja ir savo \u012ftarimus u\u017era\u0161in\u0117ja dienora\u0161tyje. Paslaptingosios pilies \u0161eimininkas neturi tarn\u0173, neatsispindi veidrodyje, niekada nevalgo kartu ir gali ropoti siena kaip drie\u017eas. Jo akys keistai su\u017ev\u0117r\u0117ja i\u0161vydus krauj\u0105, kry\u017eiaus jis bijo kaip ugnies, o visos pilies durys u\u017erakintos. D\u017eonatanas ima nerimauti, ar kada bei\u0161vys savo mylim\u0105j\u0105\u2026 1897 m. pirm\u0105 kart\u0105 i\u0161leistas Bramo Stokerio k\u016brinys i\u0161kart i\u0161siskyr\u0117 i\u0161 to meto pasakojim\u0173 apie vampyrus. Arthuras Conanas Doyle\u2019is ra\u0161\u0117 \u201ejau daug met\u0173 neskait\u0119s nieko \u201edemoni\u0161kesnio\u201c, ra\u0161ytoj\u0105 gyr\u0117 net mama, sakydama, kad po \u201eFranken\u0161teino\u201c n\u0117 viena kita knyga neprilygsta originalumu ir baisumu&#8230;\u201c Nemirtingojo, mintan\u010dio \u017emoni\u0173 krauju ir siekian\u010dio paversti vampyrus \u017dem\u0117s vie\u0161pa\u010diais, tipa\u017eas \u012fsi\u0161aknijo kult\u016brin\u0117je s\u0105mon\u0117je. Drakula jau bema\u017e 120 met\u0173 taip pat traukia, kaip ir atstumia skaitytojus, B. Stokerio k\u016brinys tebe\u012fkvepia knygas, filmus, televizijos \u0161ou, dailininkus ir vaizdo \u017eaidim\u0173 k\u016br\u0117jus. Nemirtingo grafo id\u0117ja pati tapo nemari galb\u016bt tod\u0117l, kad tiek devynioliktajame, tiek dvide\u0161imt pirmajame am\u017eiuje \u012fk\u016bnija visuomen\u0117s baimes. \u0160iandien jos kitokios nei karalien\u0117s Viktorijos laikais, tod\u0117l ir vampyr\u0173 tema interpretuojama kitaip, dengiasi naujais prasminiais sluoksniais, bet vis vien \u012fk\u016bnija gaivali\u0161k\u0105 j\u0117g\u0105, pavojing\u0105 seksualum\u0105, gamtos d\u0117sni\u0173 prie\u0161prie\u0161\u0105, kuri \u017emog\u0173 traukia ir kartu stumia bet kokia kaina nugal\u0117ti.<\/p>\n","protected":false},"featured_media":13180,"comment_status":"closed","ping_status":"closed","template":"","meta":{"_acf_changed":false,"site-sidebar-layout":"default","site-content-layout":"","ast-site-content-layout":"default","site-content-style":"default","site-sidebar-style":"default","ast-global-header-display":"","ast-banner-title-visibility":"","ast-main-header-display":"","ast-hfb-above-header-display":"","ast-hfb-below-header-display":"","ast-hfb-mobile-header-display":"","site-post-title":"","ast-breadcrumbs-content":"","ast-featured-img":"","footer-sml-layout":"","ast-disable-related-posts":"","theme-transparent-header-meta":"default","adv-header-id-meta":"","stick-header-meta":"","header-above-stick-meta":"","header-main-stick-meta":"","header-below-stick-meta":"","astra-migrate-meta-layouts":"set","ast-page-background-enabled":"default","ast-page-background-meta":{"desktop":{"background-color":"","background-image":"","background-repeat":"repeat","background-position":"center center","background-size":"auto","background-attachment":"scroll","background-type":"","background-media":"","overlay-type":"","overlay-color":"","overlay-opacity":"","overlay-gradient":""},"tablet":{"background-color":"","background-image":"","background-repeat":"repeat","background-position":"center center","background-size":"auto","background-attachment":"scroll","background-type":"","background-media":"","overlay-type":"","overlay-color":"","overlay-opacity":"","overlay-gradient":""},"mobile":{"background-color":"","background-image":"","background-repeat":"repeat","background-position":"center center","background-size":"auto","background-attachment":"scroll","background-type":"","background-media":"","overlay-type":"","overlay-color":"","overlay-opacity":"","overlay-gradient":""}},"ast-content-background-meta":{"desktop":{"background-color":"var(--ast-global-color-4)","background-image":"","background-repeat":"repeat","background-position":"center center","background-size":"auto","background-attachment":"scroll","background-type":"","background-media":"","overlay-type":"","overlay-color":"","overlay-opacity":"","overlay-gradient":""},"tablet":{"background-color":"var(--ast-global-color-4)","background-image":"","background-repeat":"repeat","background-position":"center center","background-size":"auto","background-attachment":"scroll","background-type":"","background-media":"","overlay-type":"","overlay-color":"","overlay-opacity":"","overlay-gradient":""},"mobile":{"background-color":"var(--ast-global-color-4)","background-image":"","background-repeat":"repeat","background-position":"center center","background-size":"auto","background-attachment":"scroll","background-type":"","background-media":"","overlay-type":"","overlay-color":"","overlay-opacity":"","overlay-gradient":""}}},"product_brand":[],"product_cat":[9676,28],"product_tag":[],"class_list":{"0":"post-13179","1":"product","2":"type-product","3":"status-publish","4":"has-post-thumbnail","6":"product_cat-paaugliams","7":"product_cat-klasika","8":"desktop-align-left","9":"tablet-align-left","10":"mobile-align-left","12":"first","13":"instock","14":"shipping-taxable","15":"purchasable","16":"product-type-simple"},"acf":[],"yoast_head":"<!-- This site is optimized with the Yoast SEO plugin v27.0 - https:\/\/yoast.com\/product\/yoast-seo-wordpress\/ -->\n<title>Bram Stoker \u201eDrakula&quot;<\/title>\n<meta name=\"description\" content=\"Jo akys keistai su\u017ev\u0117r\u0117ja i\u0161vydus krauj\u0105, kry\u017eiaus bijo kaip ugnies, o visos pilies durys u\u017erakintos. D\u017eonatanas ima nerimauti, ar bei\u0161vys savo mylim\u0105j\u0105\" \/>\n<meta name=\"robots\" content=\"index, follow, max-snippet:-1, max-image-preview:large, max-video-preview:-1\" \/>\n<link rel=\"canonical\" href=\"https:\/\/skaitytaknyga.lt\/en\/produktas\/bram-stoker-drakula-kopija\/\" \/>\n<meta property=\"og:locale\" content=\"en_GB\" \/>\n<meta property=\"og:locale:alternate\" content=\"lt_LT\" \/>\n<meta property=\"og:type\" content=\"article\" \/>\n<meta property=\"og:title\" content=\"Bram Stoker \u201eDrakula&quot;\" \/>\n<meta property=\"og:description\" content=\"Jo akys keistai su\u017ev\u0117r\u0117ja i\u0161vydus krauj\u0105, kry\u017eiaus bijo kaip ugnies, o visos pilies durys u\u017erakintos. D\u017eonatanas ima nerimauti, ar bei\u0161vys savo mylim\u0105j\u0105\" \/>\n<meta property=\"og:url\" content=\"https:\/\/skaitytaknyga.lt\/en\/produktas\/bram-stoker-drakula-kopija\/\" \/>\n<meta property=\"og:site_name\" content=\"Skaitytaknyga\" \/>\n<meta property=\"article:publisher\" content=\"https:\/\/www.facebook.com\/skaitytaknyga\/\" \/>\n<meta property=\"article:modified_time\" content=\"2026-03-18T09:12:13+00:00\" \/>\n<meta property=\"og:image\" content=\"https:\/\/skaitytaknyga.lt\/wp-content\/uploads\/2024\/07\/1488810198_IMG_0016.webp\" \/>\n\t<meta property=\"og:image:width\" content=\"493\" \/>\n\t<meta property=\"og:image:height\" content=\"800\" \/>\n\t<meta property=\"og:image:type\" content=\"image\/webp\" \/>\n<meta name=\"twitter:card\" content=\"summary_large_image\" \/>\n<meta name=\"twitter:label1\" content=\"Estimated reading time\" \/>\n\t<meta name=\"twitter:data1\" content=\"2 minutes\" \/>\n<script type=\"application\/ld+json\" class=\"yoast-schema-graph\">{\"@context\":\"https:\/\/schema.org\",\"@graph\":[{\"@type\":\"WebPage\",\"@id\":\"https:\/\/skaitytaknyga.lt\/produktas\/bram-stoker-drakula-kopija\/\",\"url\":\"https:\/\/skaitytaknyga.lt\/produktas\/bram-stoker-drakula-kopija\/\",\"name\":\"Bram Stoker \u201eDrakula\\\"\",\"isPartOf\":{\"@id\":\"https:\/\/skaitytaknyga.lt\/#website\"},\"primaryImageOfPage\":{\"@id\":\"https:\/\/skaitytaknyga.lt\/produktas\/bram-stoker-drakula-kopija\/#primaryimage\"},\"image\":{\"@id\":\"https:\/\/skaitytaknyga.lt\/produktas\/bram-stoker-drakula-kopija\/#primaryimage\"},\"thumbnailUrl\":\"https:\/\/skaitytaknyga.lt\/wp-content\/uploads\/2024\/07\/1488810198_IMG_0016.webp\",\"datePublished\":\"2024-07-18T19:23:42+00:00\",\"dateModified\":\"2026-03-18T09:12:13+00:00\",\"description\":\"Jo akys keistai su\u017ev\u0117r\u0117ja i\u0161vydus krauj\u0105, kry\u017eiaus bijo kaip ugnies, o visos pilies durys u\u017erakintos. D\u017eonatanas ima nerimauti, ar bei\u0161vys savo mylim\u0105j\u0105\",\"breadcrumb\":{\"@id\":\"https:\/\/skaitytaknyga.lt\/produktas\/bram-stoker-drakula-kopija\/#breadcrumb\"},\"inLanguage\":\"en-GB\",\"potentialAction\":[{\"@type\":\"ReadAction\",\"target\":[\"https:\/\/skaitytaknyga.lt\/produktas\/bram-stoker-drakula-kopija\/\"]}]},{\"@type\":\"ImageObject\",\"inLanguage\":\"en-GB\",\"@id\":\"https:\/\/skaitytaknyga.lt\/produktas\/bram-stoker-drakula-kopija\/#primaryimage\",\"url\":\"https:\/\/skaitytaknyga.lt\/wp-content\/uploads\/2024\/07\/1488810198_IMG_0016.webp\",\"contentUrl\":\"https:\/\/skaitytaknyga.lt\/wp-content\/uploads\/2024\/07\/1488810198_IMG_0016.webp\",\"width\":493,\"height\":800,\"caption\":\"Stoker Drakula\"},{\"@type\":\"BreadcrumbList\",\"@id\":\"https:\/\/skaitytaknyga.lt\/produktas\/bram-stoker-drakula-kopija\/#breadcrumb\",\"itemListElement\":[{\"@type\":\"ListItem\",\"position\":1,\"name\":\"Home\",\"item\":\"https:\/\/skaitytaknyga.lt\/\"},{\"@type\":\"ListItem\",\"position\":2,\"name\":\"Parduotuv\u0117\",\"item\":\"https:\/\/skaitytaknyga.lt\/knygu-parduotuve\/\"},{\"@type\":\"ListItem\",\"position\":3,\"name\":\"Bram Stoker \u201eDrakula&#8221;\"}]},{\"@type\":\"WebSite\",\"@id\":\"https:\/\/skaitytaknyga.lt\/#website\",\"url\":\"https:\/\/skaitytaknyga.lt\/\",\"name\":\"skaitytaknyga.lt\",\"description\":\"Skaitytaknyga.lt \u2013 tai ma\u017eas \u0161eimos verslas, kuris prasid\u0117jo nuo meil\u0117s knygoms ir siekio i\u0161gelb\u0117ti knygas nuo likimo prie konteinerio. Kas vienam nereikalingas daiktas \u2013 kitam lobis, o mes esame tarpininkai, kurie padeda abiems tapti laimingesniems ???? \u017dinome kaip nelengva i\u0161gyventi ma\u017eiems verslams, tad nuo \u0161iol, \u010dia rasite ir kit\u0173, ma\u017e\u0173 \u0161eim\u0173 versl\u0173, rank\u0173 darbo, dovan\u0173 sau ir artimiesiems.\",\"publisher\":{\"@id\":\"https:\/\/skaitytaknyga.lt\/#organization\"},\"potentialAction\":[{\"@type\":\"SearchAction\",\"target\":{\"@type\":\"EntryPoint\",\"urlTemplate\":\"https:\/\/skaitytaknyga.lt\/?s={search_term_string}\"},\"query-input\":{\"@type\":\"PropertyValueSpecification\",\"valueRequired\":true,\"valueName\":\"search_term_string\"}}],\"inLanguage\":\"en-GB\"},{\"@type\":\"Organization\",\"@id\":\"https:\/\/skaitytaknyga.lt\/#organization\",\"name\":\"skaitytaknyga.lt\",\"url\":\"https:\/\/skaitytaknyga.lt\/\",\"logo\":{\"@type\":\"ImageObject\",\"inLanguage\":\"en-GB\",\"@id\":\"https:\/\/skaitytaknyga.lt\/#\/schema\/logo\/image\/\",\"url\":\"https:\/\/skaitytaknyga.lt\/wp-content\/uploads\/2024\/05\/cropped-cropped-cropped-02_00843_jt3bggkj1j3HLc7SyY6rEUpg.jpeg\",\"contentUrl\":\"https:\/\/skaitytaknyga.lt\/wp-content\/uploads\/2024\/05\/cropped-cropped-cropped-02_00843_jt3bggkj1j3HLc7SyY6rEUpg.jpeg\",\"width\":1600,\"height\":1600,\"caption\":\"skaitytaknyga.lt\"},\"image\":{\"@id\":\"https:\/\/skaitytaknyga.lt\/#\/schema\/logo\/image\/\"},\"sameAs\":[\"https:\/\/www.facebook.com\/skaitytaknyga\/\"]}]}<\/script>\n<!-- \/ Yoast SEO plugin. -->","yoast_head_json":{"title":"Bram Stoker \u201eDrakula\"","description":"Jo akys keistai su\u017ev\u0117r\u0117ja i\u0161vydus krauj\u0105, kry\u017eiaus bijo kaip ugnies, o visos pilies durys u\u017erakintos. D\u017eonatanas ima nerimauti, ar bei\u0161vys savo mylim\u0105j\u0105","robots":{"index":"index","follow":"follow","max-snippet":"max-snippet:-1","max-image-preview":"max-image-preview:large","max-video-preview":"max-video-preview:-1"},"canonical":"https:\/\/skaitytaknyga.lt\/en\/produktas\/bram-stoker-drakula-kopija\/","og_locale":"en_GB","og_type":"article","og_title":"[:lt][:lt]Bram Stoker \u201eDrakula\"[:] - skaitytaknyga.lt[:]","og_description":"[:lt]Jo akys keistai su\u017ev\u0117r\u0117ja i\u0161vydus krauj\u0105, kry\u017eiaus bijo kaip ugnies, o visos pilies durys u\u017erakintos. D\u017eonatanas ima nerimauti, ar bei\u0161vys savo mylim\u0105j\u0105[:]","og_url":"https:\/\/skaitytaknyga.lt\/en\/produktas\/bram-stoker-drakula-kopija\/","og_site_name":"Skaitytaknyga","article_publisher":"https:\/\/www.facebook.com\/skaitytaknyga\/","article_modified_time":"2026-03-18T09:12:13+00:00","og_image":[{"width":493,"height":800,"url":"https:\/\/skaitytaknyga.lt\/wp-content\/uploads\/2024\/07\/1488810198_IMG_0016.webp","type":"image\/webp"}],"twitter_card":"summary_large_image","twitter_misc":{"Estimated reading time":"2 minutes"},"schema":{"@context":"https:\/\/schema.org","@graph":[{"@type":"WebPage","@id":"https:\/\/skaitytaknyga.lt\/produktas\/bram-stoker-drakula-kopija\/","url":"https:\/\/skaitytaknyga.lt\/produktas\/bram-stoker-drakula-kopija\/","name":"Bram Stoker \u201eDrakula\"","isPartOf":{"@id":"https:\/\/skaitytaknyga.lt\/#website"},"primaryImageOfPage":{"@id":"https:\/\/skaitytaknyga.lt\/produktas\/bram-stoker-drakula-kopija\/#primaryimage"},"image":{"@id":"https:\/\/skaitytaknyga.lt\/produktas\/bram-stoker-drakula-kopija\/#primaryimage"},"thumbnailUrl":"https:\/\/skaitytaknyga.lt\/wp-content\/uploads\/2024\/07\/1488810198_IMG_0016.webp","datePublished":"2024-07-18T19:23:42+00:00","dateModified":"2026-03-18T09:12:13+00:00","description":"Jo akys keistai su\u017ev\u0117r\u0117ja i\u0161vydus krauj\u0105, kry\u017eiaus bijo kaip ugnies, o visos pilies durys u\u017erakintos. D\u017eonatanas ima nerimauti, ar bei\u0161vys savo mylim\u0105j\u0105","breadcrumb":{"@id":"https:\/\/skaitytaknyga.lt\/produktas\/bram-stoker-drakula-kopija\/#breadcrumb"},"inLanguage":"en-GB","potentialAction":[{"@type":"ReadAction","target":["https:\/\/skaitytaknyga.lt\/produktas\/bram-stoker-drakula-kopija\/"]}]},{"@type":"ImageObject","inLanguage":"en-GB","@id":"https:\/\/skaitytaknyga.lt\/produktas\/bram-stoker-drakula-kopija\/#primaryimage","url":"https:\/\/skaitytaknyga.lt\/wp-content\/uploads\/2024\/07\/1488810198_IMG_0016.webp","contentUrl":"https:\/\/skaitytaknyga.lt\/wp-content\/uploads\/2024\/07\/1488810198_IMG_0016.webp","width":493,"height":800,"caption":"Stoker Drakula"},{"@type":"BreadcrumbList","@id":"https:\/\/skaitytaknyga.lt\/produktas\/bram-stoker-drakula-kopija\/#breadcrumb","itemListElement":[{"@type":"ListItem","position":1,"name":"Home","item":"https:\/\/skaitytaknyga.lt\/"},{"@type":"ListItem","position":2,"name":"Parduotuv\u0117","item":"https:\/\/skaitytaknyga.lt\/knygu-parduotuve\/"},{"@type":"ListItem","position":3,"name":"Bram Stoker \u201eDrakula&#8221;"}]},{"@type":"WebSite","@id":"https:\/\/skaitytaknyga.lt\/#website","url":"https:\/\/skaitytaknyga.lt\/","name":"skaitytaknyga.lt","description":"Skaitytaknyga.lt \u2013 tai ma\u017eas \u0161eimos verslas, kuris prasid\u0117jo nuo meil\u0117s knygoms ir siekio i\u0161gelb\u0117ti knygas nuo likimo prie konteinerio. Kas vienam nereikalingas daiktas \u2013 kitam lobis, o mes esame tarpininkai, kurie padeda abiems tapti laimingesniems ???? \u017dinome kaip nelengva i\u0161gyventi ma\u017eiems verslams, tad nuo \u0161iol, \u010dia rasite ir kit\u0173, ma\u017e\u0173 \u0161eim\u0173 versl\u0173, rank\u0173 darbo, dovan\u0173 sau ir artimiesiems.","publisher":{"@id":"https:\/\/skaitytaknyga.lt\/#organization"},"potentialAction":[{"@type":"SearchAction","target":{"@type":"EntryPoint","urlTemplate":"https:\/\/skaitytaknyga.lt\/?s={search_term_string}"},"query-input":{"@type":"PropertyValueSpecification","valueRequired":true,"valueName":"search_term_string"}}],"inLanguage":"en-GB"},{"@type":"Organization","@id":"https:\/\/skaitytaknyga.lt\/#organization","name":"skaitytaknyga.lt","url":"https:\/\/skaitytaknyga.lt\/","logo":{"@type":"ImageObject","inLanguage":"en-GB","@id":"https:\/\/skaitytaknyga.lt\/#\/schema\/logo\/image\/","url":"https:\/\/skaitytaknyga.lt\/wp-content\/uploads\/2024\/05\/cropped-cropped-cropped-02_00843_jt3bggkj1j3HLc7SyY6rEUpg.jpeg","contentUrl":"https:\/\/skaitytaknyga.lt\/wp-content\/uploads\/2024\/05\/cropped-cropped-cropped-02_00843_jt3bggkj1j3HLc7SyY6rEUpg.jpeg","width":1600,"height":1600,"caption":"skaitytaknyga.lt"},"image":{"@id":"https:\/\/skaitytaknyga.lt\/#\/schema\/logo\/image\/"},"sameAs":["https:\/\/www.facebook.com\/skaitytaknyga\/"]}]}},"_links":{"self":[{"href":"https:\/\/skaitytaknyga.lt\/en\/wp-json\/wp\/v2\/product\/13179","targetHints":{"allow":["GET"]}}],"collection":[{"href":"https:\/\/skaitytaknyga.lt\/en\/wp-json\/wp\/v2\/product"}],"about":[{"href":"https:\/\/skaitytaknyga.lt\/en\/wp-json\/wp\/v2\/types\/product"}],"replies":[{"embeddable":true,"href":"https:\/\/skaitytaknyga.lt\/en\/wp-json\/wp\/v2\/comments?post=13179"}],"wp:featuredmedia":[{"embeddable":true,"href":"https:\/\/skaitytaknyga.lt\/en\/wp-json\/wp\/v2\/media\/13180"}],"wp:attachment":[{"href":"https:\/\/skaitytaknyga.lt\/en\/wp-json\/wp\/v2\/media?parent=13179"}],"wp:term":[{"taxonomy":"product_brand","embeddable":true,"href":"https:\/\/skaitytaknyga.lt\/en\/wp-json\/wp\/v2\/product_brand?post=13179"},{"taxonomy":"product_cat","embeddable":true,"href":"https:\/\/skaitytaknyga.lt\/en\/wp-json\/wp\/v2\/product_cat?post=13179"},{"taxonomy":"product_tag","embeddable":true,"href":"https:\/\/skaitytaknyga.lt\/en\/wp-json\/wp\/v2\/product_tag?post=13179"}],"curies":[{"name":"wp","href":"https:\/\/api.w.org\/{rel}","templated":true}]}}