{"id":13173,"date":"2024-07-18T22:09:11","date_gmt":"2024-07-18T19:09:11","guid":{"rendered":"https:\/\/skaitytaknyga.lt\/?post_type=product&#038;p=13173"},"modified":"2025-04-11T16:55:34","modified_gmt":"2025-04-11T13:55:34","slug":"daniel-goleman-emocinis-intelektas-kodel-jis-gali-buti-svarbesnis-nei-iq-2","status":"publish","type":"product","link":"https:\/\/skaitytaknyga.lt\/en\/produktas\/daniel-goleman-emocinis-intelektas-kodel-jis-gali-buti-svarbesnis-nei-iq-2\/","title":{"rendered":"Daniel Goleman \u201eEmocinis intelektas. Kod\u0117l jis gali b\u016bti svarbesnis nei IQ\u201c"},"content":{"rendered":"<p>Knyga tapusi pasaulio bestseleriu, kurioje si\u016bloma naujai pa\u017evelgti \u012f intelekto ir emocij\u0173 kult\u016bros reik\u0161m\u0119 m\u016bs\u0173 gyvenime.<\/p>\n<p>Autorius, daug met\u0173 tyrin\u0117j\u0119s \u0161i\u0105 problem\u0105, nustat\u0117, kad \u017emon\u0117s, kuri\u0173 intelekto koeficientas gana kuklus, da\u017enai dirba nepalyginti s\u0117kmingiau u\u017e tuos, kuri\u0173 intelekto koeficientas auk\u0161tas. Kokia \u010dia paslaptis? Tai emocinis intelektas, teigia autorius. Jis si\u016blo ugdyti emocij\u0173 kult\u016br\u0105 ir keisti savo gyvenim\u0105.<\/p>\n<p>Autorius: Daniel Goleman<br \/>\nLeid\u0117jas: Presvika<br \/>\nMetai: 2009<br \/>\nPuslapiai: 361<br \/>\nISBN: 9789955424376<br \/>\nVersijos kodas: PT.<br \/>\nFormatas: 14 x 21 cm, mink\u0161ti vir\u0161eliai<br \/>\nKalba: Lietuvi\u0173<br \/>\nVert\u0117jas: Mindaugas Bal\u010di\u016bnas, Rasa \u0160\u010dekaturovait\u0117, Giedr\u0117 \u0160imonelyt\u0117<\/p>\n","protected":false},"excerpt":{"rendered":"<p>Knyga tapusi pasaulio bestseleriu, kurioje si\u016bloma naujai pa\u017evelgti \u012f intelekto ir emocij\u0173 kult\u016bros reik\u0161m\u0119 m\u016bs\u0173 gyvenime. Autorius, daug met\u0173 tyrin\u0117j\u0119s \u0161i\u0105 problem\u0105, nustat\u0117, kad \u017emon\u0117s, kuri\u0173 intelekto koeficientas gana kuklus, da\u017enai dirba nepalyginti s\u0117kmingiau u\u017e tuos, kuri\u0173 intelekto koeficientas auk\u0161tas. Kokia \u010dia paslaptis? Tai emocinis intelektas, teigia autorius. Jis si\u016blo ugdyti emocij\u0173 kult\u016br\u0105 ir keisti savo gyvenim\u0105. Autorius: Daniel Goleman Leid\u0117jas: Presvika Metai: 2009 Puslapiai: 361 ISBN: 9789955424376 Versijos kodas: PT. Formatas: 14 x 21 cm, mink\u0161ti vir\u0161eliai Kalba: Lietuvi\u0173 Vert\u0117jas: Mindaugas Bal\u010di\u016bnas, Rasa \u0160\u010dekaturovait\u0117, Giedr\u0117 \u0160imonelyt\u0117<\/p>\n","protected":false},"featured_media":13175,"comment_status":"closed","ping_status":"closed","template":"","meta":{"_acf_changed":false,"site-sidebar-layout":"default","site-content-layout":"","ast-site-content-layout":"default","site-content-style":"default","site-sidebar-style":"default","ast-global-header-display":"","ast-banner-title-visibility":"","ast-main-header-display":"","ast-hfb-above-header-display":"","ast-hfb-below-header-display":"","ast-hfb-mobile-header-display":"","site-post-title":"","ast-breadcrumbs-content":"","ast-featured-img":"","footer-sml-layout":"","ast-disable-related-posts":"","theme-transparent-header-meta":"default","adv-header-id-meta":"","stick-header-meta":"","header-above-stick-meta":"","header-main-stick-meta":"","header-below-stick-meta":"","astra-migrate-meta-layouts":"set","ast-page-background-enabled":"default","ast-page-background-meta":{"desktop":{"background-color":"","background-image":"","background-repeat":"repeat","background-position":"center center","background-size":"auto","background-attachment":"scroll","background-type":"","background-media":"","overlay-type":"","overlay-color":"","overlay-opacity":"","overlay-gradient":""},"tablet":{"background-color":"","background-image":"","background-repeat":"repeat","background-position":"center center","background-size":"auto","background-attachment":"scroll","background-type":"","background-media":"","overlay-type":"","overlay-color":"","overlay-opacity":"","overlay-gradient":""},"mobile":{"background-color":"","background-image":"","background-repeat":"repeat","background-position":"center center","background-size":"auto","background-attachment":"scroll","background-type":"","background-media":"","overlay-type":"","overlay-color":"","overlay-opacity":"","overlay-gradient":""}},"ast-content-background-meta":{"desktop":{"background-color":"var(--ast-global-color-4)","background-image":"","background-repeat":"repeat","background-position":"center center","background-size":"auto","background-attachment":"scroll","background-type":"","background-media":"","overlay-type":"","overlay-color":"","overlay-opacity":"","overlay-gradient":""},"tablet":{"background-color":"var(--ast-global-color-4)","background-image":"","background-repeat":"repeat","background-position":"center center","background-size":"auto","background-attachment":"scroll","background-type":"","background-media":"","overlay-type":"","overlay-color":"","overlay-opacity":"","overlay-gradient":""},"mobile":{"background-color":"var(--ast-global-color-4)","background-image":"","background-repeat":"repeat","background-position":"center center","background-size":"auto","background-attachment":"scroll","background-type":"","background-media":"","overlay-type":"","overlay-color":"","overlay-opacity":"","overlay-gradient":""}}},"product_brand":[],"product_cat":[30],"product_tag":[],"class_list":{"0":"post-13173","1":"product","2":"type-product","3":"status-publish","4":"has-post-thumbnail","6":"product_cat-psichologija-ir-saviugda","7":"desktop-align-left","8":"tablet-align-left","9":"mobile-align-left","11":"first","12":"outofstock","13":"shipping-taxable","14":"purchasable","15":"product-type-simple"},"acf":[],"yoast_head":"<!-- This site is optimized with the Yoast SEO plugin v27.0 - https:\/\/yoast.com\/product\/yoast-seo-wordpress\/ -->\n<title>Daniel Goleman \u201eEmocinis intelektas. Kod\u0117l jis gali b\u016bti svarbesnis nei IQ\u201c<\/title>\n<meta name=\"description\" content=\"Autorius, nustat\u0117, kad \u017emon\u0117s, kuri\u0173 intelekto koeficientas gana kuklus, da\u017enai dirba nepalyginti s\u0117kmingiau u\u017e tuos, kuri\u0173 intelekto koeficientas auk\u0161tas.\" \/>\n<meta name=\"robots\" content=\"index, follow, max-snippet:-1, max-image-preview:large, max-video-preview:-1\" \/>\n<link rel=\"canonical\" href=\"https:\/\/skaitytaknyga.lt\/en\/produktas\/daniel-goleman-emocinis-intelektas-kodel-jis-gali-buti-svarbesnis-nei-iq-2\/\" \/>\n<meta property=\"og:locale\" content=\"en_GB\" \/>\n<meta property=\"og:locale:alternate\" content=\"lt_LT\" \/>\n<meta property=\"og:type\" content=\"article\" \/>\n<meta property=\"og:title\" content=\"Daniel Goleman \u201eEmocinis intelektas. Kod\u0117l jis gali b\u016bti svarbesnis nei IQ\u201c\" \/>\n<meta property=\"og:description\" content=\"Autorius, nustat\u0117, kad \u017emon\u0117s, kuri\u0173 intelekto koeficientas gana kuklus, da\u017enai dirba nepalyginti s\u0117kmingiau u\u017e tuos, kuri\u0173 intelekto koeficientas auk\u0161tas.\" \/>\n<meta property=\"og:url\" content=\"https:\/\/skaitytaknyga.lt\/en\/produktas\/daniel-goleman-emocinis-intelektas-kodel-jis-gali-buti-svarbesnis-nei-iq-2\/\" \/>\n<meta property=\"og:site_name\" content=\"Skaitytaknyga\" \/>\n<meta property=\"article:publisher\" content=\"https:\/\/www.facebook.com\/skaitytaknyga\/\" \/>\n<meta property=\"article:modified_time\" content=\"2025-04-11T13:55:34+00:00\" \/>\n<meta property=\"og:image\" content=\"https:\/\/skaitytaknyga.lt\/wp-content\/uploads\/2024\/07\/emocinis-intelektas.png\" \/>\n\t<meta property=\"og:image:width\" content=\"319\" \/>\n\t<meta property=\"og:image:height\" content=\"550\" \/>\n\t<meta property=\"og:image:type\" content=\"image\/png\" \/>\n<meta name=\"twitter:card\" content=\"summary_large_image\" \/>\n<meta name=\"twitter:label1\" content=\"Estimated reading time\" \/>\n\t<meta name=\"twitter:data1\" content=\"1 minute\" \/>\n<script type=\"application\/ld+json\" class=\"yoast-schema-graph\">{\"@context\":\"https:\/\/schema.org\",\"@graph\":[{\"@type\":\"WebPage\",\"@id\":\"https:\/\/skaitytaknyga.lt\/produktas\/daniel-goleman-emocinis-intelektas-kodel-jis-gali-buti-svarbesnis-nei-iq-2\/\",\"url\":\"https:\/\/skaitytaknyga.lt\/produktas\/daniel-goleman-emocinis-intelektas-kodel-jis-gali-buti-svarbesnis-nei-iq-2\/\",\"name\":\"Daniel Goleman \u201eEmocinis intelektas. Kod\u0117l jis gali b\u016bti svarbesnis nei IQ\u201c\",\"isPartOf\":{\"@id\":\"https:\/\/skaitytaknyga.lt\/#website\"},\"primaryImageOfPage\":{\"@id\":\"https:\/\/skaitytaknyga.lt\/produktas\/daniel-goleman-emocinis-intelektas-kodel-jis-gali-buti-svarbesnis-nei-iq-2\/#primaryimage\"},\"image\":{\"@id\":\"https:\/\/skaitytaknyga.lt\/produktas\/daniel-goleman-emocinis-intelektas-kodel-jis-gali-buti-svarbesnis-nei-iq-2\/#primaryimage\"},\"thumbnailUrl\":\"https:\/\/skaitytaknyga.lt\/wp-content\/uploads\/2024\/07\/emocinis-intelektas.png\",\"datePublished\":\"2024-07-18T19:09:11+00:00\",\"dateModified\":\"2025-04-11T13:55:34+00:00\",\"description\":\"Autorius, nustat\u0117, kad \u017emon\u0117s, kuri\u0173 intelekto koeficientas gana kuklus, da\u017enai dirba nepalyginti s\u0117kmingiau u\u017e tuos, kuri\u0173 intelekto koeficientas auk\u0161tas.\",\"breadcrumb\":{\"@id\":\"https:\/\/skaitytaknyga.lt\/produktas\/daniel-goleman-emocinis-intelektas-kodel-jis-gali-buti-svarbesnis-nei-iq-2\/#breadcrumb\"},\"inLanguage\":\"en-GB\",\"potentialAction\":[{\"@type\":\"ReadAction\",\"target\":[\"https:\/\/skaitytaknyga.lt\/produktas\/daniel-goleman-emocinis-intelektas-kodel-jis-gali-buti-svarbesnis-nei-iq-2\/\"]}]},{\"@type\":\"ImageObject\",\"inLanguage\":\"en-GB\",\"@id\":\"https:\/\/skaitytaknyga.lt\/produktas\/daniel-goleman-emocinis-intelektas-kodel-jis-gali-buti-svarbesnis-nei-iq-2\/#primaryimage\",\"url\":\"https:\/\/skaitytaknyga.lt\/wp-content\/uploads\/2024\/07\/emocinis-intelektas.png\",\"contentUrl\":\"https:\/\/skaitytaknyga.lt\/wp-content\/uploads\/2024\/07\/emocinis-intelektas.png\",\"width\":319,\"height\":550,\"caption\":\"Emocinis intelektas. Kod\u0117l jis gali b\u016bti svarbesnis nei IQ\"},{\"@type\":\"BreadcrumbList\",\"@id\":\"https:\/\/skaitytaknyga.lt\/produktas\/daniel-goleman-emocinis-intelektas-kodel-jis-gali-buti-svarbesnis-nei-iq-2\/#breadcrumb\",\"itemListElement\":[{\"@type\":\"ListItem\",\"position\":1,\"name\":\"Home\",\"item\":\"https:\/\/skaitytaknyga.lt\/\"},{\"@type\":\"ListItem\",\"position\":2,\"name\":\"Parduotuv\u0117\",\"item\":\"https:\/\/skaitytaknyga.lt\/knygu-parduotuve\/\"},{\"@type\":\"ListItem\",\"position\":3,\"name\":\"Daniel Goleman \u201eEmocinis intelektas. Kod\u0117l jis gali b\u016bti svarbesnis nei IQ\u201c\"}]},{\"@type\":\"WebSite\",\"@id\":\"https:\/\/skaitytaknyga.lt\/#website\",\"url\":\"https:\/\/skaitytaknyga.lt\/\",\"name\":\"skaitytaknyga.lt\",\"description\":\"Skaitytaknyga.lt \u2013 tai ma\u017eas \u0161eimos verslas, kuris prasid\u0117jo nuo meil\u0117s knygoms ir siekio i\u0161gelb\u0117ti knygas nuo likimo prie konteinerio. Kas vienam nereikalingas daiktas \u2013 kitam lobis, o mes esame tarpininkai, kurie padeda abiems tapti laimingesniems ???? \u017dinome kaip nelengva i\u0161gyventi ma\u017eiems verslams, tad nuo \u0161iol, \u010dia rasite ir kit\u0173, ma\u017e\u0173 \u0161eim\u0173 versl\u0173, rank\u0173 darbo, dovan\u0173 sau ir artimiesiems.\",\"publisher\":{\"@id\":\"https:\/\/skaitytaknyga.lt\/#organization\"},\"potentialAction\":[{\"@type\":\"SearchAction\",\"target\":{\"@type\":\"EntryPoint\",\"urlTemplate\":\"https:\/\/skaitytaknyga.lt\/?s={search_term_string}\"},\"query-input\":{\"@type\":\"PropertyValueSpecification\",\"valueRequired\":true,\"valueName\":\"search_term_string\"}}],\"inLanguage\":\"en-GB\"},{\"@type\":\"Organization\",\"@id\":\"https:\/\/skaitytaknyga.lt\/#organization\",\"name\":\"skaitytaknyga.lt\",\"url\":\"https:\/\/skaitytaknyga.lt\/\",\"logo\":{\"@type\":\"ImageObject\",\"inLanguage\":\"en-GB\",\"@id\":\"https:\/\/skaitytaknyga.lt\/#\/schema\/logo\/image\/\",\"url\":\"https:\/\/skaitytaknyga.lt\/wp-content\/uploads\/2024\/05\/cropped-cropped-cropped-02_00843_jt3bggkj1j3HLc7SyY6rEUpg.jpeg\",\"contentUrl\":\"https:\/\/skaitytaknyga.lt\/wp-content\/uploads\/2024\/05\/cropped-cropped-cropped-02_00843_jt3bggkj1j3HLc7SyY6rEUpg.jpeg\",\"width\":1600,\"height\":1600,\"caption\":\"skaitytaknyga.lt\"},\"image\":{\"@id\":\"https:\/\/skaitytaknyga.lt\/#\/schema\/logo\/image\/\"},\"sameAs\":[\"https:\/\/www.facebook.com\/skaitytaknyga\/\"]}]}<\/script>\n<!-- \/ Yoast SEO plugin. -->","yoast_head_json":{"title":"Daniel Goleman \u201eEmocinis intelektas. Kod\u0117l jis gali b\u016bti svarbesnis nei IQ\u201c","description":"Autorius, nustat\u0117, kad \u017emon\u0117s, kuri\u0173 intelekto koeficientas gana kuklus, da\u017enai dirba nepalyginti s\u0117kmingiau u\u017e tuos, kuri\u0173 intelekto koeficientas auk\u0161tas.","robots":{"index":"index","follow":"follow","max-snippet":"max-snippet:-1","max-image-preview":"max-image-preview:large","max-video-preview":"max-video-preview:-1"},"canonical":"https:\/\/skaitytaknyga.lt\/en\/produktas\/daniel-goleman-emocinis-intelektas-kodel-jis-gali-buti-svarbesnis-nei-iq-2\/","og_locale":"en_GB","og_type":"article","og_title":"[:lt]Daniel Goleman \u201eEmocinis intelektas. Kod\u0117l jis gali b\u016bti svarbesnis nei IQ\u201c[:] -","og_description":"Autorius, nustat\u0117, kad \u017emon\u0117s, kuri\u0173 intelekto koeficientas gana kuklus, da\u017enai dirba nepalyginti s\u0117kmingiau u\u017e tuos, kuri\u0173 intelekto koeficientas auk\u0161tas.","og_url":"https:\/\/skaitytaknyga.lt\/en\/produktas\/daniel-goleman-emocinis-intelektas-kodel-jis-gali-buti-svarbesnis-nei-iq-2\/","og_site_name":"Skaitytaknyga","article_publisher":"https:\/\/www.facebook.com\/skaitytaknyga\/","article_modified_time":"2025-04-11T13:55:34+00:00","og_image":[{"width":319,"height":550,"url":"https:\/\/skaitytaknyga.lt\/wp-content\/uploads\/2024\/07\/emocinis-intelektas.png","type":"image\/png"}],"twitter_card":"summary_large_image","twitter_misc":{"Estimated reading time":"1 minute"},"schema":{"@context":"https:\/\/schema.org","@graph":[{"@type":"WebPage","@id":"https:\/\/skaitytaknyga.lt\/produktas\/daniel-goleman-emocinis-intelektas-kodel-jis-gali-buti-svarbesnis-nei-iq-2\/","url":"https:\/\/skaitytaknyga.lt\/produktas\/daniel-goleman-emocinis-intelektas-kodel-jis-gali-buti-svarbesnis-nei-iq-2\/","name":"Daniel Goleman \u201eEmocinis intelektas. Kod\u0117l jis gali b\u016bti svarbesnis nei IQ\u201c","isPartOf":{"@id":"https:\/\/skaitytaknyga.lt\/#website"},"primaryImageOfPage":{"@id":"https:\/\/skaitytaknyga.lt\/produktas\/daniel-goleman-emocinis-intelektas-kodel-jis-gali-buti-svarbesnis-nei-iq-2\/#primaryimage"},"image":{"@id":"https:\/\/skaitytaknyga.lt\/produktas\/daniel-goleman-emocinis-intelektas-kodel-jis-gali-buti-svarbesnis-nei-iq-2\/#primaryimage"},"thumbnailUrl":"https:\/\/skaitytaknyga.lt\/wp-content\/uploads\/2024\/07\/emocinis-intelektas.png","datePublished":"2024-07-18T19:09:11+00:00","dateModified":"2025-04-11T13:55:34+00:00","description":"Autorius, nustat\u0117, kad \u017emon\u0117s, kuri\u0173 intelekto koeficientas gana kuklus, da\u017enai dirba nepalyginti s\u0117kmingiau u\u017e tuos, kuri\u0173 intelekto koeficientas auk\u0161tas.","breadcrumb":{"@id":"https:\/\/skaitytaknyga.lt\/produktas\/daniel-goleman-emocinis-intelektas-kodel-jis-gali-buti-svarbesnis-nei-iq-2\/#breadcrumb"},"inLanguage":"en-GB","potentialAction":[{"@type":"ReadAction","target":["https:\/\/skaitytaknyga.lt\/produktas\/daniel-goleman-emocinis-intelektas-kodel-jis-gali-buti-svarbesnis-nei-iq-2\/"]}]},{"@type":"ImageObject","inLanguage":"en-GB","@id":"https:\/\/skaitytaknyga.lt\/produktas\/daniel-goleman-emocinis-intelektas-kodel-jis-gali-buti-svarbesnis-nei-iq-2\/#primaryimage","url":"https:\/\/skaitytaknyga.lt\/wp-content\/uploads\/2024\/07\/emocinis-intelektas.png","contentUrl":"https:\/\/skaitytaknyga.lt\/wp-content\/uploads\/2024\/07\/emocinis-intelektas.png","width":319,"height":550,"caption":"Emocinis intelektas. Kod\u0117l jis gali b\u016bti svarbesnis nei IQ"},{"@type":"BreadcrumbList","@id":"https:\/\/skaitytaknyga.lt\/produktas\/daniel-goleman-emocinis-intelektas-kodel-jis-gali-buti-svarbesnis-nei-iq-2\/#breadcrumb","itemListElement":[{"@type":"ListItem","position":1,"name":"Home","item":"https:\/\/skaitytaknyga.lt\/"},{"@type":"ListItem","position":2,"name":"Parduotuv\u0117","item":"https:\/\/skaitytaknyga.lt\/knygu-parduotuve\/"},{"@type":"ListItem","position":3,"name":"Daniel Goleman \u201eEmocinis intelektas. Kod\u0117l jis gali b\u016bti svarbesnis nei IQ\u201c"}]},{"@type":"WebSite","@id":"https:\/\/skaitytaknyga.lt\/#website","url":"https:\/\/skaitytaknyga.lt\/","name":"skaitytaknyga.lt","description":"Skaitytaknyga.lt \u2013 tai ma\u017eas \u0161eimos verslas, kuris prasid\u0117jo nuo meil\u0117s knygoms ir siekio i\u0161gelb\u0117ti knygas nuo likimo prie konteinerio. Kas vienam nereikalingas daiktas \u2013 kitam lobis, o mes esame tarpininkai, kurie padeda abiems tapti laimingesniems ???? \u017dinome kaip nelengva i\u0161gyventi ma\u017eiems verslams, tad nuo \u0161iol, \u010dia rasite ir kit\u0173, ma\u017e\u0173 \u0161eim\u0173 versl\u0173, rank\u0173 darbo, dovan\u0173 sau ir artimiesiems.","publisher":{"@id":"https:\/\/skaitytaknyga.lt\/#organization"},"potentialAction":[{"@type":"SearchAction","target":{"@type":"EntryPoint","urlTemplate":"https:\/\/skaitytaknyga.lt\/?s={search_term_string}"},"query-input":{"@type":"PropertyValueSpecification","valueRequired":true,"valueName":"search_term_string"}}],"inLanguage":"en-GB"},{"@type":"Organization","@id":"https:\/\/skaitytaknyga.lt\/#organization","name":"skaitytaknyga.lt","url":"https:\/\/skaitytaknyga.lt\/","logo":{"@type":"ImageObject","inLanguage":"en-GB","@id":"https:\/\/skaitytaknyga.lt\/#\/schema\/logo\/image\/","url":"https:\/\/skaitytaknyga.lt\/wp-content\/uploads\/2024\/05\/cropped-cropped-cropped-02_00843_jt3bggkj1j3HLc7SyY6rEUpg.jpeg","contentUrl":"https:\/\/skaitytaknyga.lt\/wp-content\/uploads\/2024\/05\/cropped-cropped-cropped-02_00843_jt3bggkj1j3HLc7SyY6rEUpg.jpeg","width":1600,"height":1600,"caption":"skaitytaknyga.lt"},"image":{"@id":"https:\/\/skaitytaknyga.lt\/#\/schema\/logo\/image\/"},"sameAs":["https:\/\/www.facebook.com\/skaitytaknyga\/"]}]}},"_links":{"self":[{"href":"https:\/\/skaitytaknyga.lt\/en\/wp-json\/wp\/v2\/product\/13173","targetHints":{"allow":["GET"]}}],"collection":[{"href":"https:\/\/skaitytaknyga.lt\/en\/wp-json\/wp\/v2\/product"}],"about":[{"href":"https:\/\/skaitytaknyga.lt\/en\/wp-json\/wp\/v2\/types\/product"}],"replies":[{"embeddable":true,"href":"https:\/\/skaitytaknyga.lt\/en\/wp-json\/wp\/v2\/comments?post=13173"}],"wp:featuredmedia":[{"embeddable":true,"href":"https:\/\/skaitytaknyga.lt\/en\/wp-json\/wp\/v2\/media\/13175"}],"wp:attachment":[{"href":"https:\/\/skaitytaknyga.lt\/en\/wp-json\/wp\/v2\/media?parent=13173"}],"wp:term":[{"taxonomy":"product_brand","embeddable":true,"href":"https:\/\/skaitytaknyga.lt\/en\/wp-json\/wp\/v2\/product_brand?post=13173"},{"taxonomy":"product_cat","embeddable":true,"href":"https:\/\/skaitytaknyga.lt\/en\/wp-json\/wp\/v2\/product_cat?post=13173"},{"taxonomy":"product_tag","embeddable":true,"href":"https:\/\/skaitytaknyga.lt\/en\/wp-json\/wp\/v2\/product_tag?post=13173"}],"curies":[{"name":"wp","href":"https:\/\/api.w.org\/{rel}","templated":true}]}}