{"id":13156,"date":"2024-04-18T11:54:58","date_gmt":"2024-04-18T08:54:58","guid":{"rendered":"https:\/\/skaitytaknyga.lt\/?post_type=product&#038;p=13156"},"modified":"2024-07-18T11:58:10","modified_gmt":"2024-07-18T08:58:10","slug":"guy-de-maupassant-mont-oriolis","status":"publish","type":"product","link":"https:\/\/skaitytaknyga.lt\/en\/produktas\/guy-de-maupassant-mont-oriolis\/","title":{"rendered":"Guy de Maupassant \u201eVieno gyvenimo istorija\u201c"},"content":{"rendered":"<p><strong>Guy de Maupassant&#8217;as<\/strong>\u00a0(Gi de Mopasanas, 1850\u20131893) \u2013 moderniosios smulkiosios pranc\u016bz\u0173 prozos meistras. Gim\u0117 Normandijoje; i\u0161siskyrus t\u0117vams, liko su motina, jo gyvenime atlikusia reik\u0161ming\u0105 vaidmen\u012f, o ir motinyst\u0117s tema jo k\u016bryboje atskleista itin jautriai.<\/p>\n<p>Jaunyst\u0117je Maupassant&#8217;as apib\u016bdinamas kaip itin \u201egyvybingas\u201c: buv\u0119s pa\u0161alintas i\u0161 seminarijos, v\u0117liau Sorbonoje studijavo teis\u0119, netrukus i\u0161\u0117jo savanoriu \u012f\u00a0 Pranc\u016bzijos-Pr\u016bsijos kar\u0105. Gr\u012f\u017e\u0119s \u012fsidarbino valstyb\u0117s tarnyboje, ra\u0161\u0117 straipsnius spaudai. Pama\u017eu \u012fsiliejo \u012f literat\u016brin\u012f gyvenim\u0105, susibi\u010diuliavo su Gustavu Flaubert&#8217;u, \u00c9mile&#8217;iu Zola, Ivanu Turgenevu, Henry Jamesu. Maupassant&#8217;as \u2013 Flaubert&#8217;o \u201eliterat\u016brinis s\u016bn\u0117nas\u201c \u2013 i\u0161leido beveik 300 smulkiosios prozos k\u016brini\u0173, 6 romanus.<\/p>\n<p>Romanas \u201eVieno gyvenimo istorija\u201c\u2013 d\u0117l ra\u0161ytojo fotografi\u0161kai\u00a0 tikslios atminties, precizi\u0161kai dailaus sakinio ir jautrios plunksnos \u2013 dramati\u0161kas moters gyvenimo paveikslas, \u00e1uk\u0161tosios XIX a. Pranc\u016bzijos gyvenimo b\u016bdo mados ir dvasin\u0117s negandos.<\/p>\n<p>Gyvenimas, matote, n\u0117ra nei toks jau geras, nei toks jau blogas, kaip galvojama.<\/p>\n<p>{&#8230;} du \u017emon\u0117s niekada negali prasiskverbti iki vienas kito sielos, iki min\u010di\u0173 gelmi\u0173, {&#8230;} jie gali eiti \u0161alia vienas kito, kartais apsikabin\u0119, bet ne susiliej\u0119, ir kad dvasin\u0117 m\u016bs\u0173 esm\u0117 vis\u0105 gyvenim\u0105 klaid\u017eioja vieni\u0161a.<\/p>\n","protected":false},"excerpt":{"rendered":"<p>Guy de Maupassant&#8217;as\u00a0(Gi de Mopasanas, 1850\u20131893) \u2013 moderniosios smulkiosios pranc\u016bz\u0173 prozos meistras. Gim\u0117 Normandijoje; i\u0161siskyrus t\u0117vams, liko su motina, jo gyvenime atlikusia reik\u0161ming\u0105 vaidmen\u012f, o ir motinyst\u0117s tema jo k\u016bryboje atskleista itin jautriai. Jaunyst\u0117je Maupassant&#8217;as apib\u016bdinamas kaip itin \u201egyvybingas\u201c: buv\u0119s pa\u0161alintas i\u0161 seminarijos, v\u0117liau Sorbonoje studijavo teis\u0119, netrukus i\u0161\u0117jo savanoriu \u012f\u00a0 Pranc\u016bzijos-Pr\u016bsijos kar\u0105. Gr\u012f\u017e\u0119s \u012fsidarbino valstyb\u0117s tarnyboje, ra\u0161\u0117 straipsnius spaudai. Pama\u017eu \u012fsiliejo \u012f literat\u016brin\u012f gyvenim\u0105, susibi\u010diuliavo su Gustavu Flaubert&#8217;u, \u00c9mile&#8217;iu Zola, Ivanu Turgenevu, Henry Jamesu. Maupassant&#8217;as \u2013 Flaubert&#8217;o \u201eliterat\u016brinis s\u016bn\u0117nas\u201c \u2013 i\u0161leido beveik 300 smulkiosios prozos k\u016brini\u0173, 6 romanus. Romanas \u201eVieno gyvenimo istorija\u201c\u2013 d\u0117l ra\u0161ytojo fotografi\u0161kai\u00a0 tikslios atminties, precizi\u0161kai dailaus sakinio ir jautrios plunksnos \u2013 dramati\u0161kas moters gyvenimo paveikslas, \u00e1uk\u0161tosios XIX a. Pranc\u016bzijos gyvenimo b\u016bdo mados ir dvasin\u0117s negandos. Gyvenimas, matote, n\u0117ra nei toks jau geras, nei toks jau blogas, kaip galvojama. {&#8230;} du \u017emon\u0117s niekada negali prasiskverbti iki vienas kito sielos, iki min\u010di\u0173 gelmi\u0173, {&#8230;} jie gali eiti \u0161alia vienas kito, kartais apsikabin\u0119, bet ne susiliej\u0119, ir kad dvasin\u0117 m\u016bs\u0173 esm\u0117 vis\u0105 gyvenim\u0105 klaid\u017eioja vieni\u0161a.<\/p>\n","protected":false},"featured_media":13158,"comment_status":"closed","ping_status":"closed","template":"","meta":{"_acf_changed":false,"site-sidebar-layout":"default","site-content-layout":"","ast-site-content-layout":"default","site-content-style":"default","site-sidebar-style":"default","ast-global-header-display":"","ast-banner-title-visibility":"","ast-main-header-display":"","ast-hfb-above-header-display":"","ast-hfb-below-header-display":"","ast-hfb-mobile-header-display":"","site-post-title":"","ast-breadcrumbs-content":"","ast-featured-img":"","footer-sml-layout":"","ast-disable-related-posts":"","theme-transparent-header-meta":"default","adv-header-id-meta":"","stick-header-meta":"","header-above-stick-meta":"","header-main-stick-meta":"","header-below-stick-meta":"","astra-migrate-meta-layouts":"set","ast-page-background-enabled":"default","ast-page-background-meta":{"desktop":{"background-color":"","background-image":"","background-repeat":"repeat","background-position":"center center","background-size":"auto","background-attachment":"scroll","background-type":"","background-media":"","overlay-type":"","overlay-color":"","overlay-opacity":"","overlay-gradient":""},"tablet":{"background-color":"","background-image":"","background-repeat":"repeat","background-position":"center center","background-size":"auto","background-attachment":"scroll","background-type":"","background-media":"","overlay-type":"","overlay-color":"","overlay-opacity":"","overlay-gradient":""},"mobile":{"background-color":"","background-image":"","background-repeat":"repeat","background-position":"center center","background-size":"auto","background-attachment":"scroll","background-type":"","background-media":"","overlay-type":"","overlay-color":"","overlay-opacity":"","overlay-gradient":""}},"ast-content-background-meta":{"desktop":{"background-color":"var(--ast-global-color-4)","background-image":"","background-repeat":"repeat","background-position":"center center","background-size":"auto","background-attachment":"scroll","background-type":"","background-media":"","overlay-type":"","overlay-color":"","overlay-opacity":"","overlay-gradient":""},"tablet":{"background-color":"var(--ast-global-color-4)","background-image":"","background-repeat":"repeat","background-position":"center center","background-size":"auto","background-attachment":"scroll","background-type":"","background-media":"","overlay-type":"","overlay-color":"","overlay-opacity":"","overlay-gradient":""},"mobile":{"background-color":"var(--ast-global-color-4)","background-image":"","background-repeat":"repeat","background-position":"center center","background-size":"auto","background-attachment":"scroll","background-type":"","background-media":"","overlay-type":"","overlay-color":"","overlay-opacity":"","overlay-gradient":""}}},"product_brand":[],"product_cat":[31],"product_tag":[],"class_list":{"0":"post-13156","1":"product","2":"type-product","3":"status-publish","4":"has-post-thumbnail","6":"product_cat-grozine-literatura","7":"desktop-align-left","8":"tablet-align-left","9":"mobile-align-left","11":"first","12":"instock","13":"sale","14":"shipping-taxable","15":"purchasable","16":"product-type-simple"},"acf":[],"yoast_head":"<!-- This site is optimized with the Yoast SEO plugin v27.0 - https:\/\/yoast.com\/product\/yoast-seo-wordpress\/ -->\n<title>Guy de Maupassant \u201eVieno gyvenimo istorija\u201c<\/title>\n<meta name=\"description\" content=\"Romanas \u201eVieno gyvenimo istorija\u201c\u2013 dramati\u0161kas moters gyvenimo paveikslas, auk\u0161tosios XIX a. Pranc\u016bzijos gyvenimo b\u016bdo mados ir dvasin\u0117s negandos\" \/>\n<meta name=\"robots\" content=\"index, follow, max-snippet:-1, max-image-preview:large, max-video-preview:-1\" \/>\n<link rel=\"canonical\" href=\"https:\/\/skaitytaknyga.lt\/en\/produktas\/guy-de-maupassant-mont-oriolis\/\" \/>\n<meta property=\"og:locale\" content=\"en_GB\" \/>\n<meta property=\"og:locale:alternate\" content=\"lt_LT\" \/>\n<meta property=\"og:type\" content=\"article\" \/>\n<meta property=\"og:title\" content=\"Guy de Maupassant \u201eVieno gyvenimo istorija\u201c\" \/>\n<meta property=\"og:description\" content=\"Romanas \u201eVieno gyvenimo istorija\u201c\u2013 dramati\u0161kas moters gyvenimo paveikslas, auk\u0161tosios XIX a. Pranc\u016bzijos gyvenimo b\u016bdo mados ir dvasin\u0117s negandos\" \/>\n<meta property=\"og:url\" content=\"https:\/\/skaitytaknyga.lt\/en\/produktas\/guy-de-maupassant-mont-oriolis\/\" \/>\n<meta property=\"og:site_name\" content=\"Skaitytaknyga\" \/>\n<meta property=\"article:publisher\" content=\"https:\/\/www.facebook.com\/skaitytaknyga\/\" \/>\n<meta property=\"article:modified_time\" content=\"2024-07-18T08:58:10+00:00\" \/>\n<meta property=\"og:image\" content=\"https:\/\/skaitytaknyga.lt\/wp-content\/uploads\/2024\/07\/Be-pavadinimo-5.png\" \/>\n\t<meta property=\"og:image:width\" content=\"269\" \/>\n\t<meta property=\"og:image:height\" content=\"431\" \/>\n\t<meta property=\"og:image:type\" content=\"image\/png\" \/>\n<meta name=\"twitter:card\" content=\"summary_large_image\" \/>\n<meta name=\"twitter:label1\" content=\"Estimated reading time\" \/>\n\t<meta name=\"twitter:data1\" content=\"2 minutes\" \/>\n<script type=\"application\/ld+json\" class=\"yoast-schema-graph\">{\"@context\":\"https:\/\/schema.org\",\"@graph\":[{\"@type\":\"WebPage\",\"@id\":\"https:\/\/skaitytaknyga.lt\/produktas\/guy-de-maupassant-mont-oriolis\/\",\"url\":\"https:\/\/skaitytaknyga.lt\/produktas\/guy-de-maupassant-mont-oriolis\/\",\"name\":\"Guy de Maupassant \u201eVieno gyvenimo istorija\u201c\",\"isPartOf\":{\"@id\":\"https:\/\/skaitytaknyga.lt\/#website\"},\"primaryImageOfPage\":{\"@id\":\"https:\/\/skaitytaknyga.lt\/produktas\/guy-de-maupassant-mont-oriolis\/#primaryimage\"},\"image\":{\"@id\":\"https:\/\/skaitytaknyga.lt\/produktas\/guy-de-maupassant-mont-oriolis\/#primaryimage\"},\"thumbnailUrl\":\"https:\/\/skaitytaknyga.lt\/wp-content\/uploads\/2024\/07\/Be-pavadinimo-5.png\",\"datePublished\":\"2024-04-18T08:54:58+00:00\",\"dateModified\":\"2024-07-18T08:58:10+00:00\",\"description\":\"Romanas \u201eVieno gyvenimo istorija\u201c\u2013 dramati\u0161kas moters gyvenimo paveikslas, auk\u0161tosios XIX a. Pranc\u016bzijos gyvenimo b\u016bdo mados ir dvasin\u0117s negandos\",\"breadcrumb\":{\"@id\":\"https:\/\/skaitytaknyga.lt\/produktas\/guy-de-maupassant-mont-oriolis\/#breadcrumb\"},\"inLanguage\":\"en-GB\",\"potentialAction\":[{\"@type\":\"ReadAction\",\"target\":[\"https:\/\/skaitytaknyga.lt\/produktas\/guy-de-maupassant-mont-oriolis\/\"]}]},{\"@type\":\"ImageObject\",\"inLanguage\":\"en-GB\",\"@id\":\"https:\/\/skaitytaknyga.lt\/produktas\/guy-de-maupassant-mont-oriolis\/#primaryimage\",\"url\":\"https:\/\/skaitytaknyga.lt\/wp-content\/uploads\/2024\/07\/Be-pavadinimo-5.png\",\"contentUrl\":\"https:\/\/skaitytaknyga.lt\/wp-content\/uploads\/2024\/07\/Be-pavadinimo-5.png\",\"width\":269,\"height\":431,\"caption\":\"Vieno gyvenimo istorija\"},{\"@type\":\"BreadcrumbList\",\"@id\":\"https:\/\/skaitytaknyga.lt\/produktas\/guy-de-maupassant-mont-oriolis\/#breadcrumb\",\"itemListElement\":[{\"@type\":\"ListItem\",\"position\":1,\"name\":\"Home\",\"item\":\"https:\/\/skaitytaknyga.lt\/\"},{\"@type\":\"ListItem\",\"position\":2,\"name\":\"Parduotuv\u0117\",\"item\":\"https:\/\/skaitytaknyga.lt\/knygu-parduotuve\/\"},{\"@type\":\"ListItem\",\"position\":3,\"name\":\"Guy de Maupassant \u201eVieno gyvenimo istorija\u201c\"}]},{\"@type\":\"WebSite\",\"@id\":\"https:\/\/skaitytaknyga.lt\/#website\",\"url\":\"https:\/\/skaitytaknyga.lt\/\",\"name\":\"skaitytaknyga.lt\",\"description\":\"Skaitytaknyga.lt \u2013 tai ma\u017eas \u0161eimos verslas, kuris prasid\u0117jo nuo meil\u0117s knygoms ir siekio i\u0161gelb\u0117ti knygas nuo likimo prie konteinerio. Kas vienam nereikalingas daiktas \u2013 kitam lobis, o mes esame tarpininkai, kurie padeda abiems tapti laimingesniems ???? \u017dinome kaip nelengva i\u0161gyventi ma\u017eiems verslams, tad nuo \u0161iol, \u010dia rasite ir kit\u0173, ma\u017e\u0173 \u0161eim\u0173 versl\u0173, rank\u0173 darbo, dovan\u0173 sau ir artimiesiems.\",\"publisher\":{\"@id\":\"https:\/\/skaitytaknyga.lt\/#organization\"},\"potentialAction\":[{\"@type\":\"SearchAction\",\"target\":{\"@type\":\"EntryPoint\",\"urlTemplate\":\"https:\/\/skaitytaknyga.lt\/?s={search_term_string}\"},\"query-input\":{\"@type\":\"PropertyValueSpecification\",\"valueRequired\":true,\"valueName\":\"search_term_string\"}}],\"inLanguage\":\"en-GB\"},{\"@type\":\"Organization\",\"@id\":\"https:\/\/skaitytaknyga.lt\/#organization\",\"name\":\"skaitytaknyga.lt\",\"url\":\"https:\/\/skaitytaknyga.lt\/\",\"logo\":{\"@type\":\"ImageObject\",\"inLanguage\":\"en-GB\",\"@id\":\"https:\/\/skaitytaknyga.lt\/#\/schema\/logo\/image\/\",\"url\":\"https:\/\/skaitytaknyga.lt\/wp-content\/uploads\/2024\/05\/cropped-cropped-cropped-02_00843_jt3bggkj1j3HLc7SyY6rEUpg.jpeg\",\"contentUrl\":\"https:\/\/skaitytaknyga.lt\/wp-content\/uploads\/2024\/05\/cropped-cropped-cropped-02_00843_jt3bggkj1j3HLc7SyY6rEUpg.jpeg\",\"width\":1600,\"height\":1600,\"caption\":\"skaitytaknyga.lt\"},\"image\":{\"@id\":\"https:\/\/skaitytaknyga.lt\/#\/schema\/logo\/image\/\"},\"sameAs\":[\"https:\/\/www.facebook.com\/skaitytaknyga\/\"]}]}<\/script>\n<!-- \/ Yoast SEO plugin. -->","yoast_head_json":{"title":"Guy de Maupassant \u201eVieno gyvenimo istorija\u201c","description":"Romanas \u201eVieno gyvenimo istorija\u201c\u2013 dramati\u0161kas moters gyvenimo paveikslas, auk\u0161tosios XIX a. Pranc\u016bzijos gyvenimo b\u016bdo mados ir dvasin\u0117s negandos","robots":{"index":"index","follow":"follow","max-snippet":"max-snippet:-1","max-image-preview":"max-image-preview:large","max-video-preview":"max-video-preview:-1"},"canonical":"https:\/\/skaitytaknyga.lt\/en\/produktas\/guy-de-maupassant-mont-oriolis\/","og_locale":"en_GB","og_type":"article","og_title":"[:lt]Guy de Maupassant \u201eVieno gyvenimo istorija\u201c[:] - Skaitytaknyga","og_description":"[:lt]Romanas \u201eVieno gyvenimo istorija\u201c\u2013 dramati\u0161kas moters gyvenimo paveikslas, auk\u0161tosios XIX a. Pranc\u016bzijos gyvenimo b\u016bdo mados ir dvasin\u0117s negandos[:]","og_url":"https:\/\/skaitytaknyga.lt\/en\/produktas\/guy-de-maupassant-mont-oriolis\/","og_site_name":"Skaitytaknyga","article_publisher":"https:\/\/www.facebook.com\/skaitytaknyga\/","article_modified_time":"2024-07-18T08:58:10+00:00","og_image":[{"width":269,"height":431,"url":"https:\/\/skaitytaknyga.lt\/wp-content\/uploads\/2024\/07\/Be-pavadinimo-5.png","type":"image\/png"}],"twitter_card":"summary_large_image","twitter_misc":{"Estimated reading time":"2 minutes"},"schema":{"@context":"https:\/\/schema.org","@graph":[{"@type":"WebPage","@id":"https:\/\/skaitytaknyga.lt\/produktas\/guy-de-maupassant-mont-oriolis\/","url":"https:\/\/skaitytaknyga.lt\/produktas\/guy-de-maupassant-mont-oriolis\/","name":"Guy de Maupassant \u201eVieno gyvenimo istorija\u201c","isPartOf":{"@id":"https:\/\/skaitytaknyga.lt\/#website"},"primaryImageOfPage":{"@id":"https:\/\/skaitytaknyga.lt\/produktas\/guy-de-maupassant-mont-oriolis\/#primaryimage"},"image":{"@id":"https:\/\/skaitytaknyga.lt\/produktas\/guy-de-maupassant-mont-oriolis\/#primaryimage"},"thumbnailUrl":"https:\/\/skaitytaknyga.lt\/wp-content\/uploads\/2024\/07\/Be-pavadinimo-5.png","datePublished":"2024-04-18T08:54:58+00:00","dateModified":"2024-07-18T08:58:10+00:00","description":"Romanas \u201eVieno gyvenimo istorija\u201c\u2013 dramati\u0161kas moters gyvenimo paveikslas, auk\u0161tosios XIX a. Pranc\u016bzijos gyvenimo b\u016bdo mados ir dvasin\u0117s negandos","breadcrumb":{"@id":"https:\/\/skaitytaknyga.lt\/produktas\/guy-de-maupassant-mont-oriolis\/#breadcrumb"},"inLanguage":"en-GB","potentialAction":[{"@type":"ReadAction","target":["https:\/\/skaitytaknyga.lt\/produktas\/guy-de-maupassant-mont-oriolis\/"]}]},{"@type":"ImageObject","inLanguage":"en-GB","@id":"https:\/\/skaitytaknyga.lt\/produktas\/guy-de-maupassant-mont-oriolis\/#primaryimage","url":"https:\/\/skaitytaknyga.lt\/wp-content\/uploads\/2024\/07\/Be-pavadinimo-5.png","contentUrl":"https:\/\/skaitytaknyga.lt\/wp-content\/uploads\/2024\/07\/Be-pavadinimo-5.png","width":269,"height":431,"caption":"Vieno gyvenimo istorija"},{"@type":"BreadcrumbList","@id":"https:\/\/skaitytaknyga.lt\/produktas\/guy-de-maupassant-mont-oriolis\/#breadcrumb","itemListElement":[{"@type":"ListItem","position":1,"name":"Home","item":"https:\/\/skaitytaknyga.lt\/"},{"@type":"ListItem","position":2,"name":"Parduotuv\u0117","item":"https:\/\/skaitytaknyga.lt\/knygu-parduotuve\/"},{"@type":"ListItem","position":3,"name":"Guy de Maupassant \u201eVieno gyvenimo istorija\u201c"}]},{"@type":"WebSite","@id":"https:\/\/skaitytaknyga.lt\/#website","url":"https:\/\/skaitytaknyga.lt\/","name":"skaitytaknyga.lt","description":"Skaitytaknyga.lt \u2013 tai ma\u017eas \u0161eimos verslas, kuris prasid\u0117jo nuo meil\u0117s knygoms ir siekio i\u0161gelb\u0117ti knygas nuo likimo prie konteinerio. Kas vienam nereikalingas daiktas \u2013 kitam lobis, o mes esame tarpininkai, kurie padeda abiems tapti laimingesniems ???? \u017dinome kaip nelengva i\u0161gyventi ma\u017eiems verslams, tad nuo \u0161iol, \u010dia rasite ir kit\u0173, ma\u017e\u0173 \u0161eim\u0173 versl\u0173, rank\u0173 darbo, dovan\u0173 sau ir artimiesiems.","publisher":{"@id":"https:\/\/skaitytaknyga.lt\/#organization"},"potentialAction":[{"@type":"SearchAction","target":{"@type":"EntryPoint","urlTemplate":"https:\/\/skaitytaknyga.lt\/?s={search_term_string}"},"query-input":{"@type":"PropertyValueSpecification","valueRequired":true,"valueName":"search_term_string"}}],"inLanguage":"en-GB"},{"@type":"Organization","@id":"https:\/\/skaitytaknyga.lt\/#organization","name":"skaitytaknyga.lt","url":"https:\/\/skaitytaknyga.lt\/","logo":{"@type":"ImageObject","inLanguage":"en-GB","@id":"https:\/\/skaitytaknyga.lt\/#\/schema\/logo\/image\/","url":"https:\/\/skaitytaknyga.lt\/wp-content\/uploads\/2024\/05\/cropped-cropped-cropped-02_00843_jt3bggkj1j3HLc7SyY6rEUpg.jpeg","contentUrl":"https:\/\/skaitytaknyga.lt\/wp-content\/uploads\/2024\/05\/cropped-cropped-cropped-02_00843_jt3bggkj1j3HLc7SyY6rEUpg.jpeg","width":1600,"height":1600,"caption":"skaitytaknyga.lt"},"image":{"@id":"https:\/\/skaitytaknyga.lt\/#\/schema\/logo\/image\/"},"sameAs":["https:\/\/www.facebook.com\/skaitytaknyga\/"]}]}},"_links":{"self":[{"href":"https:\/\/skaitytaknyga.lt\/en\/wp-json\/wp\/v2\/product\/13156","targetHints":{"allow":["GET"]}}],"collection":[{"href":"https:\/\/skaitytaknyga.lt\/en\/wp-json\/wp\/v2\/product"}],"about":[{"href":"https:\/\/skaitytaknyga.lt\/en\/wp-json\/wp\/v2\/types\/product"}],"replies":[{"embeddable":true,"href":"https:\/\/skaitytaknyga.lt\/en\/wp-json\/wp\/v2\/comments?post=13156"}],"wp:featuredmedia":[{"embeddable":true,"href":"https:\/\/skaitytaknyga.lt\/en\/wp-json\/wp\/v2\/media\/13158"}],"wp:attachment":[{"href":"https:\/\/skaitytaknyga.lt\/en\/wp-json\/wp\/v2\/media?parent=13156"}],"wp:term":[{"taxonomy":"product_brand","embeddable":true,"href":"https:\/\/skaitytaknyga.lt\/en\/wp-json\/wp\/v2\/product_brand?post=13156"},{"taxonomy":"product_cat","embeddable":true,"href":"https:\/\/skaitytaknyga.lt\/en\/wp-json\/wp\/v2\/product_cat?post=13156"},{"taxonomy":"product_tag","embeddable":true,"href":"https:\/\/skaitytaknyga.lt\/en\/wp-json\/wp\/v2\/product_tag?post=13156"}],"curies":[{"name":"wp","href":"https:\/\/api.w.org\/{rel}","templated":true}]}}