{"id":13154,"date":"2024-04-18T11:49:25","date_gmt":"2024-04-18T08:49:25","guid":{"rendered":"https:\/\/skaitytaknyga.lt\/?post_type=product&#038;p=13154"},"modified":"2024-07-18T11:52:56","modified_gmt":"2024-07-18T08:52:56","slug":"guy-de-maupassant-mielas-draugas-pjeras-ir-zanas-noveles-2","status":"publish","type":"product","link":"https:\/\/skaitytaknyga.lt\/en\/produktas\/guy-de-maupassant-mielas-draugas-pjeras-ir-zanas-noveles-2\/","title":{"rendered":"Guy de Maupassant \u201eMont &#8211; Oriolis\u201c"},"content":{"rendered":"<p>Satyrinis-psichologinis romanas. Jo heroj\u0117, tyros \u0161irdies ir nesugadintos prigimties jauna moteris, trok\u0161ta \u017emogi\u0161kos \u0161ilumos ir didel\u0117s meil\u0117s, bet jos laim\u0119 griauna savo egoistiniais siekimais ir t\u0117vas, nevyk\u0117lis aristokratas, ir vyras, biznio vergas, ir mylimasis, laisvas pauk\u0161tis bonvivanas.<\/p>\n<p><strong>Guy de Maupassant\u2019as<\/strong>\u00a0(1850\u20131893) \u2013 viena ry\u0161kiausi\u0173 XIX a. pranc\u016bz\u0173 literat\u016bros fig\u016br\u0173, meil\u0117s roman\u0173 meistras. Per trump\u0105 k\u016brybin\u012f laikotarp\u012f \u2013 de\u0161imt met\u0173 \u2013 ra\u0161ytojas para\u0161\u0117 \u0161e\u0161is romanus ir daugiau nei tris \u0161imtus noveli\u0173. Maupassant\u2019as prad\u0117jo kurti globojamas Gustave\u2019o Flaubert\u2019o, jo namuose susipa\u017eino su garsiais ano meto ra\u0161ytojais \u2013 \u00c9mile\u2019iu Zola ir Ivanu Turgenevu.<\/p>\n","protected":false},"excerpt":{"rendered":"<p>Satyrinis-psichologinis romanas. Jo heroj\u0117, tyros \u0161irdies ir nesugadintos prigimties jauna moteris, trok\u0161ta \u017emogi\u0161kos \u0161ilumos ir didel\u0117s meil\u0117s, bet jos laim\u0119 griauna savo egoistiniais siekimais ir t\u0117vas, nevyk\u0117lis aristokratas, ir vyras, biznio vergas, ir mylimasis, laisvas pauk\u0161tis bonvivanas. Guy de Maupassant\u2019as\u00a0(1850\u20131893) \u2013 viena ry\u0161kiausi\u0173 XIX a. pranc\u016bz\u0173 literat\u016bros fig\u016br\u0173, meil\u0117s roman\u0173 meistras. Per trump\u0105 k\u016brybin\u012f laikotarp\u012f \u2013 de\u0161imt met\u0173 \u2013 ra\u0161ytojas para\u0161\u0117 \u0161e\u0161is romanus ir daugiau nei tris \u0161imtus noveli\u0173. Maupassant\u2019as prad\u0117jo kurti globojamas Gustave\u2019o Flaubert\u2019o, jo namuose susipa\u017eino su garsiais ano meto ra\u0161ytojais \u2013 \u00c9mile\u2019iu Zola ir Ivanu Turgenevu.<\/p>\n","protected":false},"featured_media":13155,"comment_status":"closed","ping_status":"closed","template":"","meta":{"_acf_changed":false,"site-sidebar-layout":"default","site-content-layout":"","ast-site-content-layout":"default","site-content-style":"default","site-sidebar-style":"default","ast-global-header-display":"","ast-banner-title-visibility":"","ast-main-header-display":"","ast-hfb-above-header-display":"","ast-hfb-below-header-display":"","ast-hfb-mobile-header-display":"","site-post-title":"","ast-breadcrumbs-content":"","ast-featured-img":"","footer-sml-layout":"","ast-disable-related-posts":"","theme-transparent-header-meta":"default","adv-header-id-meta":"","stick-header-meta":"","header-above-stick-meta":"","header-main-stick-meta":"","header-below-stick-meta":"","astra-migrate-meta-layouts":"set","ast-page-background-enabled":"default","ast-page-background-meta":{"desktop":{"background-color":"","background-image":"","background-repeat":"repeat","background-position":"center center","background-size":"auto","background-attachment":"scroll","background-type":"","background-media":"","overlay-type":"","overlay-color":"","overlay-opacity":"","overlay-gradient":""},"tablet":{"background-color":"","background-image":"","background-repeat":"repeat","background-position":"center center","background-size":"auto","background-attachment":"scroll","background-type":"","background-media":"","overlay-type":"","overlay-color":"","overlay-opacity":"","overlay-gradient":""},"mobile":{"background-color":"","background-image":"","background-repeat":"repeat","background-position":"center center","background-size":"auto","background-attachment":"scroll","background-type":"","background-media":"","overlay-type":"","overlay-color":"","overlay-opacity":"","overlay-gradient":""}},"ast-content-background-meta":{"desktop":{"background-color":"var(--ast-global-color-4)","background-image":"","background-repeat":"repeat","background-position":"center center","background-size":"auto","background-attachment":"scroll","background-type":"","background-media":"","overlay-type":"","overlay-color":"","overlay-opacity":"","overlay-gradient":""},"tablet":{"background-color":"var(--ast-global-color-4)","background-image":"","background-repeat":"repeat","background-position":"center center","background-size":"auto","background-attachment":"scroll","background-type":"","background-media":"","overlay-type":"","overlay-color":"","overlay-opacity":"","overlay-gradient":""},"mobile":{"background-color":"var(--ast-global-color-4)","background-image":"","background-repeat":"repeat","background-position":"center center","background-size":"auto","background-attachment":"scroll","background-type":"","background-media":"","overlay-type":"","overlay-color":"","overlay-opacity":"","overlay-gradient":""}}},"product_brand":[],"product_cat":[31],"product_tag":[],"class_list":{"0":"post-13154","1":"product","2":"type-product","3":"status-publish","4":"has-post-thumbnail","6":"product_cat-grozine-literatura","7":"desktop-align-left","8":"tablet-align-left","9":"mobile-align-left","11":"first","12":"instock","13":"sale","14":"shipping-taxable","15":"purchasable","16":"product-type-simple"},"acf":[],"yoast_head":"<!-- This site is optimized with the Yoast SEO plugin v27.0 - https:\/\/yoast.com\/product\/yoast-seo-wordpress\/ -->\n<title>Guy de Maupassant \u201eMont - Oriolis\u201c<\/title>\n<meta name=\"description\" content=\"Satyrinis-psichologinis romanas. Jo heroj\u0117, tyros \u0161irdies ir nesugadintos prigimties jauna moteris, trok\u0161ta \u017emogi\u0161kos \u0161ilumos ir didel\u0117s meil\u0117s.\" \/>\n<meta name=\"robots\" content=\"index, follow, max-snippet:-1, max-image-preview:large, max-video-preview:-1\" \/>\n<link rel=\"canonical\" href=\"https:\/\/skaitytaknyga.lt\/en\/produktas\/guy-de-maupassant-mielas-draugas-pjeras-ir-zanas-noveles-2\/\" \/>\n<meta property=\"og:locale\" content=\"en_GB\" \/>\n<meta property=\"og:locale:alternate\" content=\"lt_LT\" \/>\n<meta property=\"og:type\" content=\"article\" \/>\n<meta property=\"og:title\" content=\"Guy de Maupassant \u201eMont - Oriolis\u201c\" \/>\n<meta property=\"og:description\" content=\"Satyrinis-psichologinis romanas. Jo heroj\u0117, tyros \u0161irdies ir nesugadintos prigimties jauna moteris, trok\u0161ta \u017emogi\u0161kos \u0161ilumos ir didel\u0117s meil\u0117s.\" \/>\n<meta property=\"og:url\" content=\"https:\/\/skaitytaknyga.lt\/en\/produktas\/guy-de-maupassant-mielas-draugas-pjeras-ir-zanas-noveles-2\/\" \/>\n<meta property=\"og:site_name\" content=\"Skaitytaknyga\" \/>\n<meta property=\"article:publisher\" content=\"https:\/\/www.facebook.com\/skaitytaknyga\/\" \/>\n<meta property=\"article:modified_time\" content=\"2024-07-18T08:52:56+00:00\" \/>\n<meta property=\"og:image\" content=\"https:\/\/skaitytaknyga.lt\/wp-content\/uploads\/2024\/07\/Be-pavadinimo-4.png\" \/>\n\t<meta property=\"og:image:width\" content=\"303\" \/>\n\t<meta property=\"og:image:height\" content=\"472\" \/>\n\t<meta property=\"og:image:type\" content=\"image\/png\" \/>\n<meta name=\"twitter:card\" content=\"summary_large_image\" \/>\n<meta name=\"twitter:label1\" content=\"Estimated reading time\" \/>\n\t<meta name=\"twitter:data1\" content=\"1 minute\" \/>\n<script type=\"application\/ld+json\" class=\"yoast-schema-graph\">{\"@context\":\"https:\/\/schema.org\",\"@graph\":[{\"@type\":\"WebPage\",\"@id\":\"https:\/\/skaitytaknyga.lt\/produktas\/guy-de-maupassant-mielas-draugas-pjeras-ir-zanas-noveles-2\/\",\"url\":\"https:\/\/skaitytaknyga.lt\/produktas\/guy-de-maupassant-mielas-draugas-pjeras-ir-zanas-noveles-2\/\",\"name\":\"Guy de Maupassant \u201eMont - Oriolis\u201c\",\"isPartOf\":{\"@id\":\"https:\/\/skaitytaknyga.lt\/#website\"},\"primaryImageOfPage\":{\"@id\":\"https:\/\/skaitytaknyga.lt\/produktas\/guy-de-maupassant-mielas-draugas-pjeras-ir-zanas-noveles-2\/#primaryimage\"},\"image\":{\"@id\":\"https:\/\/skaitytaknyga.lt\/produktas\/guy-de-maupassant-mielas-draugas-pjeras-ir-zanas-noveles-2\/#primaryimage\"},\"thumbnailUrl\":\"https:\/\/skaitytaknyga.lt\/wp-content\/uploads\/2024\/07\/Be-pavadinimo-4.png\",\"datePublished\":\"2024-04-18T08:49:25+00:00\",\"dateModified\":\"2024-07-18T08:52:56+00:00\",\"description\":\"Satyrinis-psichologinis romanas. Jo heroj\u0117, tyros \u0161irdies ir nesugadintos prigimties jauna moteris, trok\u0161ta \u017emogi\u0161kos \u0161ilumos ir didel\u0117s meil\u0117s.\",\"breadcrumb\":{\"@id\":\"https:\/\/skaitytaknyga.lt\/produktas\/guy-de-maupassant-mielas-draugas-pjeras-ir-zanas-noveles-2\/#breadcrumb\"},\"inLanguage\":\"en-GB\",\"potentialAction\":[{\"@type\":\"ReadAction\",\"target\":[\"https:\/\/skaitytaknyga.lt\/produktas\/guy-de-maupassant-mielas-draugas-pjeras-ir-zanas-noveles-2\/\"]}]},{\"@type\":\"ImageObject\",\"inLanguage\":\"en-GB\",\"@id\":\"https:\/\/skaitytaknyga.lt\/produktas\/guy-de-maupassant-mielas-draugas-pjeras-ir-zanas-noveles-2\/#primaryimage\",\"url\":\"https:\/\/skaitytaknyga.lt\/wp-content\/uploads\/2024\/07\/Be-pavadinimo-4.png\",\"contentUrl\":\"https:\/\/skaitytaknyga.lt\/wp-content\/uploads\/2024\/07\/Be-pavadinimo-4.png\",\"width\":303,\"height\":472,\"caption\":\"Mont-Oriolis\"},{\"@type\":\"BreadcrumbList\",\"@id\":\"https:\/\/skaitytaknyga.lt\/produktas\/guy-de-maupassant-mielas-draugas-pjeras-ir-zanas-noveles-2\/#breadcrumb\",\"itemListElement\":[{\"@type\":\"ListItem\",\"position\":1,\"name\":\"Home\",\"item\":\"https:\/\/skaitytaknyga.lt\/\"},{\"@type\":\"ListItem\",\"position\":2,\"name\":\"Parduotuv\u0117\",\"item\":\"https:\/\/skaitytaknyga.lt\/knygu-parduotuve\/\"},{\"@type\":\"ListItem\",\"position\":3,\"name\":\"Guy de Maupassant \u201eMont &#8211; Oriolis\u201c\"}]},{\"@type\":\"WebSite\",\"@id\":\"https:\/\/skaitytaknyga.lt\/#website\",\"url\":\"https:\/\/skaitytaknyga.lt\/\",\"name\":\"skaitytaknyga.lt\",\"description\":\"Skaitytaknyga.lt \u2013 tai ma\u017eas \u0161eimos verslas, kuris prasid\u0117jo nuo meil\u0117s knygoms ir siekio i\u0161gelb\u0117ti knygas nuo likimo prie konteinerio. Kas vienam nereikalingas daiktas \u2013 kitam lobis, o mes esame tarpininkai, kurie padeda abiems tapti laimingesniems ???? \u017dinome kaip nelengva i\u0161gyventi ma\u017eiems verslams, tad nuo \u0161iol, \u010dia rasite ir kit\u0173, ma\u017e\u0173 \u0161eim\u0173 versl\u0173, rank\u0173 darbo, dovan\u0173 sau ir artimiesiems.\",\"publisher\":{\"@id\":\"https:\/\/skaitytaknyga.lt\/#organization\"},\"potentialAction\":[{\"@type\":\"SearchAction\",\"target\":{\"@type\":\"EntryPoint\",\"urlTemplate\":\"https:\/\/skaitytaknyga.lt\/?s={search_term_string}\"},\"query-input\":{\"@type\":\"PropertyValueSpecification\",\"valueRequired\":true,\"valueName\":\"search_term_string\"}}],\"inLanguage\":\"en-GB\"},{\"@type\":\"Organization\",\"@id\":\"https:\/\/skaitytaknyga.lt\/#organization\",\"name\":\"skaitytaknyga.lt\",\"url\":\"https:\/\/skaitytaknyga.lt\/\",\"logo\":{\"@type\":\"ImageObject\",\"inLanguage\":\"en-GB\",\"@id\":\"https:\/\/skaitytaknyga.lt\/#\/schema\/logo\/image\/\",\"url\":\"https:\/\/skaitytaknyga.lt\/wp-content\/uploads\/2024\/05\/cropped-cropped-cropped-02_00843_jt3bggkj1j3HLc7SyY6rEUpg.jpeg\",\"contentUrl\":\"https:\/\/skaitytaknyga.lt\/wp-content\/uploads\/2024\/05\/cropped-cropped-cropped-02_00843_jt3bggkj1j3HLc7SyY6rEUpg.jpeg\",\"width\":1600,\"height\":1600,\"caption\":\"skaitytaknyga.lt\"},\"image\":{\"@id\":\"https:\/\/skaitytaknyga.lt\/#\/schema\/logo\/image\/\"},\"sameAs\":[\"https:\/\/www.facebook.com\/skaitytaknyga\/\"]}]}<\/script>\n<!-- \/ Yoast SEO plugin. -->","yoast_head_json":{"title":"Guy de Maupassant \u201eMont - Oriolis\u201c","description":"Satyrinis-psichologinis romanas. Jo heroj\u0117, tyros \u0161irdies ir nesugadintos prigimties jauna moteris, trok\u0161ta \u017emogi\u0161kos \u0161ilumos ir didel\u0117s meil\u0117s.","robots":{"index":"index","follow":"follow","max-snippet":"max-snippet:-1","max-image-preview":"max-image-preview:large","max-video-preview":"max-video-preview:-1"},"canonical":"https:\/\/skaitytaknyga.lt\/en\/produktas\/guy-de-maupassant-mielas-draugas-pjeras-ir-zanas-noveles-2\/","og_locale":"en_GB","og_type":"article","og_title":"[:lt]Guy de Maupassant \u201eMont - Oriolis\u201c[:] - Skaitytaknyga","og_description":"[:lt]Satyrinis-psichologinis romanas. Jo heroj\u0117, tyros \u0161irdies ir nesugadintos prigimties jauna moteris, trok\u0161ta \u017emogi\u0161kos \u0161ilumos ir didel\u0117s meil\u0117s.[:]","og_url":"https:\/\/skaitytaknyga.lt\/en\/produktas\/guy-de-maupassant-mielas-draugas-pjeras-ir-zanas-noveles-2\/","og_site_name":"Skaitytaknyga","article_publisher":"https:\/\/www.facebook.com\/skaitytaknyga\/","article_modified_time":"2024-07-18T08:52:56+00:00","og_image":[{"width":303,"height":472,"url":"https:\/\/skaitytaknyga.lt\/wp-content\/uploads\/2024\/07\/Be-pavadinimo-4.png","type":"image\/png"}],"twitter_card":"summary_large_image","twitter_misc":{"Estimated reading time":"1 minute"},"schema":{"@context":"https:\/\/schema.org","@graph":[{"@type":"WebPage","@id":"https:\/\/skaitytaknyga.lt\/produktas\/guy-de-maupassant-mielas-draugas-pjeras-ir-zanas-noveles-2\/","url":"https:\/\/skaitytaknyga.lt\/produktas\/guy-de-maupassant-mielas-draugas-pjeras-ir-zanas-noveles-2\/","name":"Guy de Maupassant \u201eMont - Oriolis\u201c","isPartOf":{"@id":"https:\/\/skaitytaknyga.lt\/#website"},"primaryImageOfPage":{"@id":"https:\/\/skaitytaknyga.lt\/produktas\/guy-de-maupassant-mielas-draugas-pjeras-ir-zanas-noveles-2\/#primaryimage"},"image":{"@id":"https:\/\/skaitytaknyga.lt\/produktas\/guy-de-maupassant-mielas-draugas-pjeras-ir-zanas-noveles-2\/#primaryimage"},"thumbnailUrl":"https:\/\/skaitytaknyga.lt\/wp-content\/uploads\/2024\/07\/Be-pavadinimo-4.png","datePublished":"2024-04-18T08:49:25+00:00","dateModified":"2024-07-18T08:52:56+00:00","description":"Satyrinis-psichologinis romanas. Jo heroj\u0117, tyros \u0161irdies ir nesugadintos prigimties jauna moteris, trok\u0161ta \u017emogi\u0161kos \u0161ilumos ir didel\u0117s meil\u0117s.","breadcrumb":{"@id":"https:\/\/skaitytaknyga.lt\/produktas\/guy-de-maupassant-mielas-draugas-pjeras-ir-zanas-noveles-2\/#breadcrumb"},"inLanguage":"en-GB","potentialAction":[{"@type":"ReadAction","target":["https:\/\/skaitytaknyga.lt\/produktas\/guy-de-maupassant-mielas-draugas-pjeras-ir-zanas-noveles-2\/"]}]},{"@type":"ImageObject","inLanguage":"en-GB","@id":"https:\/\/skaitytaknyga.lt\/produktas\/guy-de-maupassant-mielas-draugas-pjeras-ir-zanas-noveles-2\/#primaryimage","url":"https:\/\/skaitytaknyga.lt\/wp-content\/uploads\/2024\/07\/Be-pavadinimo-4.png","contentUrl":"https:\/\/skaitytaknyga.lt\/wp-content\/uploads\/2024\/07\/Be-pavadinimo-4.png","width":303,"height":472,"caption":"Mont-Oriolis"},{"@type":"BreadcrumbList","@id":"https:\/\/skaitytaknyga.lt\/produktas\/guy-de-maupassant-mielas-draugas-pjeras-ir-zanas-noveles-2\/#breadcrumb","itemListElement":[{"@type":"ListItem","position":1,"name":"Home","item":"https:\/\/skaitytaknyga.lt\/"},{"@type":"ListItem","position":2,"name":"Parduotuv\u0117","item":"https:\/\/skaitytaknyga.lt\/knygu-parduotuve\/"},{"@type":"ListItem","position":3,"name":"Guy de Maupassant \u201eMont &#8211; Oriolis\u201c"}]},{"@type":"WebSite","@id":"https:\/\/skaitytaknyga.lt\/#website","url":"https:\/\/skaitytaknyga.lt\/","name":"skaitytaknyga.lt","description":"Skaitytaknyga.lt \u2013 tai ma\u017eas \u0161eimos verslas, kuris prasid\u0117jo nuo meil\u0117s knygoms ir siekio i\u0161gelb\u0117ti knygas nuo likimo prie konteinerio. Kas vienam nereikalingas daiktas \u2013 kitam lobis, o mes esame tarpininkai, kurie padeda abiems tapti laimingesniems ???? \u017dinome kaip nelengva i\u0161gyventi ma\u017eiems verslams, tad nuo \u0161iol, \u010dia rasite ir kit\u0173, ma\u017e\u0173 \u0161eim\u0173 versl\u0173, rank\u0173 darbo, dovan\u0173 sau ir artimiesiems.","publisher":{"@id":"https:\/\/skaitytaknyga.lt\/#organization"},"potentialAction":[{"@type":"SearchAction","target":{"@type":"EntryPoint","urlTemplate":"https:\/\/skaitytaknyga.lt\/?s={search_term_string}"},"query-input":{"@type":"PropertyValueSpecification","valueRequired":true,"valueName":"search_term_string"}}],"inLanguage":"en-GB"},{"@type":"Organization","@id":"https:\/\/skaitytaknyga.lt\/#organization","name":"skaitytaknyga.lt","url":"https:\/\/skaitytaknyga.lt\/","logo":{"@type":"ImageObject","inLanguage":"en-GB","@id":"https:\/\/skaitytaknyga.lt\/#\/schema\/logo\/image\/","url":"https:\/\/skaitytaknyga.lt\/wp-content\/uploads\/2024\/05\/cropped-cropped-cropped-02_00843_jt3bggkj1j3HLc7SyY6rEUpg.jpeg","contentUrl":"https:\/\/skaitytaknyga.lt\/wp-content\/uploads\/2024\/05\/cropped-cropped-cropped-02_00843_jt3bggkj1j3HLc7SyY6rEUpg.jpeg","width":1600,"height":1600,"caption":"skaitytaknyga.lt"},"image":{"@id":"https:\/\/skaitytaknyga.lt\/#\/schema\/logo\/image\/"},"sameAs":["https:\/\/www.facebook.com\/skaitytaknyga\/"]}]}},"_links":{"self":[{"href":"https:\/\/skaitytaknyga.lt\/en\/wp-json\/wp\/v2\/product\/13154","targetHints":{"allow":["GET"]}}],"collection":[{"href":"https:\/\/skaitytaknyga.lt\/en\/wp-json\/wp\/v2\/product"}],"about":[{"href":"https:\/\/skaitytaknyga.lt\/en\/wp-json\/wp\/v2\/types\/product"}],"replies":[{"embeddable":true,"href":"https:\/\/skaitytaknyga.lt\/en\/wp-json\/wp\/v2\/comments?post=13154"}],"wp:featuredmedia":[{"embeddable":true,"href":"https:\/\/skaitytaknyga.lt\/en\/wp-json\/wp\/v2\/media\/13155"}],"wp:attachment":[{"href":"https:\/\/skaitytaknyga.lt\/en\/wp-json\/wp\/v2\/media?parent=13154"}],"wp:term":[{"taxonomy":"product_brand","embeddable":true,"href":"https:\/\/skaitytaknyga.lt\/en\/wp-json\/wp\/v2\/product_brand?post=13154"},{"taxonomy":"product_cat","embeddable":true,"href":"https:\/\/skaitytaknyga.lt\/en\/wp-json\/wp\/v2\/product_cat?post=13154"},{"taxonomy":"product_tag","embeddable":true,"href":"https:\/\/skaitytaknyga.lt\/en\/wp-json\/wp\/v2\/product_tag?post=13154"}],"curies":[{"name":"wp","href":"https:\/\/api.w.org\/{rel}","templated":true}]}}