{"id":12916,"date":"2024-07-13T20:19:47","date_gmt":"2024-07-13T17:19:47","guid":{"rendered":"https:\/\/skaitytaknyga.lt\/?post_type=product&#038;p=12916"},"modified":"2024-09-20T20:44:57","modified_gmt":"2024-09-20T17:44:57","slug":"vintazinis-romanas","status":"publish","type":"product","link":"https:\/\/skaitytaknyga.lt\/en\/produktas\/vintazinis-romanas\/","title":{"rendered":"Isabel Wolff \u201eVinta\u017einis romanas\u201c"},"content":{"rendered":"<p>Romane \u201eVinta\u017einis romanas\u201c\u00a0 Fib\u0117 Svift nustebindama savo draugus palieka gerai apmokam\u0105 darb\u0105 presti\u017einiame Sotheby\u2019s aukcione ir nusprend\u017eia atidaryti vinta\u017eini\u0173 drabu\u017ei\u0173 parduotuv\u0117l\u0119 Londone. Pagaliau i\u0161sipildo jos svajon\u0117. \u0160viesiame parduotuv\u0117l\u0117s \u201eMiestelio vinta\u017eas\u201c interjere, apsuptame Yves\u2019o Saint Laurent\u2019o \u0161ilkini\u0173 \u0161alik\u0117li\u0173, Vivienne\u2019os Westwood p\u016bst\u0173 sijon\u0173, margaspalvi\u0173 suknu\u010di\u0173 ir vakarini\u0173 atlaso sukni\u0173, mergina tikisi sukurti nauj\u0105 traukos objekt\u0105.<\/p>\n<p>Fibei kiekvienas vinta\u017einis drabu\u017e\u0117lis turi savit\u0105 ir nepakartojam\u0105 istorij\u0105. Ie\u0161kodama preki\u0173 parduotuv\u0117lei, mergina aplank\u0117 ne vien\u0105 pal\u0117p\u0119, prav\u0117r\u0117 daug seniai u\u017emir\u0161t\u0173 spint\u0173. Atradus ka\u017ek\u0105 tikrai unikalaus Fib\u0119 u\u017epl\u016bsdavo suvokimas, kad pirkdama vinta\u017ein\u012f drabu\u017e\u012f \u012fsigyji ne tik audinio gabal\u0105, bet ir ka\u017ekieno praeities dalel\u0119. Ta\u010diau vienas konkretus drabu\u017eis apver\u010dia jos pasaul\u012f auk\u0161tyn kojom.<\/p>\n<p>Teresei Bel, pagyvenusiai pranc\u016bzei, priklauso \u012fsp\u016bdinga drabu\u017ei\u0173 kolekcija. Tarp daugyb\u0117s dalykini\u0173 kostium\u0117li\u0173 ir auk\u0161tosios mados sukni\u0173 Fib\u0117 atranda dangaus m\u0117lynumo vaiki\u0161k\u0105 palt\u0105, drabu\u017e\u012f, su kuriuo ponia Bel nelinkusi i\u0161siskirti. Moterims susidraugavus, Fib\u0117 su\u017eino, m\u0117lynojo palto paslapt\u012f. O \u012fvykiams rutioliojantis jaunoji parduotuv\u0117l\u0117s savinink\u0117 atranda stulbinam\u0105 ry\u0161\u012f tarp sav\u0119s ir Teres\u0117s Bel \u2013 ry\u0161\u012f, kuris pad\u0117s i\u0161sigydyti praeities \u017eaizdas ir pamilti i\u0161 naujo.<\/p>\n","protected":false},"excerpt":{"rendered":"<p>Romane \u201eVinta\u017einis romanas\u201c\u00a0 Fib\u0117 Svift nustebindama savo draugus palieka gerai apmokam\u0105 darb\u0105 presti\u017einiame Sotheby\u2019s aukcione ir nusprend\u017eia atidaryti vinta\u017eini\u0173 drabu\u017ei\u0173 parduotuv\u0117l\u0119 Londone. Pagaliau i\u0161sipildo jos svajon\u0117. \u0160viesiame parduotuv\u0117l\u0117s \u201eMiestelio vinta\u017eas\u201c interjere, apsuptame Yves\u2019o Saint Laurent\u2019o \u0161ilkini\u0173 \u0161alik\u0117li\u0173, Vivienne\u2019os Westwood p\u016bst\u0173 sijon\u0173, margaspalvi\u0173 suknu\u010di\u0173 ir vakarini\u0173 atlaso sukni\u0173, mergina tikisi sukurti nauj\u0105 traukos objekt\u0105. Fibei kiekvienas vinta\u017einis drabu\u017e\u0117lis turi savit\u0105 ir nepakartojam\u0105 istorij\u0105. Ie\u0161kodama preki\u0173 parduotuv\u0117lei, mergina aplank\u0117 ne vien\u0105 pal\u0117p\u0119, prav\u0117r\u0117 daug seniai u\u017emir\u0161t\u0173 spint\u0173. Atradus ka\u017ek\u0105 tikrai unikalaus Fib\u0119 u\u017epl\u016bsdavo suvokimas, kad pirkdama vinta\u017ein\u012f drabu\u017e\u012f \u012fsigyji ne tik audinio gabal\u0105, bet ir ka\u017ekieno praeities dalel\u0119. Ta\u010diau vienas konkretus drabu\u017eis apver\u010dia jos pasaul\u012f auk\u0161tyn kojom. Teresei Bel, pagyvenusiai pranc\u016bzei, priklauso \u012fsp\u016bdinga drabu\u017ei\u0173 kolekcija. Tarp daugyb\u0117s dalykini\u0173 kostium\u0117li\u0173 ir auk\u0161tosios mados sukni\u0173 Fib\u0117 atranda dangaus m\u0117lynumo vaiki\u0161k\u0105 palt\u0105, drabu\u017e\u012f, su kuriuo ponia Bel nelinkusi i\u0161siskirti. Moterims susidraugavus, Fib\u0117 su\u017eino, m\u0117lynojo palto paslapt\u012f. O \u012fvykiams rutioliojantis jaunoji parduotuv\u0117l\u0117s savinink\u0117 atranda stulbinam\u0105 ry\u0161\u012f tarp sav\u0119s ir Teres\u0117s Bel \u2013 ry\u0161\u012f, kuris pad\u0117s i\u0161sigydyti praeities \u017eaizdas ir pamilti i\u0161 naujo.<\/p>\n","protected":false},"featured_media":12917,"comment_status":"open","ping_status":"closed","template":"","meta":{"_acf_changed":false,"site-sidebar-layout":"default","site-content-layout":"","ast-site-content-layout":"default","site-content-style":"default","site-sidebar-style":"default","ast-global-header-display":"","ast-banner-title-visibility":"","ast-main-header-display":"","ast-hfb-above-header-display":"","ast-hfb-below-header-display":"","ast-hfb-mobile-header-display":"","site-post-title":"","ast-breadcrumbs-content":"","ast-featured-img":"","footer-sml-layout":"","ast-disable-related-posts":"","theme-transparent-header-meta":"default","adv-header-id-meta":"","stick-header-meta":"","header-above-stick-meta":"","header-main-stick-meta":"","header-below-stick-meta":"","astra-migrate-meta-layouts":"set","ast-page-background-enabled":"default","ast-page-background-meta":{"desktop":{"background-color":"","background-image":"","background-repeat":"repeat","background-position":"center center","background-size":"auto","background-attachment":"scroll","background-type":"","background-media":"","overlay-type":"","overlay-color":"","overlay-opacity":"","overlay-gradient":""},"tablet":{"background-color":"","background-image":"","background-repeat":"repeat","background-position":"center center","background-size":"auto","background-attachment":"scroll","background-type":"","background-media":"","overlay-type":"","overlay-color":"","overlay-opacity":"","overlay-gradient":""},"mobile":{"background-color":"","background-image":"","background-repeat":"repeat","background-position":"center center","background-size":"auto","background-attachment":"scroll","background-type":"","background-media":"","overlay-type":"","overlay-color":"","overlay-opacity":"","overlay-gradient":""}},"ast-content-background-meta":{"desktop":{"background-color":"var(--ast-global-color-4)","background-image":"","background-repeat":"repeat","background-position":"center center","background-size":"auto","background-attachment":"scroll","background-type":"","background-media":"","overlay-type":"","overlay-color":"","overlay-opacity":"","overlay-gradient":""},"tablet":{"background-color":"var(--ast-global-color-4)","background-image":"","background-repeat":"repeat","background-position":"center center","background-size":"auto","background-attachment":"scroll","background-type":"","background-media":"","overlay-type":"","overlay-color":"","overlay-opacity":"","overlay-gradient":""},"mobile":{"background-color":"var(--ast-global-color-4)","background-image":"","background-repeat":"repeat","background-position":"center center","background-size":"auto","background-attachment":"scroll","background-type":"","background-media":"","overlay-type":"","overlay-color":"","overlay-opacity":"","overlay-gradient":""}}},"product_brand":[],"product_cat":[31,15],"product_tag":[],"class_list":{"0":"post-12916","1":"product","2":"type-product","3":"status-publish","4":"has-post-thumbnail","6":"product_cat-grozine-literatura","7":"product_cat-uncategorized","8":"desktop-align-left","9":"tablet-align-left","10":"mobile-align-left","12":"first","13":"outofstock","14":"shipping-taxable","15":"purchasable","16":"product-type-simple"},"acf":[],"yoast_head":"<!-- This site is optimized with the Yoast SEO plugin v27.0 - https:\/\/yoast.com\/product\/yoast-seo-wordpress\/ -->\n<title>Isabel Wolff \u201eVinta\u017einis romanas\u201c<\/title>\n<meta name=\"description\" content=\"Romane \u201eVinta\u017einis romanas\u201c\u00a0 Fib\u0117 Svift nustebindama savo draugus palieka gerai apmokam\u0105 darb\u0105 presti\u017einiame Sotheby\u2019s aukcione ir nusprend\u017eia atidaryti\" \/>\n<meta name=\"robots\" content=\"index, follow, max-snippet:-1, max-image-preview:large, max-video-preview:-1\" \/>\n<link rel=\"canonical\" href=\"https:\/\/skaitytaknyga.lt\/en\/produktas\/vintazinis-romanas\/\" \/>\n<meta property=\"og:locale\" content=\"en_GB\" \/>\n<meta property=\"og:locale:alternate\" content=\"lt_LT\" \/>\n<meta property=\"og:type\" content=\"article\" \/>\n<meta property=\"og:title\" content=\"Isabel Wolff \u201eVinta\u017einis romanas\u201c\" \/>\n<meta property=\"og:description\" content=\"Romane \u201eVinta\u017einis romanas\u201c\u00a0 Fib\u0117 Svift nustebindama savo draugus palieka gerai apmokam\u0105 darb\u0105 presti\u017einiame Sotheby\u2019s aukcione ir nusprend\u017eia atidaryti\" \/>\n<meta property=\"og:url\" content=\"https:\/\/skaitytaknyga.lt\/en\/produktas\/vintazinis-romanas\/\" \/>\n<meta property=\"og:site_name\" content=\"Skaitytaknyga\" \/>\n<meta property=\"article:publisher\" content=\"https:\/\/www.facebook.com\/skaitytaknyga\/\" \/>\n<meta property=\"article:modified_time\" content=\"2024-09-20T17:44:57+00:00\" \/>\n<meta property=\"og:image\" content=\"https:\/\/skaitytaknyga.lt\/wp-content\/uploads\/2024\/07\/1462876492_SK-Vintazinis-romanas.webp\" \/>\n\t<meta property=\"og:image:width\" content=\"392\" \/>\n\t<meta property=\"og:image:height\" content=\"596\" \/>\n\t<meta property=\"og:image:type\" content=\"image\/webp\" \/>\n<meta name=\"twitter:card\" content=\"summary_large_image\" \/>\n<meta name=\"twitter:label1\" content=\"Estimated reading time\" \/>\n\t<meta name=\"twitter:data1\" content=\"2 minutes\" \/>\n<script type=\"application\/ld+json\" class=\"yoast-schema-graph\">{\"@context\":\"https:\/\/schema.org\",\"@graph\":[{\"@type\":\"WebPage\",\"@id\":\"https:\/\/skaitytaknyga.lt\/produktas\/vintazinis-romanas\/\",\"url\":\"https:\/\/skaitytaknyga.lt\/produktas\/vintazinis-romanas\/\",\"name\":\"Isabel Wolff \u201eVinta\u017einis romanas\u201c\",\"isPartOf\":{\"@id\":\"https:\/\/skaitytaknyga.lt\/#website\"},\"primaryImageOfPage\":{\"@id\":\"https:\/\/skaitytaknyga.lt\/produktas\/vintazinis-romanas\/#primaryimage\"},\"image\":{\"@id\":\"https:\/\/skaitytaknyga.lt\/produktas\/vintazinis-romanas\/#primaryimage\"},\"thumbnailUrl\":\"https:\/\/skaitytaknyga.lt\/wp-content\/uploads\/2024\/07\/1462876492_SK-Vintazinis-romanas.webp\",\"datePublished\":\"2024-07-13T17:19:47+00:00\",\"dateModified\":\"2024-09-20T17:44:57+00:00\",\"description\":\"Romane \u201eVinta\u017einis romanas\u201c\u00a0 Fib\u0117 Svift nustebindama savo draugus palieka gerai apmokam\u0105 darb\u0105 presti\u017einiame Sotheby\u2019s aukcione ir nusprend\u017eia atidaryti\",\"breadcrumb\":{\"@id\":\"https:\/\/skaitytaknyga.lt\/produktas\/vintazinis-romanas\/#breadcrumb\"},\"inLanguage\":\"en-GB\",\"potentialAction\":[{\"@type\":\"ReadAction\",\"target\":[\"https:\/\/skaitytaknyga.lt\/produktas\/vintazinis-romanas\/\"]}]},{\"@type\":\"ImageObject\",\"inLanguage\":\"en-GB\",\"@id\":\"https:\/\/skaitytaknyga.lt\/produktas\/vintazinis-romanas\/#primaryimage\",\"url\":\"https:\/\/skaitytaknyga.lt\/wp-content\/uploads\/2024\/07\/1462876492_SK-Vintazinis-romanas.webp\",\"contentUrl\":\"https:\/\/skaitytaknyga.lt\/wp-content\/uploads\/2024\/07\/1462876492_SK-Vintazinis-romanas.webp\",\"width\":392,\"height\":596,\"caption\":\"Vinta\u017einis romanas\"},{\"@type\":\"BreadcrumbList\",\"@id\":\"https:\/\/skaitytaknyga.lt\/produktas\/vintazinis-romanas\/#breadcrumb\",\"itemListElement\":[{\"@type\":\"ListItem\",\"position\":1,\"name\":\"Home\",\"item\":\"https:\/\/skaitytaknyga.lt\/\"},{\"@type\":\"ListItem\",\"position\":2,\"name\":\"Parduotuv\u0117\",\"item\":\"https:\/\/skaitytaknyga.lt\/knygu-parduotuve\/\"},{\"@type\":\"ListItem\",\"position\":3,\"name\":\"Isabel Wolff \u201eVinta\u017einis romanas\u201c\"}]},{\"@type\":\"WebSite\",\"@id\":\"https:\/\/skaitytaknyga.lt\/#website\",\"url\":\"https:\/\/skaitytaknyga.lt\/\",\"name\":\"skaitytaknyga.lt\",\"description\":\"Skaitytaknyga.lt \u2013 tai ma\u017eas \u0161eimos verslas, kuris prasid\u0117jo nuo meil\u0117s knygoms ir siekio i\u0161gelb\u0117ti knygas nuo likimo prie konteinerio. Kas vienam nereikalingas daiktas \u2013 kitam lobis, o mes esame tarpininkai, kurie padeda abiems tapti laimingesniems ???? \u017dinome kaip nelengva i\u0161gyventi ma\u017eiems verslams, tad nuo \u0161iol, \u010dia rasite ir kit\u0173, ma\u017e\u0173 \u0161eim\u0173 versl\u0173, rank\u0173 darbo, dovan\u0173 sau ir artimiesiems.\",\"publisher\":{\"@id\":\"https:\/\/skaitytaknyga.lt\/#organization\"},\"potentialAction\":[{\"@type\":\"SearchAction\",\"target\":{\"@type\":\"EntryPoint\",\"urlTemplate\":\"https:\/\/skaitytaknyga.lt\/?s={search_term_string}\"},\"query-input\":{\"@type\":\"PropertyValueSpecification\",\"valueRequired\":true,\"valueName\":\"search_term_string\"}}],\"inLanguage\":\"en-GB\"},{\"@type\":\"Organization\",\"@id\":\"https:\/\/skaitytaknyga.lt\/#organization\",\"name\":\"skaitytaknyga.lt\",\"url\":\"https:\/\/skaitytaknyga.lt\/\",\"logo\":{\"@type\":\"ImageObject\",\"inLanguage\":\"en-GB\",\"@id\":\"https:\/\/skaitytaknyga.lt\/#\/schema\/logo\/image\/\",\"url\":\"https:\/\/skaitytaknyga.lt\/wp-content\/uploads\/2024\/05\/cropped-cropped-cropped-02_00843_jt3bggkj1j3HLc7SyY6rEUpg.jpeg\",\"contentUrl\":\"https:\/\/skaitytaknyga.lt\/wp-content\/uploads\/2024\/05\/cropped-cropped-cropped-02_00843_jt3bggkj1j3HLc7SyY6rEUpg.jpeg\",\"width\":1600,\"height\":1600,\"caption\":\"skaitytaknyga.lt\"},\"image\":{\"@id\":\"https:\/\/skaitytaknyga.lt\/#\/schema\/logo\/image\/\"},\"sameAs\":[\"https:\/\/www.facebook.com\/skaitytaknyga\/\"]}]}<\/script>\n<!-- \/ Yoast SEO plugin. -->","yoast_head_json":{"title":"Isabel Wolff \u201eVinta\u017einis romanas\u201c","description":"Romane \u201eVinta\u017einis romanas\u201c\u00a0 Fib\u0117 Svift nustebindama savo draugus palieka gerai apmokam\u0105 darb\u0105 presti\u017einiame Sotheby\u2019s aukcione ir nusprend\u017eia atidaryti","robots":{"index":"index","follow":"follow","max-snippet":"max-snippet:-1","max-image-preview":"max-image-preview:large","max-video-preview":"max-video-preview:-1"},"canonical":"https:\/\/skaitytaknyga.lt\/en\/produktas\/vintazinis-romanas\/","og_locale":"en_GB","og_type":"article","og_title":"[:lt]Isabel Wolff \u201eVinta\u017einis romanas\u201c[:] - Skaitytaknyga","og_description":"Romane \u201eVinta\u017einis romanas\u201c\u00a0 Fib\u0117 Svift nustebindama savo draugus palieka gerai apmokam\u0105 darb\u0105 presti\u017einiame Sotheby\u2019s aukcione ir nusprend\u017eia atidaryti","og_url":"https:\/\/skaitytaknyga.lt\/en\/produktas\/vintazinis-romanas\/","og_site_name":"Skaitytaknyga","article_publisher":"https:\/\/www.facebook.com\/skaitytaknyga\/","article_modified_time":"2024-09-20T17:44:57+00:00","og_image":[{"width":392,"height":596,"url":"https:\/\/skaitytaknyga.lt\/wp-content\/uploads\/2024\/07\/1462876492_SK-Vintazinis-romanas.webp","type":"image\/webp"}],"twitter_card":"summary_large_image","twitter_misc":{"Estimated reading time":"2 minutes"},"schema":{"@context":"https:\/\/schema.org","@graph":[{"@type":"WebPage","@id":"https:\/\/skaitytaknyga.lt\/produktas\/vintazinis-romanas\/","url":"https:\/\/skaitytaknyga.lt\/produktas\/vintazinis-romanas\/","name":"Isabel Wolff \u201eVinta\u017einis romanas\u201c","isPartOf":{"@id":"https:\/\/skaitytaknyga.lt\/#website"},"primaryImageOfPage":{"@id":"https:\/\/skaitytaknyga.lt\/produktas\/vintazinis-romanas\/#primaryimage"},"image":{"@id":"https:\/\/skaitytaknyga.lt\/produktas\/vintazinis-romanas\/#primaryimage"},"thumbnailUrl":"https:\/\/skaitytaknyga.lt\/wp-content\/uploads\/2024\/07\/1462876492_SK-Vintazinis-romanas.webp","datePublished":"2024-07-13T17:19:47+00:00","dateModified":"2024-09-20T17:44:57+00:00","description":"Romane \u201eVinta\u017einis romanas\u201c\u00a0 Fib\u0117 Svift nustebindama savo draugus palieka gerai apmokam\u0105 darb\u0105 presti\u017einiame Sotheby\u2019s aukcione ir nusprend\u017eia atidaryti","breadcrumb":{"@id":"https:\/\/skaitytaknyga.lt\/produktas\/vintazinis-romanas\/#breadcrumb"},"inLanguage":"en-GB","potentialAction":[{"@type":"ReadAction","target":["https:\/\/skaitytaknyga.lt\/produktas\/vintazinis-romanas\/"]}]},{"@type":"ImageObject","inLanguage":"en-GB","@id":"https:\/\/skaitytaknyga.lt\/produktas\/vintazinis-romanas\/#primaryimage","url":"https:\/\/skaitytaknyga.lt\/wp-content\/uploads\/2024\/07\/1462876492_SK-Vintazinis-romanas.webp","contentUrl":"https:\/\/skaitytaknyga.lt\/wp-content\/uploads\/2024\/07\/1462876492_SK-Vintazinis-romanas.webp","width":392,"height":596,"caption":"Vinta\u017einis romanas"},{"@type":"BreadcrumbList","@id":"https:\/\/skaitytaknyga.lt\/produktas\/vintazinis-romanas\/#breadcrumb","itemListElement":[{"@type":"ListItem","position":1,"name":"Home","item":"https:\/\/skaitytaknyga.lt\/"},{"@type":"ListItem","position":2,"name":"Parduotuv\u0117","item":"https:\/\/skaitytaknyga.lt\/knygu-parduotuve\/"},{"@type":"ListItem","position":3,"name":"Isabel Wolff \u201eVinta\u017einis romanas\u201c"}]},{"@type":"WebSite","@id":"https:\/\/skaitytaknyga.lt\/#website","url":"https:\/\/skaitytaknyga.lt\/","name":"skaitytaknyga.lt","description":"Skaitytaknyga.lt \u2013 tai ma\u017eas \u0161eimos verslas, kuris prasid\u0117jo nuo meil\u0117s knygoms ir siekio i\u0161gelb\u0117ti knygas nuo likimo prie konteinerio. Kas vienam nereikalingas daiktas \u2013 kitam lobis, o mes esame tarpininkai, kurie padeda abiems tapti laimingesniems ???? \u017dinome kaip nelengva i\u0161gyventi ma\u017eiems verslams, tad nuo \u0161iol, \u010dia rasite ir kit\u0173, ma\u017e\u0173 \u0161eim\u0173 versl\u0173, rank\u0173 darbo, dovan\u0173 sau ir artimiesiems.","publisher":{"@id":"https:\/\/skaitytaknyga.lt\/#organization"},"potentialAction":[{"@type":"SearchAction","target":{"@type":"EntryPoint","urlTemplate":"https:\/\/skaitytaknyga.lt\/?s={search_term_string}"},"query-input":{"@type":"PropertyValueSpecification","valueRequired":true,"valueName":"search_term_string"}}],"inLanguage":"en-GB"},{"@type":"Organization","@id":"https:\/\/skaitytaknyga.lt\/#organization","name":"skaitytaknyga.lt","url":"https:\/\/skaitytaknyga.lt\/","logo":{"@type":"ImageObject","inLanguage":"en-GB","@id":"https:\/\/skaitytaknyga.lt\/#\/schema\/logo\/image\/","url":"https:\/\/skaitytaknyga.lt\/wp-content\/uploads\/2024\/05\/cropped-cropped-cropped-02_00843_jt3bggkj1j3HLc7SyY6rEUpg.jpeg","contentUrl":"https:\/\/skaitytaknyga.lt\/wp-content\/uploads\/2024\/05\/cropped-cropped-cropped-02_00843_jt3bggkj1j3HLc7SyY6rEUpg.jpeg","width":1600,"height":1600,"caption":"skaitytaknyga.lt"},"image":{"@id":"https:\/\/skaitytaknyga.lt\/#\/schema\/logo\/image\/"},"sameAs":["https:\/\/www.facebook.com\/skaitytaknyga\/"]}]}},"_links":{"self":[{"href":"https:\/\/skaitytaknyga.lt\/en\/wp-json\/wp\/v2\/product\/12916","targetHints":{"allow":["GET"]}}],"collection":[{"href":"https:\/\/skaitytaknyga.lt\/en\/wp-json\/wp\/v2\/product"}],"about":[{"href":"https:\/\/skaitytaknyga.lt\/en\/wp-json\/wp\/v2\/types\/product"}],"replies":[{"embeddable":true,"href":"https:\/\/skaitytaknyga.lt\/en\/wp-json\/wp\/v2\/comments?post=12916"}],"wp:featuredmedia":[{"embeddable":true,"href":"https:\/\/skaitytaknyga.lt\/en\/wp-json\/wp\/v2\/media\/12917"}],"wp:attachment":[{"href":"https:\/\/skaitytaknyga.lt\/en\/wp-json\/wp\/v2\/media?parent=12916"}],"wp:term":[{"taxonomy":"product_brand","embeddable":true,"href":"https:\/\/skaitytaknyga.lt\/en\/wp-json\/wp\/v2\/product_brand?post=12916"},{"taxonomy":"product_cat","embeddable":true,"href":"https:\/\/skaitytaknyga.lt\/en\/wp-json\/wp\/v2\/product_cat?post=12916"},{"taxonomy":"product_tag","embeddable":true,"href":"https:\/\/skaitytaknyga.lt\/en\/wp-json\/wp\/v2\/product_tag?post=12916"}],"curies":[{"name":"wp","href":"https:\/\/api.w.org\/{rel}","templated":true}]}}