{"id":12914,"date":"2024-07-13T20:15:49","date_gmt":"2024-07-13T17:15:49","guid":{"rendered":"https:\/\/skaitytaknyga.lt\/?post_type=product&#038;p=12914"},"modified":"2025-05-12T15:06:49","modified_gmt":"2025-05-12T12:06:49","slug":"jodi-picoult-mano-sesers-globejas","status":"publish","type":"product","link":"https:\/\/skaitytaknyga.lt\/en\/produktas\/jodi-picoult-mano-sesers-globejas\/","title":{"rendered":"Mano sesers glob\u0117jas"},"content":{"rendered":"<p>Viena populiariausi\u0173 JAV ra\u0161ytoj\u0173\u00a0<strong>Jodi Picoult<\/strong>\u00a0skaitytoj\u0173 ir kritik\u0173 labiausiai vertinama u\u017e geb\u0117jim\u0105 subtiliai atskleisti sud\u0117tingiausius \u017emoni\u0173 jausmus ir jautriai, i\u0161mintingai gvildenti sunkias bei \u012fvairialypes temas.<\/p>\n<p>Pasaulin\u0119 \u0161lov\u0119 JAV ra\u0161ytojai\u00a0<strong>J. Picoult<\/strong>\u00a0atne\u0161\u0119s romanas\u00a0<strong>\u201eMano sesers glob\u0117jas&#8221;<\/strong>\u00a0\u2013 tai istorija apie \u0161eim\u0105, susidurian\u010di\u0105 su prie\u0161taringais poreikiais, ir meil\u0119, nugalin\u010di\u0105 \u017emogi\u0161k\u0105j\u012f silpnum\u0105. Knygos veik\u0117jai i\u0161gyvena sud\u0117tingas situacijas, jie turi atsakyti \u012f klausimus, kuriems n\u0117ra vieno atsakymo. K\u0105 rei\u0161kia b\u016bti gerais t\u0117vais, gera seserimi, geru \u017emogumi? Ar teisinga daryti visk\u0105, kad i\u0161gelb\u0117tum vaiko gyvyb\u0119, nors tai pa\u017eeid\u017eia kito \u017emogaus teises? Ar verta bandyti suvokti, kas esi, jeigu \u0161ios pastangos veda \u012f konflikt\u0105 su savimi?<\/p>\n<p><em>Puiki, emoci\u0161kai intensyvi, kontroversi\u0161ka ir s\u0105\u017eininga knyga.<\/em><br \/>\nBooklist<\/p>\n<p><em>J. Picoult ra\u0161o be galo jautriai, pastebi net smulkiausias detales, puikiai i\u0161mano \u017emoni\u0173 santyki\u0173 subtilybes.<\/em><br \/>\nThe Boston Globe<\/p>\n<p>Intensyvus siu\u017eetas, daugiaplan\u0117 meil\u0117s ir \u0161eimos sait\u0173 studija.<\/p>\n<p><strong>Jodi Picoult<\/strong>\u00a0(D\u017eoudi Pikou, g. 966) \u2013 viena populiariausi\u0173 \u0161iuolaikini\u0173 JAV ra\u0161ytoj\u0173. Prinstono universitete ji baig\u0117 literat\u016bros tekst\u0173 ra\u0161ymo bakalauro studijas, o Harvardo universitete \u012fgijo edukologijos magistro laipsn\u012f. 2003 metais u\u017e k\u016bryb\u0105 jai skirtas apdovanojimas New England Book Award.<\/p>\n","protected":false},"excerpt":{"rendered":"<p>Viena populiariausi\u0173 JAV ra\u0161ytoj\u0173\u00a0Jodi Picoult\u00a0skaitytoj\u0173 ir kritik\u0173 labiausiai vertinama u\u017e geb\u0117jim\u0105 subtiliai atskleisti sud\u0117tingiausius \u017emoni\u0173 jausmus ir jautriai, i\u0161mintingai gvildenti sunkias bei \u012fvairialypes temas. Pasaulin\u0119 \u0161lov\u0119 JAV ra\u0161ytojai\u00a0J. Picoult\u00a0atne\u0161\u0119s romanas\u00a0\u201eMano sesers glob\u0117jas&#8221;\u00a0\u2013 tai istorija apie \u0161eim\u0105, susidurian\u010di\u0105 su prie\u0161taringais poreikiais, ir meil\u0119, nugalin\u010di\u0105 \u017emogi\u0161k\u0105j\u012f silpnum\u0105. Knygos veik\u0117jai i\u0161gyvena sud\u0117tingas situacijas, jie turi atsakyti \u012f klausimus, kuriems n\u0117ra vieno atsakymo. K\u0105 rei\u0161kia b\u016bti gerais t\u0117vais, gera seserimi, geru \u017emogumi? Ar teisinga daryti visk\u0105, kad i\u0161gelb\u0117tum vaiko gyvyb\u0119, nors tai pa\u017eeid\u017eia kito \u017emogaus teises? Ar verta bandyti suvokti, kas esi, jeigu \u0161ios pastangos veda \u012f konflikt\u0105 su savimi? Puiki, emoci\u0161kai intensyvi, kontroversi\u0161ka ir s\u0105\u017eininga knyga. Booklist J. Picoult ra\u0161o be galo jautriai, pastebi net smulkiausias detales, puikiai i\u0161mano \u017emoni\u0173 santyki\u0173 subtilybes. The Boston Globe Intensyvus siu\u017eetas, daugiaplan\u0117 meil\u0117s ir \u0161eimos sait\u0173 studija. Jodi Picoult\u00a0(D\u017eoudi Pikou, g. 966) \u2013 viena populiariausi\u0173 \u0161iuolaikini\u0173 JAV ra\u0161ytoj\u0173. Prinstono universitete ji baig\u0117 literat\u016bros tekst\u0173 ra\u0161ymo bakalauro studijas, o Harvardo universitete \u012fgijo edukologijos magistro laipsn\u012f. 2003 metais u\u017e k\u016bryb\u0105 jai skirtas apdovanojimas New England Book Award.<\/p>\n","protected":false},"featured_media":12915,"comment_status":"open","ping_status":"closed","template":"","meta":{"_acf_changed":false,"site-sidebar-layout":"default","site-content-layout":"","ast-site-content-layout":"default","site-content-style":"default","site-sidebar-style":"default","ast-global-header-display":"","ast-banner-title-visibility":"","ast-main-header-display":"","ast-hfb-above-header-display":"","ast-hfb-below-header-display":"","ast-hfb-mobile-header-display":"","site-post-title":"","ast-breadcrumbs-content":"","ast-featured-img":"","footer-sml-layout":"","ast-disable-related-posts":"","theme-transparent-header-meta":"default","adv-header-id-meta":"","stick-header-meta":"","header-above-stick-meta":"","header-main-stick-meta":"","header-below-stick-meta":"","astra-migrate-meta-layouts":"set","ast-page-background-enabled":"default","ast-page-background-meta":{"desktop":{"background-color":"","background-image":"","background-repeat":"repeat","background-position":"center center","background-size":"auto","background-attachment":"scroll","background-type":"","background-media":"","overlay-type":"","overlay-color":"","overlay-opacity":"","overlay-gradient":""},"tablet":{"background-color":"","background-image":"","background-repeat":"repeat","background-position":"center center","background-size":"auto","background-attachment":"scroll","background-type":"","background-media":"","overlay-type":"","overlay-color":"","overlay-opacity":"","overlay-gradient":""},"mobile":{"background-color":"","background-image":"","background-repeat":"repeat","background-position":"center center","background-size":"auto","background-attachment":"scroll","background-type":"","background-media":"","overlay-type":"","overlay-color":"","overlay-opacity":"","overlay-gradient":""}},"ast-content-background-meta":{"desktop":{"background-color":"var(--ast-global-color-4)","background-image":"","background-repeat":"repeat","background-position":"center center","background-size":"auto","background-attachment":"scroll","background-type":"","background-media":"","overlay-type":"","overlay-color":"","overlay-opacity":"","overlay-gradient":""},"tablet":{"background-color":"var(--ast-global-color-4)","background-image":"","background-repeat":"repeat","background-position":"center center","background-size":"auto","background-attachment":"scroll","background-type":"","background-media":"","overlay-type":"","overlay-color":"","overlay-opacity":"","overlay-gradient":""},"mobile":{"background-color":"var(--ast-global-color-4)","background-image":"","background-repeat":"repeat","background-position":"center center","background-size":"auto","background-attachment":"scroll","background-type":"","background-media":"","overlay-type":"","overlay-color":"","overlay-opacity":"","overlay-gradient":""}}},"product_brand":[],"product_cat":[31,15],"product_tag":[2098,2095,2097,1646,2096],"class_list":{"0":"post-12914","1":"product","2":"type-product","3":"status-publish","4":"has-post-thumbnail","6":"product_cat-grozine-literatura","7":"product_cat-uncategorized","8":"product_tag-donoryste","9":"product_tag-medicina","10":"product_tag-morale","11":"product_tag-seima","12":"product_tag-teise","13":"desktop-align-left","14":"tablet-align-left","15":"mobile-align-left","17":"first","18":"instock","19":"shipping-taxable","20":"purchasable","21":"product-type-simple"},"acf":[],"yoast_head":"<!-- This site is optimized with the Yoast SEO plugin v27.0 - https:\/\/yoast.com\/product\/yoast-seo-wordpress\/ -->\n<title>Mano sesers glob\u0117jas<\/title>\n<meta name=\"description\" content=\"Viena populiariausi\u0173 JAV ra\u0161ytoj\u0173\u00a0Jodi Picoult\u00a0skaitytoj\u0173 ir kritik\u0173 labiausiai vertinama u\u017e geb\u0117jim\u0105 subtiliai atskleisti sud\u0117tingiausius \u017emoni\u0173 jausmus\" \/>\n<meta name=\"robots\" content=\"index, follow, max-snippet:-1, max-image-preview:large, max-video-preview:-1\" \/>\n<link rel=\"canonical\" href=\"https:\/\/skaitytaknyga.lt\/en\/produktas\/jodi-picoult-mano-sesers-globejas\/\" \/>\n<meta property=\"og:locale\" content=\"en_GB\" \/>\n<meta property=\"og:locale:alternate\" content=\"lt_LT\" \/>\n<meta property=\"og:type\" content=\"article\" \/>\n<meta property=\"og:title\" content=\"Mano sesers glob\u0117jas\" \/>\n<meta property=\"og:description\" content=\"Viena populiariausi\u0173 JAV ra\u0161ytoj\u0173\u00a0Jodi Picoult\u00a0skaitytoj\u0173 ir kritik\u0173 labiausiai vertinama u\u017e geb\u0117jim\u0105 subtiliai atskleisti sud\u0117tingiausius \u017emoni\u0173 jausmus\" \/>\n<meta property=\"og:url\" content=\"https:\/\/skaitytaknyga.lt\/en\/produktas\/jodi-picoult-mano-sesers-globejas\/\" \/>\n<meta property=\"og:site_name\" content=\"Skaitytaknyga\" \/>\n<meta property=\"article:publisher\" content=\"https:\/\/www.facebook.com\/skaitytaknyga\/\" \/>\n<meta property=\"article:modified_time\" content=\"2025-05-12T12:06:49+00:00\" \/>\n<meta property=\"og:image\" content=\"https:\/\/skaitytaknyga.lt\/wp-content\/uploads\/2024\/07\/1600845353_Mano_sesers_globejas.webp\" \/>\n\t<meta property=\"og:image:width\" content=\"403\" \/>\n\t<meta property=\"og:image:height\" content=\"600\" \/>\n\t<meta property=\"og:image:type\" content=\"image\/webp\" \/>\n<meta name=\"twitter:card\" content=\"summary_large_image\" \/>\n<meta name=\"twitter:label1\" content=\"Estimated reading time\" \/>\n\t<meta name=\"twitter:data1\" content=\"2 minutes\" \/>\n<script type=\"application\/ld+json\" class=\"yoast-schema-graph\">{\"@context\":\"https:\/\/schema.org\",\"@graph\":[{\"@type\":\"WebPage\",\"@id\":\"https:\/\/skaitytaknyga.lt\/produktas\/jodi-picoult-mano-sesers-globejas\/\",\"url\":\"https:\/\/skaitytaknyga.lt\/produktas\/jodi-picoult-mano-sesers-globejas\/\",\"name\":\"Mano sesers glob\u0117jas\",\"isPartOf\":{\"@id\":\"https:\/\/skaitytaknyga.lt\/#website\"},\"primaryImageOfPage\":{\"@id\":\"https:\/\/skaitytaknyga.lt\/produktas\/jodi-picoult-mano-sesers-globejas\/#primaryimage\"},\"image\":{\"@id\":\"https:\/\/skaitytaknyga.lt\/produktas\/jodi-picoult-mano-sesers-globejas\/#primaryimage\"},\"thumbnailUrl\":\"https:\/\/skaitytaknyga.lt\/wp-content\/uploads\/2024\/07\/1600845353_Mano_sesers_globejas.webp\",\"datePublished\":\"2024-07-13T17:15:49+00:00\",\"dateModified\":\"2025-05-12T12:06:49+00:00\",\"description\":\"Viena populiariausi\u0173 JAV ra\u0161ytoj\u0173\u00a0Jodi Picoult\u00a0skaitytoj\u0173 ir kritik\u0173 labiausiai vertinama u\u017e geb\u0117jim\u0105 subtiliai atskleisti sud\u0117tingiausius \u017emoni\u0173 jausmus\",\"breadcrumb\":{\"@id\":\"https:\/\/skaitytaknyga.lt\/produktas\/jodi-picoult-mano-sesers-globejas\/#breadcrumb\"},\"inLanguage\":\"en-GB\",\"potentialAction\":[{\"@type\":\"ReadAction\",\"target\":[\"https:\/\/skaitytaknyga.lt\/produktas\/jodi-picoult-mano-sesers-globejas\/\"]}]},{\"@type\":\"ImageObject\",\"inLanguage\":\"en-GB\",\"@id\":\"https:\/\/skaitytaknyga.lt\/produktas\/jodi-picoult-mano-sesers-globejas\/#primaryimage\",\"url\":\"https:\/\/skaitytaknyga.lt\/wp-content\/uploads\/2024\/07\/1600845353_Mano_sesers_globejas.webp\",\"contentUrl\":\"https:\/\/skaitytaknyga.lt\/wp-content\/uploads\/2024\/07\/1600845353_Mano_sesers_globejas.webp\",\"width\":403,\"height\":600,\"caption\":\"Mano sesers globejas\"},{\"@type\":\"BreadcrumbList\",\"@id\":\"https:\/\/skaitytaknyga.lt\/produktas\/jodi-picoult-mano-sesers-globejas\/#breadcrumb\",\"itemListElement\":[{\"@type\":\"ListItem\",\"position\":1,\"name\":\"Home\",\"item\":\"https:\/\/skaitytaknyga.lt\/\"},{\"@type\":\"ListItem\",\"position\":2,\"name\":\"Parduotuv\u0117\",\"item\":\"https:\/\/skaitytaknyga.lt\/knygu-parduotuve\/\"},{\"@type\":\"ListItem\",\"position\":3,\"name\":\"Mano sesers glob\u0117jas\"}]},{\"@type\":\"WebSite\",\"@id\":\"https:\/\/skaitytaknyga.lt\/#website\",\"url\":\"https:\/\/skaitytaknyga.lt\/\",\"name\":\"skaitytaknyga.lt\",\"description\":\"Skaitytaknyga.lt \u2013 tai ma\u017eas \u0161eimos verslas, kuris prasid\u0117jo nuo meil\u0117s knygoms ir siekio i\u0161gelb\u0117ti knygas nuo likimo prie konteinerio. Kas vienam nereikalingas daiktas \u2013 kitam lobis, o mes esame tarpininkai, kurie padeda abiems tapti laimingesniems ???? \u017dinome kaip nelengva i\u0161gyventi ma\u017eiems verslams, tad nuo \u0161iol, \u010dia rasite ir kit\u0173, ma\u017e\u0173 \u0161eim\u0173 versl\u0173, rank\u0173 darbo, dovan\u0173 sau ir artimiesiems.\",\"publisher\":{\"@id\":\"https:\/\/skaitytaknyga.lt\/#organization\"},\"potentialAction\":[{\"@type\":\"SearchAction\",\"target\":{\"@type\":\"EntryPoint\",\"urlTemplate\":\"https:\/\/skaitytaknyga.lt\/?s={search_term_string}\"},\"query-input\":{\"@type\":\"PropertyValueSpecification\",\"valueRequired\":true,\"valueName\":\"search_term_string\"}}],\"inLanguage\":\"en-GB\"},{\"@type\":\"Organization\",\"@id\":\"https:\/\/skaitytaknyga.lt\/#organization\",\"name\":\"skaitytaknyga.lt\",\"url\":\"https:\/\/skaitytaknyga.lt\/\",\"logo\":{\"@type\":\"ImageObject\",\"inLanguage\":\"en-GB\",\"@id\":\"https:\/\/skaitytaknyga.lt\/#\/schema\/logo\/image\/\",\"url\":\"https:\/\/skaitytaknyga.lt\/wp-content\/uploads\/2024\/05\/cropped-cropped-cropped-02_00843_jt3bggkj1j3HLc7SyY6rEUpg.jpeg\",\"contentUrl\":\"https:\/\/skaitytaknyga.lt\/wp-content\/uploads\/2024\/05\/cropped-cropped-cropped-02_00843_jt3bggkj1j3HLc7SyY6rEUpg.jpeg\",\"width\":1600,\"height\":1600,\"caption\":\"skaitytaknyga.lt\"},\"image\":{\"@id\":\"https:\/\/skaitytaknyga.lt\/#\/schema\/logo\/image\/\"},\"sameAs\":[\"https:\/\/www.facebook.com\/skaitytaknyga\/\"]}]}<\/script>\n<!-- \/ Yoast SEO plugin. -->","yoast_head_json":{"title":"Mano sesers glob\u0117jas","description":"Viena populiariausi\u0173 JAV ra\u0161ytoj\u0173\u00a0Jodi Picoult\u00a0skaitytoj\u0173 ir kritik\u0173 labiausiai vertinama u\u017e geb\u0117jim\u0105 subtiliai atskleisti sud\u0117tingiausius \u017emoni\u0173 jausmus","robots":{"index":"index","follow":"follow","max-snippet":"max-snippet:-1","max-image-preview":"max-image-preview:large","max-video-preview":"max-video-preview:-1"},"canonical":"https:\/\/skaitytaknyga.lt\/en\/produktas\/jodi-picoult-mano-sesers-globejas\/","og_locale":"en_GB","og_type":"article","og_title":"[:lt]Mano sesers glob\u0117jas[:] - Skaitytaknyga","og_description":"Viena populiariausi\u0173 JAV ra\u0161ytoj\u0173\u00a0Jodi Picoult\u00a0skaitytoj\u0173 ir kritik\u0173 labiausiai vertinama u\u017e geb\u0117jim\u0105 subtiliai atskleisti sud\u0117tingiausius \u017emoni\u0173 jausmus","og_url":"https:\/\/skaitytaknyga.lt\/en\/produktas\/jodi-picoult-mano-sesers-globejas\/","og_site_name":"Skaitytaknyga","article_publisher":"https:\/\/www.facebook.com\/skaitytaknyga\/","article_modified_time":"2025-05-12T12:06:49+00:00","og_image":[{"width":403,"height":600,"url":"https:\/\/skaitytaknyga.lt\/wp-content\/uploads\/2024\/07\/1600845353_Mano_sesers_globejas.webp","type":"image\/webp"}],"twitter_card":"summary_large_image","twitter_misc":{"Estimated reading time":"2 minutes"},"schema":{"@context":"https:\/\/schema.org","@graph":[{"@type":"WebPage","@id":"https:\/\/skaitytaknyga.lt\/produktas\/jodi-picoult-mano-sesers-globejas\/","url":"https:\/\/skaitytaknyga.lt\/produktas\/jodi-picoult-mano-sesers-globejas\/","name":"Mano sesers glob\u0117jas","isPartOf":{"@id":"https:\/\/skaitytaknyga.lt\/#website"},"primaryImageOfPage":{"@id":"https:\/\/skaitytaknyga.lt\/produktas\/jodi-picoult-mano-sesers-globejas\/#primaryimage"},"image":{"@id":"https:\/\/skaitytaknyga.lt\/produktas\/jodi-picoult-mano-sesers-globejas\/#primaryimage"},"thumbnailUrl":"https:\/\/skaitytaknyga.lt\/wp-content\/uploads\/2024\/07\/1600845353_Mano_sesers_globejas.webp","datePublished":"2024-07-13T17:15:49+00:00","dateModified":"2025-05-12T12:06:49+00:00","description":"Viena populiariausi\u0173 JAV ra\u0161ytoj\u0173\u00a0Jodi Picoult\u00a0skaitytoj\u0173 ir kritik\u0173 labiausiai vertinama u\u017e geb\u0117jim\u0105 subtiliai atskleisti sud\u0117tingiausius \u017emoni\u0173 jausmus","breadcrumb":{"@id":"https:\/\/skaitytaknyga.lt\/produktas\/jodi-picoult-mano-sesers-globejas\/#breadcrumb"},"inLanguage":"en-GB","potentialAction":[{"@type":"ReadAction","target":["https:\/\/skaitytaknyga.lt\/produktas\/jodi-picoult-mano-sesers-globejas\/"]}]},{"@type":"ImageObject","inLanguage":"en-GB","@id":"https:\/\/skaitytaknyga.lt\/produktas\/jodi-picoult-mano-sesers-globejas\/#primaryimage","url":"https:\/\/skaitytaknyga.lt\/wp-content\/uploads\/2024\/07\/1600845353_Mano_sesers_globejas.webp","contentUrl":"https:\/\/skaitytaknyga.lt\/wp-content\/uploads\/2024\/07\/1600845353_Mano_sesers_globejas.webp","width":403,"height":600,"caption":"Mano sesers globejas"},{"@type":"BreadcrumbList","@id":"https:\/\/skaitytaknyga.lt\/produktas\/jodi-picoult-mano-sesers-globejas\/#breadcrumb","itemListElement":[{"@type":"ListItem","position":1,"name":"Home","item":"https:\/\/skaitytaknyga.lt\/"},{"@type":"ListItem","position":2,"name":"Parduotuv\u0117","item":"https:\/\/skaitytaknyga.lt\/knygu-parduotuve\/"},{"@type":"ListItem","position":3,"name":"Mano sesers glob\u0117jas"}]},{"@type":"WebSite","@id":"https:\/\/skaitytaknyga.lt\/#website","url":"https:\/\/skaitytaknyga.lt\/","name":"skaitytaknyga.lt","description":"Skaitytaknyga.lt \u2013 tai ma\u017eas \u0161eimos verslas, kuris prasid\u0117jo nuo meil\u0117s knygoms ir siekio i\u0161gelb\u0117ti knygas nuo likimo prie konteinerio. Kas vienam nereikalingas daiktas \u2013 kitam lobis, o mes esame tarpininkai, kurie padeda abiems tapti laimingesniems ???? \u017dinome kaip nelengva i\u0161gyventi ma\u017eiems verslams, tad nuo \u0161iol, \u010dia rasite ir kit\u0173, ma\u017e\u0173 \u0161eim\u0173 versl\u0173, rank\u0173 darbo, dovan\u0173 sau ir artimiesiems.","publisher":{"@id":"https:\/\/skaitytaknyga.lt\/#organization"},"potentialAction":[{"@type":"SearchAction","target":{"@type":"EntryPoint","urlTemplate":"https:\/\/skaitytaknyga.lt\/?s={search_term_string}"},"query-input":{"@type":"PropertyValueSpecification","valueRequired":true,"valueName":"search_term_string"}}],"inLanguage":"en-GB"},{"@type":"Organization","@id":"https:\/\/skaitytaknyga.lt\/#organization","name":"skaitytaknyga.lt","url":"https:\/\/skaitytaknyga.lt\/","logo":{"@type":"ImageObject","inLanguage":"en-GB","@id":"https:\/\/skaitytaknyga.lt\/#\/schema\/logo\/image\/","url":"https:\/\/skaitytaknyga.lt\/wp-content\/uploads\/2024\/05\/cropped-cropped-cropped-02_00843_jt3bggkj1j3HLc7SyY6rEUpg.jpeg","contentUrl":"https:\/\/skaitytaknyga.lt\/wp-content\/uploads\/2024\/05\/cropped-cropped-cropped-02_00843_jt3bggkj1j3HLc7SyY6rEUpg.jpeg","width":1600,"height":1600,"caption":"skaitytaknyga.lt"},"image":{"@id":"https:\/\/skaitytaknyga.lt\/#\/schema\/logo\/image\/"},"sameAs":["https:\/\/www.facebook.com\/skaitytaknyga\/"]}]}},"_links":{"self":[{"href":"https:\/\/skaitytaknyga.lt\/en\/wp-json\/wp\/v2\/product\/12914","targetHints":{"allow":["GET"]}}],"collection":[{"href":"https:\/\/skaitytaknyga.lt\/en\/wp-json\/wp\/v2\/product"}],"about":[{"href":"https:\/\/skaitytaknyga.lt\/en\/wp-json\/wp\/v2\/types\/product"}],"replies":[{"embeddable":true,"href":"https:\/\/skaitytaknyga.lt\/en\/wp-json\/wp\/v2\/comments?post=12914"}],"wp:featuredmedia":[{"embeddable":true,"href":"https:\/\/skaitytaknyga.lt\/en\/wp-json\/wp\/v2\/media\/12915"}],"wp:attachment":[{"href":"https:\/\/skaitytaknyga.lt\/en\/wp-json\/wp\/v2\/media?parent=12914"}],"wp:term":[{"taxonomy":"product_brand","embeddable":true,"href":"https:\/\/skaitytaknyga.lt\/en\/wp-json\/wp\/v2\/product_brand?post=12914"},{"taxonomy":"product_cat","embeddable":true,"href":"https:\/\/skaitytaknyga.lt\/en\/wp-json\/wp\/v2\/product_cat?post=12914"},{"taxonomy":"product_tag","embeddable":true,"href":"https:\/\/skaitytaknyga.lt\/en\/wp-json\/wp\/v2\/product_tag?post=12914"}],"curies":[{"name":"wp","href":"https:\/\/api.w.org\/{rel}","templated":true}]}}