{"id":12909,"date":"2024-07-13T20:07:31","date_gmt":"2024-07-13T17:07:31","guid":{"rendered":"https:\/\/skaitytaknyga.lt\/?post_type=product&#038;p=12909"},"modified":"2026-02-20T11:46:41","modified_gmt":"2026-02-20T09:46:41","slug":"monica-wood-nepaprastas-paprastas-gyvenimas","status":"publish","type":"product","link":"https:\/\/skaitytaknyga.lt\/en\/produktas\/monica-wood-nepaprastas-paprastas-gyvenimas\/","title":{"rendered":"\u201eNepaprastas paprastas gyvenimas\u201c"},"content":{"rendered":"<p>Senai damai Onai Vitkus pad\u0117ti tvarkytis namuose paskirtas 11-metis berniukas skautas. Onai n\u0117 vienas ne\u012ftikdavo, bet \u0161itas&#8230; kitoks \u2013 jo galva pramu\u0161ta Gineso rekordais ir visko skai\u010diavimu iki de\u0161imties.<\/p>\n<p>Berniukas pasi\u016blo \u012fra\u0161yti Onos prisiminimus. Moteris po kruopelyt\u0119 ima narstyti savo i\u0161 pirmo \u017evilgsnio tok\u012f paprast\u0105 gyvenim\u0105. Ji prisimena keist\u0173 \u017eod\u017ei\u0173. Pasirodo, jie lietuvi\u0161ki. Moteris pamena, kad dar prie\u0161 Pirm\u0105j\u012f pasaulin\u012f kar\u0105 kartu su t\u0117vais atkeliavo i\u0161 Lietuvos.<\/p>\n<p>Pati sau Ona atrodo niekuo neypatinga, ta\u010diau berniuko akyse \u2013 ji retenyb\u0117. Pa\u017ein\u0119s spalving\u0105 jos gyvenim\u0105 jis u\u017ekre\u010dia ir On\u0105 beproti\u0161ka id\u0117ja \u2013 siekti seniausios pasaulyje vairuotojos titulo ir taip patekti \u012f Gineso rekord\u0173 knyg\u0105.<\/p>\n<p>Ta\u010diau vien\u0105 dien\u0105 berniukas neateina. \u012e jos nam\u0173 duris pasibeld\u017eia Kvinas, berniuko t\u0117tis. Netek\u0119s s\u016bnaus jis pasiry\u017e\u0119s u\u017ebaigti tai, k\u0105 prad\u0117jo jaunasis skautas.<\/p>\n<p>Lankydamasis pas On\u0105 Kvinas pradeda s\u016bn\u0173 matyti visai kitok\u012f, nei man\u0117 esant. Jis i\u0161vysta, koks \u012fdomus \u0161ios moters gyvenimas ir koks ypatingas buvo jo s\u016bnus, paprastus dalykus pavert\u0119s nepaprastais.<\/p>\n<p>Pasakojim\u0105 pagyvina tikri faktai i\u0161 Gineso rekord\u0173 knygos, o Amerikoje gyvenusios lietuv\u0117s Onos Vitkus STULBINANTYS gyvenimo nuotykiai NEPAPRASTAI \u012fkvepia.<\/p>\n","protected":false},"excerpt":{"rendered":"<p>Senai damai Onai Vitkus pad\u0117ti tvarkytis namuose paskirtas 11-metis berniukas skautas. Onai n\u0117 vienas ne\u012ftikdavo, bet \u0161itas&#8230; kitoks \u2013 jo galva pramu\u0161ta Gineso rekordais ir visko skai\u010diavimu iki de\u0161imties. Berniukas pasi\u016blo \u012fra\u0161yti Onos prisiminimus. Moteris po kruopelyt\u0119 ima narstyti savo i\u0161 pirmo \u017evilgsnio tok\u012f paprast\u0105 gyvenim\u0105. Ji prisimena keist\u0173 \u017eod\u017ei\u0173. Pasirodo, jie lietuvi\u0161ki. Moteris pamena, kad dar prie\u0161 Pirm\u0105j\u012f pasaulin\u012f kar\u0105 kartu su t\u0117vais atkeliavo i\u0161 Lietuvos. Pati sau Ona atrodo niekuo neypatinga, ta\u010diau berniuko akyse \u2013 ji retenyb\u0117. Pa\u017ein\u0119s spalving\u0105 jos gyvenim\u0105 jis u\u017ekre\u010dia ir On\u0105 beproti\u0161ka id\u0117ja \u2013 siekti seniausios pasaulyje vairuotojos titulo ir taip patekti \u012f Gineso rekord\u0173 knyg\u0105. Ta\u010diau vien\u0105 dien\u0105 berniukas neateina. \u012e jos nam\u0173 duris pasibeld\u017eia Kvinas, berniuko t\u0117tis. Netek\u0119s s\u016bnaus jis pasiry\u017e\u0119s u\u017ebaigti tai, k\u0105 prad\u0117jo jaunasis skautas. Lankydamasis pas On\u0105 Kvinas pradeda s\u016bn\u0173 matyti visai kitok\u012f, nei man\u0117 esant. Jis i\u0161vysta, koks \u012fdomus \u0161ios moters gyvenimas ir koks ypatingas buvo jo s\u016bnus, paprastus dalykus pavert\u0119s nepaprastais. Pasakojim\u0105 pagyvina tikri faktai i\u0161 Gineso rekord\u0173 knygos, o Amerikoje gyvenusios lietuv\u0117s Onos Vitkus STULBINANTYS gyvenimo nuotykiai NEPAPRASTAI \u012fkvepia.<\/p>\n","protected":false},"featured_media":12910,"comment_status":"open","ping_status":"closed","template":"","meta":{"_acf_changed":false,"site-sidebar-layout":"default","site-content-layout":"","ast-site-content-layout":"default","site-content-style":"default","site-sidebar-style":"default","ast-global-header-display":"","ast-banner-title-visibility":"","ast-main-header-display":"","ast-hfb-above-header-display":"","ast-hfb-below-header-display":"","ast-hfb-mobile-header-display":"","site-post-title":"","ast-breadcrumbs-content":"","ast-featured-img":"","footer-sml-layout":"","ast-disable-related-posts":"","theme-transparent-header-meta":"default","adv-header-id-meta":"","stick-header-meta":"","header-above-stick-meta":"","header-main-stick-meta":"","header-below-stick-meta":"","astra-migrate-meta-layouts":"set","ast-page-background-enabled":"default","ast-page-background-meta":{"desktop":{"background-color":"","background-image":"","background-repeat":"repeat","background-position":"center center","background-size":"auto","background-attachment":"scroll","background-type":"","background-media":"","overlay-type":"","overlay-color":"","overlay-opacity":"","overlay-gradient":""},"tablet":{"background-color":"","background-image":"","background-repeat":"repeat","background-position":"center center","background-size":"auto","background-attachment":"scroll","background-type":"","background-media":"","overlay-type":"","overlay-color":"","overlay-opacity":"","overlay-gradient":""},"mobile":{"background-color":"","background-image":"","background-repeat":"repeat","background-position":"center center","background-size":"auto","background-attachment":"scroll","background-type":"","background-media":"","overlay-type":"","overlay-color":"","overlay-opacity":"","overlay-gradient":""}},"ast-content-background-meta":{"desktop":{"background-color":"var(--ast-global-color-4)","background-image":"","background-repeat":"repeat","background-position":"center center","background-size":"auto","background-attachment":"scroll","background-type":"","background-media":"","overlay-type":"","overlay-color":"","overlay-opacity":"","overlay-gradient":""},"tablet":{"background-color":"var(--ast-global-color-4)","background-image":"","background-repeat":"repeat","background-position":"center center","background-size":"auto","background-attachment":"scroll","background-type":"","background-media":"","overlay-type":"","overlay-color":"","overlay-opacity":"","overlay-gradient":""},"mobile":{"background-color":"var(--ast-global-color-4)","background-image":"","background-repeat":"repeat","background-position":"center center","background-size":"auto","background-attachment":"scroll","background-type":"","background-media":"","overlay-type":"","overlay-color":"","overlay-opacity":"","overlay-gradient":""}}},"product_brand":[],"product_cat":[15],"product_tag":[9495],"class_list":{"0":"post-12909","1":"product","2":"type-product","3":"status-publish","4":"has-post-thumbnail","6":"product_cat-uncategorized","7":"product_tag-monica-wood","8":"desktop-align-left","9":"tablet-align-left","10":"mobile-align-left","12":"first","13":"instock","14":"shipping-taxable","15":"purchasable","16":"product-type-simple"},"acf":[],"yoast_head":"<!-- This site is optimized with the Yoast SEO plugin v27.0 - https:\/\/yoast.com\/product\/yoast-seo-wordpress\/ -->\n<title>\u201eNepaprastas paprastas gyvenimas\u201c<\/title>\n<meta name=\"description\" content=\"Senai damai Onai Vitkus pad\u0117ti tvarkytis namuose paskirtas 11-metis berniukas skautas. Onai n\u0117 vienas ne\u012ftikdavo, bet \u0161itas... kitoks \u2013 jo galva pramu\u0161ta\" \/>\n<meta name=\"robots\" content=\"index, follow, max-snippet:-1, max-image-preview:large, max-video-preview:-1\" \/>\n<link rel=\"canonical\" href=\"https:\/\/skaitytaknyga.lt\/en\/produktas\/monica-wood-nepaprastas-paprastas-gyvenimas\/\" \/>\n<meta property=\"og:locale\" content=\"en_GB\" \/>\n<meta property=\"og:locale:alternate\" content=\"lt_LT\" \/>\n<meta property=\"og:type\" content=\"article\" \/>\n<meta property=\"og:title\" content=\"\u201eNepaprastas paprastas gyvenimas\u201c\" \/>\n<meta property=\"og:description\" content=\"Senai damai Onai Vitkus pad\u0117ti tvarkytis namuose paskirtas 11-metis berniukas skautas. Onai n\u0117 vienas ne\u012ftikdavo, bet \u0161itas... kitoks \u2013 jo galva pramu\u0161ta\" \/>\n<meta property=\"og:url\" content=\"https:\/\/skaitytaknyga.lt\/en\/produktas\/monica-wood-nepaprastas-paprastas-gyvenimas\/\" \/>\n<meta property=\"og:site_name\" content=\"Skaitytaknyga\" \/>\n<meta property=\"article:publisher\" content=\"https:\/\/www.facebook.com\/skaitytaknyga\/\" \/>\n<meta property=\"article:modified_time\" content=\"2026-02-20T09:46:41+00:00\" \/>\n<meta property=\"og:image\" content=\"https:\/\/skaitytaknyga.lt\/wp-content\/uploads\/2024\/07\/1486453438_cdb_Nepaprastas-paprastas-gyvenimas_p1.webp\" \/>\n\t<meta property=\"og:image:width\" content=\"285\" \/>\n\t<meta property=\"og:image:height\" content=\"467\" \/>\n\t<meta property=\"og:image:type\" content=\"image\/webp\" \/>\n<meta name=\"twitter:card\" content=\"summary_large_image\" \/>\n<meta name=\"twitter:label1\" content=\"Estimated reading time\" \/>\n\t<meta name=\"twitter:data1\" content=\"2 minutes\" \/>\n<script type=\"application\/ld+json\" class=\"yoast-schema-graph\">{\"@context\":\"https:\/\/schema.org\",\"@graph\":[{\"@type\":\"WebPage\",\"@id\":\"https:\/\/skaitytaknyga.lt\/produktas\/monica-wood-nepaprastas-paprastas-gyvenimas\/\",\"url\":\"https:\/\/skaitytaknyga.lt\/produktas\/monica-wood-nepaprastas-paprastas-gyvenimas\/\",\"name\":\"\u201eNepaprastas paprastas gyvenimas\u201c\",\"isPartOf\":{\"@id\":\"https:\/\/skaitytaknyga.lt\/#website\"},\"primaryImageOfPage\":{\"@id\":\"https:\/\/skaitytaknyga.lt\/produktas\/monica-wood-nepaprastas-paprastas-gyvenimas\/#primaryimage\"},\"image\":{\"@id\":\"https:\/\/skaitytaknyga.lt\/produktas\/monica-wood-nepaprastas-paprastas-gyvenimas\/#primaryimage\"},\"thumbnailUrl\":\"https:\/\/skaitytaknyga.lt\/wp-content\/uploads\/2024\/07\/1486453438_cdb_Nepaprastas-paprastas-gyvenimas_p1.webp\",\"datePublished\":\"2024-07-13T17:07:31+00:00\",\"dateModified\":\"2026-02-20T09:46:41+00:00\",\"description\":\"Senai damai Onai Vitkus pad\u0117ti tvarkytis namuose paskirtas 11-metis berniukas skautas. Onai n\u0117 vienas ne\u012ftikdavo, bet \u0161itas... kitoks \u2013 jo galva pramu\u0161ta\",\"breadcrumb\":{\"@id\":\"https:\/\/skaitytaknyga.lt\/produktas\/monica-wood-nepaprastas-paprastas-gyvenimas\/#breadcrumb\"},\"inLanguage\":\"en-GB\",\"potentialAction\":[{\"@type\":\"ReadAction\",\"target\":[\"https:\/\/skaitytaknyga.lt\/produktas\/monica-wood-nepaprastas-paprastas-gyvenimas\/\"]}]},{\"@type\":\"ImageObject\",\"inLanguage\":\"en-GB\",\"@id\":\"https:\/\/skaitytaknyga.lt\/produktas\/monica-wood-nepaprastas-paprastas-gyvenimas\/#primaryimage\",\"url\":\"https:\/\/skaitytaknyga.lt\/wp-content\/uploads\/2024\/07\/1486453438_cdb_Nepaprastas-paprastas-gyvenimas_p1.webp\",\"contentUrl\":\"https:\/\/skaitytaknyga.lt\/wp-content\/uploads\/2024\/07\/1486453438_cdb_Nepaprastas-paprastas-gyvenimas_p1.webp\",\"width\":285,\"height\":467,\"caption\":\"Nepaprastas paprastas gyvenimas\"},{\"@type\":\"BreadcrumbList\",\"@id\":\"https:\/\/skaitytaknyga.lt\/produktas\/monica-wood-nepaprastas-paprastas-gyvenimas\/#breadcrumb\",\"itemListElement\":[{\"@type\":\"ListItem\",\"position\":1,\"name\":\"Home\",\"item\":\"https:\/\/skaitytaknyga.lt\/\"},{\"@type\":\"ListItem\",\"position\":2,\"name\":\"Parduotuv\u0117\",\"item\":\"https:\/\/skaitytaknyga.lt\/knygu-parduotuve\/\"},{\"@type\":\"ListItem\",\"position\":3,\"name\":\"\u201eNepaprastas paprastas gyvenimas\u201c\"}]},{\"@type\":\"WebSite\",\"@id\":\"https:\/\/skaitytaknyga.lt\/#website\",\"url\":\"https:\/\/skaitytaknyga.lt\/\",\"name\":\"skaitytaknyga.lt\",\"description\":\"Skaitytaknyga.lt \u2013 tai ma\u017eas \u0161eimos verslas, kuris prasid\u0117jo nuo meil\u0117s knygoms ir siekio i\u0161gelb\u0117ti knygas nuo likimo prie konteinerio. Kas vienam nereikalingas daiktas \u2013 kitam lobis, o mes esame tarpininkai, kurie padeda abiems tapti laimingesniems ???? \u017dinome kaip nelengva i\u0161gyventi ma\u017eiems verslams, tad nuo \u0161iol, \u010dia rasite ir kit\u0173, ma\u017e\u0173 \u0161eim\u0173 versl\u0173, rank\u0173 darbo, dovan\u0173 sau ir artimiesiems.\",\"publisher\":{\"@id\":\"https:\/\/skaitytaknyga.lt\/#organization\"},\"potentialAction\":[{\"@type\":\"SearchAction\",\"target\":{\"@type\":\"EntryPoint\",\"urlTemplate\":\"https:\/\/skaitytaknyga.lt\/?s={search_term_string}\"},\"query-input\":{\"@type\":\"PropertyValueSpecification\",\"valueRequired\":true,\"valueName\":\"search_term_string\"}}],\"inLanguage\":\"en-GB\"},{\"@type\":\"Organization\",\"@id\":\"https:\/\/skaitytaknyga.lt\/#organization\",\"name\":\"skaitytaknyga.lt\",\"url\":\"https:\/\/skaitytaknyga.lt\/\",\"logo\":{\"@type\":\"ImageObject\",\"inLanguage\":\"en-GB\",\"@id\":\"https:\/\/skaitytaknyga.lt\/#\/schema\/logo\/image\/\",\"url\":\"https:\/\/skaitytaknyga.lt\/wp-content\/uploads\/2024\/05\/cropped-cropped-cropped-02_00843_jt3bggkj1j3HLc7SyY6rEUpg.jpeg\",\"contentUrl\":\"https:\/\/skaitytaknyga.lt\/wp-content\/uploads\/2024\/05\/cropped-cropped-cropped-02_00843_jt3bggkj1j3HLc7SyY6rEUpg.jpeg\",\"width\":1600,\"height\":1600,\"caption\":\"skaitytaknyga.lt\"},\"image\":{\"@id\":\"https:\/\/skaitytaknyga.lt\/#\/schema\/logo\/image\/\"},\"sameAs\":[\"https:\/\/www.facebook.com\/skaitytaknyga\/\"]}]}<\/script>\n<!-- \/ Yoast SEO plugin. -->","yoast_head_json":{"title":"\u201eNepaprastas paprastas gyvenimas\u201c","description":"Senai damai Onai Vitkus pad\u0117ti tvarkytis namuose paskirtas 11-metis berniukas skautas. Onai n\u0117 vienas ne\u012ftikdavo, bet \u0161itas... kitoks \u2013 jo galva pramu\u0161ta","robots":{"index":"index","follow":"follow","max-snippet":"max-snippet:-1","max-image-preview":"max-image-preview:large","max-video-preview":"max-video-preview:-1"},"canonical":"https:\/\/skaitytaknyga.lt\/en\/produktas\/monica-wood-nepaprastas-paprastas-gyvenimas\/","og_locale":"en_GB","og_type":"article","og_title":"[:lt]\u201eNepaprastas paprastas gyvenimas\u201c[:] - Skaitytaknyga","og_description":"Senai damai Onai Vitkus pad\u0117ti tvarkytis namuose paskirtas 11-metis berniukas skautas. Onai n\u0117 vienas ne\u012ftikdavo, bet \u0161itas... kitoks \u2013 jo galva pramu\u0161ta","og_url":"https:\/\/skaitytaknyga.lt\/en\/produktas\/monica-wood-nepaprastas-paprastas-gyvenimas\/","og_site_name":"Skaitytaknyga","article_publisher":"https:\/\/www.facebook.com\/skaitytaknyga\/","article_modified_time":"2026-02-20T09:46:41+00:00","og_image":[{"width":285,"height":467,"url":"https:\/\/skaitytaknyga.lt\/wp-content\/uploads\/2024\/07\/1486453438_cdb_Nepaprastas-paprastas-gyvenimas_p1.webp","type":"image\/webp"}],"twitter_card":"summary_large_image","twitter_misc":{"Estimated reading time":"2 minutes"},"schema":{"@context":"https:\/\/schema.org","@graph":[{"@type":"WebPage","@id":"https:\/\/skaitytaknyga.lt\/produktas\/monica-wood-nepaprastas-paprastas-gyvenimas\/","url":"https:\/\/skaitytaknyga.lt\/produktas\/monica-wood-nepaprastas-paprastas-gyvenimas\/","name":"\u201eNepaprastas paprastas gyvenimas\u201c","isPartOf":{"@id":"https:\/\/skaitytaknyga.lt\/#website"},"primaryImageOfPage":{"@id":"https:\/\/skaitytaknyga.lt\/produktas\/monica-wood-nepaprastas-paprastas-gyvenimas\/#primaryimage"},"image":{"@id":"https:\/\/skaitytaknyga.lt\/produktas\/monica-wood-nepaprastas-paprastas-gyvenimas\/#primaryimage"},"thumbnailUrl":"https:\/\/skaitytaknyga.lt\/wp-content\/uploads\/2024\/07\/1486453438_cdb_Nepaprastas-paprastas-gyvenimas_p1.webp","datePublished":"2024-07-13T17:07:31+00:00","dateModified":"2026-02-20T09:46:41+00:00","description":"Senai damai Onai Vitkus pad\u0117ti tvarkytis namuose paskirtas 11-metis berniukas skautas. Onai n\u0117 vienas ne\u012ftikdavo, bet \u0161itas... kitoks \u2013 jo galva pramu\u0161ta","breadcrumb":{"@id":"https:\/\/skaitytaknyga.lt\/produktas\/monica-wood-nepaprastas-paprastas-gyvenimas\/#breadcrumb"},"inLanguage":"en-GB","potentialAction":[{"@type":"ReadAction","target":["https:\/\/skaitytaknyga.lt\/produktas\/monica-wood-nepaprastas-paprastas-gyvenimas\/"]}]},{"@type":"ImageObject","inLanguage":"en-GB","@id":"https:\/\/skaitytaknyga.lt\/produktas\/monica-wood-nepaprastas-paprastas-gyvenimas\/#primaryimage","url":"https:\/\/skaitytaknyga.lt\/wp-content\/uploads\/2024\/07\/1486453438_cdb_Nepaprastas-paprastas-gyvenimas_p1.webp","contentUrl":"https:\/\/skaitytaknyga.lt\/wp-content\/uploads\/2024\/07\/1486453438_cdb_Nepaprastas-paprastas-gyvenimas_p1.webp","width":285,"height":467,"caption":"Nepaprastas paprastas gyvenimas"},{"@type":"BreadcrumbList","@id":"https:\/\/skaitytaknyga.lt\/produktas\/monica-wood-nepaprastas-paprastas-gyvenimas\/#breadcrumb","itemListElement":[{"@type":"ListItem","position":1,"name":"Home","item":"https:\/\/skaitytaknyga.lt\/"},{"@type":"ListItem","position":2,"name":"Parduotuv\u0117","item":"https:\/\/skaitytaknyga.lt\/knygu-parduotuve\/"},{"@type":"ListItem","position":3,"name":"\u201eNepaprastas paprastas gyvenimas\u201c"}]},{"@type":"WebSite","@id":"https:\/\/skaitytaknyga.lt\/#website","url":"https:\/\/skaitytaknyga.lt\/","name":"skaitytaknyga.lt","description":"Skaitytaknyga.lt \u2013 tai ma\u017eas \u0161eimos verslas, kuris prasid\u0117jo nuo meil\u0117s knygoms ir siekio i\u0161gelb\u0117ti knygas nuo likimo prie konteinerio. Kas vienam nereikalingas daiktas \u2013 kitam lobis, o mes esame tarpininkai, kurie padeda abiems tapti laimingesniems ???? \u017dinome kaip nelengva i\u0161gyventi ma\u017eiems verslams, tad nuo \u0161iol, \u010dia rasite ir kit\u0173, ma\u017e\u0173 \u0161eim\u0173 versl\u0173, rank\u0173 darbo, dovan\u0173 sau ir artimiesiems.","publisher":{"@id":"https:\/\/skaitytaknyga.lt\/#organization"},"potentialAction":[{"@type":"SearchAction","target":{"@type":"EntryPoint","urlTemplate":"https:\/\/skaitytaknyga.lt\/?s={search_term_string}"},"query-input":{"@type":"PropertyValueSpecification","valueRequired":true,"valueName":"search_term_string"}}],"inLanguage":"en-GB"},{"@type":"Organization","@id":"https:\/\/skaitytaknyga.lt\/#organization","name":"skaitytaknyga.lt","url":"https:\/\/skaitytaknyga.lt\/","logo":{"@type":"ImageObject","inLanguage":"en-GB","@id":"https:\/\/skaitytaknyga.lt\/#\/schema\/logo\/image\/","url":"https:\/\/skaitytaknyga.lt\/wp-content\/uploads\/2024\/05\/cropped-cropped-cropped-02_00843_jt3bggkj1j3HLc7SyY6rEUpg.jpeg","contentUrl":"https:\/\/skaitytaknyga.lt\/wp-content\/uploads\/2024\/05\/cropped-cropped-cropped-02_00843_jt3bggkj1j3HLc7SyY6rEUpg.jpeg","width":1600,"height":1600,"caption":"skaitytaknyga.lt"},"image":{"@id":"https:\/\/skaitytaknyga.lt\/#\/schema\/logo\/image\/"},"sameAs":["https:\/\/www.facebook.com\/skaitytaknyga\/"]}]}},"_links":{"self":[{"href":"https:\/\/skaitytaknyga.lt\/en\/wp-json\/wp\/v2\/product\/12909","targetHints":{"allow":["GET"]}}],"collection":[{"href":"https:\/\/skaitytaknyga.lt\/en\/wp-json\/wp\/v2\/product"}],"about":[{"href":"https:\/\/skaitytaknyga.lt\/en\/wp-json\/wp\/v2\/types\/product"}],"replies":[{"embeddable":true,"href":"https:\/\/skaitytaknyga.lt\/en\/wp-json\/wp\/v2\/comments?post=12909"}],"wp:featuredmedia":[{"embeddable":true,"href":"https:\/\/skaitytaknyga.lt\/en\/wp-json\/wp\/v2\/media\/12910"}],"wp:attachment":[{"href":"https:\/\/skaitytaknyga.lt\/en\/wp-json\/wp\/v2\/media?parent=12909"}],"wp:term":[{"taxonomy":"product_brand","embeddable":true,"href":"https:\/\/skaitytaknyga.lt\/en\/wp-json\/wp\/v2\/product_brand?post=12909"},{"taxonomy":"product_cat","embeddable":true,"href":"https:\/\/skaitytaknyga.lt\/en\/wp-json\/wp\/v2\/product_cat?post=12909"},{"taxonomy":"product_tag","embeddable":true,"href":"https:\/\/skaitytaknyga.lt\/en\/wp-json\/wp\/v2\/product_tag?post=12909"}],"curies":[{"name":"wp","href":"https:\/\/api.w.org\/{rel}","templated":true}]}}