{"id":12905,"date":"2024-07-13T20:02:18","date_gmt":"2024-07-13T17:02:18","guid":{"rendered":"https:\/\/skaitytaknyga.lt\/?post_type=product&#038;p=12905"},"modified":"2024-07-17T17:05:51","modified_gmt":"2024-07-17T14:05:51","slug":"sherry-argov-kodel-vyrai-myli-kales","status":"publish","type":"product","link":"https:\/\/skaitytaknyga.lt\/en\/produktas\/sherry-argov-kodel-vyrai-myli-kales\/","title":{"rendered":"Sherry Argov \u201eKod\u0117l vyrai myli kales\u201c"},"content":{"rendered":"<p>Kas geriau \u2013 kal\u0117 ar nuolanki vi\u0161tel\u0117, siekianti vyro meil\u0117s, pasiry\u017eusi nusi\u017eeminti? I\u0161saugoti savigarb\u0105 ir b\u016bti nepriklausomai, ypa\u010d finansi\u0161kai, ar kaip tam cirko pudeliui tenkinant vyro u\u017egaidas \u0161okin\u0117ti pro lank\u0105, kad tik jam \u012ftikus? O gal geriau tvirtai laikytis savo? Ir jeigu svajoni\u0173 princui kas nors nepatinka, tegul jis ir \u0161oka i\u0161 balkono, nors ir i\u0161 12 auk\u0161to&#8230;<\/p>\n<p>Kupinoje ger\u0173 patarim\u0173, \u017eavi\u0173 detali\u0173, linksm\u0173 tikrovi\u0161k\u0173 santyki\u0173 apra\u0161ym\u0173, lenteli\u0173 ir autor\u0117s apibendrint\u0173 traukos d\u0117sni\u0173 knygoje \u201eKod\u0117l vyrai myli kales\u201c pateikta nauding\u0173 atsakym\u0173. Skaitydamos suprasite, kas esate, pasimokysite kovoti u\u017e save ir elgtis su vyrais. Kai suvoksite, kod\u0117l vyrus traukiate lyg magnetas, ne tik pager\u0117s j\u016bs\u0173 romanti\u0161ka draugyst\u0117, bet ir per daug nesistengdama pelnysite jo meil\u0119 ir pagarb\u0105.<\/p>\n<p>\u010cia tiek daug sumaniai pateiktos \u012f\u017evalgios informacijos moterims! \u0160ios knygos humoras i\u0161siskiria i\u0161 kit\u0173 knyg\u0173, nes jis malonaus \u201eskonio\u201c. Tarytum \u0161auk\u0161tas cukraus padedantis nuryti vaistus.<\/p>\n<p>Peggy G. Miller, psichoterapeut\u0117<\/p>\n","protected":false},"excerpt":{"rendered":"<p>Kas geriau \u2013 kal\u0117 ar nuolanki vi\u0161tel\u0117, siekianti vyro meil\u0117s, pasiry\u017eusi nusi\u017eeminti? I\u0161saugoti savigarb\u0105 ir b\u016bti nepriklausomai, ypa\u010d finansi\u0161kai, ar kaip tam cirko pudeliui tenkinant vyro u\u017egaidas \u0161okin\u0117ti pro lank\u0105, kad tik jam \u012ftikus? O gal geriau tvirtai laikytis savo? Ir jeigu svajoni\u0173 princui kas nors nepatinka, tegul jis ir \u0161oka i\u0161 balkono, nors ir i\u0161 12 auk\u0161to&#8230; Kupinoje ger\u0173 patarim\u0173, \u017eavi\u0173 detali\u0173, linksm\u0173 tikrovi\u0161k\u0173 santyki\u0173 apra\u0161ym\u0173, lenteli\u0173 ir autor\u0117s apibendrint\u0173 traukos d\u0117sni\u0173 knygoje \u201eKod\u0117l vyrai myli kales\u201c pateikta nauding\u0173 atsakym\u0173. Skaitydamos suprasite, kas esate, pasimokysite kovoti u\u017e save ir elgtis su vyrais. Kai suvoksite, kod\u0117l vyrus traukiate lyg magnetas, ne tik pager\u0117s j\u016bs\u0173 romanti\u0161ka draugyst\u0117, bet ir per daug nesistengdama pelnysite jo meil\u0119 ir pagarb\u0105. \u010cia tiek daug sumaniai pateiktos \u012f\u017evalgios informacijos moterims! \u0160ios knygos humoras i\u0161siskiria i\u0161 kit\u0173 knyg\u0173, nes jis malonaus \u201eskonio\u201c. Tarytum \u0161auk\u0161tas cukraus padedantis nuryti vaistus. Peggy G. Miller, psichoterapeut\u0117<\/p>\n","protected":false},"featured_media":12906,"comment_status":"open","ping_status":"closed","template":"","meta":{"_acf_changed":false,"site-sidebar-layout":"default","site-content-layout":"","ast-site-content-layout":"default","site-content-style":"default","site-sidebar-style":"default","ast-global-header-display":"","ast-banner-title-visibility":"","ast-main-header-display":"","ast-hfb-above-header-display":"","ast-hfb-below-header-display":"","ast-hfb-mobile-header-display":"","site-post-title":"","ast-breadcrumbs-content":"","ast-featured-img":"","footer-sml-layout":"","ast-disable-related-posts":"","theme-transparent-header-meta":"default","adv-header-id-meta":"","stick-header-meta":"","header-above-stick-meta":"","header-main-stick-meta":"","header-below-stick-meta":"","astra-migrate-meta-layouts":"set","ast-page-background-enabled":"default","ast-page-background-meta":{"desktop":{"background-color":"","background-image":"","background-repeat":"repeat","background-position":"center center","background-size":"auto","background-attachment":"scroll","background-type":"","background-media":"","overlay-type":"","overlay-color":"","overlay-opacity":"","overlay-gradient":""},"tablet":{"background-color":"","background-image":"","background-repeat":"repeat","background-position":"center center","background-size":"auto","background-attachment":"scroll","background-type":"","background-media":"","overlay-type":"","overlay-color":"","overlay-opacity":"","overlay-gradient":""},"mobile":{"background-color":"","background-image":"","background-repeat":"repeat","background-position":"center center","background-size":"auto","background-attachment":"scroll","background-type":"","background-media":"","overlay-type":"","overlay-color":"","overlay-opacity":"","overlay-gradient":""}},"ast-content-background-meta":{"desktop":{"background-color":"var(--ast-global-color-4)","background-image":"","background-repeat":"repeat","background-position":"center center","background-size":"auto","background-attachment":"scroll","background-type":"","background-media":"","overlay-type":"","overlay-color":"","overlay-opacity":"","overlay-gradient":""},"tablet":{"background-color":"var(--ast-global-color-4)","background-image":"","background-repeat":"repeat","background-position":"center center","background-size":"auto","background-attachment":"scroll","background-type":"","background-media":"","overlay-type":"","overlay-color":"","overlay-opacity":"","overlay-gradient":""},"mobile":{"background-color":"var(--ast-global-color-4)","background-image":"","background-repeat":"repeat","background-position":"center center","background-size":"auto","background-attachment":"scroll","background-type":"","background-media":"","overlay-type":"","overlay-color":"","overlay-opacity":"","overlay-gradient":""}}},"product_brand":[],"product_cat":[15,30],"product_tag":[],"class_list":{"0":"post-12905","1":"product","2":"type-product","3":"status-publish","4":"has-post-thumbnail","6":"product_cat-uncategorized","7":"product_cat-psichologija-ir-saviugda","8":"desktop-align-left","9":"tablet-align-left","10":"mobile-align-left","12":"first","13":"outofstock","14":"shipping-taxable","15":"purchasable","16":"product-type-simple"},"acf":[],"yoast_head":"<!-- This site is optimized with the Yoast SEO plugin v27.0 - https:\/\/yoast.com\/product\/yoast-seo-wordpress\/ -->\n<title>Sherry Argov \u201eKod\u0117l vyrai myli kales\u201c<\/title>\n<meta name=\"description\" content=\"Kas geriau \u2013 kal\u0117 ar nuolanki vi\u0161tel\u0117, siekianti vyro meil\u0117s, pasiry\u017eusi nusi\u017eeminti? I\u0161saugoti savigarb\u0105 ir b\u016bti nepriklausomai, ypa\u010d finansi\u0161kai, ar\" \/>\n<meta name=\"robots\" content=\"index, follow, max-snippet:-1, max-image-preview:large, max-video-preview:-1\" \/>\n<link rel=\"canonical\" href=\"https:\/\/skaitytaknyga.lt\/en\/produktas\/sherry-argov-kodel-vyrai-myli-kales\/\" \/>\n<meta property=\"og:locale\" content=\"en_GB\" \/>\n<meta property=\"og:locale:alternate\" content=\"lt_LT\" \/>\n<meta property=\"og:type\" content=\"article\" \/>\n<meta property=\"og:title\" content=\"Sherry Argov \u201eKod\u0117l vyrai myli kales\u201c\" \/>\n<meta property=\"og:description\" content=\"Kas geriau \u2013 kal\u0117 ar nuolanki vi\u0161tel\u0117, siekianti vyro meil\u0117s, pasiry\u017eusi nusi\u017eeminti? I\u0161saugoti savigarb\u0105 ir b\u016bti nepriklausomai, ypa\u010d finansi\u0161kai, ar\" \/>\n<meta property=\"og:url\" content=\"https:\/\/skaitytaknyga.lt\/en\/produktas\/sherry-argov-kodel-vyrai-myli-kales\/\" \/>\n<meta property=\"og:site_name\" content=\"Skaitytaknyga\" \/>\n<meta property=\"article:publisher\" content=\"https:\/\/www.facebook.com\/skaitytaknyga\/\" \/>\n<meta property=\"article:modified_time\" content=\"2024-07-17T14:05:51+00:00\" \/>\n<meta property=\"og:image\" content=\"https:\/\/skaitytaknyga.lt\/wp-content\/uploads\/2024\/07\/1462874058_kodel-vyrai-myli-kales1.webp\" \/>\n\t<meta property=\"og:image:width\" content=\"355\" \/>\n\t<meta property=\"og:image:height\" content=\"534\" \/>\n\t<meta property=\"og:image:type\" content=\"image\/webp\" \/>\n<meta name=\"twitter:card\" content=\"summary_large_image\" \/>\n<meta name=\"twitter:label1\" content=\"Estimated reading time\" \/>\n\t<meta name=\"twitter:data1\" content=\"1 minute\" \/>\n<script type=\"application\/ld+json\" class=\"yoast-schema-graph\">{\"@context\":\"https:\/\/schema.org\",\"@graph\":[{\"@type\":\"WebPage\",\"@id\":\"https:\/\/skaitytaknyga.lt\/produktas\/sherry-argov-kodel-vyrai-myli-kales\/\",\"url\":\"https:\/\/skaitytaknyga.lt\/produktas\/sherry-argov-kodel-vyrai-myli-kales\/\",\"name\":\"Sherry Argov \u201eKod\u0117l vyrai myli kales\u201c\",\"isPartOf\":{\"@id\":\"https:\/\/skaitytaknyga.lt\/#website\"},\"primaryImageOfPage\":{\"@id\":\"https:\/\/skaitytaknyga.lt\/produktas\/sherry-argov-kodel-vyrai-myli-kales\/#primaryimage\"},\"image\":{\"@id\":\"https:\/\/skaitytaknyga.lt\/produktas\/sherry-argov-kodel-vyrai-myli-kales\/#primaryimage\"},\"thumbnailUrl\":\"https:\/\/skaitytaknyga.lt\/wp-content\/uploads\/2024\/07\/1462874058_kodel-vyrai-myli-kales1.webp\",\"datePublished\":\"2024-07-13T17:02:18+00:00\",\"dateModified\":\"2024-07-17T14:05:51+00:00\",\"description\":\"Kas geriau \u2013 kal\u0117 ar nuolanki vi\u0161tel\u0117, siekianti vyro meil\u0117s, pasiry\u017eusi nusi\u017eeminti? I\u0161saugoti savigarb\u0105 ir b\u016bti nepriklausomai, ypa\u010d finansi\u0161kai, ar\",\"breadcrumb\":{\"@id\":\"https:\/\/skaitytaknyga.lt\/produktas\/sherry-argov-kodel-vyrai-myli-kales\/#breadcrumb\"},\"inLanguage\":\"en-GB\",\"potentialAction\":[{\"@type\":\"ReadAction\",\"target\":[\"https:\/\/skaitytaknyga.lt\/produktas\/sherry-argov-kodel-vyrai-myli-kales\/\"]}]},{\"@type\":\"ImageObject\",\"inLanguage\":\"en-GB\",\"@id\":\"https:\/\/skaitytaknyga.lt\/produktas\/sherry-argov-kodel-vyrai-myli-kales\/#primaryimage\",\"url\":\"https:\/\/skaitytaknyga.lt\/wp-content\/uploads\/2024\/07\/1462874058_kodel-vyrai-myli-kales1.webp\",\"contentUrl\":\"https:\/\/skaitytaknyga.lt\/wp-content\/uploads\/2024\/07\/1462874058_kodel-vyrai-myli-kales1.webp\",\"width\":355,\"height\":534,\"caption\":\"Kod\u0117l vyrai myli kales\"},{\"@type\":\"BreadcrumbList\",\"@id\":\"https:\/\/skaitytaknyga.lt\/produktas\/sherry-argov-kodel-vyrai-myli-kales\/#breadcrumb\",\"itemListElement\":[{\"@type\":\"ListItem\",\"position\":1,\"name\":\"Home\",\"item\":\"https:\/\/skaitytaknyga.lt\/\"},{\"@type\":\"ListItem\",\"position\":2,\"name\":\"Parduotuv\u0117\",\"item\":\"https:\/\/skaitytaknyga.lt\/knygu-parduotuve\/\"},{\"@type\":\"ListItem\",\"position\":3,\"name\":\"Sherry Argov \u201eKod\u0117l vyrai myli kales\u201c\"}]},{\"@type\":\"WebSite\",\"@id\":\"https:\/\/skaitytaknyga.lt\/#website\",\"url\":\"https:\/\/skaitytaknyga.lt\/\",\"name\":\"skaitytaknyga.lt\",\"description\":\"Skaitytaknyga.lt \u2013 tai ma\u017eas \u0161eimos verslas, kuris prasid\u0117jo nuo meil\u0117s knygoms ir siekio i\u0161gelb\u0117ti knygas nuo likimo prie konteinerio. Kas vienam nereikalingas daiktas \u2013 kitam lobis, o mes esame tarpininkai, kurie padeda abiems tapti laimingesniems ???? \u017dinome kaip nelengva i\u0161gyventi ma\u017eiems verslams, tad nuo \u0161iol, \u010dia rasite ir kit\u0173, ma\u017e\u0173 \u0161eim\u0173 versl\u0173, rank\u0173 darbo, dovan\u0173 sau ir artimiesiems.\",\"publisher\":{\"@id\":\"https:\/\/skaitytaknyga.lt\/#organization\"},\"potentialAction\":[{\"@type\":\"SearchAction\",\"target\":{\"@type\":\"EntryPoint\",\"urlTemplate\":\"https:\/\/skaitytaknyga.lt\/?s={search_term_string}\"},\"query-input\":{\"@type\":\"PropertyValueSpecification\",\"valueRequired\":true,\"valueName\":\"search_term_string\"}}],\"inLanguage\":\"en-GB\"},{\"@type\":\"Organization\",\"@id\":\"https:\/\/skaitytaknyga.lt\/#organization\",\"name\":\"skaitytaknyga.lt\",\"url\":\"https:\/\/skaitytaknyga.lt\/\",\"logo\":{\"@type\":\"ImageObject\",\"inLanguage\":\"en-GB\",\"@id\":\"https:\/\/skaitytaknyga.lt\/#\/schema\/logo\/image\/\",\"url\":\"https:\/\/skaitytaknyga.lt\/wp-content\/uploads\/2024\/05\/cropped-cropped-cropped-02_00843_jt3bggkj1j3HLc7SyY6rEUpg.jpeg\",\"contentUrl\":\"https:\/\/skaitytaknyga.lt\/wp-content\/uploads\/2024\/05\/cropped-cropped-cropped-02_00843_jt3bggkj1j3HLc7SyY6rEUpg.jpeg\",\"width\":1600,\"height\":1600,\"caption\":\"skaitytaknyga.lt\"},\"image\":{\"@id\":\"https:\/\/skaitytaknyga.lt\/#\/schema\/logo\/image\/\"},\"sameAs\":[\"https:\/\/www.facebook.com\/skaitytaknyga\/\"]}]}<\/script>\n<!-- \/ Yoast SEO plugin. -->","yoast_head_json":{"title":"Sherry Argov \u201eKod\u0117l vyrai myli kales\u201c","description":"Kas geriau \u2013 kal\u0117 ar nuolanki vi\u0161tel\u0117, siekianti vyro meil\u0117s, pasiry\u017eusi nusi\u017eeminti? I\u0161saugoti savigarb\u0105 ir b\u016bti nepriklausomai, ypa\u010d finansi\u0161kai, ar","robots":{"index":"index","follow":"follow","max-snippet":"max-snippet:-1","max-image-preview":"max-image-preview:large","max-video-preview":"max-video-preview:-1"},"canonical":"https:\/\/skaitytaknyga.lt\/en\/produktas\/sherry-argov-kodel-vyrai-myli-kales\/","og_locale":"en_GB","og_type":"article","og_title":"[:lt]Sherry Argov \u201eKod\u0117l vyrai myli kales\u201c[:] - Skaitytaknyga","og_description":"Kas geriau \u2013 kal\u0117 ar nuolanki vi\u0161tel\u0117, siekianti vyro meil\u0117s, pasiry\u017eusi nusi\u017eeminti? I\u0161saugoti savigarb\u0105 ir b\u016bti nepriklausomai, ypa\u010d finansi\u0161kai, ar","og_url":"https:\/\/skaitytaknyga.lt\/en\/produktas\/sherry-argov-kodel-vyrai-myli-kales\/","og_site_name":"Skaitytaknyga","article_publisher":"https:\/\/www.facebook.com\/skaitytaknyga\/","article_modified_time":"2024-07-17T14:05:51+00:00","og_image":[{"width":355,"height":534,"url":"https:\/\/skaitytaknyga.lt\/wp-content\/uploads\/2024\/07\/1462874058_kodel-vyrai-myli-kales1.webp","type":"image\/webp"}],"twitter_card":"summary_large_image","twitter_misc":{"Estimated reading time":"1 minute"},"schema":{"@context":"https:\/\/schema.org","@graph":[{"@type":"WebPage","@id":"https:\/\/skaitytaknyga.lt\/produktas\/sherry-argov-kodel-vyrai-myli-kales\/","url":"https:\/\/skaitytaknyga.lt\/produktas\/sherry-argov-kodel-vyrai-myli-kales\/","name":"Sherry Argov \u201eKod\u0117l vyrai myli kales\u201c","isPartOf":{"@id":"https:\/\/skaitytaknyga.lt\/#website"},"primaryImageOfPage":{"@id":"https:\/\/skaitytaknyga.lt\/produktas\/sherry-argov-kodel-vyrai-myli-kales\/#primaryimage"},"image":{"@id":"https:\/\/skaitytaknyga.lt\/produktas\/sherry-argov-kodel-vyrai-myli-kales\/#primaryimage"},"thumbnailUrl":"https:\/\/skaitytaknyga.lt\/wp-content\/uploads\/2024\/07\/1462874058_kodel-vyrai-myli-kales1.webp","datePublished":"2024-07-13T17:02:18+00:00","dateModified":"2024-07-17T14:05:51+00:00","description":"Kas geriau \u2013 kal\u0117 ar nuolanki vi\u0161tel\u0117, siekianti vyro meil\u0117s, pasiry\u017eusi nusi\u017eeminti? I\u0161saugoti savigarb\u0105 ir b\u016bti nepriklausomai, ypa\u010d finansi\u0161kai, ar","breadcrumb":{"@id":"https:\/\/skaitytaknyga.lt\/produktas\/sherry-argov-kodel-vyrai-myli-kales\/#breadcrumb"},"inLanguage":"en-GB","potentialAction":[{"@type":"ReadAction","target":["https:\/\/skaitytaknyga.lt\/produktas\/sherry-argov-kodel-vyrai-myli-kales\/"]}]},{"@type":"ImageObject","inLanguage":"en-GB","@id":"https:\/\/skaitytaknyga.lt\/produktas\/sherry-argov-kodel-vyrai-myli-kales\/#primaryimage","url":"https:\/\/skaitytaknyga.lt\/wp-content\/uploads\/2024\/07\/1462874058_kodel-vyrai-myli-kales1.webp","contentUrl":"https:\/\/skaitytaknyga.lt\/wp-content\/uploads\/2024\/07\/1462874058_kodel-vyrai-myli-kales1.webp","width":355,"height":534,"caption":"Kod\u0117l vyrai myli kales"},{"@type":"BreadcrumbList","@id":"https:\/\/skaitytaknyga.lt\/produktas\/sherry-argov-kodel-vyrai-myli-kales\/#breadcrumb","itemListElement":[{"@type":"ListItem","position":1,"name":"Home","item":"https:\/\/skaitytaknyga.lt\/"},{"@type":"ListItem","position":2,"name":"Parduotuv\u0117","item":"https:\/\/skaitytaknyga.lt\/knygu-parduotuve\/"},{"@type":"ListItem","position":3,"name":"Sherry Argov \u201eKod\u0117l vyrai myli kales\u201c"}]},{"@type":"WebSite","@id":"https:\/\/skaitytaknyga.lt\/#website","url":"https:\/\/skaitytaknyga.lt\/","name":"skaitytaknyga.lt","description":"Skaitytaknyga.lt \u2013 tai ma\u017eas \u0161eimos verslas, kuris prasid\u0117jo nuo meil\u0117s knygoms ir siekio i\u0161gelb\u0117ti knygas nuo likimo prie konteinerio. Kas vienam nereikalingas daiktas \u2013 kitam lobis, o mes esame tarpininkai, kurie padeda abiems tapti laimingesniems ???? \u017dinome kaip nelengva i\u0161gyventi ma\u017eiems verslams, tad nuo \u0161iol, \u010dia rasite ir kit\u0173, ma\u017e\u0173 \u0161eim\u0173 versl\u0173, rank\u0173 darbo, dovan\u0173 sau ir artimiesiems.","publisher":{"@id":"https:\/\/skaitytaknyga.lt\/#organization"},"potentialAction":[{"@type":"SearchAction","target":{"@type":"EntryPoint","urlTemplate":"https:\/\/skaitytaknyga.lt\/?s={search_term_string}"},"query-input":{"@type":"PropertyValueSpecification","valueRequired":true,"valueName":"search_term_string"}}],"inLanguage":"en-GB"},{"@type":"Organization","@id":"https:\/\/skaitytaknyga.lt\/#organization","name":"skaitytaknyga.lt","url":"https:\/\/skaitytaknyga.lt\/","logo":{"@type":"ImageObject","inLanguage":"en-GB","@id":"https:\/\/skaitytaknyga.lt\/#\/schema\/logo\/image\/","url":"https:\/\/skaitytaknyga.lt\/wp-content\/uploads\/2024\/05\/cropped-cropped-cropped-02_00843_jt3bggkj1j3HLc7SyY6rEUpg.jpeg","contentUrl":"https:\/\/skaitytaknyga.lt\/wp-content\/uploads\/2024\/05\/cropped-cropped-cropped-02_00843_jt3bggkj1j3HLc7SyY6rEUpg.jpeg","width":1600,"height":1600,"caption":"skaitytaknyga.lt"},"image":{"@id":"https:\/\/skaitytaknyga.lt\/#\/schema\/logo\/image\/"},"sameAs":["https:\/\/www.facebook.com\/skaitytaknyga\/"]}]}},"_links":{"self":[{"href":"https:\/\/skaitytaknyga.lt\/en\/wp-json\/wp\/v2\/product\/12905","targetHints":{"allow":["GET"]}}],"collection":[{"href":"https:\/\/skaitytaknyga.lt\/en\/wp-json\/wp\/v2\/product"}],"about":[{"href":"https:\/\/skaitytaknyga.lt\/en\/wp-json\/wp\/v2\/types\/product"}],"replies":[{"embeddable":true,"href":"https:\/\/skaitytaknyga.lt\/en\/wp-json\/wp\/v2\/comments?post=12905"}],"wp:featuredmedia":[{"embeddable":true,"href":"https:\/\/skaitytaknyga.lt\/en\/wp-json\/wp\/v2\/media\/12906"}],"wp:attachment":[{"href":"https:\/\/skaitytaknyga.lt\/en\/wp-json\/wp\/v2\/media?parent=12905"}],"wp:term":[{"taxonomy":"product_brand","embeddable":true,"href":"https:\/\/skaitytaknyga.lt\/en\/wp-json\/wp\/v2\/product_brand?post=12905"},{"taxonomy":"product_cat","embeddable":true,"href":"https:\/\/skaitytaknyga.lt\/en\/wp-json\/wp\/v2\/product_cat?post=12905"},{"taxonomy":"product_tag","embeddable":true,"href":"https:\/\/skaitytaknyga.lt\/en\/wp-json\/wp\/v2\/product_tag?post=12905"}],"curies":[{"name":"wp","href":"https:\/\/api.w.org\/{rel}","templated":true}]}}