{"id":12894,"date":"2024-07-13T19:43:27","date_gmt":"2024-07-13T16:43:27","guid":{"rendered":"https:\/\/skaitytaknyga.lt\/?post_type=product&#038;p=12894"},"modified":"2024-07-13T19:46:47","modified_gmt":"2024-07-13T16:46:47","slug":"marija-ausrine-pavilioniene-viltys-ir-nusivylimai","status":"publish","type":"product","link":"https:\/\/skaitytaknyga.lt\/en\/produktas\/marija-ausrine-pavilioniene-viltys-ir-nusivylimai\/","title":{"rendered":"Marija Au\u0161rin\u0117 Pavilionien\u0117 \u201eViltys ir nusivylimai\u201c"},"content":{"rendered":"<p>Knyga skirta tiems, kurie domisi moter\u0173 jud\u0117jimo istorija, feminizmo atsiradimu Lietuvoje, ly\u010di\u0173 lygyb\u0117s ir lygi\u0173 galimybi\u0173 diegimo Lietuvos visuomen\u0117je ir politikoje sunkumais. Kurie mato, kokie gaj\u016bs m\u016bs\u0173 visuomen\u0117je yra lyti\u0161kumo stereotipai, tradicin\u0117s \u0161eimos samprata, kokia gili neapykanta tam, kas tarsi \u017eeid\u017eia tradicin\u0119 ir tautin\u0119 pasaul\u0117\u017ei\u016br\u0105 ir pasaul\u0117jaut\u0105. Knyga skirta tiems, kurie nesutinka, kad Lietuvos diskriminacin\u0117 socialin\u0117 politika paverst\u0173 m\u016bs\u0173 visuomen\u0119 Europos S\u0105jungos provincija. Kurie suvokia ir gerbia moter\u0173 ir socialini\u0173 grupi\u0173 teises ir \u017emogaus teises ir laisves.<\/p>\n","protected":false},"excerpt":{"rendered":"<p>Knyga skirta tiems, kurie domisi moter\u0173 jud\u0117jimo istorija, feminizmo atsiradimu Lietuvoje, ly\u010di\u0173 lygyb\u0117s ir lygi\u0173 galimybi\u0173 diegimo Lietuvos visuomen\u0117je ir politikoje sunkumais. Kurie mato, kokie gaj\u016bs m\u016bs\u0173 visuomen\u0117je yra lyti\u0161kumo stereotipai, tradicin\u0117s \u0161eimos samprata, kokia gili neapykanta tam, kas tarsi \u017eeid\u017eia tradicin\u0119 ir tautin\u0119 pasaul\u0117\u017ei\u016br\u0105 ir pasaul\u0117jaut\u0105. Knyga skirta tiems, kurie nesutinka, kad Lietuvos diskriminacin\u0117 socialin\u0117 politika paverst\u0173 m\u016bs\u0173 visuomen\u0119 Europos S\u0105jungos provincija. Kurie suvokia ir gerbia moter\u0173 ir socialini\u0173 grupi\u0173 teises ir \u017emogaus teises ir laisves.<\/p>\n","protected":false},"featured_media":12896,"comment_status":"open","ping_status":"closed","template":"","meta":{"_acf_changed":false,"site-sidebar-layout":"default","site-content-layout":"","ast-site-content-layout":"default","site-content-style":"default","site-sidebar-style":"default","ast-global-header-display":"","ast-banner-title-visibility":"","ast-main-header-display":"","ast-hfb-above-header-display":"","ast-hfb-below-header-display":"","ast-hfb-mobile-header-display":"","site-post-title":"","ast-breadcrumbs-content":"","ast-featured-img":"","footer-sml-layout":"","ast-disable-related-posts":"","theme-transparent-header-meta":"default","adv-header-id-meta":"","stick-header-meta":"","header-above-stick-meta":"","header-main-stick-meta":"","header-below-stick-meta":"","astra-migrate-meta-layouts":"set","ast-page-background-enabled":"default","ast-page-background-meta":{"desktop":{"background-color":"","background-image":"","background-repeat":"repeat","background-position":"center center","background-size":"auto","background-attachment":"scroll","background-type":"","background-media":"","overlay-type":"","overlay-color":"","overlay-opacity":"","overlay-gradient":""},"tablet":{"background-color":"","background-image":"","background-repeat":"repeat","background-position":"center center","background-size":"auto","background-attachment":"scroll","background-type":"","background-media":"","overlay-type":"","overlay-color":"","overlay-opacity":"","overlay-gradient":""},"mobile":{"background-color":"","background-image":"","background-repeat":"repeat","background-position":"center center","background-size":"auto","background-attachment":"scroll","background-type":"","background-media":"","overlay-type":"","overlay-color":"","overlay-opacity":"","overlay-gradient":""}},"ast-content-background-meta":{"desktop":{"background-color":"var(--ast-global-color-4)","background-image":"","background-repeat":"repeat","background-position":"center center","background-size":"auto","background-attachment":"scroll","background-type":"","background-media":"","overlay-type":"","overlay-color":"","overlay-opacity":"","overlay-gradient":""},"tablet":{"background-color":"var(--ast-global-color-4)","background-image":"","background-repeat":"repeat","background-position":"center center","background-size":"auto","background-attachment":"scroll","background-type":"","background-media":"","overlay-type":"","overlay-color":"","overlay-opacity":"","overlay-gradient":""},"mobile":{"background-color":"var(--ast-global-color-4)","background-image":"","background-repeat":"repeat","background-position":"center center","background-size":"auto","background-attachment":"scroll","background-type":"","background-media":"","overlay-type":"","overlay-color":"","overlay-opacity":"","overlay-gradient":""}}},"product_brand":[],"product_cat":[15],"product_tag":[],"class_list":{"0":"post-12894","1":"product","2":"type-product","3":"status-publish","4":"has-post-thumbnail","6":"product_cat-uncategorized","7":"desktop-align-left","8":"tablet-align-left","9":"mobile-align-left","11":"first","12":"instock","13":"shipping-taxable","14":"purchasable","15":"product-type-simple"},"acf":[],"yoast_head":"<!-- This site is optimized with the Yoast SEO plugin v27.0 - https:\/\/yoast.com\/product\/yoast-seo-wordpress\/ -->\n<title>Marija Au\u0161rin\u0117 Pavilionien\u0117 \u201eViltys ir nusivylimai\u201c<\/title>\n<meta name=\"description\" content=\"Knyga skirta tiems, kurie domisi moter\u0173 jud\u0117jimo istorija, feminizmo atsiradimu Lietuvoje, ly\u010di\u0173 lygyb\u0117s ir lygi\u0173 galimybi\u0173 diegimo Lietuvos visuomen\u0117je\" \/>\n<meta name=\"robots\" content=\"index, follow, max-snippet:-1, max-image-preview:large, max-video-preview:-1\" \/>\n<link rel=\"canonical\" href=\"https:\/\/skaitytaknyga.lt\/en\/produktas\/marija-ausrine-pavilioniene-viltys-ir-nusivylimai\/\" \/>\n<meta property=\"og:locale\" content=\"en_GB\" \/>\n<meta property=\"og:locale:alternate\" content=\"lt_LT\" \/>\n<meta property=\"og:type\" content=\"article\" \/>\n<meta property=\"og:title\" content=\"Marija Au\u0161rin\u0117 Pavilionien\u0117 \u201eViltys ir nusivylimai\u201c\" \/>\n<meta property=\"og:description\" content=\"Knyga skirta tiems, kurie domisi moter\u0173 jud\u0117jimo istorija, feminizmo atsiradimu Lietuvoje, ly\u010di\u0173 lygyb\u0117s ir lygi\u0173 galimybi\u0173 diegimo Lietuvos visuomen\u0117je\" \/>\n<meta property=\"og:url\" content=\"https:\/\/skaitytaknyga.lt\/en\/produktas\/marija-ausrine-pavilioniene-viltys-ir-nusivylimai\/\" \/>\n<meta property=\"og:site_name\" content=\"Skaitytaknyga\" \/>\n<meta property=\"article:publisher\" content=\"https:\/\/www.facebook.com\/skaitytaknyga\/\" \/>\n<meta property=\"article:modified_time\" content=\"2024-07-13T16:46:47+00:00\" \/>\n<meta property=\"og:image\" content=\"https:\/\/skaitytaknyga.lt\/wp-content\/uploads\/2024\/07\/c4d2e114-e8f3-44c5-bc03-3dca46794ed3-27920-000005eaf320fe39_file-scaled.jpeg\" \/>\n\t<meta property=\"og:image:width\" content=\"1920\" \/>\n\t<meta property=\"og:image:height\" content=\"2560\" \/>\n\t<meta property=\"og:image:type\" content=\"image\/jpeg\" \/>\n<meta name=\"twitter:card\" content=\"summary_large_image\" \/>\n<meta name=\"twitter:label1\" content=\"Estimated reading time\" \/>\n\t<meta name=\"twitter:data1\" content=\"1 minute\" \/>\n<script type=\"application\/ld+json\" class=\"yoast-schema-graph\">{\"@context\":\"https:\/\/schema.org\",\"@graph\":[{\"@type\":\"WebPage\",\"@id\":\"https:\/\/skaitytaknyga.lt\/produktas\/marija-ausrine-pavilioniene-viltys-ir-nusivylimai\/\",\"url\":\"https:\/\/skaitytaknyga.lt\/produktas\/marija-ausrine-pavilioniene-viltys-ir-nusivylimai\/\",\"name\":\"Marija Au\u0161rin\u0117 Pavilionien\u0117 \u201eViltys ir nusivylimai\u201c\",\"isPartOf\":{\"@id\":\"https:\/\/skaitytaknyga.lt\/#website\"},\"primaryImageOfPage\":{\"@id\":\"https:\/\/skaitytaknyga.lt\/produktas\/marija-ausrine-pavilioniene-viltys-ir-nusivylimai\/#primaryimage\"},\"image\":{\"@id\":\"https:\/\/skaitytaknyga.lt\/produktas\/marija-ausrine-pavilioniene-viltys-ir-nusivylimai\/#primaryimage\"},\"thumbnailUrl\":\"https:\/\/skaitytaknyga.lt\/wp-content\/uploads\/2024\/07\/c4d2e114-e8f3-44c5-bc03-3dca46794ed3-27920-000005eaf320fe39_file-scaled.jpeg\",\"datePublished\":\"2024-07-13T16:43:27+00:00\",\"dateModified\":\"2024-07-13T16:46:47+00:00\",\"description\":\"Knyga skirta tiems, kurie domisi moter\u0173 jud\u0117jimo istorija, feminizmo atsiradimu Lietuvoje, ly\u010di\u0173 lygyb\u0117s ir lygi\u0173 galimybi\u0173 diegimo Lietuvos visuomen\u0117je\",\"breadcrumb\":{\"@id\":\"https:\/\/skaitytaknyga.lt\/produktas\/marija-ausrine-pavilioniene-viltys-ir-nusivylimai\/#breadcrumb\"},\"inLanguage\":\"en-GB\",\"potentialAction\":[{\"@type\":\"ReadAction\",\"target\":[\"https:\/\/skaitytaknyga.lt\/produktas\/marija-ausrine-pavilioniene-viltys-ir-nusivylimai\/\"]}]},{\"@type\":\"ImageObject\",\"inLanguage\":\"en-GB\",\"@id\":\"https:\/\/skaitytaknyga.lt\/produktas\/marija-ausrine-pavilioniene-viltys-ir-nusivylimai\/#primaryimage\",\"url\":\"https:\/\/skaitytaknyga.lt\/wp-content\/uploads\/2024\/07\/c4d2e114-e8f3-44c5-bc03-3dca46794ed3-27920-000005eaf320fe39_file-scaled.jpeg\",\"contentUrl\":\"https:\/\/skaitytaknyga.lt\/wp-content\/uploads\/2024\/07\/c4d2e114-e8f3-44c5-bc03-3dca46794ed3-27920-000005eaf320fe39_file-scaled.jpeg\",\"width\":1920,\"height\":2560,\"caption\":\"Viltys ir nusivylimai\"},{\"@type\":\"BreadcrumbList\",\"@id\":\"https:\/\/skaitytaknyga.lt\/produktas\/marija-ausrine-pavilioniene-viltys-ir-nusivylimai\/#breadcrumb\",\"itemListElement\":[{\"@type\":\"ListItem\",\"position\":1,\"name\":\"Home\",\"item\":\"https:\/\/skaitytaknyga.lt\/\"},{\"@type\":\"ListItem\",\"position\":2,\"name\":\"Parduotuv\u0117\",\"item\":\"https:\/\/skaitytaknyga.lt\/knygu-parduotuve\/\"},{\"@type\":\"ListItem\",\"position\":3,\"name\":\"Marija Au\u0161rin\u0117 Pavilionien\u0117 \u201eViltys ir nusivylimai\u201c\"}]},{\"@type\":\"WebSite\",\"@id\":\"https:\/\/skaitytaknyga.lt\/#website\",\"url\":\"https:\/\/skaitytaknyga.lt\/\",\"name\":\"skaitytaknyga.lt\",\"description\":\"Skaitytaknyga.lt \u2013 tai ma\u017eas \u0161eimos verslas, kuris prasid\u0117jo nuo meil\u0117s knygoms ir siekio i\u0161gelb\u0117ti knygas nuo likimo prie konteinerio. Kas vienam nereikalingas daiktas \u2013 kitam lobis, o mes esame tarpininkai, kurie padeda abiems tapti laimingesniems ???? \u017dinome kaip nelengva i\u0161gyventi ma\u017eiems verslams, tad nuo \u0161iol, \u010dia rasite ir kit\u0173, ma\u017e\u0173 \u0161eim\u0173 versl\u0173, rank\u0173 darbo, dovan\u0173 sau ir artimiesiems.\",\"publisher\":{\"@id\":\"https:\/\/skaitytaknyga.lt\/#organization\"},\"potentialAction\":[{\"@type\":\"SearchAction\",\"target\":{\"@type\":\"EntryPoint\",\"urlTemplate\":\"https:\/\/skaitytaknyga.lt\/?s={search_term_string}\"},\"query-input\":{\"@type\":\"PropertyValueSpecification\",\"valueRequired\":true,\"valueName\":\"search_term_string\"}}],\"inLanguage\":\"en-GB\"},{\"@type\":\"Organization\",\"@id\":\"https:\/\/skaitytaknyga.lt\/#organization\",\"name\":\"skaitytaknyga.lt\",\"url\":\"https:\/\/skaitytaknyga.lt\/\",\"logo\":{\"@type\":\"ImageObject\",\"inLanguage\":\"en-GB\",\"@id\":\"https:\/\/skaitytaknyga.lt\/#\/schema\/logo\/image\/\",\"url\":\"https:\/\/skaitytaknyga.lt\/wp-content\/uploads\/2024\/05\/cropped-cropped-cropped-02_00843_jt3bggkj1j3HLc7SyY6rEUpg.jpeg\",\"contentUrl\":\"https:\/\/skaitytaknyga.lt\/wp-content\/uploads\/2024\/05\/cropped-cropped-cropped-02_00843_jt3bggkj1j3HLc7SyY6rEUpg.jpeg\",\"width\":1600,\"height\":1600,\"caption\":\"skaitytaknyga.lt\"},\"image\":{\"@id\":\"https:\/\/skaitytaknyga.lt\/#\/schema\/logo\/image\/\"},\"sameAs\":[\"https:\/\/www.facebook.com\/skaitytaknyga\/\"]}]}<\/script>\n<!-- \/ Yoast SEO plugin. -->","yoast_head_json":{"title":"Marija Au\u0161rin\u0117 Pavilionien\u0117 \u201eViltys ir nusivylimai\u201c","description":"Knyga skirta tiems, kurie domisi moter\u0173 jud\u0117jimo istorija, feminizmo atsiradimu Lietuvoje, ly\u010di\u0173 lygyb\u0117s ir lygi\u0173 galimybi\u0173 diegimo Lietuvos visuomen\u0117je","robots":{"index":"index","follow":"follow","max-snippet":"max-snippet:-1","max-image-preview":"max-image-preview:large","max-video-preview":"max-video-preview:-1"},"canonical":"https:\/\/skaitytaknyga.lt\/en\/produktas\/marija-ausrine-pavilioniene-viltys-ir-nusivylimai\/","og_locale":"en_GB","og_type":"article","og_title":"[:lt]Marija Au\u0161rin\u0117 Pavilionien\u0117 \u201eViltys ir nusivylimai\u201c[:] - Skaitytaknyga","og_description":"Knyga skirta tiems, kurie domisi moter\u0173 jud\u0117jimo istorija, feminizmo atsiradimu Lietuvoje, ly\u010di\u0173 lygyb\u0117s ir lygi\u0173 galimybi\u0173 diegimo Lietuvos visuomen\u0117je","og_url":"https:\/\/skaitytaknyga.lt\/en\/produktas\/marija-ausrine-pavilioniene-viltys-ir-nusivylimai\/","og_site_name":"Skaitytaknyga","article_publisher":"https:\/\/www.facebook.com\/skaitytaknyga\/","article_modified_time":"2024-07-13T16:46:47+00:00","og_image":[{"width":1920,"height":2560,"url":"https:\/\/skaitytaknyga.lt\/wp-content\/uploads\/2024\/07\/c4d2e114-e8f3-44c5-bc03-3dca46794ed3-27920-000005eaf320fe39_file-scaled.jpeg","type":"image\/jpeg"}],"twitter_card":"summary_large_image","twitter_misc":{"Estimated reading time":"1 minute"},"schema":{"@context":"https:\/\/schema.org","@graph":[{"@type":"WebPage","@id":"https:\/\/skaitytaknyga.lt\/produktas\/marija-ausrine-pavilioniene-viltys-ir-nusivylimai\/","url":"https:\/\/skaitytaknyga.lt\/produktas\/marija-ausrine-pavilioniene-viltys-ir-nusivylimai\/","name":"Marija Au\u0161rin\u0117 Pavilionien\u0117 \u201eViltys ir nusivylimai\u201c","isPartOf":{"@id":"https:\/\/skaitytaknyga.lt\/#website"},"primaryImageOfPage":{"@id":"https:\/\/skaitytaknyga.lt\/produktas\/marija-ausrine-pavilioniene-viltys-ir-nusivylimai\/#primaryimage"},"image":{"@id":"https:\/\/skaitytaknyga.lt\/produktas\/marija-ausrine-pavilioniene-viltys-ir-nusivylimai\/#primaryimage"},"thumbnailUrl":"https:\/\/skaitytaknyga.lt\/wp-content\/uploads\/2024\/07\/c4d2e114-e8f3-44c5-bc03-3dca46794ed3-27920-000005eaf320fe39_file-scaled.jpeg","datePublished":"2024-07-13T16:43:27+00:00","dateModified":"2024-07-13T16:46:47+00:00","description":"Knyga skirta tiems, kurie domisi moter\u0173 jud\u0117jimo istorija, feminizmo atsiradimu Lietuvoje, ly\u010di\u0173 lygyb\u0117s ir lygi\u0173 galimybi\u0173 diegimo Lietuvos visuomen\u0117je","breadcrumb":{"@id":"https:\/\/skaitytaknyga.lt\/produktas\/marija-ausrine-pavilioniene-viltys-ir-nusivylimai\/#breadcrumb"},"inLanguage":"en-GB","potentialAction":[{"@type":"ReadAction","target":["https:\/\/skaitytaknyga.lt\/produktas\/marija-ausrine-pavilioniene-viltys-ir-nusivylimai\/"]}]},{"@type":"ImageObject","inLanguage":"en-GB","@id":"https:\/\/skaitytaknyga.lt\/produktas\/marija-ausrine-pavilioniene-viltys-ir-nusivylimai\/#primaryimage","url":"https:\/\/skaitytaknyga.lt\/wp-content\/uploads\/2024\/07\/c4d2e114-e8f3-44c5-bc03-3dca46794ed3-27920-000005eaf320fe39_file-scaled.jpeg","contentUrl":"https:\/\/skaitytaknyga.lt\/wp-content\/uploads\/2024\/07\/c4d2e114-e8f3-44c5-bc03-3dca46794ed3-27920-000005eaf320fe39_file-scaled.jpeg","width":1920,"height":2560,"caption":"Viltys ir nusivylimai"},{"@type":"BreadcrumbList","@id":"https:\/\/skaitytaknyga.lt\/produktas\/marija-ausrine-pavilioniene-viltys-ir-nusivylimai\/#breadcrumb","itemListElement":[{"@type":"ListItem","position":1,"name":"Home","item":"https:\/\/skaitytaknyga.lt\/"},{"@type":"ListItem","position":2,"name":"Parduotuv\u0117","item":"https:\/\/skaitytaknyga.lt\/knygu-parduotuve\/"},{"@type":"ListItem","position":3,"name":"Marija Au\u0161rin\u0117 Pavilionien\u0117 \u201eViltys ir nusivylimai\u201c"}]},{"@type":"WebSite","@id":"https:\/\/skaitytaknyga.lt\/#website","url":"https:\/\/skaitytaknyga.lt\/","name":"skaitytaknyga.lt","description":"Skaitytaknyga.lt \u2013 tai ma\u017eas \u0161eimos verslas, kuris prasid\u0117jo nuo meil\u0117s knygoms ir siekio i\u0161gelb\u0117ti knygas nuo likimo prie konteinerio. Kas vienam nereikalingas daiktas \u2013 kitam lobis, o mes esame tarpininkai, kurie padeda abiems tapti laimingesniems ???? \u017dinome kaip nelengva i\u0161gyventi ma\u017eiems verslams, tad nuo \u0161iol, \u010dia rasite ir kit\u0173, ma\u017e\u0173 \u0161eim\u0173 versl\u0173, rank\u0173 darbo, dovan\u0173 sau ir artimiesiems.","publisher":{"@id":"https:\/\/skaitytaknyga.lt\/#organization"},"potentialAction":[{"@type":"SearchAction","target":{"@type":"EntryPoint","urlTemplate":"https:\/\/skaitytaknyga.lt\/?s={search_term_string}"},"query-input":{"@type":"PropertyValueSpecification","valueRequired":true,"valueName":"search_term_string"}}],"inLanguage":"en-GB"},{"@type":"Organization","@id":"https:\/\/skaitytaknyga.lt\/#organization","name":"skaitytaknyga.lt","url":"https:\/\/skaitytaknyga.lt\/","logo":{"@type":"ImageObject","inLanguage":"en-GB","@id":"https:\/\/skaitytaknyga.lt\/#\/schema\/logo\/image\/","url":"https:\/\/skaitytaknyga.lt\/wp-content\/uploads\/2024\/05\/cropped-cropped-cropped-02_00843_jt3bggkj1j3HLc7SyY6rEUpg.jpeg","contentUrl":"https:\/\/skaitytaknyga.lt\/wp-content\/uploads\/2024\/05\/cropped-cropped-cropped-02_00843_jt3bggkj1j3HLc7SyY6rEUpg.jpeg","width":1600,"height":1600,"caption":"skaitytaknyga.lt"},"image":{"@id":"https:\/\/skaitytaknyga.lt\/#\/schema\/logo\/image\/"},"sameAs":["https:\/\/www.facebook.com\/skaitytaknyga\/"]}]}},"_links":{"self":[{"href":"https:\/\/skaitytaknyga.lt\/en\/wp-json\/wp\/v2\/product\/12894","targetHints":{"allow":["GET"]}}],"collection":[{"href":"https:\/\/skaitytaknyga.lt\/en\/wp-json\/wp\/v2\/product"}],"about":[{"href":"https:\/\/skaitytaknyga.lt\/en\/wp-json\/wp\/v2\/types\/product"}],"replies":[{"embeddable":true,"href":"https:\/\/skaitytaknyga.lt\/en\/wp-json\/wp\/v2\/comments?post=12894"}],"wp:featuredmedia":[{"embeddable":true,"href":"https:\/\/skaitytaknyga.lt\/en\/wp-json\/wp\/v2\/media\/12896"}],"wp:attachment":[{"href":"https:\/\/skaitytaknyga.lt\/en\/wp-json\/wp\/v2\/media?parent=12894"}],"wp:term":[{"taxonomy":"product_brand","embeddable":true,"href":"https:\/\/skaitytaknyga.lt\/en\/wp-json\/wp\/v2\/product_brand?post=12894"},{"taxonomy":"product_cat","embeddable":true,"href":"https:\/\/skaitytaknyga.lt\/en\/wp-json\/wp\/v2\/product_cat?post=12894"},{"taxonomy":"product_tag","embeddable":true,"href":"https:\/\/skaitytaknyga.lt\/en\/wp-json\/wp\/v2\/product_tag?post=12894"}],"curies":[{"name":"wp","href":"https:\/\/api.w.org\/{rel}","templated":true}]}}