{"id":12891,"date":"2024-07-13T19:31:53","date_gmt":"2024-07-13T16:31:53","guid":{"rendered":"https:\/\/skaitytaknyga.lt\/?post_type=product&#038;p=12891"},"modified":"2024-07-13T19:33:39","modified_gmt":"2024-07-13T16:33:39","slug":"lyn-birkbeck-kodel-esi-toks-koks-esi","status":"publish","type":"product","link":"https:\/\/skaitytaknyga.lt\/en\/produktas\/lyn-birkbeck-kodel-esi-toks-koks-esi\/","title":{"rendered":"Lyn Birkbeck \u201eKod\u0117l esi toks, koks esi\u201c"},"content":{"rendered":"<p>Lyn Birkbeck &#8211; astrologas, bestseleri\u0173 autorius. Naujas po\u017ei\u016bris \u012f astrologij\u0105: viskas, k\u0105 Jums reikia \u017einoti, tai savo Saul\u0117s \u017eenkl\u0105 ir am\u017ei\u0173. Pasisemkite nauding\u0173 \u017eini\u0173, kuri\u0173 nerasite jokiose kitose astrologin\u0117se knygose.<\/p>\n<p>\u010cia n\u0117ra apskai\u010diavim\u0173 &#8211; papras\u010diausiai supraskite ir m\u0117gaukit\u0117s \u0161iais esminiais tarpusavio s\u0105veikos dalykais: J\u016bs\u0173 emociniai tikslai &#8211; supraskite savo j\u0117g\u0105 ir reik\u0161m\u0119 gyvenime, pajauskite tai fizi\u0161kai ir dvasi\u0161kai; dievi\u0161kieji \u201edaryk\u201c ir \u201enedaryk\u201c &#8211; tai esmin\u0117s J\u016bs\u0173 gyvenimo kryptys, kurias galite teisingai pasirinkti; zodiako gyvenimo up\u0117 &#8211; susijunkite su gyvyb\u0117s energija ir auk\u0161\u010diausia J\u016bs\u0173 Saul\u0117s \u017eenklo prasme; santyki\u0173 d\u0117sniai &#8211; atskleid\u017eia, kaip Saul\u0117s \u017eenklai tarpusavyje susij\u0119 ir kokios dominuojan\u010dios J\u016bs\u0173 santyki\u0173 problemos; taip b\u0117ga laikas &#8211; planet\u0173 ciklai; J\u016bs\u0173 \u201elaim\u0117s\u201c metai (Jupiterio ciklas), J\u016bs\u0173 emocinio gyvenimo srov\u0117s (M\u0117nulio ciklas), gyvenimo pamokos ir pa\u017eanga (Saturno ciklas) ir J\u016bs\u0173 vidurinio am\u017eiaus kriz\u0117 (Urano ciklas); meil\u0117s planetos &#8211; atskleid\u017eiama, kaip galite, \u017einodami planet\u0173 d\u0117snius, suvokti daiktus tokius, kokie jie i\u0161 tikr\u0173j\u0173 yra.<\/p>\n","protected":false},"excerpt":{"rendered":"<p>Lyn Birkbeck &#8211; astrologas, bestseleri\u0173 autorius. Naujas po\u017ei\u016bris \u012f astrologij\u0105: viskas, k\u0105 Jums reikia \u017einoti, tai savo Saul\u0117s \u017eenkl\u0105 ir am\u017ei\u0173. Pasisemkite nauding\u0173 \u017eini\u0173, kuri\u0173 nerasite jokiose kitose astrologin\u0117se knygose. \u010cia n\u0117ra apskai\u010diavim\u0173 &#8211; papras\u010diausiai supraskite ir m\u0117gaukit\u0117s \u0161iais esminiais tarpusavio s\u0105veikos dalykais: J\u016bs\u0173 emociniai tikslai &#8211; supraskite savo j\u0117g\u0105 ir reik\u0161m\u0119 gyvenime, pajauskite tai fizi\u0161kai ir dvasi\u0161kai; dievi\u0161kieji \u201edaryk\u201c ir \u201enedaryk\u201c &#8211; tai esmin\u0117s J\u016bs\u0173 gyvenimo kryptys, kurias galite teisingai pasirinkti; zodiako gyvenimo up\u0117 &#8211; susijunkite su gyvyb\u0117s energija ir auk\u0161\u010diausia J\u016bs\u0173 Saul\u0117s \u017eenklo prasme; santyki\u0173 d\u0117sniai &#8211; atskleid\u017eia, kaip Saul\u0117s \u017eenklai tarpusavyje susij\u0119 ir kokios dominuojan\u010dios J\u016bs\u0173 santyki\u0173 problemos; taip b\u0117ga laikas &#8211; planet\u0173 ciklai; J\u016bs\u0173 \u201elaim\u0117s\u201c metai (Jupiterio ciklas), J\u016bs\u0173 emocinio gyvenimo srov\u0117s (M\u0117nulio ciklas), gyvenimo pamokos ir pa\u017eanga (Saturno ciklas) ir J\u016bs\u0173 vidurinio am\u017eiaus kriz\u0117 (Urano ciklas); meil\u0117s planetos &#8211; atskleid\u017eiama, kaip galite, \u017einodami planet\u0173 d\u0117snius, suvokti daiktus tokius, kokie jie i\u0161 tikr\u0173j\u0173 yra.<\/p>\n","protected":false},"featured_media":12892,"comment_status":"open","ping_status":"closed","template":"","meta":{"_acf_changed":false,"site-sidebar-layout":"default","site-content-layout":"","ast-site-content-layout":"default","site-content-style":"default","site-sidebar-style":"default","ast-global-header-display":"","ast-banner-title-visibility":"","ast-main-header-display":"","ast-hfb-above-header-display":"","ast-hfb-below-header-display":"","ast-hfb-mobile-header-display":"","site-post-title":"","ast-breadcrumbs-content":"","ast-featured-img":"","footer-sml-layout":"","ast-disable-related-posts":"","theme-transparent-header-meta":"default","adv-header-id-meta":"","stick-header-meta":"","header-above-stick-meta":"","header-main-stick-meta":"","header-below-stick-meta":"","astra-migrate-meta-layouts":"set","ast-page-background-enabled":"default","ast-page-background-meta":{"desktop":{"background-color":"","background-image":"","background-repeat":"repeat","background-position":"center center","background-size":"auto","background-attachment":"scroll","background-type":"","background-media":"","overlay-type":"","overlay-color":"","overlay-opacity":"","overlay-gradient":""},"tablet":{"background-color":"","background-image":"","background-repeat":"repeat","background-position":"center center","background-size":"auto","background-attachment":"scroll","background-type":"","background-media":"","overlay-type":"","overlay-color":"","overlay-opacity":"","overlay-gradient":""},"mobile":{"background-color":"","background-image":"","background-repeat":"repeat","background-position":"center center","background-size":"auto","background-attachment":"scroll","background-type":"","background-media":"","overlay-type":"","overlay-color":"","overlay-opacity":"","overlay-gradient":""}},"ast-content-background-meta":{"desktop":{"background-color":"var(--ast-global-color-4)","background-image":"","background-repeat":"repeat","background-position":"center center","background-size":"auto","background-attachment":"scroll","background-type":"","background-media":"","overlay-type":"","overlay-color":"","overlay-opacity":"","overlay-gradient":""},"tablet":{"background-color":"var(--ast-global-color-4)","background-image":"","background-repeat":"repeat","background-position":"center center","background-size":"auto","background-attachment":"scroll","background-type":"","background-media":"","overlay-type":"","overlay-color":"","overlay-opacity":"","overlay-gradient":""},"mobile":{"background-color":"var(--ast-global-color-4)","background-image":"","background-repeat":"repeat","background-position":"center center","background-size":"auto","background-attachment":"scroll","background-type":"","background-media":"","overlay-type":"","overlay-color":"","overlay-opacity":"","overlay-gradient":""}}},"product_brand":[],"product_cat":[15,165],"product_tag":[],"class_list":{"0":"post-12891","1":"product","2":"type-product","3":"status-publish","4":"has-post-thumbnail","6":"product_cat-uncategorized","7":"product_cat-religija-filosofija-ir-ezoterika","8":"desktop-align-left","9":"tablet-align-left","10":"mobile-align-left","12":"first","13":"instock","14":"shipping-taxable","15":"purchasable","16":"product-type-simple"},"acf":[],"yoast_head":"<!-- This site is optimized with the Yoast SEO plugin v27.0 - https:\/\/yoast.com\/product\/yoast-seo-wordpress\/ -->\n<title>Lyn Birkbeck \u201eKod\u0117l esi toks, koks esi\u201c<\/title>\n<meta name=\"description\" content=\"Lyn Birkbeck - astrologas, bestseleri\u0173 autorius. Naujas po\u017ei\u016bris \u012f astrologij\u0105: viskas, k\u0105 Jums reikia \u017einoti, tai savo Saul\u0117s \u017eenkl\u0105 ir am\u017ei\u0173.\" \/>\n<meta name=\"robots\" content=\"index, follow, max-snippet:-1, max-image-preview:large, max-video-preview:-1\" \/>\n<link rel=\"canonical\" href=\"https:\/\/skaitytaknyga.lt\/en\/produktas\/lyn-birkbeck-kodel-esi-toks-koks-esi\/\" \/>\n<meta property=\"og:locale\" content=\"en_GB\" \/>\n<meta property=\"og:locale:alternate\" content=\"lt_LT\" \/>\n<meta property=\"og:type\" content=\"article\" \/>\n<meta property=\"og:title\" content=\"Lyn Birkbeck \u201eKod\u0117l esi toks, koks esi\u201c\" \/>\n<meta property=\"og:description\" content=\"Lyn Birkbeck - astrologas, bestseleri\u0173 autorius. Naujas po\u017ei\u016bris \u012f astrologij\u0105: viskas, k\u0105 Jums reikia \u017einoti, tai savo Saul\u0117s \u017eenkl\u0105 ir am\u017ei\u0173.\" \/>\n<meta property=\"og:url\" content=\"https:\/\/skaitytaknyga.lt\/en\/produktas\/lyn-birkbeck-kodel-esi-toks-koks-esi\/\" \/>\n<meta property=\"og:site_name\" content=\"Skaitytaknyga\" \/>\n<meta property=\"article:publisher\" content=\"https:\/\/www.facebook.com\/skaitytaknyga\/\" \/>\n<meta property=\"article:modified_time\" content=\"2024-07-13T16:33:39+00:00\" \/>\n<meta property=\"og:image\" content=\"https:\/\/skaitytaknyga.lt\/wp-content\/uploads\/2024\/07\/1462874849_kodelesitokskoksesi.webp\" \/>\n\t<meta property=\"og:image:width\" content=\"494\" \/>\n\t<meta property=\"og:image:height\" content=\"799\" \/>\n\t<meta property=\"og:image:type\" content=\"image\/webp\" \/>\n<meta name=\"twitter:card\" content=\"summary_large_image\" \/>\n<meta name=\"twitter:label1\" content=\"Estimated reading time\" \/>\n\t<meta name=\"twitter:data1\" content=\"1 minute\" \/>\n<script type=\"application\/ld+json\" class=\"yoast-schema-graph\">{\"@context\":\"https:\/\/schema.org\",\"@graph\":[{\"@type\":\"WebPage\",\"@id\":\"https:\/\/skaitytaknyga.lt\/produktas\/lyn-birkbeck-kodel-esi-toks-koks-esi\/\",\"url\":\"https:\/\/skaitytaknyga.lt\/produktas\/lyn-birkbeck-kodel-esi-toks-koks-esi\/\",\"name\":\"Lyn Birkbeck \u201eKod\u0117l esi toks, koks esi\u201c\",\"isPartOf\":{\"@id\":\"https:\/\/skaitytaknyga.lt\/#website\"},\"primaryImageOfPage\":{\"@id\":\"https:\/\/skaitytaknyga.lt\/produktas\/lyn-birkbeck-kodel-esi-toks-koks-esi\/#primaryimage\"},\"image\":{\"@id\":\"https:\/\/skaitytaknyga.lt\/produktas\/lyn-birkbeck-kodel-esi-toks-koks-esi\/#primaryimage\"},\"thumbnailUrl\":\"https:\/\/skaitytaknyga.lt\/wp-content\/uploads\/2024\/07\/1462874849_kodelesitokskoksesi.webp\",\"datePublished\":\"2024-07-13T16:31:53+00:00\",\"dateModified\":\"2024-07-13T16:33:39+00:00\",\"description\":\"Lyn Birkbeck - astrologas, bestseleri\u0173 autorius. Naujas po\u017ei\u016bris \u012f astrologij\u0105: viskas, k\u0105 Jums reikia \u017einoti, tai savo Saul\u0117s \u017eenkl\u0105 ir am\u017ei\u0173.\",\"breadcrumb\":{\"@id\":\"https:\/\/skaitytaknyga.lt\/produktas\/lyn-birkbeck-kodel-esi-toks-koks-esi\/#breadcrumb\"},\"inLanguage\":\"en-GB\",\"potentialAction\":[{\"@type\":\"ReadAction\",\"target\":[\"https:\/\/skaitytaknyga.lt\/produktas\/lyn-birkbeck-kodel-esi-toks-koks-esi\/\"]}]},{\"@type\":\"ImageObject\",\"inLanguage\":\"en-GB\",\"@id\":\"https:\/\/skaitytaknyga.lt\/produktas\/lyn-birkbeck-kodel-esi-toks-koks-esi\/#primaryimage\",\"url\":\"https:\/\/skaitytaknyga.lt\/wp-content\/uploads\/2024\/07\/1462874849_kodelesitokskoksesi.webp\",\"contentUrl\":\"https:\/\/skaitytaknyga.lt\/wp-content\/uploads\/2024\/07\/1462874849_kodelesitokskoksesi.webp\",\"width\":494,\"height\":799,\"caption\":\"Kod\u0117l esi toks, koks esi\"},{\"@type\":\"BreadcrumbList\",\"@id\":\"https:\/\/skaitytaknyga.lt\/produktas\/lyn-birkbeck-kodel-esi-toks-koks-esi\/#breadcrumb\",\"itemListElement\":[{\"@type\":\"ListItem\",\"position\":1,\"name\":\"Home\",\"item\":\"https:\/\/skaitytaknyga.lt\/\"},{\"@type\":\"ListItem\",\"position\":2,\"name\":\"Parduotuv\u0117\",\"item\":\"https:\/\/skaitytaknyga.lt\/knygu-parduotuve\/\"},{\"@type\":\"ListItem\",\"position\":3,\"name\":\"Lyn Birkbeck \u201eKod\u0117l esi toks, koks esi\u201c\"}]},{\"@type\":\"WebSite\",\"@id\":\"https:\/\/skaitytaknyga.lt\/#website\",\"url\":\"https:\/\/skaitytaknyga.lt\/\",\"name\":\"skaitytaknyga.lt\",\"description\":\"Skaitytaknyga.lt \u2013 tai ma\u017eas \u0161eimos verslas, kuris prasid\u0117jo nuo meil\u0117s knygoms ir siekio i\u0161gelb\u0117ti knygas nuo likimo prie konteinerio. Kas vienam nereikalingas daiktas \u2013 kitam lobis, o mes esame tarpininkai, kurie padeda abiems tapti laimingesniems ???? \u017dinome kaip nelengva i\u0161gyventi ma\u017eiems verslams, tad nuo \u0161iol, \u010dia rasite ir kit\u0173, ma\u017e\u0173 \u0161eim\u0173 versl\u0173, rank\u0173 darbo, dovan\u0173 sau ir artimiesiems.\",\"publisher\":{\"@id\":\"https:\/\/skaitytaknyga.lt\/#organization\"},\"potentialAction\":[{\"@type\":\"SearchAction\",\"target\":{\"@type\":\"EntryPoint\",\"urlTemplate\":\"https:\/\/skaitytaknyga.lt\/?s={search_term_string}\"},\"query-input\":{\"@type\":\"PropertyValueSpecification\",\"valueRequired\":true,\"valueName\":\"search_term_string\"}}],\"inLanguage\":\"en-GB\"},{\"@type\":\"Organization\",\"@id\":\"https:\/\/skaitytaknyga.lt\/#organization\",\"name\":\"skaitytaknyga.lt\",\"url\":\"https:\/\/skaitytaknyga.lt\/\",\"logo\":{\"@type\":\"ImageObject\",\"inLanguage\":\"en-GB\",\"@id\":\"https:\/\/skaitytaknyga.lt\/#\/schema\/logo\/image\/\",\"url\":\"https:\/\/skaitytaknyga.lt\/wp-content\/uploads\/2024\/05\/cropped-cropped-cropped-02_00843_jt3bggkj1j3HLc7SyY6rEUpg.jpeg\",\"contentUrl\":\"https:\/\/skaitytaknyga.lt\/wp-content\/uploads\/2024\/05\/cropped-cropped-cropped-02_00843_jt3bggkj1j3HLc7SyY6rEUpg.jpeg\",\"width\":1600,\"height\":1600,\"caption\":\"skaitytaknyga.lt\"},\"image\":{\"@id\":\"https:\/\/skaitytaknyga.lt\/#\/schema\/logo\/image\/\"},\"sameAs\":[\"https:\/\/www.facebook.com\/skaitytaknyga\/\"]}]}<\/script>\n<!-- \/ Yoast SEO plugin. -->","yoast_head_json":{"title":"Lyn Birkbeck \u201eKod\u0117l esi toks, koks esi\u201c","description":"Lyn Birkbeck - astrologas, bestseleri\u0173 autorius. Naujas po\u017ei\u016bris \u012f astrologij\u0105: viskas, k\u0105 Jums reikia \u017einoti, tai savo Saul\u0117s \u017eenkl\u0105 ir am\u017ei\u0173.","robots":{"index":"index","follow":"follow","max-snippet":"max-snippet:-1","max-image-preview":"max-image-preview:large","max-video-preview":"max-video-preview:-1"},"canonical":"https:\/\/skaitytaknyga.lt\/en\/produktas\/lyn-birkbeck-kodel-esi-toks-koks-esi\/","og_locale":"en_GB","og_type":"article","og_title":"[:lt]Lyn Birkbeck \u201eKod\u0117l esi toks, koks esi\u201c[:] - Skaitytaknyga","og_description":"Lyn Birkbeck - astrologas, bestseleri\u0173 autorius. Naujas po\u017ei\u016bris \u012f astrologij\u0105: viskas, k\u0105 Jums reikia \u017einoti, tai savo Saul\u0117s \u017eenkl\u0105 ir am\u017ei\u0173.","og_url":"https:\/\/skaitytaknyga.lt\/en\/produktas\/lyn-birkbeck-kodel-esi-toks-koks-esi\/","og_site_name":"Skaitytaknyga","article_publisher":"https:\/\/www.facebook.com\/skaitytaknyga\/","article_modified_time":"2024-07-13T16:33:39+00:00","og_image":[{"width":494,"height":799,"url":"https:\/\/skaitytaknyga.lt\/wp-content\/uploads\/2024\/07\/1462874849_kodelesitokskoksesi.webp","type":"image\/webp"}],"twitter_card":"summary_large_image","twitter_misc":{"Estimated reading time":"1 minute"},"schema":{"@context":"https:\/\/schema.org","@graph":[{"@type":"WebPage","@id":"https:\/\/skaitytaknyga.lt\/produktas\/lyn-birkbeck-kodel-esi-toks-koks-esi\/","url":"https:\/\/skaitytaknyga.lt\/produktas\/lyn-birkbeck-kodel-esi-toks-koks-esi\/","name":"Lyn Birkbeck \u201eKod\u0117l esi toks, koks esi\u201c","isPartOf":{"@id":"https:\/\/skaitytaknyga.lt\/#website"},"primaryImageOfPage":{"@id":"https:\/\/skaitytaknyga.lt\/produktas\/lyn-birkbeck-kodel-esi-toks-koks-esi\/#primaryimage"},"image":{"@id":"https:\/\/skaitytaknyga.lt\/produktas\/lyn-birkbeck-kodel-esi-toks-koks-esi\/#primaryimage"},"thumbnailUrl":"https:\/\/skaitytaknyga.lt\/wp-content\/uploads\/2024\/07\/1462874849_kodelesitokskoksesi.webp","datePublished":"2024-07-13T16:31:53+00:00","dateModified":"2024-07-13T16:33:39+00:00","description":"Lyn Birkbeck - astrologas, bestseleri\u0173 autorius. Naujas po\u017ei\u016bris \u012f astrologij\u0105: viskas, k\u0105 Jums reikia \u017einoti, tai savo Saul\u0117s \u017eenkl\u0105 ir am\u017ei\u0173.","breadcrumb":{"@id":"https:\/\/skaitytaknyga.lt\/produktas\/lyn-birkbeck-kodel-esi-toks-koks-esi\/#breadcrumb"},"inLanguage":"en-GB","potentialAction":[{"@type":"ReadAction","target":["https:\/\/skaitytaknyga.lt\/produktas\/lyn-birkbeck-kodel-esi-toks-koks-esi\/"]}]},{"@type":"ImageObject","inLanguage":"en-GB","@id":"https:\/\/skaitytaknyga.lt\/produktas\/lyn-birkbeck-kodel-esi-toks-koks-esi\/#primaryimage","url":"https:\/\/skaitytaknyga.lt\/wp-content\/uploads\/2024\/07\/1462874849_kodelesitokskoksesi.webp","contentUrl":"https:\/\/skaitytaknyga.lt\/wp-content\/uploads\/2024\/07\/1462874849_kodelesitokskoksesi.webp","width":494,"height":799,"caption":"Kod\u0117l esi toks, koks esi"},{"@type":"BreadcrumbList","@id":"https:\/\/skaitytaknyga.lt\/produktas\/lyn-birkbeck-kodel-esi-toks-koks-esi\/#breadcrumb","itemListElement":[{"@type":"ListItem","position":1,"name":"Home","item":"https:\/\/skaitytaknyga.lt\/"},{"@type":"ListItem","position":2,"name":"Parduotuv\u0117","item":"https:\/\/skaitytaknyga.lt\/knygu-parduotuve\/"},{"@type":"ListItem","position":3,"name":"Lyn Birkbeck \u201eKod\u0117l esi toks, koks esi\u201c"}]},{"@type":"WebSite","@id":"https:\/\/skaitytaknyga.lt\/#website","url":"https:\/\/skaitytaknyga.lt\/","name":"skaitytaknyga.lt","description":"Skaitytaknyga.lt \u2013 tai ma\u017eas \u0161eimos verslas, kuris prasid\u0117jo nuo meil\u0117s knygoms ir siekio i\u0161gelb\u0117ti knygas nuo likimo prie konteinerio. Kas vienam nereikalingas daiktas \u2013 kitam lobis, o mes esame tarpininkai, kurie padeda abiems tapti laimingesniems ???? \u017dinome kaip nelengva i\u0161gyventi ma\u017eiems verslams, tad nuo \u0161iol, \u010dia rasite ir kit\u0173, ma\u017e\u0173 \u0161eim\u0173 versl\u0173, rank\u0173 darbo, dovan\u0173 sau ir artimiesiems.","publisher":{"@id":"https:\/\/skaitytaknyga.lt\/#organization"},"potentialAction":[{"@type":"SearchAction","target":{"@type":"EntryPoint","urlTemplate":"https:\/\/skaitytaknyga.lt\/?s={search_term_string}"},"query-input":{"@type":"PropertyValueSpecification","valueRequired":true,"valueName":"search_term_string"}}],"inLanguage":"en-GB"},{"@type":"Organization","@id":"https:\/\/skaitytaknyga.lt\/#organization","name":"skaitytaknyga.lt","url":"https:\/\/skaitytaknyga.lt\/","logo":{"@type":"ImageObject","inLanguage":"en-GB","@id":"https:\/\/skaitytaknyga.lt\/#\/schema\/logo\/image\/","url":"https:\/\/skaitytaknyga.lt\/wp-content\/uploads\/2024\/05\/cropped-cropped-cropped-02_00843_jt3bggkj1j3HLc7SyY6rEUpg.jpeg","contentUrl":"https:\/\/skaitytaknyga.lt\/wp-content\/uploads\/2024\/05\/cropped-cropped-cropped-02_00843_jt3bggkj1j3HLc7SyY6rEUpg.jpeg","width":1600,"height":1600,"caption":"skaitytaknyga.lt"},"image":{"@id":"https:\/\/skaitytaknyga.lt\/#\/schema\/logo\/image\/"},"sameAs":["https:\/\/www.facebook.com\/skaitytaknyga\/"]}]}},"_links":{"self":[{"href":"https:\/\/skaitytaknyga.lt\/en\/wp-json\/wp\/v2\/product\/12891","targetHints":{"allow":["GET"]}}],"collection":[{"href":"https:\/\/skaitytaknyga.lt\/en\/wp-json\/wp\/v2\/product"}],"about":[{"href":"https:\/\/skaitytaknyga.lt\/en\/wp-json\/wp\/v2\/types\/product"}],"replies":[{"embeddable":true,"href":"https:\/\/skaitytaknyga.lt\/en\/wp-json\/wp\/v2\/comments?post=12891"}],"wp:featuredmedia":[{"embeddable":true,"href":"https:\/\/skaitytaknyga.lt\/en\/wp-json\/wp\/v2\/media\/12892"}],"wp:attachment":[{"href":"https:\/\/skaitytaknyga.lt\/en\/wp-json\/wp\/v2\/media?parent=12891"}],"wp:term":[{"taxonomy":"product_brand","embeddable":true,"href":"https:\/\/skaitytaknyga.lt\/en\/wp-json\/wp\/v2\/product_brand?post=12891"},{"taxonomy":"product_cat","embeddable":true,"href":"https:\/\/skaitytaknyga.lt\/en\/wp-json\/wp\/v2\/product_cat?post=12891"},{"taxonomy":"product_tag","embeddable":true,"href":"https:\/\/skaitytaknyga.lt\/en\/wp-json\/wp\/v2\/product_tag?post=12891"}],"curies":[{"name":"wp","href":"https:\/\/api.w.org\/{rel}","templated":true}]}}