{"id":12889,"date":"2024-07-13T19:25:24","date_gmt":"2024-07-13T16:25:24","guid":{"rendered":"https:\/\/skaitytaknyga.lt\/?post_type=product&#038;p=12889"},"modified":"2025-05-12T09:24:31","modified_gmt":"2025-05-12T06:24:31","slug":"juli-zeh-ereliai-ir-angelai","status":"publish","type":"product","link":"https:\/\/skaitytaknyga.lt\/en\/produktas\/juli-zeh-ereliai-ir-angelai\/","title":{"rendered":"Ereliai ir angelai"},"content":{"rendered":"<p>Romane atsargiai gvildenamos visuotin\u0117s problemos &#8211; saitai tarp prekybos narkotikais ir tarptautin\u0117s politikos, Balkan\u0173 kelio ir paaugli\u0173 nusikalstamumo. Ta\u010diau svarbiausias vaidmuo, prat\u0119siant W. Burroughso, I. Welsho tradicij\u0105, atitenka \u017emogaus s\u0105monei &#8211; nihilisti\u0161kai ir haliucinuojan\u010diai. Zeh jautriai skverbiasi \u012f \u017emogi\u0161k\u0105j\u0105 vadinamos naujosios Europos tu\u0161tum\u0105. Skaitytojas su pagrindiniu veik\u0117ju Maksu klaid\u017eioja Vienos gatv\u0117mis ir \u017emogi\u0161kojo suvokimo paribiais.<\/p>\n<p><strong>Juli Zeh\u00a0<\/strong>(Juli C\u0117, g. 1974) &#8211; vienas labiausiai provokuojan\u010di\u0173 bals\u0173 \u0161iandienin\u0117je vokie\u010di\u0173 literat\u016broje. Nuo 1995 m. ra\u0161ytoja gyvena Leipcige. Tarptautin\u0117s teis\u0117s specialist\u0117, dirba JT. Be to, baigusi vokie\u010di\u0173 literat\u016bros studijas, d\u0117sto Vokietijos universitetuose kaip vizituojanti lektor\u0117. 2001 m. Juli Zeh keliavo po Bosnij\u0105 ir Hercegovin\u0105, nuo to laiko jos teisin\u0117 ir literat\u016brin\u0117 veikla siejasi su buvusios Jugoslavijos problemomis. Romanas \u201eEreliai ir angelai&#8221; 2002 m. gavo premij\u0105 u\u017e s\u0117kmingiausi\u0105 knygos debiut\u0105 Vokietijoje.<\/p>\n<p>Zeh k\u016bryba lyginama su G. G. M\u00e1rquezo magi\u0161ku pasakojimu ir R. Carvero negailestingu realizmu, veik\u0117j\u0173 charakteriai &#8211; tarsi H. B\u00f6llio, G. Grasso veik\u0117j\u0173 reminiscencijos. Romanas aliuzi\u0161kai siejamas su Stanley Kubricko, \u201eposttarantinine&#8221; kinematografija. \u201eRun, Juli, Run&#8230;&#8221;<\/p>\n","protected":false},"excerpt":{"rendered":"<p>Romane atsargiai gvildenamos visuotin\u0117s problemos &#8211; saitai tarp prekybos narkotikais ir tarptautin\u0117s politikos, Balkan\u0173 kelio ir paaugli\u0173 nusikalstamumo. Ta\u010diau svarbiausias vaidmuo, prat\u0119siant W. Burroughso, I. Welsho tradicij\u0105, atitenka \u017emogaus s\u0105monei &#8211; nihilisti\u0161kai ir haliucinuojan\u010diai. Zeh jautriai skverbiasi \u012f \u017emogi\u0161k\u0105j\u0105 vadinamos naujosios Europos tu\u0161tum\u0105. Skaitytojas su pagrindiniu veik\u0117ju Maksu klaid\u017eioja Vienos gatv\u0117mis ir \u017emogi\u0161kojo suvokimo paribiais. Juli Zeh\u00a0(Juli C\u0117, g. 1974) &#8211; vienas labiausiai provokuojan\u010di\u0173 bals\u0173 \u0161iandienin\u0117je vokie\u010di\u0173 literat\u016broje. Nuo 1995 m. ra\u0161ytoja gyvena Leipcige. Tarptautin\u0117s teis\u0117s specialist\u0117, dirba JT. Be to, baigusi vokie\u010di\u0173 literat\u016bros studijas, d\u0117sto Vokietijos universitetuose kaip vizituojanti lektor\u0117. 2001 m. Juli Zeh keliavo po Bosnij\u0105 ir Hercegovin\u0105, nuo to laiko jos teisin\u0117 ir literat\u016brin\u0117 veikla siejasi su buvusios Jugoslavijos problemomis. Romanas \u201eEreliai ir angelai&#8221; 2002 m. gavo premij\u0105 u\u017e s\u0117kmingiausi\u0105 knygos debiut\u0105 Vokietijoje. Zeh k\u016bryba lyginama su G. G. M\u00e1rquezo magi\u0161ku pasakojimu ir R. Carvero negailestingu realizmu, veik\u0117j\u0173 charakteriai &#8211; tarsi H. B\u00f6llio, G. Grasso veik\u0117j\u0173 reminiscencijos. Romanas aliuzi\u0161kai siejamas su Stanley Kubricko, \u201eposttarantinine&#8221; kinematografija. \u201eRun, Juli, Run&#8230;&#8221;<\/p>\n","protected":false},"featured_media":12890,"comment_status":"open","ping_status":"closed","template":"","meta":{"_acf_changed":false,"site-sidebar-layout":"default","site-content-layout":"","ast-site-content-layout":"default","site-content-style":"default","site-sidebar-style":"default","ast-global-header-display":"","ast-banner-title-visibility":"","ast-main-header-display":"","ast-hfb-above-header-display":"","ast-hfb-below-header-display":"","ast-hfb-mobile-header-display":"","site-post-title":"","ast-breadcrumbs-content":"","ast-featured-img":"","footer-sml-layout":"","ast-disable-related-posts":"","theme-transparent-header-meta":"default","adv-header-id-meta":"","stick-header-meta":"","header-above-stick-meta":"","header-main-stick-meta":"","header-below-stick-meta":"","astra-migrate-meta-layouts":"set","ast-page-background-enabled":"default","ast-page-background-meta":{"desktop":{"background-color":"","background-image":"","background-repeat":"repeat","background-position":"center center","background-size":"auto","background-attachment":"scroll","background-type":"","background-media":"","overlay-type":"","overlay-color":"","overlay-opacity":"","overlay-gradient":""},"tablet":{"background-color":"","background-image":"","background-repeat":"repeat","background-position":"center center","background-size":"auto","background-attachment":"scroll","background-type":"","background-media":"","overlay-type":"","overlay-color":"","overlay-opacity":"","overlay-gradient":""},"mobile":{"background-color":"","background-image":"","background-repeat":"repeat","background-position":"center center","background-size":"auto","background-attachment":"scroll","background-type":"","background-media":"","overlay-type":"","overlay-color":"","overlay-opacity":"","overlay-gradient":""}},"ast-content-background-meta":{"desktop":{"background-color":"var(--ast-global-color-4)","background-image":"","background-repeat":"repeat","background-position":"center center","background-size":"auto","background-attachment":"scroll","background-type":"","background-media":"","overlay-type":"","overlay-color":"","overlay-opacity":"","overlay-gradient":""},"tablet":{"background-color":"var(--ast-global-color-4)","background-image":"","background-repeat":"repeat","background-position":"center center","background-size":"auto","background-attachment":"scroll","background-type":"","background-media":"","overlay-type":"","overlay-color":"","overlay-opacity":"","overlay-gradient":""},"mobile":{"background-color":"var(--ast-global-color-4)","background-image":"","background-repeat":"repeat","background-position":"center center","background-size":"auto","background-attachment":"scroll","background-type":"","background-media":"","overlay-type":"","overlay-color":"","overlay-opacity":"","overlay-gradient":""}}},"product_brand":[],"product_cat":[31,15],"product_tag":[1709,1714,1712,1711,1710,1713],"class_list":{"0":"post-12889","1":"product","2":"type-product","3":"status-publish","4":"has-post-thumbnail","6":"product_cat-grozine-literatura","7":"product_cat-uncategorized","8":"product_tag-juli-zeh","9":"product_tag-morales-klausimai","10":"product_tag-psichologinis-romanas","11":"product_tag-siuolaikine-proza","12":"product_tag-vokieciu-literatura","13":"product_tag-zmogaus-prigimtis","14":"desktop-align-left","15":"tablet-align-left","16":"mobile-align-left","18":"first","19":"instock","20":"shipping-taxable","21":"purchasable","22":"product-type-simple"},"acf":[],"yoast_head":"<!-- This site is optimized with the Yoast SEO plugin v27.0 - https:\/\/yoast.com\/product\/yoast-seo-wordpress\/ -->\n<title>Ereliai ir angelai<\/title>\n<meta name=\"description\" content=\"Romane atsargiai gvildenamos visuotin\u0117s problemos - saitai tarp prekybos narkotikais ir tarptautin\u0117s politikos, Balkan\u0173 kelio ir paaugli\u0173 nusikalstamumo.\" \/>\n<meta name=\"robots\" content=\"index, follow, max-snippet:-1, max-image-preview:large, max-video-preview:-1\" \/>\n<link rel=\"canonical\" href=\"https:\/\/skaitytaknyga.lt\/en\/produktas\/juli-zeh-ereliai-ir-angelai\/\" \/>\n<meta property=\"og:locale\" content=\"en_GB\" \/>\n<meta property=\"og:locale:alternate\" content=\"lt_LT\" \/>\n<meta property=\"og:type\" content=\"article\" \/>\n<meta property=\"og:title\" content=\"Ereliai ir angelai\" \/>\n<meta property=\"og:description\" content=\"Romane atsargiai gvildenamos visuotin\u0117s problemos - saitai tarp prekybos narkotikais ir tarptautin\u0117s politikos, Balkan\u0173 kelio ir paaugli\u0173 nusikalstamumo.\" \/>\n<meta property=\"og:url\" content=\"https:\/\/skaitytaknyga.lt\/en\/produktas\/juli-zeh-ereliai-ir-angelai\/\" \/>\n<meta property=\"og:site_name\" content=\"Skaitytaknyga\" \/>\n<meta property=\"article:publisher\" content=\"https:\/\/www.facebook.com\/skaitytaknyga\/\" \/>\n<meta property=\"article:modified_time\" content=\"2025-05-12T06:24:31+00:00\" \/>\n<meta property=\"og:image\" content=\"https:\/\/skaitytaknyga.lt\/wp-content\/uploads\/2024\/07\/1462876410_Ereliai_ir_angelai.webp\" \/>\n\t<meta property=\"og:image:width\" content=\"440\" \/>\n\t<meta property=\"og:image:height\" content=\"652\" \/>\n\t<meta property=\"og:image:type\" content=\"image\/webp\" \/>\n<meta name=\"twitter:card\" content=\"summary_large_image\" \/>\n<meta name=\"twitter:label1\" content=\"Estimated reading time\" \/>\n\t<meta name=\"twitter:data1\" content=\"2 minutes\" \/>\n<script type=\"application\/ld+json\" class=\"yoast-schema-graph\">{\"@context\":\"https:\/\/schema.org\",\"@graph\":[{\"@type\":\"WebPage\",\"@id\":\"https:\/\/skaitytaknyga.lt\/produktas\/juli-zeh-ereliai-ir-angelai\/\",\"url\":\"https:\/\/skaitytaknyga.lt\/produktas\/juli-zeh-ereliai-ir-angelai\/\",\"name\":\"Ereliai ir angelai\",\"isPartOf\":{\"@id\":\"https:\/\/skaitytaknyga.lt\/#website\"},\"primaryImageOfPage\":{\"@id\":\"https:\/\/skaitytaknyga.lt\/produktas\/juli-zeh-ereliai-ir-angelai\/#primaryimage\"},\"image\":{\"@id\":\"https:\/\/skaitytaknyga.lt\/produktas\/juli-zeh-ereliai-ir-angelai\/#primaryimage\"},\"thumbnailUrl\":\"https:\/\/skaitytaknyga.lt\/wp-content\/uploads\/2024\/07\/1462876410_Ereliai_ir_angelai.webp\",\"datePublished\":\"2024-07-13T16:25:24+00:00\",\"dateModified\":\"2025-05-12T06:24:31+00:00\",\"description\":\"Romane atsargiai gvildenamos visuotin\u0117s problemos - saitai tarp prekybos narkotikais ir tarptautin\u0117s politikos, Balkan\u0173 kelio ir paaugli\u0173 nusikalstamumo.\",\"breadcrumb\":{\"@id\":\"https:\/\/skaitytaknyga.lt\/produktas\/juli-zeh-ereliai-ir-angelai\/#breadcrumb\"},\"inLanguage\":\"en-GB\",\"potentialAction\":[{\"@type\":\"ReadAction\",\"target\":[\"https:\/\/skaitytaknyga.lt\/produktas\/juli-zeh-ereliai-ir-angelai\/\"]}]},{\"@type\":\"ImageObject\",\"inLanguage\":\"en-GB\",\"@id\":\"https:\/\/skaitytaknyga.lt\/produktas\/juli-zeh-ereliai-ir-angelai\/#primaryimage\",\"url\":\"https:\/\/skaitytaknyga.lt\/wp-content\/uploads\/2024\/07\/1462876410_Ereliai_ir_angelai.webp\",\"contentUrl\":\"https:\/\/skaitytaknyga.lt\/wp-content\/uploads\/2024\/07\/1462876410_Ereliai_ir_angelai.webp\",\"width\":440,\"height\":652,\"caption\":\"Ereliai ir angelai\"},{\"@type\":\"BreadcrumbList\",\"@id\":\"https:\/\/skaitytaknyga.lt\/produktas\/juli-zeh-ereliai-ir-angelai\/#breadcrumb\",\"itemListElement\":[{\"@type\":\"ListItem\",\"position\":1,\"name\":\"Home\",\"item\":\"https:\/\/skaitytaknyga.lt\/\"},{\"@type\":\"ListItem\",\"position\":2,\"name\":\"Parduotuv\u0117\",\"item\":\"https:\/\/skaitytaknyga.lt\/knygu-parduotuve\/\"},{\"@type\":\"ListItem\",\"position\":3,\"name\":\"Ereliai ir angelai\"}]},{\"@type\":\"WebSite\",\"@id\":\"https:\/\/skaitytaknyga.lt\/#website\",\"url\":\"https:\/\/skaitytaknyga.lt\/\",\"name\":\"skaitytaknyga.lt\",\"description\":\"Skaitytaknyga.lt \u2013 tai ma\u017eas \u0161eimos verslas, kuris prasid\u0117jo nuo meil\u0117s knygoms ir siekio i\u0161gelb\u0117ti knygas nuo likimo prie konteinerio. Kas vienam nereikalingas daiktas \u2013 kitam lobis, o mes esame tarpininkai, kurie padeda abiems tapti laimingesniems ???? \u017dinome kaip nelengva i\u0161gyventi ma\u017eiems verslams, tad nuo \u0161iol, \u010dia rasite ir kit\u0173, ma\u017e\u0173 \u0161eim\u0173 versl\u0173, rank\u0173 darbo, dovan\u0173 sau ir artimiesiems.\",\"publisher\":{\"@id\":\"https:\/\/skaitytaknyga.lt\/#organization\"},\"potentialAction\":[{\"@type\":\"SearchAction\",\"target\":{\"@type\":\"EntryPoint\",\"urlTemplate\":\"https:\/\/skaitytaknyga.lt\/?s={search_term_string}\"},\"query-input\":{\"@type\":\"PropertyValueSpecification\",\"valueRequired\":true,\"valueName\":\"search_term_string\"}}],\"inLanguage\":\"en-GB\"},{\"@type\":\"Organization\",\"@id\":\"https:\/\/skaitytaknyga.lt\/#organization\",\"name\":\"skaitytaknyga.lt\",\"url\":\"https:\/\/skaitytaknyga.lt\/\",\"logo\":{\"@type\":\"ImageObject\",\"inLanguage\":\"en-GB\",\"@id\":\"https:\/\/skaitytaknyga.lt\/#\/schema\/logo\/image\/\",\"url\":\"https:\/\/skaitytaknyga.lt\/wp-content\/uploads\/2024\/05\/cropped-cropped-cropped-02_00843_jt3bggkj1j3HLc7SyY6rEUpg.jpeg\",\"contentUrl\":\"https:\/\/skaitytaknyga.lt\/wp-content\/uploads\/2024\/05\/cropped-cropped-cropped-02_00843_jt3bggkj1j3HLc7SyY6rEUpg.jpeg\",\"width\":1600,\"height\":1600,\"caption\":\"skaitytaknyga.lt\"},\"image\":{\"@id\":\"https:\/\/skaitytaknyga.lt\/#\/schema\/logo\/image\/\"},\"sameAs\":[\"https:\/\/www.facebook.com\/skaitytaknyga\/\"]}]}<\/script>\n<!-- \/ Yoast SEO plugin. -->","yoast_head_json":{"title":"Ereliai ir angelai","description":"Romane atsargiai gvildenamos visuotin\u0117s problemos - saitai tarp prekybos narkotikais ir tarptautin\u0117s politikos, Balkan\u0173 kelio ir paaugli\u0173 nusikalstamumo.","robots":{"index":"index","follow":"follow","max-snippet":"max-snippet:-1","max-image-preview":"max-image-preview:large","max-video-preview":"max-video-preview:-1"},"canonical":"https:\/\/skaitytaknyga.lt\/en\/produktas\/juli-zeh-ereliai-ir-angelai\/","og_locale":"en_GB","og_type":"article","og_title":"[:lt]Ereliai ir angelai[:] - Skaitytaknyga","og_description":"Romane atsargiai gvildenamos visuotin\u0117s problemos - saitai tarp prekybos narkotikais ir tarptautin\u0117s politikos, Balkan\u0173 kelio ir paaugli\u0173 nusikalstamumo.","og_url":"https:\/\/skaitytaknyga.lt\/en\/produktas\/juli-zeh-ereliai-ir-angelai\/","og_site_name":"Skaitytaknyga","article_publisher":"https:\/\/www.facebook.com\/skaitytaknyga\/","article_modified_time":"2025-05-12T06:24:31+00:00","og_image":[{"width":440,"height":652,"url":"https:\/\/skaitytaknyga.lt\/wp-content\/uploads\/2024\/07\/1462876410_Ereliai_ir_angelai.webp","type":"image\/webp"}],"twitter_card":"summary_large_image","twitter_misc":{"Estimated reading time":"2 minutes"},"schema":{"@context":"https:\/\/schema.org","@graph":[{"@type":"WebPage","@id":"https:\/\/skaitytaknyga.lt\/produktas\/juli-zeh-ereliai-ir-angelai\/","url":"https:\/\/skaitytaknyga.lt\/produktas\/juli-zeh-ereliai-ir-angelai\/","name":"Ereliai ir angelai","isPartOf":{"@id":"https:\/\/skaitytaknyga.lt\/#website"},"primaryImageOfPage":{"@id":"https:\/\/skaitytaknyga.lt\/produktas\/juli-zeh-ereliai-ir-angelai\/#primaryimage"},"image":{"@id":"https:\/\/skaitytaknyga.lt\/produktas\/juli-zeh-ereliai-ir-angelai\/#primaryimage"},"thumbnailUrl":"https:\/\/skaitytaknyga.lt\/wp-content\/uploads\/2024\/07\/1462876410_Ereliai_ir_angelai.webp","datePublished":"2024-07-13T16:25:24+00:00","dateModified":"2025-05-12T06:24:31+00:00","description":"Romane atsargiai gvildenamos visuotin\u0117s problemos - saitai tarp prekybos narkotikais ir tarptautin\u0117s politikos, Balkan\u0173 kelio ir paaugli\u0173 nusikalstamumo.","breadcrumb":{"@id":"https:\/\/skaitytaknyga.lt\/produktas\/juli-zeh-ereliai-ir-angelai\/#breadcrumb"},"inLanguage":"en-GB","potentialAction":[{"@type":"ReadAction","target":["https:\/\/skaitytaknyga.lt\/produktas\/juli-zeh-ereliai-ir-angelai\/"]}]},{"@type":"ImageObject","inLanguage":"en-GB","@id":"https:\/\/skaitytaknyga.lt\/produktas\/juli-zeh-ereliai-ir-angelai\/#primaryimage","url":"https:\/\/skaitytaknyga.lt\/wp-content\/uploads\/2024\/07\/1462876410_Ereliai_ir_angelai.webp","contentUrl":"https:\/\/skaitytaknyga.lt\/wp-content\/uploads\/2024\/07\/1462876410_Ereliai_ir_angelai.webp","width":440,"height":652,"caption":"Ereliai ir angelai"},{"@type":"BreadcrumbList","@id":"https:\/\/skaitytaknyga.lt\/produktas\/juli-zeh-ereliai-ir-angelai\/#breadcrumb","itemListElement":[{"@type":"ListItem","position":1,"name":"Home","item":"https:\/\/skaitytaknyga.lt\/"},{"@type":"ListItem","position":2,"name":"Parduotuv\u0117","item":"https:\/\/skaitytaknyga.lt\/knygu-parduotuve\/"},{"@type":"ListItem","position":3,"name":"Ereliai ir angelai"}]},{"@type":"WebSite","@id":"https:\/\/skaitytaknyga.lt\/#website","url":"https:\/\/skaitytaknyga.lt\/","name":"skaitytaknyga.lt","description":"Skaitytaknyga.lt \u2013 tai ma\u017eas \u0161eimos verslas, kuris prasid\u0117jo nuo meil\u0117s knygoms ir siekio i\u0161gelb\u0117ti knygas nuo likimo prie konteinerio. Kas vienam nereikalingas daiktas \u2013 kitam lobis, o mes esame tarpininkai, kurie padeda abiems tapti laimingesniems ???? \u017dinome kaip nelengva i\u0161gyventi ma\u017eiems verslams, tad nuo \u0161iol, \u010dia rasite ir kit\u0173, ma\u017e\u0173 \u0161eim\u0173 versl\u0173, rank\u0173 darbo, dovan\u0173 sau ir artimiesiems.","publisher":{"@id":"https:\/\/skaitytaknyga.lt\/#organization"},"potentialAction":[{"@type":"SearchAction","target":{"@type":"EntryPoint","urlTemplate":"https:\/\/skaitytaknyga.lt\/?s={search_term_string}"},"query-input":{"@type":"PropertyValueSpecification","valueRequired":true,"valueName":"search_term_string"}}],"inLanguage":"en-GB"},{"@type":"Organization","@id":"https:\/\/skaitytaknyga.lt\/#organization","name":"skaitytaknyga.lt","url":"https:\/\/skaitytaknyga.lt\/","logo":{"@type":"ImageObject","inLanguage":"en-GB","@id":"https:\/\/skaitytaknyga.lt\/#\/schema\/logo\/image\/","url":"https:\/\/skaitytaknyga.lt\/wp-content\/uploads\/2024\/05\/cropped-cropped-cropped-02_00843_jt3bggkj1j3HLc7SyY6rEUpg.jpeg","contentUrl":"https:\/\/skaitytaknyga.lt\/wp-content\/uploads\/2024\/05\/cropped-cropped-cropped-02_00843_jt3bggkj1j3HLc7SyY6rEUpg.jpeg","width":1600,"height":1600,"caption":"skaitytaknyga.lt"},"image":{"@id":"https:\/\/skaitytaknyga.lt\/#\/schema\/logo\/image\/"},"sameAs":["https:\/\/www.facebook.com\/skaitytaknyga\/"]}]}},"_links":{"self":[{"href":"https:\/\/skaitytaknyga.lt\/en\/wp-json\/wp\/v2\/product\/12889","targetHints":{"allow":["GET"]}}],"collection":[{"href":"https:\/\/skaitytaknyga.lt\/en\/wp-json\/wp\/v2\/product"}],"about":[{"href":"https:\/\/skaitytaknyga.lt\/en\/wp-json\/wp\/v2\/types\/product"}],"replies":[{"embeddable":true,"href":"https:\/\/skaitytaknyga.lt\/en\/wp-json\/wp\/v2\/comments?post=12889"}],"wp:featuredmedia":[{"embeddable":true,"href":"https:\/\/skaitytaknyga.lt\/en\/wp-json\/wp\/v2\/media\/12890"}],"wp:attachment":[{"href":"https:\/\/skaitytaknyga.lt\/en\/wp-json\/wp\/v2\/media?parent=12889"}],"wp:term":[{"taxonomy":"product_brand","embeddable":true,"href":"https:\/\/skaitytaknyga.lt\/en\/wp-json\/wp\/v2\/product_brand?post=12889"},{"taxonomy":"product_cat","embeddable":true,"href":"https:\/\/skaitytaknyga.lt\/en\/wp-json\/wp\/v2\/product_cat?post=12889"},{"taxonomy":"product_tag","embeddable":true,"href":"https:\/\/skaitytaknyga.lt\/en\/wp-json\/wp\/v2\/product_tag?post=12889"}],"curies":[{"name":"wp","href":"https:\/\/api.w.org\/{rel}","templated":true}]}}